{"id":108083,"date":"2025-03-06T10:40:40","date_gmt":"2025-03-06T09:40:40","guid":{"rendered":"https:\/\/letrame.com\/catalogo\/?post_type=product&#038;p=108083"},"modified":"2025-03-06T11:38:31","modified_gmt":"2025-03-06T10:38:31","slug":"florecer-en-la-viudez","status":"publish","type":"product","link":"https:\/\/letrame.com\/catalogo\/producto\/florecer-en-la-viudez\/","title":{"rendered":"Florecer en la viudez"},"content":{"rendered":"<p class=\"p1\"><b>ISBN: <\/b>978-84-1089-488-4<\/p>\n<p class=\"p1\"><b>T\u00edtulo: <\/b>Florecer en la viudez<b><\/b><\/p>\n<p><strong>Fecha<\/strong>: 2024<b><\/b><\/p>\n<p><strong>P\u00e1ginas<\/strong>: 340<b><\/b><\/p>\n<p class=\"p1\"><b>SINOPSIS<br \/>\n<\/b><\/p>\n<p class=\"p1\">\u00abNada de lo que ocurre en nuestra vida es el resultado de la casualidad\u00bb, una simple pero profunda verdad que resuena a lo largo de este inspirador viaje. Desde el coraz\u00f3n roto de una mujer que ha perdido a su pareja, emerge una obra que va m\u00e1s all\u00e1 del dolor, para descubrir la belleza que puede florecer incluso en medio de la p\u00e9rdida.<\/p>\n<p class=\"p1\">Florecer en la viudez es un testimonio de resiliencia y fortaleza, donde Angela Sierra nos acompa\u00f1a a encontrar esperanza y prop\u00f3sito en medio del duelo. A trav\u00e9s de relatos conmovedores y herramientas pr\u00e1cticas, ofrece un refugio emocional para quienes enfrentan la p\u00e9rdida, iluminando el camino hacia una nueva vida llena de significado. Comparte su propia experiencia y la de otras mujeres, mostr\u00e1ndonos con sensibilidad y empat\u00eda que el florecimiento es posible, aun cuando la espinas de la vida nos rodeen.<\/p>\n<p class=\"p1\">Con sus palabras, Angela nos acompa\u00f1a, nos transforma y nos ofrece una perspectiva renovada sobre el duelo y el renacer que sigue a la despedida. Para las almas dolientes, Florecer en la viudez es una invitaci\u00f3n a sanar, a convertir el sufrimiento en fuerza y a descubrir que, tras la p\u00e9rdida, siempre hay un ma\u00f1ana lleno de nuevas posibilidades.<\/p>\n<p class=\"p1\"><b>\u00a0<\/b><\/p>\n","protected":false},"excerpt":{"rendered":"<p class=\"p1\"><b>ISBN: <\/b>978-84-1089-488-4<b><\/b><\/p>\n<p><strong>SINOPSIS<\/strong><\/p>\n<p class=\"p1\">\u00abNada de lo que ocurre en nuestra vida es el resultado de la casualidad\u00bb, una simple pero profunda verdad que resuena a lo largo de este inspirador viaje. Desde el coraz\u00f3n roto de una mujer que ha perdido a su pareja, emerge una obra que va m\u00e1s all\u00e1 del dolor, para descubrir la belleza que puede florecer incluso en medio de la p\u00e9rdida.<\/p>\n","protected":false},"featured_media":108084,"comment_status":"open","ping_status":"closed","template":"","meta":{"_acf_changed":false},"libro":[],"product_brand":[],"product_cat":[18],"product_tag":[],"class_list":{"0":"post-108083","1":"product","2":"type-product","3":"status-publish","4":"has-post-thumbnail","6":"product_cat-autoayuda","8":"first","9":"instock","10":"shipping-taxable","11":"product-type-simple"},"acf":{"autor":[108085],"enlace_de_compra":"https:\/\/www.amazon.es\/dp\/8410894882"},"yoast_head":"<!-- This site is optimized with the Yoast SEO plugin v27.4 - https:\/\/yoast.com\/product\/yoast-seo-wordpress\/ -->\n<title>Florecer en la viudez - Catalogo | Letrame Grupo Editorial<\/title>\n<meta name=\"robots\" content=\"index, follow, max-snippet:-1, max-image-preview:large, max-video-preview:-1\" \/>\n<link rel=\"canonical\" href=\"https:\/\/letrame.com\/catalogo\/producto\/florecer-en-la-viudez\/\" \/>\n<meta property=\"og:locale\" content=\"es_ES\" \/>\n<meta property=\"og:type\" content=\"article\" \/>\n<meta property=\"og:title\" content=\"Florecer en la viudez - Catalogo | Letrame Grupo Editorial\" \/>\n<meta property=\"og:description\" content=\"ISBN: 978-84-1089-488-4 SINOPSIS \u00abNada de lo que ocurre en nuestra vida es el resultado de la casualidad\u00bb, una simple pero profunda verdad que resuena a lo largo de este inspirador viaje. Desde el coraz\u00f3n roto de una mujer que ha perdido a su pareja, emerge una obra que va m\u00e1s all\u00e1 del dolor, para descubrir la belleza que puede florecer incluso en medio de la p\u00e9rdida.\" \/>\n<meta property=\"og:url\" content=\"https:\/\/letrame.com\/catalogo\/producto\/florecer-en-la-viudez\/\" \/>\n<meta property=\"og:site_name\" content=\"Catalogo | Letrame Grupo Editorial\" \/>\n<meta property=\"article:modified_time\" content=\"2025-03-06T10:38:31+00:00\" \/>\n<meta property=\"og:image\" content=\"https:\/\/letrame.com\/catalogo\/wp-content\/uploads\/2025\/03\/Florecer-en-la-viudez.jpg\" \/>\n\t<meta property=\"og:image:width\" content=\"384\" \/>\n\t<meta property=\"og:image:height\" content=\"563\" \/>\n\t<meta property=\"og:image:type\" content=\"image\/jpeg\" \/>\n<meta name=\"twitter:card\" content=\"summary_large_image\" \/>\n<meta name=\"twitter:label1\" content=\"Tiempo de lectura\" \/>\n\t<meta name=\"twitter:data1\" content=\"2 minutos\" \/>\n<script type=\"application\/ld+json\" class=\"yoast-schema-graph\">{\"@context\":\"https:\\\/\\\/schema.org\",\"@graph\":[{\"@type\":\"WebPage\",\"@id\":\"https:\\\/\\\/letrame.com\\\/catalogo\\\/producto\\\/florecer-en-la-viudez\\\/\",\"url\":\"https:\\\/\\\/letrame.com\\\/catalogo\\\/producto\\\/florecer-en-la-viudez\\\/\",\"name\":\"Florecer en la viudez - Catalogo | Letrame Grupo Editorial\",\"isPartOf\":{\"@id\":\"https:\\\/\\\/letrame.com\\\/catalogo\\\/#website\"},\"primaryImageOfPage\":{\"@id\":\"https:\\\/\\\/letrame.com\\\/catalogo\\\/producto\\\/florecer-en-la-viudez\\\/#primaryimage\"},\"image\":{\"@id\":\"https:\\\/\\\/letrame.com\\\/catalogo\\\/producto\\\/florecer-en-la-viudez\\\/#primaryimage\"},\"thumbnailUrl\":\"https:\\\/\\\/letrame.com\\\/catalogo\\\/wp-content\\\/uploads\\\/2025\\\/03\\\/Florecer-en-la-viudez.jpg\",\"datePublished\":\"2025-03-06T09:40:40+00:00\",\"dateModified\":\"2025-03-06T10:38:31+00:00\",\"breadcrumb\":{\"@id\":\"https:\\\/\\\/letrame.com\\\/catalogo\\\/producto\\\/florecer-en-la-viudez\\\/#breadcrumb\"},\"inLanguage\":\"es\",\"potentialAction\":[{\"@type\":\"ReadAction\",\"target\":[\"https:\\\/\\\/letrame.com\\\/catalogo\\\/producto\\\/florecer-en-la-viudez\\\/\"]}]},{\"@type\":\"ImageObject\",\"inLanguage\":\"es\",\"@id\":\"https:\\\/\\\/letrame.com\\\/catalogo\\\/producto\\\/florecer-en-la-viudez\\\/#primaryimage\",\"url\":\"https:\\\/\\\/letrame.com\\\/catalogo\\\/wp-content\\\/uploads\\\/2025\\\/03\\\/Florecer-en-la-viudez.jpg\",\"contentUrl\":\"https:\\\/\\\/letrame.com\\\/catalogo\\\/wp-content\\\/uploads\\\/2025\\\/03\\\/Florecer-en-la-viudez.jpg\",\"width\":384,\"height\":563,\"caption\":\"Florecer en la viudez\"},{\"@type\":\"BreadcrumbList\",\"@id\":\"https:\\\/\\\/letrame.com\\\/catalogo\\\/producto\\\/florecer-en-la-viudez\\\/#breadcrumb\",\"itemListElement\":[{\"@type\":\"ListItem\",\"position\":1,\"name\":\"Portada\",\"item\":\"https:\\\/\\\/letrame.com\\\/catalogo\\\/\"},{\"@type\":\"ListItem\",\"position\":2,\"name\":\"Cat\u00e1logo\",\"item\":\"https:\\\/\\\/letrame.com\\\/catalogo\\\/\"},{\"@type\":\"ListItem\",\"position\":3,\"name\":\"Florecer en la viudez\"}]},{\"@type\":\"WebSite\",\"@id\":\"https:\\\/\\\/letrame.com\\\/catalogo\\\/#website\",\"url\":\"https:\\\/\\\/letrame.com\\\/catalogo\\\/\",\"name\":\"Catalogo | Letrame Grupo Editorial\",\"description\":\"\",\"publisher\":{\"@id\":\"https:\\\/\\\/letrame.com\\\/catalogo\\\/#organization\"},\"potentialAction\":[{\"@type\":\"SearchAction\",\"target\":{\"@type\":\"EntryPoint\",\"urlTemplate\":\"https:\\\/\\\/letrame.com\\\/catalogo\\\/?s={search_term_string}\"},\"query-input\":{\"@type\":\"PropertyValueSpecification\",\"valueRequired\":true,\"valueName\":\"search_term_string\"}}],\"inLanguage\":\"es\"},{\"@type\":\"Organization\",\"@id\":\"https:\\\/\\\/letrame.com\\\/catalogo\\\/#organization\",\"name\":\"Catalogo | Letrame Grupo Editorial\",\"url\":\"https:\\\/\\\/letrame.com\\\/catalogo\\\/\",\"logo\":{\"@type\":\"ImageObject\",\"inLanguage\":\"es\",\"@id\":\"https:\\\/\\\/letrame.com\\\/catalogo\\\/#\\\/schema\\\/logo\\\/image\\\/\",\"url\":\"https:\\\/\\\/letrame.com\\\/catalogo\\\/wp-content\\\/uploads\\\/2024\\\/03\\\/logo2.webp\",\"contentUrl\":\"https:\\\/\\\/letrame.com\\\/catalogo\\\/wp-content\\\/uploads\\\/2024\\\/03\\\/logo2.webp\",\"width\":394,\"height\":128,\"caption\":\"Catalogo | Letrame Grupo Editorial\"},\"image\":{\"@id\":\"https:\\\/\\\/letrame.com\\\/catalogo\\\/#\\\/schema\\\/logo\\\/image\\\/\"}}]}<\/script>\n<!-- \/ Yoast SEO plugin. -->","yoast_head_json":{"title":"Florecer en la viudez - Catalogo | Letrame Grupo Editorial","robots":{"index":"index","follow":"follow","max-snippet":"max-snippet:-1","max-image-preview":"max-image-preview:large","max-video-preview":"max-video-preview:-1"},"canonical":"https:\/\/letrame.com\/catalogo\/producto\/florecer-en-la-viudez\/","og_locale":"es_ES","og_type":"article","og_title":"Florecer en la viudez - Catalogo | Letrame Grupo Editorial","og_description":"ISBN: 978-84-1089-488-4 SINOPSIS \u00abNada de lo que ocurre en nuestra vida es el resultado de la casualidad\u00bb, una simple pero profunda verdad que resuena a lo largo de este inspirador viaje. Desde el coraz\u00f3n roto de una mujer que ha perdido a su pareja, emerge una obra que va m\u00e1s all\u00e1 del dolor, para descubrir la belleza que puede florecer incluso en medio de la p\u00e9rdida.","og_url":"https:\/\/letrame.com\/catalogo\/producto\/florecer-en-la-viudez\/","og_site_name":"Catalogo | Letrame Grupo Editorial","article_modified_time":"2025-03-06T10:38:31+00:00","og_image":[{"width":384,"height":563,"url":"https:\/\/letrame.com\/catalogo\/wp-content\/uploads\/2025\/03\/Florecer-en-la-viudez.jpg","type":"image\/jpeg"}],"twitter_card":"summary_large_image","twitter_misc":{"Tiempo de lectura":"2 minutos"},"schema":{"@context":"https:\/\/schema.org","@graph":[{"@type":"WebPage","@id":"https:\/\/letrame.com\/catalogo\/producto\/florecer-en-la-viudez\/","url":"https:\/\/letrame.com\/catalogo\/producto\/florecer-en-la-viudez\/","name":"Florecer en la viudez - Catalogo | Letrame Grupo Editorial","isPartOf":{"@id":"https:\/\/letrame.com\/catalogo\/#website"},"primaryImageOfPage":{"@id":"https:\/\/letrame.com\/catalogo\/producto\/florecer-en-la-viudez\/#primaryimage"},"image":{"@id":"https:\/\/letrame.com\/catalogo\/producto\/florecer-en-la-viudez\/#primaryimage"},"thumbnailUrl":"https:\/\/letrame.com\/catalogo\/wp-content\/uploads\/2025\/03\/Florecer-en-la-viudez.jpg","datePublished":"2025-03-06T09:40:40+00:00","dateModified":"2025-03-06T10:38:31+00:00","breadcrumb":{"@id":"https:\/\/letrame.com\/catalogo\/producto\/florecer-en-la-viudez\/#breadcrumb"},"inLanguage":"es","potentialAction":[{"@type":"ReadAction","target":["https:\/\/letrame.com\/catalogo\/producto\/florecer-en-la-viudez\/"]}]},{"@type":"ImageObject","inLanguage":"es","@id":"https:\/\/letrame.com\/catalogo\/producto\/florecer-en-la-viudez\/#primaryimage","url":"https:\/\/letrame.com\/catalogo\/wp-content\/uploads\/2025\/03\/Florecer-en-la-viudez.jpg","contentUrl":"https:\/\/letrame.com\/catalogo\/wp-content\/uploads\/2025\/03\/Florecer-en-la-viudez.jpg","width":384,"height":563,"caption":"Florecer en la viudez"},{"@type":"BreadcrumbList","@id":"https:\/\/letrame.com\/catalogo\/producto\/florecer-en-la-viudez\/#breadcrumb","itemListElement":[{"@type":"ListItem","position":1,"name":"Portada","item":"https:\/\/letrame.com\/catalogo\/"},{"@type":"ListItem","position":2,"name":"Cat\u00e1logo","item":"https:\/\/letrame.com\/catalogo\/"},{"@type":"ListItem","position":3,"name":"Florecer en la viudez"}]},{"@type":"WebSite","@id":"https:\/\/letrame.com\/catalogo\/#website","url":"https:\/\/letrame.com\/catalogo\/","name":"Catalogo | Letrame Grupo Editorial","description":"","publisher":{"@id":"https:\/\/letrame.com\/catalogo\/#organization"},"potentialAction":[{"@type":"SearchAction","target":{"@type":"EntryPoint","urlTemplate":"https:\/\/letrame.com\/catalogo\/?s={search_term_string}"},"query-input":{"@type":"PropertyValueSpecification","valueRequired":true,"valueName":"search_term_string"}}],"inLanguage":"es"},{"@type":"Organization","@id":"https:\/\/letrame.com\/catalogo\/#organization","name":"Catalogo | Letrame Grupo Editorial","url":"https:\/\/letrame.com\/catalogo\/","logo":{"@type":"ImageObject","inLanguage":"es","@id":"https:\/\/letrame.com\/catalogo\/#\/schema\/logo\/image\/","url":"https:\/\/letrame.com\/catalogo\/wp-content\/uploads\/2024\/03\/logo2.webp","contentUrl":"https:\/\/letrame.com\/catalogo\/wp-content\/uploads\/2024\/03\/logo2.webp","width":394,"height":128,"caption":"Catalogo | Letrame Grupo Editorial"},"image":{"@id":"https:\/\/letrame.com\/catalogo\/#\/schema\/logo\/image\/"}}]}},"_links":{"self":[{"href":"https:\/\/letrame.com\/catalogo\/wp-json\/wp\/v2\/product\/108083","targetHints":{"allow":["GET"]}}],"collection":[{"href":"https:\/\/letrame.com\/catalogo\/wp-json\/wp\/v2\/product"}],"about":[{"href":"https:\/\/letrame.com\/catalogo\/wp-json\/wp\/v2\/types\/product"}],"replies":[{"embeddable":true,"href":"https:\/\/letrame.com\/catalogo\/wp-json\/wp\/v2\/comments?post=108083"}],"acf:post":[{"embeddable":true,"href":"https:\/\/letrame.com\/catalogo\/wp-json\/wp\/v2\/author_book\/108085"}],"wp:featuredmedia":[{"embeddable":true,"href":"https:\/\/letrame.com\/catalogo\/wp-json\/wp\/v2\/media\/108084"}],"wp:attachment":[{"href":"https:\/\/letrame.com\/catalogo\/wp-json\/wp\/v2\/media?parent=108083"}],"wp:term":[{"taxonomy":"libro","embeddable":true,"href":"https:\/\/letrame.com\/catalogo\/wp-json\/wp\/v2\/libro?post=108083"},{"taxonomy":"product_brand","embeddable":true,"href":"https:\/\/letrame.com\/catalogo\/wp-json\/wp\/v2\/product_brand?post=108083"},{"taxonomy":"product_cat","embeddable":true,"href":"https:\/\/letrame.com\/catalogo\/wp-json\/wp\/v2\/product_cat?post=108083"},{"taxonomy":"product_tag","embeddable":true,"href":"https:\/\/letrame.com\/catalogo\/wp-json\/wp\/v2\/product_tag?post=108083"}],"curies":[{"name":"wp","href":"https:\/\/api.w.org\/{rel}","templated":true}]}}