{"id":108071,"date":"2025-03-05T15:19:08","date_gmt":"2025-03-05T14:19:08","guid":{"rendered":"https:\/\/letrame.com\/catalogo\/?post_type=product&#038;p=108071"},"modified":"2025-03-05T15:19:38","modified_gmt":"2025-03-05T14:19:38","slug":"tu-mejor-version-en-21-dias","status":"publish","type":"product","link":"https:\/\/letrame.com\/catalogo\/producto\/tu-mejor-version-en-21-dias\/","title":{"rendered":"Tu mejor versi\u00f3n en 21 d\u00edas"},"content":{"rendered":"<p class=\"p1\"><b>ISBN: <\/b>978-84-1089-545-4<b><br \/>\n<\/b><\/p>\n<p class=\"p1\"><b>T\u00edtulo: <\/b>Tu mejor versi\u00f3n en 21 d\u00edas<b><\/b><\/p>\n<p><strong>Fecha<\/strong>: 2025<b><\/b><\/p>\n<p><strong>P\u00e1ginas<\/strong>: 100<b><\/b><\/p>\n<p class=\"p1\"><b>SINOPSIS<br \/>\n<\/b><\/p>\n<p class=\"p1\">Vivimos a mil por hora, agotados, desconectados y sobreviviendo<\/p>\n<p class=\"p1\">al caos. Pero, \u00bfy si te dijera que puedes darle un giro total a tu vida<\/p>\n<p class=\"p1\">en solo tres semanas? Tu mejor versi\u00f3n en 21 d\u00edas es tu gu\u00eda para<\/p>\n<p class=\"p1\">alcanzar un bienestar integral sin perder el sentido del humor ni la<\/p>\n<p class=\"p1\">conexi\u00f3n con lo esencial.<\/p>\n<p class=\"p1\">Nelsy Roc\u00edo M\u00e9ndez ha reunido pr\u00e1cticas reales, basadas en la sa-<\/p>\n<p class=\"p1\">bidur\u00eda ancestral de la Ayurveda, para llevarte de la mano hacia el<\/p>\n<p class=\"p1\">equilibrio total: f\u00edsico, mental y emocional. Aqu\u00ed no hay promesas<\/p>\n<p class=\"p1\">m\u00e1gicas ni cambios imposibles, solo pasos claros y sencillos.<\/p>\n<p class=\"p1\">Con rutinas personalizadas para cada tipo de energ\u00eda (Vata, Pit-<\/p>\n<p class=\"p1\">ta o Kapha), recetas irresistibles, autoevaluaciones y momentos de<\/p>\n<p class=\"p1\">reflexi\u00f3n, este libro es como ese amigo que te dice las cosas como<\/p>\n<p class=\"p1\">son\u2026 pero con cari\u00f1o.<\/p>\n<p class=\"p1\">\u00bfQuieres energ\u00eda? Aqu\u00ed la tienes. \u00bfDormir mejor? Hecho. \u00bfMenos<\/p>\n<p class=\"p1\">estr\u00e9s y m\u00e1s equilibrio? Tambi\u00e9n. Solo necesitas compromiso y un<\/p>\n<p class=\"p1\">toque de curiosidad. En el camino descubrir\u00e1s que estar bien con-<\/p>\n<p class=\"p1\">tigo mismo no es un lujo, es tu nuevo estilo de vida.<\/p>\n<p class=\"p1\">\u00bfTe atreves a ser tu mejor versi\u00f3n en solo 21 d\u00edas?<\/p>\n<p class=\"p1\"><b>\u00a0<\/b><\/p>\n","protected":false},"excerpt":{"rendered":"<p class=\"p1\"><b>ISBN: <\/b>978-84-1089-545-4<b><\/b><\/p>\n<p>SINOPSIS<\/p>\n<p class=\"p1\">Vivimos a mil por hora, agotados, desconectados y sobreviviendo<\/p>\n<p class=\"p1\">al caos. Pero, \u00bfy si te dijera que puedes darle un giro total a tu vida<\/p>\n<p class=\"p1\">en solo tres semanas? Tu mejor versi\u00f3n en 21 d\u00edas es tu gu\u00eda para<\/p>\n<p class=\"p1\">alcanzar un bienestar integral sin perder el sentido del humor ni la<\/p>\n<p class=\"p1\">conexi\u00f3n con lo esencial.<\/p>\n<p class=\"p1\">\n","protected":false},"featured_media":108074,"comment_status":"open","ping_status":"closed","template":"","meta":{"_acf_changed":false},"libro":[],"product_brand":[],"product_cat":[120],"product_tag":[],"class_list":{"0":"post-108071","1":"product","2":"type-product","3":"status-publish","4":"has-post-thumbnail","6":"product_cat-autoayudacrecimiento-espiritual","8":"first","9":"instock","10":"shipping-taxable","11":"product-type-simple"},"acf":{"autor":[108072],"enlace_de_compra":"https:\/\/www.amazon.es\/dp\/8410895455"},"yoast_head":"<!-- This site is optimized with the Yoast SEO plugin v27.4 - https:\/\/yoast.com\/product\/yoast-seo-wordpress\/ -->\n<title>Tu mejor versi\u00f3n en 21 d\u00edas - Catalogo | Letrame Grupo Editorial<\/title>\n<meta name=\"robots\" content=\"index, follow, max-snippet:-1, max-image-preview:large, max-video-preview:-1\" \/>\n<link rel=\"canonical\" href=\"https:\/\/letrame.com\/catalogo\/producto\/tu-mejor-version-en-21-dias\/\" \/>\n<meta property=\"og:locale\" content=\"es_ES\" \/>\n<meta property=\"og:type\" content=\"article\" \/>\n<meta property=\"og:title\" content=\"Tu mejor versi\u00f3n en 21 d\u00edas - Catalogo | Letrame Grupo Editorial\" \/>\n<meta property=\"og:description\" content=\"ISBN: 978-84-1089-545-4 SINOPSIS Vivimos a mil por hora, agotados, desconectados y sobreviviendo al caos. Pero, \u00bfy si te dijera que puedes darle un giro total a tu vida en solo tres semanas? Tu mejor versi\u00f3n en 21 d\u00edas es tu gu\u00eda para alcanzar un bienestar integral sin perder el sentido del humor ni la conexi\u00f3n con lo esencial.\" \/>\n<meta property=\"og:url\" content=\"https:\/\/letrame.com\/catalogo\/producto\/tu-mejor-version-en-21-dias\/\" \/>\n<meta property=\"og:site_name\" content=\"Catalogo | Letrame Grupo Editorial\" \/>\n<meta property=\"article:modified_time\" content=\"2025-03-05T14:19:38+00:00\" \/>\n<meta property=\"og:image\" content=\"https:\/\/letrame.com\/catalogo\/wp-content\/uploads\/2025\/03\/Tu-mejor-version.jpg\" \/>\n\t<meta property=\"og:image:width\" content=\"402\" \/>\n\t<meta property=\"og:image:height\" content=\"567\" \/>\n\t<meta property=\"og:image:type\" content=\"image\/jpeg\" \/>\n<meta name=\"twitter:card\" content=\"summary_large_image\" \/>\n<meta name=\"twitter:label1\" content=\"Tiempo de lectura\" \/>\n\t<meta name=\"twitter:data1\" content=\"2 minutos\" \/>\n<script type=\"application\/ld+json\" class=\"yoast-schema-graph\">{\"@context\":\"https:\\\/\\\/schema.org\",\"@graph\":[{\"@type\":\"WebPage\",\"@id\":\"https:\\\/\\\/letrame.com\\\/catalogo\\\/producto\\\/tu-mejor-version-en-21-dias\\\/\",\"url\":\"https:\\\/\\\/letrame.com\\\/catalogo\\\/producto\\\/tu-mejor-version-en-21-dias\\\/\",\"name\":\"Tu mejor versi\u00f3n en 21 d\u00edas - Catalogo | Letrame Grupo Editorial\",\"isPartOf\":{\"@id\":\"https:\\\/\\\/letrame.com\\\/catalogo\\\/#website\"},\"primaryImageOfPage\":{\"@id\":\"https:\\\/\\\/letrame.com\\\/catalogo\\\/producto\\\/tu-mejor-version-en-21-dias\\\/#primaryimage\"},\"image\":{\"@id\":\"https:\\\/\\\/letrame.com\\\/catalogo\\\/producto\\\/tu-mejor-version-en-21-dias\\\/#primaryimage\"},\"thumbnailUrl\":\"https:\\\/\\\/letrame.com\\\/catalogo\\\/wp-content\\\/uploads\\\/2025\\\/03\\\/Tu-mejor-version.jpg\",\"datePublished\":\"2025-03-05T14:19:08+00:00\",\"dateModified\":\"2025-03-05T14:19:38+00:00\",\"breadcrumb\":{\"@id\":\"https:\\\/\\\/letrame.com\\\/catalogo\\\/producto\\\/tu-mejor-version-en-21-dias\\\/#breadcrumb\"},\"inLanguage\":\"es\",\"potentialAction\":[{\"@type\":\"ReadAction\",\"target\":[\"https:\\\/\\\/letrame.com\\\/catalogo\\\/producto\\\/tu-mejor-version-en-21-dias\\\/\"]}]},{\"@type\":\"ImageObject\",\"inLanguage\":\"es\",\"@id\":\"https:\\\/\\\/letrame.com\\\/catalogo\\\/producto\\\/tu-mejor-version-en-21-dias\\\/#primaryimage\",\"url\":\"https:\\\/\\\/letrame.com\\\/catalogo\\\/wp-content\\\/uploads\\\/2025\\\/03\\\/Tu-mejor-version.jpg\",\"contentUrl\":\"https:\\\/\\\/letrame.com\\\/catalogo\\\/wp-content\\\/uploads\\\/2025\\\/03\\\/Tu-mejor-version.jpg\",\"width\":402,\"height\":567,\"caption\":\"Portada Tu mejor versi\u00f3n\"},{\"@type\":\"BreadcrumbList\",\"@id\":\"https:\\\/\\\/letrame.com\\\/catalogo\\\/producto\\\/tu-mejor-version-en-21-dias\\\/#breadcrumb\",\"itemListElement\":[{\"@type\":\"ListItem\",\"position\":1,\"name\":\"Portada\",\"item\":\"https:\\\/\\\/letrame.com\\\/catalogo\\\/\"},{\"@type\":\"ListItem\",\"position\":2,\"name\":\"Cat\u00e1logo\",\"item\":\"https:\\\/\\\/letrame.com\\\/catalogo\\\/\"},{\"@type\":\"ListItem\",\"position\":3,\"name\":\"Tu mejor versi\u00f3n en 21 d\u00edas\"}]},{\"@type\":\"WebSite\",\"@id\":\"https:\\\/\\\/letrame.com\\\/catalogo\\\/#website\",\"url\":\"https:\\\/\\\/letrame.com\\\/catalogo\\\/\",\"name\":\"Catalogo | Letrame Grupo Editorial\",\"description\":\"\",\"publisher\":{\"@id\":\"https:\\\/\\\/letrame.com\\\/catalogo\\\/#organization\"},\"potentialAction\":[{\"@type\":\"SearchAction\",\"target\":{\"@type\":\"EntryPoint\",\"urlTemplate\":\"https:\\\/\\\/letrame.com\\\/catalogo\\\/?s={search_term_string}\"},\"query-input\":{\"@type\":\"PropertyValueSpecification\",\"valueRequired\":true,\"valueName\":\"search_term_string\"}}],\"inLanguage\":\"es\"},{\"@type\":\"Organization\",\"@id\":\"https:\\\/\\\/letrame.com\\\/catalogo\\\/#organization\",\"name\":\"Catalogo | Letrame Grupo Editorial\",\"url\":\"https:\\\/\\\/letrame.com\\\/catalogo\\\/\",\"logo\":{\"@type\":\"ImageObject\",\"inLanguage\":\"es\",\"@id\":\"https:\\\/\\\/letrame.com\\\/catalogo\\\/#\\\/schema\\\/logo\\\/image\\\/\",\"url\":\"https:\\\/\\\/letrame.com\\\/catalogo\\\/wp-content\\\/uploads\\\/2024\\\/03\\\/logo2.webp\",\"contentUrl\":\"https:\\\/\\\/letrame.com\\\/catalogo\\\/wp-content\\\/uploads\\\/2024\\\/03\\\/logo2.webp\",\"width\":394,\"height\":128,\"caption\":\"Catalogo | Letrame Grupo Editorial\"},\"image\":{\"@id\":\"https:\\\/\\\/letrame.com\\\/catalogo\\\/#\\\/schema\\\/logo\\\/image\\\/\"}}]}<\/script>\n<!-- \/ Yoast SEO plugin. -->","yoast_head_json":{"title":"Tu mejor versi\u00f3n en 21 d\u00edas - Catalogo | Letrame Grupo Editorial","robots":{"index":"index","follow":"follow","max-snippet":"max-snippet:-1","max-image-preview":"max-image-preview:large","max-video-preview":"max-video-preview:-1"},"canonical":"https:\/\/letrame.com\/catalogo\/producto\/tu-mejor-version-en-21-dias\/","og_locale":"es_ES","og_type":"article","og_title":"Tu mejor versi\u00f3n en 21 d\u00edas - Catalogo | Letrame Grupo Editorial","og_description":"ISBN: 978-84-1089-545-4 SINOPSIS Vivimos a mil por hora, agotados, desconectados y sobreviviendo al caos. Pero, \u00bfy si te dijera que puedes darle un giro total a tu vida en solo tres semanas? Tu mejor versi\u00f3n en 21 d\u00edas es tu gu\u00eda para alcanzar un bienestar integral sin perder el sentido del humor ni la conexi\u00f3n con lo esencial.","og_url":"https:\/\/letrame.com\/catalogo\/producto\/tu-mejor-version-en-21-dias\/","og_site_name":"Catalogo | Letrame Grupo Editorial","article_modified_time":"2025-03-05T14:19:38+00:00","og_image":[{"width":402,"height":567,"url":"https:\/\/letrame.com\/catalogo\/wp-content\/uploads\/2025\/03\/Tu-mejor-version.jpg","type":"image\/jpeg"}],"twitter_card":"summary_large_image","twitter_misc":{"Tiempo de lectura":"2 minutos"},"schema":{"@context":"https:\/\/schema.org","@graph":[{"@type":"WebPage","@id":"https:\/\/letrame.com\/catalogo\/producto\/tu-mejor-version-en-21-dias\/","url":"https:\/\/letrame.com\/catalogo\/producto\/tu-mejor-version-en-21-dias\/","name":"Tu mejor versi\u00f3n en 21 d\u00edas - Catalogo | Letrame Grupo Editorial","isPartOf":{"@id":"https:\/\/letrame.com\/catalogo\/#website"},"primaryImageOfPage":{"@id":"https:\/\/letrame.com\/catalogo\/producto\/tu-mejor-version-en-21-dias\/#primaryimage"},"image":{"@id":"https:\/\/letrame.com\/catalogo\/producto\/tu-mejor-version-en-21-dias\/#primaryimage"},"thumbnailUrl":"https:\/\/letrame.com\/catalogo\/wp-content\/uploads\/2025\/03\/Tu-mejor-version.jpg","datePublished":"2025-03-05T14:19:08+00:00","dateModified":"2025-03-05T14:19:38+00:00","breadcrumb":{"@id":"https:\/\/letrame.com\/catalogo\/producto\/tu-mejor-version-en-21-dias\/#breadcrumb"},"inLanguage":"es","potentialAction":[{"@type":"ReadAction","target":["https:\/\/letrame.com\/catalogo\/producto\/tu-mejor-version-en-21-dias\/"]}]},{"@type":"ImageObject","inLanguage":"es","@id":"https:\/\/letrame.com\/catalogo\/producto\/tu-mejor-version-en-21-dias\/#primaryimage","url":"https:\/\/letrame.com\/catalogo\/wp-content\/uploads\/2025\/03\/Tu-mejor-version.jpg","contentUrl":"https:\/\/letrame.com\/catalogo\/wp-content\/uploads\/2025\/03\/Tu-mejor-version.jpg","width":402,"height":567,"caption":"Portada Tu mejor versi\u00f3n"},{"@type":"BreadcrumbList","@id":"https:\/\/letrame.com\/catalogo\/producto\/tu-mejor-version-en-21-dias\/#breadcrumb","itemListElement":[{"@type":"ListItem","position":1,"name":"Portada","item":"https:\/\/letrame.com\/catalogo\/"},{"@type":"ListItem","position":2,"name":"Cat\u00e1logo","item":"https:\/\/letrame.com\/catalogo\/"},{"@type":"ListItem","position":3,"name":"Tu mejor versi\u00f3n en 21 d\u00edas"}]},{"@type":"WebSite","@id":"https:\/\/letrame.com\/catalogo\/#website","url":"https:\/\/letrame.com\/catalogo\/","name":"Catalogo | Letrame Grupo Editorial","description":"","publisher":{"@id":"https:\/\/letrame.com\/catalogo\/#organization"},"potentialAction":[{"@type":"SearchAction","target":{"@type":"EntryPoint","urlTemplate":"https:\/\/letrame.com\/catalogo\/?s={search_term_string}"},"query-input":{"@type":"PropertyValueSpecification","valueRequired":true,"valueName":"search_term_string"}}],"inLanguage":"es"},{"@type":"Organization","@id":"https:\/\/letrame.com\/catalogo\/#organization","name":"Catalogo | Letrame Grupo Editorial","url":"https:\/\/letrame.com\/catalogo\/","logo":{"@type":"ImageObject","inLanguage":"es","@id":"https:\/\/letrame.com\/catalogo\/#\/schema\/logo\/image\/","url":"https:\/\/letrame.com\/catalogo\/wp-content\/uploads\/2024\/03\/logo2.webp","contentUrl":"https:\/\/letrame.com\/catalogo\/wp-content\/uploads\/2024\/03\/logo2.webp","width":394,"height":128,"caption":"Catalogo | Letrame Grupo Editorial"},"image":{"@id":"https:\/\/letrame.com\/catalogo\/#\/schema\/logo\/image\/"}}]}},"_links":{"self":[{"href":"https:\/\/letrame.com\/catalogo\/wp-json\/wp\/v2\/product\/108071","targetHints":{"allow":["GET"]}}],"collection":[{"href":"https:\/\/letrame.com\/catalogo\/wp-json\/wp\/v2\/product"}],"about":[{"href":"https:\/\/letrame.com\/catalogo\/wp-json\/wp\/v2\/types\/product"}],"replies":[{"embeddable":true,"href":"https:\/\/letrame.com\/catalogo\/wp-json\/wp\/v2\/comments?post=108071"}],"acf:post":[{"embeddable":true,"href":"https:\/\/letrame.com\/catalogo\/wp-json\/wp\/v2\/author_book\/108072"}],"wp:featuredmedia":[{"embeddable":true,"href":"https:\/\/letrame.com\/catalogo\/wp-json\/wp\/v2\/media\/108074"}],"wp:attachment":[{"href":"https:\/\/letrame.com\/catalogo\/wp-json\/wp\/v2\/media?parent=108071"}],"wp:term":[{"taxonomy":"libro","embeddable":true,"href":"https:\/\/letrame.com\/catalogo\/wp-json\/wp\/v2\/libro?post=108071"},{"taxonomy":"product_brand","embeddable":true,"href":"https:\/\/letrame.com\/catalogo\/wp-json\/wp\/v2\/product_brand?post=108071"},{"taxonomy":"product_cat","embeddable":true,"href":"https:\/\/letrame.com\/catalogo\/wp-json\/wp\/v2\/product_cat?post=108071"},{"taxonomy":"product_tag","embeddable":true,"href":"https:\/\/letrame.com\/catalogo\/wp-json\/wp\/v2\/product_tag?post=108071"}],"curies":[{"name":"wp","href":"https:\/\/api.w.org\/{rel}","templated":true}]}}