{"id":108052,"date":"2025-03-04T09:21:55","date_gmt":"2025-03-04T08:21:55","guid":{"rendered":"https:\/\/letrame.com\/catalogo\/?post_type=product&#038;p=108052"},"modified":"2025-03-04T09:29:54","modified_gmt":"2025-03-04T08:29:54","slug":"la-chica-del-proceso","status":"publish","type":"product","link":"https:\/\/letrame.com\/catalogo\/producto\/la-chica-del-proceso\/","title":{"rendered":"La chica del proceso"},"content":{"rendered":"<p class=\"p1\"><b>ISBN: <\/b>9788410895478<b><\/b><\/p>\n<p class=\"p1\"><b>T\u00edtulo: <\/b>La chica del proceso<br \/>\n<b><br \/>\nFecha: <\/b>2025<b><\/b><\/p>\n<p><strong>P\u00e1ginas<\/strong>: 140<b><\/b><\/p>\n<p class=\"p1\"><b>SINOPSIS<\/b><\/p>\n<p>Elen lo tiene todo bajo control: un trabajo de ensue-<br \/>\n\u00f1o, amistades leales y una solter\u00eda reci\u00e9n estrenada<br \/>\nque, ante los dem\u00e1s, disfruta al m\u00e1ximo. Kevin, en<br \/>\ncambio, lidia con el caos de su vida: vive en un pe-<br \/>\nque\u00f1o apartamento junto a Bestia, su bulldog fran-<br \/>\nc\u00e9s, mientras lucha por convertirse en bombero. Ella<br \/>\nes segura y autosuficiente; \u00e9l, reservado y poco h\u00e1bil<br \/>\npara expresar lo que siente. A pesar de ser opuestos<br \/>\nen todo, la atracci\u00f3n entre ellos es innegable.<br \/>\nMientras ambos se enfrentan a esta conexi\u00f3n inespe-<br \/>\nrada, sus mejores amigos, Viny y Ter, no les quitan<br \/>\nlos ojos de encima. Viny, un entrenador personal con<br \/>\nun f\u00edsico imponente y una simpat\u00eda natural que lo<br \/>\nconvierte en el alma de cualquier lugar, y Ter, una<br \/>\ninform\u00e1tica ingeniosa, con mucho \u00e1ngel en el rostro,<br \/>\nparecen debatirse entre ayudar a sus amigos a dar el<br \/>\npaso\u2026 o evitar que se acerquen demasiado.<br \/>\n\u00bfPodr\u00e1 esta chispa entre Elen y Kevin superar sus di-<br \/>\nferencias y llevarlos a algo m\u00e1s profundo, o ser\u00e1n sus<br \/>\npropios amigos el mayor obst\u00e1culo?<b><br \/>\n<\/b><\/p>\n","protected":false},"excerpt":{"rendered":"<p><b>ISBN: <\/b>9788410895478<b><\/b><\/p>\n<p><strong>SINOPSIS<\/strong><\/p>\n<p>Elen lo tiene todo bajo control: un trabajo de ensue-<br \/>\n\u00f1o, amistades leales y una solter\u00eda reci\u00e9n estrenada<br \/>\nque, ante los dem\u00e1s, disfruta al m\u00e1ximo. Kevin, en<br \/>\ncambio, lidia con el caos de su vida: vive en un pe-<br \/>\nque\u00f1o apartamento junto a Bestia, su bulldog fran-<br \/>\nc\u00e9s, mientras lucha por convertirse en bombero<\/p>\n","protected":false},"featured_media":108054,"comment_status":"open","ping_status":"closed","template":"","meta":{"_acf_changed":false},"libro":[],"product_brand":[],"product_cat":[50],"product_tag":[],"class_list":{"0":"post-108052","1":"product","2":"type-product","3":"status-publish","4":"has-post-thumbnail","6":"product_cat-novela-romantica","8":"first","9":"instock","10":"shipping-taxable","11":"product-type-simple"},"acf":{"autor":[108053],"enlace_de_compra":""},"yoast_head":"<!-- This site is optimized with the Yoast SEO plugin v26.6 - https:\/\/yoast.com\/wordpress\/plugins\/seo\/ -->\n<title>La chica del proceso - Catalogo | Letrame Grupo Editorial<\/title>\n<meta name=\"robots\" content=\"index, follow, max-snippet:-1, max-image-preview:large, max-video-preview:-1\" \/>\n<link rel=\"canonical\" href=\"https:\/\/letrame.com\/catalogo\/producto\/la-chica-del-proceso\/\" \/>\n<meta property=\"og:locale\" content=\"es_ES\" \/>\n<meta property=\"og:type\" content=\"article\" \/>\n<meta property=\"og:title\" content=\"La chica del proceso - Catalogo | Letrame Grupo Editorial\" \/>\n<meta property=\"og:description\" content=\"ISBN: 9788410895478  SINOPSIS  Elen lo tiene todo bajo control: un trabajo de ensue- \u00f1o, amistades leales y una solter\u00eda reci\u00e9n estrenada que, ante los dem\u00e1s, disfruta al m\u00e1ximo. Kevin, en cambio, lidia con el caos de su vida: vive en un pe- que\u00f1o apartamento junto a Bestia, su bulldog fran- c\u00e9s, mientras lucha por convertirse en bombero\" \/>\n<meta property=\"og:url\" content=\"https:\/\/letrame.com\/catalogo\/producto\/la-chica-del-proceso\/\" \/>\n<meta property=\"og:site_name\" content=\"Catalogo | Letrame Grupo Editorial\" \/>\n<meta property=\"article:modified_time\" content=\"2025-03-04T08:29:54+00:00\" \/>\n<meta property=\"og:image\" content=\"https:\/\/letrame.com\/catalogo\/wp-content\/uploads\/2025\/03\/la-chica-del-proceso.jpg\" \/>\n\t<meta property=\"og:image:width\" content=\"384\" \/>\n\t<meta property=\"og:image:height\" content=\"537\" \/>\n\t<meta property=\"og:image:type\" content=\"image\/jpeg\" \/>\n<meta name=\"twitter:card\" content=\"summary_large_image\" \/>\n<meta name=\"twitter:label1\" content=\"Tiempo de lectura\" \/>\n\t<meta name=\"twitter:data1\" content=\"2 minutos\" \/>\n<script type=\"application\/ld+json\" class=\"yoast-schema-graph\">{\"@context\":\"https:\/\/schema.org\",\"@graph\":[{\"@type\":\"WebPage\",\"@id\":\"https:\/\/letrame.com\/catalogo\/producto\/la-chica-del-proceso\/\",\"url\":\"https:\/\/letrame.com\/catalogo\/producto\/la-chica-del-proceso\/\",\"name\":\"La chica del proceso - Catalogo | Letrame Grupo Editorial\",\"isPartOf\":{\"@id\":\"https:\/\/letrame.com\/catalogo\/#website\"},\"primaryImageOfPage\":{\"@id\":\"https:\/\/letrame.com\/catalogo\/producto\/la-chica-del-proceso\/#primaryimage\"},\"image\":{\"@id\":\"https:\/\/letrame.com\/catalogo\/producto\/la-chica-del-proceso\/#primaryimage\"},\"thumbnailUrl\":\"https:\/\/letrame.com\/catalogo\/wp-content\/uploads\/2025\/03\/la-chica-del-proceso.jpg\",\"datePublished\":\"2025-03-04T08:21:55+00:00\",\"dateModified\":\"2025-03-04T08:29:54+00:00\",\"breadcrumb\":{\"@id\":\"https:\/\/letrame.com\/catalogo\/producto\/la-chica-del-proceso\/#breadcrumb\"},\"inLanguage\":\"es\",\"potentialAction\":[{\"@type\":\"ReadAction\",\"target\":[\"https:\/\/letrame.com\/catalogo\/producto\/la-chica-del-proceso\/\"]}]},{\"@type\":\"ImageObject\",\"inLanguage\":\"es\",\"@id\":\"https:\/\/letrame.com\/catalogo\/producto\/la-chica-del-proceso\/#primaryimage\",\"url\":\"https:\/\/letrame.com\/catalogo\/wp-content\/uploads\/2025\/03\/la-chica-del-proceso.jpg\",\"contentUrl\":\"https:\/\/letrame.com\/catalogo\/wp-content\/uploads\/2025\/03\/la-chica-del-proceso.jpg\",\"width\":384,\"height\":537,\"caption\":\"La chica del proceso\"},{\"@type\":\"BreadcrumbList\",\"@id\":\"https:\/\/letrame.com\/catalogo\/producto\/la-chica-del-proceso\/#breadcrumb\",\"itemListElement\":[{\"@type\":\"ListItem\",\"position\":1,\"name\":\"Portada\",\"item\":\"https:\/\/letrame.com\/catalogo\/\"},{\"@type\":\"ListItem\",\"position\":2,\"name\":\"Cat\u00e1logo\",\"item\":\"https:\/\/letrame.com\/catalogo\/\"},{\"@type\":\"ListItem\",\"position\":3,\"name\":\"La chica del proceso\"}]},{\"@type\":\"WebSite\",\"@id\":\"https:\/\/letrame.com\/catalogo\/#website\",\"url\":\"https:\/\/letrame.com\/catalogo\/\",\"name\":\"Catalogo | Letrame Grupo Editorial\",\"description\":\"\",\"publisher\":{\"@id\":\"https:\/\/letrame.com\/catalogo\/#organization\"},\"potentialAction\":[{\"@type\":\"SearchAction\",\"target\":{\"@type\":\"EntryPoint\",\"urlTemplate\":\"https:\/\/letrame.com\/catalogo\/?s={search_term_string}\"},\"query-input\":{\"@type\":\"PropertyValueSpecification\",\"valueRequired\":true,\"valueName\":\"search_term_string\"}}],\"inLanguage\":\"es\"},{\"@type\":\"Organization\",\"@id\":\"https:\/\/letrame.com\/catalogo\/#organization\",\"name\":\"Catalogo | Letrame Grupo Editorial\",\"url\":\"https:\/\/letrame.com\/catalogo\/\",\"logo\":{\"@type\":\"ImageObject\",\"inLanguage\":\"es\",\"@id\":\"https:\/\/letrame.com\/catalogo\/#\/schema\/logo\/image\/\",\"url\":\"https:\/\/letrame.com\/catalogo\/wp-content\/uploads\/2024\/03\/logo2.webp\",\"contentUrl\":\"https:\/\/letrame.com\/catalogo\/wp-content\/uploads\/2024\/03\/logo2.webp\",\"width\":394,\"height\":128,\"caption\":\"Catalogo | Letrame Grupo Editorial\"},\"image\":{\"@id\":\"https:\/\/letrame.com\/catalogo\/#\/schema\/logo\/image\/\"}}]}<\/script>\n<!-- \/ Yoast SEO plugin. -->","yoast_head_json":{"title":"La chica del proceso - Catalogo | Letrame Grupo Editorial","robots":{"index":"index","follow":"follow","max-snippet":"max-snippet:-1","max-image-preview":"max-image-preview:large","max-video-preview":"max-video-preview:-1"},"canonical":"https:\/\/letrame.com\/catalogo\/producto\/la-chica-del-proceso\/","og_locale":"es_ES","og_type":"article","og_title":"La chica del proceso - Catalogo | Letrame Grupo Editorial","og_description":"ISBN: 9788410895478  SINOPSIS  Elen lo tiene todo bajo control: un trabajo de ensue- \u00f1o, amistades leales y una solter\u00eda reci\u00e9n estrenada que, ante los dem\u00e1s, disfruta al m\u00e1ximo. Kevin, en cambio, lidia con el caos de su vida: vive en un pe- que\u00f1o apartamento junto a Bestia, su bulldog fran- c\u00e9s, mientras lucha por convertirse en bombero","og_url":"https:\/\/letrame.com\/catalogo\/producto\/la-chica-del-proceso\/","og_site_name":"Catalogo | Letrame Grupo Editorial","article_modified_time":"2025-03-04T08:29:54+00:00","og_image":[{"width":384,"height":537,"url":"https:\/\/letrame.com\/catalogo\/wp-content\/uploads\/2025\/03\/la-chica-del-proceso.jpg","type":"image\/jpeg"}],"twitter_card":"summary_large_image","twitter_misc":{"Tiempo de lectura":"2 minutos"},"schema":{"@context":"https:\/\/schema.org","@graph":[{"@type":"WebPage","@id":"https:\/\/letrame.com\/catalogo\/producto\/la-chica-del-proceso\/","url":"https:\/\/letrame.com\/catalogo\/producto\/la-chica-del-proceso\/","name":"La chica del proceso - Catalogo | Letrame Grupo Editorial","isPartOf":{"@id":"https:\/\/letrame.com\/catalogo\/#website"},"primaryImageOfPage":{"@id":"https:\/\/letrame.com\/catalogo\/producto\/la-chica-del-proceso\/#primaryimage"},"image":{"@id":"https:\/\/letrame.com\/catalogo\/producto\/la-chica-del-proceso\/#primaryimage"},"thumbnailUrl":"https:\/\/letrame.com\/catalogo\/wp-content\/uploads\/2025\/03\/la-chica-del-proceso.jpg","datePublished":"2025-03-04T08:21:55+00:00","dateModified":"2025-03-04T08:29:54+00:00","breadcrumb":{"@id":"https:\/\/letrame.com\/catalogo\/producto\/la-chica-del-proceso\/#breadcrumb"},"inLanguage":"es","potentialAction":[{"@type":"ReadAction","target":["https:\/\/letrame.com\/catalogo\/producto\/la-chica-del-proceso\/"]}]},{"@type":"ImageObject","inLanguage":"es","@id":"https:\/\/letrame.com\/catalogo\/producto\/la-chica-del-proceso\/#primaryimage","url":"https:\/\/letrame.com\/catalogo\/wp-content\/uploads\/2025\/03\/la-chica-del-proceso.jpg","contentUrl":"https:\/\/letrame.com\/catalogo\/wp-content\/uploads\/2025\/03\/la-chica-del-proceso.jpg","width":384,"height":537,"caption":"La chica del proceso"},{"@type":"BreadcrumbList","@id":"https:\/\/letrame.com\/catalogo\/producto\/la-chica-del-proceso\/#breadcrumb","itemListElement":[{"@type":"ListItem","position":1,"name":"Portada","item":"https:\/\/letrame.com\/catalogo\/"},{"@type":"ListItem","position":2,"name":"Cat\u00e1logo","item":"https:\/\/letrame.com\/catalogo\/"},{"@type":"ListItem","position":3,"name":"La chica del proceso"}]},{"@type":"WebSite","@id":"https:\/\/letrame.com\/catalogo\/#website","url":"https:\/\/letrame.com\/catalogo\/","name":"Catalogo | Letrame Grupo Editorial","description":"","publisher":{"@id":"https:\/\/letrame.com\/catalogo\/#organization"},"potentialAction":[{"@type":"SearchAction","target":{"@type":"EntryPoint","urlTemplate":"https:\/\/letrame.com\/catalogo\/?s={search_term_string}"},"query-input":{"@type":"PropertyValueSpecification","valueRequired":true,"valueName":"search_term_string"}}],"inLanguage":"es"},{"@type":"Organization","@id":"https:\/\/letrame.com\/catalogo\/#organization","name":"Catalogo | Letrame Grupo Editorial","url":"https:\/\/letrame.com\/catalogo\/","logo":{"@type":"ImageObject","inLanguage":"es","@id":"https:\/\/letrame.com\/catalogo\/#\/schema\/logo\/image\/","url":"https:\/\/letrame.com\/catalogo\/wp-content\/uploads\/2024\/03\/logo2.webp","contentUrl":"https:\/\/letrame.com\/catalogo\/wp-content\/uploads\/2024\/03\/logo2.webp","width":394,"height":128,"caption":"Catalogo | Letrame Grupo Editorial"},"image":{"@id":"https:\/\/letrame.com\/catalogo\/#\/schema\/logo\/image\/"}}]}},"_links":{"self":[{"href":"https:\/\/letrame.com\/catalogo\/wp-json\/wp\/v2\/product\/108052","targetHints":{"allow":["GET"]}}],"collection":[{"href":"https:\/\/letrame.com\/catalogo\/wp-json\/wp\/v2\/product"}],"about":[{"href":"https:\/\/letrame.com\/catalogo\/wp-json\/wp\/v2\/types\/product"}],"replies":[{"embeddable":true,"href":"https:\/\/letrame.com\/catalogo\/wp-json\/wp\/v2\/comments?post=108052"}],"acf:post":[{"embeddable":true,"href":"https:\/\/letrame.com\/catalogo\/wp-json\/wp\/v2\/author_book\/108053"}],"wp:featuredmedia":[{"embeddable":true,"href":"https:\/\/letrame.com\/catalogo\/wp-json\/wp\/v2\/media\/108054"}],"wp:attachment":[{"href":"https:\/\/letrame.com\/catalogo\/wp-json\/wp\/v2\/media?parent=108052"}],"wp:term":[{"taxonomy":"libro","embeddable":true,"href":"https:\/\/letrame.com\/catalogo\/wp-json\/wp\/v2\/libro?post=108052"},{"taxonomy":"product_brand","embeddable":true,"href":"https:\/\/letrame.com\/catalogo\/wp-json\/wp\/v2\/product_brand?post=108052"},{"taxonomy":"product_cat","embeddable":true,"href":"https:\/\/letrame.com\/catalogo\/wp-json\/wp\/v2\/product_cat?post=108052"},{"taxonomy":"product_tag","embeddable":true,"href":"https:\/\/letrame.com\/catalogo\/wp-json\/wp\/v2\/product_tag?post=108052"}],"curies":[{"name":"wp","href":"https:\/\/api.w.org\/{rel}","templated":true}]}}