{"id":108023,"date":"2025-02-21T11:47:26","date_gmt":"2025-02-21T10:47:26","guid":{"rendered":"https:\/\/letrame.com\/catalogo\/?post_type=product&#038;p=108023"},"modified":"2025-02-21T11:51:28","modified_gmt":"2025-02-21T10:51:28","slug":"los-balsaminos-les-balsamient","status":"publish","type":"product","link":"https:\/\/letrame.com\/catalogo\/producto\/los-balsaminos-les-balsamient\/","title":{"rendered":"Los balsaminos \/ Les balsamient"},"content":{"rendered":"<p class=\"p1\"><b>ISBN: <\/b>978-84-1089-728-1<\/p>\n<p class=\"p1\"><b>T\u00edtulo: <\/b>Los balsaminos \/ Les balsamient<b><\/b><\/p>\n<p><strong>Fecha<\/strong>: 2024<b><\/b><\/p>\n<p><strong>P\u00e1ginas<\/strong>: 198<b><\/b><\/p>\n<p class=\"p1\"><b>SINOPSIS<\/b><\/p>\n<p class=\"p1\">Ce court ouvrage, quelquefois sous forme dialogu\u00e9e, retrace l\u2019exp\u00e9rience<\/p>\n<p class=\"p1\">d\u2019un Occidental, mis en face d\u2019une culture africaine, diff\u00e9rente de celle<\/p>\n<p class=\"p1\">qu\u2019il vit habituellement. Entre ses observations et son face-\u00e0-face avec un<\/p>\n<p class=\"p1\">sage Africain se construit un regard nouveau sortant de deux mondes, qui<\/p>\n<p class=\"p1\">s\u2019ignorent le plus souvent. L\u2019\u00e9change entre les deux hommes, survenant<\/p>\n<p class=\"p1\">au cours de touchantes sc\u00e8nes de vie, dans la nature africaine du B\u00e9nin,<\/p>\n<p class=\"p1\">sugg\u00e8re une perspective optimiste de v\u00e9ritable partage. L\u2019\u00e9criture, sous la<\/p>\n<p class=\"p1\">forme de petites fables, de tendres contes et de simples philosophiques<\/p>\n<p class=\"p1\">pens\u00e9es, m\u00e9rite une attention, qui off re, pour soi-m\u00eame, une certaine<\/p>\n<p class=\"p1\">s\u00e9r\u00e9nit\u00e9.<\/p>\n<p class=\"p1\">Este breve librito, presentado por momentos bajo forma dialogada,<\/p>\n<p class=\"p1\">relata las peripecias de un hombre occidental empujado a convivir con<\/p>\n<p class=\"p1\">una cultura africana diferente de aquella a la que est\u00e1 acostumbrado.Sus<\/p>\n<p class=\"p1\">propias observaciones, junto con sus intercambios con un sabio africano,<\/p>\n<p class=\"p1\">le van deparando una nueva mirada, hija de estos dos mundos que, con<\/p>\n<p class=\"p1\">frecuencia, se ignoran entre s\u00ed. El intercambio entre estos dos personajes,<\/p>\n<p class=\"p1\">desarrollado en el marco de situaciones vitales significativas y ambientadas<\/p>\n<p class=\"p1\">en los parajes naturales de Ben\u00edn, ofrece una perspectiva optimista sobre<\/p>\n<p class=\"p1\">la posibilidad de una aut\u00e9ntica riqueza compartida. La escritura del texto,<\/p>\n<p class=\"p1\">articulada por medio de peque\u00f1as f\u00e1bulas, delicados cuentos y sucintas<\/p>\n<p class=\"p1\">reflexiones filos\u00f3ficas, apela a nuestra atenci\u00f3n y nos devuelve, a cambio,<\/p>\n<p class=\"p1\">cierta sensaci\u00f3n de serenidad.<\/p>\n<p>&nbsp;<\/p>\n","protected":false},"excerpt":{"rendered":"<p><b>ISBN: <\/b>978-84-1089-728-1<\/p>\n<p class=\"p1\"><b>SINOPSIS<br \/>\n<\/b><\/p>\n<p class=\"p1\">Ce court ouvrage, quelquefois sous forme dialogu\u00e9e, retrace l\u2019exp\u00e9rience<\/p>\n<p class=\"p1\">d\u2019un Occidental, mis en face d\u2019une culture africaine, diff\u00e9rente de celle<\/p>\n<p class=\"p1\">qu\u2019il vit habituellement.<\/p>\n<p class=\"p1\">Este breve librito, presentado por momentos bajo forma dialogada,<\/p>\n<p class=\"p1\">relata las peripecias de un hombre occidental empujado a convivir con<\/p>\n<p class=\"p1\">una cultura africana diferente de aquella a la que est\u00e1 acostumbrado.<\/p>\n<p class=\"p1\">\n","protected":false},"featured_media":108024,"comment_status":"open","ping_status":"closed","template":"","meta":{"_acf_changed":false},"libro":[],"product_brand":[],"product_cat":[103],"product_tag":[],"class_list":{"0":"post-108023","1":"product","2":"type-product","3":"status-publish","4":"has-post-thumbnail","6":"product_cat-filosofia","8":"first","9":"instock","10":"shipping-taxable","11":"product-type-simple"},"acf":{"autor":[108025],"enlace_de_compra":"https:\/\/www.amazon.es\/dp\/8410897288"},"yoast_head":"<!-- This site is optimized with the Yoast SEO plugin v26.6 - https:\/\/yoast.com\/wordpress\/plugins\/seo\/ -->\n<title>Los balsaminos \/ Les balsamient - Catalogo | Letrame Grupo Editorial<\/title>\n<meta name=\"robots\" content=\"index, follow, max-snippet:-1, max-image-preview:large, max-video-preview:-1\" \/>\n<link rel=\"canonical\" href=\"https:\/\/letrame.com\/catalogo\/producto\/los-balsaminos-les-balsamient\/\" \/>\n<meta property=\"og:locale\" content=\"es_ES\" \/>\n<meta property=\"og:type\" content=\"article\" \/>\n<meta property=\"og:title\" content=\"Los balsaminos \/ Les balsamient - Catalogo | Letrame Grupo Editorial\" \/>\n<meta property=\"og:description\" content=\"ISBN: 978-84-1089-728-1 SINOPSIS  Ce court ouvrage, quelquefois sous forme dialogu\u00e9e, retrace l\u2019exp\u00e9rience d\u2019un Occidental, mis en face d\u2019une culture africaine, diff\u00e9rente de celle qu\u2019il vit habituellement. Este breve librito, presentado por momentos bajo forma dialogada, relata las peripecias de un hombre occidental empujado a convivir con una cultura africana diferente de aquella a la que est\u00e1 acostumbrado.\" \/>\n<meta property=\"og:url\" content=\"https:\/\/letrame.com\/catalogo\/producto\/los-balsaminos-les-balsamient\/\" \/>\n<meta property=\"og:site_name\" content=\"Catalogo | Letrame Grupo Editorial\" \/>\n<meta property=\"article:modified_time\" content=\"2025-02-21T10:51:28+00:00\" \/>\n<meta property=\"og:image\" content=\"https:\/\/letrame.com\/catalogo\/wp-content\/uploads\/2025\/02\/PORTADA-LOS-BALSAMINOS.jpg\" \/>\n\t<meta property=\"og:image:width\" content=\"384\" \/>\n\t<meta property=\"og:image:height\" content=\"537\" \/>\n\t<meta property=\"og:image:type\" content=\"image\/jpeg\" \/>\n<meta name=\"twitter:card\" content=\"summary_large_image\" \/>\n<meta name=\"twitter:label1\" content=\"Tiempo de lectura\" \/>\n\t<meta name=\"twitter:data1\" content=\"2 minutos\" \/>\n<script type=\"application\/ld+json\" class=\"yoast-schema-graph\">{\"@context\":\"https:\/\/schema.org\",\"@graph\":[{\"@type\":\"WebPage\",\"@id\":\"https:\/\/letrame.com\/catalogo\/producto\/los-balsaminos-les-balsamient\/\",\"url\":\"https:\/\/letrame.com\/catalogo\/producto\/los-balsaminos-les-balsamient\/\",\"name\":\"Los balsaminos \/ Les balsamient - Catalogo | Letrame Grupo Editorial\",\"isPartOf\":{\"@id\":\"https:\/\/letrame.com\/catalogo\/#website\"},\"primaryImageOfPage\":{\"@id\":\"https:\/\/letrame.com\/catalogo\/producto\/los-balsaminos-les-balsamient\/#primaryimage\"},\"image\":{\"@id\":\"https:\/\/letrame.com\/catalogo\/producto\/los-balsaminos-les-balsamient\/#primaryimage\"},\"thumbnailUrl\":\"https:\/\/letrame.com\/catalogo\/wp-content\/uploads\/2025\/02\/PORTADA-LOS-BALSAMINOS.jpg\",\"datePublished\":\"2025-02-21T10:47:26+00:00\",\"dateModified\":\"2025-02-21T10:51:28+00:00\",\"breadcrumb\":{\"@id\":\"https:\/\/letrame.com\/catalogo\/producto\/los-balsaminos-les-balsamient\/#breadcrumb\"},\"inLanguage\":\"es\",\"potentialAction\":[{\"@type\":\"ReadAction\",\"target\":[\"https:\/\/letrame.com\/catalogo\/producto\/los-balsaminos-les-balsamient\/\"]}]},{\"@type\":\"ImageObject\",\"inLanguage\":\"es\",\"@id\":\"https:\/\/letrame.com\/catalogo\/producto\/los-balsaminos-les-balsamient\/#primaryimage\",\"url\":\"https:\/\/letrame.com\/catalogo\/wp-content\/uploads\/2025\/02\/PORTADA-LOS-BALSAMINOS.jpg\",\"contentUrl\":\"https:\/\/letrame.com\/catalogo\/wp-content\/uploads\/2025\/02\/PORTADA-LOS-BALSAMINOS.jpg\",\"width\":384,\"height\":537,\"caption\":\"Portada Los balsaminos\"},{\"@type\":\"BreadcrumbList\",\"@id\":\"https:\/\/letrame.com\/catalogo\/producto\/los-balsaminos-les-balsamient\/#breadcrumb\",\"itemListElement\":[{\"@type\":\"ListItem\",\"position\":1,\"name\":\"Portada\",\"item\":\"https:\/\/letrame.com\/catalogo\/\"},{\"@type\":\"ListItem\",\"position\":2,\"name\":\"Cat\u00e1logo\",\"item\":\"https:\/\/letrame.com\/catalogo\/\"},{\"@type\":\"ListItem\",\"position\":3,\"name\":\"Los balsaminos \/ Les balsamient\"}]},{\"@type\":\"WebSite\",\"@id\":\"https:\/\/letrame.com\/catalogo\/#website\",\"url\":\"https:\/\/letrame.com\/catalogo\/\",\"name\":\"Catalogo | Letrame Grupo Editorial\",\"description\":\"\",\"publisher\":{\"@id\":\"https:\/\/letrame.com\/catalogo\/#organization\"},\"potentialAction\":[{\"@type\":\"SearchAction\",\"target\":{\"@type\":\"EntryPoint\",\"urlTemplate\":\"https:\/\/letrame.com\/catalogo\/?s={search_term_string}\"},\"query-input\":{\"@type\":\"PropertyValueSpecification\",\"valueRequired\":true,\"valueName\":\"search_term_string\"}}],\"inLanguage\":\"es\"},{\"@type\":\"Organization\",\"@id\":\"https:\/\/letrame.com\/catalogo\/#organization\",\"name\":\"Catalogo | Letrame Grupo Editorial\",\"url\":\"https:\/\/letrame.com\/catalogo\/\",\"logo\":{\"@type\":\"ImageObject\",\"inLanguage\":\"es\",\"@id\":\"https:\/\/letrame.com\/catalogo\/#\/schema\/logo\/image\/\",\"url\":\"https:\/\/letrame.com\/catalogo\/wp-content\/uploads\/2024\/03\/logo2.webp\",\"contentUrl\":\"https:\/\/letrame.com\/catalogo\/wp-content\/uploads\/2024\/03\/logo2.webp\",\"width\":394,\"height\":128,\"caption\":\"Catalogo | Letrame Grupo Editorial\"},\"image\":{\"@id\":\"https:\/\/letrame.com\/catalogo\/#\/schema\/logo\/image\/\"}}]}<\/script>\n<!-- \/ Yoast SEO plugin. -->","yoast_head_json":{"title":"Los balsaminos \/ Les balsamient - Catalogo | Letrame Grupo Editorial","robots":{"index":"index","follow":"follow","max-snippet":"max-snippet:-1","max-image-preview":"max-image-preview:large","max-video-preview":"max-video-preview:-1"},"canonical":"https:\/\/letrame.com\/catalogo\/producto\/los-balsaminos-les-balsamient\/","og_locale":"es_ES","og_type":"article","og_title":"Los balsaminos \/ Les balsamient - Catalogo | Letrame Grupo Editorial","og_description":"ISBN: 978-84-1089-728-1 SINOPSIS  Ce court ouvrage, quelquefois sous forme dialogu\u00e9e, retrace l\u2019exp\u00e9rience d\u2019un Occidental, mis en face d\u2019une culture africaine, diff\u00e9rente de celle qu\u2019il vit habituellement. Este breve librito, presentado por momentos bajo forma dialogada, relata las peripecias de un hombre occidental empujado a convivir con una cultura africana diferente de aquella a la que est\u00e1 acostumbrado.","og_url":"https:\/\/letrame.com\/catalogo\/producto\/los-balsaminos-les-balsamient\/","og_site_name":"Catalogo | Letrame Grupo Editorial","article_modified_time":"2025-02-21T10:51:28+00:00","og_image":[{"width":384,"height":537,"url":"https:\/\/letrame.com\/catalogo\/wp-content\/uploads\/2025\/02\/PORTADA-LOS-BALSAMINOS.jpg","type":"image\/jpeg"}],"twitter_card":"summary_large_image","twitter_misc":{"Tiempo de lectura":"2 minutos"},"schema":{"@context":"https:\/\/schema.org","@graph":[{"@type":"WebPage","@id":"https:\/\/letrame.com\/catalogo\/producto\/los-balsaminos-les-balsamient\/","url":"https:\/\/letrame.com\/catalogo\/producto\/los-balsaminos-les-balsamient\/","name":"Los balsaminos \/ Les balsamient - Catalogo | Letrame Grupo Editorial","isPartOf":{"@id":"https:\/\/letrame.com\/catalogo\/#website"},"primaryImageOfPage":{"@id":"https:\/\/letrame.com\/catalogo\/producto\/los-balsaminos-les-balsamient\/#primaryimage"},"image":{"@id":"https:\/\/letrame.com\/catalogo\/producto\/los-balsaminos-les-balsamient\/#primaryimage"},"thumbnailUrl":"https:\/\/letrame.com\/catalogo\/wp-content\/uploads\/2025\/02\/PORTADA-LOS-BALSAMINOS.jpg","datePublished":"2025-02-21T10:47:26+00:00","dateModified":"2025-02-21T10:51:28+00:00","breadcrumb":{"@id":"https:\/\/letrame.com\/catalogo\/producto\/los-balsaminos-les-balsamient\/#breadcrumb"},"inLanguage":"es","potentialAction":[{"@type":"ReadAction","target":["https:\/\/letrame.com\/catalogo\/producto\/los-balsaminos-les-balsamient\/"]}]},{"@type":"ImageObject","inLanguage":"es","@id":"https:\/\/letrame.com\/catalogo\/producto\/los-balsaminos-les-balsamient\/#primaryimage","url":"https:\/\/letrame.com\/catalogo\/wp-content\/uploads\/2025\/02\/PORTADA-LOS-BALSAMINOS.jpg","contentUrl":"https:\/\/letrame.com\/catalogo\/wp-content\/uploads\/2025\/02\/PORTADA-LOS-BALSAMINOS.jpg","width":384,"height":537,"caption":"Portada Los balsaminos"},{"@type":"BreadcrumbList","@id":"https:\/\/letrame.com\/catalogo\/producto\/los-balsaminos-les-balsamient\/#breadcrumb","itemListElement":[{"@type":"ListItem","position":1,"name":"Portada","item":"https:\/\/letrame.com\/catalogo\/"},{"@type":"ListItem","position":2,"name":"Cat\u00e1logo","item":"https:\/\/letrame.com\/catalogo\/"},{"@type":"ListItem","position":3,"name":"Los balsaminos \/ Les balsamient"}]},{"@type":"WebSite","@id":"https:\/\/letrame.com\/catalogo\/#website","url":"https:\/\/letrame.com\/catalogo\/","name":"Catalogo | Letrame Grupo Editorial","description":"","publisher":{"@id":"https:\/\/letrame.com\/catalogo\/#organization"},"potentialAction":[{"@type":"SearchAction","target":{"@type":"EntryPoint","urlTemplate":"https:\/\/letrame.com\/catalogo\/?s={search_term_string}"},"query-input":{"@type":"PropertyValueSpecification","valueRequired":true,"valueName":"search_term_string"}}],"inLanguage":"es"},{"@type":"Organization","@id":"https:\/\/letrame.com\/catalogo\/#organization","name":"Catalogo | Letrame Grupo Editorial","url":"https:\/\/letrame.com\/catalogo\/","logo":{"@type":"ImageObject","inLanguage":"es","@id":"https:\/\/letrame.com\/catalogo\/#\/schema\/logo\/image\/","url":"https:\/\/letrame.com\/catalogo\/wp-content\/uploads\/2024\/03\/logo2.webp","contentUrl":"https:\/\/letrame.com\/catalogo\/wp-content\/uploads\/2024\/03\/logo2.webp","width":394,"height":128,"caption":"Catalogo | Letrame Grupo Editorial"},"image":{"@id":"https:\/\/letrame.com\/catalogo\/#\/schema\/logo\/image\/"}}]}},"_links":{"self":[{"href":"https:\/\/letrame.com\/catalogo\/wp-json\/wp\/v2\/product\/108023","targetHints":{"allow":["GET"]}}],"collection":[{"href":"https:\/\/letrame.com\/catalogo\/wp-json\/wp\/v2\/product"}],"about":[{"href":"https:\/\/letrame.com\/catalogo\/wp-json\/wp\/v2\/types\/product"}],"replies":[{"embeddable":true,"href":"https:\/\/letrame.com\/catalogo\/wp-json\/wp\/v2\/comments?post=108023"}],"acf:post":[{"embeddable":true,"href":"https:\/\/letrame.com\/catalogo\/wp-json\/wp\/v2\/author_book\/108025"}],"wp:featuredmedia":[{"embeddable":true,"href":"https:\/\/letrame.com\/catalogo\/wp-json\/wp\/v2\/media\/108024"}],"wp:attachment":[{"href":"https:\/\/letrame.com\/catalogo\/wp-json\/wp\/v2\/media?parent=108023"}],"wp:term":[{"taxonomy":"libro","embeddable":true,"href":"https:\/\/letrame.com\/catalogo\/wp-json\/wp\/v2\/libro?post=108023"},{"taxonomy":"product_brand","embeddable":true,"href":"https:\/\/letrame.com\/catalogo\/wp-json\/wp\/v2\/product_brand?post=108023"},{"taxonomy":"product_cat","embeddable":true,"href":"https:\/\/letrame.com\/catalogo\/wp-json\/wp\/v2\/product_cat?post=108023"},{"taxonomy":"product_tag","embeddable":true,"href":"https:\/\/letrame.com\/catalogo\/wp-json\/wp\/v2\/product_tag?post=108023"}],"curies":[{"name":"wp","href":"https:\/\/api.w.org\/{rel}","templated":true}]}}