{"id":108019,"date":"2025-02-20T15:41:04","date_gmt":"2025-02-20T14:41:04","guid":{"rendered":"https:\/\/letrame.com\/catalogo\/?post_type=product&#038;p=108019"},"modified":"2025-02-20T15:51:36","modified_gmt":"2025-02-20T14:51:36","slug":"nakerland-el-ejercito-de-ninos-2","status":"publish","type":"product","link":"https:\/\/letrame.com\/catalogo\/producto\/nakerland-el-ejercito-de-ninos-2\/","title":{"rendered":"NAKERLAND. Pide un deseo"},"content":{"rendered":"<p class=\"p1\"><b>ISBN: <\/b>978-84-1144-827-7<\/p>\n<p class=\"p1\"><b>T\u00edtulo: <\/b>Nakerland. Pide un deseo<\/p>\n<p><b>Fecha: <\/b>2023<\/p>\n<p><strong>P\u00e1ginas<\/strong>: 232<\/p>\n<p class=\"p1\"><b>SINOPSIS<br \/>\n<\/b><\/p>\n<p class=\"p1\">Las vacaciones de verano hab\u00edan llegado para Sack y Sarah. Visitando las espectaculares Dream Mountains, su padre les cuenta la leyenda de Claude, un hombre al que se le concedi\u00f3 el deseo de volver a ser feliz de nuevo. As\u00ed les explica que cuando alguien pide un deseo este se puede hacer realidad, aunque les advierte de que hay que tener mucho cuidado con lo que uno desea. Pero lejos de ser una simple fantas\u00eda, ambos hermanos descubren la verdad sobre el lugar desde donde se conceden esos deseos&#8230; un lugar llamado Nakerland.<\/p>\n<p class=\"p1\">Estos dos j\u00f3venes viven de distinto modo las consecuencias de sus deseos en un incre\u00edble lugar lleno de magia y misterio, pero que, como en el mundo real, se disputa un conflicto entre el bien y el mal. Una lucha entre los que hab\u00edan sido hac\u00eda un tiempo hermanos y ahora son enemigos. Nakers y Badernakers, enfrentados por conseguir el poder, peleando en una incre\u00edble batalla en la que tanto Sack como Sarah ser\u00e1n una pieza clave que determinar\u00e1 el resultado final.<\/p>\n<p class=\"p1\"><b><br \/>\n<\/b><b><\/b><\/p>\n","protected":false},"excerpt":{"rendered":"<p class=\"p1\"><b>ISBN: <\/b>978-84-1181-607-6<br \/>\n<b><br \/>\nSINOPSIS<br \/>\n<\/b><\/p>\n<p class=\"p1\">Las vacaciones de verano hab\u00edan llegado para Sack y Sarah. Visitando las espectaculares Dream Mountains, su padre les cuenta la leyenda de Claude, un hombre al que se le concedi\u00f3 el deseo de volver a ser feliz de nuevo. As\u00ed les explica que cuando alguien pide un deseo este se puede hacer realidad, aunque les advierte de que hay que tener mucho cuidado con lo que uno desea. Pero lejos de ser una simple fantas\u00eda, ambos hermanos descubren la verdad sobre el lugar desde donde se conceden esos deseos&#8230; un lugar llamado Nakerland.<\/p>\n<p class=\"p1\">Estos dos j\u00f3venes viven de distinto modo las consecuencias de sus deseos en un incre\u00edble lugar lleno de magia y misterio, pero que, como en el mundo real, se disputa un conflicto entre el bien y el mal. Una lucha entre los que hab\u00edan sido hac\u00eda un tiempo hermanos y ahora son enemigos. Nakers y Badernakers, enfrentados por conseguir el poder, peleando en una incre\u00edble batalla en la que tanto Sack como Sarah ser\u00e1n una pieza clave que determinar\u00e1 el resultado final.<\/p>\n<p class=\"p1\">\n<p class=\"p1\">\n","protected":false},"featured_media":108020,"comment_status":"open","ping_status":"closed","template":"","meta":{"_acf_changed":false},"libro":[],"product_brand":[],"product_cat":[35],"product_tag":[],"class_list":{"0":"post-108019","1":"product","2":"type-product","3":"status-publish","4":"has-post-thumbnail","6":"product_cat-cuento-infantil","8":"first","9":"instock","10":"shipping-taxable","11":"product-type-simple"},"acf":{"autor":[101786],"enlace_de_compra":"https:\/\/www.amazon.es\/dp\/8411448274"},"yoast_head":"<!-- This site is optimized with the Yoast SEO plugin v26.6 - https:\/\/yoast.com\/wordpress\/plugins\/seo\/ -->\n<title>NAKERLAND. Pide un deseo - Catalogo | Letrame Grupo Editorial<\/title>\n<meta name=\"robots\" content=\"index, follow, max-snippet:-1, max-image-preview:large, max-video-preview:-1\" \/>\n<link rel=\"canonical\" href=\"https:\/\/letrame.com\/catalogo\/producto\/nakerland-el-ejercito-de-ninos-2\/\" \/>\n<meta property=\"og:locale\" content=\"es_ES\" \/>\n<meta property=\"og:type\" content=\"article\" \/>\n<meta property=\"og:title\" content=\"NAKERLAND. Pide un deseo - Catalogo | Letrame Grupo Editorial\" \/>\n<meta property=\"og:description\" content=\"ISBN: 978-84-1181-607-6  SINOPSIS  Las vacaciones de verano hab\u00edan llegado para Sack y Sarah. Visitando las espectaculares Dream Mountains, su padre les cuenta la leyenda de Claude, un hombre al que se le concedi\u00f3 el deseo de volver a ser feliz de nuevo. As\u00ed les explica que cuando alguien pide un deseo este se puede hacer realidad, aunque les advierte de que hay que tener mucho cuidado con lo que uno desea. Pero lejos de ser una simple fantas\u00eda, ambos hermanos descubren la verdad sobre el lugar desde donde se conceden esos deseos... un lugar llamado Nakerland. Estos dos j\u00f3venes viven de distinto modo las consecuencias de sus deseos en un incre\u00edble lugar lleno de magia y misterio, pero que, como en el mundo real, se disputa un conflicto entre el bien y el mal. Una lucha entre los que hab\u00edan sido hac\u00eda un tiempo hermanos y ahora son enemigos. Nakers y Badernakers, enfrentados por conseguir el poder, peleando en una incre\u00edble batalla en la que tanto Sack como Sarah ser\u00e1n una pieza clave que determinar\u00e1 el resultado final.\" \/>\n<meta property=\"og:url\" content=\"https:\/\/letrame.com\/catalogo\/producto\/nakerland-el-ejercito-de-ninos-2\/\" \/>\n<meta property=\"og:site_name\" content=\"Catalogo | Letrame Grupo Editorial\" \/>\n<meta property=\"article:modified_time\" content=\"2025-02-20T14:51:36+00:00\" \/>\n<meta property=\"og:image\" content=\"https:\/\/letrame.com\/catalogo\/wp-content\/uploads\/2025\/02\/Portada-Nakerland.jpg\" \/>\n\t<meta property=\"og:image:width\" content=\"384\" \/>\n\t<meta property=\"og:image:height\" content=\"563\" \/>\n\t<meta property=\"og:image:type\" content=\"image\/jpeg\" \/>\n<meta name=\"twitter:card\" content=\"summary_large_image\" \/>\n<meta name=\"twitter:label1\" content=\"Tiempo de lectura\" \/>\n\t<meta name=\"twitter:data1\" content=\"2 minutos\" \/>\n<script type=\"application\/ld+json\" class=\"yoast-schema-graph\">{\"@context\":\"https:\/\/schema.org\",\"@graph\":[{\"@type\":\"WebPage\",\"@id\":\"https:\/\/letrame.com\/catalogo\/producto\/nakerland-el-ejercito-de-ninos-2\/\",\"url\":\"https:\/\/letrame.com\/catalogo\/producto\/nakerland-el-ejercito-de-ninos-2\/\",\"name\":\"NAKERLAND. Pide un deseo - Catalogo | Letrame Grupo Editorial\",\"isPartOf\":{\"@id\":\"https:\/\/letrame.com\/catalogo\/#website\"},\"primaryImageOfPage\":{\"@id\":\"https:\/\/letrame.com\/catalogo\/producto\/nakerland-el-ejercito-de-ninos-2\/#primaryimage\"},\"image\":{\"@id\":\"https:\/\/letrame.com\/catalogo\/producto\/nakerland-el-ejercito-de-ninos-2\/#primaryimage\"},\"thumbnailUrl\":\"https:\/\/letrame.com\/catalogo\/wp-content\/uploads\/2025\/02\/Portada-Nakerland.jpg\",\"datePublished\":\"2025-02-20T14:41:04+00:00\",\"dateModified\":\"2025-02-20T14:51:36+00:00\",\"breadcrumb\":{\"@id\":\"https:\/\/letrame.com\/catalogo\/producto\/nakerland-el-ejercito-de-ninos-2\/#breadcrumb\"},\"inLanguage\":\"es\",\"potentialAction\":[{\"@type\":\"ReadAction\",\"target\":[\"https:\/\/letrame.com\/catalogo\/producto\/nakerland-el-ejercito-de-ninos-2\/\"]}]},{\"@type\":\"ImageObject\",\"inLanguage\":\"es\",\"@id\":\"https:\/\/letrame.com\/catalogo\/producto\/nakerland-el-ejercito-de-ninos-2\/#primaryimage\",\"url\":\"https:\/\/letrame.com\/catalogo\/wp-content\/uploads\/2025\/02\/Portada-Nakerland.jpg\",\"contentUrl\":\"https:\/\/letrame.com\/catalogo\/wp-content\/uploads\/2025\/02\/Portada-Nakerland.jpg\",\"width\":384,\"height\":563},{\"@type\":\"BreadcrumbList\",\"@id\":\"https:\/\/letrame.com\/catalogo\/producto\/nakerland-el-ejercito-de-ninos-2\/#breadcrumb\",\"itemListElement\":[{\"@type\":\"ListItem\",\"position\":1,\"name\":\"Portada\",\"item\":\"https:\/\/letrame.com\/catalogo\/\"},{\"@type\":\"ListItem\",\"position\":2,\"name\":\"Cat\u00e1logo\",\"item\":\"https:\/\/letrame.com\/catalogo\/\"},{\"@type\":\"ListItem\",\"position\":3,\"name\":\"NAKERLAND. Pide un deseo\"}]},{\"@type\":\"WebSite\",\"@id\":\"https:\/\/letrame.com\/catalogo\/#website\",\"url\":\"https:\/\/letrame.com\/catalogo\/\",\"name\":\"Catalogo | Letrame Grupo Editorial\",\"description\":\"\",\"publisher\":{\"@id\":\"https:\/\/letrame.com\/catalogo\/#organization\"},\"potentialAction\":[{\"@type\":\"SearchAction\",\"target\":{\"@type\":\"EntryPoint\",\"urlTemplate\":\"https:\/\/letrame.com\/catalogo\/?s={search_term_string}\"},\"query-input\":{\"@type\":\"PropertyValueSpecification\",\"valueRequired\":true,\"valueName\":\"search_term_string\"}}],\"inLanguage\":\"es\"},{\"@type\":\"Organization\",\"@id\":\"https:\/\/letrame.com\/catalogo\/#organization\",\"name\":\"Catalogo | Letrame Grupo Editorial\",\"url\":\"https:\/\/letrame.com\/catalogo\/\",\"logo\":{\"@type\":\"ImageObject\",\"inLanguage\":\"es\",\"@id\":\"https:\/\/letrame.com\/catalogo\/#\/schema\/logo\/image\/\",\"url\":\"https:\/\/letrame.com\/catalogo\/wp-content\/uploads\/2024\/03\/logo2.webp\",\"contentUrl\":\"https:\/\/letrame.com\/catalogo\/wp-content\/uploads\/2024\/03\/logo2.webp\",\"width\":394,\"height\":128,\"caption\":\"Catalogo | Letrame Grupo Editorial\"},\"image\":{\"@id\":\"https:\/\/letrame.com\/catalogo\/#\/schema\/logo\/image\/\"}}]}<\/script>\n<!-- \/ Yoast SEO plugin. -->","yoast_head_json":{"title":"NAKERLAND. Pide un deseo - Catalogo | Letrame Grupo Editorial","robots":{"index":"index","follow":"follow","max-snippet":"max-snippet:-1","max-image-preview":"max-image-preview:large","max-video-preview":"max-video-preview:-1"},"canonical":"https:\/\/letrame.com\/catalogo\/producto\/nakerland-el-ejercito-de-ninos-2\/","og_locale":"es_ES","og_type":"article","og_title":"NAKERLAND. Pide un deseo - Catalogo | Letrame Grupo Editorial","og_description":"ISBN: 978-84-1181-607-6  SINOPSIS  Las vacaciones de verano hab\u00edan llegado para Sack y Sarah. Visitando las espectaculares Dream Mountains, su padre les cuenta la leyenda de Claude, un hombre al que se le concedi\u00f3 el deseo de volver a ser feliz de nuevo. As\u00ed les explica que cuando alguien pide un deseo este se puede hacer realidad, aunque les advierte de que hay que tener mucho cuidado con lo que uno desea. Pero lejos de ser una simple fantas\u00eda, ambos hermanos descubren la verdad sobre el lugar desde donde se conceden esos deseos... un lugar llamado Nakerland. Estos dos j\u00f3venes viven de distinto modo las consecuencias de sus deseos en un incre\u00edble lugar lleno de magia y misterio, pero que, como en el mundo real, se disputa un conflicto entre el bien y el mal. Una lucha entre los que hab\u00edan sido hac\u00eda un tiempo hermanos y ahora son enemigos. Nakers y Badernakers, enfrentados por conseguir el poder, peleando en una incre\u00edble batalla en la que tanto Sack como Sarah ser\u00e1n una pieza clave que determinar\u00e1 el resultado final.","og_url":"https:\/\/letrame.com\/catalogo\/producto\/nakerland-el-ejercito-de-ninos-2\/","og_site_name":"Catalogo | Letrame Grupo Editorial","article_modified_time":"2025-02-20T14:51:36+00:00","og_image":[{"width":384,"height":563,"url":"https:\/\/letrame.com\/catalogo\/wp-content\/uploads\/2025\/02\/Portada-Nakerland.jpg","type":"image\/jpeg"}],"twitter_card":"summary_large_image","twitter_misc":{"Tiempo de lectura":"2 minutos"},"schema":{"@context":"https:\/\/schema.org","@graph":[{"@type":"WebPage","@id":"https:\/\/letrame.com\/catalogo\/producto\/nakerland-el-ejercito-de-ninos-2\/","url":"https:\/\/letrame.com\/catalogo\/producto\/nakerland-el-ejercito-de-ninos-2\/","name":"NAKERLAND. Pide un deseo - Catalogo | Letrame Grupo Editorial","isPartOf":{"@id":"https:\/\/letrame.com\/catalogo\/#website"},"primaryImageOfPage":{"@id":"https:\/\/letrame.com\/catalogo\/producto\/nakerland-el-ejercito-de-ninos-2\/#primaryimage"},"image":{"@id":"https:\/\/letrame.com\/catalogo\/producto\/nakerland-el-ejercito-de-ninos-2\/#primaryimage"},"thumbnailUrl":"https:\/\/letrame.com\/catalogo\/wp-content\/uploads\/2025\/02\/Portada-Nakerland.jpg","datePublished":"2025-02-20T14:41:04+00:00","dateModified":"2025-02-20T14:51:36+00:00","breadcrumb":{"@id":"https:\/\/letrame.com\/catalogo\/producto\/nakerland-el-ejercito-de-ninos-2\/#breadcrumb"},"inLanguage":"es","potentialAction":[{"@type":"ReadAction","target":["https:\/\/letrame.com\/catalogo\/producto\/nakerland-el-ejercito-de-ninos-2\/"]}]},{"@type":"ImageObject","inLanguage":"es","@id":"https:\/\/letrame.com\/catalogo\/producto\/nakerland-el-ejercito-de-ninos-2\/#primaryimage","url":"https:\/\/letrame.com\/catalogo\/wp-content\/uploads\/2025\/02\/Portada-Nakerland.jpg","contentUrl":"https:\/\/letrame.com\/catalogo\/wp-content\/uploads\/2025\/02\/Portada-Nakerland.jpg","width":384,"height":563},{"@type":"BreadcrumbList","@id":"https:\/\/letrame.com\/catalogo\/producto\/nakerland-el-ejercito-de-ninos-2\/#breadcrumb","itemListElement":[{"@type":"ListItem","position":1,"name":"Portada","item":"https:\/\/letrame.com\/catalogo\/"},{"@type":"ListItem","position":2,"name":"Cat\u00e1logo","item":"https:\/\/letrame.com\/catalogo\/"},{"@type":"ListItem","position":3,"name":"NAKERLAND. Pide un deseo"}]},{"@type":"WebSite","@id":"https:\/\/letrame.com\/catalogo\/#website","url":"https:\/\/letrame.com\/catalogo\/","name":"Catalogo | Letrame Grupo Editorial","description":"","publisher":{"@id":"https:\/\/letrame.com\/catalogo\/#organization"},"potentialAction":[{"@type":"SearchAction","target":{"@type":"EntryPoint","urlTemplate":"https:\/\/letrame.com\/catalogo\/?s={search_term_string}"},"query-input":{"@type":"PropertyValueSpecification","valueRequired":true,"valueName":"search_term_string"}}],"inLanguage":"es"},{"@type":"Organization","@id":"https:\/\/letrame.com\/catalogo\/#organization","name":"Catalogo | Letrame Grupo Editorial","url":"https:\/\/letrame.com\/catalogo\/","logo":{"@type":"ImageObject","inLanguage":"es","@id":"https:\/\/letrame.com\/catalogo\/#\/schema\/logo\/image\/","url":"https:\/\/letrame.com\/catalogo\/wp-content\/uploads\/2024\/03\/logo2.webp","contentUrl":"https:\/\/letrame.com\/catalogo\/wp-content\/uploads\/2024\/03\/logo2.webp","width":394,"height":128,"caption":"Catalogo | Letrame Grupo Editorial"},"image":{"@id":"https:\/\/letrame.com\/catalogo\/#\/schema\/logo\/image\/"}}]}},"_links":{"self":[{"href":"https:\/\/letrame.com\/catalogo\/wp-json\/wp\/v2\/product\/108019","targetHints":{"allow":["GET"]}}],"collection":[{"href":"https:\/\/letrame.com\/catalogo\/wp-json\/wp\/v2\/product"}],"about":[{"href":"https:\/\/letrame.com\/catalogo\/wp-json\/wp\/v2\/types\/product"}],"replies":[{"embeddable":true,"href":"https:\/\/letrame.com\/catalogo\/wp-json\/wp\/v2\/comments?post=108019"}],"acf:post":[{"embeddable":true,"href":"https:\/\/letrame.com\/catalogo\/wp-json\/wp\/v2\/author_book\/101786"}],"wp:featuredmedia":[{"embeddable":true,"href":"https:\/\/letrame.com\/catalogo\/wp-json\/wp\/v2\/media\/108020"}],"wp:attachment":[{"href":"https:\/\/letrame.com\/catalogo\/wp-json\/wp\/v2\/media?parent=108019"}],"wp:term":[{"taxonomy":"libro","embeddable":true,"href":"https:\/\/letrame.com\/catalogo\/wp-json\/wp\/v2\/libro?post=108019"},{"taxonomy":"product_brand","embeddable":true,"href":"https:\/\/letrame.com\/catalogo\/wp-json\/wp\/v2\/product_brand?post=108019"},{"taxonomy":"product_cat","embeddable":true,"href":"https:\/\/letrame.com\/catalogo\/wp-json\/wp\/v2\/product_cat?post=108019"},{"taxonomy":"product_tag","embeddable":true,"href":"https:\/\/letrame.com\/catalogo\/wp-json\/wp\/v2\/product_tag?post=108019"}],"curies":[{"name":"wp","href":"https:\/\/api.w.org\/{rel}","templated":true}]}}