{"id":107969,"date":"2025-02-03T08:29:18","date_gmt":"2025-02-03T07:29:18","guid":{"rendered":"https:\/\/letrame.com\/catalogo\/?post_type=product&#038;p=107969"},"modified":"2025-04-07T14:27:55","modified_gmt":"2025-04-07T12:27:55","slug":"tiempo-de-espias-2a-edicion","status":"publish","type":"product","link":"https:\/\/letrame.com\/catalogo\/producto\/tiempo-de-espias-2a-edicion\/","title":{"rendered":"Tiempo de esp\u00edas. 2\u00aa Edici\u00f3n"},"content":{"rendered":"<p class=\"p1\"><b>ISBN: <\/b>978-84-1089-454-9<\/p>\n<p class=\"p1\"><b>T\u00edtulo: <\/b>Tiempo de esp\u00edas. 2\u00aa Edici\u00f3n<b><\/b><\/p>\n<p><strong>Fecha<\/strong>: 2024<b><\/b><\/p>\n<p><strong>P\u00e1ginas<\/strong>: 286<b><\/b><\/p>\n<p class=\"p1\"><b>SINOPSIS<br \/>\n<\/b><\/p>\n<p class=\"s5\"><span class=\"s2\">\u00ab<\/span><span class=\"s2\">Los requerimientos tele<\/span><span class=\"s2\">f\u00f3ni<\/span><span class=\"s2\">cos se r<\/span><span class=\"s2\">ealizaron sin descanso<\/span><span class=\"s2\"> y t<\/span><span class=\"s2\">odo el mund<\/span><span class=\"s2\">o<\/span><span class=\"s2\"> confirm\u00f3 asistencia. No hubo dudas<\/span><span class=\"s2\"> n<\/span><span class=\"s2\">i titubeos<\/span><span class=\"s2\">.<\/span> <span class=\"s2\">Una hora <\/span><span class=\"s2\">y<\/span><span class=\"s2\"> media<\/span><span class=\"s2\"> d<\/span><span class=\"s2\">e<\/span><span class=\"s2\">sp<\/span><span class=\"s2\">u\u00e9s<\/span><span class=\"s2\">,<\/span><span class=\"s2\"> pod\u00eda<\/span><span class=\"s2\">n <\/span><span class=\"s2\">contarse<\/span> <span class=\"s2\">los efectivos <\/span><span class=\"s2\">de manera <\/span><span class=\"s2\">presencial<\/span><span class=\"s2\">.<\/span> <span class=\"s2\">Guard<\/span><span class=\"s2\">ia<\/span><span class=\"s2\">s <\/span><span class=\"s2\">c<\/span><span class=\"s2\">iviles <\/span><span class=\"s2\">aptos para re<\/span><span class=\"s2\">vista <\/span><span class=\"s2\">en<\/span><span class=\"s2\"> u<\/span><span class=\"s2\">na hilera de uniformes <\/span><span class=\"s2\">limpios<\/span><span class=\"s2\">, <\/span><span class=\"s2\">r<\/span><span class=\"s2\">elucien<\/span><span class=\"s2\">tes<\/span><span class=\"s2\"> zapatos,<\/span> <span class=\"s2\">buen porte y entregada volunta<\/span><span class=\"s2\">d. <\/span><span class=\"s2\">Com<\/span><span class=\"s2\">p<\/span><span class=\"s2\">onentes <\/span><span class=\"s2\">de<\/span> <span class=\"s2\">paisano, <\/span><span class=\"s2\">id<\/span><span class=\"s2\">eales para pasar desaperci<\/span><span class=\"s2\">bidos. <\/span><span class=\"s4\">Ver<\/span> <span class=\"s4\">sin se<\/span><span class=\"s4\">r<\/span> <span class=\"s4\">vis<\/span><span class=\"s4\">to<\/span><span class=\"s2\">, un <\/span><span class=\"s2\">lema <\/span><span class=\"s2\">b\u00e1sico <\/span><span class=\"s2\">de <\/span><span class=\"s2\">supervivencia natural<\/span><span class=\"s2\">. <\/span><span class=\"s2\">Todos rodeando a<\/span><span class=\"s2\">l te<\/span><span class=\"s2\">niente <\/span><span class=\"s2\">y al brigada M<\/span><span class=\"s2\">ontija<\/span><span class=\"s2\">no<\/span><span class=\"s2\">,<\/span><span class=\"s2\"> como anfitriones<\/span><span class=\"s2\"> del espect\u00e1culo. <\/span><span class=\"s2\">Porque <\/span><span class=\"s2\">entre <\/span><span class=\"s2\">aquell<\/span><span class=\"s2\">os <\/span><span class=\"s2\">hombres<\/span><span class=\"s2\">,<\/span><span class=\"s2\"> y en aquel<\/span><span class=\"s2\">los a\u00f1os<\/span><span class=\"s2\">, las <\/span><span class=\"s2\">p<\/span><span class=\"s2\">alabras honor, patria y bandera<\/span> <span class=\"s2\">a\u00fan significaban<\/span><span class=\"s2\"> algo<\/span><span class=\"s2\"> lo s<\/span><span class=\"s2\">u<\/span><span class=\"s2\">f<\/span><span class=\"s2\">icient<\/span><span class=\"s2\">e<\/span><span class=\"s2\">ment<\/span><span class=\"s2\">e valioso<\/span><span class=\"s2\"> como para da<\/span><span class=\"s2\">r un paso al frente<\/span><span class=\"s2\">\u00bb<\/span><span class=\"s2\">.<\/span><\/p>\n<p class=\"s5\"><span class=\"s7\">Corren los a\u00f1os o<\/span><span class=\"s7\">che<\/span><span class=\"s7\">nta<\/span><span class=\"s7\"> y l<\/span><span class=\"s7\">a Guardia <\/span><span class=\"s7\">Civil est\u00e1<\/span><span class=\"s7\"> s<\/span><span class=\"s7\">ometida a<\/span><span class=\"s7\">l yugo de ETA<\/span><span class=\"s7\">.<\/span> <span class=\"s7\">Un <\/span><span class=\"s7\">importante <\/span><span class=\"s7\">carg<\/span><span class=\"s7\">amento de a<\/span><span class=\"s7\">rmas<\/span> <span class=\"s7\">entra <\/span><span class=\"s7\">en <\/span><span class=\"s7\">la localidad <\/span><span class=\"s7\">guipuzcoana<\/span> <span class=\"s7\">de<\/span> <span class=\"s7\">Oztelu<\/span><span class=\"s7\">. <\/span><span class=\"s7\">\u00bf<\/span><span class=\"s7\">E<\/span><span class=\"s7\">l <\/span><span class=\"s7\">prop\u00f3sito<\/span><span class=\"s7\">? D<\/span><span class=\"s7\">ar <\/span><span class=\"s7\">apoyo <\/span><span class=\"s7\">log\u00edst<\/span><span class=\"s7\">ico<\/span> <span class=\"s7\">a <\/span><span class=\"s7\">la band<\/span><span class=\"s7\">a<\/span> <span class=\"s7\">t<\/span><span class=\"s7\">err<\/span><span class=\"s7\">or<\/span><span class=\"s7\">i<\/span><span class=\"s7\">sta<\/span><span class=\"s7\">,<\/span> <span class=\"s7\">q<\/span><span class=\"s7\">ue se encuentra en su<\/span><span class=\"s7\"> m<\/span><span class=\"s7\">o<\/span><span class=\"s7\">mento <\/span><span class=\"s7\">m<\/span><span class=\"s7\">\u00e1s <\/span><span class=\"s7\">\u00e1lgido y <\/span><span class=\"s7\">sangriento<\/span><span class=\"s7\">.<\/span> <span class=\"s7\">Pero<\/span> <span class=\"s7\">ha<\/span><span class=\"s7\">b<\/span><span class=\"s7\">r<\/span><span class=\"s7\">\u00e1 <\/span><span class=\"s7\">qui<\/span><span class=\"s7\">e<\/span><span class=\"s7\">nes<\/span> <span class=\"s7\">intentar<\/span><span class=\"s7\">\u00e1n <\/span><span class=\"s7\">impe<\/span><span class=\"s7\">d<\/span><span class=\"s7\">i<\/span><span class=\"s7\">rlo<\/span><span class=\"s7\">: <\/span><span class=\"s7\">personas de carne y hueso que<\/span> <span class=\"s7\">est<\/span><span class=\"s7\">ar\u00e1n <\/span><span class=\"s7\">disp<\/span><span class=\"s7\">u<\/span><span class=\"s7\">esta<\/span><span class=\"s7\">s<\/span> <span class=\"s7\">a <\/span><span class=\"s7\">resolver el conflicto<\/span><span class=\"s7\">. A<\/span><span class=\"s7\">unque<\/span><span class=\"s7\">, para lograrlo,<\/span> <span class=\"s7\">ten<\/span><span class=\"s7\">dr\u00e1n <\/span><span class=\"s7\">que <\/span><span class=\"s7\">poner en riesgo<\/span><span class=\"s7\"> sus <\/span><span class=\"s7\">propi<\/span><span class=\"s7\">as <\/span><span class=\"s7\">vida<\/span><span class=\"s7\">s<\/span><span class=\"s7\">.<\/span><\/p>\n<p class=\"s5\"><span class=\"s7\">Gonzalo Soria<\/span><span class=\"s7\">no <\/span><span class=\"s7\">hace acopio de <\/span><span class=\"s7\">sus m\u00faltiples <\/span><span class=\"s7\">habilidades narrativas<\/span> <span class=\"s7\">construyendo<\/span> <span class=\"s7\">en <\/span><span class=\"s8\">Tiempo de <\/span><span class=\"s8\">esp\u00edas<\/span> <span class=\"s7\">una trama hil<\/span><span class=\"s7\">vanada a la perfecci\u00f3n<\/span><span class=\"s7\">.<\/span> <span class=\"s7\">Una novela que mantendr\u00e1 <\/span><span class=\"s7\">atrapado<\/span><span class=\"s7\"> al lector <\/span><span class=\"s7\">hasta<\/span> <span class=\"s7\">la \u00faltima p\u00e1gina<\/span><span class=\"s7\">.<\/span><\/p>\n<p class=\"p1\"><b>\u00a0<\/b><\/p>\n","protected":false},"excerpt":{"rendered":"<p><b>ISBN: <\/b>978-84-1089-454-9<\/p>\n<p class=\"p1\"><b>SINOPSIS<br \/>\n<\/b><\/p>\n<p class=\"s5\"><span class=\"s2\">\u00ab<\/span><span class=\"s2\">Los requerimientos tele<\/span><span class=\"s2\">f\u00f3ni<\/span><span class=\"s2\">cos se r<\/span><span class=\"s2\">ealizaron sin descanso<\/span><span class=\"s2\"> y t<\/span><span class=\"s2\">odo el mund<\/span><span class=\"s2\">o<\/span><span class=\"s2\"> confirm\u00f3 asistencia. No hubo dudas<\/span><span class=\"s2\"> n<\/span><span class=\"s2\">i titubeos<\/span><span class=\"s2\">.<\/span> <span class=\"s2\">Una hora <\/span><span class=\"s2\">y<\/span><span class=\"s2\"> media<\/span><span class=\"s2\"> d<\/span><span class=\"s2\">e<\/span><span class=\"s2\">sp<\/span><span class=\"s2\">u\u00e9s<\/span><span class=\"s2\">,<\/span><span class=\"s2\"> pod\u00eda<\/span><span class=\"s2\">n <\/span><span class=\"s2\">contarse<\/span> <span class=\"s2\">los efectivos <\/span><span class=\"s2\">de manera <\/span><span class=\"s2\">presencial<\/span><span class=\"s2\">.<\/span> <span class=\"s2\">Guard<\/span><span class=\"s2\">ia<\/span><span class=\"s2\">s <\/span><span class=\"s2\">c<\/span><span class=\"s2\">iviles<\/span><span class=\"s2\">aptos para re<\/span><span class=\"s2\">vista <\/span><span class=\"s2\">en<\/span><span class=\"s2\"> u<\/span><span class=\"s2\">na hilera de uniformes <\/span><span class=\"s2\">limpios<\/span><span class=\"s2\">, <\/span><span class=\"s2\">r<\/span><span class=\"s2\">elucien<\/span><span class=\"s2\">tes<\/span><span class=\"s2\"> zapatos,<\/span> <span class=\"s2\">buen porte y entregada volunta<\/span><span class=\"s2\">d. <\/span><span class=\"s2\">Com<\/span><span class=\"s2\">p<\/span><span class=\"s2\">onentes <\/span><span class=\"s2\">de<\/span> <span class=\"s2\">paisano, <\/span><span class=\"s2\">id<\/span><span class=\"s2\">eales para pasar desaperci<\/span><span class=\"s2\">bidos. <\/span><span class=\"s4\">Ver<\/span> <span class=\"s4\">sin se<\/span><span class=\"s4\">r<\/span> <span class=\"s4\">vis<\/span><span class=\"s4\">to<\/span><span class=\"s2\">, un <\/span><span class=\"s2\">lema <\/span><span class=\"s2\">b\u00e1sico <\/span><span class=\"s2\">de <\/span><span class=\"s2\">supervivencia natural<\/span><span class=\"s2\">. <\/span><span class=\"s2\">Todos rodeando a<\/span><span class=\"s2\">l te<\/span><span class=\"s2\">niente <\/span><span class=\"s2\">y al brigada M<\/span><span class=\"s2\">ontija<\/span><span class=\"s2\">no<\/span><span class=\"s2\">,<\/span><span class=\"s2\"> como anfitriones<\/span><span class=\"s2\"> del espect\u00e1culo. <\/span><span class=\"s2\">Porque <\/span><span class=\"s2\">entre <\/span><span class=\"s2\">aquell<\/span><span class=\"s2\">os <\/span><span class=\"s2\">hombres<\/span><span class=\"s2\">,<\/span><span class=\"s2\"> y en aquel<\/span><span class=\"s2\">los a\u00f1os<\/span><span class=\"s2\">, las <\/span><span class=\"s2\">p<\/span><span class=\"s2\">alabras honor, patria y bandera<\/span> <span class=\"s2\">a\u00fan significaban<\/span><span class=\"s2\"> algo<\/span><span class=\"s2\"> lo s<\/span><span class=\"s2\">u<\/span><span class=\"s2\">f<\/span><span class=\"s2\">icient<\/span><span class=\"s2\">e<\/span><span class=\"s2\">ment<\/span><span class=\"s2\">e valioso<\/span><span class=\"s2\"> como para da<\/span><span class=\"s2\">r un paso al frente<\/span><span class=\"s2\">\u00bb<\/span><span class=\"s2\">.<\/span><\/p>\n","protected":false},"featured_media":108429,"comment_status":"open","ping_status":"closed","template":"","meta":{"_acf_changed":false},"libro":[],"product_brand":[],"product_cat":[47],"product_tag":[],"class_list":{"0":"post-107969","1":"product","2":"type-product","3":"status-publish","4":"has-post-thumbnail","6":"product_cat-ciencia-ficcion-misterio","8":"first","9":"instock","10":"shipping-taxable","11":"product-type-simple"},"acf":{"autor":[107431],"enlace_de_compra":"https:\/\/www.amazon.es\/dp\/8410894548"},"yoast_head":"<!-- This site is optimized with the Yoast SEO plugin v27.4 - https:\/\/yoast.com\/product\/yoast-seo-wordpress\/ -->\n<title>Tiempo de esp\u00edas. 2\u00aa Edici\u00f3n - Catalogo | Letrame Grupo Editorial<\/title>\n<meta name=\"robots\" content=\"index, follow, max-snippet:-1, max-image-preview:large, max-video-preview:-1\" \/>\n<link rel=\"canonical\" href=\"https:\/\/letrame.com\/catalogo\/producto\/tiempo-de-espias-2a-edicion\/\" \/>\n<meta property=\"og:locale\" content=\"es_ES\" \/>\n<meta property=\"og:type\" content=\"article\" \/>\n<meta property=\"og:title\" content=\"Tiempo de esp\u00edas. 2\u00aa Edici\u00f3n - Catalogo | Letrame Grupo Editorial\" \/>\n<meta property=\"og:description\" content=\"ISBN: 978-84-1089-454-9 SINOPSIS  \u00abLos requerimientos telef\u00f3nicos se realizaron sin descanso y todo el mundo confirm\u00f3 asistencia. No hubo dudas ni titubeos. Una hora y media despu\u00e9s, pod\u00edan contarse los efectivos de manera presencial. Guardias civilesaptos para revista en una hilera de uniformes limpios, relucientes zapatos, buen porte y entregada voluntad. Componentes de paisano, ideales para pasar desapercibidos. Ver sin ser visto, un lema b\u00e1sico de supervivencia natural. Todos rodeando al teniente y al brigada Montijano, como anfitriones del espect\u00e1culo. Porque entre aquellos hombres, y en aquellos a\u00f1os, las palabras honor, patria y bandera a\u00fan significaban algo lo suficientemente valioso como para dar un paso al frente\u00bb.\" \/>\n<meta property=\"og:url\" content=\"https:\/\/letrame.com\/catalogo\/producto\/tiempo-de-espias-2a-edicion\/\" \/>\n<meta property=\"og:site_name\" content=\"Catalogo | Letrame Grupo Editorial\" \/>\n<meta property=\"article:modified_time\" content=\"2025-04-07T12:27:55+00:00\" \/>\n<meta property=\"og:image\" content=\"https:\/\/letrame.com\/catalogo\/wp-content\/uploads\/2025\/02\/2edi_portada_tiempodeespias_1714mm-1.jpg\" \/>\n\t<meta property=\"og:image:width\" content=\"266\" \/>\n\t<meta property=\"og:image:height\" content=\"425\" \/>\n\t<meta property=\"og:image:type\" content=\"image\/jpeg\" \/>\n<meta name=\"twitter:card\" content=\"summary_large_image\" \/>\n<meta name=\"twitter:label1\" content=\"Tiempo de lectura\" \/>\n\t<meta name=\"twitter:data1\" content=\"2 minutos\" \/>\n<script type=\"application\/ld+json\" class=\"yoast-schema-graph\">{\"@context\":\"https:\\\/\\\/schema.org\",\"@graph\":[{\"@type\":\"WebPage\",\"@id\":\"https:\\\/\\\/letrame.com\\\/catalogo\\\/producto\\\/tiempo-de-espias-2a-edicion\\\/\",\"url\":\"https:\\\/\\\/letrame.com\\\/catalogo\\\/producto\\\/tiempo-de-espias-2a-edicion\\\/\",\"name\":\"Tiempo de esp\u00edas. 2\u00aa Edici\u00f3n - Catalogo | Letrame Grupo Editorial\",\"isPartOf\":{\"@id\":\"https:\\\/\\\/letrame.com\\\/catalogo\\\/#website\"},\"primaryImageOfPage\":{\"@id\":\"https:\\\/\\\/letrame.com\\\/catalogo\\\/producto\\\/tiempo-de-espias-2a-edicion\\\/#primaryimage\"},\"image\":{\"@id\":\"https:\\\/\\\/letrame.com\\\/catalogo\\\/producto\\\/tiempo-de-espias-2a-edicion\\\/#primaryimage\"},\"thumbnailUrl\":\"https:\\\/\\\/letrame.com\\\/catalogo\\\/wp-content\\\/uploads\\\/2025\\\/02\\\/2edi_portada_tiempodeespias_1714mm-1.jpg\",\"datePublished\":\"2025-02-03T07:29:18+00:00\",\"dateModified\":\"2025-04-07T12:27:55+00:00\",\"breadcrumb\":{\"@id\":\"https:\\\/\\\/letrame.com\\\/catalogo\\\/producto\\\/tiempo-de-espias-2a-edicion\\\/#breadcrumb\"},\"inLanguage\":\"es\",\"potentialAction\":[{\"@type\":\"ReadAction\",\"target\":[\"https:\\\/\\\/letrame.com\\\/catalogo\\\/producto\\\/tiempo-de-espias-2a-edicion\\\/\"]}]},{\"@type\":\"ImageObject\",\"inLanguage\":\"es\",\"@id\":\"https:\\\/\\\/letrame.com\\\/catalogo\\\/producto\\\/tiempo-de-espias-2a-edicion\\\/#primaryimage\",\"url\":\"https:\\\/\\\/letrame.com\\\/catalogo\\\/wp-content\\\/uploads\\\/2025\\\/02\\\/2edi_portada_tiempodeespias_1714mm-1.jpg\",\"contentUrl\":\"https:\\\/\\\/letrame.com\\\/catalogo\\\/wp-content\\\/uploads\\\/2025\\\/02\\\/2edi_portada_tiempodeespias_1714mm-1.jpg\",\"width\":266,\"height\":425},{\"@type\":\"BreadcrumbList\",\"@id\":\"https:\\\/\\\/letrame.com\\\/catalogo\\\/producto\\\/tiempo-de-espias-2a-edicion\\\/#breadcrumb\",\"itemListElement\":[{\"@type\":\"ListItem\",\"position\":1,\"name\":\"Portada\",\"item\":\"https:\\\/\\\/letrame.com\\\/catalogo\\\/\"},{\"@type\":\"ListItem\",\"position\":2,\"name\":\"Cat\u00e1logo\",\"item\":\"https:\\\/\\\/letrame.com\\\/catalogo\\\/\"},{\"@type\":\"ListItem\",\"position\":3,\"name\":\"Tiempo de esp\u00edas. 2\u00aa Edici\u00f3n\"}]},{\"@type\":\"WebSite\",\"@id\":\"https:\\\/\\\/letrame.com\\\/catalogo\\\/#website\",\"url\":\"https:\\\/\\\/letrame.com\\\/catalogo\\\/\",\"name\":\"Catalogo | Letrame Grupo Editorial\",\"description\":\"\",\"publisher\":{\"@id\":\"https:\\\/\\\/letrame.com\\\/catalogo\\\/#organization\"},\"potentialAction\":[{\"@type\":\"SearchAction\",\"target\":{\"@type\":\"EntryPoint\",\"urlTemplate\":\"https:\\\/\\\/letrame.com\\\/catalogo\\\/?s={search_term_string}\"},\"query-input\":{\"@type\":\"PropertyValueSpecification\",\"valueRequired\":true,\"valueName\":\"search_term_string\"}}],\"inLanguage\":\"es\"},{\"@type\":\"Organization\",\"@id\":\"https:\\\/\\\/letrame.com\\\/catalogo\\\/#organization\",\"name\":\"Catalogo | Letrame Grupo Editorial\",\"url\":\"https:\\\/\\\/letrame.com\\\/catalogo\\\/\",\"logo\":{\"@type\":\"ImageObject\",\"inLanguage\":\"es\",\"@id\":\"https:\\\/\\\/letrame.com\\\/catalogo\\\/#\\\/schema\\\/logo\\\/image\\\/\",\"url\":\"https:\\\/\\\/letrame.com\\\/catalogo\\\/wp-content\\\/uploads\\\/2024\\\/03\\\/logo2.webp\",\"contentUrl\":\"https:\\\/\\\/letrame.com\\\/catalogo\\\/wp-content\\\/uploads\\\/2024\\\/03\\\/logo2.webp\",\"width\":394,\"height\":128,\"caption\":\"Catalogo | Letrame Grupo Editorial\"},\"image\":{\"@id\":\"https:\\\/\\\/letrame.com\\\/catalogo\\\/#\\\/schema\\\/logo\\\/image\\\/\"}}]}<\/script>\n<!-- \/ Yoast SEO plugin. -->","yoast_head_json":{"title":"Tiempo de esp\u00edas. 2\u00aa Edici\u00f3n - Catalogo | Letrame Grupo Editorial","robots":{"index":"index","follow":"follow","max-snippet":"max-snippet:-1","max-image-preview":"max-image-preview:large","max-video-preview":"max-video-preview:-1"},"canonical":"https:\/\/letrame.com\/catalogo\/producto\/tiempo-de-espias-2a-edicion\/","og_locale":"es_ES","og_type":"article","og_title":"Tiempo de esp\u00edas. 2\u00aa Edici\u00f3n - Catalogo | Letrame Grupo Editorial","og_description":"ISBN: 978-84-1089-454-9 SINOPSIS  \u00abLos requerimientos telef\u00f3nicos se realizaron sin descanso y todo el mundo confirm\u00f3 asistencia. No hubo dudas ni titubeos. Una hora y media despu\u00e9s, pod\u00edan contarse los efectivos de manera presencial. Guardias civilesaptos para revista en una hilera de uniformes limpios, relucientes zapatos, buen porte y entregada voluntad. Componentes de paisano, ideales para pasar desapercibidos. Ver sin ser visto, un lema b\u00e1sico de supervivencia natural. Todos rodeando al teniente y al brigada Montijano, como anfitriones del espect\u00e1culo. Porque entre aquellos hombres, y en aquellos a\u00f1os, las palabras honor, patria y bandera a\u00fan significaban algo lo suficientemente valioso como para dar un paso al frente\u00bb.","og_url":"https:\/\/letrame.com\/catalogo\/producto\/tiempo-de-espias-2a-edicion\/","og_site_name":"Catalogo | Letrame Grupo Editorial","article_modified_time":"2025-04-07T12:27:55+00:00","og_image":[{"width":266,"height":425,"url":"https:\/\/letrame.com\/catalogo\/wp-content\/uploads\/2025\/02\/2edi_portada_tiempodeespias_1714mm-1.jpg","type":"image\/jpeg"}],"twitter_card":"summary_large_image","twitter_misc":{"Tiempo de lectura":"2 minutos"},"schema":{"@context":"https:\/\/schema.org","@graph":[{"@type":"WebPage","@id":"https:\/\/letrame.com\/catalogo\/producto\/tiempo-de-espias-2a-edicion\/","url":"https:\/\/letrame.com\/catalogo\/producto\/tiempo-de-espias-2a-edicion\/","name":"Tiempo de esp\u00edas. 2\u00aa Edici\u00f3n - Catalogo | Letrame Grupo Editorial","isPartOf":{"@id":"https:\/\/letrame.com\/catalogo\/#website"},"primaryImageOfPage":{"@id":"https:\/\/letrame.com\/catalogo\/producto\/tiempo-de-espias-2a-edicion\/#primaryimage"},"image":{"@id":"https:\/\/letrame.com\/catalogo\/producto\/tiempo-de-espias-2a-edicion\/#primaryimage"},"thumbnailUrl":"https:\/\/letrame.com\/catalogo\/wp-content\/uploads\/2025\/02\/2edi_portada_tiempodeespias_1714mm-1.jpg","datePublished":"2025-02-03T07:29:18+00:00","dateModified":"2025-04-07T12:27:55+00:00","breadcrumb":{"@id":"https:\/\/letrame.com\/catalogo\/producto\/tiempo-de-espias-2a-edicion\/#breadcrumb"},"inLanguage":"es","potentialAction":[{"@type":"ReadAction","target":["https:\/\/letrame.com\/catalogo\/producto\/tiempo-de-espias-2a-edicion\/"]}]},{"@type":"ImageObject","inLanguage":"es","@id":"https:\/\/letrame.com\/catalogo\/producto\/tiempo-de-espias-2a-edicion\/#primaryimage","url":"https:\/\/letrame.com\/catalogo\/wp-content\/uploads\/2025\/02\/2edi_portada_tiempodeespias_1714mm-1.jpg","contentUrl":"https:\/\/letrame.com\/catalogo\/wp-content\/uploads\/2025\/02\/2edi_portada_tiempodeespias_1714mm-1.jpg","width":266,"height":425},{"@type":"BreadcrumbList","@id":"https:\/\/letrame.com\/catalogo\/producto\/tiempo-de-espias-2a-edicion\/#breadcrumb","itemListElement":[{"@type":"ListItem","position":1,"name":"Portada","item":"https:\/\/letrame.com\/catalogo\/"},{"@type":"ListItem","position":2,"name":"Cat\u00e1logo","item":"https:\/\/letrame.com\/catalogo\/"},{"@type":"ListItem","position":3,"name":"Tiempo de esp\u00edas. 2\u00aa Edici\u00f3n"}]},{"@type":"WebSite","@id":"https:\/\/letrame.com\/catalogo\/#website","url":"https:\/\/letrame.com\/catalogo\/","name":"Catalogo | Letrame Grupo Editorial","description":"","publisher":{"@id":"https:\/\/letrame.com\/catalogo\/#organization"},"potentialAction":[{"@type":"SearchAction","target":{"@type":"EntryPoint","urlTemplate":"https:\/\/letrame.com\/catalogo\/?s={search_term_string}"},"query-input":{"@type":"PropertyValueSpecification","valueRequired":true,"valueName":"search_term_string"}}],"inLanguage":"es"},{"@type":"Organization","@id":"https:\/\/letrame.com\/catalogo\/#organization","name":"Catalogo | Letrame Grupo Editorial","url":"https:\/\/letrame.com\/catalogo\/","logo":{"@type":"ImageObject","inLanguage":"es","@id":"https:\/\/letrame.com\/catalogo\/#\/schema\/logo\/image\/","url":"https:\/\/letrame.com\/catalogo\/wp-content\/uploads\/2024\/03\/logo2.webp","contentUrl":"https:\/\/letrame.com\/catalogo\/wp-content\/uploads\/2024\/03\/logo2.webp","width":394,"height":128,"caption":"Catalogo | Letrame Grupo Editorial"},"image":{"@id":"https:\/\/letrame.com\/catalogo\/#\/schema\/logo\/image\/"}}]}},"_links":{"self":[{"href":"https:\/\/letrame.com\/catalogo\/wp-json\/wp\/v2\/product\/107969","targetHints":{"allow":["GET"]}}],"collection":[{"href":"https:\/\/letrame.com\/catalogo\/wp-json\/wp\/v2\/product"}],"about":[{"href":"https:\/\/letrame.com\/catalogo\/wp-json\/wp\/v2\/types\/product"}],"replies":[{"embeddable":true,"href":"https:\/\/letrame.com\/catalogo\/wp-json\/wp\/v2\/comments?post=107969"}],"acf:post":[{"embeddable":true,"href":"https:\/\/letrame.com\/catalogo\/wp-json\/wp\/v2\/author_book\/107431"}],"wp:featuredmedia":[{"embeddable":true,"href":"https:\/\/letrame.com\/catalogo\/wp-json\/wp\/v2\/media\/108429"}],"wp:attachment":[{"href":"https:\/\/letrame.com\/catalogo\/wp-json\/wp\/v2\/media?parent=107969"}],"wp:term":[{"taxonomy":"libro","embeddable":true,"href":"https:\/\/letrame.com\/catalogo\/wp-json\/wp\/v2\/libro?post=107969"},{"taxonomy":"product_brand","embeddable":true,"href":"https:\/\/letrame.com\/catalogo\/wp-json\/wp\/v2\/product_brand?post=107969"},{"taxonomy":"product_cat","embeddable":true,"href":"https:\/\/letrame.com\/catalogo\/wp-json\/wp\/v2\/product_cat?post=107969"},{"taxonomy":"product_tag","embeddable":true,"href":"https:\/\/letrame.com\/catalogo\/wp-json\/wp\/v2\/product_tag?post=107969"}],"curies":[{"name":"wp","href":"https:\/\/api.w.org\/{rel}","templated":true}]}}