{"id":107930,"date":"2025-01-29T08:37:04","date_gmt":"2025-01-29T07:37:04","guid":{"rendered":"https:\/\/letrame.com\/catalogo\/?post_type=product&#038;p=107930"},"modified":"2025-01-29T08:40:16","modified_gmt":"2025-01-29T07:40:16","slug":"ovnis-las-astronaves-del-dios-de-abraham-de-isaac-y-de-israel","status":"publish","type":"product","link":"https:\/\/letrame.com\/catalogo\/producto\/ovnis-las-astronaves-del-dios-de-abraham-de-isaac-y-de-israel\/","title":{"rendered":"Ovnis. Las astronaves del Dios de Abraham, de Isaac y de Israel"},"content":{"rendered":"<p class=\"p1\"><b>ISBN: <\/b>978-84-1089-394-8<\/p>\n<p class=\"p1\"><b>T\u00edtulo: <\/b>Ovnis<b>.<\/b>Las astronaves del Dios de Abraham, de Isaac y de Israel<b><\/b><\/p>\n<p><strong>Fecha<\/strong>: 2024<b><\/b><\/p>\n<p><strong>P\u00e1ginas<\/strong>: 220<\/p>\n<p class=\"p1\"><b>SINOPSIS<br \/>\n<\/b><\/p>\n<p class=\"p1\">A lo largo de la historia, la humanidad ha buscado respuestas en los<\/p>\n<p class=\"p1\">cielos, desde los tiempos antiguos hasta nuestros d\u00edas. \u00bfEs posible<\/p>\n<p class=\"p1\">que lo divino y lo extraterrestre sean dos caras de la misma mone-<\/p>\n<p class=\"p1\">da? Esta pregunta ha generado innumerables teor\u00edas y debates a<\/p>\n<p class=\"p1\">lo largo de los siglos, y en medio de la incertidumbre, surge una<\/p>\n<p class=\"p1\">posibilidad inquietante: que los ovnis no sean simples visitantes de<\/p>\n<p class=\"p1\">otros mundos, sino manifestaciones de algo mucho m\u00e1s profundo.<\/p>\n<p class=\"p1\">Carlos Castillo C\u00f3rdoba nos invita a reconsiderar los antiguos rela-<\/p>\n<p class=\"p1\">tos b\u00edblicos a la luz de los fen\u00f3menos contempor\u00e1neos, sugiriendo<\/p>\n<p class=\"p1\">que lo que nuestros antepasados describieron como \u00abcarros de fue-<\/p>\n<p class=\"p1\">go\u00bb o \u00abnubes luminosas\u00bb podr\u00edan ser manifestaciones tecnol\u00f3gicas<\/p>\n<p class=\"p1\">avanzadas del propio Dios. A trav\u00e9s de un an\u00e1lisis cautivador de<\/p>\n<p class=\"p1\">las Escrituras, explora la idea de que las experiencias m\u00edsticas de<\/p>\n<p class=\"p1\">los profetas quiz\u00e1s fueron encuentros con inteligencias superiores,<\/p>\n<p class=\"p1\">integrando as\u00ed el misterio del cosmos con la espiritualidad.<\/p>\n<p class=\"p1\">Este libro nos invita a reflexionar sobre la naturaleza de los ovnis y<\/p>\n<p class=\"p1\">a profundizar en nuestra comprensi\u00f3n del universo, la fe y la rela-<\/p>\n<p class=\"p1\">ci\u00f3n entre lo humano y lo divino. Un viaje fascinante que nos reta<\/p>\n<p class=\"p1\">a mirar hacia el cielo con una nueva perspectiva.<\/p>\n<p class=\"p1\"><b>\u00a0<\/b><\/p>\n","protected":false},"excerpt":{"rendered":"<p class=\"p1\"><b>ISBN: <\/b>978-84-1089-394-8<br \/>\n<b><br \/>\nSINOPSIS<br \/>\n<\/b><\/p>\n<p class=\"p1\">A lo largo de la historia, la humanidad ha buscado respuestas en los<\/p>\n<p class=\"p1\">cielos, desde los tiempos antiguos hasta nuestros d\u00edas. \u00bfEs posible<\/p>\n<p class=\"p1\">que lo divino y lo extraterrestre sean dos caras de la misma mone-<\/p>\n<p class=\"p1\">da? Esta pregunta ha generado innumerables teor\u00edas y debates a<\/p>\n<p class=\"p1\">lo largo de los siglos, y en medio de la incertidumbre, surge una<\/p>\n<p class=\"p1\">posibilidad inquietante: que los ovnis no sean simples visitantes de<\/p>\n<p class=\"p1\">otros mundos, sino manifestaciones de algo mucho m\u00e1s profundo.<\/p>\n","protected":false},"featured_media":107931,"comment_status":"open","ping_status":"closed","template":"","meta":{"_acf_changed":false},"libro":[],"product_brand":[],"product_cat":[25],"product_tag":[],"class_list":{"0":"post-107930","1":"product","2":"type-product","3":"status-publish","4":"has-post-thumbnail","6":"product_cat-religion-y-espiritualidad","8":"first","9":"instock","10":"shipping-taxable","11":"product-type-simple"},"acf":{"autor":[107932],"enlace_de_compra":"https:\/\/www.amazon.es\/dp\/8410893940"},"yoast_head":"<!-- This site is optimized with the Yoast SEO plugin v26.6 - https:\/\/yoast.com\/wordpress\/plugins\/seo\/ -->\n<title>Ovnis. Las astronaves del Dios de Abraham, de Isaac y de Israel - Catalogo | Letrame Grupo Editorial<\/title>\n<meta name=\"robots\" content=\"index, follow, max-snippet:-1, max-image-preview:large, max-video-preview:-1\" \/>\n<link rel=\"canonical\" href=\"https:\/\/letrame.com\/catalogo\/producto\/ovnis-las-astronaves-del-dios-de-abraham-de-isaac-y-de-israel\/\" \/>\n<meta property=\"og:locale\" content=\"es_ES\" \/>\n<meta property=\"og:type\" content=\"article\" \/>\n<meta property=\"og:title\" content=\"Ovnis. Las astronaves del Dios de Abraham, de Isaac y de Israel - Catalogo | Letrame Grupo Editorial\" \/>\n<meta property=\"og:description\" content=\"ISBN: 978-84-1089-394-8  SINOPSIS  A lo largo de la historia, la humanidad ha buscado respuestas en los cielos, desde los tiempos antiguos hasta nuestros d\u00edas. \u00bfEs posible que lo divino y lo extraterrestre sean dos caras de la misma mone- da? Esta pregunta ha generado innumerables teor\u00edas y debates a lo largo de los siglos, y en medio de la incertidumbre, surge una posibilidad inquietante: que los ovnis no sean simples visitantes de otros mundos, sino manifestaciones de algo mucho m\u00e1s profundo.\" \/>\n<meta property=\"og:url\" content=\"https:\/\/letrame.com\/catalogo\/producto\/ovnis-las-astronaves-del-dios-de-abraham-de-isaac-y-de-israel\/\" \/>\n<meta property=\"og:site_name\" content=\"Catalogo | Letrame Grupo Editorial\" \/>\n<meta property=\"article:modified_time\" content=\"2025-01-29T07:40:16+00:00\" \/>\n<meta property=\"og:image\" content=\"https:\/\/letrame.com\/catalogo\/wp-content\/uploads\/2025\/01\/PortadaOvnis.jpg\" \/>\n\t<meta property=\"og:image:width\" content=\"425\" \/>\n\t<meta property=\"og:image:height\" content=\"595\" \/>\n\t<meta property=\"og:image:type\" content=\"image\/jpeg\" \/>\n<meta name=\"twitter:card\" content=\"summary_large_image\" \/>\n<meta name=\"twitter:label1\" content=\"Tiempo de lectura\" \/>\n\t<meta name=\"twitter:data1\" content=\"2 minutos\" \/>\n<script type=\"application\/ld+json\" class=\"yoast-schema-graph\">{\"@context\":\"https:\/\/schema.org\",\"@graph\":[{\"@type\":\"WebPage\",\"@id\":\"https:\/\/letrame.com\/catalogo\/producto\/ovnis-las-astronaves-del-dios-de-abraham-de-isaac-y-de-israel\/\",\"url\":\"https:\/\/letrame.com\/catalogo\/producto\/ovnis-las-astronaves-del-dios-de-abraham-de-isaac-y-de-israel\/\",\"name\":\"Ovnis. Las astronaves del Dios de Abraham, de Isaac y de Israel - Catalogo | Letrame Grupo Editorial\",\"isPartOf\":{\"@id\":\"https:\/\/letrame.com\/catalogo\/#website\"},\"primaryImageOfPage\":{\"@id\":\"https:\/\/letrame.com\/catalogo\/producto\/ovnis-las-astronaves-del-dios-de-abraham-de-isaac-y-de-israel\/#primaryimage\"},\"image\":{\"@id\":\"https:\/\/letrame.com\/catalogo\/producto\/ovnis-las-astronaves-del-dios-de-abraham-de-isaac-y-de-israel\/#primaryimage\"},\"thumbnailUrl\":\"https:\/\/letrame.com\/catalogo\/wp-content\/uploads\/2025\/01\/PortadaOvnis.jpg\",\"datePublished\":\"2025-01-29T07:37:04+00:00\",\"dateModified\":\"2025-01-29T07:40:16+00:00\",\"breadcrumb\":{\"@id\":\"https:\/\/letrame.com\/catalogo\/producto\/ovnis-las-astronaves-del-dios-de-abraham-de-isaac-y-de-israel\/#breadcrumb\"},\"inLanguage\":\"es\",\"potentialAction\":[{\"@type\":\"ReadAction\",\"target\":[\"https:\/\/letrame.com\/catalogo\/producto\/ovnis-las-astronaves-del-dios-de-abraham-de-isaac-y-de-israel\/\"]}]},{\"@type\":\"ImageObject\",\"inLanguage\":\"es\",\"@id\":\"https:\/\/letrame.com\/catalogo\/producto\/ovnis-las-astronaves-del-dios-de-abraham-de-isaac-y-de-israel\/#primaryimage\",\"url\":\"https:\/\/letrame.com\/catalogo\/wp-content\/uploads\/2025\/01\/PortadaOvnis.jpg\",\"contentUrl\":\"https:\/\/letrame.com\/catalogo\/wp-content\/uploads\/2025\/01\/PortadaOvnis.jpg\",\"width\":425,\"height\":595,\"caption\":\"Portada Ovnis\"},{\"@type\":\"BreadcrumbList\",\"@id\":\"https:\/\/letrame.com\/catalogo\/producto\/ovnis-las-astronaves-del-dios-de-abraham-de-isaac-y-de-israel\/#breadcrumb\",\"itemListElement\":[{\"@type\":\"ListItem\",\"position\":1,\"name\":\"Portada\",\"item\":\"https:\/\/letrame.com\/catalogo\/\"},{\"@type\":\"ListItem\",\"position\":2,\"name\":\"Cat\u00e1logo\",\"item\":\"https:\/\/letrame.com\/catalogo\/\"},{\"@type\":\"ListItem\",\"position\":3,\"name\":\"Ovnis. Las astronaves del Dios de Abraham, de Isaac y de Israel\"}]},{\"@type\":\"WebSite\",\"@id\":\"https:\/\/letrame.com\/catalogo\/#website\",\"url\":\"https:\/\/letrame.com\/catalogo\/\",\"name\":\"Catalogo | Letrame Grupo Editorial\",\"description\":\"\",\"publisher\":{\"@id\":\"https:\/\/letrame.com\/catalogo\/#organization\"},\"potentialAction\":[{\"@type\":\"SearchAction\",\"target\":{\"@type\":\"EntryPoint\",\"urlTemplate\":\"https:\/\/letrame.com\/catalogo\/?s={search_term_string}\"},\"query-input\":{\"@type\":\"PropertyValueSpecification\",\"valueRequired\":true,\"valueName\":\"search_term_string\"}}],\"inLanguage\":\"es\"},{\"@type\":\"Organization\",\"@id\":\"https:\/\/letrame.com\/catalogo\/#organization\",\"name\":\"Catalogo | Letrame Grupo Editorial\",\"url\":\"https:\/\/letrame.com\/catalogo\/\",\"logo\":{\"@type\":\"ImageObject\",\"inLanguage\":\"es\",\"@id\":\"https:\/\/letrame.com\/catalogo\/#\/schema\/logo\/image\/\",\"url\":\"https:\/\/letrame.com\/catalogo\/wp-content\/uploads\/2024\/03\/logo2.webp\",\"contentUrl\":\"https:\/\/letrame.com\/catalogo\/wp-content\/uploads\/2024\/03\/logo2.webp\",\"width\":394,\"height\":128,\"caption\":\"Catalogo | Letrame Grupo Editorial\"},\"image\":{\"@id\":\"https:\/\/letrame.com\/catalogo\/#\/schema\/logo\/image\/\"}}]}<\/script>\n<!-- \/ Yoast SEO plugin. -->","yoast_head_json":{"title":"Ovnis. Las astronaves del Dios de Abraham, de Isaac y de Israel - Catalogo | Letrame Grupo Editorial","robots":{"index":"index","follow":"follow","max-snippet":"max-snippet:-1","max-image-preview":"max-image-preview:large","max-video-preview":"max-video-preview:-1"},"canonical":"https:\/\/letrame.com\/catalogo\/producto\/ovnis-las-astronaves-del-dios-de-abraham-de-isaac-y-de-israel\/","og_locale":"es_ES","og_type":"article","og_title":"Ovnis. Las astronaves del Dios de Abraham, de Isaac y de Israel - Catalogo | Letrame Grupo Editorial","og_description":"ISBN: 978-84-1089-394-8  SINOPSIS  A lo largo de la historia, la humanidad ha buscado respuestas en los cielos, desde los tiempos antiguos hasta nuestros d\u00edas. \u00bfEs posible que lo divino y lo extraterrestre sean dos caras de la misma mone- da? Esta pregunta ha generado innumerables teor\u00edas y debates a lo largo de los siglos, y en medio de la incertidumbre, surge una posibilidad inquietante: que los ovnis no sean simples visitantes de otros mundos, sino manifestaciones de algo mucho m\u00e1s profundo.","og_url":"https:\/\/letrame.com\/catalogo\/producto\/ovnis-las-astronaves-del-dios-de-abraham-de-isaac-y-de-israel\/","og_site_name":"Catalogo | Letrame Grupo Editorial","article_modified_time":"2025-01-29T07:40:16+00:00","og_image":[{"width":425,"height":595,"url":"https:\/\/letrame.com\/catalogo\/wp-content\/uploads\/2025\/01\/PortadaOvnis.jpg","type":"image\/jpeg"}],"twitter_card":"summary_large_image","twitter_misc":{"Tiempo de lectura":"2 minutos"},"schema":{"@context":"https:\/\/schema.org","@graph":[{"@type":"WebPage","@id":"https:\/\/letrame.com\/catalogo\/producto\/ovnis-las-astronaves-del-dios-de-abraham-de-isaac-y-de-israel\/","url":"https:\/\/letrame.com\/catalogo\/producto\/ovnis-las-astronaves-del-dios-de-abraham-de-isaac-y-de-israel\/","name":"Ovnis. Las astronaves del Dios de Abraham, de Isaac y de Israel - Catalogo | Letrame Grupo Editorial","isPartOf":{"@id":"https:\/\/letrame.com\/catalogo\/#website"},"primaryImageOfPage":{"@id":"https:\/\/letrame.com\/catalogo\/producto\/ovnis-las-astronaves-del-dios-de-abraham-de-isaac-y-de-israel\/#primaryimage"},"image":{"@id":"https:\/\/letrame.com\/catalogo\/producto\/ovnis-las-astronaves-del-dios-de-abraham-de-isaac-y-de-israel\/#primaryimage"},"thumbnailUrl":"https:\/\/letrame.com\/catalogo\/wp-content\/uploads\/2025\/01\/PortadaOvnis.jpg","datePublished":"2025-01-29T07:37:04+00:00","dateModified":"2025-01-29T07:40:16+00:00","breadcrumb":{"@id":"https:\/\/letrame.com\/catalogo\/producto\/ovnis-las-astronaves-del-dios-de-abraham-de-isaac-y-de-israel\/#breadcrumb"},"inLanguage":"es","potentialAction":[{"@type":"ReadAction","target":["https:\/\/letrame.com\/catalogo\/producto\/ovnis-las-astronaves-del-dios-de-abraham-de-isaac-y-de-israel\/"]}]},{"@type":"ImageObject","inLanguage":"es","@id":"https:\/\/letrame.com\/catalogo\/producto\/ovnis-las-astronaves-del-dios-de-abraham-de-isaac-y-de-israel\/#primaryimage","url":"https:\/\/letrame.com\/catalogo\/wp-content\/uploads\/2025\/01\/PortadaOvnis.jpg","contentUrl":"https:\/\/letrame.com\/catalogo\/wp-content\/uploads\/2025\/01\/PortadaOvnis.jpg","width":425,"height":595,"caption":"Portada Ovnis"},{"@type":"BreadcrumbList","@id":"https:\/\/letrame.com\/catalogo\/producto\/ovnis-las-astronaves-del-dios-de-abraham-de-isaac-y-de-israel\/#breadcrumb","itemListElement":[{"@type":"ListItem","position":1,"name":"Portada","item":"https:\/\/letrame.com\/catalogo\/"},{"@type":"ListItem","position":2,"name":"Cat\u00e1logo","item":"https:\/\/letrame.com\/catalogo\/"},{"@type":"ListItem","position":3,"name":"Ovnis. Las astronaves del Dios de Abraham, de Isaac y de Israel"}]},{"@type":"WebSite","@id":"https:\/\/letrame.com\/catalogo\/#website","url":"https:\/\/letrame.com\/catalogo\/","name":"Catalogo | Letrame Grupo Editorial","description":"","publisher":{"@id":"https:\/\/letrame.com\/catalogo\/#organization"},"potentialAction":[{"@type":"SearchAction","target":{"@type":"EntryPoint","urlTemplate":"https:\/\/letrame.com\/catalogo\/?s={search_term_string}"},"query-input":{"@type":"PropertyValueSpecification","valueRequired":true,"valueName":"search_term_string"}}],"inLanguage":"es"},{"@type":"Organization","@id":"https:\/\/letrame.com\/catalogo\/#organization","name":"Catalogo | Letrame Grupo Editorial","url":"https:\/\/letrame.com\/catalogo\/","logo":{"@type":"ImageObject","inLanguage":"es","@id":"https:\/\/letrame.com\/catalogo\/#\/schema\/logo\/image\/","url":"https:\/\/letrame.com\/catalogo\/wp-content\/uploads\/2024\/03\/logo2.webp","contentUrl":"https:\/\/letrame.com\/catalogo\/wp-content\/uploads\/2024\/03\/logo2.webp","width":394,"height":128,"caption":"Catalogo | Letrame Grupo Editorial"},"image":{"@id":"https:\/\/letrame.com\/catalogo\/#\/schema\/logo\/image\/"}}]}},"_links":{"self":[{"href":"https:\/\/letrame.com\/catalogo\/wp-json\/wp\/v2\/product\/107930","targetHints":{"allow":["GET"]}}],"collection":[{"href":"https:\/\/letrame.com\/catalogo\/wp-json\/wp\/v2\/product"}],"about":[{"href":"https:\/\/letrame.com\/catalogo\/wp-json\/wp\/v2\/types\/product"}],"replies":[{"embeddable":true,"href":"https:\/\/letrame.com\/catalogo\/wp-json\/wp\/v2\/comments?post=107930"}],"acf:post":[{"embeddable":true,"href":"https:\/\/letrame.com\/catalogo\/wp-json\/wp\/v2\/author_book\/107932"}],"wp:featuredmedia":[{"embeddable":true,"href":"https:\/\/letrame.com\/catalogo\/wp-json\/wp\/v2\/media\/107931"}],"wp:attachment":[{"href":"https:\/\/letrame.com\/catalogo\/wp-json\/wp\/v2\/media?parent=107930"}],"wp:term":[{"taxonomy":"libro","embeddable":true,"href":"https:\/\/letrame.com\/catalogo\/wp-json\/wp\/v2\/libro?post=107930"},{"taxonomy":"product_brand","embeddable":true,"href":"https:\/\/letrame.com\/catalogo\/wp-json\/wp\/v2\/product_brand?post=107930"},{"taxonomy":"product_cat","embeddable":true,"href":"https:\/\/letrame.com\/catalogo\/wp-json\/wp\/v2\/product_cat?post=107930"},{"taxonomy":"product_tag","embeddable":true,"href":"https:\/\/letrame.com\/catalogo\/wp-json\/wp\/v2\/product_tag?post=107930"}],"curies":[{"name":"wp","href":"https:\/\/api.w.org\/{rel}","templated":true}]}}