{"id":107881,"date":"2025-01-27T09:04:12","date_gmt":"2025-01-27T08:04:12","guid":{"rendered":"https:\/\/letrame.com\/catalogo\/?post_type=product&#038;p=107881"},"modified":"2025-01-27T09:08:07","modified_gmt":"2025-01-27T08:08:07","slug":"monologos-desde-mi-soledad","status":"publish","type":"product","link":"https:\/\/letrame.com\/catalogo\/producto\/monologos-desde-mi-soledad\/","title":{"rendered":"Mon\u00f3logos desde mi soledad"},"content":{"rendered":"<p class=\"p1\"><b>ISBN: <\/b>978-84-1089-225-5<\/p>\n<p class=\"p1\"><b>T\u00edtulo: <\/b>Mon\u00f3logos desde mi soledad<b><\/b><\/p>\n<p><strong>Fecha<\/strong>: 2024<b><\/b><\/p>\n<p><strong>P\u00e1ginas<\/strong>: 178<b><\/b><\/p>\n<p class=\"p1\"><b>SINOPSIS<br \/>\n<\/b><\/p>\n<p class=\"p1\">Luis Alejandro Chaves ha creado, con Mon\u00f3logos desde mi soledad,<\/p>\n<p class=\"p1\">una obra \u00edntima y reflexiva que desentra\u00f1a las emociones humanas<\/p>\n<p class=\"p1\">en su forma m\u00e1s cruda. A trav\u00e9s de relatos fragmentados, el autor<\/p>\n<p class=\"p1\">nos lleva a recorrer un viaje interior, lleno de amor, miedo, p\u00e9rdida<\/p>\n<p class=\"p1\">y la b\u00fasqueda incesante de sentido. Con una prosa que fluye como<\/p>\n<p class=\"p1\">la lluvia pertinaz de los recuerdos, estos mon\u00f3logos exploran la<\/p>\n<p class=\"p1\">soledad y las complejidades del coraz\u00f3n humano.<\/p>\n<p class=\"p1\">Cada texto revela una lucha con la memoria y el tiempo, donde lo<\/p>\n<p class=\"p1\">cotidiano y lo eterno se entrelazan, creando un paisaje emocional<\/p>\n<p class=\"p1\">profundo y evocador por las m\u00e1s \u00edntimas vivencias: la nostalgia de<\/p>\n<p class=\"p1\">un amor imposible, la soledad que acompa\u00f1a al paso del tiempo,<\/p>\n<p class=\"p1\">o la resignaci\u00f3n frente a lo inevitable. Este libro es una confesi\u00f3n<\/p>\n<p class=\"p1\">en voz baja, un homenaje a las heridas que nos transforman, una<\/p>\n<p class=\"p1\">celebraci\u00f3n de las conexiones humanas, y una meditaci\u00f3n sobre el<\/p>\n<p class=\"p1\">poder del amor y la fragilidad de la existencia.<\/p>\n<p class=\"p1\"><b>\u00a0<\/b><\/p>\n","protected":false},"excerpt":{"rendered":"<p class=\"p1\"><b>ISBN: <\/b>978-84-1089-225-5<b><\/b><\/p>\n<p><strong>SINOPSIS<\/strong><\/p>\n<p class=\"p1\">Luis Alejandro Chaves ha creado, con Mon\u00f3logos desde mi soledad,<\/p>\n<p class=\"p1\">una obra \u00edntima y reflexiva que desentra\u00f1a las emociones humanas<\/p>\n<p class=\"p1\">en su forma m\u00e1s cruda. A trav\u00e9s de relatos fragmentados, el autor<\/p>\n<p class=\"p1\">nos lleva a recorrer un viaje interior, lleno de amor, miedo, p\u00e9rdida<\/p>\n<p class=\"p1\">y la b\u00fasqueda incesante de sentido.<\/p>\n","protected":false},"featured_media":107882,"comment_status":"open","ping_status":"closed","template":"","meta":{"_acf_changed":false},"libro":[],"product_brand":[],"product_cat":[133],"product_tag":[],"class_list":{"0":"post-107881","1":"product","2":"type-product","3":"status-publish","4":"has-post-thumbnail","6":"product_cat-no-ficcion","8":"first","9":"instock","10":"shipping-taxable","11":"product-type-simple"},"acf":{"autor":[107039],"enlace_de_compra":"https:\/\/www.amazon.es\/dp\/8410892251"},"yoast_head":"<!-- This site is optimized with the Yoast SEO plugin v27.4 - https:\/\/yoast.com\/product\/yoast-seo-wordpress\/ -->\n<title>Mon\u00f3logos desde mi soledad - Catalogo | Letrame Grupo Editorial<\/title>\n<meta name=\"robots\" content=\"index, follow, max-snippet:-1, max-image-preview:large, max-video-preview:-1\" \/>\n<link rel=\"canonical\" href=\"https:\/\/letrame.com\/catalogo\/producto\/monologos-desde-mi-soledad\/\" \/>\n<meta property=\"og:locale\" content=\"es_ES\" \/>\n<meta property=\"og:type\" content=\"article\" \/>\n<meta property=\"og:title\" content=\"Mon\u00f3logos desde mi soledad - Catalogo | Letrame Grupo Editorial\" \/>\n<meta property=\"og:description\" content=\"ISBN: 978-84-1089-225-5 SINOPSIS Luis Alejandro Chaves ha creado, con Mon\u00f3logos desde mi soledad, una obra \u00edntima y reflexiva que desentra\u00f1a las emociones humanas en su forma m\u00e1s cruda. A trav\u00e9s de relatos fragmentados, el autor nos lleva a recorrer un viaje interior, lleno de amor, miedo, p\u00e9rdida y la b\u00fasqueda incesante de sentido.\" \/>\n<meta property=\"og:url\" content=\"https:\/\/letrame.com\/catalogo\/producto\/monologos-desde-mi-soledad\/\" \/>\n<meta property=\"og:site_name\" content=\"Catalogo | Letrame Grupo Editorial\" \/>\n<meta property=\"article:modified_time\" content=\"2025-01-27T08:08:07+00:00\" \/>\n<meta property=\"og:image\" content=\"https:\/\/letrame.com\/catalogo\/wp-content\/uploads\/2025\/01\/PortadaMonologosdesdemisoledad.jpg\" \/>\n\t<meta property=\"og:image:width\" content=\"425\" \/>\n\t<meta property=\"og:image:height\" content=\"595\" \/>\n\t<meta property=\"og:image:type\" content=\"image\/jpeg\" \/>\n<meta name=\"twitter:card\" content=\"summary_large_image\" \/>\n<meta name=\"twitter:label1\" content=\"Tiempo de lectura\" \/>\n\t<meta name=\"twitter:data1\" content=\"1 minuto\" \/>\n<script type=\"application\/ld+json\" class=\"yoast-schema-graph\">{\"@context\":\"https:\\\/\\\/schema.org\",\"@graph\":[{\"@type\":\"WebPage\",\"@id\":\"https:\\\/\\\/letrame.com\\\/catalogo\\\/producto\\\/monologos-desde-mi-soledad\\\/\",\"url\":\"https:\\\/\\\/letrame.com\\\/catalogo\\\/producto\\\/monologos-desde-mi-soledad\\\/\",\"name\":\"Mon\u00f3logos desde mi soledad - Catalogo | Letrame Grupo Editorial\",\"isPartOf\":{\"@id\":\"https:\\\/\\\/letrame.com\\\/catalogo\\\/#website\"},\"primaryImageOfPage\":{\"@id\":\"https:\\\/\\\/letrame.com\\\/catalogo\\\/producto\\\/monologos-desde-mi-soledad\\\/#primaryimage\"},\"image\":{\"@id\":\"https:\\\/\\\/letrame.com\\\/catalogo\\\/producto\\\/monologos-desde-mi-soledad\\\/#primaryimage\"},\"thumbnailUrl\":\"https:\\\/\\\/letrame.com\\\/catalogo\\\/wp-content\\\/uploads\\\/2025\\\/01\\\/PortadaMonologosdesdemisoledad.jpg\",\"datePublished\":\"2025-01-27T08:04:12+00:00\",\"dateModified\":\"2025-01-27T08:08:07+00:00\",\"breadcrumb\":{\"@id\":\"https:\\\/\\\/letrame.com\\\/catalogo\\\/producto\\\/monologos-desde-mi-soledad\\\/#breadcrumb\"},\"inLanguage\":\"es\",\"potentialAction\":[{\"@type\":\"ReadAction\",\"target\":[\"https:\\\/\\\/letrame.com\\\/catalogo\\\/producto\\\/monologos-desde-mi-soledad\\\/\"]}]},{\"@type\":\"ImageObject\",\"inLanguage\":\"es\",\"@id\":\"https:\\\/\\\/letrame.com\\\/catalogo\\\/producto\\\/monologos-desde-mi-soledad\\\/#primaryimage\",\"url\":\"https:\\\/\\\/letrame.com\\\/catalogo\\\/wp-content\\\/uploads\\\/2025\\\/01\\\/PortadaMonologosdesdemisoledad.jpg\",\"contentUrl\":\"https:\\\/\\\/letrame.com\\\/catalogo\\\/wp-content\\\/uploads\\\/2025\\\/01\\\/PortadaMonologosdesdemisoledad.jpg\",\"width\":425,\"height\":595,\"caption\":\"Portada Mon\u00f3logos desde mi soledad\"},{\"@type\":\"BreadcrumbList\",\"@id\":\"https:\\\/\\\/letrame.com\\\/catalogo\\\/producto\\\/monologos-desde-mi-soledad\\\/#breadcrumb\",\"itemListElement\":[{\"@type\":\"ListItem\",\"position\":1,\"name\":\"Portada\",\"item\":\"https:\\\/\\\/letrame.com\\\/catalogo\\\/\"},{\"@type\":\"ListItem\",\"position\":2,\"name\":\"Cat\u00e1logo\",\"item\":\"https:\\\/\\\/letrame.com\\\/catalogo\\\/\"},{\"@type\":\"ListItem\",\"position\":3,\"name\":\"Mon\u00f3logos desde mi soledad\"}]},{\"@type\":\"WebSite\",\"@id\":\"https:\\\/\\\/letrame.com\\\/catalogo\\\/#website\",\"url\":\"https:\\\/\\\/letrame.com\\\/catalogo\\\/\",\"name\":\"Catalogo | Letrame Grupo Editorial\",\"description\":\"\",\"publisher\":{\"@id\":\"https:\\\/\\\/letrame.com\\\/catalogo\\\/#organization\"},\"potentialAction\":[{\"@type\":\"SearchAction\",\"target\":{\"@type\":\"EntryPoint\",\"urlTemplate\":\"https:\\\/\\\/letrame.com\\\/catalogo\\\/?s={search_term_string}\"},\"query-input\":{\"@type\":\"PropertyValueSpecification\",\"valueRequired\":true,\"valueName\":\"search_term_string\"}}],\"inLanguage\":\"es\"},{\"@type\":\"Organization\",\"@id\":\"https:\\\/\\\/letrame.com\\\/catalogo\\\/#organization\",\"name\":\"Catalogo | Letrame Grupo Editorial\",\"url\":\"https:\\\/\\\/letrame.com\\\/catalogo\\\/\",\"logo\":{\"@type\":\"ImageObject\",\"inLanguage\":\"es\",\"@id\":\"https:\\\/\\\/letrame.com\\\/catalogo\\\/#\\\/schema\\\/logo\\\/image\\\/\",\"url\":\"https:\\\/\\\/letrame.com\\\/catalogo\\\/wp-content\\\/uploads\\\/2024\\\/03\\\/logo2.webp\",\"contentUrl\":\"https:\\\/\\\/letrame.com\\\/catalogo\\\/wp-content\\\/uploads\\\/2024\\\/03\\\/logo2.webp\",\"width\":394,\"height\":128,\"caption\":\"Catalogo | Letrame Grupo Editorial\"},\"image\":{\"@id\":\"https:\\\/\\\/letrame.com\\\/catalogo\\\/#\\\/schema\\\/logo\\\/image\\\/\"}}]}<\/script>\n<!-- \/ Yoast SEO plugin. -->","yoast_head_json":{"title":"Mon\u00f3logos desde mi soledad - Catalogo | Letrame Grupo Editorial","robots":{"index":"index","follow":"follow","max-snippet":"max-snippet:-1","max-image-preview":"max-image-preview:large","max-video-preview":"max-video-preview:-1"},"canonical":"https:\/\/letrame.com\/catalogo\/producto\/monologos-desde-mi-soledad\/","og_locale":"es_ES","og_type":"article","og_title":"Mon\u00f3logos desde mi soledad - Catalogo | Letrame Grupo Editorial","og_description":"ISBN: 978-84-1089-225-5 SINOPSIS Luis Alejandro Chaves ha creado, con Mon\u00f3logos desde mi soledad, una obra \u00edntima y reflexiva que desentra\u00f1a las emociones humanas en su forma m\u00e1s cruda. A trav\u00e9s de relatos fragmentados, el autor nos lleva a recorrer un viaje interior, lleno de amor, miedo, p\u00e9rdida y la b\u00fasqueda incesante de sentido.","og_url":"https:\/\/letrame.com\/catalogo\/producto\/monologos-desde-mi-soledad\/","og_site_name":"Catalogo | Letrame Grupo Editorial","article_modified_time":"2025-01-27T08:08:07+00:00","og_image":[{"width":425,"height":595,"url":"https:\/\/letrame.com\/catalogo\/wp-content\/uploads\/2025\/01\/PortadaMonologosdesdemisoledad.jpg","type":"image\/jpeg"}],"twitter_card":"summary_large_image","twitter_misc":{"Tiempo de lectura":"1 minuto"},"schema":{"@context":"https:\/\/schema.org","@graph":[{"@type":"WebPage","@id":"https:\/\/letrame.com\/catalogo\/producto\/monologos-desde-mi-soledad\/","url":"https:\/\/letrame.com\/catalogo\/producto\/monologos-desde-mi-soledad\/","name":"Mon\u00f3logos desde mi soledad - Catalogo | Letrame Grupo Editorial","isPartOf":{"@id":"https:\/\/letrame.com\/catalogo\/#website"},"primaryImageOfPage":{"@id":"https:\/\/letrame.com\/catalogo\/producto\/monologos-desde-mi-soledad\/#primaryimage"},"image":{"@id":"https:\/\/letrame.com\/catalogo\/producto\/monologos-desde-mi-soledad\/#primaryimage"},"thumbnailUrl":"https:\/\/letrame.com\/catalogo\/wp-content\/uploads\/2025\/01\/PortadaMonologosdesdemisoledad.jpg","datePublished":"2025-01-27T08:04:12+00:00","dateModified":"2025-01-27T08:08:07+00:00","breadcrumb":{"@id":"https:\/\/letrame.com\/catalogo\/producto\/monologos-desde-mi-soledad\/#breadcrumb"},"inLanguage":"es","potentialAction":[{"@type":"ReadAction","target":["https:\/\/letrame.com\/catalogo\/producto\/monologos-desde-mi-soledad\/"]}]},{"@type":"ImageObject","inLanguage":"es","@id":"https:\/\/letrame.com\/catalogo\/producto\/monologos-desde-mi-soledad\/#primaryimage","url":"https:\/\/letrame.com\/catalogo\/wp-content\/uploads\/2025\/01\/PortadaMonologosdesdemisoledad.jpg","contentUrl":"https:\/\/letrame.com\/catalogo\/wp-content\/uploads\/2025\/01\/PortadaMonologosdesdemisoledad.jpg","width":425,"height":595,"caption":"Portada Mon\u00f3logos desde mi soledad"},{"@type":"BreadcrumbList","@id":"https:\/\/letrame.com\/catalogo\/producto\/monologos-desde-mi-soledad\/#breadcrumb","itemListElement":[{"@type":"ListItem","position":1,"name":"Portada","item":"https:\/\/letrame.com\/catalogo\/"},{"@type":"ListItem","position":2,"name":"Cat\u00e1logo","item":"https:\/\/letrame.com\/catalogo\/"},{"@type":"ListItem","position":3,"name":"Mon\u00f3logos desde mi soledad"}]},{"@type":"WebSite","@id":"https:\/\/letrame.com\/catalogo\/#website","url":"https:\/\/letrame.com\/catalogo\/","name":"Catalogo | Letrame Grupo Editorial","description":"","publisher":{"@id":"https:\/\/letrame.com\/catalogo\/#organization"},"potentialAction":[{"@type":"SearchAction","target":{"@type":"EntryPoint","urlTemplate":"https:\/\/letrame.com\/catalogo\/?s={search_term_string}"},"query-input":{"@type":"PropertyValueSpecification","valueRequired":true,"valueName":"search_term_string"}}],"inLanguage":"es"},{"@type":"Organization","@id":"https:\/\/letrame.com\/catalogo\/#organization","name":"Catalogo | Letrame Grupo Editorial","url":"https:\/\/letrame.com\/catalogo\/","logo":{"@type":"ImageObject","inLanguage":"es","@id":"https:\/\/letrame.com\/catalogo\/#\/schema\/logo\/image\/","url":"https:\/\/letrame.com\/catalogo\/wp-content\/uploads\/2024\/03\/logo2.webp","contentUrl":"https:\/\/letrame.com\/catalogo\/wp-content\/uploads\/2024\/03\/logo2.webp","width":394,"height":128,"caption":"Catalogo | Letrame Grupo Editorial"},"image":{"@id":"https:\/\/letrame.com\/catalogo\/#\/schema\/logo\/image\/"}}]}},"_links":{"self":[{"href":"https:\/\/letrame.com\/catalogo\/wp-json\/wp\/v2\/product\/107881","targetHints":{"allow":["GET"]}}],"collection":[{"href":"https:\/\/letrame.com\/catalogo\/wp-json\/wp\/v2\/product"}],"about":[{"href":"https:\/\/letrame.com\/catalogo\/wp-json\/wp\/v2\/types\/product"}],"replies":[{"embeddable":true,"href":"https:\/\/letrame.com\/catalogo\/wp-json\/wp\/v2\/comments?post=107881"}],"acf:post":[{"embeddable":true,"href":"https:\/\/letrame.com\/catalogo\/wp-json\/wp\/v2\/author_book\/107039"}],"wp:featuredmedia":[{"embeddable":true,"href":"https:\/\/letrame.com\/catalogo\/wp-json\/wp\/v2\/media\/107882"}],"wp:attachment":[{"href":"https:\/\/letrame.com\/catalogo\/wp-json\/wp\/v2\/media?parent=107881"}],"wp:term":[{"taxonomy":"libro","embeddable":true,"href":"https:\/\/letrame.com\/catalogo\/wp-json\/wp\/v2\/libro?post=107881"},{"taxonomy":"product_brand","embeddable":true,"href":"https:\/\/letrame.com\/catalogo\/wp-json\/wp\/v2\/product_brand?post=107881"},{"taxonomy":"product_cat","embeddable":true,"href":"https:\/\/letrame.com\/catalogo\/wp-json\/wp\/v2\/product_cat?post=107881"},{"taxonomy":"product_tag","embeddable":true,"href":"https:\/\/letrame.com\/catalogo\/wp-json\/wp\/v2\/product_tag?post=107881"}],"curies":[{"name":"wp","href":"https:\/\/api.w.org\/{rel}","templated":true}]}}