{"id":107873,"date":"2025-01-24T12:20:26","date_gmt":"2025-01-24T11:20:26","guid":{"rendered":"https:\/\/letrame.com\/catalogo\/?post_type=product&#038;p=107873"},"modified":"2026-03-20T13:03:42","modified_gmt":"2026-03-20T12:03:42","slug":"para-ti","status":"publish","type":"product","link":"https:\/\/letrame.com\/catalogo\/producto\/para-ti\/","title":{"rendered":"Para ti. 2\u00aa Edici\u00f3n"},"content":{"rendered":"<p class=\"p1\"><b>ISBN:<\/b>9791370295868<\/p>\n<p class=\"p1\"><b>T\u00edtulo:<\/b>Para ti. 2\u00aa Edici\u00f3n<b><\/b><\/p>\n<p><strong>Fecha<\/strong>: 2026<b><\/b><\/p>\n<p><strong>P\u00e1ginas<\/strong>: 206<b><\/b><\/p>\n<p class=\"p1\"><b>SINOPSIS<br \/>\n<\/b><\/p>\n<p class=\"p1\">A veces, la vida nos coloca en caminos que nunca pensamos recorrer. Caminos en los que las certezas se desmoronan y lo \u00fanico que nos sostiene es el hilo invisible del deseo y la esperanza. En esos momentos, un simple gesto, una palabra o incluso una carta que llega a las manos equivocadas, pueden hacer que nuestro destino cambie.<\/p>\n<p class=\"p1\">Andrea nunca imagin\u00f3 que un sobre perdido la llevar\u00eda a replantearse todo lo que cre\u00eda saber sobre el amor y la amistad. Enredada entre las travesuras de un duendecillo que parece divertir al des-tino, y sus propios sentimientos confusos, se encuentra ante un desaf\u00edo mayor: decidir hacer lo que le dicta el coraz\u00f3n o seguir las reglas que la vida le ha impuesto.<\/p>\n<p class=\"p1\">Mientras, Mateo, atrapado en su propia indecisi\u00f3n, se debate entre lo que siente y lo que teme perder, a Claudia, su amiga insepara-ble. En este tri\u00e1ngulo amoroso en el que se ven inmersos, Andrea descubrir\u00e1 que el amor no siempre es f\u00e1cil ni predecible. Las cartas est\u00e1n sobre la mesa y lo que parec\u00eda un simple malentendido puede ser la llave a una nueva realidad.<\/p>\n<p class=\"p1\">Para ti es una historia que nos recuerda que el amor, en todas sus formas, es una apuesta incierta. Clara Isabel Landeta nos invita a reflexionar sobre c\u00f3mo peque\u00f1os actos pueden cambiar el curso de nuestra vida, sobre el valor de la sinceridad y c\u00f3mo, a veces, lo que m\u00e1s deseamos est\u00e1 m\u00e1s cerca de lo que imaginamos.<\/p>\n","protected":false},"excerpt":{"rendered":"<p class=\"p1\"><b>ISBN:<\/b>9791370295868<\/p>\n<p class=\"p1\"><b>SINOPSIS<br \/>\n<\/b><\/p>\n<p class=\"p1\">A veces, la vida nos coloca en caminos que nunca pensamos recorrer. Caminos en los que las certezas se desmoronan y lo \u00fanico que nos sostiene es el hilo invisible del deseo y la esperanza. En esos momentos, un simple gesto, una palabra o incluso una carta que llega a las manos equivocadas, pueden hacer que nuestro destino cambie.<\/p>\n<p class=\"p1\">Andrea nunca imagin\u00f3 que un sobre perdido la llevar\u00eda a replantearse todo lo que cre\u00eda saber sobre el amor y la amistad. Enredada entre las travesuras de un duendecillo que parece divertir al des-tino, y sus propios sentimientos confusos, se encuentra ante un desaf\u00edo mayor: decidir hacer lo que le dicta el coraz\u00f3n o seguir las reglas que la vida le ha impuesto.<\/p>\n<p class=\"p1\">Mientras, Mateo, atrapado en su propia indecisi\u00f3n, se debate entre lo que siente y lo que teme perder, a Claudia, su amiga insepara-ble. En este tri\u00e1ngulo amoroso en el que se ven inmersos, Andrea descubrir\u00e1 que el amor no siempre es f\u00e1cil ni predecible. Las cartas est\u00e1n sobre la mesa y lo que parec\u00eda un simple malentendido puede ser la llave a una nueva realidad.<\/p>\n<p class=\"p1\">Para ti es una historia que nos recuerda que el amor, en todas sus formas, es una apuesta incierta. Clara Isabel Landeta nos invita a reflexionar sobre c\u00f3mo peque\u00f1os actos pueden cambiar el curso de nuestra vida, sobre el valor de la sinceridad y c\u00f3mo, a veces, lo que m\u00e1s deseamos est\u00e1 m\u00e1s cerca de lo que imaginamos.<\/p>\n","protected":false},"featured_media":107874,"comment_status":"open","ping_status":"closed","template":"","meta":{"_acf_changed":false},"libro":[],"product_brand":[],"product_cat":[16],"product_tag":[],"class_list":{"0":"post-107873","1":"product","2":"type-product","3":"status-publish","4":"has-post-thumbnail","6":"product_cat-novela","8":"first","9":"instock","10":"shipping-taxable","11":"product-type-simple"},"acf":{"autor":[107875],"enlace_de_compra":"https:\/\/amzn.to\/4bmfr0v"},"yoast_head":"<!-- This site is optimized with the Yoast SEO plugin v26.6 - https:\/\/yoast.com\/wordpress\/plugins\/seo\/ -->\n<title>Para ti. 2\u00aa Edici\u00f3n - Catalogo | Letrame Grupo Editorial<\/title>\n<meta name=\"robots\" content=\"index, follow, max-snippet:-1, max-image-preview:large, max-video-preview:-1\" \/>\n<link rel=\"canonical\" href=\"https:\/\/letrame.com\/catalogo\/producto\/para-ti\/\" \/>\n<meta property=\"og:locale\" content=\"es_ES\" \/>\n<meta property=\"og:type\" content=\"article\" \/>\n<meta property=\"og:title\" content=\"Para ti. 2\u00aa Edici\u00f3n - Catalogo | Letrame Grupo Editorial\" \/>\n<meta property=\"og:description\" content=\"ISBN:9791370295868 SINOPSIS  A veces, la vida nos coloca en caminos que nunca pensamos recorrer. Caminos en los que las certezas se desmoronan y lo \u00fanico que nos sostiene es el hilo invisible del deseo y la esperanza. En esos momentos, un simple gesto, una palabra o incluso una carta que llega a las manos equivocadas, pueden hacer que nuestro destino cambie. Andrea nunca imagin\u00f3 que un sobre perdido la llevar\u00eda a replantearse todo lo que cre\u00eda saber sobre el amor y la amistad. Enredada entre las travesuras de un duendecillo que parece divertir al des-tino, y sus propios sentimientos confusos, se encuentra ante un desaf\u00edo mayor: decidir hacer lo que le dicta el coraz\u00f3n o seguir las reglas que la vida le ha impuesto. Mientras, Mateo, atrapado en su propia indecisi\u00f3n, se debate entre lo que siente y lo que teme perder, a Claudia, su amiga insepara-ble. En este tri\u00e1ngulo amoroso en el que se ven inmersos, Andrea descubrir\u00e1 que el amor no siempre es f\u00e1cil ni predecible. Las cartas est\u00e1n sobre la mesa y lo que parec\u00eda un simple malentendido puede ser la llave a una nueva realidad. Para ti es una historia que nos recuerda que el amor, en todas sus formas, es una apuesta incierta. Clara Isabel Landeta nos invita a reflexionar sobre c\u00f3mo peque\u00f1os actos pueden cambiar el curso de nuestra vida, sobre el valor de la sinceridad y c\u00f3mo, a veces, lo que m\u00e1s deseamos est\u00e1 m\u00e1s cerca de lo que imaginamos.\" \/>\n<meta property=\"og:url\" content=\"https:\/\/letrame.com\/catalogo\/producto\/para-ti\/\" \/>\n<meta property=\"og:site_name\" content=\"Catalogo | Letrame Grupo Editorial\" \/>\n<meta property=\"article:modified_time\" content=\"2026-03-20T12:03:42+00:00\" \/>\n<meta property=\"og:image\" content=\"https:\/\/letrame.com\/catalogo\/wp-content\/uploads\/2025\/01\/PortadaParati.jpg\" \/>\n\t<meta property=\"og:image:width\" content=\"425\" \/>\n\t<meta property=\"og:image:height\" content=\"595\" \/>\n\t<meta property=\"og:image:type\" content=\"image\/jpeg\" \/>\n<meta name=\"twitter:card\" content=\"summary_large_image\" \/>\n<meta name=\"twitter:label1\" content=\"Tiempo de lectura\" \/>\n\t<meta name=\"twitter:data1\" content=\"2 minutos\" \/>\n<script type=\"application\/ld+json\" class=\"yoast-schema-graph\">{\"@context\":\"https:\/\/schema.org\",\"@graph\":[{\"@type\":\"WebPage\",\"@id\":\"https:\/\/letrame.com\/catalogo\/producto\/para-ti\/\",\"url\":\"https:\/\/letrame.com\/catalogo\/producto\/para-ti\/\",\"name\":\"Para ti. 2\u00aa Edici\u00f3n - Catalogo | Letrame Grupo Editorial\",\"isPartOf\":{\"@id\":\"https:\/\/letrame.com\/catalogo\/#website\"},\"primaryImageOfPage\":{\"@id\":\"https:\/\/letrame.com\/catalogo\/producto\/para-ti\/#primaryimage\"},\"image\":{\"@id\":\"https:\/\/letrame.com\/catalogo\/producto\/para-ti\/#primaryimage\"},\"thumbnailUrl\":\"https:\/\/letrame.com\/catalogo\/wp-content\/uploads\/2025\/01\/PortadaParati.jpg\",\"datePublished\":\"2025-01-24T11:20:26+00:00\",\"dateModified\":\"2026-03-20T12:03:42+00:00\",\"breadcrumb\":{\"@id\":\"https:\/\/letrame.com\/catalogo\/producto\/para-ti\/#breadcrumb\"},\"inLanguage\":\"es\",\"potentialAction\":[{\"@type\":\"ReadAction\",\"target\":[\"https:\/\/letrame.com\/catalogo\/producto\/para-ti\/\"]}]},{\"@type\":\"ImageObject\",\"inLanguage\":\"es\",\"@id\":\"https:\/\/letrame.com\/catalogo\/producto\/para-ti\/#primaryimage\",\"url\":\"https:\/\/letrame.com\/catalogo\/wp-content\/uploads\/2025\/01\/PortadaParati.jpg\",\"contentUrl\":\"https:\/\/letrame.com\/catalogo\/wp-content\/uploads\/2025\/01\/PortadaParati.jpg\",\"width\":425,\"height\":595,\"caption\":\"Portada Para ti\"},{\"@type\":\"BreadcrumbList\",\"@id\":\"https:\/\/letrame.com\/catalogo\/producto\/para-ti\/#breadcrumb\",\"itemListElement\":[{\"@type\":\"ListItem\",\"position\":1,\"name\":\"Portada\",\"item\":\"https:\/\/letrame.com\/catalogo\/\"},{\"@type\":\"ListItem\",\"position\":2,\"name\":\"Cat\u00e1logo\",\"item\":\"https:\/\/letrame.com\/catalogo\/\"},{\"@type\":\"ListItem\",\"position\":3,\"name\":\"Para ti. 2\u00aa Edici\u00f3n\"}]},{\"@type\":\"WebSite\",\"@id\":\"https:\/\/letrame.com\/catalogo\/#website\",\"url\":\"https:\/\/letrame.com\/catalogo\/\",\"name\":\"Catalogo | Letrame Grupo Editorial\",\"description\":\"\",\"publisher\":{\"@id\":\"https:\/\/letrame.com\/catalogo\/#organization\"},\"potentialAction\":[{\"@type\":\"SearchAction\",\"target\":{\"@type\":\"EntryPoint\",\"urlTemplate\":\"https:\/\/letrame.com\/catalogo\/?s={search_term_string}\"},\"query-input\":{\"@type\":\"PropertyValueSpecification\",\"valueRequired\":true,\"valueName\":\"search_term_string\"}}],\"inLanguage\":\"es\"},{\"@type\":\"Organization\",\"@id\":\"https:\/\/letrame.com\/catalogo\/#organization\",\"name\":\"Catalogo | Letrame Grupo Editorial\",\"url\":\"https:\/\/letrame.com\/catalogo\/\",\"logo\":{\"@type\":\"ImageObject\",\"inLanguage\":\"es\",\"@id\":\"https:\/\/letrame.com\/catalogo\/#\/schema\/logo\/image\/\",\"url\":\"https:\/\/letrame.com\/catalogo\/wp-content\/uploads\/2024\/03\/logo2.webp\",\"contentUrl\":\"https:\/\/letrame.com\/catalogo\/wp-content\/uploads\/2024\/03\/logo2.webp\",\"width\":394,\"height\":128,\"caption\":\"Catalogo | Letrame Grupo Editorial\"},\"image\":{\"@id\":\"https:\/\/letrame.com\/catalogo\/#\/schema\/logo\/image\/\"}}]}<\/script>\n<!-- \/ Yoast SEO plugin. -->","yoast_head_json":{"title":"Para ti. 2\u00aa Edici\u00f3n - Catalogo | Letrame Grupo Editorial","robots":{"index":"index","follow":"follow","max-snippet":"max-snippet:-1","max-image-preview":"max-image-preview:large","max-video-preview":"max-video-preview:-1"},"canonical":"https:\/\/letrame.com\/catalogo\/producto\/para-ti\/","og_locale":"es_ES","og_type":"article","og_title":"Para ti. 2\u00aa Edici\u00f3n - Catalogo | Letrame Grupo Editorial","og_description":"ISBN:9791370295868 SINOPSIS  A veces, la vida nos coloca en caminos que nunca pensamos recorrer. Caminos en los que las certezas se desmoronan y lo \u00fanico que nos sostiene es el hilo invisible del deseo y la esperanza. En esos momentos, un simple gesto, una palabra o incluso una carta que llega a las manos equivocadas, pueden hacer que nuestro destino cambie. Andrea nunca imagin\u00f3 que un sobre perdido la llevar\u00eda a replantearse todo lo que cre\u00eda saber sobre el amor y la amistad. Enredada entre las travesuras de un duendecillo que parece divertir al des-tino, y sus propios sentimientos confusos, se encuentra ante un desaf\u00edo mayor: decidir hacer lo que le dicta el coraz\u00f3n o seguir las reglas que la vida le ha impuesto. Mientras, Mateo, atrapado en su propia indecisi\u00f3n, se debate entre lo que siente y lo que teme perder, a Claudia, su amiga insepara-ble. En este tri\u00e1ngulo amoroso en el que se ven inmersos, Andrea descubrir\u00e1 que el amor no siempre es f\u00e1cil ni predecible. Las cartas est\u00e1n sobre la mesa y lo que parec\u00eda un simple malentendido puede ser la llave a una nueva realidad. Para ti es una historia que nos recuerda que el amor, en todas sus formas, es una apuesta incierta. Clara Isabel Landeta nos invita a reflexionar sobre c\u00f3mo peque\u00f1os actos pueden cambiar el curso de nuestra vida, sobre el valor de la sinceridad y c\u00f3mo, a veces, lo que m\u00e1s deseamos est\u00e1 m\u00e1s cerca de lo que imaginamos.","og_url":"https:\/\/letrame.com\/catalogo\/producto\/para-ti\/","og_site_name":"Catalogo | Letrame Grupo Editorial","article_modified_time":"2026-03-20T12:03:42+00:00","og_image":[{"width":425,"height":595,"url":"https:\/\/letrame.com\/catalogo\/wp-content\/uploads\/2025\/01\/PortadaParati.jpg","type":"image\/jpeg"}],"twitter_card":"summary_large_image","twitter_misc":{"Tiempo de lectura":"2 minutos"},"schema":{"@context":"https:\/\/schema.org","@graph":[{"@type":"WebPage","@id":"https:\/\/letrame.com\/catalogo\/producto\/para-ti\/","url":"https:\/\/letrame.com\/catalogo\/producto\/para-ti\/","name":"Para ti. 2\u00aa Edici\u00f3n - Catalogo | Letrame Grupo Editorial","isPartOf":{"@id":"https:\/\/letrame.com\/catalogo\/#website"},"primaryImageOfPage":{"@id":"https:\/\/letrame.com\/catalogo\/producto\/para-ti\/#primaryimage"},"image":{"@id":"https:\/\/letrame.com\/catalogo\/producto\/para-ti\/#primaryimage"},"thumbnailUrl":"https:\/\/letrame.com\/catalogo\/wp-content\/uploads\/2025\/01\/PortadaParati.jpg","datePublished":"2025-01-24T11:20:26+00:00","dateModified":"2026-03-20T12:03:42+00:00","breadcrumb":{"@id":"https:\/\/letrame.com\/catalogo\/producto\/para-ti\/#breadcrumb"},"inLanguage":"es","potentialAction":[{"@type":"ReadAction","target":["https:\/\/letrame.com\/catalogo\/producto\/para-ti\/"]}]},{"@type":"ImageObject","inLanguage":"es","@id":"https:\/\/letrame.com\/catalogo\/producto\/para-ti\/#primaryimage","url":"https:\/\/letrame.com\/catalogo\/wp-content\/uploads\/2025\/01\/PortadaParati.jpg","contentUrl":"https:\/\/letrame.com\/catalogo\/wp-content\/uploads\/2025\/01\/PortadaParati.jpg","width":425,"height":595,"caption":"Portada Para ti"},{"@type":"BreadcrumbList","@id":"https:\/\/letrame.com\/catalogo\/producto\/para-ti\/#breadcrumb","itemListElement":[{"@type":"ListItem","position":1,"name":"Portada","item":"https:\/\/letrame.com\/catalogo\/"},{"@type":"ListItem","position":2,"name":"Cat\u00e1logo","item":"https:\/\/letrame.com\/catalogo\/"},{"@type":"ListItem","position":3,"name":"Para ti. 2\u00aa Edici\u00f3n"}]},{"@type":"WebSite","@id":"https:\/\/letrame.com\/catalogo\/#website","url":"https:\/\/letrame.com\/catalogo\/","name":"Catalogo | Letrame Grupo Editorial","description":"","publisher":{"@id":"https:\/\/letrame.com\/catalogo\/#organization"},"potentialAction":[{"@type":"SearchAction","target":{"@type":"EntryPoint","urlTemplate":"https:\/\/letrame.com\/catalogo\/?s={search_term_string}"},"query-input":{"@type":"PropertyValueSpecification","valueRequired":true,"valueName":"search_term_string"}}],"inLanguage":"es"},{"@type":"Organization","@id":"https:\/\/letrame.com\/catalogo\/#organization","name":"Catalogo | Letrame Grupo Editorial","url":"https:\/\/letrame.com\/catalogo\/","logo":{"@type":"ImageObject","inLanguage":"es","@id":"https:\/\/letrame.com\/catalogo\/#\/schema\/logo\/image\/","url":"https:\/\/letrame.com\/catalogo\/wp-content\/uploads\/2024\/03\/logo2.webp","contentUrl":"https:\/\/letrame.com\/catalogo\/wp-content\/uploads\/2024\/03\/logo2.webp","width":394,"height":128,"caption":"Catalogo | Letrame Grupo Editorial"},"image":{"@id":"https:\/\/letrame.com\/catalogo\/#\/schema\/logo\/image\/"}}]}},"_links":{"self":[{"href":"https:\/\/letrame.com\/catalogo\/wp-json\/wp\/v2\/product\/107873","targetHints":{"allow":["GET"]}}],"collection":[{"href":"https:\/\/letrame.com\/catalogo\/wp-json\/wp\/v2\/product"}],"about":[{"href":"https:\/\/letrame.com\/catalogo\/wp-json\/wp\/v2\/types\/product"}],"replies":[{"embeddable":true,"href":"https:\/\/letrame.com\/catalogo\/wp-json\/wp\/v2\/comments?post=107873"}],"acf:post":[{"embeddable":true,"href":"https:\/\/letrame.com\/catalogo\/wp-json\/wp\/v2\/author_book\/107875"}],"wp:featuredmedia":[{"embeddable":true,"href":"https:\/\/letrame.com\/catalogo\/wp-json\/wp\/v2\/media\/107874"}],"wp:attachment":[{"href":"https:\/\/letrame.com\/catalogo\/wp-json\/wp\/v2\/media?parent=107873"}],"wp:term":[{"taxonomy":"libro","embeddable":true,"href":"https:\/\/letrame.com\/catalogo\/wp-json\/wp\/v2\/libro?post=107873"},{"taxonomy":"product_brand","embeddable":true,"href":"https:\/\/letrame.com\/catalogo\/wp-json\/wp\/v2\/product_brand?post=107873"},{"taxonomy":"product_cat","embeddable":true,"href":"https:\/\/letrame.com\/catalogo\/wp-json\/wp\/v2\/product_cat?post=107873"},{"taxonomy":"product_tag","embeddable":true,"href":"https:\/\/letrame.com\/catalogo\/wp-json\/wp\/v2\/product_tag?post=107873"}],"curies":[{"name":"wp","href":"https:\/\/api.w.org\/{rel}","templated":true}]}}