{"id":107857,"date":"2025-01-23T14:33:43","date_gmt":"2025-01-23T13:33:43","guid":{"rendered":"https:\/\/letrame.com\/catalogo\/?post_type=product&#038;p=107857"},"modified":"2025-01-24T08:13:39","modified_gmt":"2025-01-24T07:13:39","slug":"helios","status":"publish","type":"product","link":"https:\/\/letrame.com\/catalogo\/producto\/helios\/","title":{"rendered":"Helios"},"content":{"rendered":"<p class=\"p1\"><b>ISBN: <\/b>978-84-1089-548-5<\/p>\n<p class=\"p1\"><b>T\u00edtulo: <\/b>Helios<b><\/b><\/p>\n<p><strong>Fecha<\/strong>: 2025<b><\/b><\/p>\n<p><strong>P\u00e1ginas<\/strong>: 206<b><\/b><\/p>\n<p class=\"p1\"><b>SINOPSIS<\/b><\/p>\n<p>Hans M\u00fcller, un alem\u00e1n apasionado por el mar, jam\u00e1s imagin\u00f3 que<br \/>\nsus vacaciones navegando con su familia por el Egeo se converti-<br \/>\nr\u00edan en una lucha desesperada por recuperar lo m\u00e1s importante de<br \/>\nsu vida.<br \/>\nSin confiar en la burocracia griega ni en las lentas autoridades,<br \/>\nHans se lanza al mar en una b\u00fasqueda llena de peligros e incerti-<br \/>\ndumbre, acompa\u00f1ado por Yannis, un pescador griego con un pa-<br \/>\nsado complejo que decide ayudarlo. Mientras rastrean las aguas del<br \/>\nMediterr\u00e1neo y la costa turca, deben enfrentarse a los elementos, a<br \/>\nlos contrabandistas y a los fantasmas de sus propias vidas.<br \/>\nFrancisco Rodr\u00edguez Mayobre ha creado una novela cargada de<br \/>\ntensi\u00f3n, aventuras y humanidad, donde la majestuosidad del Me-<br \/>\nditerr\u00e1neo se mezcla con los oscuros secretos del contrabando y las<br \/>\nemociones de quienes buscan la redenci\u00f3n. Un viaje que pone a<br \/>\nprueba la resistencia del cuerpo y la fuerza del alma, mientras cada<br \/>\npuerto ofrece una nueva oportunidad de esperanza\u2026 o de peligro.<b><br \/>\n<\/b><\/p>\n","protected":false},"excerpt":{"rendered":"<p><b>ISBN: <\/b>978-84-1089-548-5<\/p>\n<p><b>SINOPSIS<\/b><\/p>\n<p>Hans M\u00fcller, un alem\u00e1n apasionado por el mar, jam\u00e1s imagin\u00f3 que<br \/>\nsus vacaciones navegando con su familia por el Egeo se converti-<br \/>\nr\u00edan en una lucha desesperada por recuperar lo m\u00e1s importante de<br \/>\nsu vida.<br \/>\nSin confiar en la burocracia griega ni en las lentas autoridades,<br \/>\nHans se lanza al mar en una b\u00fasqueda llena de peligros e incerti-<br \/>\ndumbre, acompa\u00f1ado por Yannis, un pescador griego con un pa-<br \/>\nsado complejo que decide ayudarlo.<\/p>\n","protected":false},"featured_media":107866,"comment_status":"open","ping_status":"closed","template":"","meta":{"_acf_changed":false},"libro":[],"product_brand":[],"product_cat":[115],"product_tag":[],"class_list":{"0":"post-107857","1":"product","2":"type-product","3":"status-publish","4":"has-post-thumbnail","6":"product_cat-aventuraviajes","8":"first","9":"instock","10":"shipping-taxable","11":"product-type-simple"},"acf":{"autor":[107869],"enlace_de_compra":""},"yoast_head":"<!-- This site is optimized with the Yoast SEO plugin v26.6 - https:\/\/yoast.com\/wordpress\/plugins\/seo\/ -->\n<title>Helios - Catalogo | Letrame Grupo Editorial<\/title>\n<meta name=\"robots\" content=\"index, follow, max-snippet:-1, max-image-preview:large, max-video-preview:-1\" \/>\n<link rel=\"canonical\" href=\"https:\/\/letrame.com\/catalogo\/producto\/helios\/\" \/>\n<meta property=\"og:locale\" content=\"es_ES\" \/>\n<meta property=\"og:type\" content=\"article\" \/>\n<meta property=\"og:title\" content=\"Helios - Catalogo | Letrame Grupo Editorial\" \/>\n<meta property=\"og:description\" content=\"ISBN: 978-84-1089-548-5  SINOPSIS  Hans M\u00fcller, un alem\u00e1n apasionado por el mar, jam\u00e1s imagin\u00f3 que sus vacaciones navegando con su familia por el Egeo se converti- r\u00edan en una lucha desesperada por recuperar lo m\u00e1s importante de su vida. Sin confiar en la burocracia griega ni en las lentas autoridades, Hans se lanza al mar en una b\u00fasqueda llena de peligros e incerti- dumbre, acompa\u00f1ado por Yannis, un pescador griego con un pa- sado complejo que decide ayudarlo.\" \/>\n<meta property=\"og:url\" content=\"https:\/\/letrame.com\/catalogo\/producto\/helios\/\" \/>\n<meta property=\"og:site_name\" content=\"Catalogo | Letrame Grupo Editorial\" \/>\n<meta property=\"article:modified_time\" content=\"2025-01-24T07:13:39+00:00\" \/>\n<meta property=\"og:image\" content=\"https:\/\/letrame.com\/catalogo\/wp-content\/uploads\/2025\/01\/PortadaHelios.jpg\" \/>\n\t<meta property=\"og:image:width\" content=\"420\" \/>\n\t<meta property=\"og:image:height\" content=\"595\" \/>\n\t<meta property=\"og:image:type\" content=\"image\/jpeg\" \/>\n<meta name=\"twitter:card\" content=\"summary_large_image\" \/>\n<meta name=\"twitter:label1\" content=\"Tiempo de lectura\" \/>\n\t<meta name=\"twitter:data1\" content=\"1 minuto\" \/>\n<script type=\"application\/ld+json\" class=\"yoast-schema-graph\">{\"@context\":\"https:\/\/schema.org\",\"@graph\":[{\"@type\":\"WebPage\",\"@id\":\"https:\/\/letrame.com\/catalogo\/producto\/helios\/\",\"url\":\"https:\/\/letrame.com\/catalogo\/producto\/helios\/\",\"name\":\"Helios - Catalogo | Letrame Grupo Editorial\",\"isPartOf\":{\"@id\":\"https:\/\/letrame.com\/catalogo\/#website\"},\"primaryImageOfPage\":{\"@id\":\"https:\/\/letrame.com\/catalogo\/producto\/helios\/#primaryimage\"},\"image\":{\"@id\":\"https:\/\/letrame.com\/catalogo\/producto\/helios\/#primaryimage\"},\"thumbnailUrl\":\"https:\/\/letrame.com\/catalogo\/wp-content\/uploads\/2025\/01\/PortadaHelios.jpg\",\"datePublished\":\"2025-01-23T13:33:43+00:00\",\"dateModified\":\"2025-01-24T07:13:39+00:00\",\"breadcrumb\":{\"@id\":\"https:\/\/letrame.com\/catalogo\/producto\/helios\/#breadcrumb\"},\"inLanguage\":\"es\",\"potentialAction\":[{\"@type\":\"ReadAction\",\"target\":[\"https:\/\/letrame.com\/catalogo\/producto\/helios\/\"]}]},{\"@type\":\"ImageObject\",\"inLanguage\":\"es\",\"@id\":\"https:\/\/letrame.com\/catalogo\/producto\/helios\/#primaryimage\",\"url\":\"https:\/\/letrame.com\/catalogo\/wp-content\/uploads\/2025\/01\/PortadaHelios.jpg\",\"contentUrl\":\"https:\/\/letrame.com\/catalogo\/wp-content\/uploads\/2025\/01\/PortadaHelios.jpg\",\"width\":420,\"height\":595,\"caption\":\"Portada Helios\"},{\"@type\":\"BreadcrumbList\",\"@id\":\"https:\/\/letrame.com\/catalogo\/producto\/helios\/#breadcrumb\",\"itemListElement\":[{\"@type\":\"ListItem\",\"position\":1,\"name\":\"Portada\",\"item\":\"https:\/\/letrame.com\/catalogo\/\"},{\"@type\":\"ListItem\",\"position\":2,\"name\":\"Cat\u00e1logo\",\"item\":\"https:\/\/letrame.com\/catalogo\/\"},{\"@type\":\"ListItem\",\"position\":3,\"name\":\"Helios\"}]},{\"@type\":\"WebSite\",\"@id\":\"https:\/\/letrame.com\/catalogo\/#website\",\"url\":\"https:\/\/letrame.com\/catalogo\/\",\"name\":\"Catalogo | Letrame Grupo Editorial\",\"description\":\"\",\"publisher\":{\"@id\":\"https:\/\/letrame.com\/catalogo\/#organization\"},\"potentialAction\":[{\"@type\":\"SearchAction\",\"target\":{\"@type\":\"EntryPoint\",\"urlTemplate\":\"https:\/\/letrame.com\/catalogo\/?s={search_term_string}\"},\"query-input\":{\"@type\":\"PropertyValueSpecification\",\"valueRequired\":true,\"valueName\":\"search_term_string\"}}],\"inLanguage\":\"es\"},{\"@type\":\"Organization\",\"@id\":\"https:\/\/letrame.com\/catalogo\/#organization\",\"name\":\"Catalogo | Letrame Grupo Editorial\",\"url\":\"https:\/\/letrame.com\/catalogo\/\",\"logo\":{\"@type\":\"ImageObject\",\"inLanguage\":\"es\",\"@id\":\"https:\/\/letrame.com\/catalogo\/#\/schema\/logo\/image\/\",\"url\":\"https:\/\/letrame.com\/catalogo\/wp-content\/uploads\/2024\/03\/logo2.webp\",\"contentUrl\":\"https:\/\/letrame.com\/catalogo\/wp-content\/uploads\/2024\/03\/logo2.webp\",\"width\":394,\"height\":128,\"caption\":\"Catalogo | Letrame Grupo Editorial\"},\"image\":{\"@id\":\"https:\/\/letrame.com\/catalogo\/#\/schema\/logo\/image\/\"}}]}<\/script>\n<!-- \/ Yoast SEO plugin. -->","yoast_head_json":{"title":"Helios - Catalogo | Letrame Grupo Editorial","robots":{"index":"index","follow":"follow","max-snippet":"max-snippet:-1","max-image-preview":"max-image-preview:large","max-video-preview":"max-video-preview:-1"},"canonical":"https:\/\/letrame.com\/catalogo\/producto\/helios\/","og_locale":"es_ES","og_type":"article","og_title":"Helios - Catalogo | Letrame Grupo Editorial","og_description":"ISBN: 978-84-1089-548-5  SINOPSIS  Hans M\u00fcller, un alem\u00e1n apasionado por el mar, jam\u00e1s imagin\u00f3 que sus vacaciones navegando con su familia por el Egeo se converti- r\u00edan en una lucha desesperada por recuperar lo m\u00e1s importante de su vida. Sin confiar en la burocracia griega ni en las lentas autoridades, Hans se lanza al mar en una b\u00fasqueda llena de peligros e incerti- dumbre, acompa\u00f1ado por Yannis, un pescador griego con un pa- sado complejo que decide ayudarlo.","og_url":"https:\/\/letrame.com\/catalogo\/producto\/helios\/","og_site_name":"Catalogo | Letrame Grupo Editorial","article_modified_time":"2025-01-24T07:13:39+00:00","og_image":[{"width":420,"height":595,"url":"https:\/\/letrame.com\/catalogo\/wp-content\/uploads\/2025\/01\/PortadaHelios.jpg","type":"image\/jpeg"}],"twitter_card":"summary_large_image","twitter_misc":{"Tiempo de lectura":"1 minuto"},"schema":{"@context":"https:\/\/schema.org","@graph":[{"@type":"WebPage","@id":"https:\/\/letrame.com\/catalogo\/producto\/helios\/","url":"https:\/\/letrame.com\/catalogo\/producto\/helios\/","name":"Helios - Catalogo | Letrame Grupo Editorial","isPartOf":{"@id":"https:\/\/letrame.com\/catalogo\/#website"},"primaryImageOfPage":{"@id":"https:\/\/letrame.com\/catalogo\/producto\/helios\/#primaryimage"},"image":{"@id":"https:\/\/letrame.com\/catalogo\/producto\/helios\/#primaryimage"},"thumbnailUrl":"https:\/\/letrame.com\/catalogo\/wp-content\/uploads\/2025\/01\/PortadaHelios.jpg","datePublished":"2025-01-23T13:33:43+00:00","dateModified":"2025-01-24T07:13:39+00:00","breadcrumb":{"@id":"https:\/\/letrame.com\/catalogo\/producto\/helios\/#breadcrumb"},"inLanguage":"es","potentialAction":[{"@type":"ReadAction","target":["https:\/\/letrame.com\/catalogo\/producto\/helios\/"]}]},{"@type":"ImageObject","inLanguage":"es","@id":"https:\/\/letrame.com\/catalogo\/producto\/helios\/#primaryimage","url":"https:\/\/letrame.com\/catalogo\/wp-content\/uploads\/2025\/01\/PortadaHelios.jpg","contentUrl":"https:\/\/letrame.com\/catalogo\/wp-content\/uploads\/2025\/01\/PortadaHelios.jpg","width":420,"height":595,"caption":"Portada Helios"},{"@type":"BreadcrumbList","@id":"https:\/\/letrame.com\/catalogo\/producto\/helios\/#breadcrumb","itemListElement":[{"@type":"ListItem","position":1,"name":"Portada","item":"https:\/\/letrame.com\/catalogo\/"},{"@type":"ListItem","position":2,"name":"Cat\u00e1logo","item":"https:\/\/letrame.com\/catalogo\/"},{"@type":"ListItem","position":3,"name":"Helios"}]},{"@type":"WebSite","@id":"https:\/\/letrame.com\/catalogo\/#website","url":"https:\/\/letrame.com\/catalogo\/","name":"Catalogo | Letrame Grupo Editorial","description":"","publisher":{"@id":"https:\/\/letrame.com\/catalogo\/#organization"},"potentialAction":[{"@type":"SearchAction","target":{"@type":"EntryPoint","urlTemplate":"https:\/\/letrame.com\/catalogo\/?s={search_term_string}"},"query-input":{"@type":"PropertyValueSpecification","valueRequired":true,"valueName":"search_term_string"}}],"inLanguage":"es"},{"@type":"Organization","@id":"https:\/\/letrame.com\/catalogo\/#organization","name":"Catalogo | Letrame Grupo Editorial","url":"https:\/\/letrame.com\/catalogo\/","logo":{"@type":"ImageObject","inLanguage":"es","@id":"https:\/\/letrame.com\/catalogo\/#\/schema\/logo\/image\/","url":"https:\/\/letrame.com\/catalogo\/wp-content\/uploads\/2024\/03\/logo2.webp","contentUrl":"https:\/\/letrame.com\/catalogo\/wp-content\/uploads\/2024\/03\/logo2.webp","width":394,"height":128,"caption":"Catalogo | Letrame Grupo Editorial"},"image":{"@id":"https:\/\/letrame.com\/catalogo\/#\/schema\/logo\/image\/"}}]}},"_links":{"self":[{"href":"https:\/\/letrame.com\/catalogo\/wp-json\/wp\/v2\/product\/107857","targetHints":{"allow":["GET"]}}],"collection":[{"href":"https:\/\/letrame.com\/catalogo\/wp-json\/wp\/v2\/product"}],"about":[{"href":"https:\/\/letrame.com\/catalogo\/wp-json\/wp\/v2\/types\/product"}],"replies":[{"embeddable":true,"href":"https:\/\/letrame.com\/catalogo\/wp-json\/wp\/v2\/comments?post=107857"}],"acf:post":[{"embeddable":true,"href":"https:\/\/letrame.com\/catalogo\/wp-json\/wp\/v2\/author_book\/107869"}],"wp:featuredmedia":[{"embeddable":true,"href":"https:\/\/letrame.com\/catalogo\/wp-json\/wp\/v2\/media\/107866"}],"wp:attachment":[{"href":"https:\/\/letrame.com\/catalogo\/wp-json\/wp\/v2\/media?parent=107857"}],"wp:term":[{"taxonomy":"libro","embeddable":true,"href":"https:\/\/letrame.com\/catalogo\/wp-json\/wp\/v2\/libro?post=107857"},{"taxonomy":"product_brand","embeddable":true,"href":"https:\/\/letrame.com\/catalogo\/wp-json\/wp\/v2\/product_brand?post=107857"},{"taxonomy":"product_cat","embeddable":true,"href":"https:\/\/letrame.com\/catalogo\/wp-json\/wp\/v2\/product_cat?post=107857"},{"taxonomy":"product_tag","embeddable":true,"href":"https:\/\/letrame.com\/catalogo\/wp-json\/wp\/v2\/product_tag?post=107857"}],"curies":[{"name":"wp","href":"https:\/\/api.w.org\/{rel}","templated":true}]}}