{"id":107842,"date":"2025-01-23T09:07:54","date_gmt":"2025-01-23T08:07:54","guid":{"rendered":"https:\/\/letrame.com\/catalogo\/?post_type=product&#038;p=107842"},"modified":"2025-01-23T09:07:54","modified_gmt":"2025-01-23T08:07:54","slug":"abundancia-espiritual-estudio-espiritual-y-testimonios","status":"publish","type":"product","link":"https:\/\/letrame.com\/catalogo\/producto\/abundancia-espiritual-estudio-espiritual-y-testimonios\/","title":{"rendered":"Abundancia espiritual. Estudio espiritual y testimonios"},"content":{"rendered":"<p class=\"p1\"><b>ISBN: <\/b>978-84-1089-498-3<\/p>\n<p class=\"p1\"><b>T\u00edtulo: <\/b>Abundancia espiritual. Estudio espiritual y testimonios<\/p>\n<p class=\"p1\"><b>Fecha: <\/b>2024<\/p>\n<p class=\"p1\"><b>P\u00e1ginas: <\/b>536<b><\/b><\/p>\n<p class=\"p1\"><b>SINOPSIS<br \/>\n<\/b><\/p>\n<p class=\"p1\">\u00bfHas tenido situaciones paranormales y no encuentras respues-<\/p>\n<p class=\"p1\">tas o alguien que te entienda? \u00bfQuieres saber si tus experiencias<\/p>\n<p class=\"p1\">son espirituales o religiosas?<\/p>\n<p class=\"p1\">Si eres de los que medita, \u00bfte has preguntado si realmente eres es-<\/p>\n<p class=\"p1\">piritual? Has encontrado la gu\u00eda que te llevar\u00e1 de la A a la Z en<\/p>\n<p class=\"p1\">la exploraci\u00f3n del mundo espiritual. Una br\u00fajula que te permitir\u00e1<\/p>\n<p class=\"p1\">entender lo espiritual de manera sencilla y clara. Este libro explica<\/p>\n<p class=\"p1\">que tenemos tres cuerpos espirituales; y que, desde el ocultismo, los<\/p>\n<p class=\"p1\">que persiguen ovnis, hasta las corrientes cu\u00e1nticas actuales, todos<\/p>\n<p class=\"p1\">han hablado de lo mismo con distintas palabras.<\/p>\n<p class=\"p1\">Se muestra c\u00f3mo puedes ser espiritual siguiendo tres caminos dife-<\/p>\n<p class=\"p1\">rentes: alma, esp\u00edritu o Ser Superior; y c\u00f3mo al desarrollar tu intui-<\/p>\n<p class=\"p1\">ci\u00f3n, sanar tu mente y emociones y abrazar tu sombra, encontrar\u00e1s<\/p>\n<p class=\"p1\">esa conexi\u00f3n con tu sabio interior. Tu identidad verdadera.<\/p>\n<p class=\"p1\">Explora este texto con mente abierta, y disfruta de su sabidur\u00eda,<\/p>\n<p class=\"p1\">explicaciones y testimonios, que te har\u00e1n reconsiderar qu\u00e9 tan locos<\/p>\n<p class=\"p1\">est\u00e1n los locos.<\/p>\n<p class=\"p1\"><b>\u00a0<\/b><\/p>\n","protected":false},"excerpt":{"rendered":"<p class=\"p1\"><b>ISBN: <\/b>978-84-1089-498-3<b><\/p>\n<p>SINOPSIS<br \/>\n<\/b><\/p>\n<p class=\"p1\">\u00bfHas tenido situaciones paranormales y no encuentras respues-<\/p>\n<p class=\"p1\">tas o alguien que te entienda? \u00bfQuieres saber si tus experiencias<\/p>\n<p class=\"p1\">son espirituales o religiosas?<\/p>\n<p class=\"p1\">Si eres de los que medita, \u00bfte has preguntado si realmente eres es-<\/p>\n<p class=\"p1\">piritual? Has encontrado la gu\u00eda que te llevar\u00e1 de la A a la Z en<\/p>\n<p class=\"p1\">la exploraci\u00f3n del mundo espiritual.<\/p>\n","protected":false},"featured_media":107843,"comment_status":"open","ping_status":"closed","template":"","meta":{"_acf_changed":false},"libro":[],"product_brand":[],"product_cat":[25],"product_tag":[],"class_list":{"0":"post-107842","1":"product","2":"type-product","3":"status-publish","4":"has-post-thumbnail","6":"product_cat-religion-y-espiritualidad","8":"first","9":"instock","10":"shipping-taxable","11":"product-type-simple"},"acf":{"autor":"","enlace_de_compra":""},"yoast_head":"<!-- This site is optimized with the Yoast SEO plugin v26.6 - https:\/\/yoast.com\/wordpress\/plugins\/seo\/ -->\n<title>Abundancia espiritual. Estudio espiritual y testimonios - Catalogo | Letrame Grupo Editorial<\/title>\n<meta name=\"robots\" content=\"index, follow, max-snippet:-1, max-image-preview:large, max-video-preview:-1\" \/>\n<link rel=\"canonical\" href=\"https:\/\/letrame.com\/catalogo\/producto\/abundancia-espiritual-estudio-espiritual-y-testimonios\/\" \/>\n<meta property=\"og:locale\" content=\"es_ES\" \/>\n<meta property=\"og:type\" content=\"article\" \/>\n<meta property=\"og:title\" content=\"Abundancia espiritual. Estudio espiritual y testimonios - Catalogo | Letrame Grupo Editorial\" \/>\n<meta property=\"og:description\" content=\"ISBN: 978-84-1089-498-3  SINOPSIS  \u00bfHas tenido situaciones paranormales y no encuentras respues- tas o alguien que te entienda? \u00bfQuieres saber si tus experiencias son espirituales o religiosas? Si eres de los que medita, \u00bfte has preguntado si realmente eres es- piritual? Has encontrado la gu\u00eda que te llevar\u00e1 de la A a la Z en la exploraci\u00f3n del mundo espiritual.\" \/>\n<meta property=\"og:url\" content=\"https:\/\/letrame.com\/catalogo\/producto\/abundancia-espiritual-estudio-espiritual-y-testimonios\/\" \/>\n<meta property=\"og:site_name\" content=\"Catalogo | Letrame Grupo Editorial\" \/>\n<meta property=\"og:image\" content=\"https:\/\/letrame.com\/catalogo\/wp-content\/uploads\/2025\/01\/Portadaabundanciaespiritual.jpg\" \/>\n\t<meta property=\"og:image:width\" content=\"413\" \/>\n\t<meta property=\"og:image:height\" content=\"579\" \/>\n\t<meta property=\"og:image:type\" content=\"image\/jpeg\" \/>\n<meta name=\"twitter:card\" content=\"summary_large_image\" \/>\n<meta name=\"twitter:label1\" content=\"Tiempo de lectura\" \/>\n\t<meta name=\"twitter:data1\" content=\"2 minutos\" \/>\n<script type=\"application\/ld+json\" class=\"yoast-schema-graph\">{\"@context\":\"https:\/\/schema.org\",\"@graph\":[{\"@type\":\"WebPage\",\"@id\":\"https:\/\/letrame.com\/catalogo\/producto\/abundancia-espiritual-estudio-espiritual-y-testimonios\/\",\"url\":\"https:\/\/letrame.com\/catalogo\/producto\/abundancia-espiritual-estudio-espiritual-y-testimonios\/\",\"name\":\"Abundancia espiritual. Estudio espiritual y testimonios - Catalogo | Letrame Grupo Editorial\",\"isPartOf\":{\"@id\":\"https:\/\/letrame.com\/catalogo\/#website\"},\"primaryImageOfPage\":{\"@id\":\"https:\/\/letrame.com\/catalogo\/producto\/abundancia-espiritual-estudio-espiritual-y-testimonios\/#primaryimage\"},\"image\":{\"@id\":\"https:\/\/letrame.com\/catalogo\/producto\/abundancia-espiritual-estudio-espiritual-y-testimonios\/#primaryimage\"},\"thumbnailUrl\":\"https:\/\/letrame.com\/catalogo\/wp-content\/uploads\/2025\/01\/Portadaabundanciaespiritual.jpg\",\"datePublished\":\"2025-01-23T08:07:54+00:00\",\"breadcrumb\":{\"@id\":\"https:\/\/letrame.com\/catalogo\/producto\/abundancia-espiritual-estudio-espiritual-y-testimonios\/#breadcrumb\"},\"inLanguage\":\"es\",\"potentialAction\":[{\"@type\":\"ReadAction\",\"target\":[\"https:\/\/letrame.com\/catalogo\/producto\/abundancia-espiritual-estudio-espiritual-y-testimonios\/\"]}]},{\"@type\":\"ImageObject\",\"inLanguage\":\"es\",\"@id\":\"https:\/\/letrame.com\/catalogo\/producto\/abundancia-espiritual-estudio-espiritual-y-testimonios\/#primaryimage\",\"url\":\"https:\/\/letrame.com\/catalogo\/wp-content\/uploads\/2025\/01\/Portadaabundanciaespiritual.jpg\",\"contentUrl\":\"https:\/\/letrame.com\/catalogo\/wp-content\/uploads\/2025\/01\/Portadaabundanciaespiritual.jpg\",\"width\":413,\"height\":579,\"caption\":\"Portada Abundancia espiritual\"},{\"@type\":\"BreadcrumbList\",\"@id\":\"https:\/\/letrame.com\/catalogo\/producto\/abundancia-espiritual-estudio-espiritual-y-testimonios\/#breadcrumb\",\"itemListElement\":[{\"@type\":\"ListItem\",\"position\":1,\"name\":\"Portada\",\"item\":\"https:\/\/letrame.com\/catalogo\/\"},{\"@type\":\"ListItem\",\"position\":2,\"name\":\"Cat\u00e1logo\",\"item\":\"https:\/\/letrame.com\/catalogo\/\"},{\"@type\":\"ListItem\",\"position\":3,\"name\":\"Abundancia espiritual. Estudio espiritual y testimonios\"}]},{\"@type\":\"WebSite\",\"@id\":\"https:\/\/letrame.com\/catalogo\/#website\",\"url\":\"https:\/\/letrame.com\/catalogo\/\",\"name\":\"Catalogo | Letrame Grupo Editorial\",\"description\":\"\",\"publisher\":{\"@id\":\"https:\/\/letrame.com\/catalogo\/#organization\"},\"potentialAction\":[{\"@type\":\"SearchAction\",\"target\":{\"@type\":\"EntryPoint\",\"urlTemplate\":\"https:\/\/letrame.com\/catalogo\/?s={search_term_string}\"},\"query-input\":{\"@type\":\"PropertyValueSpecification\",\"valueRequired\":true,\"valueName\":\"search_term_string\"}}],\"inLanguage\":\"es\"},{\"@type\":\"Organization\",\"@id\":\"https:\/\/letrame.com\/catalogo\/#organization\",\"name\":\"Catalogo | Letrame Grupo Editorial\",\"url\":\"https:\/\/letrame.com\/catalogo\/\",\"logo\":{\"@type\":\"ImageObject\",\"inLanguage\":\"es\",\"@id\":\"https:\/\/letrame.com\/catalogo\/#\/schema\/logo\/image\/\",\"url\":\"https:\/\/letrame.com\/catalogo\/wp-content\/uploads\/2024\/03\/logo2.webp\",\"contentUrl\":\"https:\/\/letrame.com\/catalogo\/wp-content\/uploads\/2024\/03\/logo2.webp\",\"width\":394,\"height\":128,\"caption\":\"Catalogo | Letrame Grupo Editorial\"},\"image\":{\"@id\":\"https:\/\/letrame.com\/catalogo\/#\/schema\/logo\/image\/\"}}]}<\/script>\n<!-- \/ Yoast SEO plugin. -->","yoast_head_json":{"title":"Abundancia espiritual. Estudio espiritual y testimonios - Catalogo | Letrame Grupo Editorial","robots":{"index":"index","follow":"follow","max-snippet":"max-snippet:-1","max-image-preview":"max-image-preview:large","max-video-preview":"max-video-preview:-1"},"canonical":"https:\/\/letrame.com\/catalogo\/producto\/abundancia-espiritual-estudio-espiritual-y-testimonios\/","og_locale":"es_ES","og_type":"article","og_title":"Abundancia espiritual. Estudio espiritual y testimonios - Catalogo | Letrame Grupo Editorial","og_description":"ISBN: 978-84-1089-498-3  SINOPSIS  \u00bfHas tenido situaciones paranormales y no encuentras respues- tas o alguien que te entienda? \u00bfQuieres saber si tus experiencias son espirituales o religiosas? Si eres de los que medita, \u00bfte has preguntado si realmente eres es- piritual? Has encontrado la gu\u00eda que te llevar\u00e1 de la A a la Z en la exploraci\u00f3n del mundo espiritual.","og_url":"https:\/\/letrame.com\/catalogo\/producto\/abundancia-espiritual-estudio-espiritual-y-testimonios\/","og_site_name":"Catalogo | Letrame Grupo Editorial","og_image":[{"width":413,"height":579,"url":"https:\/\/letrame.com\/catalogo\/wp-content\/uploads\/2025\/01\/Portadaabundanciaespiritual.jpg","type":"image\/jpeg"}],"twitter_card":"summary_large_image","twitter_misc":{"Tiempo de lectura":"2 minutos"},"schema":{"@context":"https:\/\/schema.org","@graph":[{"@type":"WebPage","@id":"https:\/\/letrame.com\/catalogo\/producto\/abundancia-espiritual-estudio-espiritual-y-testimonios\/","url":"https:\/\/letrame.com\/catalogo\/producto\/abundancia-espiritual-estudio-espiritual-y-testimonios\/","name":"Abundancia espiritual. Estudio espiritual y testimonios - Catalogo | Letrame Grupo Editorial","isPartOf":{"@id":"https:\/\/letrame.com\/catalogo\/#website"},"primaryImageOfPage":{"@id":"https:\/\/letrame.com\/catalogo\/producto\/abundancia-espiritual-estudio-espiritual-y-testimonios\/#primaryimage"},"image":{"@id":"https:\/\/letrame.com\/catalogo\/producto\/abundancia-espiritual-estudio-espiritual-y-testimonios\/#primaryimage"},"thumbnailUrl":"https:\/\/letrame.com\/catalogo\/wp-content\/uploads\/2025\/01\/Portadaabundanciaespiritual.jpg","datePublished":"2025-01-23T08:07:54+00:00","breadcrumb":{"@id":"https:\/\/letrame.com\/catalogo\/producto\/abundancia-espiritual-estudio-espiritual-y-testimonios\/#breadcrumb"},"inLanguage":"es","potentialAction":[{"@type":"ReadAction","target":["https:\/\/letrame.com\/catalogo\/producto\/abundancia-espiritual-estudio-espiritual-y-testimonios\/"]}]},{"@type":"ImageObject","inLanguage":"es","@id":"https:\/\/letrame.com\/catalogo\/producto\/abundancia-espiritual-estudio-espiritual-y-testimonios\/#primaryimage","url":"https:\/\/letrame.com\/catalogo\/wp-content\/uploads\/2025\/01\/Portadaabundanciaespiritual.jpg","contentUrl":"https:\/\/letrame.com\/catalogo\/wp-content\/uploads\/2025\/01\/Portadaabundanciaespiritual.jpg","width":413,"height":579,"caption":"Portada Abundancia espiritual"},{"@type":"BreadcrumbList","@id":"https:\/\/letrame.com\/catalogo\/producto\/abundancia-espiritual-estudio-espiritual-y-testimonios\/#breadcrumb","itemListElement":[{"@type":"ListItem","position":1,"name":"Portada","item":"https:\/\/letrame.com\/catalogo\/"},{"@type":"ListItem","position":2,"name":"Cat\u00e1logo","item":"https:\/\/letrame.com\/catalogo\/"},{"@type":"ListItem","position":3,"name":"Abundancia espiritual. Estudio espiritual y testimonios"}]},{"@type":"WebSite","@id":"https:\/\/letrame.com\/catalogo\/#website","url":"https:\/\/letrame.com\/catalogo\/","name":"Catalogo | Letrame Grupo Editorial","description":"","publisher":{"@id":"https:\/\/letrame.com\/catalogo\/#organization"},"potentialAction":[{"@type":"SearchAction","target":{"@type":"EntryPoint","urlTemplate":"https:\/\/letrame.com\/catalogo\/?s={search_term_string}"},"query-input":{"@type":"PropertyValueSpecification","valueRequired":true,"valueName":"search_term_string"}}],"inLanguage":"es"},{"@type":"Organization","@id":"https:\/\/letrame.com\/catalogo\/#organization","name":"Catalogo | Letrame Grupo Editorial","url":"https:\/\/letrame.com\/catalogo\/","logo":{"@type":"ImageObject","inLanguage":"es","@id":"https:\/\/letrame.com\/catalogo\/#\/schema\/logo\/image\/","url":"https:\/\/letrame.com\/catalogo\/wp-content\/uploads\/2024\/03\/logo2.webp","contentUrl":"https:\/\/letrame.com\/catalogo\/wp-content\/uploads\/2024\/03\/logo2.webp","width":394,"height":128,"caption":"Catalogo | Letrame Grupo Editorial"},"image":{"@id":"https:\/\/letrame.com\/catalogo\/#\/schema\/logo\/image\/"}}]}},"_links":{"self":[{"href":"https:\/\/letrame.com\/catalogo\/wp-json\/wp\/v2\/product\/107842","targetHints":{"allow":["GET"]}}],"collection":[{"href":"https:\/\/letrame.com\/catalogo\/wp-json\/wp\/v2\/product"}],"about":[{"href":"https:\/\/letrame.com\/catalogo\/wp-json\/wp\/v2\/types\/product"}],"replies":[{"embeddable":true,"href":"https:\/\/letrame.com\/catalogo\/wp-json\/wp\/v2\/comments?post=107842"}],"wp:featuredmedia":[{"embeddable":true,"href":"https:\/\/letrame.com\/catalogo\/wp-json\/wp\/v2\/media\/107843"}],"wp:attachment":[{"href":"https:\/\/letrame.com\/catalogo\/wp-json\/wp\/v2\/media?parent=107842"}],"wp:term":[{"taxonomy":"libro","embeddable":true,"href":"https:\/\/letrame.com\/catalogo\/wp-json\/wp\/v2\/libro?post=107842"},{"taxonomy":"product_brand","embeddable":true,"href":"https:\/\/letrame.com\/catalogo\/wp-json\/wp\/v2\/product_brand?post=107842"},{"taxonomy":"product_cat","embeddable":true,"href":"https:\/\/letrame.com\/catalogo\/wp-json\/wp\/v2\/product_cat?post=107842"},{"taxonomy":"product_tag","embeddable":true,"href":"https:\/\/letrame.com\/catalogo\/wp-json\/wp\/v2\/product_tag?post=107842"}],"curies":[{"name":"wp","href":"https:\/\/api.w.org\/{rel}","templated":true}]}}