{"id":107823,"date":"2025-01-22T08:33:44","date_gmt":"2025-01-22T07:33:44","guid":{"rendered":"https:\/\/letrame.com\/catalogo\/?post_type=product&#038;p=107823"},"modified":"2025-01-22T08:36:23","modified_gmt":"2025-01-22T07:36:23","slug":"golosinas-literarias","status":"publish","type":"product","link":"https:\/\/letrame.com\/catalogo\/producto\/golosinas-literarias\/","title":{"rendered":"Golosinas literarias"},"content":{"rendered":"<p class=\"p1\"><b>ISBN: <\/b>978-84-1089-543-0<\/p>\n<p class=\"p1\"><b>T\u00edtulo: <\/b>Golosinas literarias<b><\/b><\/p>\n<p><strong>Fecha<\/strong>: 2025<b><\/b><\/p>\n<p><strong>P\u00e1ginas<\/strong>: 88<b><\/b><\/p>\n<p class=\"p1\"><b>SINOPSIS<\/b><\/p>\n<p class=\"p1\">Historias que estremecen: Retazo de lo cotidiano y lo<\/p>\n<p class=\"p1\">extraordinario.<\/p>\n<p class=\"p1\">\u00bfQu\u00e9 tienen en com\u00fan un Don Quijote sordo que en-<\/p>\n<p class=\"p1\">frenta gigantes invisibles, una mujer que se gu\u00eda por un<\/p>\n<p class=\"p1\">\u00abbot\u00f3n interior\u00bb para desafiar sus miedos, y un grupo<\/p>\n<p class=\"p1\">de polic\u00edas que ocultan un oscuro secreto? En esta co-<\/p>\n<p class=\"p1\">lecci\u00f3n de relatos, la l\u00ednea entre lo ordinario y lo ex-<\/p>\n<p class=\"p1\">traordinario se difumina, revelando historias cargadas<\/p>\n<p class=\"p1\">de emoci\u00f3n, misterio y humanidad.<\/p>\n<p class=\"p1\">Explora 24 relatos \u00fanicos que atraviesan generaciones,<\/p>\n<p class=\"p1\">culturas y dilemas universales. Desde los recuerdos tier-<\/p>\n<p class=\"p1\">nos y dolorosos de una abuela que enfrenta el olvido,<\/p>\n<p class=\"p1\">hasta la lucha por la igualdad en un mundo injusto,<\/p>\n<p class=\"p1\">cada historia es una ventana a las luchas internas, las<\/p>\n<p class=\"p1\">elecciones cruciales y los momentos inesperados que<\/p>\n<p class=\"p1\">definen nuestras vidas.<\/p>\n<p class=\"p1\">Atr\u00e9vete a descubrir la chispa que enciende cada rela-<\/p>\n<p class=\"p1\">to y deja que estas historias se queden contigo mucho<\/p>\n<p class=\"p1\">despu\u00e9s de cerrar el libro.<\/p>\n","protected":false},"excerpt":{"rendered":"<p><b>ISBN: <\/b>978-84-1089-543-0<\/p>\n<p class=\"p1\"><b>SINOPSIS<\/b><\/p>\n<p>Historias que estremecen: Retazo de lo cotidiano y lo extraordinario. \u00bfQu\u00e9 tienen en com\u00fan un Don Quijote sordo que enfrenta gigantes invisibles, una mujer que se gu\u00eda por un \u00abbot\u00f3n interior\u00bb para desafiar sus miedos, y un grupo de polic\u00edas que ocultan un oscuro secreto?<\/p>\n","protected":false},"featured_media":107824,"comment_status":"open","ping_status":"closed","template":"","meta":{"_acf_changed":false},"libro":[],"product_brand":[],"product_cat":[118],"product_tag":[],"class_list":{"0":"post-107823","1":"product","2":"type-product","3":"status-publish","4":"has-post-thumbnail","6":"product_cat-fantasia","8":"first","9":"instock","10":"shipping-taxable","11":"product-type-simple"},"acf":{"autor":[107825],"enlace_de_compra":""},"yoast_head":"<!-- This site is optimized with the Yoast SEO plugin v26.6 - https:\/\/yoast.com\/wordpress\/plugins\/seo\/ -->\n<title>Golosinas literarias - Catalogo | Letrame Grupo Editorial<\/title>\n<meta name=\"robots\" content=\"index, follow, max-snippet:-1, max-image-preview:large, max-video-preview:-1\" \/>\n<link rel=\"canonical\" href=\"https:\/\/letrame.com\/catalogo\/producto\/golosinas-literarias\/\" \/>\n<meta property=\"og:locale\" content=\"es_ES\" \/>\n<meta property=\"og:type\" content=\"article\" \/>\n<meta property=\"og:title\" content=\"Golosinas literarias - Catalogo | Letrame Grupo Editorial\" \/>\n<meta property=\"og:description\" content=\"ISBN: 978-84-1089-543-0 SINOPSIS Historias que estremecen: Retazo de lo cotidiano y lo extraordinario. \u00bfQu\u00e9 tienen en com\u00fan un Don Quijote sordo que enfrenta gigantes invisibles, una mujer que se gu\u00eda por un \u00abbot\u00f3n interior\u00bb para desafiar sus miedos, y un grupo de polic\u00edas que ocultan un oscuro secreto?\" \/>\n<meta property=\"og:url\" content=\"https:\/\/letrame.com\/catalogo\/producto\/golosinas-literarias\/\" \/>\n<meta property=\"og:site_name\" content=\"Catalogo | Letrame Grupo Editorial\" \/>\n<meta property=\"article:modified_time\" content=\"2025-01-22T07:36:23+00:00\" \/>\n<meta property=\"og:image\" content=\"https:\/\/letrame.com\/catalogo\/wp-content\/uploads\/2025\/01\/PortadaGolosinasliterarias.jpg\" \/>\n\t<meta property=\"og:image:width\" content=\"319\" \/>\n\t<meta property=\"og:image:height\" content=\"461\" \/>\n\t<meta property=\"og:image:type\" content=\"image\/jpeg\" \/>\n<meta name=\"twitter:card\" content=\"summary_large_image\" \/>\n<meta name=\"twitter:label1\" content=\"Tiempo de lectura\" \/>\n\t<meta name=\"twitter:data1\" content=\"1 minuto\" \/>\n<script type=\"application\/ld+json\" class=\"yoast-schema-graph\">{\"@context\":\"https:\/\/schema.org\",\"@graph\":[{\"@type\":\"WebPage\",\"@id\":\"https:\/\/letrame.com\/catalogo\/producto\/golosinas-literarias\/\",\"url\":\"https:\/\/letrame.com\/catalogo\/producto\/golosinas-literarias\/\",\"name\":\"Golosinas literarias - Catalogo | Letrame Grupo Editorial\",\"isPartOf\":{\"@id\":\"https:\/\/letrame.com\/catalogo\/#website\"},\"primaryImageOfPage\":{\"@id\":\"https:\/\/letrame.com\/catalogo\/producto\/golosinas-literarias\/#primaryimage\"},\"image\":{\"@id\":\"https:\/\/letrame.com\/catalogo\/producto\/golosinas-literarias\/#primaryimage\"},\"thumbnailUrl\":\"https:\/\/letrame.com\/catalogo\/wp-content\/uploads\/2025\/01\/PortadaGolosinasliterarias.jpg\",\"datePublished\":\"2025-01-22T07:33:44+00:00\",\"dateModified\":\"2025-01-22T07:36:23+00:00\",\"breadcrumb\":{\"@id\":\"https:\/\/letrame.com\/catalogo\/producto\/golosinas-literarias\/#breadcrumb\"},\"inLanguage\":\"es\",\"potentialAction\":[{\"@type\":\"ReadAction\",\"target\":[\"https:\/\/letrame.com\/catalogo\/producto\/golosinas-literarias\/\"]}]},{\"@type\":\"ImageObject\",\"inLanguage\":\"es\",\"@id\":\"https:\/\/letrame.com\/catalogo\/producto\/golosinas-literarias\/#primaryimage\",\"url\":\"https:\/\/letrame.com\/catalogo\/wp-content\/uploads\/2025\/01\/PortadaGolosinasliterarias.jpg\",\"contentUrl\":\"https:\/\/letrame.com\/catalogo\/wp-content\/uploads\/2025\/01\/PortadaGolosinasliterarias.jpg\",\"width\":319,\"height\":461,\"caption\":\"Portada Golosinas literarias\"},{\"@type\":\"BreadcrumbList\",\"@id\":\"https:\/\/letrame.com\/catalogo\/producto\/golosinas-literarias\/#breadcrumb\",\"itemListElement\":[{\"@type\":\"ListItem\",\"position\":1,\"name\":\"Portada\",\"item\":\"https:\/\/letrame.com\/catalogo\/\"},{\"@type\":\"ListItem\",\"position\":2,\"name\":\"Cat\u00e1logo\",\"item\":\"https:\/\/letrame.com\/catalogo\/\"},{\"@type\":\"ListItem\",\"position\":3,\"name\":\"Golosinas literarias\"}]},{\"@type\":\"WebSite\",\"@id\":\"https:\/\/letrame.com\/catalogo\/#website\",\"url\":\"https:\/\/letrame.com\/catalogo\/\",\"name\":\"Catalogo | Letrame Grupo Editorial\",\"description\":\"\",\"publisher\":{\"@id\":\"https:\/\/letrame.com\/catalogo\/#organization\"},\"potentialAction\":[{\"@type\":\"SearchAction\",\"target\":{\"@type\":\"EntryPoint\",\"urlTemplate\":\"https:\/\/letrame.com\/catalogo\/?s={search_term_string}\"},\"query-input\":{\"@type\":\"PropertyValueSpecification\",\"valueRequired\":true,\"valueName\":\"search_term_string\"}}],\"inLanguage\":\"es\"},{\"@type\":\"Organization\",\"@id\":\"https:\/\/letrame.com\/catalogo\/#organization\",\"name\":\"Catalogo | Letrame Grupo Editorial\",\"url\":\"https:\/\/letrame.com\/catalogo\/\",\"logo\":{\"@type\":\"ImageObject\",\"inLanguage\":\"es\",\"@id\":\"https:\/\/letrame.com\/catalogo\/#\/schema\/logo\/image\/\",\"url\":\"https:\/\/letrame.com\/catalogo\/wp-content\/uploads\/2024\/03\/logo2.webp\",\"contentUrl\":\"https:\/\/letrame.com\/catalogo\/wp-content\/uploads\/2024\/03\/logo2.webp\",\"width\":394,\"height\":128,\"caption\":\"Catalogo | Letrame Grupo Editorial\"},\"image\":{\"@id\":\"https:\/\/letrame.com\/catalogo\/#\/schema\/logo\/image\/\"}}]}<\/script>\n<!-- \/ Yoast SEO plugin. -->","yoast_head_json":{"title":"Golosinas literarias - Catalogo | Letrame Grupo Editorial","robots":{"index":"index","follow":"follow","max-snippet":"max-snippet:-1","max-image-preview":"max-image-preview:large","max-video-preview":"max-video-preview:-1"},"canonical":"https:\/\/letrame.com\/catalogo\/producto\/golosinas-literarias\/","og_locale":"es_ES","og_type":"article","og_title":"Golosinas literarias - Catalogo | Letrame Grupo Editorial","og_description":"ISBN: 978-84-1089-543-0 SINOPSIS Historias que estremecen: Retazo de lo cotidiano y lo extraordinario. \u00bfQu\u00e9 tienen en com\u00fan un Don Quijote sordo que enfrenta gigantes invisibles, una mujer que se gu\u00eda por un \u00abbot\u00f3n interior\u00bb para desafiar sus miedos, y un grupo de polic\u00edas que ocultan un oscuro secreto?","og_url":"https:\/\/letrame.com\/catalogo\/producto\/golosinas-literarias\/","og_site_name":"Catalogo | Letrame Grupo Editorial","article_modified_time":"2025-01-22T07:36:23+00:00","og_image":[{"width":319,"height":461,"url":"https:\/\/letrame.com\/catalogo\/wp-content\/uploads\/2025\/01\/PortadaGolosinasliterarias.jpg","type":"image\/jpeg"}],"twitter_card":"summary_large_image","twitter_misc":{"Tiempo de lectura":"1 minuto"},"schema":{"@context":"https:\/\/schema.org","@graph":[{"@type":"WebPage","@id":"https:\/\/letrame.com\/catalogo\/producto\/golosinas-literarias\/","url":"https:\/\/letrame.com\/catalogo\/producto\/golosinas-literarias\/","name":"Golosinas literarias - Catalogo | Letrame Grupo Editorial","isPartOf":{"@id":"https:\/\/letrame.com\/catalogo\/#website"},"primaryImageOfPage":{"@id":"https:\/\/letrame.com\/catalogo\/producto\/golosinas-literarias\/#primaryimage"},"image":{"@id":"https:\/\/letrame.com\/catalogo\/producto\/golosinas-literarias\/#primaryimage"},"thumbnailUrl":"https:\/\/letrame.com\/catalogo\/wp-content\/uploads\/2025\/01\/PortadaGolosinasliterarias.jpg","datePublished":"2025-01-22T07:33:44+00:00","dateModified":"2025-01-22T07:36:23+00:00","breadcrumb":{"@id":"https:\/\/letrame.com\/catalogo\/producto\/golosinas-literarias\/#breadcrumb"},"inLanguage":"es","potentialAction":[{"@type":"ReadAction","target":["https:\/\/letrame.com\/catalogo\/producto\/golosinas-literarias\/"]}]},{"@type":"ImageObject","inLanguage":"es","@id":"https:\/\/letrame.com\/catalogo\/producto\/golosinas-literarias\/#primaryimage","url":"https:\/\/letrame.com\/catalogo\/wp-content\/uploads\/2025\/01\/PortadaGolosinasliterarias.jpg","contentUrl":"https:\/\/letrame.com\/catalogo\/wp-content\/uploads\/2025\/01\/PortadaGolosinasliterarias.jpg","width":319,"height":461,"caption":"Portada Golosinas literarias"},{"@type":"BreadcrumbList","@id":"https:\/\/letrame.com\/catalogo\/producto\/golosinas-literarias\/#breadcrumb","itemListElement":[{"@type":"ListItem","position":1,"name":"Portada","item":"https:\/\/letrame.com\/catalogo\/"},{"@type":"ListItem","position":2,"name":"Cat\u00e1logo","item":"https:\/\/letrame.com\/catalogo\/"},{"@type":"ListItem","position":3,"name":"Golosinas literarias"}]},{"@type":"WebSite","@id":"https:\/\/letrame.com\/catalogo\/#website","url":"https:\/\/letrame.com\/catalogo\/","name":"Catalogo | Letrame Grupo Editorial","description":"","publisher":{"@id":"https:\/\/letrame.com\/catalogo\/#organization"},"potentialAction":[{"@type":"SearchAction","target":{"@type":"EntryPoint","urlTemplate":"https:\/\/letrame.com\/catalogo\/?s={search_term_string}"},"query-input":{"@type":"PropertyValueSpecification","valueRequired":true,"valueName":"search_term_string"}}],"inLanguage":"es"},{"@type":"Organization","@id":"https:\/\/letrame.com\/catalogo\/#organization","name":"Catalogo | Letrame Grupo Editorial","url":"https:\/\/letrame.com\/catalogo\/","logo":{"@type":"ImageObject","inLanguage":"es","@id":"https:\/\/letrame.com\/catalogo\/#\/schema\/logo\/image\/","url":"https:\/\/letrame.com\/catalogo\/wp-content\/uploads\/2024\/03\/logo2.webp","contentUrl":"https:\/\/letrame.com\/catalogo\/wp-content\/uploads\/2024\/03\/logo2.webp","width":394,"height":128,"caption":"Catalogo | Letrame Grupo Editorial"},"image":{"@id":"https:\/\/letrame.com\/catalogo\/#\/schema\/logo\/image\/"}}]}},"_links":{"self":[{"href":"https:\/\/letrame.com\/catalogo\/wp-json\/wp\/v2\/product\/107823","targetHints":{"allow":["GET"]}}],"collection":[{"href":"https:\/\/letrame.com\/catalogo\/wp-json\/wp\/v2\/product"}],"about":[{"href":"https:\/\/letrame.com\/catalogo\/wp-json\/wp\/v2\/types\/product"}],"replies":[{"embeddable":true,"href":"https:\/\/letrame.com\/catalogo\/wp-json\/wp\/v2\/comments?post=107823"}],"acf:post":[{"embeddable":true,"href":"https:\/\/letrame.com\/catalogo\/wp-json\/wp\/v2\/author_book\/107825"}],"wp:featuredmedia":[{"embeddable":true,"href":"https:\/\/letrame.com\/catalogo\/wp-json\/wp\/v2\/media\/107824"}],"wp:attachment":[{"href":"https:\/\/letrame.com\/catalogo\/wp-json\/wp\/v2\/media?parent=107823"}],"wp:term":[{"taxonomy":"libro","embeddable":true,"href":"https:\/\/letrame.com\/catalogo\/wp-json\/wp\/v2\/libro?post=107823"},{"taxonomy":"product_brand","embeddable":true,"href":"https:\/\/letrame.com\/catalogo\/wp-json\/wp\/v2\/product_brand?post=107823"},{"taxonomy":"product_cat","embeddable":true,"href":"https:\/\/letrame.com\/catalogo\/wp-json\/wp\/v2\/product_cat?post=107823"},{"taxonomy":"product_tag","embeddable":true,"href":"https:\/\/letrame.com\/catalogo\/wp-json\/wp\/v2\/product_tag?post=107823"}],"curies":[{"name":"wp","href":"https:\/\/api.w.org\/{rel}","templated":true}]}}