{"id":107815,"date":"2025-01-21T14:15:33","date_gmt":"2025-01-21T13:15:33","guid":{"rendered":"https:\/\/letrame.com\/catalogo\/?post_type=product&#038;p=107815"},"modified":"2025-04-03T11:28:28","modified_gmt":"2025-04-03T09:28:28","slug":"la-nobleza-del-bastardo-la-lanza-y-el-silencio","status":"publish","type":"product","link":"https:\/\/letrame.com\/catalogo\/producto\/la-nobleza-del-bastardo-la-lanza-y-el-silencio\/","title":{"rendered":"La nobleza del bastardo. La lanza y el silencio"},"content":{"rendered":"<p class=\"p1\"><b>ISBN: <\/b>978-84-1089-364-1<\/p>\n<p class=\"p1\"><b>T\u00edtulo: <\/b>La nobleza del bastardo. La lanza y el silencio<b><\/b><\/p>\n<p><strong>Fecha<\/strong>: 2024<b><\/b><\/p>\n<p><strong>P\u00e1ginas<\/strong>:\u00a0486<\/p>\n<p class=\"p1\"><b>SINOPSIS<\/b><b><\/b><\/p>\n<p class=\"p1\">Ella es la amada princesa del Reino, \u00e9l es el bastardo del Guardia<\/p>\n<p class=\"p1\">del Rey.<\/p>\n<p class=\"p1\">Ella lo es todo, \u00e9l apenas es suficiente.<\/p>\n<p class=\"p1\">\u00c1lvar ha vivido toda la vida en el castillo, entrenan-<\/p>\n<p class=\"p1\">do y prepar\u00e1ndose para cumplir su sue\u00f1o de ser<\/p>\n<p class=\"p1\">parte de la guardia, al igual que su padre. Pero<\/p>\n<p class=\"p1\">el pr\u00edncipe Edmundo y la princesa Marianne<\/p>\n<p class=\"p1\">volver\u00e1n al castillo por primera vez despu\u00e9s<\/p>\n<p class=\"p1\">de cinco a\u00f1os y \u00c1lvar no est\u00e1 seguro qu\u00e9<\/p>\n<p class=\"p1\">significar\u00e1 esto para \u00e9l. Cinco a\u00f1os es<\/p>\n<p class=\"p1\">un largo tiempo, la gente cambia y las<\/p>\n<p class=\"p1\">promesas son olvidadas.<\/p>\n<p class=\"p1\">Puede que las amistades de infancia<\/p>\n<p class=\"p1\">se vean rotas cuando la realidad de<\/p>\n<p class=\"p1\">sus circunstancias se haga demasiado<\/p>\n<p class=\"p1\">dif\u00edcil de sobrellevar. O puede que<\/p>\n<p class=\"p1\">haya emociones incluso m\u00e1s fuertes<\/p>\n<p class=\"p1\">que los desaf\u00edos en sus caminos.<\/p>\n","protected":false},"excerpt":{"rendered":"<p><b>ISBN: <\/b>978-84-1089-364-1<\/p>\n<p class=\"p1\"><b>SINOPSIS<\/b><b><\/b><\/p>\n<p class=\"p1\">Ella es la amada princesa del Reino, \u00e9l es el bastardo del Guardia del Rey.<\/p>\n<p class=\"p1\">Ella lo es todo, \u00e9l apenas es suficiente.<\/p>\n<p class=\"p1\">\n","protected":false},"featured_media":108423,"comment_status":"open","ping_status":"closed","template":"","meta":{"_acf_changed":false},"libro":[],"product_brand":[],"product_cat":[50],"product_tag":[],"class_list":{"0":"post-107815","1":"product","2":"type-product","3":"status-publish","4":"has-post-thumbnail","6":"product_cat-novela-romantica","8":"first","9":"instock","10":"shipping-taxable","11":"product-type-simple"},"acf":{"autor":[107816],"enlace_de_compra":"https:\/\/www.amazon.es\/dp\/8410893649"},"yoast_head":"<!-- This site is optimized with the Yoast SEO plugin v27.4 - https:\/\/yoast.com\/product\/yoast-seo-wordpress\/ -->\n<title>La nobleza del bastardo. La lanza y el silencio - Catalogo | Letrame Grupo Editorial<\/title>\n<meta name=\"robots\" content=\"index, follow, max-snippet:-1, max-image-preview:large, max-video-preview:-1\" \/>\n<link rel=\"canonical\" href=\"https:\/\/letrame.com\/catalogo\/producto\/la-nobleza-del-bastardo-la-lanza-y-el-silencio\/\" \/>\n<meta property=\"og:locale\" content=\"es_ES\" \/>\n<meta property=\"og:type\" content=\"article\" \/>\n<meta property=\"og:title\" content=\"La nobleza del bastardo. La lanza y el silencio - Catalogo | Letrame Grupo Editorial\" \/>\n<meta property=\"og:description\" content=\"ISBN: 978-84-1089-364-1 SINOPSIS Ella es la amada princesa del Reino, \u00e9l es el bastardo del Guardia del Rey. Ella lo es todo, \u00e9l apenas es suficiente.\" \/>\n<meta property=\"og:url\" content=\"https:\/\/letrame.com\/catalogo\/producto\/la-nobleza-del-bastardo-la-lanza-y-el-silencio\/\" \/>\n<meta property=\"og:site_name\" content=\"Catalogo | Letrame Grupo Editorial\" \/>\n<meta property=\"article:modified_time\" content=\"2025-04-03T09:28:28+00:00\" \/>\n<meta property=\"og:image\" content=\"https:\/\/letrame.com\/catalogo\/wp-content\/uploads\/2025\/01\/LA-NOBLEZA-DEL-BASTARDO.jpg\" \/>\n\t<meta property=\"og:image:width\" content=\"384\" \/>\n\t<meta property=\"og:image:height\" content=\"563\" \/>\n\t<meta property=\"og:image:type\" content=\"image\/jpeg\" \/>\n<meta name=\"twitter:card\" content=\"summary_large_image\" \/>\n<meta name=\"twitter:label1\" content=\"Tiempo de lectura\" \/>\n\t<meta name=\"twitter:data1\" content=\"1 minuto\" \/>\n<script type=\"application\/ld+json\" class=\"yoast-schema-graph\">{\"@context\":\"https:\\\/\\\/schema.org\",\"@graph\":[{\"@type\":\"WebPage\",\"@id\":\"https:\\\/\\\/letrame.com\\\/catalogo\\\/producto\\\/la-nobleza-del-bastardo-la-lanza-y-el-silencio\\\/\",\"url\":\"https:\\\/\\\/letrame.com\\\/catalogo\\\/producto\\\/la-nobleza-del-bastardo-la-lanza-y-el-silencio\\\/\",\"name\":\"La nobleza del bastardo. La lanza y el silencio - Catalogo | Letrame Grupo Editorial\",\"isPartOf\":{\"@id\":\"https:\\\/\\\/letrame.com\\\/catalogo\\\/#website\"},\"primaryImageOfPage\":{\"@id\":\"https:\\\/\\\/letrame.com\\\/catalogo\\\/producto\\\/la-nobleza-del-bastardo-la-lanza-y-el-silencio\\\/#primaryimage\"},\"image\":{\"@id\":\"https:\\\/\\\/letrame.com\\\/catalogo\\\/producto\\\/la-nobleza-del-bastardo-la-lanza-y-el-silencio\\\/#primaryimage\"},\"thumbnailUrl\":\"https:\\\/\\\/letrame.com\\\/catalogo\\\/wp-content\\\/uploads\\\/2025\\\/01\\\/LA-NOBLEZA-DEL-BASTARDO.jpg\",\"datePublished\":\"2025-01-21T13:15:33+00:00\",\"dateModified\":\"2025-04-03T09:28:28+00:00\",\"breadcrumb\":{\"@id\":\"https:\\\/\\\/letrame.com\\\/catalogo\\\/producto\\\/la-nobleza-del-bastardo-la-lanza-y-el-silencio\\\/#breadcrumb\"},\"inLanguage\":\"es\",\"potentialAction\":[{\"@type\":\"ReadAction\",\"target\":[\"https:\\\/\\\/letrame.com\\\/catalogo\\\/producto\\\/la-nobleza-del-bastardo-la-lanza-y-el-silencio\\\/\"]}]},{\"@type\":\"ImageObject\",\"inLanguage\":\"es\",\"@id\":\"https:\\\/\\\/letrame.com\\\/catalogo\\\/producto\\\/la-nobleza-del-bastardo-la-lanza-y-el-silencio\\\/#primaryimage\",\"url\":\"https:\\\/\\\/letrame.com\\\/catalogo\\\/wp-content\\\/uploads\\\/2025\\\/01\\\/LA-NOBLEZA-DEL-BASTARDO.jpg\",\"contentUrl\":\"https:\\\/\\\/letrame.com\\\/catalogo\\\/wp-content\\\/uploads\\\/2025\\\/01\\\/LA-NOBLEZA-DEL-BASTARDO.jpg\",\"width\":384,\"height\":563},{\"@type\":\"BreadcrumbList\",\"@id\":\"https:\\\/\\\/letrame.com\\\/catalogo\\\/producto\\\/la-nobleza-del-bastardo-la-lanza-y-el-silencio\\\/#breadcrumb\",\"itemListElement\":[{\"@type\":\"ListItem\",\"position\":1,\"name\":\"Portada\",\"item\":\"https:\\\/\\\/letrame.com\\\/catalogo\\\/\"},{\"@type\":\"ListItem\",\"position\":2,\"name\":\"Cat\u00e1logo\",\"item\":\"https:\\\/\\\/letrame.com\\\/catalogo\\\/\"},{\"@type\":\"ListItem\",\"position\":3,\"name\":\"La nobleza del bastardo. La lanza y el silencio\"}]},{\"@type\":\"WebSite\",\"@id\":\"https:\\\/\\\/letrame.com\\\/catalogo\\\/#website\",\"url\":\"https:\\\/\\\/letrame.com\\\/catalogo\\\/\",\"name\":\"Catalogo | Letrame Grupo Editorial\",\"description\":\"\",\"publisher\":{\"@id\":\"https:\\\/\\\/letrame.com\\\/catalogo\\\/#organization\"},\"potentialAction\":[{\"@type\":\"SearchAction\",\"target\":{\"@type\":\"EntryPoint\",\"urlTemplate\":\"https:\\\/\\\/letrame.com\\\/catalogo\\\/?s={search_term_string}\"},\"query-input\":{\"@type\":\"PropertyValueSpecification\",\"valueRequired\":true,\"valueName\":\"search_term_string\"}}],\"inLanguage\":\"es\"},{\"@type\":\"Organization\",\"@id\":\"https:\\\/\\\/letrame.com\\\/catalogo\\\/#organization\",\"name\":\"Catalogo | Letrame Grupo Editorial\",\"url\":\"https:\\\/\\\/letrame.com\\\/catalogo\\\/\",\"logo\":{\"@type\":\"ImageObject\",\"inLanguage\":\"es\",\"@id\":\"https:\\\/\\\/letrame.com\\\/catalogo\\\/#\\\/schema\\\/logo\\\/image\\\/\",\"url\":\"https:\\\/\\\/letrame.com\\\/catalogo\\\/wp-content\\\/uploads\\\/2024\\\/03\\\/logo2.webp\",\"contentUrl\":\"https:\\\/\\\/letrame.com\\\/catalogo\\\/wp-content\\\/uploads\\\/2024\\\/03\\\/logo2.webp\",\"width\":394,\"height\":128,\"caption\":\"Catalogo | Letrame Grupo Editorial\"},\"image\":{\"@id\":\"https:\\\/\\\/letrame.com\\\/catalogo\\\/#\\\/schema\\\/logo\\\/image\\\/\"}}]}<\/script>\n<!-- \/ Yoast SEO plugin. -->","yoast_head_json":{"title":"La nobleza del bastardo. La lanza y el silencio - Catalogo | Letrame Grupo Editorial","robots":{"index":"index","follow":"follow","max-snippet":"max-snippet:-1","max-image-preview":"max-image-preview:large","max-video-preview":"max-video-preview:-1"},"canonical":"https:\/\/letrame.com\/catalogo\/producto\/la-nobleza-del-bastardo-la-lanza-y-el-silencio\/","og_locale":"es_ES","og_type":"article","og_title":"La nobleza del bastardo. La lanza y el silencio - Catalogo | Letrame Grupo Editorial","og_description":"ISBN: 978-84-1089-364-1 SINOPSIS Ella es la amada princesa del Reino, \u00e9l es el bastardo del Guardia del Rey. Ella lo es todo, \u00e9l apenas es suficiente.","og_url":"https:\/\/letrame.com\/catalogo\/producto\/la-nobleza-del-bastardo-la-lanza-y-el-silencio\/","og_site_name":"Catalogo | Letrame Grupo Editorial","article_modified_time":"2025-04-03T09:28:28+00:00","og_image":[{"width":384,"height":563,"url":"https:\/\/letrame.com\/catalogo\/wp-content\/uploads\/2025\/01\/LA-NOBLEZA-DEL-BASTARDO.jpg","type":"image\/jpeg"}],"twitter_card":"summary_large_image","twitter_misc":{"Tiempo de lectura":"1 minuto"},"schema":{"@context":"https:\/\/schema.org","@graph":[{"@type":"WebPage","@id":"https:\/\/letrame.com\/catalogo\/producto\/la-nobleza-del-bastardo-la-lanza-y-el-silencio\/","url":"https:\/\/letrame.com\/catalogo\/producto\/la-nobleza-del-bastardo-la-lanza-y-el-silencio\/","name":"La nobleza del bastardo. La lanza y el silencio - Catalogo | Letrame Grupo Editorial","isPartOf":{"@id":"https:\/\/letrame.com\/catalogo\/#website"},"primaryImageOfPage":{"@id":"https:\/\/letrame.com\/catalogo\/producto\/la-nobleza-del-bastardo-la-lanza-y-el-silencio\/#primaryimage"},"image":{"@id":"https:\/\/letrame.com\/catalogo\/producto\/la-nobleza-del-bastardo-la-lanza-y-el-silencio\/#primaryimage"},"thumbnailUrl":"https:\/\/letrame.com\/catalogo\/wp-content\/uploads\/2025\/01\/LA-NOBLEZA-DEL-BASTARDO.jpg","datePublished":"2025-01-21T13:15:33+00:00","dateModified":"2025-04-03T09:28:28+00:00","breadcrumb":{"@id":"https:\/\/letrame.com\/catalogo\/producto\/la-nobleza-del-bastardo-la-lanza-y-el-silencio\/#breadcrumb"},"inLanguage":"es","potentialAction":[{"@type":"ReadAction","target":["https:\/\/letrame.com\/catalogo\/producto\/la-nobleza-del-bastardo-la-lanza-y-el-silencio\/"]}]},{"@type":"ImageObject","inLanguage":"es","@id":"https:\/\/letrame.com\/catalogo\/producto\/la-nobleza-del-bastardo-la-lanza-y-el-silencio\/#primaryimage","url":"https:\/\/letrame.com\/catalogo\/wp-content\/uploads\/2025\/01\/LA-NOBLEZA-DEL-BASTARDO.jpg","contentUrl":"https:\/\/letrame.com\/catalogo\/wp-content\/uploads\/2025\/01\/LA-NOBLEZA-DEL-BASTARDO.jpg","width":384,"height":563},{"@type":"BreadcrumbList","@id":"https:\/\/letrame.com\/catalogo\/producto\/la-nobleza-del-bastardo-la-lanza-y-el-silencio\/#breadcrumb","itemListElement":[{"@type":"ListItem","position":1,"name":"Portada","item":"https:\/\/letrame.com\/catalogo\/"},{"@type":"ListItem","position":2,"name":"Cat\u00e1logo","item":"https:\/\/letrame.com\/catalogo\/"},{"@type":"ListItem","position":3,"name":"La nobleza del bastardo. La lanza y el silencio"}]},{"@type":"WebSite","@id":"https:\/\/letrame.com\/catalogo\/#website","url":"https:\/\/letrame.com\/catalogo\/","name":"Catalogo | Letrame Grupo Editorial","description":"","publisher":{"@id":"https:\/\/letrame.com\/catalogo\/#organization"},"potentialAction":[{"@type":"SearchAction","target":{"@type":"EntryPoint","urlTemplate":"https:\/\/letrame.com\/catalogo\/?s={search_term_string}"},"query-input":{"@type":"PropertyValueSpecification","valueRequired":true,"valueName":"search_term_string"}}],"inLanguage":"es"},{"@type":"Organization","@id":"https:\/\/letrame.com\/catalogo\/#organization","name":"Catalogo | Letrame Grupo Editorial","url":"https:\/\/letrame.com\/catalogo\/","logo":{"@type":"ImageObject","inLanguage":"es","@id":"https:\/\/letrame.com\/catalogo\/#\/schema\/logo\/image\/","url":"https:\/\/letrame.com\/catalogo\/wp-content\/uploads\/2024\/03\/logo2.webp","contentUrl":"https:\/\/letrame.com\/catalogo\/wp-content\/uploads\/2024\/03\/logo2.webp","width":394,"height":128,"caption":"Catalogo | Letrame Grupo Editorial"},"image":{"@id":"https:\/\/letrame.com\/catalogo\/#\/schema\/logo\/image\/"}}]}},"_links":{"self":[{"href":"https:\/\/letrame.com\/catalogo\/wp-json\/wp\/v2\/product\/107815","targetHints":{"allow":["GET"]}}],"collection":[{"href":"https:\/\/letrame.com\/catalogo\/wp-json\/wp\/v2\/product"}],"about":[{"href":"https:\/\/letrame.com\/catalogo\/wp-json\/wp\/v2\/types\/product"}],"replies":[{"embeddable":true,"href":"https:\/\/letrame.com\/catalogo\/wp-json\/wp\/v2\/comments?post=107815"}],"acf:post":[{"embeddable":true,"href":"https:\/\/letrame.com\/catalogo\/wp-json\/wp\/v2\/author_book\/107816"}],"wp:featuredmedia":[{"embeddable":true,"href":"https:\/\/letrame.com\/catalogo\/wp-json\/wp\/v2\/media\/108423"}],"wp:attachment":[{"href":"https:\/\/letrame.com\/catalogo\/wp-json\/wp\/v2\/media?parent=107815"}],"wp:term":[{"taxonomy":"libro","embeddable":true,"href":"https:\/\/letrame.com\/catalogo\/wp-json\/wp\/v2\/libro?post=107815"},{"taxonomy":"product_brand","embeddable":true,"href":"https:\/\/letrame.com\/catalogo\/wp-json\/wp\/v2\/product_brand?post=107815"},{"taxonomy":"product_cat","embeddable":true,"href":"https:\/\/letrame.com\/catalogo\/wp-json\/wp\/v2\/product_cat?post=107815"},{"taxonomy":"product_tag","embeddable":true,"href":"https:\/\/letrame.com\/catalogo\/wp-json\/wp\/v2\/product_tag?post=107815"}],"curies":[{"name":"wp","href":"https:\/\/api.w.org\/{rel}","templated":true}]}}