{"id":107778,"date":"2025-01-17T09:38:53","date_gmt":"2025-01-17T08:38:53","guid":{"rendered":"https:\/\/letrame.com\/catalogo\/?post_type=product&#038;p=107778"},"modified":"2025-01-17T12:24:47","modified_gmt":"2025-01-17T11:24:47","slug":"nasciturus","status":"publish","type":"product","link":"https:\/\/letrame.com\/catalogo\/producto\/nasciturus\/","title":{"rendered":"Nasciturus"},"content":{"rendered":"<p class=\"p1\"><b>ISBN:<\/b> 978-84-1089-403-7<\/p>\n<p class=\"p1\"><b>T\u00edtulo: <\/b>Nasciturus<\/p>\n<p class=\"p1\"><b>Fecha: <\/b>2024<\/p>\n<p class=\"p1\"><b>P\u00e1ginas: <\/b>398<\/p>\n<p class=\"p1\"><b>SINOPSIS<\/b><\/p>\n<p><b><\/b>\u00bfCu\u00e1ntas veces has muerto por dentro?<\/p>\n<p>Nasciturus es un poemario que te permitir\u00e1 reflexionar acerca del sentido de la vida y la muerte dentro de un espacio-tiempo poco convencional. En esta obra se utiliza la concepci\u00f3n aristot\u00e9lica del mundo supralunar y sublunar para embarcarte en un apasionante viaje desde el mundo lun\u00e1tico que te acecha hasta ese mundo que a\u00fan tienes por descubrir: T\u00da.<\/p>\n<p class=\"p2\">Eres un mundo, e incluso dos.<br \/>\nEres lo que conoces de ti mismo y lo que a\u00fan desconoces.<br \/>\nEres universo. Eres naturaleza. Eres tus luces, tus sombras.<br \/>\nEres alguien distinto a \u00abayer\u00bb y alguien probablemente distinto a \u00abma\u00f1ana\u00bb.<br \/>\nEl \u00abhoy\u00bb te pertenece.<br \/>\nT\u00fa decides \u00abdarte a la sombra\u00bb nuevamente o \u00abdarte a luz\u00bb.<\/p>\n<p class=\"p1\">\u00bfY si te dijeran que nacer de nuevo es posible?<br \/>\nEmpieza la cuenta atr\u00e1s\u2026<\/p>\n<p>&nbsp;<\/p>\n<p>&nbsp;<\/p>\n","protected":false},"excerpt":{"rendered":"<p class=\"p1\"><b>ISBN:<\/b> 978-84-1089-403-7<b><\/b><\/p>\n<p><strong>SINOPSIS<\/strong><b><\/b><\/p>\n<p>\u00bfCu\u00e1ntas veces has muerto por dentro?<\/p>\n<p>Nasciturus es un poemario que te permitir\u00e1 reflexionar acerca del sentido de la vida y la muerte dentro de un espacio-tiempo poco convencional. En esta obra se utiliza la concepci\u00f3n aristot\u00e9lica del mundo supralunar y sublunar para embarcarte en un apasionante viaje desde el mundo lun\u00e1tico que te acecha hasta ese mundo que a\u00fan tienes por descubrir: T\u00da.<\/p>\n","protected":false},"featured_media":107779,"comment_status":"open","ping_status":"closed","template":"","meta":{"_acf_changed":false},"libro":[],"product_brand":[],"product_cat":[20],"product_tag":[],"class_list":{"0":"post-107778","1":"product","2":"type-product","3":"status-publish","4":"has-post-thumbnail","6":"product_cat-poesia","8":"first","9":"instock","10":"shipping-taxable","11":"product-type-simple"},"acf":{"autor":[107775],"enlace_de_compra":"https:\/\/www.amazon.es\/dp\/8410894033"},"yoast_head":"<!-- This site is optimized with the Yoast SEO plugin v27.4 - https:\/\/yoast.com\/product\/yoast-seo-wordpress\/ -->\n<title>Nasciturus - Catalogo | Letrame Grupo Editorial<\/title>\n<meta name=\"robots\" content=\"index, follow, max-snippet:-1, max-image-preview:large, max-video-preview:-1\" \/>\n<link rel=\"canonical\" href=\"https:\/\/letrame.com\/catalogo\/producto\/nasciturus\/\" \/>\n<meta property=\"og:locale\" content=\"es_ES\" \/>\n<meta property=\"og:type\" content=\"article\" \/>\n<meta property=\"og:title\" content=\"Nasciturus - Catalogo | Letrame Grupo Editorial\" \/>\n<meta property=\"og:description\" content=\"ISBN: 978-84-1089-403-7 SINOPSIS  \u00bfCu\u00e1ntas veces has muerto por dentro?  Nasciturus es un poemario que te permitir\u00e1 reflexionar acerca del sentido de la vida y la muerte dentro de un espacio-tiempo poco convencional. En esta obra se utiliza la concepci\u00f3n aristot\u00e9lica del mundo supralunar y sublunar para embarcarte en un apasionante viaje desde el mundo lun\u00e1tico que te acecha hasta ese mundo que a\u00fan tienes por descubrir: T\u00da.\" \/>\n<meta property=\"og:url\" content=\"https:\/\/letrame.com\/catalogo\/producto\/nasciturus\/\" \/>\n<meta property=\"og:site_name\" content=\"Catalogo | Letrame Grupo Editorial\" \/>\n<meta property=\"article:modified_time\" content=\"2025-01-17T11:24:47+00:00\" \/>\n<meta property=\"og:image\" content=\"https:\/\/letrame.com\/catalogo\/wp-content\/uploads\/2025\/01\/PortadaNasciturus.jpg\" \/>\n\t<meta property=\"og:image:width\" content=\"425\" \/>\n\t<meta property=\"og:image:height\" content=\"624\" \/>\n\t<meta property=\"og:image:type\" content=\"image\/jpeg\" \/>\n<meta name=\"twitter:card\" content=\"summary_large_image\" \/>\n<meta name=\"twitter:label1\" content=\"Tiempo de lectura\" \/>\n\t<meta name=\"twitter:data1\" content=\"1 minuto\" \/>\n<script type=\"application\/ld+json\" class=\"yoast-schema-graph\">{\"@context\":\"https:\\\/\\\/schema.org\",\"@graph\":[{\"@type\":\"WebPage\",\"@id\":\"https:\\\/\\\/letrame.com\\\/catalogo\\\/producto\\\/nasciturus\\\/\",\"url\":\"https:\\\/\\\/letrame.com\\\/catalogo\\\/producto\\\/nasciturus\\\/\",\"name\":\"Nasciturus - Catalogo | Letrame Grupo Editorial\",\"isPartOf\":{\"@id\":\"https:\\\/\\\/letrame.com\\\/catalogo\\\/#website\"},\"primaryImageOfPage\":{\"@id\":\"https:\\\/\\\/letrame.com\\\/catalogo\\\/producto\\\/nasciturus\\\/#primaryimage\"},\"image\":{\"@id\":\"https:\\\/\\\/letrame.com\\\/catalogo\\\/producto\\\/nasciturus\\\/#primaryimage\"},\"thumbnailUrl\":\"https:\\\/\\\/letrame.com\\\/catalogo\\\/wp-content\\\/uploads\\\/2025\\\/01\\\/PortadaNasciturus.jpg\",\"datePublished\":\"2025-01-17T08:38:53+00:00\",\"dateModified\":\"2025-01-17T11:24:47+00:00\",\"breadcrumb\":{\"@id\":\"https:\\\/\\\/letrame.com\\\/catalogo\\\/producto\\\/nasciturus\\\/#breadcrumb\"},\"inLanguage\":\"es\",\"potentialAction\":[{\"@type\":\"ReadAction\",\"target\":[\"https:\\\/\\\/letrame.com\\\/catalogo\\\/producto\\\/nasciturus\\\/\"]}]},{\"@type\":\"ImageObject\",\"inLanguage\":\"es\",\"@id\":\"https:\\\/\\\/letrame.com\\\/catalogo\\\/producto\\\/nasciturus\\\/#primaryimage\",\"url\":\"https:\\\/\\\/letrame.com\\\/catalogo\\\/wp-content\\\/uploads\\\/2025\\\/01\\\/PortadaNasciturus.jpg\",\"contentUrl\":\"https:\\\/\\\/letrame.com\\\/catalogo\\\/wp-content\\\/uploads\\\/2025\\\/01\\\/PortadaNasciturus.jpg\",\"width\":425,\"height\":624,\"caption\":\"Portada Nasciturus\"},{\"@type\":\"BreadcrumbList\",\"@id\":\"https:\\\/\\\/letrame.com\\\/catalogo\\\/producto\\\/nasciturus\\\/#breadcrumb\",\"itemListElement\":[{\"@type\":\"ListItem\",\"position\":1,\"name\":\"Portada\",\"item\":\"https:\\\/\\\/letrame.com\\\/catalogo\\\/\"},{\"@type\":\"ListItem\",\"position\":2,\"name\":\"Cat\u00e1logo\",\"item\":\"https:\\\/\\\/letrame.com\\\/catalogo\\\/\"},{\"@type\":\"ListItem\",\"position\":3,\"name\":\"Nasciturus\"}]},{\"@type\":\"WebSite\",\"@id\":\"https:\\\/\\\/letrame.com\\\/catalogo\\\/#website\",\"url\":\"https:\\\/\\\/letrame.com\\\/catalogo\\\/\",\"name\":\"Catalogo | Letrame Grupo Editorial\",\"description\":\"\",\"publisher\":{\"@id\":\"https:\\\/\\\/letrame.com\\\/catalogo\\\/#organization\"},\"potentialAction\":[{\"@type\":\"SearchAction\",\"target\":{\"@type\":\"EntryPoint\",\"urlTemplate\":\"https:\\\/\\\/letrame.com\\\/catalogo\\\/?s={search_term_string}\"},\"query-input\":{\"@type\":\"PropertyValueSpecification\",\"valueRequired\":true,\"valueName\":\"search_term_string\"}}],\"inLanguage\":\"es\"},{\"@type\":\"Organization\",\"@id\":\"https:\\\/\\\/letrame.com\\\/catalogo\\\/#organization\",\"name\":\"Catalogo | Letrame Grupo Editorial\",\"url\":\"https:\\\/\\\/letrame.com\\\/catalogo\\\/\",\"logo\":{\"@type\":\"ImageObject\",\"inLanguage\":\"es\",\"@id\":\"https:\\\/\\\/letrame.com\\\/catalogo\\\/#\\\/schema\\\/logo\\\/image\\\/\",\"url\":\"https:\\\/\\\/letrame.com\\\/catalogo\\\/wp-content\\\/uploads\\\/2024\\\/03\\\/logo2.webp\",\"contentUrl\":\"https:\\\/\\\/letrame.com\\\/catalogo\\\/wp-content\\\/uploads\\\/2024\\\/03\\\/logo2.webp\",\"width\":394,\"height\":128,\"caption\":\"Catalogo | Letrame Grupo Editorial\"},\"image\":{\"@id\":\"https:\\\/\\\/letrame.com\\\/catalogo\\\/#\\\/schema\\\/logo\\\/image\\\/\"}}]}<\/script>\n<!-- \/ Yoast SEO plugin. -->","yoast_head_json":{"title":"Nasciturus - Catalogo | Letrame Grupo Editorial","robots":{"index":"index","follow":"follow","max-snippet":"max-snippet:-1","max-image-preview":"max-image-preview:large","max-video-preview":"max-video-preview:-1"},"canonical":"https:\/\/letrame.com\/catalogo\/producto\/nasciturus\/","og_locale":"es_ES","og_type":"article","og_title":"Nasciturus - Catalogo | Letrame Grupo Editorial","og_description":"ISBN: 978-84-1089-403-7 SINOPSIS  \u00bfCu\u00e1ntas veces has muerto por dentro?  Nasciturus es un poemario que te permitir\u00e1 reflexionar acerca del sentido de la vida y la muerte dentro de un espacio-tiempo poco convencional. En esta obra se utiliza la concepci\u00f3n aristot\u00e9lica del mundo supralunar y sublunar para embarcarte en un apasionante viaje desde el mundo lun\u00e1tico que te acecha hasta ese mundo que a\u00fan tienes por descubrir: T\u00da.","og_url":"https:\/\/letrame.com\/catalogo\/producto\/nasciturus\/","og_site_name":"Catalogo | Letrame Grupo Editorial","article_modified_time":"2025-01-17T11:24:47+00:00","og_image":[{"width":425,"height":624,"url":"https:\/\/letrame.com\/catalogo\/wp-content\/uploads\/2025\/01\/PortadaNasciturus.jpg","type":"image\/jpeg"}],"twitter_card":"summary_large_image","twitter_misc":{"Tiempo de lectura":"1 minuto"},"schema":{"@context":"https:\/\/schema.org","@graph":[{"@type":"WebPage","@id":"https:\/\/letrame.com\/catalogo\/producto\/nasciturus\/","url":"https:\/\/letrame.com\/catalogo\/producto\/nasciturus\/","name":"Nasciturus - Catalogo | Letrame Grupo Editorial","isPartOf":{"@id":"https:\/\/letrame.com\/catalogo\/#website"},"primaryImageOfPage":{"@id":"https:\/\/letrame.com\/catalogo\/producto\/nasciturus\/#primaryimage"},"image":{"@id":"https:\/\/letrame.com\/catalogo\/producto\/nasciturus\/#primaryimage"},"thumbnailUrl":"https:\/\/letrame.com\/catalogo\/wp-content\/uploads\/2025\/01\/PortadaNasciturus.jpg","datePublished":"2025-01-17T08:38:53+00:00","dateModified":"2025-01-17T11:24:47+00:00","breadcrumb":{"@id":"https:\/\/letrame.com\/catalogo\/producto\/nasciturus\/#breadcrumb"},"inLanguage":"es","potentialAction":[{"@type":"ReadAction","target":["https:\/\/letrame.com\/catalogo\/producto\/nasciturus\/"]}]},{"@type":"ImageObject","inLanguage":"es","@id":"https:\/\/letrame.com\/catalogo\/producto\/nasciturus\/#primaryimage","url":"https:\/\/letrame.com\/catalogo\/wp-content\/uploads\/2025\/01\/PortadaNasciturus.jpg","contentUrl":"https:\/\/letrame.com\/catalogo\/wp-content\/uploads\/2025\/01\/PortadaNasciturus.jpg","width":425,"height":624,"caption":"Portada Nasciturus"},{"@type":"BreadcrumbList","@id":"https:\/\/letrame.com\/catalogo\/producto\/nasciturus\/#breadcrumb","itemListElement":[{"@type":"ListItem","position":1,"name":"Portada","item":"https:\/\/letrame.com\/catalogo\/"},{"@type":"ListItem","position":2,"name":"Cat\u00e1logo","item":"https:\/\/letrame.com\/catalogo\/"},{"@type":"ListItem","position":3,"name":"Nasciturus"}]},{"@type":"WebSite","@id":"https:\/\/letrame.com\/catalogo\/#website","url":"https:\/\/letrame.com\/catalogo\/","name":"Catalogo | Letrame Grupo Editorial","description":"","publisher":{"@id":"https:\/\/letrame.com\/catalogo\/#organization"},"potentialAction":[{"@type":"SearchAction","target":{"@type":"EntryPoint","urlTemplate":"https:\/\/letrame.com\/catalogo\/?s={search_term_string}"},"query-input":{"@type":"PropertyValueSpecification","valueRequired":true,"valueName":"search_term_string"}}],"inLanguage":"es"},{"@type":"Organization","@id":"https:\/\/letrame.com\/catalogo\/#organization","name":"Catalogo | Letrame Grupo Editorial","url":"https:\/\/letrame.com\/catalogo\/","logo":{"@type":"ImageObject","inLanguage":"es","@id":"https:\/\/letrame.com\/catalogo\/#\/schema\/logo\/image\/","url":"https:\/\/letrame.com\/catalogo\/wp-content\/uploads\/2024\/03\/logo2.webp","contentUrl":"https:\/\/letrame.com\/catalogo\/wp-content\/uploads\/2024\/03\/logo2.webp","width":394,"height":128,"caption":"Catalogo | Letrame Grupo Editorial"},"image":{"@id":"https:\/\/letrame.com\/catalogo\/#\/schema\/logo\/image\/"}}]}},"_links":{"self":[{"href":"https:\/\/letrame.com\/catalogo\/wp-json\/wp\/v2\/product\/107778","targetHints":{"allow":["GET"]}}],"collection":[{"href":"https:\/\/letrame.com\/catalogo\/wp-json\/wp\/v2\/product"}],"about":[{"href":"https:\/\/letrame.com\/catalogo\/wp-json\/wp\/v2\/types\/product"}],"replies":[{"embeddable":true,"href":"https:\/\/letrame.com\/catalogo\/wp-json\/wp\/v2\/comments?post=107778"}],"acf:post":[{"embeddable":true,"href":"https:\/\/letrame.com\/catalogo\/wp-json\/wp\/v2\/author_book\/107775"}],"wp:featuredmedia":[{"embeddable":true,"href":"https:\/\/letrame.com\/catalogo\/wp-json\/wp\/v2\/media\/107779"}],"wp:attachment":[{"href":"https:\/\/letrame.com\/catalogo\/wp-json\/wp\/v2\/media?parent=107778"}],"wp:term":[{"taxonomy":"libro","embeddable":true,"href":"https:\/\/letrame.com\/catalogo\/wp-json\/wp\/v2\/libro?post=107778"},{"taxonomy":"product_brand","embeddable":true,"href":"https:\/\/letrame.com\/catalogo\/wp-json\/wp\/v2\/product_brand?post=107778"},{"taxonomy":"product_cat","embeddable":true,"href":"https:\/\/letrame.com\/catalogo\/wp-json\/wp\/v2\/product_cat?post=107778"},{"taxonomy":"product_tag","embeddable":true,"href":"https:\/\/letrame.com\/catalogo\/wp-json\/wp\/v2\/product_tag?post=107778"}],"curies":[{"name":"wp","href":"https:\/\/api.w.org\/{rel}","templated":true}]}}