{"id":107768,"date":"2025-01-17T09:03:50","date_gmt":"2025-01-17T08:03:50","guid":{"rendered":"https:\/\/letrame.com\/catalogo\/?post_type=product&#038;p=107768"},"modified":"2025-01-17T09:03:51","modified_gmt":"2025-01-17T08:03:51","slug":"una-historia-corriente","status":"publish","type":"product","link":"https:\/\/letrame.com\/catalogo\/producto\/una-historia-corriente\/","title":{"rendered":"Una historia corriente"},"content":{"rendered":"<p class=\"p1\"><b>ISBN: <\/b>978-84-1068-337-2<b><\/b><\/p>\n<p class=\"p1\"><b>T\u00edtulo: <\/b>Una historia corriente<br \/>\n<b><br \/>\nFecha: <\/b>2024<b><\/p>\n<p>P\u00e1ginas:\u00a0<\/b>184<b><\/b><\/p>\n<p class=\"p1\"><b>SINOPSIS<\/b><b><\/b><\/p>\n<p><i><br \/>\nUna historia corriente<\/i> nos relata la vida de Le\u00f3n, un hombre de mediana edad que, tras quebrar su negocio con la crisis econ\u00f3mica de 2008 y que tanto afect\u00f3 a much\u00edsimas familias espa\u00f1olas, se ve abocado a vivir en las calles de Madrid sin nada m\u00e1s que una vaga esperanza y una \u00faltima oportunidad de poder recuperar todo lo que un d\u00eda tuvo, incluidos su mujer y sus hijos. Sin un techo bajo el que refugiarse y sin nadie a quien acudir para pedir ayuda, Le\u00f3n deambula por las calles madrile\u00f1as, esas que una vez lo vieron prosperar y triunfar tanto en el plano econ\u00f3mico como familiar, con la f\u00e9rrea certeza de que esta vida nueva que se le ha impuesto no le pertenece, que no la merece, que tiene que cambiar. Adentr\u00e1ndonos por momentos en los pensamientos del personaje, este libro nos aleja de las historias id\u00edlicas que tan com\u00fanmente nos encontramos en el mundo literario para profundizar en la cruel realidad de las personas sin hogar, en las situaciones a las que se enfrentan en el d\u00eda a d\u00eda, en sus miedos, sus esperanzas y, tr\u00e1gicamente, en el rechazo y la indiferencia de aquellos que piensan que nunca terminar\u00e1n as\u00ed. <span style=\"color: black;\">Se trata de una aguda cr\u00edtica a la sociedad materialista en la que vivimos, en la que una persona vale el dinero que tenga o lo que posea, y a c\u00f3mo estas personas sin hogar pasan a ser a ojos del resto meros n\u00fameros sin una vida propia, sin una historia que contar, sin nada que ofrecer.<\/span><\/p>\n","protected":false},"excerpt":{"rendered":"<p><b>ISBN: <\/b>978-84-1068-337-2<\/p>\n<p><strong>SINOPSIS<br \/>\n<\/strong><i>Una historia corriente<\/i> nos relata la vida de Le\u00f3n, un hombre de mediana edad que, tras quebrar su negocio con la crisis econ\u00f3mica de 2008 y que tanto afect\u00f3 a much\u00edsimas familias espa\u00f1olas, se ve abocado a vivir en las calles de Madrid sin nada m\u00e1s que una vaga esperanza y una \u00faltima oportunidad de poder recuperar todo lo que un d\u00eda tuvo, incluidos su mujer y sus hijos.<\/p>\n","protected":false},"featured_media":107772,"comment_status":"open","ping_status":"closed","template":"","meta":{"_acf_changed":false},"libro":[],"product_brand":[],"product_cat":[47],"product_tag":[],"class_list":{"0":"post-107768","1":"product","2":"type-product","3":"status-publish","4":"has-post-thumbnail","6":"product_cat-ciencia-ficcion-misterio","8":"first","9":"instock","10":"shipping-taxable","11":"product-type-simple"},"acf":{"autor":[107767],"enlace_de_compra":""},"yoast_head":"<!-- This site is optimized with the Yoast SEO plugin v26.6 - https:\/\/yoast.com\/wordpress\/plugins\/seo\/ -->\n<title>Una historia corriente - Catalogo | Letrame Grupo Editorial<\/title>\n<meta name=\"robots\" content=\"index, follow, max-snippet:-1, max-image-preview:large, max-video-preview:-1\" \/>\n<link rel=\"canonical\" href=\"https:\/\/letrame.com\/catalogo\/producto\/una-historia-corriente\/\" \/>\n<meta property=\"og:locale\" content=\"es_ES\" \/>\n<meta property=\"og:type\" content=\"article\" \/>\n<meta property=\"og:title\" content=\"Una historia corriente - Catalogo | Letrame Grupo Editorial\" \/>\n<meta property=\"og:description\" content=\"ISBN: 978-84-1068-337-2  SINOPSIS Una historia corriente nos relata la vida de Le\u00f3n, un hombre de mediana edad que, tras quebrar su negocio con la crisis econ\u00f3mica de 2008 y que tanto afect\u00f3 a much\u00edsimas familias espa\u00f1olas, se ve abocado a vivir en las calles de Madrid sin nada m\u00e1s que una vaga esperanza y una \u00faltima oportunidad de poder recuperar todo lo que un d\u00eda tuvo, incluidos su mujer y sus hijos.\" \/>\n<meta property=\"og:url\" content=\"https:\/\/letrame.com\/catalogo\/producto\/una-historia-corriente\/\" \/>\n<meta property=\"og:site_name\" content=\"Catalogo | Letrame Grupo Editorial\" \/>\n<meta property=\"article:modified_time\" content=\"2025-01-17T08:03:51+00:00\" \/>\n<meta property=\"og:image\" content=\"https:\/\/letrame.com\/catalogo\/wp-content\/uploads\/2025\/01\/portadaunahistoriacorrientejpg.jpg\" \/>\n\t<meta property=\"og:image:width\" content=\"459\" \/>\n\t<meta property=\"og:image:height\" content=\"656\" \/>\n\t<meta property=\"og:image:type\" content=\"image\/jpeg\" \/>\n<meta name=\"twitter:card\" content=\"summary_large_image\" \/>\n<meta name=\"twitter:label1\" content=\"Tiempo de lectura\" \/>\n\t<meta name=\"twitter:data1\" content=\"2 minutos\" \/>\n<script type=\"application\/ld+json\" class=\"yoast-schema-graph\">{\"@context\":\"https:\/\/schema.org\",\"@graph\":[{\"@type\":\"WebPage\",\"@id\":\"https:\/\/letrame.com\/catalogo\/producto\/una-historia-corriente\/\",\"url\":\"https:\/\/letrame.com\/catalogo\/producto\/una-historia-corriente\/\",\"name\":\"Una historia corriente - Catalogo | Letrame Grupo Editorial\",\"isPartOf\":{\"@id\":\"https:\/\/letrame.com\/catalogo\/#website\"},\"primaryImageOfPage\":{\"@id\":\"https:\/\/letrame.com\/catalogo\/producto\/una-historia-corriente\/#primaryimage\"},\"image\":{\"@id\":\"https:\/\/letrame.com\/catalogo\/producto\/una-historia-corriente\/#primaryimage\"},\"thumbnailUrl\":\"https:\/\/letrame.com\/catalogo\/wp-content\/uploads\/2025\/01\/portadaunahistoriacorrientejpg.jpg\",\"datePublished\":\"2025-01-17T08:03:50+00:00\",\"dateModified\":\"2025-01-17T08:03:51+00:00\",\"breadcrumb\":{\"@id\":\"https:\/\/letrame.com\/catalogo\/producto\/una-historia-corriente\/#breadcrumb\"},\"inLanguage\":\"es\",\"potentialAction\":[{\"@type\":\"ReadAction\",\"target\":[\"https:\/\/letrame.com\/catalogo\/producto\/una-historia-corriente\/\"]}]},{\"@type\":\"ImageObject\",\"inLanguage\":\"es\",\"@id\":\"https:\/\/letrame.com\/catalogo\/producto\/una-historia-corriente\/#primaryimage\",\"url\":\"https:\/\/letrame.com\/catalogo\/wp-content\/uploads\/2025\/01\/portadaunahistoriacorrientejpg.jpg\",\"contentUrl\":\"https:\/\/letrame.com\/catalogo\/wp-content\/uploads\/2025\/01\/portadaunahistoriacorrientejpg.jpg\",\"width\":459,\"height\":656,\"caption\":\"Portada Una historia corriente\"},{\"@type\":\"BreadcrumbList\",\"@id\":\"https:\/\/letrame.com\/catalogo\/producto\/una-historia-corriente\/#breadcrumb\",\"itemListElement\":[{\"@type\":\"ListItem\",\"position\":1,\"name\":\"Portada\",\"item\":\"https:\/\/letrame.com\/catalogo\/\"},{\"@type\":\"ListItem\",\"position\":2,\"name\":\"Cat\u00e1logo\",\"item\":\"https:\/\/letrame.com\/catalogo\/\"},{\"@type\":\"ListItem\",\"position\":3,\"name\":\"Una historia corriente\"}]},{\"@type\":\"WebSite\",\"@id\":\"https:\/\/letrame.com\/catalogo\/#website\",\"url\":\"https:\/\/letrame.com\/catalogo\/\",\"name\":\"Catalogo | Letrame Grupo Editorial\",\"description\":\"\",\"publisher\":{\"@id\":\"https:\/\/letrame.com\/catalogo\/#organization\"},\"potentialAction\":[{\"@type\":\"SearchAction\",\"target\":{\"@type\":\"EntryPoint\",\"urlTemplate\":\"https:\/\/letrame.com\/catalogo\/?s={search_term_string}\"},\"query-input\":{\"@type\":\"PropertyValueSpecification\",\"valueRequired\":true,\"valueName\":\"search_term_string\"}}],\"inLanguage\":\"es\"},{\"@type\":\"Organization\",\"@id\":\"https:\/\/letrame.com\/catalogo\/#organization\",\"name\":\"Catalogo | Letrame Grupo Editorial\",\"url\":\"https:\/\/letrame.com\/catalogo\/\",\"logo\":{\"@type\":\"ImageObject\",\"inLanguage\":\"es\",\"@id\":\"https:\/\/letrame.com\/catalogo\/#\/schema\/logo\/image\/\",\"url\":\"https:\/\/letrame.com\/catalogo\/wp-content\/uploads\/2024\/03\/logo2.webp\",\"contentUrl\":\"https:\/\/letrame.com\/catalogo\/wp-content\/uploads\/2024\/03\/logo2.webp\",\"width\":394,\"height\":128,\"caption\":\"Catalogo | Letrame Grupo Editorial\"},\"image\":{\"@id\":\"https:\/\/letrame.com\/catalogo\/#\/schema\/logo\/image\/\"}}]}<\/script>\n<!-- \/ Yoast SEO plugin. -->","yoast_head_json":{"title":"Una historia corriente - Catalogo | Letrame Grupo Editorial","robots":{"index":"index","follow":"follow","max-snippet":"max-snippet:-1","max-image-preview":"max-image-preview:large","max-video-preview":"max-video-preview:-1"},"canonical":"https:\/\/letrame.com\/catalogo\/producto\/una-historia-corriente\/","og_locale":"es_ES","og_type":"article","og_title":"Una historia corriente - Catalogo | Letrame Grupo Editorial","og_description":"ISBN: 978-84-1068-337-2  SINOPSIS Una historia corriente nos relata la vida de Le\u00f3n, un hombre de mediana edad que, tras quebrar su negocio con la crisis econ\u00f3mica de 2008 y que tanto afect\u00f3 a much\u00edsimas familias espa\u00f1olas, se ve abocado a vivir en las calles de Madrid sin nada m\u00e1s que una vaga esperanza y una \u00faltima oportunidad de poder recuperar todo lo que un d\u00eda tuvo, incluidos su mujer y sus hijos.","og_url":"https:\/\/letrame.com\/catalogo\/producto\/una-historia-corriente\/","og_site_name":"Catalogo | Letrame Grupo Editorial","article_modified_time":"2025-01-17T08:03:51+00:00","og_image":[{"width":459,"height":656,"url":"https:\/\/letrame.com\/catalogo\/wp-content\/uploads\/2025\/01\/portadaunahistoriacorrientejpg.jpg","type":"image\/jpeg"}],"twitter_card":"summary_large_image","twitter_misc":{"Tiempo de lectura":"2 minutos"},"schema":{"@context":"https:\/\/schema.org","@graph":[{"@type":"WebPage","@id":"https:\/\/letrame.com\/catalogo\/producto\/una-historia-corriente\/","url":"https:\/\/letrame.com\/catalogo\/producto\/una-historia-corriente\/","name":"Una historia corriente - Catalogo | Letrame Grupo Editorial","isPartOf":{"@id":"https:\/\/letrame.com\/catalogo\/#website"},"primaryImageOfPage":{"@id":"https:\/\/letrame.com\/catalogo\/producto\/una-historia-corriente\/#primaryimage"},"image":{"@id":"https:\/\/letrame.com\/catalogo\/producto\/una-historia-corriente\/#primaryimage"},"thumbnailUrl":"https:\/\/letrame.com\/catalogo\/wp-content\/uploads\/2025\/01\/portadaunahistoriacorrientejpg.jpg","datePublished":"2025-01-17T08:03:50+00:00","dateModified":"2025-01-17T08:03:51+00:00","breadcrumb":{"@id":"https:\/\/letrame.com\/catalogo\/producto\/una-historia-corriente\/#breadcrumb"},"inLanguage":"es","potentialAction":[{"@type":"ReadAction","target":["https:\/\/letrame.com\/catalogo\/producto\/una-historia-corriente\/"]}]},{"@type":"ImageObject","inLanguage":"es","@id":"https:\/\/letrame.com\/catalogo\/producto\/una-historia-corriente\/#primaryimage","url":"https:\/\/letrame.com\/catalogo\/wp-content\/uploads\/2025\/01\/portadaunahistoriacorrientejpg.jpg","contentUrl":"https:\/\/letrame.com\/catalogo\/wp-content\/uploads\/2025\/01\/portadaunahistoriacorrientejpg.jpg","width":459,"height":656,"caption":"Portada Una historia corriente"},{"@type":"BreadcrumbList","@id":"https:\/\/letrame.com\/catalogo\/producto\/una-historia-corriente\/#breadcrumb","itemListElement":[{"@type":"ListItem","position":1,"name":"Portada","item":"https:\/\/letrame.com\/catalogo\/"},{"@type":"ListItem","position":2,"name":"Cat\u00e1logo","item":"https:\/\/letrame.com\/catalogo\/"},{"@type":"ListItem","position":3,"name":"Una historia corriente"}]},{"@type":"WebSite","@id":"https:\/\/letrame.com\/catalogo\/#website","url":"https:\/\/letrame.com\/catalogo\/","name":"Catalogo | Letrame Grupo Editorial","description":"","publisher":{"@id":"https:\/\/letrame.com\/catalogo\/#organization"},"potentialAction":[{"@type":"SearchAction","target":{"@type":"EntryPoint","urlTemplate":"https:\/\/letrame.com\/catalogo\/?s={search_term_string}"},"query-input":{"@type":"PropertyValueSpecification","valueRequired":true,"valueName":"search_term_string"}}],"inLanguage":"es"},{"@type":"Organization","@id":"https:\/\/letrame.com\/catalogo\/#organization","name":"Catalogo | Letrame Grupo Editorial","url":"https:\/\/letrame.com\/catalogo\/","logo":{"@type":"ImageObject","inLanguage":"es","@id":"https:\/\/letrame.com\/catalogo\/#\/schema\/logo\/image\/","url":"https:\/\/letrame.com\/catalogo\/wp-content\/uploads\/2024\/03\/logo2.webp","contentUrl":"https:\/\/letrame.com\/catalogo\/wp-content\/uploads\/2024\/03\/logo2.webp","width":394,"height":128,"caption":"Catalogo | Letrame Grupo Editorial"},"image":{"@id":"https:\/\/letrame.com\/catalogo\/#\/schema\/logo\/image\/"}}]}},"_links":{"self":[{"href":"https:\/\/letrame.com\/catalogo\/wp-json\/wp\/v2\/product\/107768","targetHints":{"allow":["GET"]}}],"collection":[{"href":"https:\/\/letrame.com\/catalogo\/wp-json\/wp\/v2\/product"}],"about":[{"href":"https:\/\/letrame.com\/catalogo\/wp-json\/wp\/v2\/types\/product"}],"replies":[{"embeddable":true,"href":"https:\/\/letrame.com\/catalogo\/wp-json\/wp\/v2\/comments?post=107768"}],"acf:post":[{"embeddable":true,"href":"https:\/\/letrame.com\/catalogo\/wp-json\/wp\/v2\/author_book\/107767"}],"wp:featuredmedia":[{"embeddable":true,"href":"https:\/\/letrame.com\/catalogo\/wp-json\/wp\/v2\/media\/107772"}],"wp:attachment":[{"href":"https:\/\/letrame.com\/catalogo\/wp-json\/wp\/v2\/media?parent=107768"}],"wp:term":[{"taxonomy":"libro","embeddable":true,"href":"https:\/\/letrame.com\/catalogo\/wp-json\/wp\/v2\/libro?post=107768"},{"taxonomy":"product_brand","embeddable":true,"href":"https:\/\/letrame.com\/catalogo\/wp-json\/wp\/v2\/product_brand?post=107768"},{"taxonomy":"product_cat","embeddable":true,"href":"https:\/\/letrame.com\/catalogo\/wp-json\/wp\/v2\/product_cat?post=107768"},{"taxonomy":"product_tag","embeddable":true,"href":"https:\/\/letrame.com\/catalogo\/wp-json\/wp\/v2\/product_tag?post=107768"}],"curies":[{"name":"wp","href":"https:\/\/api.w.org\/{rel}","templated":true}]}}