{"id":107757,"date":"2025-01-16T08:45:34","date_gmt":"2025-01-16T07:45:34","guid":{"rendered":"https:\/\/letrame.com\/catalogo\/?post_type=product&#038;p=107757"},"modified":"2025-04-07T13:57:22","modified_gmt":"2025-04-07T11:57:22","slug":"todos-tenemos-una-relacion-con-dios","status":"publish","type":"product","link":"https:\/\/letrame.com\/catalogo\/producto\/todos-tenemos-una-relacion-con-dios\/","title":{"rendered":"Todos tenemos una relaci\u00f3n con Dios."},"content":{"rendered":"<p class=\"p1\"><b>ISBN: <\/b>978-84-1089-212-5<b><\/b><\/p>\n<p class=\"p1\"><b>T\u00edtulo: <\/b>Todos tenemos una relaci\u00f3n con Dios.<b><\/b><\/p>\n<p><strong>Fecha<\/strong>: 2025<b><\/b><\/p>\n<p><strong>P\u00e1ginas<\/strong>: 132<b><\/b><\/p>\n<p class=\"p1\"><b>SINOPSIS<\/b><\/p>\n<p>&nbsp;<\/p>\n<p class=\"p1\"><i>Todos tenemos una relaci\u00f3n con Dios es una profunda exploraci\u00f3n<\/i><\/p>\n<p class=\"p1\"><i>espiritual que nos invita a reflexionar sobre nuestro propio<\/i><\/p>\n<p class=\"p1\"><i>v\u00ednculo con el Creador. Con ayuda de ejemplos cotidianos, an\u00e1lisis<\/i><\/p>\n<p class=\"p1\"><i>reflexivos y estudios b\u00edblicos, Lisette Beatriz Cerna S\u00e1ez nos gu\u00eda<\/i><\/p>\n<p class=\"p1\"><i>en un viaje hacia el entendimiento de que, ya sea por aceptaci\u00f3n,<\/i><\/p>\n<p class=\"p1\"><i>rechazo o indiferencia, todos mantenemos una relaci\u00f3n con Dios.<\/i><\/p>\n<p class=\"p1\"><i>Con un enfoque centrado en la fe, el perd\u00f3n, el pecado y el amor<\/i><\/p>\n<p class=\"p1\"><i>incondicional, este libro nos impulsa a tomar decisiones conscientes<\/i><\/p>\n<p class=\"p1\"><i>sobre c\u00f3mo deseamos interactuar con lo divino, mientras descubrimos<\/i><\/p>\n<p class=\"p1\"><i>el poder transformador de una conexi\u00f3n \u00edntima y llena<\/i><\/p>\n<p class=\"p1\"><i>de prop\u00f3sito con Dios.<\/i><\/p>\n<p class=\"p1\"><i>La autora ofrece una gu\u00eda accesible para entender c\u00f3mo nuestras<\/i><\/p>\n<p class=\"p1\"><i>vivencias, decisiones y creencias moldean esta relaci\u00f3n espiritual y<\/i><\/p>\n<p class=\"p1\"><i>nos invita a cuestionar: \u00bfc\u00f3mo estamos conectados con Dios? Destacando<\/i><\/p>\n<p class=\"p1\"><i>que la relaci\u00f3n con lo divino no es est\u00e1tica, sino din\u00e1mica<\/i><\/p>\n<p class=\"p1\"><i>y en constante evoluci\u00f3n.<\/i><\/p>\n<p class=\"p1\"><i>Este libro est\u00e1 dise\u00f1ado para ser una fuente de crecimiento personal<\/i><\/p>\n<p class=\"p1\"><i>y espiritual, proporcionando una visi\u00f3n inspiradora sobre<\/i><\/p>\n<p class=\"p1\"><i>c\u00f3mo vivir una vida plena, arraigada en la fe, el prop\u00f3sito y la<\/i><\/p>\n<p class=\"p1\"><i>adoraci\u00f3n. Ideal para quienes buscan profundizar su espiritualidad<\/i><\/p>\n<p class=\"p1\"><i>y conocer mejor el prop\u00f3sito que Dios tiene para ellos.<\/i><\/p>\n<p class=\"p1\"><b>\u00a0<\/b><\/p>\n","protected":false},"excerpt":{"rendered":"<p class=\"p1\"><i><b>ISBN: <\/b>978-84-1089-212-5<\/i><\/p>\n<p><strong>SINOPSIS<br \/>\n<\/strong><br \/>\nTodos tenemos una relaci\u00f3n con Dios es una profunda exploraci\u00f3n<\/p>\n<p class=\"p1\"><i>espiritual que nos invita a reflexionar sobre nuestro propio<\/i><\/p>\n<p class=\"p1\"><i>v\u00ednculo con el Creador. <\/i><i><\/i><\/p>\n","protected":false},"featured_media":107758,"comment_status":"open","ping_status":"closed","template":"","meta":{"_acf_changed":false},"libro":[],"product_brand":[],"product_cat":[18],"product_tag":[],"class_list":{"0":"post-107757","1":"product","2":"type-product","3":"status-publish","4":"has-post-thumbnail","6":"product_cat-autoayuda","8":"first","9":"instock","10":"shipping-taxable","11":"product-type-simple"},"acf":{"autor":[107755],"enlace_de_compra":""},"yoast_head":"<!-- This site is optimized with the Yoast SEO plugin v26.6 - https:\/\/yoast.com\/wordpress\/plugins\/seo\/ -->\n<title>Todos tenemos una relaci\u00f3n con Dios. - Catalogo | Letrame Grupo Editorial<\/title>\n<meta name=\"robots\" content=\"index, follow, max-snippet:-1, max-image-preview:large, max-video-preview:-1\" \/>\n<link rel=\"canonical\" href=\"https:\/\/letrame.com\/catalogo\/producto\/todos-tenemos-una-relacion-con-dios\/\" \/>\n<meta property=\"og:locale\" content=\"es_ES\" \/>\n<meta property=\"og:type\" content=\"article\" \/>\n<meta property=\"og:title\" content=\"Todos tenemos una relaci\u00f3n con Dios. - Catalogo | Letrame Grupo Editorial\" \/>\n<meta property=\"og:description\" content=\"ISBN: 978-84-1089-212-5 SINOPSIS  Todos tenemos una relaci\u00f3n con Dios es una profunda exploraci\u00f3n espiritual que nos invita a reflexionar sobre nuestro propio v\u00ednculo con el Creador.\" \/>\n<meta property=\"og:url\" content=\"https:\/\/letrame.com\/catalogo\/producto\/todos-tenemos-una-relacion-con-dios\/\" \/>\n<meta property=\"og:site_name\" content=\"Catalogo | Letrame Grupo Editorial\" \/>\n<meta property=\"article:modified_time\" content=\"2025-04-07T11:57:22+00:00\" \/>\n<meta property=\"og:image\" content=\"https:\/\/letrame.com\/catalogo\/wp-content\/uploads\/2025\/01\/PortadaTodostenemosunarelacionconDios.jpg\" \/>\n\t<meta property=\"og:image:width\" content=\"420\" \/>\n\t<meta property=\"og:image:height\" content=\"595\" \/>\n\t<meta property=\"og:image:type\" content=\"image\/jpeg\" \/>\n<meta name=\"twitter:card\" content=\"summary_large_image\" \/>\n<meta name=\"twitter:label1\" content=\"Tiempo de lectura\" \/>\n\t<meta name=\"twitter:data1\" content=\"2 minutos\" \/>\n<script type=\"application\/ld+json\" class=\"yoast-schema-graph\">{\"@context\":\"https:\/\/schema.org\",\"@graph\":[{\"@type\":\"WebPage\",\"@id\":\"https:\/\/letrame.com\/catalogo\/producto\/todos-tenemos-una-relacion-con-dios\/\",\"url\":\"https:\/\/letrame.com\/catalogo\/producto\/todos-tenemos-una-relacion-con-dios\/\",\"name\":\"Todos tenemos una relaci\u00f3n con Dios. - Catalogo | Letrame Grupo Editorial\",\"isPartOf\":{\"@id\":\"https:\/\/letrame.com\/catalogo\/#website\"},\"primaryImageOfPage\":{\"@id\":\"https:\/\/letrame.com\/catalogo\/producto\/todos-tenemos-una-relacion-con-dios\/#primaryimage\"},\"image\":{\"@id\":\"https:\/\/letrame.com\/catalogo\/producto\/todos-tenemos-una-relacion-con-dios\/#primaryimage\"},\"thumbnailUrl\":\"https:\/\/letrame.com\/catalogo\/wp-content\/uploads\/2025\/01\/PortadaTodostenemosunarelacionconDios.jpg\",\"datePublished\":\"2025-01-16T07:45:34+00:00\",\"dateModified\":\"2025-04-07T11:57:22+00:00\",\"breadcrumb\":{\"@id\":\"https:\/\/letrame.com\/catalogo\/producto\/todos-tenemos-una-relacion-con-dios\/#breadcrumb\"},\"inLanguage\":\"es\",\"potentialAction\":[{\"@type\":\"ReadAction\",\"target\":[\"https:\/\/letrame.com\/catalogo\/producto\/todos-tenemos-una-relacion-con-dios\/\"]}]},{\"@type\":\"ImageObject\",\"inLanguage\":\"es\",\"@id\":\"https:\/\/letrame.com\/catalogo\/producto\/todos-tenemos-una-relacion-con-dios\/#primaryimage\",\"url\":\"https:\/\/letrame.com\/catalogo\/wp-content\/uploads\/2025\/01\/PortadaTodostenemosunarelacionconDios.jpg\",\"contentUrl\":\"https:\/\/letrame.com\/catalogo\/wp-content\/uploads\/2025\/01\/PortadaTodostenemosunarelacionconDios.jpg\",\"width\":420,\"height\":595,\"caption\":\"Portada Todos tenemos una relaci\u00f3n con Dios\"},{\"@type\":\"BreadcrumbList\",\"@id\":\"https:\/\/letrame.com\/catalogo\/producto\/todos-tenemos-una-relacion-con-dios\/#breadcrumb\",\"itemListElement\":[{\"@type\":\"ListItem\",\"position\":1,\"name\":\"Portada\",\"item\":\"https:\/\/letrame.com\/catalogo\/\"},{\"@type\":\"ListItem\",\"position\":2,\"name\":\"Cat\u00e1logo\",\"item\":\"https:\/\/letrame.com\/catalogo\/\"},{\"@type\":\"ListItem\",\"position\":3,\"name\":\"Todos tenemos una relaci\u00f3n con Dios.\"}]},{\"@type\":\"WebSite\",\"@id\":\"https:\/\/letrame.com\/catalogo\/#website\",\"url\":\"https:\/\/letrame.com\/catalogo\/\",\"name\":\"Catalogo | Letrame Grupo Editorial\",\"description\":\"\",\"publisher\":{\"@id\":\"https:\/\/letrame.com\/catalogo\/#organization\"},\"potentialAction\":[{\"@type\":\"SearchAction\",\"target\":{\"@type\":\"EntryPoint\",\"urlTemplate\":\"https:\/\/letrame.com\/catalogo\/?s={search_term_string}\"},\"query-input\":{\"@type\":\"PropertyValueSpecification\",\"valueRequired\":true,\"valueName\":\"search_term_string\"}}],\"inLanguage\":\"es\"},{\"@type\":\"Organization\",\"@id\":\"https:\/\/letrame.com\/catalogo\/#organization\",\"name\":\"Catalogo | Letrame Grupo Editorial\",\"url\":\"https:\/\/letrame.com\/catalogo\/\",\"logo\":{\"@type\":\"ImageObject\",\"inLanguage\":\"es\",\"@id\":\"https:\/\/letrame.com\/catalogo\/#\/schema\/logo\/image\/\",\"url\":\"https:\/\/letrame.com\/catalogo\/wp-content\/uploads\/2024\/03\/logo2.webp\",\"contentUrl\":\"https:\/\/letrame.com\/catalogo\/wp-content\/uploads\/2024\/03\/logo2.webp\",\"width\":394,\"height\":128,\"caption\":\"Catalogo | Letrame Grupo Editorial\"},\"image\":{\"@id\":\"https:\/\/letrame.com\/catalogo\/#\/schema\/logo\/image\/\"}}]}<\/script>\n<!-- \/ Yoast SEO plugin. -->","yoast_head_json":{"title":"Todos tenemos una relaci\u00f3n con Dios. - Catalogo | Letrame Grupo Editorial","robots":{"index":"index","follow":"follow","max-snippet":"max-snippet:-1","max-image-preview":"max-image-preview:large","max-video-preview":"max-video-preview:-1"},"canonical":"https:\/\/letrame.com\/catalogo\/producto\/todos-tenemos-una-relacion-con-dios\/","og_locale":"es_ES","og_type":"article","og_title":"Todos tenemos una relaci\u00f3n con Dios. - Catalogo | Letrame Grupo Editorial","og_description":"ISBN: 978-84-1089-212-5 SINOPSIS  Todos tenemos una relaci\u00f3n con Dios es una profunda exploraci\u00f3n espiritual que nos invita a reflexionar sobre nuestro propio v\u00ednculo con el Creador.","og_url":"https:\/\/letrame.com\/catalogo\/producto\/todos-tenemos-una-relacion-con-dios\/","og_site_name":"Catalogo | Letrame Grupo Editorial","article_modified_time":"2025-04-07T11:57:22+00:00","og_image":[{"width":420,"height":595,"url":"https:\/\/letrame.com\/catalogo\/wp-content\/uploads\/2025\/01\/PortadaTodostenemosunarelacionconDios.jpg","type":"image\/jpeg"}],"twitter_card":"summary_large_image","twitter_misc":{"Tiempo de lectura":"2 minutos"},"schema":{"@context":"https:\/\/schema.org","@graph":[{"@type":"WebPage","@id":"https:\/\/letrame.com\/catalogo\/producto\/todos-tenemos-una-relacion-con-dios\/","url":"https:\/\/letrame.com\/catalogo\/producto\/todos-tenemos-una-relacion-con-dios\/","name":"Todos tenemos una relaci\u00f3n con Dios. - Catalogo | Letrame Grupo Editorial","isPartOf":{"@id":"https:\/\/letrame.com\/catalogo\/#website"},"primaryImageOfPage":{"@id":"https:\/\/letrame.com\/catalogo\/producto\/todos-tenemos-una-relacion-con-dios\/#primaryimage"},"image":{"@id":"https:\/\/letrame.com\/catalogo\/producto\/todos-tenemos-una-relacion-con-dios\/#primaryimage"},"thumbnailUrl":"https:\/\/letrame.com\/catalogo\/wp-content\/uploads\/2025\/01\/PortadaTodostenemosunarelacionconDios.jpg","datePublished":"2025-01-16T07:45:34+00:00","dateModified":"2025-04-07T11:57:22+00:00","breadcrumb":{"@id":"https:\/\/letrame.com\/catalogo\/producto\/todos-tenemos-una-relacion-con-dios\/#breadcrumb"},"inLanguage":"es","potentialAction":[{"@type":"ReadAction","target":["https:\/\/letrame.com\/catalogo\/producto\/todos-tenemos-una-relacion-con-dios\/"]}]},{"@type":"ImageObject","inLanguage":"es","@id":"https:\/\/letrame.com\/catalogo\/producto\/todos-tenemos-una-relacion-con-dios\/#primaryimage","url":"https:\/\/letrame.com\/catalogo\/wp-content\/uploads\/2025\/01\/PortadaTodostenemosunarelacionconDios.jpg","contentUrl":"https:\/\/letrame.com\/catalogo\/wp-content\/uploads\/2025\/01\/PortadaTodostenemosunarelacionconDios.jpg","width":420,"height":595,"caption":"Portada Todos tenemos una relaci\u00f3n con Dios"},{"@type":"BreadcrumbList","@id":"https:\/\/letrame.com\/catalogo\/producto\/todos-tenemos-una-relacion-con-dios\/#breadcrumb","itemListElement":[{"@type":"ListItem","position":1,"name":"Portada","item":"https:\/\/letrame.com\/catalogo\/"},{"@type":"ListItem","position":2,"name":"Cat\u00e1logo","item":"https:\/\/letrame.com\/catalogo\/"},{"@type":"ListItem","position":3,"name":"Todos tenemos una relaci\u00f3n con Dios."}]},{"@type":"WebSite","@id":"https:\/\/letrame.com\/catalogo\/#website","url":"https:\/\/letrame.com\/catalogo\/","name":"Catalogo | Letrame Grupo Editorial","description":"","publisher":{"@id":"https:\/\/letrame.com\/catalogo\/#organization"},"potentialAction":[{"@type":"SearchAction","target":{"@type":"EntryPoint","urlTemplate":"https:\/\/letrame.com\/catalogo\/?s={search_term_string}"},"query-input":{"@type":"PropertyValueSpecification","valueRequired":true,"valueName":"search_term_string"}}],"inLanguage":"es"},{"@type":"Organization","@id":"https:\/\/letrame.com\/catalogo\/#organization","name":"Catalogo | Letrame Grupo Editorial","url":"https:\/\/letrame.com\/catalogo\/","logo":{"@type":"ImageObject","inLanguage":"es","@id":"https:\/\/letrame.com\/catalogo\/#\/schema\/logo\/image\/","url":"https:\/\/letrame.com\/catalogo\/wp-content\/uploads\/2024\/03\/logo2.webp","contentUrl":"https:\/\/letrame.com\/catalogo\/wp-content\/uploads\/2024\/03\/logo2.webp","width":394,"height":128,"caption":"Catalogo | Letrame Grupo Editorial"},"image":{"@id":"https:\/\/letrame.com\/catalogo\/#\/schema\/logo\/image\/"}}]}},"_links":{"self":[{"href":"https:\/\/letrame.com\/catalogo\/wp-json\/wp\/v2\/product\/107757","targetHints":{"allow":["GET"]}}],"collection":[{"href":"https:\/\/letrame.com\/catalogo\/wp-json\/wp\/v2\/product"}],"about":[{"href":"https:\/\/letrame.com\/catalogo\/wp-json\/wp\/v2\/types\/product"}],"replies":[{"embeddable":true,"href":"https:\/\/letrame.com\/catalogo\/wp-json\/wp\/v2\/comments?post=107757"}],"acf:post":[{"embeddable":true,"href":"https:\/\/letrame.com\/catalogo\/wp-json\/wp\/v2\/author_book\/107755"}],"wp:featuredmedia":[{"embeddable":true,"href":"https:\/\/letrame.com\/catalogo\/wp-json\/wp\/v2\/media\/107758"}],"wp:attachment":[{"href":"https:\/\/letrame.com\/catalogo\/wp-json\/wp\/v2\/media?parent=107757"}],"wp:term":[{"taxonomy":"libro","embeddable":true,"href":"https:\/\/letrame.com\/catalogo\/wp-json\/wp\/v2\/libro?post=107757"},{"taxonomy":"product_brand","embeddable":true,"href":"https:\/\/letrame.com\/catalogo\/wp-json\/wp\/v2\/product_brand?post=107757"},{"taxonomy":"product_cat","embeddable":true,"href":"https:\/\/letrame.com\/catalogo\/wp-json\/wp\/v2\/product_cat?post=107757"},{"taxonomy":"product_tag","embeddable":true,"href":"https:\/\/letrame.com\/catalogo\/wp-json\/wp\/v2\/product_tag?post=107757"}],"curies":[{"name":"wp","href":"https:\/\/api.w.org\/{rel}","templated":true}]}}