{"id":107700,"date":"2025-01-14T10:07:54","date_gmt":"2025-01-14T09:07:54","guid":{"rendered":"https:\/\/letrame.com\/catalogo\/?post_type=product&#038;p=107700"},"modified":"2025-01-15T12:24:43","modified_gmt":"2025-01-15T11:24:43","slug":"los-vestidos-de-hugo","status":"publish","type":"product","link":"https:\/\/letrame.com\/catalogo\/producto\/los-vestidos-de-hugo\/","title":{"rendered":"Los vestidos de Hugo"},"content":{"rendered":"<p class=\"p1\"><b>ISBN:<\/b> 978-84-1181-407-2<\/p>\n<p class=\"p1\"><b>T\u00edtulo: <\/b>Los vestidos de Hugo<br \/>\n<b><br \/>\nFecha: <\/b>2024<br \/>\n<b><br \/>\nP\u00e1ginas: <\/b>36<b><\/b><\/p>\n<p class=\"p1\"><b>SINOPSIS<\/b><\/p>\n<p>Hugo es un ni\u00f1o al que le encanta disfrazarse, sobre todo, si es de princesa. A pesar de los comentarios de sus compa\u00f1eros no quiere renunciar a ello. Un d\u00eda no puede quitarse el disfraz de princesa y se marcha con \u00e9l a casa. Eso dar\u00e1 juego a una serie de situaciones que pondr\u00e1n en evidencia los prejuicios que se mantienen todav\u00eda acerca de los vestidos y qui\u00e9nes los pueden usar.<\/p>\n","protected":false},"excerpt":{"rendered":"<p><b>ISBN:<\/b> 978-84-1181-407-2<\/p>\n<p><strong>SINOPSIS<\/strong><\/p>\n<p>Hugo es un ni\u00f1o al que le encanta disfrazarse, sobre todo, si es de princesa. A pesar de los comentarios de sus compa\u00f1eros no quiere renunciar a ello. Un d\u00eda no puede quitarse el disfraz de princesa y se marcha con \u00e9l a casa. Eso dar\u00e1 juego a una serie de situaciones que pondr\u00e1n en evidencia los prejuicios que se mantienen todav\u00eda acerca de los vestidos y qui\u00e9nes los pueden usar.<\/p>\n","protected":false},"featured_media":107717,"comment_status":"open","ping_status":"closed","template":"","meta":{"_acf_changed":false},"libro":[],"product_brand":[],"product_cat":[15],"product_tag":[],"class_list":{"0":"post-107700","1":"product","2":"type-product","3":"status-publish","4":"has-post-thumbnail","6":"product_cat-sin-categorizar","8":"first","9":"instock","10":"shipping-taxable","11":"product-type-simple"},"acf":{"autor":[76822],"enlace_de_compra":""},"yoast_head":"<!-- This site is optimized with the Yoast SEO plugin v27.4 - https:\/\/yoast.com\/product\/yoast-seo-wordpress\/ -->\n<title>Los vestidos de Hugo - Catalogo | Letrame Grupo Editorial<\/title>\n<meta name=\"robots\" content=\"index, follow, max-snippet:-1, max-image-preview:large, max-video-preview:-1\" \/>\n<link rel=\"canonical\" href=\"https:\/\/letrame.com\/catalogo\/producto\/los-vestidos-de-hugo\/\" \/>\n<meta property=\"og:locale\" content=\"es_ES\" \/>\n<meta property=\"og:type\" content=\"article\" \/>\n<meta property=\"og:title\" content=\"Los vestidos de Hugo - Catalogo | Letrame Grupo Editorial\" \/>\n<meta property=\"og:description\" content=\"ISBN: 978-84-1181-407-2  SINOPSIS  Hugo es un ni\u00f1o al que le encanta disfrazarse, sobre todo, si es de princesa. A pesar de los comentarios de sus compa\u00f1eros no quiere renunciar a ello. Un d\u00eda no puede quitarse el disfraz de princesa y se marcha con \u00e9l a casa. Eso dar\u00e1 juego a una serie de situaciones que pondr\u00e1n en evidencia los prejuicios que se mantienen todav\u00eda acerca de los vestidos y qui\u00e9nes los pueden usar.\" \/>\n<meta property=\"og:url\" content=\"https:\/\/letrame.com\/catalogo\/producto\/los-vestidos-de-hugo\/\" \/>\n<meta property=\"og:site_name\" content=\"Catalogo | Letrame Grupo Editorial\" \/>\n<meta property=\"article:modified_time\" content=\"2025-01-15T11:24:43+00:00\" \/>\n<meta property=\"og:image\" content=\"https:\/\/letrame.com\/catalogo\/wp-content\/uploads\/2025\/01\/Portada_LosvestidosdeHugo.jpg\" \/>\n\t<meta property=\"og:image:width\" content=\"595\" \/>\n\t<meta property=\"og:image:height\" content=\"595\" \/>\n\t<meta property=\"og:image:type\" content=\"image\/jpeg\" \/>\n<meta name=\"twitter:card\" content=\"summary_large_image\" \/>\n<meta name=\"twitter:label1\" content=\"Tiempo de lectura\" \/>\n\t<meta name=\"twitter:data1\" content=\"1 minuto\" \/>\n<script type=\"application\/ld+json\" class=\"yoast-schema-graph\">{\"@context\":\"https:\\\/\\\/schema.org\",\"@graph\":[{\"@type\":\"WebPage\",\"@id\":\"https:\\\/\\\/letrame.com\\\/catalogo\\\/producto\\\/los-vestidos-de-hugo\\\/\",\"url\":\"https:\\\/\\\/letrame.com\\\/catalogo\\\/producto\\\/los-vestidos-de-hugo\\\/\",\"name\":\"Los vestidos de Hugo - Catalogo | Letrame Grupo Editorial\",\"isPartOf\":{\"@id\":\"https:\\\/\\\/letrame.com\\\/catalogo\\\/#website\"},\"primaryImageOfPage\":{\"@id\":\"https:\\\/\\\/letrame.com\\\/catalogo\\\/producto\\\/los-vestidos-de-hugo\\\/#primaryimage\"},\"image\":{\"@id\":\"https:\\\/\\\/letrame.com\\\/catalogo\\\/producto\\\/los-vestidos-de-hugo\\\/#primaryimage\"},\"thumbnailUrl\":\"https:\\\/\\\/letrame.com\\\/catalogo\\\/wp-content\\\/uploads\\\/2025\\\/01\\\/Portada_LosvestidosdeHugo.jpg\",\"datePublished\":\"2025-01-14T09:07:54+00:00\",\"dateModified\":\"2025-01-15T11:24:43+00:00\",\"breadcrumb\":{\"@id\":\"https:\\\/\\\/letrame.com\\\/catalogo\\\/producto\\\/los-vestidos-de-hugo\\\/#breadcrumb\"},\"inLanguage\":\"es\",\"potentialAction\":[{\"@type\":\"ReadAction\",\"target\":[\"https:\\\/\\\/letrame.com\\\/catalogo\\\/producto\\\/los-vestidos-de-hugo\\\/\"]}]},{\"@type\":\"ImageObject\",\"inLanguage\":\"es\",\"@id\":\"https:\\\/\\\/letrame.com\\\/catalogo\\\/producto\\\/los-vestidos-de-hugo\\\/#primaryimage\",\"url\":\"https:\\\/\\\/letrame.com\\\/catalogo\\\/wp-content\\\/uploads\\\/2025\\\/01\\\/Portada_LosvestidosdeHugo.jpg\",\"contentUrl\":\"https:\\\/\\\/letrame.com\\\/catalogo\\\/wp-content\\\/uploads\\\/2025\\\/01\\\/Portada_LosvestidosdeHugo.jpg\",\"width\":595,\"height\":595},{\"@type\":\"BreadcrumbList\",\"@id\":\"https:\\\/\\\/letrame.com\\\/catalogo\\\/producto\\\/los-vestidos-de-hugo\\\/#breadcrumb\",\"itemListElement\":[{\"@type\":\"ListItem\",\"position\":1,\"name\":\"Portada\",\"item\":\"https:\\\/\\\/letrame.com\\\/catalogo\\\/\"},{\"@type\":\"ListItem\",\"position\":2,\"name\":\"Cat\u00e1logo\",\"item\":\"https:\\\/\\\/letrame.com\\\/catalogo\\\/\"},{\"@type\":\"ListItem\",\"position\":3,\"name\":\"Los vestidos de Hugo\"}]},{\"@type\":\"WebSite\",\"@id\":\"https:\\\/\\\/letrame.com\\\/catalogo\\\/#website\",\"url\":\"https:\\\/\\\/letrame.com\\\/catalogo\\\/\",\"name\":\"Catalogo | Letrame Grupo Editorial\",\"description\":\"\",\"publisher\":{\"@id\":\"https:\\\/\\\/letrame.com\\\/catalogo\\\/#organization\"},\"potentialAction\":[{\"@type\":\"SearchAction\",\"target\":{\"@type\":\"EntryPoint\",\"urlTemplate\":\"https:\\\/\\\/letrame.com\\\/catalogo\\\/?s={search_term_string}\"},\"query-input\":{\"@type\":\"PropertyValueSpecification\",\"valueRequired\":true,\"valueName\":\"search_term_string\"}}],\"inLanguage\":\"es\"},{\"@type\":\"Organization\",\"@id\":\"https:\\\/\\\/letrame.com\\\/catalogo\\\/#organization\",\"name\":\"Catalogo | Letrame Grupo Editorial\",\"url\":\"https:\\\/\\\/letrame.com\\\/catalogo\\\/\",\"logo\":{\"@type\":\"ImageObject\",\"inLanguage\":\"es\",\"@id\":\"https:\\\/\\\/letrame.com\\\/catalogo\\\/#\\\/schema\\\/logo\\\/image\\\/\",\"url\":\"https:\\\/\\\/letrame.com\\\/catalogo\\\/wp-content\\\/uploads\\\/2024\\\/03\\\/logo2.webp\",\"contentUrl\":\"https:\\\/\\\/letrame.com\\\/catalogo\\\/wp-content\\\/uploads\\\/2024\\\/03\\\/logo2.webp\",\"width\":394,\"height\":128,\"caption\":\"Catalogo | Letrame Grupo Editorial\"},\"image\":{\"@id\":\"https:\\\/\\\/letrame.com\\\/catalogo\\\/#\\\/schema\\\/logo\\\/image\\\/\"}}]}<\/script>\n<!-- \/ Yoast SEO plugin. -->","yoast_head_json":{"title":"Los vestidos de Hugo - Catalogo | Letrame Grupo Editorial","robots":{"index":"index","follow":"follow","max-snippet":"max-snippet:-1","max-image-preview":"max-image-preview:large","max-video-preview":"max-video-preview:-1"},"canonical":"https:\/\/letrame.com\/catalogo\/producto\/los-vestidos-de-hugo\/","og_locale":"es_ES","og_type":"article","og_title":"Los vestidos de Hugo - Catalogo | Letrame Grupo Editorial","og_description":"ISBN: 978-84-1181-407-2  SINOPSIS  Hugo es un ni\u00f1o al que le encanta disfrazarse, sobre todo, si es de princesa. A pesar de los comentarios de sus compa\u00f1eros no quiere renunciar a ello. Un d\u00eda no puede quitarse el disfraz de princesa y se marcha con \u00e9l a casa. Eso dar\u00e1 juego a una serie de situaciones que pondr\u00e1n en evidencia los prejuicios que se mantienen todav\u00eda acerca de los vestidos y qui\u00e9nes los pueden usar.","og_url":"https:\/\/letrame.com\/catalogo\/producto\/los-vestidos-de-hugo\/","og_site_name":"Catalogo | Letrame Grupo Editorial","article_modified_time":"2025-01-15T11:24:43+00:00","og_image":[{"width":595,"height":595,"url":"https:\/\/letrame.com\/catalogo\/wp-content\/uploads\/2025\/01\/Portada_LosvestidosdeHugo.jpg","type":"image\/jpeg"}],"twitter_card":"summary_large_image","twitter_misc":{"Tiempo de lectura":"1 minuto"},"schema":{"@context":"https:\/\/schema.org","@graph":[{"@type":"WebPage","@id":"https:\/\/letrame.com\/catalogo\/producto\/los-vestidos-de-hugo\/","url":"https:\/\/letrame.com\/catalogo\/producto\/los-vestidos-de-hugo\/","name":"Los vestidos de Hugo - Catalogo | Letrame Grupo Editorial","isPartOf":{"@id":"https:\/\/letrame.com\/catalogo\/#website"},"primaryImageOfPage":{"@id":"https:\/\/letrame.com\/catalogo\/producto\/los-vestidos-de-hugo\/#primaryimage"},"image":{"@id":"https:\/\/letrame.com\/catalogo\/producto\/los-vestidos-de-hugo\/#primaryimage"},"thumbnailUrl":"https:\/\/letrame.com\/catalogo\/wp-content\/uploads\/2025\/01\/Portada_LosvestidosdeHugo.jpg","datePublished":"2025-01-14T09:07:54+00:00","dateModified":"2025-01-15T11:24:43+00:00","breadcrumb":{"@id":"https:\/\/letrame.com\/catalogo\/producto\/los-vestidos-de-hugo\/#breadcrumb"},"inLanguage":"es","potentialAction":[{"@type":"ReadAction","target":["https:\/\/letrame.com\/catalogo\/producto\/los-vestidos-de-hugo\/"]}]},{"@type":"ImageObject","inLanguage":"es","@id":"https:\/\/letrame.com\/catalogo\/producto\/los-vestidos-de-hugo\/#primaryimage","url":"https:\/\/letrame.com\/catalogo\/wp-content\/uploads\/2025\/01\/Portada_LosvestidosdeHugo.jpg","contentUrl":"https:\/\/letrame.com\/catalogo\/wp-content\/uploads\/2025\/01\/Portada_LosvestidosdeHugo.jpg","width":595,"height":595},{"@type":"BreadcrumbList","@id":"https:\/\/letrame.com\/catalogo\/producto\/los-vestidos-de-hugo\/#breadcrumb","itemListElement":[{"@type":"ListItem","position":1,"name":"Portada","item":"https:\/\/letrame.com\/catalogo\/"},{"@type":"ListItem","position":2,"name":"Cat\u00e1logo","item":"https:\/\/letrame.com\/catalogo\/"},{"@type":"ListItem","position":3,"name":"Los vestidos de Hugo"}]},{"@type":"WebSite","@id":"https:\/\/letrame.com\/catalogo\/#website","url":"https:\/\/letrame.com\/catalogo\/","name":"Catalogo | Letrame Grupo Editorial","description":"","publisher":{"@id":"https:\/\/letrame.com\/catalogo\/#organization"},"potentialAction":[{"@type":"SearchAction","target":{"@type":"EntryPoint","urlTemplate":"https:\/\/letrame.com\/catalogo\/?s={search_term_string}"},"query-input":{"@type":"PropertyValueSpecification","valueRequired":true,"valueName":"search_term_string"}}],"inLanguage":"es"},{"@type":"Organization","@id":"https:\/\/letrame.com\/catalogo\/#organization","name":"Catalogo | Letrame Grupo Editorial","url":"https:\/\/letrame.com\/catalogo\/","logo":{"@type":"ImageObject","inLanguage":"es","@id":"https:\/\/letrame.com\/catalogo\/#\/schema\/logo\/image\/","url":"https:\/\/letrame.com\/catalogo\/wp-content\/uploads\/2024\/03\/logo2.webp","contentUrl":"https:\/\/letrame.com\/catalogo\/wp-content\/uploads\/2024\/03\/logo2.webp","width":394,"height":128,"caption":"Catalogo | Letrame Grupo Editorial"},"image":{"@id":"https:\/\/letrame.com\/catalogo\/#\/schema\/logo\/image\/"}}]}},"_links":{"self":[{"href":"https:\/\/letrame.com\/catalogo\/wp-json\/wp\/v2\/product\/107700","targetHints":{"allow":["GET"]}}],"collection":[{"href":"https:\/\/letrame.com\/catalogo\/wp-json\/wp\/v2\/product"}],"about":[{"href":"https:\/\/letrame.com\/catalogo\/wp-json\/wp\/v2\/types\/product"}],"replies":[{"embeddable":true,"href":"https:\/\/letrame.com\/catalogo\/wp-json\/wp\/v2\/comments?post=107700"}],"acf:post":[{"embeddable":true,"href":"https:\/\/letrame.com\/catalogo\/wp-json\/wp\/v2\/author_book\/76822"}],"wp:featuredmedia":[{"embeddable":true,"href":"https:\/\/letrame.com\/catalogo\/wp-json\/wp\/v2\/media\/107717"}],"wp:attachment":[{"href":"https:\/\/letrame.com\/catalogo\/wp-json\/wp\/v2\/media?parent=107700"}],"wp:term":[{"taxonomy":"libro","embeddable":true,"href":"https:\/\/letrame.com\/catalogo\/wp-json\/wp\/v2\/libro?post=107700"},{"taxonomy":"product_brand","embeddable":true,"href":"https:\/\/letrame.com\/catalogo\/wp-json\/wp\/v2\/product_brand?post=107700"},{"taxonomy":"product_cat","embeddable":true,"href":"https:\/\/letrame.com\/catalogo\/wp-json\/wp\/v2\/product_cat?post=107700"},{"taxonomy":"product_tag","embeddable":true,"href":"https:\/\/letrame.com\/catalogo\/wp-json\/wp\/v2\/product_tag?post=107700"}],"curies":[{"name":"wp","href":"https:\/\/api.w.org\/{rel}","templated":true}]}}