{"id":107663,"date":"2024-12-17T16:10:46","date_gmt":"2024-12-17T15:10:46","guid":{"rendered":"https:\/\/letrame.com\/catalogo\/?post_type=product&#038;p=107663"},"modified":"2024-12-17T16:11:56","modified_gmt":"2024-12-17T15:11:56","slug":"educando-valientes","status":"publish","type":"product","link":"https:\/\/letrame.com\/catalogo\/producto\/educando-valientes\/","title":{"rendered":"Educando valientes"},"content":{"rendered":"<p class=\"p1\"><b>ISBN:\u00a0 <\/b><span style=\"font-family: -apple-system, BlinkMacSystemFont, 'Segoe UI', Roboto, 'Helvetica Neue', Arial, 'Noto Sans', sans-serif, 'Apple Color Emoji', 'Segoe UI Emoji', 'Segoe UI Symbol', 'Noto Color Emoji';\">978-84-1089-110-4<\/span><\/p>\n<p class=\"p1\"><b>T\u00edtulo:\u00a0<\/b>Educando valientes<\/p>\n<p class=\"p1\"><b>A\u00f1o:\u00a0<\/b>2024<\/p>\n<p class=\"p1\"><b>P\u00e1ginas:<\/b> 248<\/p>\n<p class=\"p1\"><b>SINOPSIS<\/b><\/p>\n<p>El acoso escolar supone un serio problema al que se enfrentan los centros escolares y la sociedad en general. Si bien muchas de las situaciones de acoso y abuso vienen marcadas por clara influencia familiar o caracter\u00edsticas personales de los acosadores, existen muchos factores que pueden frenar o al menos minimizar la aparici\u00f3n y, sobre todo, la continuidad de este tipo de situaciones. Uno de los factores principales es la tolerancia al acoso escolar que tenga la escuela, y el fomento de la solidaridad, la empat\u00eda y la responsabilidad en el alumnado.<\/p>\n<p>Como docentes, est\u00e1 en nuestras manos educar valientes que no se queden callados ante situaciones injustas y que se atrevan a dar un paso adelante para ayudar a quien lo necesite.<\/p>\n<p>En este libro se describen y explican de forma pr\u00e1ctica diferentes programas que fomentan estos valores positivos, estimulan la convivencia y ayudan considerablemente a reducir las situaciones de acoso escolar. Ambas autoras llevan a cabo este tipo de pr\u00e1cticas en sus respectivos institutos, adem\u00e1s de impartir formaci\u00f3n en otros centros, tanto de primaria como de secundaria, para que puedan extenderse e implementarse.<\/p>\n<p>Son programas que ponen el foco en los espectadores, es decir, esas personas buenas que tienen en su mano parar el acoso escolar y que a veces no lo hacen por miedo o por falta de competencias personales. Con estos programas transformamos a los espectadores pasivos en agentes activos, que pueden cambiar totalmente la din\u00e1mica de una situaci\u00f3n de acoso escolar. Se trata de programas basados en el protagonismo del alumnado como \u00abCompa\u00f1eros\/as ayudantes\u00bb, \u00abHermano\/a mayor\u00bb o \u00abMediaci\u00f3n escolar\u00bb. Todos ellos potencian las habilidades sociales del alumnado, as\u00ed como su capacidad de resoluci\u00f3n pac\u00edfica de conflictos, fomentando la responsabilidad y la implicaci\u00f3n para transformar la sociedad.<\/p>\n","protected":false},"excerpt":{"rendered":"<p class=\"p1\"><b>ISBN:\u00a0 <\/b><span style=\"font-family: -apple-system, BlinkMacSystemFont, 'Segoe UI', Roboto, 'Helvetica Neue', Arial, 'Noto Sans', sans-serif, 'Apple Color Emoji', 'Segoe UI Emoji', 'Segoe UI Symbol', 'Noto Color Emoji';\">978-84-1089-110-4<\/span><\/p>\n<p class=\"p1\"><b>SINOPSIS<\/b><\/p>\n<p>El acoso escolar supone un serio problema al que se enfrentan los centros escolares y la sociedad en general. Si bien muchas de las situaciones de acoso y abuso vienen marcadas por clara influencia familiar o caracter\u00edsticas personales de los acosadores, existen muchos factores que pueden frenar o al menos minimizar la aparici\u00f3n y, sobre todo, la continuidad de este tipo de situaciones. Uno de los factores principales es la tolerancia al acoso escolar que tenga la escuela, y el fomento de la solidaridad, la empat\u00eda y la responsabilidad en el alumnado.<\/p>\n<p>Como docentes, est\u00e1 en nuestras manos educar valientes que no se queden callados ante situaciones injustas y que se atrevan a dar un paso adelante para ayudar a quien lo necesite.<\/p>\n<p>En este libro se describen y explican de forma pr\u00e1ctica diferentes programas que fomentan estos valores positivos, estimulan la convivencia y ayudan considerablemente a reducir las situaciones de acoso escolar. Ambas autoras llevan a cabo este tipo de pr\u00e1cticas en sus respectivos institutos, adem\u00e1s de impartir formaci\u00f3n en otros centros, tanto de primaria como de secundaria, para que puedan extenderse e implementarse.<\/p>\n<p>Son programas que ponen el foco en los espectadores, es decir, esas personas buenas que tienen en su mano parar el acoso escolar y que a veces no lo hacen por miedo o por falta de competencias personales. Con estos programas transformamos a los espectadores pasivos en agentes activos, que pueden cambiar totalmente la din\u00e1mica de una situaci\u00f3n de acoso escolar. Se trata de programas basados en el protagonismo del alumnado como \u00abCompa\u00f1eros\/as ayudantes\u00bb, \u00abHermano\/a mayor\u00bb o \u00abMediaci\u00f3n escolar\u00bb. Todos ellos potencian las habilidades sociales del alumnado, as\u00ed como su capacidad de resoluci\u00f3n pac\u00edfica de conflictos, fomentando la responsabilidad y la implicaci\u00f3n para transformar la sociedad.<\/p>\n","protected":false},"featured_media":107669,"comment_status":"open","ping_status":"closed","template":"","meta":{"_acf_changed":false},"libro":[],"product_brand":[],"product_cat":[113],"product_tag":[],"class_list":{"0":"post-107663","1":"product","2":"type-product","3":"status-publish","4":"has-post-thumbnail","6":"product_cat-educacion","8":"first","9":"instock","10":"shipping-taxable","11":"product-type-simple"},"acf":{"autor":[107662,107666],"enlace_de_compra":"https:\/\/amzn.to\/3BHm1iT"},"yoast_head":"<!-- This site is optimized with the Yoast SEO plugin v26.6 - https:\/\/yoast.com\/wordpress\/plugins\/seo\/ -->\n<title>Educando valientes - Catalogo | Letrame Grupo Editorial<\/title>\n<meta name=\"robots\" content=\"index, follow, max-snippet:-1, max-image-preview:large, max-video-preview:-1\" \/>\n<link rel=\"canonical\" href=\"https:\/\/letrame.com\/catalogo\/producto\/educando-valientes\/\" \/>\n<meta property=\"og:locale\" content=\"es_ES\" \/>\n<meta property=\"og:type\" content=\"article\" \/>\n<meta property=\"og:title\" content=\"Educando valientes - Catalogo | Letrame Grupo Editorial\" \/>\n<meta property=\"og:description\" content=\"ISBN:\u00a0 978-84-1089-110-4 SINOPSIS El acoso escolar supone un serio problema al que se enfrentan los centros escolares y la sociedad en general. Si bien muchas de las situaciones de acoso y abuso vienen marcadas por clara influencia familiar o caracter\u00edsticas personales de los acosadores, existen muchos factores que pueden frenar o al menos minimizar la aparici\u00f3n y, sobre todo, la continuidad de este tipo de situaciones. Uno de los factores principales es la tolerancia al acoso escolar que tenga la escuela, y el fomento de la solidaridad, la empat\u00eda y la responsabilidad en el alumnado.  Como docentes, est\u00e1 en nuestras manos educar valientes que no se queden callados ante situaciones injustas y que se atrevan a dar un paso adelante para ayudar a quien lo necesite.  En este libro se describen y explican de forma pr\u00e1ctica diferentes programas que fomentan estos valores positivos, estimulan la convivencia y ayudan considerablemente a reducir las situaciones de acoso escolar. Ambas autoras llevan a cabo este tipo de pr\u00e1cticas en sus respectivos institutos, adem\u00e1s de impartir formaci\u00f3n en otros centros, tanto de primaria como de secundaria, para que puedan extenderse e implementarse.  Son programas que ponen el foco en los espectadores, es decir, esas personas buenas que tienen en su mano parar el acoso escolar y que a veces no lo hacen por miedo o por falta de competencias personales. Con estos programas transformamos a los espectadores pasivos en agentes activos, que pueden cambiar totalmente la din\u00e1mica de una situaci\u00f3n de acoso escolar. Se trata de programas basados en el protagonismo del alumnado como \u00abCompa\u00f1eros\/as ayudantes\u00bb, \u00abHermano\/a mayor\u00bb o \u00abMediaci\u00f3n escolar\u00bb. Todos ellos potencian las habilidades sociales del alumnado, as\u00ed como su capacidad de resoluci\u00f3n pac\u00edfica de conflictos, fomentando la responsabilidad y la implicaci\u00f3n para transformar la sociedad.\" \/>\n<meta property=\"og:url\" content=\"https:\/\/letrame.com\/catalogo\/producto\/educando-valientes\/\" \/>\n<meta property=\"og:site_name\" content=\"Catalogo | Letrame Grupo Editorial\" \/>\n<meta property=\"article:modified_time\" content=\"2024-12-17T15:11:56+00:00\" \/>\n<meta property=\"og:image\" content=\"https:\/\/letrame.com\/catalogo\/wp-content\/uploads\/2024\/12\/educandovalientes.jpg\" \/>\n\t<meta property=\"og:image:width\" content=\"450\" \/>\n\t<meta property=\"og:image:height\" content=\"630\" \/>\n\t<meta property=\"og:image:type\" content=\"image\/jpeg\" \/>\n<meta name=\"twitter:card\" content=\"summary_large_image\" \/>\n<meta name=\"twitter:label1\" content=\"Tiempo de lectura\" \/>\n\t<meta name=\"twitter:data1\" content=\"2 minutos\" \/>\n<script type=\"application\/ld+json\" class=\"yoast-schema-graph\">{\"@context\":\"https:\/\/schema.org\",\"@graph\":[{\"@type\":\"WebPage\",\"@id\":\"https:\/\/letrame.com\/catalogo\/producto\/educando-valientes\/\",\"url\":\"https:\/\/letrame.com\/catalogo\/producto\/educando-valientes\/\",\"name\":\"Educando valientes - Catalogo | Letrame Grupo Editorial\",\"isPartOf\":{\"@id\":\"https:\/\/letrame.com\/catalogo\/#website\"},\"primaryImageOfPage\":{\"@id\":\"https:\/\/letrame.com\/catalogo\/producto\/educando-valientes\/#primaryimage\"},\"image\":{\"@id\":\"https:\/\/letrame.com\/catalogo\/producto\/educando-valientes\/#primaryimage\"},\"thumbnailUrl\":\"https:\/\/letrame.com\/catalogo\/wp-content\/uploads\/2024\/12\/educandovalientes.jpg\",\"datePublished\":\"2024-12-17T15:10:46+00:00\",\"dateModified\":\"2024-12-17T15:11:56+00:00\",\"breadcrumb\":{\"@id\":\"https:\/\/letrame.com\/catalogo\/producto\/educando-valientes\/#breadcrumb\"},\"inLanguage\":\"es\",\"potentialAction\":[{\"@type\":\"ReadAction\",\"target\":[\"https:\/\/letrame.com\/catalogo\/producto\/educando-valientes\/\"]}]},{\"@type\":\"ImageObject\",\"inLanguage\":\"es\",\"@id\":\"https:\/\/letrame.com\/catalogo\/producto\/educando-valientes\/#primaryimage\",\"url\":\"https:\/\/letrame.com\/catalogo\/wp-content\/uploads\/2024\/12\/educandovalientes.jpg\",\"contentUrl\":\"https:\/\/letrame.com\/catalogo\/wp-content\/uploads\/2024\/12\/educandovalientes.jpg\",\"width\":450,\"height\":630},{\"@type\":\"BreadcrumbList\",\"@id\":\"https:\/\/letrame.com\/catalogo\/producto\/educando-valientes\/#breadcrumb\",\"itemListElement\":[{\"@type\":\"ListItem\",\"position\":1,\"name\":\"Portada\",\"item\":\"https:\/\/letrame.com\/catalogo\/\"},{\"@type\":\"ListItem\",\"position\":2,\"name\":\"Cat\u00e1logo\",\"item\":\"https:\/\/letrame.com\/catalogo\/\"},{\"@type\":\"ListItem\",\"position\":3,\"name\":\"Educando valientes\"}]},{\"@type\":\"WebSite\",\"@id\":\"https:\/\/letrame.com\/catalogo\/#website\",\"url\":\"https:\/\/letrame.com\/catalogo\/\",\"name\":\"Catalogo | Letrame Grupo Editorial\",\"description\":\"\",\"publisher\":{\"@id\":\"https:\/\/letrame.com\/catalogo\/#organization\"},\"potentialAction\":[{\"@type\":\"SearchAction\",\"target\":{\"@type\":\"EntryPoint\",\"urlTemplate\":\"https:\/\/letrame.com\/catalogo\/?s={search_term_string}\"},\"query-input\":{\"@type\":\"PropertyValueSpecification\",\"valueRequired\":true,\"valueName\":\"search_term_string\"}}],\"inLanguage\":\"es\"},{\"@type\":\"Organization\",\"@id\":\"https:\/\/letrame.com\/catalogo\/#organization\",\"name\":\"Catalogo | Letrame Grupo Editorial\",\"url\":\"https:\/\/letrame.com\/catalogo\/\",\"logo\":{\"@type\":\"ImageObject\",\"inLanguage\":\"es\",\"@id\":\"https:\/\/letrame.com\/catalogo\/#\/schema\/logo\/image\/\",\"url\":\"https:\/\/letrame.com\/catalogo\/wp-content\/uploads\/2024\/03\/logo2.webp\",\"contentUrl\":\"https:\/\/letrame.com\/catalogo\/wp-content\/uploads\/2024\/03\/logo2.webp\",\"width\":394,\"height\":128,\"caption\":\"Catalogo | Letrame Grupo Editorial\"},\"image\":{\"@id\":\"https:\/\/letrame.com\/catalogo\/#\/schema\/logo\/image\/\"}}]}<\/script>\n<!-- \/ Yoast SEO plugin. -->","yoast_head_json":{"title":"Educando valientes - Catalogo | Letrame Grupo Editorial","robots":{"index":"index","follow":"follow","max-snippet":"max-snippet:-1","max-image-preview":"max-image-preview:large","max-video-preview":"max-video-preview:-1"},"canonical":"https:\/\/letrame.com\/catalogo\/producto\/educando-valientes\/","og_locale":"es_ES","og_type":"article","og_title":"Educando valientes - Catalogo | Letrame Grupo Editorial","og_description":"ISBN:\u00a0 978-84-1089-110-4 SINOPSIS El acoso escolar supone un serio problema al que se enfrentan los centros escolares y la sociedad en general. Si bien muchas de las situaciones de acoso y abuso vienen marcadas por clara influencia familiar o caracter\u00edsticas personales de los acosadores, existen muchos factores que pueden frenar o al menos minimizar la aparici\u00f3n y, sobre todo, la continuidad de este tipo de situaciones. Uno de los factores principales es la tolerancia al acoso escolar que tenga la escuela, y el fomento de la solidaridad, la empat\u00eda y la responsabilidad en el alumnado.  Como docentes, est\u00e1 en nuestras manos educar valientes que no se queden callados ante situaciones injustas y que se atrevan a dar un paso adelante para ayudar a quien lo necesite.  En este libro se describen y explican de forma pr\u00e1ctica diferentes programas que fomentan estos valores positivos, estimulan la convivencia y ayudan considerablemente a reducir las situaciones de acoso escolar. Ambas autoras llevan a cabo este tipo de pr\u00e1cticas en sus respectivos institutos, adem\u00e1s de impartir formaci\u00f3n en otros centros, tanto de primaria como de secundaria, para que puedan extenderse e implementarse.  Son programas que ponen el foco en los espectadores, es decir, esas personas buenas que tienen en su mano parar el acoso escolar y que a veces no lo hacen por miedo o por falta de competencias personales. Con estos programas transformamos a los espectadores pasivos en agentes activos, que pueden cambiar totalmente la din\u00e1mica de una situaci\u00f3n de acoso escolar. Se trata de programas basados en el protagonismo del alumnado como \u00abCompa\u00f1eros\/as ayudantes\u00bb, \u00abHermano\/a mayor\u00bb o \u00abMediaci\u00f3n escolar\u00bb. Todos ellos potencian las habilidades sociales del alumnado, as\u00ed como su capacidad de resoluci\u00f3n pac\u00edfica de conflictos, fomentando la responsabilidad y la implicaci\u00f3n para transformar la sociedad.","og_url":"https:\/\/letrame.com\/catalogo\/producto\/educando-valientes\/","og_site_name":"Catalogo | Letrame Grupo Editorial","article_modified_time":"2024-12-17T15:11:56+00:00","og_image":[{"width":450,"height":630,"url":"https:\/\/letrame.com\/catalogo\/wp-content\/uploads\/2024\/12\/educandovalientes.jpg","type":"image\/jpeg"}],"twitter_card":"summary_large_image","twitter_misc":{"Tiempo de lectura":"2 minutos"},"schema":{"@context":"https:\/\/schema.org","@graph":[{"@type":"WebPage","@id":"https:\/\/letrame.com\/catalogo\/producto\/educando-valientes\/","url":"https:\/\/letrame.com\/catalogo\/producto\/educando-valientes\/","name":"Educando valientes - Catalogo | Letrame Grupo Editorial","isPartOf":{"@id":"https:\/\/letrame.com\/catalogo\/#website"},"primaryImageOfPage":{"@id":"https:\/\/letrame.com\/catalogo\/producto\/educando-valientes\/#primaryimage"},"image":{"@id":"https:\/\/letrame.com\/catalogo\/producto\/educando-valientes\/#primaryimage"},"thumbnailUrl":"https:\/\/letrame.com\/catalogo\/wp-content\/uploads\/2024\/12\/educandovalientes.jpg","datePublished":"2024-12-17T15:10:46+00:00","dateModified":"2024-12-17T15:11:56+00:00","breadcrumb":{"@id":"https:\/\/letrame.com\/catalogo\/producto\/educando-valientes\/#breadcrumb"},"inLanguage":"es","potentialAction":[{"@type":"ReadAction","target":["https:\/\/letrame.com\/catalogo\/producto\/educando-valientes\/"]}]},{"@type":"ImageObject","inLanguage":"es","@id":"https:\/\/letrame.com\/catalogo\/producto\/educando-valientes\/#primaryimage","url":"https:\/\/letrame.com\/catalogo\/wp-content\/uploads\/2024\/12\/educandovalientes.jpg","contentUrl":"https:\/\/letrame.com\/catalogo\/wp-content\/uploads\/2024\/12\/educandovalientes.jpg","width":450,"height":630},{"@type":"BreadcrumbList","@id":"https:\/\/letrame.com\/catalogo\/producto\/educando-valientes\/#breadcrumb","itemListElement":[{"@type":"ListItem","position":1,"name":"Portada","item":"https:\/\/letrame.com\/catalogo\/"},{"@type":"ListItem","position":2,"name":"Cat\u00e1logo","item":"https:\/\/letrame.com\/catalogo\/"},{"@type":"ListItem","position":3,"name":"Educando valientes"}]},{"@type":"WebSite","@id":"https:\/\/letrame.com\/catalogo\/#website","url":"https:\/\/letrame.com\/catalogo\/","name":"Catalogo | Letrame Grupo Editorial","description":"","publisher":{"@id":"https:\/\/letrame.com\/catalogo\/#organization"},"potentialAction":[{"@type":"SearchAction","target":{"@type":"EntryPoint","urlTemplate":"https:\/\/letrame.com\/catalogo\/?s={search_term_string}"},"query-input":{"@type":"PropertyValueSpecification","valueRequired":true,"valueName":"search_term_string"}}],"inLanguage":"es"},{"@type":"Organization","@id":"https:\/\/letrame.com\/catalogo\/#organization","name":"Catalogo | Letrame Grupo Editorial","url":"https:\/\/letrame.com\/catalogo\/","logo":{"@type":"ImageObject","inLanguage":"es","@id":"https:\/\/letrame.com\/catalogo\/#\/schema\/logo\/image\/","url":"https:\/\/letrame.com\/catalogo\/wp-content\/uploads\/2024\/03\/logo2.webp","contentUrl":"https:\/\/letrame.com\/catalogo\/wp-content\/uploads\/2024\/03\/logo2.webp","width":394,"height":128,"caption":"Catalogo | Letrame Grupo Editorial"},"image":{"@id":"https:\/\/letrame.com\/catalogo\/#\/schema\/logo\/image\/"}}]}},"_links":{"self":[{"href":"https:\/\/letrame.com\/catalogo\/wp-json\/wp\/v2\/product\/107663","targetHints":{"allow":["GET"]}}],"collection":[{"href":"https:\/\/letrame.com\/catalogo\/wp-json\/wp\/v2\/product"}],"about":[{"href":"https:\/\/letrame.com\/catalogo\/wp-json\/wp\/v2\/types\/product"}],"replies":[{"embeddable":true,"href":"https:\/\/letrame.com\/catalogo\/wp-json\/wp\/v2\/comments?post=107663"}],"acf:post":[{"embeddable":true,"href":"https:\/\/letrame.com\/catalogo\/wp-json\/wp\/v2\/author_book\/107666"},{"embeddable":true,"href":"https:\/\/letrame.com\/catalogo\/wp-json\/wp\/v2\/author_book\/107662"}],"wp:featuredmedia":[{"embeddable":true,"href":"https:\/\/letrame.com\/catalogo\/wp-json\/wp\/v2\/media\/107669"}],"wp:attachment":[{"href":"https:\/\/letrame.com\/catalogo\/wp-json\/wp\/v2\/media?parent=107663"}],"wp:term":[{"taxonomy":"libro","embeddable":true,"href":"https:\/\/letrame.com\/catalogo\/wp-json\/wp\/v2\/libro?post=107663"},{"taxonomy":"product_brand","embeddable":true,"href":"https:\/\/letrame.com\/catalogo\/wp-json\/wp\/v2\/product_brand?post=107663"},{"taxonomy":"product_cat","embeddable":true,"href":"https:\/\/letrame.com\/catalogo\/wp-json\/wp\/v2\/product_cat?post=107663"},{"taxonomy":"product_tag","embeddable":true,"href":"https:\/\/letrame.com\/catalogo\/wp-json\/wp\/v2\/product_tag?post=107663"}],"curies":[{"name":"wp","href":"https:\/\/api.w.org\/{rel}","templated":true}]}}