{"id":107646,"date":"2024-12-17T15:39:05","date_gmt":"2024-12-17T14:39:05","guid":{"rendered":"https:\/\/letrame.com\/catalogo\/?post_type=product&#038;p=107646"},"modified":"2025-04-09T12:07:46","modified_gmt":"2025-04-09T10:07:46","slug":"insondable-despertar","status":"publish","type":"product","link":"https:\/\/letrame.com\/catalogo\/producto\/insondable-despertar\/","title":{"rendered":"Insondable despertar"},"content":{"rendered":"<p class=\"p1\"><b>ISBN: <\/b><span style=\"font-family: -apple-system, BlinkMacSystemFont, 'Segoe UI', Roboto, 'Helvetica Neue', Arial, 'Noto Sans', sans-serif, 'Apple Color Emoji', 'Segoe UI Emoji', 'Segoe UI Symbol', 'Noto Color Emoji';\">978-84-1089-205-7<\/span><\/p>\n<p class=\"p1\"><b>T\u00edtulo:\u00a0<\/b>Insondable despertar<\/p>\n<p class=\"p1\"><b>A\u00f1o:\u00a0<\/b>2024<\/p>\n<p class=\"p1\"><b>P\u00e1ginas:<\/b> 110<\/p>\n<p class=\"p1\"><b>SINOPSIS<\/b><\/p>\n<p><em>Insondable despertar<\/em> es una antolog\u00eda de microrrelatos en prosa po\u00e9tica y peque\u00f1as composiciones en verso que, con elegancia, expone los sentimientos de una vida contemplativa. Es un homenaje al amor, fluyendo en la gama de sentimientos que se experimentan en la noble causa de la conquista de la libertad y la plenitud a trav\u00e9s de un despertar de consciencia. Matiza, con el uso de detalles m\u00edsticos, mitol\u00f3gicos y espirituales, una cr\u00edtica a la desigualdad, la injusticia, el ego\u00edsmo, la indiferencia y la violencia. Adem\u00e1s, propone la sencillez de lo natural y lo cotidiano como un refugio donde dar rienda suelta a los sue\u00f1os, que son como un b\u00e1lsamo y valioso est\u00edmulo para el afrontamiento de la demandante realidad.<\/p>\n","protected":false},"excerpt":{"rendered":"<p>ISBN: 978-84-1089-205-7 T\u00edtulo:\u00a0Insondable despertar A\u00f1o:\u00a02024 P\u00e1ginas: 110 SINOPSIS Insondable despertar es una antolog\u00eda de microrrelatos en prosa po\u00e9tica y peque\u00f1as composiciones en verso que, con elegancia, expone los sentimientos de una vida contemplativa. Es un homenaje al amor, fluyendo en la gama de sentimientos que se experimentan en la noble causa de la conquista de [&hellip;]<\/p>\n","protected":false},"featured_media":107650,"comment_status":"open","ping_status":"closed","template":"","meta":{"_acf_changed":false},"libro":[],"product_brand":[],"product_cat":[20],"product_tag":[],"class_list":{"0":"post-107646","1":"product","2":"type-product","3":"status-publish","4":"has-post-thumbnail","6":"product_cat-poesia","8":"first","9":"instock","10":"shipping-taxable","11":"product-type-simple"},"acf":{"autor":[107645],"enlace_de_compra":"https:\/\/www.amazon.es\/dp\/8410892057"},"yoast_head":"<!-- This site is optimized with the Yoast SEO plugin v26.6 - https:\/\/yoast.com\/wordpress\/plugins\/seo\/ -->\n<title>Insondable despertar - Catalogo | Letrame Grupo Editorial<\/title>\n<meta name=\"robots\" content=\"index, follow, max-snippet:-1, max-image-preview:large, max-video-preview:-1\" \/>\n<link rel=\"canonical\" href=\"https:\/\/letrame.com\/catalogo\/producto\/insondable-despertar\/\" \/>\n<meta property=\"og:locale\" content=\"es_ES\" \/>\n<meta property=\"og:type\" content=\"article\" \/>\n<meta property=\"og:title\" content=\"Insondable despertar - Catalogo | Letrame Grupo Editorial\" \/>\n<meta property=\"og:description\" content=\"ISBN: 978-84-1089-205-7 T\u00edtulo:\u00a0Insondable despertar A\u00f1o:\u00a02024 P\u00e1ginas: 110 SINOPSIS Insondable despertar es una antolog\u00eda de microrrelatos en prosa po\u00e9tica y peque\u00f1as composiciones en verso que, con elegancia, expone los sentimientos de una vida contemplativa. Es un homenaje al amor, fluyendo en la gama de sentimientos que se experimentan en la noble causa de la conquista de [&hellip;]\" \/>\n<meta property=\"og:url\" content=\"https:\/\/letrame.com\/catalogo\/producto\/insondable-despertar\/\" \/>\n<meta property=\"og:site_name\" content=\"Catalogo | Letrame Grupo Editorial\" \/>\n<meta property=\"article:modified_time\" content=\"2025-04-09T10:07:46+00:00\" \/>\n<meta property=\"og:image\" content=\"https:\/\/letrame.com\/catalogo\/wp-content\/uploads\/2024\/12\/insondable-despertar.jpg\" \/>\n\t<meta property=\"og:image:width\" content=\"490\" \/>\n\t<meta property=\"og:image:height\" content=\"708\" \/>\n\t<meta property=\"og:image:type\" content=\"image\/jpeg\" \/>\n<meta name=\"twitter:card\" content=\"summary_large_image\" \/>\n<meta name=\"twitter:label1\" content=\"Tiempo de lectura\" \/>\n\t<meta name=\"twitter:data1\" content=\"1 minuto\" \/>\n<script type=\"application\/ld+json\" class=\"yoast-schema-graph\">{\"@context\":\"https:\/\/schema.org\",\"@graph\":[{\"@type\":\"WebPage\",\"@id\":\"https:\/\/letrame.com\/catalogo\/producto\/insondable-despertar\/\",\"url\":\"https:\/\/letrame.com\/catalogo\/producto\/insondable-despertar\/\",\"name\":\"Insondable despertar - Catalogo | Letrame Grupo Editorial\",\"isPartOf\":{\"@id\":\"https:\/\/letrame.com\/catalogo\/#website\"},\"primaryImageOfPage\":{\"@id\":\"https:\/\/letrame.com\/catalogo\/producto\/insondable-despertar\/#primaryimage\"},\"image\":{\"@id\":\"https:\/\/letrame.com\/catalogo\/producto\/insondable-despertar\/#primaryimage\"},\"thumbnailUrl\":\"https:\/\/letrame.com\/catalogo\/wp-content\/uploads\/2024\/12\/insondable-despertar.jpg\",\"datePublished\":\"2024-12-17T14:39:05+00:00\",\"dateModified\":\"2025-04-09T10:07:46+00:00\",\"breadcrumb\":{\"@id\":\"https:\/\/letrame.com\/catalogo\/producto\/insondable-despertar\/#breadcrumb\"},\"inLanguage\":\"es\",\"potentialAction\":[{\"@type\":\"ReadAction\",\"target\":[\"https:\/\/letrame.com\/catalogo\/producto\/insondable-despertar\/\"]}]},{\"@type\":\"ImageObject\",\"inLanguage\":\"es\",\"@id\":\"https:\/\/letrame.com\/catalogo\/producto\/insondable-despertar\/#primaryimage\",\"url\":\"https:\/\/letrame.com\/catalogo\/wp-content\/uploads\/2024\/12\/insondable-despertar.jpg\",\"contentUrl\":\"https:\/\/letrame.com\/catalogo\/wp-content\/uploads\/2024\/12\/insondable-despertar.jpg\",\"width\":490,\"height\":708},{\"@type\":\"BreadcrumbList\",\"@id\":\"https:\/\/letrame.com\/catalogo\/producto\/insondable-despertar\/#breadcrumb\",\"itemListElement\":[{\"@type\":\"ListItem\",\"position\":1,\"name\":\"Portada\",\"item\":\"https:\/\/letrame.com\/catalogo\/\"},{\"@type\":\"ListItem\",\"position\":2,\"name\":\"Cat\u00e1logo\",\"item\":\"https:\/\/letrame.com\/catalogo\/\"},{\"@type\":\"ListItem\",\"position\":3,\"name\":\"Insondable despertar\"}]},{\"@type\":\"WebSite\",\"@id\":\"https:\/\/letrame.com\/catalogo\/#website\",\"url\":\"https:\/\/letrame.com\/catalogo\/\",\"name\":\"Catalogo | Letrame Grupo Editorial\",\"description\":\"\",\"publisher\":{\"@id\":\"https:\/\/letrame.com\/catalogo\/#organization\"},\"potentialAction\":[{\"@type\":\"SearchAction\",\"target\":{\"@type\":\"EntryPoint\",\"urlTemplate\":\"https:\/\/letrame.com\/catalogo\/?s={search_term_string}\"},\"query-input\":{\"@type\":\"PropertyValueSpecification\",\"valueRequired\":true,\"valueName\":\"search_term_string\"}}],\"inLanguage\":\"es\"},{\"@type\":\"Organization\",\"@id\":\"https:\/\/letrame.com\/catalogo\/#organization\",\"name\":\"Catalogo | Letrame Grupo Editorial\",\"url\":\"https:\/\/letrame.com\/catalogo\/\",\"logo\":{\"@type\":\"ImageObject\",\"inLanguage\":\"es\",\"@id\":\"https:\/\/letrame.com\/catalogo\/#\/schema\/logo\/image\/\",\"url\":\"https:\/\/letrame.com\/catalogo\/wp-content\/uploads\/2024\/03\/logo2.webp\",\"contentUrl\":\"https:\/\/letrame.com\/catalogo\/wp-content\/uploads\/2024\/03\/logo2.webp\",\"width\":394,\"height\":128,\"caption\":\"Catalogo | Letrame Grupo Editorial\"},\"image\":{\"@id\":\"https:\/\/letrame.com\/catalogo\/#\/schema\/logo\/image\/\"}}]}<\/script>\n<!-- \/ Yoast SEO plugin. -->","yoast_head_json":{"title":"Insondable despertar - Catalogo | Letrame Grupo Editorial","robots":{"index":"index","follow":"follow","max-snippet":"max-snippet:-1","max-image-preview":"max-image-preview:large","max-video-preview":"max-video-preview:-1"},"canonical":"https:\/\/letrame.com\/catalogo\/producto\/insondable-despertar\/","og_locale":"es_ES","og_type":"article","og_title":"Insondable despertar - Catalogo | Letrame Grupo Editorial","og_description":"ISBN: 978-84-1089-205-7 T\u00edtulo:\u00a0Insondable despertar A\u00f1o:\u00a02024 P\u00e1ginas: 110 SINOPSIS Insondable despertar es una antolog\u00eda de microrrelatos en prosa po\u00e9tica y peque\u00f1as composiciones en verso que, con elegancia, expone los sentimientos de una vida contemplativa. Es un homenaje al amor, fluyendo en la gama de sentimientos que se experimentan en la noble causa de la conquista de [&hellip;]","og_url":"https:\/\/letrame.com\/catalogo\/producto\/insondable-despertar\/","og_site_name":"Catalogo | Letrame Grupo Editorial","article_modified_time":"2025-04-09T10:07:46+00:00","og_image":[{"width":490,"height":708,"url":"https:\/\/letrame.com\/catalogo\/wp-content\/uploads\/2024\/12\/insondable-despertar.jpg","type":"image\/jpeg"}],"twitter_card":"summary_large_image","twitter_misc":{"Tiempo de lectura":"1 minuto"},"schema":{"@context":"https:\/\/schema.org","@graph":[{"@type":"WebPage","@id":"https:\/\/letrame.com\/catalogo\/producto\/insondable-despertar\/","url":"https:\/\/letrame.com\/catalogo\/producto\/insondable-despertar\/","name":"Insondable despertar - Catalogo | Letrame Grupo Editorial","isPartOf":{"@id":"https:\/\/letrame.com\/catalogo\/#website"},"primaryImageOfPage":{"@id":"https:\/\/letrame.com\/catalogo\/producto\/insondable-despertar\/#primaryimage"},"image":{"@id":"https:\/\/letrame.com\/catalogo\/producto\/insondable-despertar\/#primaryimage"},"thumbnailUrl":"https:\/\/letrame.com\/catalogo\/wp-content\/uploads\/2024\/12\/insondable-despertar.jpg","datePublished":"2024-12-17T14:39:05+00:00","dateModified":"2025-04-09T10:07:46+00:00","breadcrumb":{"@id":"https:\/\/letrame.com\/catalogo\/producto\/insondable-despertar\/#breadcrumb"},"inLanguage":"es","potentialAction":[{"@type":"ReadAction","target":["https:\/\/letrame.com\/catalogo\/producto\/insondable-despertar\/"]}]},{"@type":"ImageObject","inLanguage":"es","@id":"https:\/\/letrame.com\/catalogo\/producto\/insondable-despertar\/#primaryimage","url":"https:\/\/letrame.com\/catalogo\/wp-content\/uploads\/2024\/12\/insondable-despertar.jpg","contentUrl":"https:\/\/letrame.com\/catalogo\/wp-content\/uploads\/2024\/12\/insondable-despertar.jpg","width":490,"height":708},{"@type":"BreadcrumbList","@id":"https:\/\/letrame.com\/catalogo\/producto\/insondable-despertar\/#breadcrumb","itemListElement":[{"@type":"ListItem","position":1,"name":"Portada","item":"https:\/\/letrame.com\/catalogo\/"},{"@type":"ListItem","position":2,"name":"Cat\u00e1logo","item":"https:\/\/letrame.com\/catalogo\/"},{"@type":"ListItem","position":3,"name":"Insondable despertar"}]},{"@type":"WebSite","@id":"https:\/\/letrame.com\/catalogo\/#website","url":"https:\/\/letrame.com\/catalogo\/","name":"Catalogo | Letrame Grupo Editorial","description":"","publisher":{"@id":"https:\/\/letrame.com\/catalogo\/#organization"},"potentialAction":[{"@type":"SearchAction","target":{"@type":"EntryPoint","urlTemplate":"https:\/\/letrame.com\/catalogo\/?s={search_term_string}"},"query-input":{"@type":"PropertyValueSpecification","valueRequired":true,"valueName":"search_term_string"}}],"inLanguage":"es"},{"@type":"Organization","@id":"https:\/\/letrame.com\/catalogo\/#organization","name":"Catalogo | Letrame Grupo Editorial","url":"https:\/\/letrame.com\/catalogo\/","logo":{"@type":"ImageObject","inLanguage":"es","@id":"https:\/\/letrame.com\/catalogo\/#\/schema\/logo\/image\/","url":"https:\/\/letrame.com\/catalogo\/wp-content\/uploads\/2024\/03\/logo2.webp","contentUrl":"https:\/\/letrame.com\/catalogo\/wp-content\/uploads\/2024\/03\/logo2.webp","width":394,"height":128,"caption":"Catalogo | Letrame Grupo Editorial"},"image":{"@id":"https:\/\/letrame.com\/catalogo\/#\/schema\/logo\/image\/"}}]}},"_links":{"self":[{"href":"https:\/\/letrame.com\/catalogo\/wp-json\/wp\/v2\/product\/107646","targetHints":{"allow":["GET"]}}],"collection":[{"href":"https:\/\/letrame.com\/catalogo\/wp-json\/wp\/v2\/product"}],"about":[{"href":"https:\/\/letrame.com\/catalogo\/wp-json\/wp\/v2\/types\/product"}],"replies":[{"embeddable":true,"href":"https:\/\/letrame.com\/catalogo\/wp-json\/wp\/v2\/comments?post=107646"}],"acf:post":[{"embeddable":true,"href":"https:\/\/letrame.com\/catalogo\/wp-json\/wp\/v2\/author_book\/107645"}],"wp:featuredmedia":[{"embeddable":true,"href":"https:\/\/letrame.com\/catalogo\/wp-json\/wp\/v2\/media\/107650"}],"wp:attachment":[{"href":"https:\/\/letrame.com\/catalogo\/wp-json\/wp\/v2\/media?parent=107646"}],"wp:term":[{"taxonomy":"libro","embeddable":true,"href":"https:\/\/letrame.com\/catalogo\/wp-json\/wp\/v2\/libro?post=107646"},{"taxonomy":"product_brand","embeddable":true,"href":"https:\/\/letrame.com\/catalogo\/wp-json\/wp\/v2\/product_brand?post=107646"},{"taxonomy":"product_cat","embeddable":true,"href":"https:\/\/letrame.com\/catalogo\/wp-json\/wp\/v2\/product_cat?post=107646"},{"taxonomy":"product_tag","embeddable":true,"href":"https:\/\/letrame.com\/catalogo\/wp-json\/wp\/v2\/product_tag?post=107646"}],"curies":[{"name":"wp","href":"https:\/\/api.w.org\/{rel}","templated":true}]}}