{"id":107641,"date":"2024-12-17T15:31:57","date_gmt":"2024-12-17T14:31:57","guid":{"rendered":"https:\/\/letrame.com\/catalogo\/?post_type=product&#038;p=107641"},"modified":"2024-12-17T15:31:58","modified_gmt":"2024-12-17T14:31:58","slug":"ada","status":"publish","type":"product","link":"https:\/\/letrame.com\/catalogo\/producto\/ada\/","title":{"rendered":"Ada"},"content":{"rendered":"<p class=\"p1\"><b>ISBN: <\/b><span style=\"font-family: -apple-system, BlinkMacSystemFont, 'Segoe UI', Roboto, 'Helvetica Neue', Arial, 'Noto Sans', sans-serif, 'Apple Color Emoji', 'Segoe UI Emoji', 'Segoe UI Symbol', 'Noto Color Emoji';\">978-84-1068-961-9<\/span><\/p>\n<p class=\"p1\"><b>T\u00edtulo:\u00a0<\/b>Ada<\/p>\n<p class=\"p1\"><b>A\u00f1o:\u00a0<\/b>2024<\/p>\n<p class=\"p1\"><b>P\u00e1ginas:<\/b> 298<\/p>\n<p class=\"p1\"><b>SINOPSIS<\/b><\/p>\n<p>Ada es una experiencia fresca, realista y casi documental en su estilo.<\/p>\n<p>Es un relato que narrala ambig\u00fcedad cotidiana reflejo de muchas vidas an\u00f3nimas. Una ambig\u00fcedad que surge en las relaciones inter-generacionalesen el \u00e1mbito familiar as\u00ed como en las din\u00e1micassexo-afectivasinter-culturales, ambas hiladas con un inherentecomponente de adversidad.<\/p>\n<p>En este contexto de b\u00fasqueda de identidad, Ada explora un conjunto de cuestiones existenciales:<\/p>\n<p>\u00bfC\u00f3mo y hasta d\u00f3nde de-construirse? \u00bfHasta cu\u00e1ndo dejarse atrapar por una construcci\u00f3n mental s\u00f3lida edificada sobre prejuicios?<\/p>\n<p>La novela plantea la paradoja de c\u00f3mo, por voluntad propia o no, vamos siguiendo un caminovital que puede acabar manifest\u00e1ndose diferente al que nos hab\u00edamos marcado.C\u00f3mo nuestro esquema mental de la realidad se va rompiendo y re-componiendo cual rompecabezas.<\/p>\n<p>Ada es esa persona que lucha constantemente con su sistema de creencias.<\/p>\n<p>Ada es esa mujer que tiene dificultades para criar a sus hijos sola.<\/p>\n<p>Ada es esa mujer que vive en poligamia contra sus deseos.<\/p>\n<p>Ada es esa persona que ha de recorrer kil\u00f3metros andando para huir de una situaci\u00f3n dif\u00edcil y complicada.<\/p>\n<p>Ada es esa mujer que no tuvo estudios y lucha por tenerlos.<\/p>\n<p>Ada es esa ni\u00f1a india, africana, de Oriente Medio, a la que obligan a casarse para contentar a la familia.<\/p>\n<p>Ada es esa familia que no es de sangre.<\/p>\n<p>Ada es esa adolescente que tiene que lidiar con prejuicios racistas.<\/p>\n<p>Ada es el dolor de las p\u00e9rdidas cercanas y lejanas.<\/p>\n<p>Ada es el suceder de los acontecimientos.<\/p>\n<p>Ada es esa palabra olvidada, depresi\u00f3n, tristeza, soledad.<\/p>\n<p>Ada es vivir -y re-vivir.<\/p>\n<p>Ada es privilegio.<\/p>\n<p>Ada soy yo.<\/p>\n<p>Ada eres t\u00fa.<\/p>\n","protected":false},"excerpt":{"rendered":"<p class=\"p1\"><b>ISBN: <\/b><span style=\"font-family: -apple-system, BlinkMacSystemFont, 'Segoe UI', Roboto, 'Helvetica Neue', Arial, 'Noto Sans', sans-serif, 'Apple Color Emoji', 'Segoe UI Emoji', 'Segoe UI Symbol', 'Noto Color Emoji';\">978-84-1068-961-9<\/span><\/p>\n<p class=\"p1\"><b>SINOPSIS<\/b><\/p>\n<p>Ada es una experiencia fresca, realista y casi documental en su estilo.<\/p>\n<p>Es un relato que narrala ambig\u00fcedad cotidiana reflejo de muchas vidas an\u00f3nimas. Una ambig\u00fcedad que surge en las relaciones inter-generacionalesen el \u00e1mbito familiar as\u00ed como en las din\u00e1micassexo-afectivasinter-culturales, ambas hiladas con un inherentecomponente de adversidad.<\/p>\n<p>En este contexto de b\u00fasqueda de identidad, Ada explora un conjunto de cuestiones existenciales:<\/p>\n<p>\u00bfC\u00f3mo y hasta d\u00f3nde de-construirse? \u00bfHasta cu\u00e1ndo dejarse atrapar por una construcci\u00f3n mental s\u00f3lida edificada sobre prejuicios?<\/p>\n<p>La novela plantea la paradoja de c\u00f3mo, por voluntad propia o no, vamos siguiendo un caminovital que puede acabar manifest\u00e1ndose diferente al que nos hab\u00edamos marcado.C\u00f3mo nuestro esquema mental de la realidad se va rompiendo y re-componiendo cual rompecabezas.<\/p>\n<p>Ada es esa persona que lucha constantemente con su sistema de creencias.<\/p>\n<p>Ada es esa mujer que tiene dificultades para criar a sus hijos sola.<\/p>\n<p>Ada es esa mujer que vive en poligamia contra sus deseos.<\/p>\n<p>Ada es esa persona que ha de recorrer kil\u00f3metros andando para huir de una situaci\u00f3n dif\u00edcil y complicada.<\/p>\n<p>Ada es esa mujer que no tuvo estudios y lucha por tenerlos.<\/p>\n<p>Ada es esa ni\u00f1a india, africana, de Oriente Medio, a la que obligan a casarse para contentar a la familia.<\/p>\n<p>Ada es esa familia que no es de sangre.<\/p>\n<p>Ada es esa adolescente que tiene que lidiar con prejuicios racistas.<\/p>\n<p>Ada es el dolor de las p\u00e9rdidas cercanas y lejanas.<\/p>\n<p>Ada es el suceder de los acontecimientos.<\/p>\n<p>Ada es esa palabra olvidada, depresi\u00f3n, tristeza, soledad.<\/p>\n<p>Ada es vivir -y re-vivir.<\/p>\n<p>Ada es privilegio.<\/p>\n<p>Ada soy yo.<\/p>\n<p>Ada eres t\u00fa.<\/p>\n","protected":false},"featured_media":107643,"comment_status":"open","ping_status":"closed","template":"","meta":{"_acf_changed":false},"libro":[],"product_brand":[],"product_cat":[47],"product_tag":[],"class_list":{"0":"post-107641","1":"product","2":"type-product","3":"status-publish","4":"has-post-thumbnail","6":"product_cat-ciencia-ficcion-misterio","8":"first","9":"instock","10":"shipping-taxable","11":"product-type-simple"},"acf":{"autor":[107640],"enlace_de_compra":"https:\/\/amzn.to\/4iC6mCf"},"yoast_head":"<!-- This site is optimized with the Yoast SEO plugin v27.4 - https:\/\/yoast.com\/product\/yoast-seo-wordpress\/ -->\n<title>Ada - Catalogo | Letrame Grupo Editorial<\/title>\n<meta name=\"robots\" content=\"index, follow, max-snippet:-1, max-image-preview:large, max-video-preview:-1\" \/>\n<link rel=\"canonical\" href=\"https:\/\/letrame.com\/catalogo\/producto\/ada\/\" \/>\n<meta property=\"og:locale\" content=\"es_ES\" \/>\n<meta property=\"og:type\" content=\"article\" \/>\n<meta property=\"og:title\" content=\"Ada - Catalogo | Letrame Grupo Editorial\" \/>\n<meta property=\"og:description\" content=\"ISBN: 978-84-1068-961-9 SINOPSIS Ada es una experiencia fresca, realista y casi documental en su estilo.  Es un relato que narrala ambig\u00fcedad cotidiana reflejo de muchas vidas an\u00f3nimas. Una ambig\u00fcedad que surge en las relaciones inter-generacionalesen el \u00e1mbito familiar as\u00ed como en las din\u00e1micassexo-afectivasinter-culturales, ambas hiladas con un inherentecomponente de adversidad.  En este contexto de b\u00fasqueda de identidad, Ada explora un conjunto de cuestiones existenciales:  \u00bfC\u00f3mo y hasta d\u00f3nde de-construirse? \u00bfHasta cu\u00e1ndo dejarse atrapar por una construcci\u00f3n mental s\u00f3lida edificada sobre prejuicios?  La novela plantea la paradoja de c\u00f3mo, por voluntad propia o no, vamos siguiendo un caminovital que puede acabar manifest\u00e1ndose diferente al que nos hab\u00edamos marcado.C\u00f3mo nuestro esquema mental de la realidad se va rompiendo y re-componiendo cual rompecabezas.  Ada es esa persona que lucha constantemente con su sistema de creencias.  Ada es esa mujer que tiene dificultades para criar a sus hijos sola.  Ada es esa mujer que vive en poligamia contra sus deseos.  Ada es esa persona que ha de recorrer kil\u00f3metros andando para huir de una situaci\u00f3n dif\u00edcil y complicada.  Ada es esa mujer que no tuvo estudios y lucha por tenerlos.  Ada es esa ni\u00f1a india, africana, de Oriente Medio, a la que obligan a casarse para contentar a la familia.  Ada es esa familia que no es de sangre.  Ada es esa adolescente que tiene que lidiar con prejuicios racistas.  Ada es el dolor de las p\u00e9rdidas cercanas y lejanas.  Ada es el suceder de los acontecimientos.  Ada es esa palabra olvidada, depresi\u00f3n, tristeza, soledad.  Ada es vivir -y re-vivir.  Ada es privilegio.  Ada soy yo.  Ada eres t\u00fa.\" \/>\n<meta property=\"og:url\" content=\"https:\/\/letrame.com\/catalogo\/producto\/ada\/\" \/>\n<meta property=\"og:site_name\" content=\"Catalogo | Letrame Grupo Editorial\" \/>\n<meta property=\"article:modified_time\" content=\"2024-12-17T14:31:58+00:00\" \/>\n<meta property=\"og:image\" content=\"https:\/\/letrame.com\/catalogo\/wp-content\/uploads\/2024\/12\/ada.jpg\" \/>\n\t<meta property=\"og:image:width\" content=\"525\" \/>\n\t<meta property=\"og:image:height\" content=\"770\" \/>\n\t<meta property=\"og:image:type\" content=\"image\/jpeg\" \/>\n<meta name=\"twitter:card\" content=\"summary_large_image\" \/>\n<meta name=\"twitter:label1\" content=\"Tiempo de lectura\" \/>\n\t<meta name=\"twitter:data1\" content=\"2 minutos\" \/>\n<script type=\"application\/ld+json\" class=\"yoast-schema-graph\">{\"@context\":\"https:\\\/\\\/schema.org\",\"@graph\":[{\"@type\":\"WebPage\",\"@id\":\"https:\\\/\\\/letrame.com\\\/catalogo\\\/producto\\\/ada\\\/\",\"url\":\"https:\\\/\\\/letrame.com\\\/catalogo\\\/producto\\\/ada\\\/\",\"name\":\"Ada - Catalogo | Letrame Grupo Editorial\",\"isPartOf\":{\"@id\":\"https:\\\/\\\/letrame.com\\\/catalogo\\\/#website\"},\"primaryImageOfPage\":{\"@id\":\"https:\\\/\\\/letrame.com\\\/catalogo\\\/producto\\\/ada\\\/#primaryimage\"},\"image\":{\"@id\":\"https:\\\/\\\/letrame.com\\\/catalogo\\\/producto\\\/ada\\\/#primaryimage\"},\"thumbnailUrl\":\"https:\\\/\\\/letrame.com\\\/catalogo\\\/wp-content\\\/uploads\\\/2024\\\/12\\\/ada.jpg\",\"datePublished\":\"2024-12-17T14:31:57+00:00\",\"dateModified\":\"2024-12-17T14:31:58+00:00\",\"breadcrumb\":{\"@id\":\"https:\\\/\\\/letrame.com\\\/catalogo\\\/producto\\\/ada\\\/#breadcrumb\"},\"inLanguage\":\"es\",\"potentialAction\":[{\"@type\":\"ReadAction\",\"target\":[\"https:\\\/\\\/letrame.com\\\/catalogo\\\/producto\\\/ada\\\/\"]}]},{\"@type\":\"ImageObject\",\"inLanguage\":\"es\",\"@id\":\"https:\\\/\\\/letrame.com\\\/catalogo\\\/producto\\\/ada\\\/#primaryimage\",\"url\":\"https:\\\/\\\/letrame.com\\\/catalogo\\\/wp-content\\\/uploads\\\/2024\\\/12\\\/ada.jpg\",\"contentUrl\":\"https:\\\/\\\/letrame.com\\\/catalogo\\\/wp-content\\\/uploads\\\/2024\\\/12\\\/ada.jpg\",\"width\":525,\"height\":770},{\"@type\":\"BreadcrumbList\",\"@id\":\"https:\\\/\\\/letrame.com\\\/catalogo\\\/producto\\\/ada\\\/#breadcrumb\",\"itemListElement\":[{\"@type\":\"ListItem\",\"position\":1,\"name\":\"Portada\",\"item\":\"https:\\\/\\\/letrame.com\\\/catalogo\\\/\"},{\"@type\":\"ListItem\",\"position\":2,\"name\":\"Cat\u00e1logo\",\"item\":\"https:\\\/\\\/letrame.com\\\/catalogo\\\/\"},{\"@type\":\"ListItem\",\"position\":3,\"name\":\"Ada\"}]},{\"@type\":\"WebSite\",\"@id\":\"https:\\\/\\\/letrame.com\\\/catalogo\\\/#website\",\"url\":\"https:\\\/\\\/letrame.com\\\/catalogo\\\/\",\"name\":\"Catalogo | Letrame Grupo Editorial\",\"description\":\"\",\"publisher\":{\"@id\":\"https:\\\/\\\/letrame.com\\\/catalogo\\\/#organization\"},\"potentialAction\":[{\"@type\":\"SearchAction\",\"target\":{\"@type\":\"EntryPoint\",\"urlTemplate\":\"https:\\\/\\\/letrame.com\\\/catalogo\\\/?s={search_term_string}\"},\"query-input\":{\"@type\":\"PropertyValueSpecification\",\"valueRequired\":true,\"valueName\":\"search_term_string\"}}],\"inLanguage\":\"es\"},{\"@type\":\"Organization\",\"@id\":\"https:\\\/\\\/letrame.com\\\/catalogo\\\/#organization\",\"name\":\"Catalogo | Letrame Grupo Editorial\",\"url\":\"https:\\\/\\\/letrame.com\\\/catalogo\\\/\",\"logo\":{\"@type\":\"ImageObject\",\"inLanguage\":\"es\",\"@id\":\"https:\\\/\\\/letrame.com\\\/catalogo\\\/#\\\/schema\\\/logo\\\/image\\\/\",\"url\":\"https:\\\/\\\/letrame.com\\\/catalogo\\\/wp-content\\\/uploads\\\/2024\\\/03\\\/logo2.webp\",\"contentUrl\":\"https:\\\/\\\/letrame.com\\\/catalogo\\\/wp-content\\\/uploads\\\/2024\\\/03\\\/logo2.webp\",\"width\":394,\"height\":128,\"caption\":\"Catalogo | Letrame Grupo Editorial\"},\"image\":{\"@id\":\"https:\\\/\\\/letrame.com\\\/catalogo\\\/#\\\/schema\\\/logo\\\/image\\\/\"}}]}<\/script>\n<!-- \/ Yoast SEO plugin. -->","yoast_head_json":{"title":"Ada - Catalogo | Letrame Grupo Editorial","robots":{"index":"index","follow":"follow","max-snippet":"max-snippet:-1","max-image-preview":"max-image-preview:large","max-video-preview":"max-video-preview:-1"},"canonical":"https:\/\/letrame.com\/catalogo\/producto\/ada\/","og_locale":"es_ES","og_type":"article","og_title":"Ada - Catalogo | Letrame Grupo Editorial","og_description":"ISBN: 978-84-1068-961-9 SINOPSIS Ada es una experiencia fresca, realista y casi documental en su estilo.  Es un relato que narrala ambig\u00fcedad cotidiana reflejo de muchas vidas an\u00f3nimas. Una ambig\u00fcedad que surge en las relaciones inter-generacionalesen el \u00e1mbito familiar as\u00ed como en las din\u00e1micassexo-afectivasinter-culturales, ambas hiladas con un inherentecomponente de adversidad.  En este contexto de b\u00fasqueda de identidad, Ada explora un conjunto de cuestiones existenciales:  \u00bfC\u00f3mo y hasta d\u00f3nde de-construirse? \u00bfHasta cu\u00e1ndo dejarse atrapar por una construcci\u00f3n mental s\u00f3lida edificada sobre prejuicios?  La novela plantea la paradoja de c\u00f3mo, por voluntad propia o no, vamos siguiendo un caminovital que puede acabar manifest\u00e1ndose diferente al que nos hab\u00edamos marcado.C\u00f3mo nuestro esquema mental de la realidad se va rompiendo y re-componiendo cual rompecabezas.  Ada es esa persona que lucha constantemente con su sistema de creencias.  Ada es esa mujer que tiene dificultades para criar a sus hijos sola.  Ada es esa mujer que vive en poligamia contra sus deseos.  Ada es esa persona que ha de recorrer kil\u00f3metros andando para huir de una situaci\u00f3n dif\u00edcil y complicada.  Ada es esa mujer que no tuvo estudios y lucha por tenerlos.  Ada es esa ni\u00f1a india, africana, de Oriente Medio, a la que obligan a casarse para contentar a la familia.  Ada es esa familia que no es de sangre.  Ada es esa adolescente que tiene que lidiar con prejuicios racistas.  Ada es el dolor de las p\u00e9rdidas cercanas y lejanas.  Ada es el suceder de los acontecimientos.  Ada es esa palabra olvidada, depresi\u00f3n, tristeza, soledad.  Ada es vivir -y re-vivir.  Ada es privilegio.  Ada soy yo.  Ada eres t\u00fa.","og_url":"https:\/\/letrame.com\/catalogo\/producto\/ada\/","og_site_name":"Catalogo | Letrame Grupo Editorial","article_modified_time":"2024-12-17T14:31:58+00:00","og_image":[{"width":525,"height":770,"url":"https:\/\/letrame.com\/catalogo\/wp-content\/uploads\/2024\/12\/ada.jpg","type":"image\/jpeg"}],"twitter_card":"summary_large_image","twitter_misc":{"Tiempo de lectura":"2 minutos"},"schema":{"@context":"https:\/\/schema.org","@graph":[{"@type":"WebPage","@id":"https:\/\/letrame.com\/catalogo\/producto\/ada\/","url":"https:\/\/letrame.com\/catalogo\/producto\/ada\/","name":"Ada - Catalogo | Letrame Grupo Editorial","isPartOf":{"@id":"https:\/\/letrame.com\/catalogo\/#website"},"primaryImageOfPage":{"@id":"https:\/\/letrame.com\/catalogo\/producto\/ada\/#primaryimage"},"image":{"@id":"https:\/\/letrame.com\/catalogo\/producto\/ada\/#primaryimage"},"thumbnailUrl":"https:\/\/letrame.com\/catalogo\/wp-content\/uploads\/2024\/12\/ada.jpg","datePublished":"2024-12-17T14:31:57+00:00","dateModified":"2024-12-17T14:31:58+00:00","breadcrumb":{"@id":"https:\/\/letrame.com\/catalogo\/producto\/ada\/#breadcrumb"},"inLanguage":"es","potentialAction":[{"@type":"ReadAction","target":["https:\/\/letrame.com\/catalogo\/producto\/ada\/"]}]},{"@type":"ImageObject","inLanguage":"es","@id":"https:\/\/letrame.com\/catalogo\/producto\/ada\/#primaryimage","url":"https:\/\/letrame.com\/catalogo\/wp-content\/uploads\/2024\/12\/ada.jpg","contentUrl":"https:\/\/letrame.com\/catalogo\/wp-content\/uploads\/2024\/12\/ada.jpg","width":525,"height":770},{"@type":"BreadcrumbList","@id":"https:\/\/letrame.com\/catalogo\/producto\/ada\/#breadcrumb","itemListElement":[{"@type":"ListItem","position":1,"name":"Portada","item":"https:\/\/letrame.com\/catalogo\/"},{"@type":"ListItem","position":2,"name":"Cat\u00e1logo","item":"https:\/\/letrame.com\/catalogo\/"},{"@type":"ListItem","position":3,"name":"Ada"}]},{"@type":"WebSite","@id":"https:\/\/letrame.com\/catalogo\/#website","url":"https:\/\/letrame.com\/catalogo\/","name":"Catalogo | Letrame Grupo Editorial","description":"","publisher":{"@id":"https:\/\/letrame.com\/catalogo\/#organization"},"potentialAction":[{"@type":"SearchAction","target":{"@type":"EntryPoint","urlTemplate":"https:\/\/letrame.com\/catalogo\/?s={search_term_string}"},"query-input":{"@type":"PropertyValueSpecification","valueRequired":true,"valueName":"search_term_string"}}],"inLanguage":"es"},{"@type":"Organization","@id":"https:\/\/letrame.com\/catalogo\/#organization","name":"Catalogo | Letrame Grupo Editorial","url":"https:\/\/letrame.com\/catalogo\/","logo":{"@type":"ImageObject","inLanguage":"es","@id":"https:\/\/letrame.com\/catalogo\/#\/schema\/logo\/image\/","url":"https:\/\/letrame.com\/catalogo\/wp-content\/uploads\/2024\/03\/logo2.webp","contentUrl":"https:\/\/letrame.com\/catalogo\/wp-content\/uploads\/2024\/03\/logo2.webp","width":394,"height":128,"caption":"Catalogo | Letrame Grupo Editorial"},"image":{"@id":"https:\/\/letrame.com\/catalogo\/#\/schema\/logo\/image\/"}}]}},"_links":{"self":[{"href":"https:\/\/letrame.com\/catalogo\/wp-json\/wp\/v2\/product\/107641","targetHints":{"allow":["GET"]}}],"collection":[{"href":"https:\/\/letrame.com\/catalogo\/wp-json\/wp\/v2\/product"}],"about":[{"href":"https:\/\/letrame.com\/catalogo\/wp-json\/wp\/v2\/types\/product"}],"replies":[{"embeddable":true,"href":"https:\/\/letrame.com\/catalogo\/wp-json\/wp\/v2\/comments?post=107641"}],"acf:post":[{"embeddable":true,"href":"https:\/\/letrame.com\/catalogo\/wp-json\/wp\/v2\/author_book\/107640"}],"wp:featuredmedia":[{"embeddable":true,"href":"https:\/\/letrame.com\/catalogo\/wp-json\/wp\/v2\/media\/107643"}],"wp:attachment":[{"href":"https:\/\/letrame.com\/catalogo\/wp-json\/wp\/v2\/media?parent=107641"}],"wp:term":[{"taxonomy":"libro","embeddable":true,"href":"https:\/\/letrame.com\/catalogo\/wp-json\/wp\/v2\/libro?post=107641"},{"taxonomy":"product_brand","embeddable":true,"href":"https:\/\/letrame.com\/catalogo\/wp-json\/wp\/v2\/product_brand?post=107641"},{"taxonomy":"product_cat","embeddable":true,"href":"https:\/\/letrame.com\/catalogo\/wp-json\/wp\/v2\/product_cat?post=107641"},{"taxonomy":"product_tag","embeddable":true,"href":"https:\/\/letrame.com\/catalogo\/wp-json\/wp\/v2\/product_tag?post=107641"}],"curies":[{"name":"wp","href":"https:\/\/api.w.org\/{rel}","templated":true}]}}