{"id":107630,"date":"2024-12-16T16:24:49","date_gmt":"2024-12-16T15:24:49","guid":{"rendered":"https:\/\/letrame.com\/catalogo\/?post_type=product&#038;p=107630"},"modified":"2024-12-16T16:26:17","modified_gmt":"2024-12-16T15:26:17","slug":"que-fuera-este-puto-mundo-sin-las-putas-putas","status":"publish","type":"product","link":"https:\/\/letrame.com\/catalogo\/producto\/que-fuera-este-puto-mundo-sin-las-putas-putas\/","title":{"rendered":"\u00bf\u00a1QUE\u0301 FUERA ESTE PUTO MUNDO SIN LAS PUTAS PUTAS!?"},"content":{"rendered":"<p class=\"p1\"><b>ISBN:\u00a0 <\/b>978-84-1089-202-6<\/p>\n<p class=\"p1\"><b>T\u00edtulo:\u00a0 <\/b>\u00bf\u00a1QUE\u0301 FUERA ESTE PUTO MUNDO SIN LAS PUTAS PUTAS!?<\/p>\n<p class=\"p1\"><b>A\u00f1o:<\/b> 2024<\/p>\n<p class=\"p1\"><b>P\u00e1ginas:<\/b> 208<\/p>\n<p class=\"p1\"><b>SINOPSIS<\/b><\/p>\n<p>Ha querido el autor de esta breve obra llamar la atenci\u00f3n mundial, a fin de que se mire con otros ojos a la llamada ocupaci\u00f3n m\u00e1s antigua del mundo, partiendo de que, como apunta Hes\u00edodo, no hay ocupaci\u00f3n deshonrosa, por manera que no s\u00f3lo carece de raz\u00f3n la usual estigmatizaci\u00f3n de la profesi\u00f3n prostibularia, sino que se est\u00e1 en mora de fijarse en ella de forma justiciera, reconociendo la inocultable funci\u00f3n social pacificadora de las servidoras sexuales, como que t\u00e1citamente pregonan aquello de hacer el amor y no la guerra, con lo cual han sido sembradoras de paz social, aparte de representar el amor sin infidelidades ni traiciones, que tantas tragedias ocasiona el amor formal. Se trata de un tema que se ha prestado, se presta y se prestar\u00e1 a toda suerte de debates p\u00fablicos, pero casi siempre faltos de la visi\u00f3n hist\u00f3rica y franca que la cuesti\u00f3n reclama, es decir, nunca se ha hablado a \u201ccalz\u00f3n quitado\u201d sobre tal inextinguible mundanal realidad humana, que incluso lleva a recordar an\u00e9cdotas curiosas, como aquella de que en los tiempos de Juana de Arco, cuando con su liderazgo los ingleses que dominaban en Francia fueron derrotados y expulsados, al salir de la ciudad parisina ir\u00f3nicamente se\u00f1alaban que cuando llegaron hab\u00edan encontrado a la ciudad con muchos prost\u00edbulos, y ahora que se marchaban dejaban s\u00f3lo uno: todo Par\u00eds.<\/p>\n","protected":false},"excerpt":{"rendered":"<p class=\"p1\"><b>ISBN:\u00a0 <\/b>978-84-1089-202-6<\/p>\n<p class=\"p1\"><b>SINOPSIS<\/b><\/p>\n<p>Ha querido el autor de esta breve obra llamar la atenci\u00f3n mundial, a fin de que se mire con otros ojos a la llamada ocupaci\u00f3n m\u00e1s antigua del mundo, partiendo de que, como apunta Hes\u00edodo, no hay ocupaci\u00f3n deshonrosa, por manera que no s\u00f3lo carece de raz\u00f3n la usual estigmatizaci\u00f3n de la profesi\u00f3n prostibularia, sino que se est\u00e1 en mora de fijarse en ella de forma justiciera, reconociendo la inocultable funci\u00f3n social pacificadora de las servidoras sexuales, como que t\u00e1citamente pregonan aquello de hacer el amor y no la guerra, con lo cual han sido sembradoras de paz social, aparte de representar el amor sin infidelidades ni traiciones, que tantas tragedias ocasiona el amor formal. Se trata de un tema que se ha prestado, se presta y se prestar\u00e1 a toda suerte de debates p\u00fablicos, pero casi siempre faltos de la visi\u00f3n hist\u00f3rica y franca que la cuesti\u00f3n reclama, es decir, nunca se ha hablado a \u201ccalz\u00f3n quitado\u201d sobre tal inextinguible mundanal realidad humana, que incluso lleva a recordar an\u00e9cdotas curiosas, como aquella de que en los tiempos de Juana de Arco, cuando con su liderazgo los ingleses que dominaban en Francia fueron derrotados y expulsados, al salir de la ciudad parisina ir\u00f3nicamente se\u00f1alaban que cuando llegaron hab\u00edan encontrado a la ciudad con muchos prost\u00edbulos, y ahora que se marchaban dejaban s\u00f3lo uno: todo Par\u00eds.<\/p>\n","protected":false},"featured_media":107632,"comment_status":"open","ping_status":"closed","template":"","meta":{"_acf_changed":false},"libro":[],"product_brand":[],"product_cat":[112],"product_tag":[],"class_list":{"0":"post-107630","1":"product","2":"type-product","3":"status-publish","4":"has-post-thumbnail","6":"product_cat-satira","8":"first","9":"instock","10":"shipping-taxable","11":"product-type-simple"},"acf":{"autor":[107629],"enlace_de_compra":"https:\/\/amzn.to\/3Zw6qL6"},"yoast_head":"<!-- This site is optimized with the Yoast SEO plugin v26.6 - https:\/\/yoast.com\/wordpress\/plugins\/seo\/ -->\n<title>\u00bf\u00a1QUE\u0301 FUERA ESTE PUTO MUNDO SIN LAS PUTAS PUTAS!? - Catalogo | Letrame Grupo Editorial<\/title>\n<meta name=\"robots\" content=\"index, follow, max-snippet:-1, max-image-preview:large, max-video-preview:-1\" \/>\n<link rel=\"canonical\" href=\"https:\/\/letrame.com\/catalogo\/producto\/que-fuera-este-puto-mundo-sin-las-putas-putas\/\" \/>\n<meta property=\"og:locale\" content=\"es_ES\" \/>\n<meta property=\"og:type\" content=\"article\" \/>\n<meta property=\"og:title\" content=\"\u00bf\u00a1QUE\u0301 FUERA ESTE PUTO MUNDO SIN LAS PUTAS PUTAS!? - Catalogo | Letrame Grupo Editorial\" \/>\n<meta property=\"og:description\" content=\"ISBN:\u00a0 978-84-1089-202-6 SINOPSIS Ha querido el autor de esta breve obra llamar la atenci\u00f3n mundial, a fin de que se mire con otros ojos a la llamada ocupaci\u00f3n m\u00e1s antigua del mundo, partiendo de que, como apunta Hes\u00edodo, no hay ocupaci\u00f3n deshonrosa, por manera que no s\u00f3lo carece de raz\u00f3n la usual estigmatizaci\u00f3n de la profesi\u00f3n prostibularia, sino que se est\u00e1 en mora de fijarse en ella de forma justiciera, reconociendo la inocultable funci\u00f3n social pacificadora de las servidoras sexuales, como que t\u00e1citamente pregonan aquello de hacer el amor y no la guerra, con lo cual han sido sembradoras de paz social, aparte de representar el amor sin infidelidades ni traiciones, que tantas tragedias ocasiona el amor formal. Se trata de un tema que se ha prestado, se presta y se prestar\u00e1 a toda suerte de debates p\u00fablicos, pero casi siempre faltos de la visi\u00f3n hist\u00f3rica y franca que la cuesti\u00f3n reclama, es decir, nunca se ha hablado a \u201ccalz\u00f3n quitado\u201d sobre tal inextinguible mundanal realidad humana, que incluso lleva a recordar an\u00e9cdotas curiosas, como aquella de que en los tiempos de Juana de Arco, cuando con su liderazgo los ingleses que dominaban en Francia fueron derrotados y expulsados, al salir de la ciudad parisina ir\u00f3nicamente se\u00f1alaban que cuando llegaron hab\u00edan encontrado a la ciudad con muchos prost\u00edbulos, y ahora que se marchaban dejaban s\u00f3lo uno: todo Par\u00eds.\" \/>\n<meta property=\"og:url\" content=\"https:\/\/letrame.com\/catalogo\/producto\/que-fuera-este-puto-mundo-sin-las-putas-putas\/\" \/>\n<meta property=\"og:site_name\" content=\"Catalogo | Letrame Grupo Editorial\" \/>\n<meta property=\"article:modified_time\" content=\"2024-12-16T15:26:17+00:00\" \/>\n<meta property=\"og:image\" content=\"https:\/\/letrame.com\/catalogo\/wp-content\/uploads\/2024\/12\/que-fuera-de-las-putas-putas.jpg\" \/>\n\t<meta property=\"og:image:width\" content=\"455\" \/>\n\t<meta property=\"og:image:height\" content=\"637\" \/>\n\t<meta property=\"og:image:type\" content=\"image\/jpeg\" \/>\n<meta name=\"twitter:card\" content=\"summary_large_image\" \/>\n<meta name=\"twitter:label1\" content=\"Tiempo de lectura\" \/>\n\t<meta name=\"twitter:data1\" content=\"2 minutos\" \/>\n<script type=\"application\/ld+json\" class=\"yoast-schema-graph\">{\"@context\":\"https:\/\/schema.org\",\"@graph\":[{\"@type\":\"WebPage\",\"@id\":\"https:\/\/letrame.com\/catalogo\/producto\/que-fuera-este-puto-mundo-sin-las-putas-putas\/\",\"url\":\"https:\/\/letrame.com\/catalogo\/producto\/que-fuera-este-puto-mundo-sin-las-putas-putas\/\",\"name\":\"\u00bf\u00a1QUE\u0301 FUERA ESTE PUTO MUNDO SIN LAS PUTAS PUTAS!? - Catalogo | Letrame Grupo Editorial\",\"isPartOf\":{\"@id\":\"https:\/\/letrame.com\/catalogo\/#website\"},\"primaryImageOfPage\":{\"@id\":\"https:\/\/letrame.com\/catalogo\/producto\/que-fuera-este-puto-mundo-sin-las-putas-putas\/#primaryimage\"},\"image\":{\"@id\":\"https:\/\/letrame.com\/catalogo\/producto\/que-fuera-este-puto-mundo-sin-las-putas-putas\/#primaryimage\"},\"thumbnailUrl\":\"https:\/\/letrame.com\/catalogo\/wp-content\/uploads\/2024\/12\/que-fuera-de-las-putas-putas.jpg\",\"datePublished\":\"2024-12-16T15:24:49+00:00\",\"dateModified\":\"2024-12-16T15:26:17+00:00\",\"breadcrumb\":{\"@id\":\"https:\/\/letrame.com\/catalogo\/producto\/que-fuera-este-puto-mundo-sin-las-putas-putas\/#breadcrumb\"},\"inLanguage\":\"es\",\"potentialAction\":[{\"@type\":\"ReadAction\",\"target\":[\"https:\/\/letrame.com\/catalogo\/producto\/que-fuera-este-puto-mundo-sin-las-putas-putas\/\"]}]},{\"@type\":\"ImageObject\",\"inLanguage\":\"es\",\"@id\":\"https:\/\/letrame.com\/catalogo\/producto\/que-fuera-este-puto-mundo-sin-las-putas-putas\/#primaryimage\",\"url\":\"https:\/\/letrame.com\/catalogo\/wp-content\/uploads\/2024\/12\/que-fuera-de-las-putas-putas.jpg\",\"contentUrl\":\"https:\/\/letrame.com\/catalogo\/wp-content\/uploads\/2024\/12\/que-fuera-de-las-putas-putas.jpg\",\"width\":455,\"height\":637},{\"@type\":\"BreadcrumbList\",\"@id\":\"https:\/\/letrame.com\/catalogo\/producto\/que-fuera-este-puto-mundo-sin-las-putas-putas\/#breadcrumb\",\"itemListElement\":[{\"@type\":\"ListItem\",\"position\":1,\"name\":\"Portada\",\"item\":\"https:\/\/letrame.com\/catalogo\/\"},{\"@type\":\"ListItem\",\"position\":2,\"name\":\"Cat\u00e1logo\",\"item\":\"https:\/\/letrame.com\/catalogo\/\"},{\"@type\":\"ListItem\",\"position\":3,\"name\":\"\u00bf\u00a1QUE\u0301 FUERA ESTE PUTO MUNDO SIN LAS PUTAS PUTAS!?\"}]},{\"@type\":\"WebSite\",\"@id\":\"https:\/\/letrame.com\/catalogo\/#website\",\"url\":\"https:\/\/letrame.com\/catalogo\/\",\"name\":\"Catalogo | Letrame Grupo Editorial\",\"description\":\"\",\"publisher\":{\"@id\":\"https:\/\/letrame.com\/catalogo\/#organization\"},\"potentialAction\":[{\"@type\":\"SearchAction\",\"target\":{\"@type\":\"EntryPoint\",\"urlTemplate\":\"https:\/\/letrame.com\/catalogo\/?s={search_term_string}\"},\"query-input\":{\"@type\":\"PropertyValueSpecification\",\"valueRequired\":true,\"valueName\":\"search_term_string\"}}],\"inLanguage\":\"es\"},{\"@type\":\"Organization\",\"@id\":\"https:\/\/letrame.com\/catalogo\/#organization\",\"name\":\"Catalogo | Letrame Grupo Editorial\",\"url\":\"https:\/\/letrame.com\/catalogo\/\",\"logo\":{\"@type\":\"ImageObject\",\"inLanguage\":\"es\",\"@id\":\"https:\/\/letrame.com\/catalogo\/#\/schema\/logo\/image\/\",\"url\":\"https:\/\/letrame.com\/catalogo\/wp-content\/uploads\/2024\/03\/logo2.webp\",\"contentUrl\":\"https:\/\/letrame.com\/catalogo\/wp-content\/uploads\/2024\/03\/logo2.webp\",\"width\":394,\"height\":128,\"caption\":\"Catalogo | Letrame Grupo Editorial\"},\"image\":{\"@id\":\"https:\/\/letrame.com\/catalogo\/#\/schema\/logo\/image\/\"}}]}<\/script>\n<!-- \/ Yoast SEO plugin. -->","yoast_head_json":{"title":"\u00bf\u00a1QUE\u0301 FUERA ESTE PUTO MUNDO SIN LAS PUTAS PUTAS!? - Catalogo | Letrame Grupo Editorial","robots":{"index":"index","follow":"follow","max-snippet":"max-snippet:-1","max-image-preview":"max-image-preview:large","max-video-preview":"max-video-preview:-1"},"canonical":"https:\/\/letrame.com\/catalogo\/producto\/que-fuera-este-puto-mundo-sin-las-putas-putas\/","og_locale":"es_ES","og_type":"article","og_title":"\u00bf\u00a1QUE\u0301 FUERA ESTE PUTO MUNDO SIN LAS PUTAS PUTAS!? - Catalogo | Letrame Grupo Editorial","og_description":"ISBN:\u00a0 978-84-1089-202-6 SINOPSIS Ha querido el autor de esta breve obra llamar la atenci\u00f3n mundial, a fin de que se mire con otros ojos a la llamada ocupaci\u00f3n m\u00e1s antigua del mundo, partiendo de que, como apunta Hes\u00edodo, no hay ocupaci\u00f3n deshonrosa, por manera que no s\u00f3lo carece de raz\u00f3n la usual estigmatizaci\u00f3n de la profesi\u00f3n prostibularia, sino que se est\u00e1 en mora de fijarse en ella de forma justiciera, reconociendo la inocultable funci\u00f3n social pacificadora de las servidoras sexuales, como que t\u00e1citamente pregonan aquello de hacer el amor y no la guerra, con lo cual han sido sembradoras de paz social, aparte de representar el amor sin infidelidades ni traiciones, que tantas tragedias ocasiona el amor formal. Se trata de un tema que se ha prestado, se presta y se prestar\u00e1 a toda suerte de debates p\u00fablicos, pero casi siempre faltos de la visi\u00f3n hist\u00f3rica y franca que la cuesti\u00f3n reclama, es decir, nunca se ha hablado a \u201ccalz\u00f3n quitado\u201d sobre tal inextinguible mundanal realidad humana, que incluso lleva a recordar an\u00e9cdotas curiosas, como aquella de que en los tiempos de Juana de Arco, cuando con su liderazgo los ingleses que dominaban en Francia fueron derrotados y expulsados, al salir de la ciudad parisina ir\u00f3nicamente se\u00f1alaban que cuando llegaron hab\u00edan encontrado a la ciudad con muchos prost\u00edbulos, y ahora que se marchaban dejaban s\u00f3lo uno: todo Par\u00eds.","og_url":"https:\/\/letrame.com\/catalogo\/producto\/que-fuera-este-puto-mundo-sin-las-putas-putas\/","og_site_name":"Catalogo | Letrame Grupo Editorial","article_modified_time":"2024-12-16T15:26:17+00:00","og_image":[{"width":455,"height":637,"url":"https:\/\/letrame.com\/catalogo\/wp-content\/uploads\/2024\/12\/que-fuera-de-las-putas-putas.jpg","type":"image\/jpeg"}],"twitter_card":"summary_large_image","twitter_misc":{"Tiempo de lectura":"2 minutos"},"schema":{"@context":"https:\/\/schema.org","@graph":[{"@type":"WebPage","@id":"https:\/\/letrame.com\/catalogo\/producto\/que-fuera-este-puto-mundo-sin-las-putas-putas\/","url":"https:\/\/letrame.com\/catalogo\/producto\/que-fuera-este-puto-mundo-sin-las-putas-putas\/","name":"\u00bf\u00a1QUE\u0301 FUERA ESTE PUTO MUNDO SIN LAS PUTAS PUTAS!? - Catalogo | Letrame Grupo Editorial","isPartOf":{"@id":"https:\/\/letrame.com\/catalogo\/#website"},"primaryImageOfPage":{"@id":"https:\/\/letrame.com\/catalogo\/producto\/que-fuera-este-puto-mundo-sin-las-putas-putas\/#primaryimage"},"image":{"@id":"https:\/\/letrame.com\/catalogo\/producto\/que-fuera-este-puto-mundo-sin-las-putas-putas\/#primaryimage"},"thumbnailUrl":"https:\/\/letrame.com\/catalogo\/wp-content\/uploads\/2024\/12\/que-fuera-de-las-putas-putas.jpg","datePublished":"2024-12-16T15:24:49+00:00","dateModified":"2024-12-16T15:26:17+00:00","breadcrumb":{"@id":"https:\/\/letrame.com\/catalogo\/producto\/que-fuera-este-puto-mundo-sin-las-putas-putas\/#breadcrumb"},"inLanguage":"es","potentialAction":[{"@type":"ReadAction","target":["https:\/\/letrame.com\/catalogo\/producto\/que-fuera-este-puto-mundo-sin-las-putas-putas\/"]}]},{"@type":"ImageObject","inLanguage":"es","@id":"https:\/\/letrame.com\/catalogo\/producto\/que-fuera-este-puto-mundo-sin-las-putas-putas\/#primaryimage","url":"https:\/\/letrame.com\/catalogo\/wp-content\/uploads\/2024\/12\/que-fuera-de-las-putas-putas.jpg","contentUrl":"https:\/\/letrame.com\/catalogo\/wp-content\/uploads\/2024\/12\/que-fuera-de-las-putas-putas.jpg","width":455,"height":637},{"@type":"BreadcrumbList","@id":"https:\/\/letrame.com\/catalogo\/producto\/que-fuera-este-puto-mundo-sin-las-putas-putas\/#breadcrumb","itemListElement":[{"@type":"ListItem","position":1,"name":"Portada","item":"https:\/\/letrame.com\/catalogo\/"},{"@type":"ListItem","position":2,"name":"Cat\u00e1logo","item":"https:\/\/letrame.com\/catalogo\/"},{"@type":"ListItem","position":3,"name":"\u00bf\u00a1QUE\u0301 FUERA ESTE PUTO MUNDO SIN LAS PUTAS PUTAS!?"}]},{"@type":"WebSite","@id":"https:\/\/letrame.com\/catalogo\/#website","url":"https:\/\/letrame.com\/catalogo\/","name":"Catalogo | Letrame Grupo Editorial","description":"","publisher":{"@id":"https:\/\/letrame.com\/catalogo\/#organization"},"potentialAction":[{"@type":"SearchAction","target":{"@type":"EntryPoint","urlTemplate":"https:\/\/letrame.com\/catalogo\/?s={search_term_string}"},"query-input":{"@type":"PropertyValueSpecification","valueRequired":true,"valueName":"search_term_string"}}],"inLanguage":"es"},{"@type":"Organization","@id":"https:\/\/letrame.com\/catalogo\/#organization","name":"Catalogo | Letrame Grupo Editorial","url":"https:\/\/letrame.com\/catalogo\/","logo":{"@type":"ImageObject","inLanguage":"es","@id":"https:\/\/letrame.com\/catalogo\/#\/schema\/logo\/image\/","url":"https:\/\/letrame.com\/catalogo\/wp-content\/uploads\/2024\/03\/logo2.webp","contentUrl":"https:\/\/letrame.com\/catalogo\/wp-content\/uploads\/2024\/03\/logo2.webp","width":394,"height":128,"caption":"Catalogo | Letrame Grupo Editorial"},"image":{"@id":"https:\/\/letrame.com\/catalogo\/#\/schema\/logo\/image\/"}}]}},"_links":{"self":[{"href":"https:\/\/letrame.com\/catalogo\/wp-json\/wp\/v2\/product\/107630","targetHints":{"allow":["GET"]}}],"collection":[{"href":"https:\/\/letrame.com\/catalogo\/wp-json\/wp\/v2\/product"}],"about":[{"href":"https:\/\/letrame.com\/catalogo\/wp-json\/wp\/v2\/types\/product"}],"replies":[{"embeddable":true,"href":"https:\/\/letrame.com\/catalogo\/wp-json\/wp\/v2\/comments?post=107630"}],"acf:post":[{"embeddable":true,"href":"https:\/\/letrame.com\/catalogo\/wp-json\/wp\/v2\/author_book\/107629"}],"wp:featuredmedia":[{"embeddable":true,"href":"https:\/\/letrame.com\/catalogo\/wp-json\/wp\/v2\/media\/107632"}],"wp:attachment":[{"href":"https:\/\/letrame.com\/catalogo\/wp-json\/wp\/v2\/media?parent=107630"}],"wp:term":[{"taxonomy":"libro","embeddable":true,"href":"https:\/\/letrame.com\/catalogo\/wp-json\/wp\/v2\/libro?post=107630"},{"taxonomy":"product_brand","embeddable":true,"href":"https:\/\/letrame.com\/catalogo\/wp-json\/wp\/v2\/product_brand?post=107630"},{"taxonomy":"product_cat","embeddable":true,"href":"https:\/\/letrame.com\/catalogo\/wp-json\/wp\/v2\/product_cat?post=107630"},{"taxonomy":"product_tag","embeddable":true,"href":"https:\/\/letrame.com\/catalogo\/wp-json\/wp\/v2\/product_tag?post=107630"}],"curies":[{"name":"wp","href":"https:\/\/api.w.org\/{rel}","templated":true}]}}