{"id":107604,"date":"2024-12-16T15:08:59","date_gmt":"2024-12-16T14:08:59","guid":{"rendered":"https:\/\/letrame.com\/catalogo\/?post_type=product&#038;p=107604"},"modified":"2024-12-16T15:08:59","modified_gmt":"2024-12-16T14:08:59","slug":"ecos-del-alma","status":"publish","type":"product","link":"https:\/\/letrame.com\/catalogo\/producto\/ecos-del-alma\/","title":{"rendered":"Ecos del alma"},"content":{"rendered":"<p class=\"p1\"><b>ISBN:\u00a0 <\/b>978-84-1089-210-1<\/p>\n<p class=\"p1\"><b>T\u00edtulo:\u00a0<\/b>Ecos del alma<\/p>\n<p class=\"p1\"><b>A\u00f1o:<\/b> 2024<\/p>\n<p class=\"p1\"><b>P\u00e1ginas:<\/b> 176<\/p>\n<p class=\"p1\"><b>SINOPSIS<\/b><\/p>\n<p>\u00abA trav\u00e9s de los versos, me encontr\u00e9 a m\u00ed misma. A trav\u00e9s de su amor, encontr\u00e9 la eternidad\u00bb.<\/p>\n<p>Este libro es una recopilaci\u00f3n de poemas \u00fanicos que exploran el amor desde la intimidad m\u00e1s profunda. Cada palabra, cada l\u00ednea, es un reflejo del amor que siento cuando la veo, de esos momentos en los que el tiempo se detiene y todo lo que existe es ella. Los poemas no solo hablan de ella, sino del amor en su forma m\u00e1s aut\u00e9ntica: el amor que te transforma, que te inspira y que te llena de vida. Es un viaje hacia las emociones m\u00e1s sinceras y el deseo de compartir lo que significa amar y ser amada.<\/p>\n","protected":false},"excerpt":{"rendered":"<p class=\"p1\"><b>ISBN:\u00a0 <\/b>978-84-1089-210-1<\/p>\n<p class=\"p1\"><b>SINOPSIS<\/b><\/p>\n<p>\u00abA trav\u00e9s de los versos, me encontr\u00e9 a m\u00ed misma. A trav\u00e9s de su amor, encontr\u00e9 la eternidad\u00bb.<\/p>\n<p>Este libro es una recopilaci\u00f3n de poemas \u00fanicos que exploran el amor desde la intimidad m\u00e1s profunda. Cada palabra, cada l\u00ednea, es un reflejo del amor que siento cuando la veo, de esos momentos en los que el tiempo se detiene y todo lo que existe es ella. Los poemas no solo hablan de ella, sino del amor en su forma m\u00e1s aut\u00e9ntica: el amor que te transforma, que te inspira y que te llena de vida. Es un viaje hacia las emociones m\u00e1s sinceras y el deseo de compartir lo que significa amar y ser amada.<\/p>\n","protected":false},"featured_media":107606,"comment_status":"open","ping_status":"closed","template":"","meta":{"_acf_changed":false},"libro":[],"product_brand":[],"product_cat":[20],"product_tag":[],"class_list":{"0":"post-107604","1":"product","2":"type-product","3":"status-publish","4":"has-post-thumbnail","6":"product_cat-poesia","8":"first","9":"instock","10":"shipping-taxable","11":"product-type-simple"},"acf":{"autor":[107603],"enlace_de_compra":"https:\/\/amzn.to\/3ZVdYZ9"},"yoast_head":"<!-- This site is optimized with the Yoast SEO plugin v27.4 - https:\/\/yoast.com\/product\/yoast-seo-wordpress\/ -->\n<title>Ecos del alma - Catalogo | Letrame Grupo Editorial<\/title>\n<meta name=\"robots\" content=\"index, follow, max-snippet:-1, max-image-preview:large, max-video-preview:-1\" \/>\n<link rel=\"canonical\" href=\"https:\/\/letrame.com\/catalogo\/producto\/ecos-del-alma\/\" \/>\n<meta property=\"og:locale\" content=\"es_ES\" \/>\n<meta property=\"og:type\" content=\"article\" \/>\n<meta property=\"og:title\" content=\"Ecos del alma - Catalogo | Letrame Grupo Editorial\" \/>\n<meta property=\"og:description\" content=\"ISBN:\u00a0 978-84-1089-210-1 SINOPSIS \u00abA trav\u00e9s de los versos, me encontr\u00e9 a m\u00ed misma. A trav\u00e9s de su amor, encontr\u00e9 la eternidad\u00bb.  Este libro es una recopilaci\u00f3n de poemas \u00fanicos que exploran el amor desde la intimidad m\u00e1s profunda. Cada palabra, cada l\u00ednea, es un reflejo del amor que siento cuando la veo, de esos momentos en los que el tiempo se detiene y todo lo que existe es ella. Los poemas no solo hablan de ella, sino del amor en su forma m\u00e1s aut\u00e9ntica: el amor que te transforma, que te inspira y que te llena de vida. Es un viaje hacia las emociones m\u00e1s sinceras y el deseo de compartir lo que significa amar y ser amada.\" \/>\n<meta property=\"og:url\" content=\"https:\/\/letrame.com\/catalogo\/producto\/ecos-del-alma\/\" \/>\n<meta property=\"og:site_name\" content=\"Catalogo | Letrame Grupo Editorial\" \/>\n<meta property=\"og:image\" content=\"https:\/\/letrame.com\/catalogo\/wp-content\/uploads\/2024\/12\/ecos-del-alma.jpg\" \/>\n\t<meta property=\"og:image:width\" content=\"625\" \/>\n\t<meta property=\"og:image:height\" content=\"875\" \/>\n\t<meta property=\"og:image:type\" content=\"image\/jpeg\" \/>\n<meta name=\"twitter:card\" content=\"summary_large_image\" \/>\n<meta name=\"twitter:label1\" content=\"Tiempo de lectura\" \/>\n\t<meta name=\"twitter:data1\" content=\"1 minuto\" \/>\n<script type=\"application\/ld+json\" class=\"yoast-schema-graph\">{\"@context\":\"https:\\\/\\\/schema.org\",\"@graph\":[{\"@type\":\"WebPage\",\"@id\":\"https:\\\/\\\/letrame.com\\\/catalogo\\\/producto\\\/ecos-del-alma\\\/\",\"url\":\"https:\\\/\\\/letrame.com\\\/catalogo\\\/producto\\\/ecos-del-alma\\\/\",\"name\":\"Ecos del alma - Catalogo | Letrame Grupo Editorial\",\"isPartOf\":{\"@id\":\"https:\\\/\\\/letrame.com\\\/catalogo\\\/#website\"},\"primaryImageOfPage\":{\"@id\":\"https:\\\/\\\/letrame.com\\\/catalogo\\\/producto\\\/ecos-del-alma\\\/#primaryimage\"},\"image\":{\"@id\":\"https:\\\/\\\/letrame.com\\\/catalogo\\\/producto\\\/ecos-del-alma\\\/#primaryimage\"},\"thumbnailUrl\":\"https:\\\/\\\/letrame.com\\\/catalogo\\\/wp-content\\\/uploads\\\/2024\\\/12\\\/ecos-del-alma.jpg\",\"datePublished\":\"2024-12-16T14:08:59+00:00\",\"breadcrumb\":{\"@id\":\"https:\\\/\\\/letrame.com\\\/catalogo\\\/producto\\\/ecos-del-alma\\\/#breadcrumb\"},\"inLanguage\":\"es\",\"potentialAction\":[{\"@type\":\"ReadAction\",\"target\":[\"https:\\\/\\\/letrame.com\\\/catalogo\\\/producto\\\/ecos-del-alma\\\/\"]}]},{\"@type\":\"ImageObject\",\"inLanguage\":\"es\",\"@id\":\"https:\\\/\\\/letrame.com\\\/catalogo\\\/producto\\\/ecos-del-alma\\\/#primaryimage\",\"url\":\"https:\\\/\\\/letrame.com\\\/catalogo\\\/wp-content\\\/uploads\\\/2024\\\/12\\\/ecos-del-alma.jpg\",\"contentUrl\":\"https:\\\/\\\/letrame.com\\\/catalogo\\\/wp-content\\\/uploads\\\/2024\\\/12\\\/ecos-del-alma.jpg\",\"width\":625,\"height\":875},{\"@type\":\"BreadcrumbList\",\"@id\":\"https:\\\/\\\/letrame.com\\\/catalogo\\\/producto\\\/ecos-del-alma\\\/#breadcrumb\",\"itemListElement\":[{\"@type\":\"ListItem\",\"position\":1,\"name\":\"Portada\",\"item\":\"https:\\\/\\\/letrame.com\\\/catalogo\\\/\"},{\"@type\":\"ListItem\",\"position\":2,\"name\":\"Cat\u00e1logo\",\"item\":\"https:\\\/\\\/letrame.com\\\/catalogo\\\/\"},{\"@type\":\"ListItem\",\"position\":3,\"name\":\"Ecos del alma\"}]},{\"@type\":\"WebSite\",\"@id\":\"https:\\\/\\\/letrame.com\\\/catalogo\\\/#website\",\"url\":\"https:\\\/\\\/letrame.com\\\/catalogo\\\/\",\"name\":\"Catalogo | Letrame Grupo Editorial\",\"description\":\"\",\"publisher\":{\"@id\":\"https:\\\/\\\/letrame.com\\\/catalogo\\\/#organization\"},\"potentialAction\":[{\"@type\":\"SearchAction\",\"target\":{\"@type\":\"EntryPoint\",\"urlTemplate\":\"https:\\\/\\\/letrame.com\\\/catalogo\\\/?s={search_term_string}\"},\"query-input\":{\"@type\":\"PropertyValueSpecification\",\"valueRequired\":true,\"valueName\":\"search_term_string\"}}],\"inLanguage\":\"es\"},{\"@type\":\"Organization\",\"@id\":\"https:\\\/\\\/letrame.com\\\/catalogo\\\/#organization\",\"name\":\"Catalogo | Letrame Grupo Editorial\",\"url\":\"https:\\\/\\\/letrame.com\\\/catalogo\\\/\",\"logo\":{\"@type\":\"ImageObject\",\"inLanguage\":\"es\",\"@id\":\"https:\\\/\\\/letrame.com\\\/catalogo\\\/#\\\/schema\\\/logo\\\/image\\\/\",\"url\":\"https:\\\/\\\/letrame.com\\\/catalogo\\\/wp-content\\\/uploads\\\/2024\\\/03\\\/logo2.webp\",\"contentUrl\":\"https:\\\/\\\/letrame.com\\\/catalogo\\\/wp-content\\\/uploads\\\/2024\\\/03\\\/logo2.webp\",\"width\":394,\"height\":128,\"caption\":\"Catalogo | Letrame Grupo Editorial\"},\"image\":{\"@id\":\"https:\\\/\\\/letrame.com\\\/catalogo\\\/#\\\/schema\\\/logo\\\/image\\\/\"}}]}<\/script>\n<!-- \/ Yoast SEO plugin. -->","yoast_head_json":{"title":"Ecos del alma - Catalogo | Letrame Grupo Editorial","robots":{"index":"index","follow":"follow","max-snippet":"max-snippet:-1","max-image-preview":"max-image-preview:large","max-video-preview":"max-video-preview:-1"},"canonical":"https:\/\/letrame.com\/catalogo\/producto\/ecos-del-alma\/","og_locale":"es_ES","og_type":"article","og_title":"Ecos del alma - Catalogo | Letrame Grupo Editorial","og_description":"ISBN:\u00a0 978-84-1089-210-1 SINOPSIS \u00abA trav\u00e9s de los versos, me encontr\u00e9 a m\u00ed misma. A trav\u00e9s de su amor, encontr\u00e9 la eternidad\u00bb.  Este libro es una recopilaci\u00f3n de poemas \u00fanicos que exploran el amor desde la intimidad m\u00e1s profunda. Cada palabra, cada l\u00ednea, es un reflejo del amor que siento cuando la veo, de esos momentos en los que el tiempo se detiene y todo lo que existe es ella. Los poemas no solo hablan de ella, sino del amor en su forma m\u00e1s aut\u00e9ntica: el amor que te transforma, que te inspira y que te llena de vida. Es un viaje hacia las emociones m\u00e1s sinceras y el deseo de compartir lo que significa amar y ser amada.","og_url":"https:\/\/letrame.com\/catalogo\/producto\/ecos-del-alma\/","og_site_name":"Catalogo | Letrame Grupo Editorial","og_image":[{"width":625,"height":875,"url":"https:\/\/letrame.com\/catalogo\/wp-content\/uploads\/2024\/12\/ecos-del-alma.jpg","type":"image\/jpeg"}],"twitter_card":"summary_large_image","twitter_misc":{"Tiempo de lectura":"1 minuto"},"schema":{"@context":"https:\/\/schema.org","@graph":[{"@type":"WebPage","@id":"https:\/\/letrame.com\/catalogo\/producto\/ecos-del-alma\/","url":"https:\/\/letrame.com\/catalogo\/producto\/ecos-del-alma\/","name":"Ecos del alma - Catalogo | Letrame Grupo Editorial","isPartOf":{"@id":"https:\/\/letrame.com\/catalogo\/#website"},"primaryImageOfPage":{"@id":"https:\/\/letrame.com\/catalogo\/producto\/ecos-del-alma\/#primaryimage"},"image":{"@id":"https:\/\/letrame.com\/catalogo\/producto\/ecos-del-alma\/#primaryimage"},"thumbnailUrl":"https:\/\/letrame.com\/catalogo\/wp-content\/uploads\/2024\/12\/ecos-del-alma.jpg","datePublished":"2024-12-16T14:08:59+00:00","breadcrumb":{"@id":"https:\/\/letrame.com\/catalogo\/producto\/ecos-del-alma\/#breadcrumb"},"inLanguage":"es","potentialAction":[{"@type":"ReadAction","target":["https:\/\/letrame.com\/catalogo\/producto\/ecos-del-alma\/"]}]},{"@type":"ImageObject","inLanguage":"es","@id":"https:\/\/letrame.com\/catalogo\/producto\/ecos-del-alma\/#primaryimage","url":"https:\/\/letrame.com\/catalogo\/wp-content\/uploads\/2024\/12\/ecos-del-alma.jpg","contentUrl":"https:\/\/letrame.com\/catalogo\/wp-content\/uploads\/2024\/12\/ecos-del-alma.jpg","width":625,"height":875},{"@type":"BreadcrumbList","@id":"https:\/\/letrame.com\/catalogo\/producto\/ecos-del-alma\/#breadcrumb","itemListElement":[{"@type":"ListItem","position":1,"name":"Portada","item":"https:\/\/letrame.com\/catalogo\/"},{"@type":"ListItem","position":2,"name":"Cat\u00e1logo","item":"https:\/\/letrame.com\/catalogo\/"},{"@type":"ListItem","position":3,"name":"Ecos del alma"}]},{"@type":"WebSite","@id":"https:\/\/letrame.com\/catalogo\/#website","url":"https:\/\/letrame.com\/catalogo\/","name":"Catalogo | Letrame Grupo Editorial","description":"","publisher":{"@id":"https:\/\/letrame.com\/catalogo\/#organization"},"potentialAction":[{"@type":"SearchAction","target":{"@type":"EntryPoint","urlTemplate":"https:\/\/letrame.com\/catalogo\/?s={search_term_string}"},"query-input":{"@type":"PropertyValueSpecification","valueRequired":true,"valueName":"search_term_string"}}],"inLanguage":"es"},{"@type":"Organization","@id":"https:\/\/letrame.com\/catalogo\/#organization","name":"Catalogo | Letrame Grupo Editorial","url":"https:\/\/letrame.com\/catalogo\/","logo":{"@type":"ImageObject","inLanguage":"es","@id":"https:\/\/letrame.com\/catalogo\/#\/schema\/logo\/image\/","url":"https:\/\/letrame.com\/catalogo\/wp-content\/uploads\/2024\/03\/logo2.webp","contentUrl":"https:\/\/letrame.com\/catalogo\/wp-content\/uploads\/2024\/03\/logo2.webp","width":394,"height":128,"caption":"Catalogo | Letrame Grupo Editorial"},"image":{"@id":"https:\/\/letrame.com\/catalogo\/#\/schema\/logo\/image\/"}}]}},"_links":{"self":[{"href":"https:\/\/letrame.com\/catalogo\/wp-json\/wp\/v2\/product\/107604","targetHints":{"allow":["GET"]}}],"collection":[{"href":"https:\/\/letrame.com\/catalogo\/wp-json\/wp\/v2\/product"}],"about":[{"href":"https:\/\/letrame.com\/catalogo\/wp-json\/wp\/v2\/types\/product"}],"replies":[{"embeddable":true,"href":"https:\/\/letrame.com\/catalogo\/wp-json\/wp\/v2\/comments?post=107604"}],"acf:post":[{"embeddable":true,"href":"https:\/\/letrame.com\/catalogo\/wp-json\/wp\/v2\/author_book\/107603"}],"wp:featuredmedia":[{"embeddable":true,"href":"https:\/\/letrame.com\/catalogo\/wp-json\/wp\/v2\/media\/107606"}],"wp:attachment":[{"href":"https:\/\/letrame.com\/catalogo\/wp-json\/wp\/v2\/media?parent=107604"}],"wp:term":[{"taxonomy":"libro","embeddable":true,"href":"https:\/\/letrame.com\/catalogo\/wp-json\/wp\/v2\/libro?post=107604"},{"taxonomy":"product_brand","embeddable":true,"href":"https:\/\/letrame.com\/catalogo\/wp-json\/wp\/v2\/product_brand?post=107604"},{"taxonomy":"product_cat","embeddable":true,"href":"https:\/\/letrame.com\/catalogo\/wp-json\/wp\/v2\/product_cat?post=107604"},{"taxonomy":"product_tag","embeddable":true,"href":"https:\/\/letrame.com\/catalogo\/wp-json\/wp\/v2\/product_tag?post=107604"}],"curies":[{"name":"wp","href":"https:\/\/api.w.org\/{rel}","templated":true}]}}