{"id":107581,"date":"2024-12-16T14:33:50","date_gmt":"2024-12-16T13:33:50","guid":{"rendered":"https:\/\/letrame.com\/catalogo\/?post_type=product&#038;p=107581"},"modified":"2025-04-10T09:40:32","modified_gmt":"2025-04-10T07:40:32","slug":"promiscuidad","status":"publish","type":"product","link":"https:\/\/letrame.com\/catalogo\/producto\/promiscuidad\/","title":{"rendered":"Promiscuidad"},"content":{"rendered":"<p class=\"p1\"><b>ISBN:\u00a0 <\/b>978-84-1089-211-8<\/p>\n<p class=\"p1\"><b>T\u00edtulo:\u00a0 <\/b>Promiscuidad<\/p>\n<p class=\"p1\"><b>A\u00f1o:\u00a0<\/b>2024<\/p>\n<p class=\"p1\"><b>P\u00e1ginas:<\/b> 352<\/p>\n<p class=\"p1\"><b>SINOPSIS<\/b><\/p>\n<p style=\"text-align: justify; line-height: 150%;\">\u00bfQu\u00e9 tan lejos estar\u00edas dispuesto a llegar por encontrar el amor verdadero? \u00bfCu\u00e1ntas veces necesitamos perdernos en las sombras para descubrir lo que realmente buscamos?<\/p>\n<p style=\"text-align: justify; line-height: 150%;\">Ricky, el protagonista de esta historia, ha navegado por una vida de relaciones fugaces, entreg\u00e1ndose a una promiscuidad emocional y f\u00edsica que, lejos de satisfacerlo, lo deja vac\u00edo. Pero cuando el amor toca a su puerta, no en forma de fantas\u00eda, sino como una fuerza capaz de redimirlo y transformar su vida, todo lo que alguna vez dio por sentado comienza a desmoronarse.<\/p>\n<p style=\"text-align: justify; line-height: 150%;\">Adrian D. Arcadich teje una trama donde los encuentros fortuitos y las decisiones aparentemente insignificantes conducen a una b\u00fasqueda de algo m\u00e1s profundo. Ricky se enfrenta a los fantasmas de su pasado y las consecuencias de sus acciones, mientras descubre que el verdadero amor es una elecci\u00f3n diaria, llena de sacrificios, arrepentimientos y promesas.<\/p>\n<p style=\"text-align: justify; line-height: 150%;\"><strong><i><span style=\"font-weight: normal;\">Promiscuidad<\/span><\/i><\/strong><b><i> <\/i><\/b>es una historia sobre redenci\u00f3n, sobre encontrar la luz en medio del caos y sobre aprender que, a veces, el amor que buscamos est\u00e1 m\u00e1s cerca de lo que imaginamos, si tenemos el coraje de mirarnos a nosotros mismos con honestidad.<\/p>\n","protected":false},"excerpt":{"rendered":"<p class=\"p1\"><b>ISBN:\u00a0 <\/b>978-84-1089-211-8<\/p>\n<p class=\"p1\"><b>SINOPSIS<\/b><\/p>\n<p style=\"text-align: justify; line-height: 150%;\">\u00bfQu\u00e9 tan lejos estar\u00edas dispuesto a llegar por encontrar el amor verdadero? \u00bfCu\u00e1ntas veces necesitamos perdernos en las sombras para descubrir lo que realmente buscamos?<\/p>\n<p style=\"text-align: justify; line-height: 150%;\">Ricky, el protagonista de esta historia, ha navegado por una vida de relaciones fugaces, entreg\u00e1ndose a una promiscuidad emocional y f\u00edsica que, lejos de satisfacerlo, lo deja vac\u00edo. Pero cuando el amor toca a su puerta, no en forma de fantas\u00eda, sino como una fuerza capaz de redimirlo y transformar su vida, todo lo que alguna vez dio por sentado comienza a desmoronarse.<\/p>\n<p style=\"text-align: justify; line-height: 150%;\">Adrian D. Arcadich teje una trama donde los encuentros fortuitos y las decisiones aparentemente insignificantes conducen a una b\u00fasqueda de algo m\u00e1s profundo. Ricky se enfrenta a los fantasmas de su pasado y las consecuencias de sus acciones, mientras descubre que el verdadero amor es una elecci\u00f3n diaria, llena de sacrificios, arrepentimientos y promesas.<\/p>\n<p style=\"text-align: justify; line-height: 150%;\"><strong><i><span style=\"font-weight: normal;\">Promiscuidad<\/span><\/i><\/strong><b><i> <\/i><\/b>es una historia sobre redenci\u00f3n, sobre encontrar la luz en medio del caos y sobre aprender que, a veces, el amor que buscamos est\u00e1 m\u00e1s cerca de lo que imaginamos, si tenemos el coraje de mirarnos a nosotros mismos con honestidad.<\/p>\n","protected":false},"featured_media":108449,"comment_status":"open","ping_status":"closed","template":"","meta":{"_acf_changed":false},"libro":[],"product_brand":[],"product_cat":[50],"product_tag":[],"class_list":{"0":"post-107581","1":"product","2":"type-product","3":"status-publish","4":"has-post-thumbnail","6":"product_cat-novela-romantica","8":"first","9":"instock","10":"shipping-taxable","11":"product-type-simple"},"acf":{"autor":[107582],"enlace_de_compra":"https:\/\/amzn.to\/41zXcjy"},"yoast_head":"<!-- This site is optimized with the Yoast SEO plugin v26.6 - https:\/\/yoast.com\/wordpress\/plugins\/seo\/ -->\n<title>Promiscuidad - Catalogo | Letrame Grupo Editorial<\/title>\n<meta name=\"robots\" content=\"index, follow, max-snippet:-1, max-image-preview:large, max-video-preview:-1\" \/>\n<link rel=\"canonical\" href=\"https:\/\/letrame.com\/catalogo\/producto\/promiscuidad\/\" \/>\n<meta property=\"og:locale\" content=\"es_ES\" \/>\n<meta property=\"og:type\" content=\"article\" \/>\n<meta property=\"og:title\" content=\"Promiscuidad - Catalogo | Letrame Grupo Editorial\" \/>\n<meta property=\"og:description\" content=\"ISBN:\u00a0 978-84-1089-211-8 SINOPSIS \u00bfQu\u00e9 tan lejos estar\u00edas dispuesto a llegar por encontrar el amor verdadero? \u00bfCu\u00e1ntas veces necesitamos perdernos en las sombras para descubrir lo que realmente buscamos? Ricky, el protagonista de esta historia, ha navegado por una vida de relaciones fugaces, entreg\u00e1ndose a una promiscuidad emocional y f\u00edsica que, lejos de satisfacerlo, lo deja vac\u00edo. Pero cuando el amor toca a su puerta, no en forma de fantas\u00eda, sino como una fuerza capaz de redimirlo y transformar su vida, todo lo que alguna vez dio por sentado comienza a desmoronarse. Adrian D. Arcadich teje una trama donde los encuentros fortuitos y las decisiones aparentemente insignificantes conducen a una b\u00fasqueda de algo m\u00e1s profundo. Ricky se enfrenta a los fantasmas de su pasado y las consecuencias de sus acciones, mientras descubre que el verdadero amor es una elecci\u00f3n diaria, llena de sacrificios, arrepentimientos y promesas. Promiscuidad es una historia sobre redenci\u00f3n, sobre encontrar la luz en medio del caos y sobre aprender que, a veces, el amor que buscamos est\u00e1 m\u00e1s cerca de lo que imaginamos, si tenemos el coraje de mirarnos a nosotros mismos con honestidad.\" \/>\n<meta property=\"og:url\" content=\"https:\/\/letrame.com\/catalogo\/producto\/promiscuidad\/\" \/>\n<meta property=\"og:site_name\" content=\"Catalogo | Letrame Grupo Editorial\" \/>\n<meta property=\"article:modified_time\" content=\"2025-04-10T07:40:32+00:00\" \/>\n<meta property=\"og:image\" content=\"https:\/\/letrame.com\/catalogo\/wp-content\/uploads\/2024\/12\/Promiscuidad-1.jpg\" \/>\n\t<meta property=\"og:image:width\" content=\"384\" \/>\n\t<meta property=\"og:image:height\" content=\"537\" \/>\n\t<meta property=\"og:image:type\" content=\"image\/jpeg\" \/>\n<meta name=\"twitter:card\" content=\"summary_large_image\" \/>\n<meta name=\"twitter:label1\" content=\"Tiempo de lectura\" \/>\n\t<meta name=\"twitter:data1\" content=\"1 minuto\" \/>\n<script type=\"application\/ld+json\" class=\"yoast-schema-graph\">{\"@context\":\"https:\/\/schema.org\",\"@graph\":[{\"@type\":\"WebPage\",\"@id\":\"https:\/\/letrame.com\/catalogo\/producto\/promiscuidad\/\",\"url\":\"https:\/\/letrame.com\/catalogo\/producto\/promiscuidad\/\",\"name\":\"Promiscuidad - Catalogo | Letrame Grupo Editorial\",\"isPartOf\":{\"@id\":\"https:\/\/letrame.com\/catalogo\/#website\"},\"primaryImageOfPage\":{\"@id\":\"https:\/\/letrame.com\/catalogo\/producto\/promiscuidad\/#primaryimage\"},\"image\":{\"@id\":\"https:\/\/letrame.com\/catalogo\/producto\/promiscuidad\/#primaryimage\"},\"thumbnailUrl\":\"https:\/\/letrame.com\/catalogo\/wp-content\/uploads\/2024\/12\/Promiscuidad-1.jpg\",\"datePublished\":\"2024-12-16T13:33:50+00:00\",\"dateModified\":\"2025-04-10T07:40:32+00:00\",\"breadcrumb\":{\"@id\":\"https:\/\/letrame.com\/catalogo\/producto\/promiscuidad\/#breadcrumb\"},\"inLanguage\":\"es\",\"potentialAction\":[{\"@type\":\"ReadAction\",\"target\":[\"https:\/\/letrame.com\/catalogo\/producto\/promiscuidad\/\"]}]},{\"@type\":\"ImageObject\",\"inLanguage\":\"es\",\"@id\":\"https:\/\/letrame.com\/catalogo\/producto\/promiscuidad\/#primaryimage\",\"url\":\"https:\/\/letrame.com\/catalogo\/wp-content\/uploads\/2024\/12\/Promiscuidad-1.jpg\",\"contentUrl\":\"https:\/\/letrame.com\/catalogo\/wp-content\/uploads\/2024\/12\/Promiscuidad-1.jpg\",\"width\":384,\"height\":537},{\"@type\":\"BreadcrumbList\",\"@id\":\"https:\/\/letrame.com\/catalogo\/producto\/promiscuidad\/#breadcrumb\",\"itemListElement\":[{\"@type\":\"ListItem\",\"position\":1,\"name\":\"Portada\",\"item\":\"https:\/\/letrame.com\/catalogo\/\"},{\"@type\":\"ListItem\",\"position\":2,\"name\":\"Cat\u00e1logo\",\"item\":\"https:\/\/letrame.com\/catalogo\/\"},{\"@type\":\"ListItem\",\"position\":3,\"name\":\"Promiscuidad\"}]},{\"@type\":\"WebSite\",\"@id\":\"https:\/\/letrame.com\/catalogo\/#website\",\"url\":\"https:\/\/letrame.com\/catalogo\/\",\"name\":\"Catalogo | Letrame Grupo Editorial\",\"description\":\"\",\"publisher\":{\"@id\":\"https:\/\/letrame.com\/catalogo\/#organization\"},\"potentialAction\":[{\"@type\":\"SearchAction\",\"target\":{\"@type\":\"EntryPoint\",\"urlTemplate\":\"https:\/\/letrame.com\/catalogo\/?s={search_term_string}\"},\"query-input\":{\"@type\":\"PropertyValueSpecification\",\"valueRequired\":true,\"valueName\":\"search_term_string\"}}],\"inLanguage\":\"es\"},{\"@type\":\"Organization\",\"@id\":\"https:\/\/letrame.com\/catalogo\/#organization\",\"name\":\"Catalogo | Letrame Grupo Editorial\",\"url\":\"https:\/\/letrame.com\/catalogo\/\",\"logo\":{\"@type\":\"ImageObject\",\"inLanguage\":\"es\",\"@id\":\"https:\/\/letrame.com\/catalogo\/#\/schema\/logo\/image\/\",\"url\":\"https:\/\/letrame.com\/catalogo\/wp-content\/uploads\/2024\/03\/logo2.webp\",\"contentUrl\":\"https:\/\/letrame.com\/catalogo\/wp-content\/uploads\/2024\/03\/logo2.webp\",\"width\":394,\"height\":128,\"caption\":\"Catalogo | Letrame Grupo Editorial\"},\"image\":{\"@id\":\"https:\/\/letrame.com\/catalogo\/#\/schema\/logo\/image\/\"}}]}<\/script>\n<!-- \/ Yoast SEO plugin. -->","yoast_head_json":{"title":"Promiscuidad - Catalogo | Letrame Grupo Editorial","robots":{"index":"index","follow":"follow","max-snippet":"max-snippet:-1","max-image-preview":"max-image-preview:large","max-video-preview":"max-video-preview:-1"},"canonical":"https:\/\/letrame.com\/catalogo\/producto\/promiscuidad\/","og_locale":"es_ES","og_type":"article","og_title":"Promiscuidad - Catalogo | Letrame Grupo Editorial","og_description":"ISBN:\u00a0 978-84-1089-211-8 SINOPSIS \u00bfQu\u00e9 tan lejos estar\u00edas dispuesto a llegar por encontrar el amor verdadero? \u00bfCu\u00e1ntas veces necesitamos perdernos en las sombras para descubrir lo que realmente buscamos? Ricky, el protagonista de esta historia, ha navegado por una vida de relaciones fugaces, entreg\u00e1ndose a una promiscuidad emocional y f\u00edsica que, lejos de satisfacerlo, lo deja vac\u00edo. Pero cuando el amor toca a su puerta, no en forma de fantas\u00eda, sino como una fuerza capaz de redimirlo y transformar su vida, todo lo que alguna vez dio por sentado comienza a desmoronarse. Adrian D. Arcadich teje una trama donde los encuentros fortuitos y las decisiones aparentemente insignificantes conducen a una b\u00fasqueda de algo m\u00e1s profundo. Ricky se enfrenta a los fantasmas de su pasado y las consecuencias de sus acciones, mientras descubre que el verdadero amor es una elecci\u00f3n diaria, llena de sacrificios, arrepentimientos y promesas. Promiscuidad es una historia sobre redenci\u00f3n, sobre encontrar la luz en medio del caos y sobre aprender que, a veces, el amor que buscamos est\u00e1 m\u00e1s cerca de lo que imaginamos, si tenemos el coraje de mirarnos a nosotros mismos con honestidad.","og_url":"https:\/\/letrame.com\/catalogo\/producto\/promiscuidad\/","og_site_name":"Catalogo | Letrame Grupo Editorial","article_modified_time":"2025-04-10T07:40:32+00:00","og_image":[{"width":384,"height":537,"url":"https:\/\/letrame.com\/catalogo\/wp-content\/uploads\/2024\/12\/Promiscuidad-1.jpg","type":"image\/jpeg"}],"twitter_card":"summary_large_image","twitter_misc":{"Tiempo de lectura":"1 minuto"},"schema":{"@context":"https:\/\/schema.org","@graph":[{"@type":"WebPage","@id":"https:\/\/letrame.com\/catalogo\/producto\/promiscuidad\/","url":"https:\/\/letrame.com\/catalogo\/producto\/promiscuidad\/","name":"Promiscuidad - Catalogo | Letrame Grupo Editorial","isPartOf":{"@id":"https:\/\/letrame.com\/catalogo\/#website"},"primaryImageOfPage":{"@id":"https:\/\/letrame.com\/catalogo\/producto\/promiscuidad\/#primaryimage"},"image":{"@id":"https:\/\/letrame.com\/catalogo\/producto\/promiscuidad\/#primaryimage"},"thumbnailUrl":"https:\/\/letrame.com\/catalogo\/wp-content\/uploads\/2024\/12\/Promiscuidad-1.jpg","datePublished":"2024-12-16T13:33:50+00:00","dateModified":"2025-04-10T07:40:32+00:00","breadcrumb":{"@id":"https:\/\/letrame.com\/catalogo\/producto\/promiscuidad\/#breadcrumb"},"inLanguage":"es","potentialAction":[{"@type":"ReadAction","target":["https:\/\/letrame.com\/catalogo\/producto\/promiscuidad\/"]}]},{"@type":"ImageObject","inLanguage":"es","@id":"https:\/\/letrame.com\/catalogo\/producto\/promiscuidad\/#primaryimage","url":"https:\/\/letrame.com\/catalogo\/wp-content\/uploads\/2024\/12\/Promiscuidad-1.jpg","contentUrl":"https:\/\/letrame.com\/catalogo\/wp-content\/uploads\/2024\/12\/Promiscuidad-1.jpg","width":384,"height":537},{"@type":"BreadcrumbList","@id":"https:\/\/letrame.com\/catalogo\/producto\/promiscuidad\/#breadcrumb","itemListElement":[{"@type":"ListItem","position":1,"name":"Portada","item":"https:\/\/letrame.com\/catalogo\/"},{"@type":"ListItem","position":2,"name":"Cat\u00e1logo","item":"https:\/\/letrame.com\/catalogo\/"},{"@type":"ListItem","position":3,"name":"Promiscuidad"}]},{"@type":"WebSite","@id":"https:\/\/letrame.com\/catalogo\/#website","url":"https:\/\/letrame.com\/catalogo\/","name":"Catalogo | Letrame Grupo Editorial","description":"","publisher":{"@id":"https:\/\/letrame.com\/catalogo\/#organization"},"potentialAction":[{"@type":"SearchAction","target":{"@type":"EntryPoint","urlTemplate":"https:\/\/letrame.com\/catalogo\/?s={search_term_string}"},"query-input":{"@type":"PropertyValueSpecification","valueRequired":true,"valueName":"search_term_string"}}],"inLanguage":"es"},{"@type":"Organization","@id":"https:\/\/letrame.com\/catalogo\/#organization","name":"Catalogo | Letrame Grupo Editorial","url":"https:\/\/letrame.com\/catalogo\/","logo":{"@type":"ImageObject","inLanguage":"es","@id":"https:\/\/letrame.com\/catalogo\/#\/schema\/logo\/image\/","url":"https:\/\/letrame.com\/catalogo\/wp-content\/uploads\/2024\/03\/logo2.webp","contentUrl":"https:\/\/letrame.com\/catalogo\/wp-content\/uploads\/2024\/03\/logo2.webp","width":394,"height":128,"caption":"Catalogo | Letrame Grupo Editorial"},"image":{"@id":"https:\/\/letrame.com\/catalogo\/#\/schema\/logo\/image\/"}}]}},"_links":{"self":[{"href":"https:\/\/letrame.com\/catalogo\/wp-json\/wp\/v2\/product\/107581","targetHints":{"allow":["GET"]}}],"collection":[{"href":"https:\/\/letrame.com\/catalogo\/wp-json\/wp\/v2\/product"}],"about":[{"href":"https:\/\/letrame.com\/catalogo\/wp-json\/wp\/v2\/types\/product"}],"replies":[{"embeddable":true,"href":"https:\/\/letrame.com\/catalogo\/wp-json\/wp\/v2\/comments?post=107581"}],"acf:post":[{"embeddable":true,"href":"https:\/\/letrame.com\/catalogo\/wp-json\/wp\/v2\/author_book\/107582"}],"wp:featuredmedia":[{"embeddable":true,"href":"https:\/\/letrame.com\/catalogo\/wp-json\/wp\/v2\/media\/108449"}],"wp:attachment":[{"href":"https:\/\/letrame.com\/catalogo\/wp-json\/wp\/v2\/media?parent=107581"}],"wp:term":[{"taxonomy":"libro","embeddable":true,"href":"https:\/\/letrame.com\/catalogo\/wp-json\/wp\/v2\/libro?post=107581"},{"taxonomy":"product_brand","embeddable":true,"href":"https:\/\/letrame.com\/catalogo\/wp-json\/wp\/v2\/product_brand?post=107581"},{"taxonomy":"product_cat","embeddable":true,"href":"https:\/\/letrame.com\/catalogo\/wp-json\/wp\/v2\/product_cat?post=107581"},{"taxonomy":"product_tag","embeddable":true,"href":"https:\/\/letrame.com\/catalogo\/wp-json\/wp\/v2\/product_tag?post=107581"}],"curies":[{"name":"wp","href":"https:\/\/api.w.org\/{rel}","templated":true}]}}