{"id":107557,"date":"2024-12-16T13:17:01","date_gmt":"2024-12-16T12:17:01","guid":{"rendered":"https:\/\/letrame.com\/catalogo\/?post_type=product&#038;p=107557"},"modified":"2024-12-16T13:18:12","modified_gmt":"2024-12-16T12:18:12","slug":"el-librito-para-aparentar-ser-culto-e-incluso-llegar-a-serlo","status":"publish","type":"product","link":"https:\/\/letrame.com\/catalogo\/producto\/el-librito-para-aparentar-ser-culto-e-incluso-llegar-a-serlo\/","title":{"rendered":"El librito para aparentar ser culto e incluso llegar a serlo"},"content":{"rendered":"<p class=\"p1\"><b>ISBN: <\/b>978-84-1089-217-0<\/p>\n<p class=\"p1\"><b>T\u00edtulo:\u00a0<\/b>El librito para aparentar ser culto e incluso llegar a serlo<\/p>\n<p class=\"p1\"><b>A\u00f1o: <\/b>2024<\/p>\n<p class=\"p1\"><b>P\u00e1ginas:\u00a0<\/b>564<\/p>\n<p class=\"p1\"><b>SINOPSIS<\/b><\/p>\n<p>No tan librito cualquiera, sino un libro que contiene numerosas frases, citas, explicaciones, poes\u00edas, an\u00e9cdotas e incluso comentarios sobre cuadros y partituras musicales.<\/p>\n<p>Seg\u00fan su autor, \u00ab<strong>LA CULTURA ES EL BRAZO ARMADO DE LA LIBERTAD\u00bb, <\/strong>y puede que tenga raz\u00f3n. Ciertamente, la cultura nos hace libres porque aporta ladrillos con los que levantar un muro frente al dominio de nuestra voluntad, frente a la desinformaci\u00f3n y la manipulaci\u00f3n. Pero como tambi\u00e9n advierte: \u00bfQu\u00e9 es ser culto? Nadie debe considerarse culto si no es inquieto, sino rebusca y se pregunta el porqu\u00e9 de las cosas o de los hechos.<\/p>\n<p>\u00bfQui\u00e9n fue Voltaire? \u00bfHip\u00f3crates significa domador de caballos? \u00bfDamocles y su espada? \u00bfQu\u00e9 es la serendipia? \u00bfQu\u00e9 es un candir\u00fa y por qu\u00e9 aterroriza a los habitantes de la cuenca del Amazonas?<\/p>\n<p>Es un libro que puede ser abordado aleatoriamente, sin orden de paginaci\u00f3n. Un punto importante en nuestras ajetreadas vidas, donde la continuidad del tiempo para leer es casi inexistente. Es un libro divertido e instructivo, recomendado para regalar a quienes no saben qui\u00e9n fue Rosalind Franklin, desconocen que la Trichomonas se apellida vaginalis porque es 20 veces m\u00e1s frecuente en la mujer que en el hombre, o que se preguntan de d\u00f3nde viene el milagro del DO, RE, MI, FA, SOL. Tambi\u00e9n es \u00fatil para quienes no sabe que el \u00abg\u00e9nero fluido\u00bb es aquel que tienen las personas que, a veces, se sienten hombres y en otras ocasiones, se sienten mujeres.<\/p>\n<p>Una abacer\u00eda en la que se comentan con brevedad las biograf\u00edas de ilustres sabios, artistas e inventores, como el de la tostadora o el lavavajillas. Tambi\u00e9n se narran an\u00e9cdotas ingeniosas y, en ocasiones, mordaces.<\/p>\n<p>Un libro divertido que, como tambi\u00e9n apunta su autor, no se debe prestar a los amigos, porque como dice la sentencia francesa:<\/p>\n<p><strong><em>Tel est le sort f\u00e2cheux de toute livre pr\u00eat\u00e9. Souvent il est perdu, toujours il est g\u00e2t\u00e9.<\/em><\/strong><\/p>\n<p><strong>Esta es la suerte desgraciada del libro prestado. A menudo se pierde, siempre se estropea.<\/strong><\/p>\n","protected":false},"excerpt":{"rendered":"<p class=\"p1\"><b>ISBN: <\/b>978-84-1089-217-0<\/p>\n<p class=\"p1\"><b>SINOPSIS<\/b><\/p>\n<p>No tan librito cualquiera, sino un libro que contiene numerosas frases, citas, explicaciones, poes\u00edas, an\u00e9cdotas e incluso comentarios sobre cuadros y partituras musicales.<\/p>\n<p>Seg\u00fan su autor, \u00ab<strong>LA CULTURA ES EL BRAZO ARMADO DE LA LIBERTAD\u00bb, <\/strong>y puede que tenga raz\u00f3n. Ciertamente, la cultura nos hace libres porque aporta ladrillos con los que levantar un muro frente al dominio de nuestra voluntad, frente a la desinformaci\u00f3n y la manipulaci\u00f3n. Pero como tambi\u00e9n advierte: \u00bfQu\u00e9 es ser culto? Nadie debe considerarse culto si no es inquieto, sino rebusca y se pregunta el porqu\u00e9 de las cosas o de los hechos.<\/p>\n<p>\u00bfQui\u00e9n fue Voltaire? \u00bfHip\u00f3crates significa domador de caballos? \u00bfDamocles y su espada? \u00bfQu\u00e9 es la serendipia? \u00bfQu\u00e9 es un candir\u00fa y por qu\u00e9 aterroriza a los habitantes de la cuenca del Amazonas?<\/p>\n<p>Es un libro que puede ser abordado aleatoriamente, sin orden de paginaci\u00f3n. Un punto importante en nuestras ajetreadas vidas, donde la continuidad del tiempo para leer es casi inexistente. Es un libro divertido e instructivo, recomendado para regalar a quienes no saben qui\u00e9n fue Rosalind Franklin, desconocen que la Trichomonas se apellida vaginalis porque es 20 veces m\u00e1s frecuente en la mujer que en el hombre, o que se preguntan de d\u00f3nde viene el milagro del DO, RE, MI, FA, SOL. Tambi\u00e9n es \u00fatil para quienes no sabe que el \u00abg\u00e9nero fluido\u00bb es aquel que tienen las personas que, a veces, se sienten hombres y en otras ocasiones, se sienten mujeres.<\/p>\n<p>Una abacer\u00eda en la que se comentan con brevedad las biograf\u00edas de ilustres sabios, artistas e inventores, como el de la tostadora o el lavavajillas. Tambi\u00e9n se narran an\u00e9cdotas ingeniosas y, en ocasiones, mordaces.<\/p>\n<p>Un libro divertido que, como tambi\u00e9n apunta su autor, no se debe prestar a los amigos, porque como dice la sentencia francesa:<\/p>\n<p><strong><em>Tel est le sort f\u00e2cheux de toute livre pr\u00eat\u00e9. Souvent il est perdu, toujours il est g\u00e2t\u00e9.<\/em><\/strong><\/p>\n<p><strong>Esta es la suerte desgraciada del libro prestado. A menudo se pierde, siempre se estropea.<\/strong><\/p>\n","protected":false},"featured_media":107560,"comment_status":"open","ping_status":"closed","template":"","meta":{"_acf_changed":false},"libro":[],"product_brand":[],"product_cat":[108],"product_tag":[],"class_list":{"0":"post-107557","1":"product","2":"type-product","3":"status-publish","4":"has-post-thumbnail","6":"product_cat-desarrollo-personal-y-autoconocimientonovela-ilustrada","8":"first","9":"instock","10":"shipping-taxable","11":"product-type-simple"},"acf":{"autor":[107556],"enlace_de_compra":""},"yoast_head":"<!-- This site is optimized with the Yoast SEO plugin v27.4 - https:\/\/yoast.com\/product\/yoast-seo-wordpress\/ -->\n<title>El librito para aparentar ser culto e incluso llegar a serlo - Catalogo | Letrame Grupo Editorial<\/title>\n<meta name=\"robots\" content=\"index, follow, max-snippet:-1, max-image-preview:large, max-video-preview:-1\" \/>\n<link rel=\"canonical\" href=\"https:\/\/letrame.com\/catalogo\/producto\/el-librito-para-aparentar-ser-culto-e-incluso-llegar-a-serlo\/\" \/>\n<meta property=\"og:locale\" content=\"es_ES\" \/>\n<meta property=\"og:type\" content=\"article\" \/>\n<meta property=\"og:title\" content=\"El librito para aparentar ser culto e incluso llegar a serlo - Catalogo | Letrame Grupo Editorial\" \/>\n<meta property=\"og:description\" content=\"ISBN: 978-84-1089-217-0 SINOPSIS No tan librito cualquiera, sino un libro que contiene numerosas frases, citas, explicaciones, poes\u00edas, an\u00e9cdotas e incluso comentarios sobre cuadros y partituras musicales.  Seg\u00fan su autor, \u00abLA CULTURA ES EL BRAZO ARMADO DE LA LIBERTAD\u00bb, y puede que tenga raz\u00f3n. Ciertamente, la cultura nos hace libres porque aporta ladrillos con los que levantar un muro frente al dominio de nuestra voluntad, frente a la desinformaci\u00f3n y la manipulaci\u00f3n. Pero como tambi\u00e9n advierte: \u00bfQu\u00e9 es ser culto? Nadie debe considerarse culto si no es inquieto, sino rebusca y se pregunta el porqu\u00e9 de las cosas o de los hechos.  \u00bfQui\u00e9n fue Voltaire? \u00bfHip\u00f3crates significa domador de caballos? \u00bfDamocles y su espada? \u00bfQu\u00e9 es la serendipia? \u00bfQu\u00e9 es un candir\u00fa y por qu\u00e9 aterroriza a los habitantes de la cuenca del Amazonas?  Es un libro que puede ser abordado aleatoriamente, sin orden de paginaci\u00f3n. Un punto importante en nuestras ajetreadas vidas, donde la continuidad del tiempo para leer es casi inexistente. Es un libro divertido e instructivo, recomendado para regalar a quienes no saben qui\u00e9n fue Rosalind Franklin, desconocen que la Trichomonas se apellida vaginalis porque es 20 veces m\u00e1s frecuente en la mujer que en el hombre, o que se preguntan de d\u00f3nde viene el milagro del DO, RE, MI, FA, SOL. Tambi\u00e9n es \u00fatil para quienes no sabe que el \u00abg\u00e9nero fluido\u00bb es aquel que tienen las personas que, a veces, se sienten hombres y en otras ocasiones, se sienten mujeres.  Una abacer\u00eda en la que se comentan con brevedad las biograf\u00edas de ilustres sabios, artistas e inventores, como el de la tostadora o el lavavajillas. Tambi\u00e9n se narran an\u00e9cdotas ingeniosas y, en ocasiones, mordaces.  Un libro divertido que, como tambi\u00e9n apunta su autor, no se debe prestar a los amigos, porque como dice la sentencia francesa:  Tel est le sort f\u00e2cheux de toute livre pr\u00eat\u00e9. Souvent il est perdu, toujours il est g\u00e2t\u00e9.  Esta es la suerte desgraciada del libro prestado. A menudo se pierde, siempre se estropea.\" \/>\n<meta property=\"og:url\" content=\"https:\/\/letrame.com\/catalogo\/producto\/el-librito-para-aparentar-ser-culto-e-incluso-llegar-a-serlo\/\" \/>\n<meta property=\"og:site_name\" content=\"Catalogo | Letrame Grupo Editorial\" \/>\n<meta property=\"article:modified_time\" content=\"2024-12-16T12:18:12+00:00\" \/>\n<meta property=\"og:image\" content=\"https:\/\/letrame.com\/catalogo\/wp-content\/uploads\/2024\/12\/ellibritoparaparecerculto.jpg\" \/>\n\t<meta property=\"og:image:width\" content=\"435\" \/>\n\t<meta property=\"og:image:height\" content=\"667\" \/>\n\t<meta property=\"og:image:type\" content=\"image\/jpeg\" \/>\n<meta name=\"twitter:card\" content=\"summary_large_image\" \/>\n<meta name=\"twitter:label1\" content=\"Tiempo de lectura\" \/>\n\t<meta name=\"twitter:data1\" content=\"2 minutos\" \/>\n<script type=\"application\/ld+json\" class=\"yoast-schema-graph\">{\"@context\":\"https:\\\/\\\/schema.org\",\"@graph\":[{\"@type\":\"WebPage\",\"@id\":\"https:\\\/\\\/letrame.com\\\/catalogo\\\/producto\\\/el-librito-para-aparentar-ser-culto-e-incluso-llegar-a-serlo\\\/\",\"url\":\"https:\\\/\\\/letrame.com\\\/catalogo\\\/producto\\\/el-librito-para-aparentar-ser-culto-e-incluso-llegar-a-serlo\\\/\",\"name\":\"El librito para aparentar ser culto e incluso llegar a serlo - Catalogo | Letrame Grupo Editorial\",\"isPartOf\":{\"@id\":\"https:\\\/\\\/letrame.com\\\/catalogo\\\/#website\"},\"primaryImageOfPage\":{\"@id\":\"https:\\\/\\\/letrame.com\\\/catalogo\\\/producto\\\/el-librito-para-aparentar-ser-culto-e-incluso-llegar-a-serlo\\\/#primaryimage\"},\"image\":{\"@id\":\"https:\\\/\\\/letrame.com\\\/catalogo\\\/producto\\\/el-librito-para-aparentar-ser-culto-e-incluso-llegar-a-serlo\\\/#primaryimage\"},\"thumbnailUrl\":\"https:\\\/\\\/letrame.com\\\/catalogo\\\/wp-content\\\/uploads\\\/2024\\\/12\\\/ellibritoparaparecerculto.jpg\",\"datePublished\":\"2024-12-16T12:17:01+00:00\",\"dateModified\":\"2024-12-16T12:18:12+00:00\",\"breadcrumb\":{\"@id\":\"https:\\\/\\\/letrame.com\\\/catalogo\\\/producto\\\/el-librito-para-aparentar-ser-culto-e-incluso-llegar-a-serlo\\\/#breadcrumb\"},\"inLanguage\":\"es\",\"potentialAction\":[{\"@type\":\"ReadAction\",\"target\":[\"https:\\\/\\\/letrame.com\\\/catalogo\\\/producto\\\/el-librito-para-aparentar-ser-culto-e-incluso-llegar-a-serlo\\\/\"]}]},{\"@type\":\"ImageObject\",\"inLanguage\":\"es\",\"@id\":\"https:\\\/\\\/letrame.com\\\/catalogo\\\/producto\\\/el-librito-para-aparentar-ser-culto-e-incluso-llegar-a-serlo\\\/#primaryimage\",\"url\":\"https:\\\/\\\/letrame.com\\\/catalogo\\\/wp-content\\\/uploads\\\/2024\\\/12\\\/ellibritoparaparecerculto.jpg\",\"contentUrl\":\"https:\\\/\\\/letrame.com\\\/catalogo\\\/wp-content\\\/uploads\\\/2024\\\/12\\\/ellibritoparaparecerculto.jpg\",\"width\":435,\"height\":667},{\"@type\":\"BreadcrumbList\",\"@id\":\"https:\\\/\\\/letrame.com\\\/catalogo\\\/producto\\\/el-librito-para-aparentar-ser-culto-e-incluso-llegar-a-serlo\\\/#breadcrumb\",\"itemListElement\":[{\"@type\":\"ListItem\",\"position\":1,\"name\":\"Portada\",\"item\":\"https:\\\/\\\/letrame.com\\\/catalogo\\\/\"},{\"@type\":\"ListItem\",\"position\":2,\"name\":\"Cat\u00e1logo\",\"item\":\"https:\\\/\\\/letrame.com\\\/catalogo\\\/\"},{\"@type\":\"ListItem\",\"position\":3,\"name\":\"El librito para aparentar ser culto e incluso llegar a serlo\"}]},{\"@type\":\"WebSite\",\"@id\":\"https:\\\/\\\/letrame.com\\\/catalogo\\\/#website\",\"url\":\"https:\\\/\\\/letrame.com\\\/catalogo\\\/\",\"name\":\"Catalogo | Letrame Grupo Editorial\",\"description\":\"\",\"publisher\":{\"@id\":\"https:\\\/\\\/letrame.com\\\/catalogo\\\/#organization\"},\"potentialAction\":[{\"@type\":\"SearchAction\",\"target\":{\"@type\":\"EntryPoint\",\"urlTemplate\":\"https:\\\/\\\/letrame.com\\\/catalogo\\\/?s={search_term_string}\"},\"query-input\":{\"@type\":\"PropertyValueSpecification\",\"valueRequired\":true,\"valueName\":\"search_term_string\"}}],\"inLanguage\":\"es\"},{\"@type\":\"Organization\",\"@id\":\"https:\\\/\\\/letrame.com\\\/catalogo\\\/#organization\",\"name\":\"Catalogo | Letrame Grupo Editorial\",\"url\":\"https:\\\/\\\/letrame.com\\\/catalogo\\\/\",\"logo\":{\"@type\":\"ImageObject\",\"inLanguage\":\"es\",\"@id\":\"https:\\\/\\\/letrame.com\\\/catalogo\\\/#\\\/schema\\\/logo\\\/image\\\/\",\"url\":\"https:\\\/\\\/letrame.com\\\/catalogo\\\/wp-content\\\/uploads\\\/2024\\\/03\\\/logo2.webp\",\"contentUrl\":\"https:\\\/\\\/letrame.com\\\/catalogo\\\/wp-content\\\/uploads\\\/2024\\\/03\\\/logo2.webp\",\"width\":394,\"height\":128,\"caption\":\"Catalogo | Letrame Grupo Editorial\"},\"image\":{\"@id\":\"https:\\\/\\\/letrame.com\\\/catalogo\\\/#\\\/schema\\\/logo\\\/image\\\/\"}}]}<\/script>\n<!-- \/ Yoast SEO plugin. -->","yoast_head_json":{"title":"El librito para aparentar ser culto e incluso llegar a serlo - Catalogo | Letrame Grupo Editorial","robots":{"index":"index","follow":"follow","max-snippet":"max-snippet:-1","max-image-preview":"max-image-preview:large","max-video-preview":"max-video-preview:-1"},"canonical":"https:\/\/letrame.com\/catalogo\/producto\/el-librito-para-aparentar-ser-culto-e-incluso-llegar-a-serlo\/","og_locale":"es_ES","og_type":"article","og_title":"El librito para aparentar ser culto e incluso llegar a serlo - Catalogo | Letrame Grupo Editorial","og_description":"ISBN: 978-84-1089-217-0 SINOPSIS No tan librito cualquiera, sino un libro que contiene numerosas frases, citas, explicaciones, poes\u00edas, an\u00e9cdotas e incluso comentarios sobre cuadros y partituras musicales.  Seg\u00fan su autor, \u00abLA CULTURA ES EL BRAZO ARMADO DE LA LIBERTAD\u00bb, y puede que tenga raz\u00f3n. Ciertamente, la cultura nos hace libres porque aporta ladrillos con los que levantar un muro frente al dominio de nuestra voluntad, frente a la desinformaci\u00f3n y la manipulaci\u00f3n. Pero como tambi\u00e9n advierte: \u00bfQu\u00e9 es ser culto? Nadie debe considerarse culto si no es inquieto, sino rebusca y se pregunta el porqu\u00e9 de las cosas o de los hechos.  \u00bfQui\u00e9n fue Voltaire? \u00bfHip\u00f3crates significa domador de caballos? \u00bfDamocles y su espada? \u00bfQu\u00e9 es la serendipia? \u00bfQu\u00e9 es un candir\u00fa y por qu\u00e9 aterroriza a los habitantes de la cuenca del Amazonas?  Es un libro que puede ser abordado aleatoriamente, sin orden de paginaci\u00f3n. Un punto importante en nuestras ajetreadas vidas, donde la continuidad del tiempo para leer es casi inexistente. Es un libro divertido e instructivo, recomendado para regalar a quienes no saben qui\u00e9n fue Rosalind Franklin, desconocen que la Trichomonas se apellida vaginalis porque es 20 veces m\u00e1s frecuente en la mujer que en el hombre, o que se preguntan de d\u00f3nde viene el milagro del DO, RE, MI, FA, SOL. Tambi\u00e9n es \u00fatil para quienes no sabe que el \u00abg\u00e9nero fluido\u00bb es aquel que tienen las personas que, a veces, se sienten hombres y en otras ocasiones, se sienten mujeres.  Una abacer\u00eda en la que se comentan con brevedad las biograf\u00edas de ilustres sabios, artistas e inventores, como el de la tostadora o el lavavajillas. Tambi\u00e9n se narran an\u00e9cdotas ingeniosas y, en ocasiones, mordaces.  Un libro divertido que, como tambi\u00e9n apunta su autor, no se debe prestar a los amigos, porque como dice la sentencia francesa:  Tel est le sort f\u00e2cheux de toute livre pr\u00eat\u00e9. Souvent il est perdu, toujours il est g\u00e2t\u00e9.  Esta es la suerte desgraciada del libro prestado. A menudo se pierde, siempre se estropea.","og_url":"https:\/\/letrame.com\/catalogo\/producto\/el-librito-para-aparentar-ser-culto-e-incluso-llegar-a-serlo\/","og_site_name":"Catalogo | Letrame Grupo Editorial","article_modified_time":"2024-12-16T12:18:12+00:00","og_image":[{"width":435,"height":667,"url":"https:\/\/letrame.com\/catalogo\/wp-content\/uploads\/2024\/12\/ellibritoparaparecerculto.jpg","type":"image\/jpeg"}],"twitter_card":"summary_large_image","twitter_misc":{"Tiempo de lectura":"2 minutos"},"schema":{"@context":"https:\/\/schema.org","@graph":[{"@type":"WebPage","@id":"https:\/\/letrame.com\/catalogo\/producto\/el-librito-para-aparentar-ser-culto-e-incluso-llegar-a-serlo\/","url":"https:\/\/letrame.com\/catalogo\/producto\/el-librito-para-aparentar-ser-culto-e-incluso-llegar-a-serlo\/","name":"El librito para aparentar ser culto e incluso llegar a serlo - Catalogo | Letrame Grupo Editorial","isPartOf":{"@id":"https:\/\/letrame.com\/catalogo\/#website"},"primaryImageOfPage":{"@id":"https:\/\/letrame.com\/catalogo\/producto\/el-librito-para-aparentar-ser-culto-e-incluso-llegar-a-serlo\/#primaryimage"},"image":{"@id":"https:\/\/letrame.com\/catalogo\/producto\/el-librito-para-aparentar-ser-culto-e-incluso-llegar-a-serlo\/#primaryimage"},"thumbnailUrl":"https:\/\/letrame.com\/catalogo\/wp-content\/uploads\/2024\/12\/ellibritoparaparecerculto.jpg","datePublished":"2024-12-16T12:17:01+00:00","dateModified":"2024-12-16T12:18:12+00:00","breadcrumb":{"@id":"https:\/\/letrame.com\/catalogo\/producto\/el-librito-para-aparentar-ser-culto-e-incluso-llegar-a-serlo\/#breadcrumb"},"inLanguage":"es","potentialAction":[{"@type":"ReadAction","target":["https:\/\/letrame.com\/catalogo\/producto\/el-librito-para-aparentar-ser-culto-e-incluso-llegar-a-serlo\/"]}]},{"@type":"ImageObject","inLanguage":"es","@id":"https:\/\/letrame.com\/catalogo\/producto\/el-librito-para-aparentar-ser-culto-e-incluso-llegar-a-serlo\/#primaryimage","url":"https:\/\/letrame.com\/catalogo\/wp-content\/uploads\/2024\/12\/ellibritoparaparecerculto.jpg","contentUrl":"https:\/\/letrame.com\/catalogo\/wp-content\/uploads\/2024\/12\/ellibritoparaparecerculto.jpg","width":435,"height":667},{"@type":"BreadcrumbList","@id":"https:\/\/letrame.com\/catalogo\/producto\/el-librito-para-aparentar-ser-culto-e-incluso-llegar-a-serlo\/#breadcrumb","itemListElement":[{"@type":"ListItem","position":1,"name":"Portada","item":"https:\/\/letrame.com\/catalogo\/"},{"@type":"ListItem","position":2,"name":"Cat\u00e1logo","item":"https:\/\/letrame.com\/catalogo\/"},{"@type":"ListItem","position":3,"name":"El librito para aparentar ser culto e incluso llegar a serlo"}]},{"@type":"WebSite","@id":"https:\/\/letrame.com\/catalogo\/#website","url":"https:\/\/letrame.com\/catalogo\/","name":"Catalogo | Letrame Grupo Editorial","description":"","publisher":{"@id":"https:\/\/letrame.com\/catalogo\/#organization"},"potentialAction":[{"@type":"SearchAction","target":{"@type":"EntryPoint","urlTemplate":"https:\/\/letrame.com\/catalogo\/?s={search_term_string}"},"query-input":{"@type":"PropertyValueSpecification","valueRequired":true,"valueName":"search_term_string"}}],"inLanguage":"es"},{"@type":"Organization","@id":"https:\/\/letrame.com\/catalogo\/#organization","name":"Catalogo | Letrame Grupo Editorial","url":"https:\/\/letrame.com\/catalogo\/","logo":{"@type":"ImageObject","inLanguage":"es","@id":"https:\/\/letrame.com\/catalogo\/#\/schema\/logo\/image\/","url":"https:\/\/letrame.com\/catalogo\/wp-content\/uploads\/2024\/03\/logo2.webp","contentUrl":"https:\/\/letrame.com\/catalogo\/wp-content\/uploads\/2024\/03\/logo2.webp","width":394,"height":128,"caption":"Catalogo | Letrame Grupo Editorial"},"image":{"@id":"https:\/\/letrame.com\/catalogo\/#\/schema\/logo\/image\/"}}]}},"_links":{"self":[{"href":"https:\/\/letrame.com\/catalogo\/wp-json\/wp\/v2\/product\/107557","targetHints":{"allow":["GET"]}}],"collection":[{"href":"https:\/\/letrame.com\/catalogo\/wp-json\/wp\/v2\/product"}],"about":[{"href":"https:\/\/letrame.com\/catalogo\/wp-json\/wp\/v2\/types\/product"}],"replies":[{"embeddable":true,"href":"https:\/\/letrame.com\/catalogo\/wp-json\/wp\/v2\/comments?post=107557"}],"acf:post":[{"embeddable":true,"href":"https:\/\/letrame.com\/catalogo\/wp-json\/wp\/v2\/author_book\/107556"}],"wp:featuredmedia":[{"embeddable":true,"href":"https:\/\/letrame.com\/catalogo\/wp-json\/wp\/v2\/media\/107560"}],"wp:attachment":[{"href":"https:\/\/letrame.com\/catalogo\/wp-json\/wp\/v2\/media?parent=107557"}],"wp:term":[{"taxonomy":"libro","embeddable":true,"href":"https:\/\/letrame.com\/catalogo\/wp-json\/wp\/v2\/libro?post=107557"},{"taxonomy":"product_brand","embeddable":true,"href":"https:\/\/letrame.com\/catalogo\/wp-json\/wp\/v2\/product_brand?post=107557"},{"taxonomy":"product_cat","embeddable":true,"href":"https:\/\/letrame.com\/catalogo\/wp-json\/wp\/v2\/product_cat?post=107557"},{"taxonomy":"product_tag","embeddable":true,"href":"https:\/\/letrame.com\/catalogo\/wp-json\/wp\/v2\/product_tag?post=107557"}],"curies":[{"name":"wp","href":"https:\/\/api.w.org\/{rel}","templated":true}]}}