{"id":107551,"date":"2024-12-16T12:54:52","date_gmt":"2024-12-16T11:54:52","guid":{"rendered":"https:\/\/letrame.com\/catalogo\/?post_type=product&#038;p=107551"},"modified":"2024-12-16T12:54:53","modified_gmt":"2024-12-16T11:54:53","slug":"yakov-y-su-viaje-al-interior","status":"publish","type":"product","link":"https:\/\/letrame.com\/catalogo\/producto\/yakov-y-su-viaje-al-interior\/","title":{"rendered":"Yakov y su viaje al interior"},"content":{"rendered":"<p class=\"p1\"><b>ISBN:\u00a0 <\/b>978-84-1089-150-0<\/p>\n<p class=\"p1\"><b>T\u00edtulo:\u00a0<\/b>Yakov y su viaje al interior<\/p>\n<p class=\"p1\"><b>A\u00f1o:<\/b> 2024<\/p>\n<p class=\"p1\"><b>P\u00e1ginas: <\/b>50<\/p>\n<p class=\"p1\"><b>SINOPSIS<\/b><\/p>\n<p><em>Yakov y su viaje al interior<\/em> es una historia tan peculiar como su protagonista: un gatito naranja que, en su coraz\u00f3n, \u00a1se cree un perro! Rescatado durante una tormenta por un joven so\u00f1ador, Yakov comienza a ladrar, recoger peri\u00f3dicos y meterse en m\u00e1s aventuras de las que cualquier gatito normal podr\u00eda imaginar. Pero hay un peque\u00f1o detalle\u2026 Este gatito est\u00e1 decidido a demostrar que no importa su aspecto felino, \u00a1en su alma late el esp\u00edritu indomable de un perro!<\/p>\n<p>Entre saltos imposibles, amistades inesperadas y momentos divetidos, Yakov lidera a una manada peluda con el entusiasmo de un cachorro. Sin embargo, en medio de todas sus travesuras, descubre algo a\u00fan m\u00e1s importante: el aceptar nuestra verdadera naturaleza, ya que nuestras cualidades son las que nos hacen \u00fanicos y especiales. \u00c9l acept\u00f3 que, a pesar de sentir que tiene a un perrito en su interior, no deja de ser un gato.<\/p>\n<p>&nbsp;<\/p>\n","protected":false},"excerpt":{"rendered":"<p class=\"p1\"><b>ISBN:\u00a0 <\/b>978-84-1089-150-0<\/p>\n<p class=\"p1\"><b>SINOPSIS<\/b><\/p>\n<p><em>Yakov y su viaje al interior<\/em> es una historia tan peculiar como su protagonista: un gatito naranja que, en su coraz\u00f3n, \u00a1se cree un perro! Rescatado durante una tormenta por un joven so\u00f1ador, Yakov comienza a ladrar, recoger peri\u00f3dicos y meterse en m\u00e1s aventuras de las que cualquier gatito normal podr\u00eda imaginar. Pero hay un peque\u00f1o detalle\u2026 Este gatito est\u00e1 decidido a demostrar que no importa su aspecto felino, \u00a1en su alma late el esp\u00edritu indomable de un perro!<\/p>\n<p>Entre saltos imposibles, amistades inesperadas y momentos divetidos, Yakov lidera a una manada peluda con el entusiasmo de un cachorro. Sin embargo, en medio de todas sus travesuras, descubre algo a\u00fan m\u00e1s importante: el aceptar nuestra verdadera naturaleza, ya que nuestras cualidades son las que nos hacen \u00fanicos y especiales. \u00c9l acept\u00f3 que, a pesar de sentir que tiene a un perrito en su interior, no deja de ser un gato.<\/p>\n<p>&nbsp;<\/p>\n","protected":false},"featured_media":107554,"comment_status":"open","ping_status":"closed","template":"","meta":{"_acf_changed":false},"libro":[],"product_brand":[],"product_cat":[17],"product_tag":[],"class_list":{"0":"post-107551","1":"product","2":"type-product","3":"status-publish","4":"has-post-thumbnail","6":"product_cat-infantil","8":"first","9":"instock","10":"shipping-taxable","11":"product-type-simple"},"acf":{"autor":[107550],"enlace_de_compra":"https:\/\/www.agapea.com\/Pamela-E-Reyes\/Yakov-y-su-viaje-interior-9788410891500-i.htm?srsltid=AfmBOorQo0-TtJUhMGcS8pKG0laTgWHr9HDqfcQbgI3_TjSHlrYnsXY_"},"yoast_head":"<!-- This site is optimized with the Yoast SEO plugin v26.6 - https:\/\/yoast.com\/wordpress\/plugins\/seo\/ -->\n<title>Yakov y su viaje al interior - Catalogo | Letrame Grupo Editorial<\/title>\n<meta name=\"robots\" content=\"index, follow, max-snippet:-1, max-image-preview:large, max-video-preview:-1\" \/>\n<link rel=\"canonical\" href=\"https:\/\/letrame.com\/catalogo\/producto\/yakov-y-su-viaje-al-interior\/\" \/>\n<meta property=\"og:locale\" content=\"es_ES\" \/>\n<meta property=\"og:type\" content=\"article\" \/>\n<meta property=\"og:title\" content=\"Yakov y su viaje al interior - Catalogo | Letrame Grupo Editorial\" \/>\n<meta property=\"og:description\" content=\"ISBN:\u00a0 978-84-1089-150-0 SINOPSIS Yakov y su viaje al interior es una historia tan peculiar como su protagonista: un gatito naranja que, en su coraz\u00f3n, \u00a1se cree un perro! Rescatado durante una tormenta por un joven so\u00f1ador, Yakov comienza a ladrar, recoger peri\u00f3dicos y meterse en m\u00e1s aventuras de las que cualquier gatito normal podr\u00eda imaginar. Pero hay un peque\u00f1o detalle\u2026 Este gatito est\u00e1 decidido a demostrar que no importa su aspecto felino, \u00a1en su alma late el esp\u00edritu indomable de un perro!  Entre saltos imposibles, amistades inesperadas y momentos divetidos, Yakov lidera a una manada peluda con el entusiasmo de un cachorro. Sin embargo, en medio de todas sus travesuras, descubre algo a\u00fan m\u00e1s importante: el aceptar nuestra verdadera naturaleza, ya que nuestras cualidades son las que nos hacen \u00fanicos y especiales. \u00c9l acept\u00f3 que, a pesar de sentir que tiene a un perrito en su interior, no deja de ser un gato.  &nbsp;\" \/>\n<meta property=\"og:url\" content=\"https:\/\/letrame.com\/catalogo\/producto\/yakov-y-su-viaje-al-interior\/\" \/>\n<meta property=\"og:site_name\" content=\"Catalogo | Letrame Grupo Editorial\" \/>\n<meta property=\"article:modified_time\" content=\"2024-12-16T11:54:53+00:00\" \/>\n<meta property=\"og:image\" content=\"https:\/\/letrame.com\/catalogo\/wp-content\/uploads\/2024\/12\/yakovysuviajealinterior.jpg\" \/>\n\t<meta property=\"og:image:width\" content=\"575\" \/>\n\t<meta property=\"og:image:height\" content=\"586\" \/>\n\t<meta property=\"og:image:type\" content=\"image\/jpeg\" \/>\n<meta name=\"twitter:card\" content=\"summary_large_image\" \/>\n<meta name=\"twitter:label1\" content=\"Tiempo de lectura\" \/>\n\t<meta name=\"twitter:data1\" content=\"1 minuto\" \/>\n<script type=\"application\/ld+json\" class=\"yoast-schema-graph\">{\"@context\":\"https:\/\/schema.org\",\"@graph\":[{\"@type\":\"WebPage\",\"@id\":\"https:\/\/letrame.com\/catalogo\/producto\/yakov-y-su-viaje-al-interior\/\",\"url\":\"https:\/\/letrame.com\/catalogo\/producto\/yakov-y-su-viaje-al-interior\/\",\"name\":\"Yakov y su viaje al interior - Catalogo | Letrame Grupo Editorial\",\"isPartOf\":{\"@id\":\"https:\/\/letrame.com\/catalogo\/#website\"},\"primaryImageOfPage\":{\"@id\":\"https:\/\/letrame.com\/catalogo\/producto\/yakov-y-su-viaje-al-interior\/#primaryimage\"},\"image\":{\"@id\":\"https:\/\/letrame.com\/catalogo\/producto\/yakov-y-su-viaje-al-interior\/#primaryimage\"},\"thumbnailUrl\":\"https:\/\/letrame.com\/catalogo\/wp-content\/uploads\/2024\/12\/yakovysuviajealinterior.jpg\",\"datePublished\":\"2024-12-16T11:54:52+00:00\",\"dateModified\":\"2024-12-16T11:54:53+00:00\",\"breadcrumb\":{\"@id\":\"https:\/\/letrame.com\/catalogo\/producto\/yakov-y-su-viaje-al-interior\/#breadcrumb\"},\"inLanguage\":\"es\",\"potentialAction\":[{\"@type\":\"ReadAction\",\"target\":[\"https:\/\/letrame.com\/catalogo\/producto\/yakov-y-su-viaje-al-interior\/\"]}]},{\"@type\":\"ImageObject\",\"inLanguage\":\"es\",\"@id\":\"https:\/\/letrame.com\/catalogo\/producto\/yakov-y-su-viaje-al-interior\/#primaryimage\",\"url\":\"https:\/\/letrame.com\/catalogo\/wp-content\/uploads\/2024\/12\/yakovysuviajealinterior.jpg\",\"contentUrl\":\"https:\/\/letrame.com\/catalogo\/wp-content\/uploads\/2024\/12\/yakovysuviajealinterior.jpg\",\"width\":575,\"height\":586},{\"@type\":\"BreadcrumbList\",\"@id\":\"https:\/\/letrame.com\/catalogo\/producto\/yakov-y-su-viaje-al-interior\/#breadcrumb\",\"itemListElement\":[{\"@type\":\"ListItem\",\"position\":1,\"name\":\"Portada\",\"item\":\"https:\/\/letrame.com\/catalogo\/\"},{\"@type\":\"ListItem\",\"position\":2,\"name\":\"Cat\u00e1logo\",\"item\":\"https:\/\/letrame.com\/catalogo\/\"},{\"@type\":\"ListItem\",\"position\":3,\"name\":\"Yakov y su viaje al interior\"}]},{\"@type\":\"WebSite\",\"@id\":\"https:\/\/letrame.com\/catalogo\/#website\",\"url\":\"https:\/\/letrame.com\/catalogo\/\",\"name\":\"Catalogo | Letrame Grupo Editorial\",\"description\":\"\",\"publisher\":{\"@id\":\"https:\/\/letrame.com\/catalogo\/#organization\"},\"potentialAction\":[{\"@type\":\"SearchAction\",\"target\":{\"@type\":\"EntryPoint\",\"urlTemplate\":\"https:\/\/letrame.com\/catalogo\/?s={search_term_string}\"},\"query-input\":{\"@type\":\"PropertyValueSpecification\",\"valueRequired\":true,\"valueName\":\"search_term_string\"}}],\"inLanguage\":\"es\"},{\"@type\":\"Organization\",\"@id\":\"https:\/\/letrame.com\/catalogo\/#organization\",\"name\":\"Catalogo | Letrame Grupo Editorial\",\"url\":\"https:\/\/letrame.com\/catalogo\/\",\"logo\":{\"@type\":\"ImageObject\",\"inLanguage\":\"es\",\"@id\":\"https:\/\/letrame.com\/catalogo\/#\/schema\/logo\/image\/\",\"url\":\"https:\/\/letrame.com\/catalogo\/wp-content\/uploads\/2024\/03\/logo2.webp\",\"contentUrl\":\"https:\/\/letrame.com\/catalogo\/wp-content\/uploads\/2024\/03\/logo2.webp\",\"width\":394,\"height\":128,\"caption\":\"Catalogo | Letrame Grupo Editorial\"},\"image\":{\"@id\":\"https:\/\/letrame.com\/catalogo\/#\/schema\/logo\/image\/\"}}]}<\/script>\n<!-- \/ Yoast SEO plugin. -->","yoast_head_json":{"title":"Yakov y su viaje al interior - Catalogo | Letrame Grupo Editorial","robots":{"index":"index","follow":"follow","max-snippet":"max-snippet:-1","max-image-preview":"max-image-preview:large","max-video-preview":"max-video-preview:-1"},"canonical":"https:\/\/letrame.com\/catalogo\/producto\/yakov-y-su-viaje-al-interior\/","og_locale":"es_ES","og_type":"article","og_title":"Yakov y su viaje al interior - Catalogo | Letrame Grupo Editorial","og_description":"ISBN:\u00a0 978-84-1089-150-0 SINOPSIS Yakov y su viaje al interior es una historia tan peculiar como su protagonista: un gatito naranja que, en su coraz\u00f3n, \u00a1se cree un perro! Rescatado durante una tormenta por un joven so\u00f1ador, Yakov comienza a ladrar, recoger peri\u00f3dicos y meterse en m\u00e1s aventuras de las que cualquier gatito normal podr\u00eda imaginar. Pero hay un peque\u00f1o detalle\u2026 Este gatito est\u00e1 decidido a demostrar que no importa su aspecto felino, \u00a1en su alma late el esp\u00edritu indomable de un perro!  Entre saltos imposibles, amistades inesperadas y momentos divetidos, Yakov lidera a una manada peluda con el entusiasmo de un cachorro. Sin embargo, en medio de todas sus travesuras, descubre algo a\u00fan m\u00e1s importante: el aceptar nuestra verdadera naturaleza, ya que nuestras cualidades son las que nos hacen \u00fanicos y especiales. \u00c9l acept\u00f3 que, a pesar de sentir que tiene a un perrito en su interior, no deja de ser un gato.  &nbsp;","og_url":"https:\/\/letrame.com\/catalogo\/producto\/yakov-y-su-viaje-al-interior\/","og_site_name":"Catalogo | Letrame Grupo Editorial","article_modified_time":"2024-12-16T11:54:53+00:00","og_image":[{"width":575,"height":586,"url":"https:\/\/letrame.com\/catalogo\/wp-content\/uploads\/2024\/12\/yakovysuviajealinterior.jpg","type":"image\/jpeg"}],"twitter_card":"summary_large_image","twitter_misc":{"Tiempo de lectura":"1 minuto"},"schema":{"@context":"https:\/\/schema.org","@graph":[{"@type":"WebPage","@id":"https:\/\/letrame.com\/catalogo\/producto\/yakov-y-su-viaje-al-interior\/","url":"https:\/\/letrame.com\/catalogo\/producto\/yakov-y-su-viaje-al-interior\/","name":"Yakov y su viaje al interior - Catalogo | Letrame Grupo Editorial","isPartOf":{"@id":"https:\/\/letrame.com\/catalogo\/#website"},"primaryImageOfPage":{"@id":"https:\/\/letrame.com\/catalogo\/producto\/yakov-y-su-viaje-al-interior\/#primaryimage"},"image":{"@id":"https:\/\/letrame.com\/catalogo\/producto\/yakov-y-su-viaje-al-interior\/#primaryimage"},"thumbnailUrl":"https:\/\/letrame.com\/catalogo\/wp-content\/uploads\/2024\/12\/yakovysuviajealinterior.jpg","datePublished":"2024-12-16T11:54:52+00:00","dateModified":"2024-12-16T11:54:53+00:00","breadcrumb":{"@id":"https:\/\/letrame.com\/catalogo\/producto\/yakov-y-su-viaje-al-interior\/#breadcrumb"},"inLanguage":"es","potentialAction":[{"@type":"ReadAction","target":["https:\/\/letrame.com\/catalogo\/producto\/yakov-y-su-viaje-al-interior\/"]}]},{"@type":"ImageObject","inLanguage":"es","@id":"https:\/\/letrame.com\/catalogo\/producto\/yakov-y-su-viaje-al-interior\/#primaryimage","url":"https:\/\/letrame.com\/catalogo\/wp-content\/uploads\/2024\/12\/yakovysuviajealinterior.jpg","contentUrl":"https:\/\/letrame.com\/catalogo\/wp-content\/uploads\/2024\/12\/yakovysuviajealinterior.jpg","width":575,"height":586},{"@type":"BreadcrumbList","@id":"https:\/\/letrame.com\/catalogo\/producto\/yakov-y-su-viaje-al-interior\/#breadcrumb","itemListElement":[{"@type":"ListItem","position":1,"name":"Portada","item":"https:\/\/letrame.com\/catalogo\/"},{"@type":"ListItem","position":2,"name":"Cat\u00e1logo","item":"https:\/\/letrame.com\/catalogo\/"},{"@type":"ListItem","position":3,"name":"Yakov y su viaje al interior"}]},{"@type":"WebSite","@id":"https:\/\/letrame.com\/catalogo\/#website","url":"https:\/\/letrame.com\/catalogo\/","name":"Catalogo | Letrame Grupo Editorial","description":"","publisher":{"@id":"https:\/\/letrame.com\/catalogo\/#organization"},"potentialAction":[{"@type":"SearchAction","target":{"@type":"EntryPoint","urlTemplate":"https:\/\/letrame.com\/catalogo\/?s={search_term_string}"},"query-input":{"@type":"PropertyValueSpecification","valueRequired":true,"valueName":"search_term_string"}}],"inLanguage":"es"},{"@type":"Organization","@id":"https:\/\/letrame.com\/catalogo\/#organization","name":"Catalogo | Letrame Grupo Editorial","url":"https:\/\/letrame.com\/catalogo\/","logo":{"@type":"ImageObject","inLanguage":"es","@id":"https:\/\/letrame.com\/catalogo\/#\/schema\/logo\/image\/","url":"https:\/\/letrame.com\/catalogo\/wp-content\/uploads\/2024\/03\/logo2.webp","contentUrl":"https:\/\/letrame.com\/catalogo\/wp-content\/uploads\/2024\/03\/logo2.webp","width":394,"height":128,"caption":"Catalogo | Letrame Grupo Editorial"},"image":{"@id":"https:\/\/letrame.com\/catalogo\/#\/schema\/logo\/image\/"}}]}},"_links":{"self":[{"href":"https:\/\/letrame.com\/catalogo\/wp-json\/wp\/v2\/product\/107551","targetHints":{"allow":["GET"]}}],"collection":[{"href":"https:\/\/letrame.com\/catalogo\/wp-json\/wp\/v2\/product"}],"about":[{"href":"https:\/\/letrame.com\/catalogo\/wp-json\/wp\/v2\/types\/product"}],"replies":[{"embeddable":true,"href":"https:\/\/letrame.com\/catalogo\/wp-json\/wp\/v2\/comments?post=107551"}],"acf:post":[{"embeddable":true,"href":"https:\/\/letrame.com\/catalogo\/wp-json\/wp\/v2\/author_book\/107550"}],"wp:featuredmedia":[{"embeddable":true,"href":"https:\/\/letrame.com\/catalogo\/wp-json\/wp\/v2\/media\/107554"}],"wp:attachment":[{"href":"https:\/\/letrame.com\/catalogo\/wp-json\/wp\/v2\/media?parent=107551"}],"wp:term":[{"taxonomy":"libro","embeddable":true,"href":"https:\/\/letrame.com\/catalogo\/wp-json\/wp\/v2\/libro?post=107551"},{"taxonomy":"product_brand","embeddable":true,"href":"https:\/\/letrame.com\/catalogo\/wp-json\/wp\/v2\/product_brand?post=107551"},{"taxonomy":"product_cat","embeddable":true,"href":"https:\/\/letrame.com\/catalogo\/wp-json\/wp\/v2\/product_cat?post=107551"},{"taxonomy":"product_tag","embeddable":true,"href":"https:\/\/letrame.com\/catalogo\/wp-json\/wp\/v2\/product_tag?post=107551"}],"curies":[{"name":"wp","href":"https:\/\/api.w.org\/{rel}","templated":true}]}}