{"id":107533,"date":"2024-12-16T12:16:20","date_gmt":"2024-12-16T11:16:20","guid":{"rendered":"https:\/\/letrame.com\/catalogo\/?post_type=product&#038;p=107533"},"modified":"2025-04-10T09:56:37","modified_gmt":"2025-04-10T07:56:37","slug":"vida-un-viaje-de-ida-de-la-guerra-a-la-union-armoniosa","status":"publish","type":"product","link":"https:\/\/letrame.com\/catalogo\/producto\/vida-un-viaje-de-ida-de-la-guerra-a-la-union-armoniosa\/","title":{"rendered":"Vida, un viaje de ida&#8230; de la guerra a la uni\u00f3n armoniosa"},"content":{"rendered":"<p class=\"p1\"><b>ISBN:\u00a0 <\/b>978-84-1089-076-3<\/p>\n<p class=\"p1\"><b>T\u00edtulo:\u00a0<\/b>Vida, un viaje de ida&#8230; de la guerra a la uni\u00f3n armoniosa<\/p>\n<p class=\"p1\"><b>A\u00f1o:\u00a0<\/b>2024<\/p>\n<p class=\"p1\"><b>P\u00e1ginas:\u00a0<\/b> 140<\/p>\n<p class=\"p1\"><b>SINOPSIS<\/b><\/p>\n<p><em>Vida, un viaje de ida, de la guerra a la uni\u00f3n armoniosa. 1111 nuevos comienzos<\/em> es un viaje al autodescubrimiento, que me ha llevado al despertar de consciencia, un camino de Ascenci\u00f3n espiritual.<\/p>\n<p>En este libro encontrar\u00e1s, paso a paso, los ejercicios para realizar tu propio desdoblamiento del tiempo, detectar patrones repetitivos, emociones estancadas convertidas en s\u00edntomas y enfermedades, y aquellas lecciones no aprendidas en esta vida o en vidas pasadas que permanecen en las memorias del alma, y cuyas experiencias se repiten tantas veces hasta aprender esa lecci\u00f3n.<\/p>\n<p>Basado en la experiencia personal de la energ\u00eda colectiva de llamas almas gemelas, escribo este libro para comprender la conexi\u00f3n en la pareja y exterminar la oscuridad en la humanidad.<\/p>\n<p>Con distintas terapias de sanaci\u00f3n que aprend\u00ed y apliqu\u00e9 en mi misma, se van despojando todas las capas que impiden ver la luz en todo su esplendor. Somos el resultado de la suma de muchos aprendizajes no resueltos. Somos seres en evoluci\u00f3n.<\/p>\n<p>Es recomendable leerlo del inicio al final para disfrutar de cada etapa y tomar conciencia de todas sus experiencias, para comprender el para qu\u00e9 y el porqu\u00e9 estamos en este viaje llamado vida.<\/p>\n","protected":false},"excerpt":{"rendered":"<p class=\"p1\"><b>ISBN:\u00a0 <\/b>978-84-1089-076-3<\/p>\n<p class=\"p1\"><b>SINOPSIS<\/b><\/p>\n<p><em>Vida, un viaje de ida, de la guerra a la uni\u00f3n armoniosa. 1111 nuevos comienzos<\/em> es un viaje al autodescubrimiento, que me ha llevado al despertar de consciencia, un camino de Ascenci\u00f3n espiritual.<\/p>\n<p>En este libro encontrar\u00e1s, paso a paso, los ejercicios para realizar tu propio desdoblamiento del tiempo, detectar patrones repetitivos, emociones estancadas convertidas en s\u00edntomas y enfermedades, y aquellas lecciones no aprendidas en esta vida o en vidas pasadas que permanecen en las memorias del alma, y cuyas experiencias se repiten tantas veces hasta aprender esa lecci\u00f3n.<\/p>\n<p>Basado en la experiencia personal de la energ\u00eda colectiva de llamas almas gemelas, escribo este libro para comprender la conexi\u00f3n en la pareja y exterminar la oscuridad en la humanidad.<\/p>\n<p>Con distintas terapias de sanaci\u00f3n que aprend\u00ed y apliqu\u00e9 en mi misma, se van despojando todas las capas que impiden ver la luz en todo su esplendor. Somos el resultado de la suma de muchos aprendizajes no resueltos. Somos seres en evoluci\u00f3n.<\/p>\n<p>Es recomendable leerlo del inicio al final para disfrutar de cada etapa y tomar conciencia de todas sus experiencias, para comprender el para qu\u00e9 y el porqu\u00e9 estamos en este viaje llamado vida.<\/p>\n","protected":false},"featured_media":108452,"comment_status":"open","ping_status":"closed","template":"","meta":{"_acf_changed":false},"libro":[],"product_brand":[],"product_cat":[18],"product_tag":[],"class_list":{"0":"post-107533","1":"product","2":"type-product","3":"status-publish","4":"has-post-thumbnail","6":"product_cat-autoayuda","8":"first","9":"instock","10":"shipping-taxable","11":"product-type-simple"},"acf":{"autor":[107532],"enlace_de_compra":"https:\/\/amzn.to\/4fjNXHx"},"yoast_head":"<!-- This site is optimized with the Yoast SEO plugin v27.4 - https:\/\/yoast.com\/product\/yoast-seo-wordpress\/ -->\n<title>Vida, un viaje de ida... de la guerra a la uni\u00f3n armoniosa - Catalogo | Letrame Grupo Editorial<\/title>\n<meta name=\"robots\" content=\"index, follow, max-snippet:-1, max-image-preview:large, max-video-preview:-1\" \/>\n<link rel=\"canonical\" href=\"https:\/\/letrame.com\/catalogo\/producto\/vida-un-viaje-de-ida-de-la-guerra-a-la-union-armoniosa\/\" \/>\n<meta property=\"og:locale\" content=\"es_ES\" \/>\n<meta property=\"og:type\" content=\"article\" \/>\n<meta property=\"og:title\" content=\"Vida, un viaje de ida... de la guerra a la uni\u00f3n armoniosa - Catalogo | Letrame Grupo Editorial\" \/>\n<meta property=\"og:description\" content=\"ISBN:\u00a0 978-84-1089-076-3 SINOPSIS Vida, un viaje de ida, de la guerra a la uni\u00f3n armoniosa. 1111 nuevos comienzos es un viaje al autodescubrimiento, que me ha llevado al despertar de consciencia, un camino de Ascenci\u00f3n espiritual.  En este libro encontrar\u00e1s, paso a paso, los ejercicios para realizar tu propio desdoblamiento del tiempo, detectar patrones repetitivos, emociones estancadas convertidas en s\u00edntomas y enfermedades, y aquellas lecciones no aprendidas en esta vida o en vidas pasadas que permanecen en las memorias del alma, y cuyas experiencias se repiten tantas veces hasta aprender esa lecci\u00f3n.  Basado en la experiencia personal de la energ\u00eda colectiva de llamas almas gemelas, escribo este libro para comprender la conexi\u00f3n en la pareja y exterminar la oscuridad en la humanidad.  Con distintas terapias de sanaci\u00f3n que aprend\u00ed y apliqu\u00e9 en mi misma, se van despojando todas las capas que impiden ver la luz en todo su esplendor. Somos el resultado de la suma de muchos aprendizajes no resueltos. Somos seres en evoluci\u00f3n.  Es recomendable leerlo del inicio al final para disfrutar de cada etapa y tomar conciencia de todas sus experiencias, para comprender el para qu\u00e9 y el porqu\u00e9 estamos en este viaje llamado vida.\" \/>\n<meta property=\"og:url\" content=\"https:\/\/letrame.com\/catalogo\/producto\/vida-un-viaje-de-ida-de-la-guerra-a-la-union-armoniosa\/\" \/>\n<meta property=\"og:site_name\" content=\"Catalogo | Letrame Grupo Editorial\" \/>\n<meta property=\"article:modified_time\" content=\"2025-04-10T07:56:37+00:00\" \/>\n<meta property=\"og:image\" content=\"https:\/\/letrame.com\/catalogo\/wp-content\/uploads\/2024\/12\/Vida-un-viaje-de-ida.jpg\" \/>\n\t<meta property=\"og:image:width\" content=\"384\" \/>\n\t<meta property=\"og:image:height\" content=\"537\" \/>\n\t<meta property=\"og:image:type\" content=\"image\/jpeg\" \/>\n<meta name=\"twitter:card\" content=\"summary_large_image\" \/>\n<meta name=\"twitter:label1\" content=\"Tiempo de lectura\" \/>\n\t<meta name=\"twitter:data1\" content=\"2 minutos\" \/>\n<script type=\"application\/ld+json\" class=\"yoast-schema-graph\">{\"@context\":\"https:\\\/\\\/schema.org\",\"@graph\":[{\"@type\":\"WebPage\",\"@id\":\"https:\\\/\\\/letrame.com\\\/catalogo\\\/producto\\\/vida-un-viaje-de-ida-de-la-guerra-a-la-union-armoniosa\\\/\",\"url\":\"https:\\\/\\\/letrame.com\\\/catalogo\\\/producto\\\/vida-un-viaje-de-ida-de-la-guerra-a-la-union-armoniosa\\\/\",\"name\":\"Vida, un viaje de ida... de la guerra a la uni\u00f3n armoniosa - Catalogo | Letrame Grupo Editorial\",\"isPartOf\":{\"@id\":\"https:\\\/\\\/letrame.com\\\/catalogo\\\/#website\"},\"primaryImageOfPage\":{\"@id\":\"https:\\\/\\\/letrame.com\\\/catalogo\\\/producto\\\/vida-un-viaje-de-ida-de-la-guerra-a-la-union-armoniosa\\\/#primaryimage\"},\"image\":{\"@id\":\"https:\\\/\\\/letrame.com\\\/catalogo\\\/producto\\\/vida-un-viaje-de-ida-de-la-guerra-a-la-union-armoniosa\\\/#primaryimage\"},\"thumbnailUrl\":\"https:\\\/\\\/letrame.com\\\/catalogo\\\/wp-content\\\/uploads\\\/2024\\\/12\\\/Vida-un-viaje-de-ida.jpg\",\"datePublished\":\"2024-12-16T11:16:20+00:00\",\"dateModified\":\"2025-04-10T07:56:37+00:00\",\"breadcrumb\":{\"@id\":\"https:\\\/\\\/letrame.com\\\/catalogo\\\/producto\\\/vida-un-viaje-de-ida-de-la-guerra-a-la-union-armoniosa\\\/#breadcrumb\"},\"inLanguage\":\"es\",\"potentialAction\":[{\"@type\":\"ReadAction\",\"target\":[\"https:\\\/\\\/letrame.com\\\/catalogo\\\/producto\\\/vida-un-viaje-de-ida-de-la-guerra-a-la-union-armoniosa\\\/\"]}]},{\"@type\":\"ImageObject\",\"inLanguage\":\"es\",\"@id\":\"https:\\\/\\\/letrame.com\\\/catalogo\\\/producto\\\/vida-un-viaje-de-ida-de-la-guerra-a-la-union-armoniosa\\\/#primaryimage\",\"url\":\"https:\\\/\\\/letrame.com\\\/catalogo\\\/wp-content\\\/uploads\\\/2024\\\/12\\\/Vida-un-viaje-de-ida.jpg\",\"contentUrl\":\"https:\\\/\\\/letrame.com\\\/catalogo\\\/wp-content\\\/uploads\\\/2024\\\/12\\\/Vida-un-viaje-de-ida.jpg\",\"width\":384,\"height\":537},{\"@type\":\"BreadcrumbList\",\"@id\":\"https:\\\/\\\/letrame.com\\\/catalogo\\\/producto\\\/vida-un-viaje-de-ida-de-la-guerra-a-la-union-armoniosa\\\/#breadcrumb\",\"itemListElement\":[{\"@type\":\"ListItem\",\"position\":1,\"name\":\"Portada\",\"item\":\"https:\\\/\\\/letrame.com\\\/catalogo\\\/\"},{\"@type\":\"ListItem\",\"position\":2,\"name\":\"Cat\u00e1logo\",\"item\":\"https:\\\/\\\/letrame.com\\\/catalogo\\\/\"},{\"@type\":\"ListItem\",\"position\":3,\"name\":\"Vida, un viaje de ida&#8230; de la guerra a la uni\u00f3n armoniosa\"}]},{\"@type\":\"WebSite\",\"@id\":\"https:\\\/\\\/letrame.com\\\/catalogo\\\/#website\",\"url\":\"https:\\\/\\\/letrame.com\\\/catalogo\\\/\",\"name\":\"Catalogo | Letrame Grupo Editorial\",\"description\":\"\",\"publisher\":{\"@id\":\"https:\\\/\\\/letrame.com\\\/catalogo\\\/#organization\"},\"potentialAction\":[{\"@type\":\"SearchAction\",\"target\":{\"@type\":\"EntryPoint\",\"urlTemplate\":\"https:\\\/\\\/letrame.com\\\/catalogo\\\/?s={search_term_string}\"},\"query-input\":{\"@type\":\"PropertyValueSpecification\",\"valueRequired\":true,\"valueName\":\"search_term_string\"}}],\"inLanguage\":\"es\"},{\"@type\":\"Organization\",\"@id\":\"https:\\\/\\\/letrame.com\\\/catalogo\\\/#organization\",\"name\":\"Catalogo | Letrame Grupo Editorial\",\"url\":\"https:\\\/\\\/letrame.com\\\/catalogo\\\/\",\"logo\":{\"@type\":\"ImageObject\",\"inLanguage\":\"es\",\"@id\":\"https:\\\/\\\/letrame.com\\\/catalogo\\\/#\\\/schema\\\/logo\\\/image\\\/\",\"url\":\"https:\\\/\\\/letrame.com\\\/catalogo\\\/wp-content\\\/uploads\\\/2024\\\/03\\\/logo2.webp\",\"contentUrl\":\"https:\\\/\\\/letrame.com\\\/catalogo\\\/wp-content\\\/uploads\\\/2024\\\/03\\\/logo2.webp\",\"width\":394,\"height\":128,\"caption\":\"Catalogo | Letrame Grupo Editorial\"},\"image\":{\"@id\":\"https:\\\/\\\/letrame.com\\\/catalogo\\\/#\\\/schema\\\/logo\\\/image\\\/\"}}]}<\/script>\n<!-- \/ Yoast SEO plugin. -->","yoast_head_json":{"title":"Vida, un viaje de ida... de la guerra a la uni\u00f3n armoniosa - Catalogo | Letrame Grupo Editorial","robots":{"index":"index","follow":"follow","max-snippet":"max-snippet:-1","max-image-preview":"max-image-preview:large","max-video-preview":"max-video-preview:-1"},"canonical":"https:\/\/letrame.com\/catalogo\/producto\/vida-un-viaje-de-ida-de-la-guerra-a-la-union-armoniosa\/","og_locale":"es_ES","og_type":"article","og_title":"Vida, un viaje de ida... de la guerra a la uni\u00f3n armoniosa - Catalogo | Letrame Grupo Editorial","og_description":"ISBN:\u00a0 978-84-1089-076-3 SINOPSIS Vida, un viaje de ida, de la guerra a la uni\u00f3n armoniosa. 1111 nuevos comienzos es un viaje al autodescubrimiento, que me ha llevado al despertar de consciencia, un camino de Ascenci\u00f3n espiritual.  En este libro encontrar\u00e1s, paso a paso, los ejercicios para realizar tu propio desdoblamiento del tiempo, detectar patrones repetitivos, emociones estancadas convertidas en s\u00edntomas y enfermedades, y aquellas lecciones no aprendidas en esta vida o en vidas pasadas que permanecen en las memorias del alma, y cuyas experiencias se repiten tantas veces hasta aprender esa lecci\u00f3n.  Basado en la experiencia personal de la energ\u00eda colectiva de llamas almas gemelas, escribo este libro para comprender la conexi\u00f3n en la pareja y exterminar la oscuridad en la humanidad.  Con distintas terapias de sanaci\u00f3n que aprend\u00ed y apliqu\u00e9 en mi misma, se van despojando todas las capas que impiden ver la luz en todo su esplendor. Somos el resultado de la suma de muchos aprendizajes no resueltos. Somos seres en evoluci\u00f3n.  Es recomendable leerlo del inicio al final para disfrutar de cada etapa y tomar conciencia de todas sus experiencias, para comprender el para qu\u00e9 y el porqu\u00e9 estamos en este viaje llamado vida.","og_url":"https:\/\/letrame.com\/catalogo\/producto\/vida-un-viaje-de-ida-de-la-guerra-a-la-union-armoniosa\/","og_site_name":"Catalogo | Letrame Grupo Editorial","article_modified_time":"2025-04-10T07:56:37+00:00","og_image":[{"width":384,"height":537,"url":"https:\/\/letrame.com\/catalogo\/wp-content\/uploads\/2024\/12\/Vida-un-viaje-de-ida.jpg","type":"image\/jpeg"}],"twitter_card":"summary_large_image","twitter_misc":{"Tiempo de lectura":"2 minutos"},"schema":{"@context":"https:\/\/schema.org","@graph":[{"@type":"WebPage","@id":"https:\/\/letrame.com\/catalogo\/producto\/vida-un-viaje-de-ida-de-la-guerra-a-la-union-armoniosa\/","url":"https:\/\/letrame.com\/catalogo\/producto\/vida-un-viaje-de-ida-de-la-guerra-a-la-union-armoniosa\/","name":"Vida, un viaje de ida... de la guerra a la uni\u00f3n armoniosa - Catalogo | Letrame Grupo Editorial","isPartOf":{"@id":"https:\/\/letrame.com\/catalogo\/#website"},"primaryImageOfPage":{"@id":"https:\/\/letrame.com\/catalogo\/producto\/vida-un-viaje-de-ida-de-la-guerra-a-la-union-armoniosa\/#primaryimage"},"image":{"@id":"https:\/\/letrame.com\/catalogo\/producto\/vida-un-viaje-de-ida-de-la-guerra-a-la-union-armoniosa\/#primaryimage"},"thumbnailUrl":"https:\/\/letrame.com\/catalogo\/wp-content\/uploads\/2024\/12\/Vida-un-viaje-de-ida.jpg","datePublished":"2024-12-16T11:16:20+00:00","dateModified":"2025-04-10T07:56:37+00:00","breadcrumb":{"@id":"https:\/\/letrame.com\/catalogo\/producto\/vida-un-viaje-de-ida-de-la-guerra-a-la-union-armoniosa\/#breadcrumb"},"inLanguage":"es","potentialAction":[{"@type":"ReadAction","target":["https:\/\/letrame.com\/catalogo\/producto\/vida-un-viaje-de-ida-de-la-guerra-a-la-union-armoniosa\/"]}]},{"@type":"ImageObject","inLanguage":"es","@id":"https:\/\/letrame.com\/catalogo\/producto\/vida-un-viaje-de-ida-de-la-guerra-a-la-union-armoniosa\/#primaryimage","url":"https:\/\/letrame.com\/catalogo\/wp-content\/uploads\/2024\/12\/Vida-un-viaje-de-ida.jpg","contentUrl":"https:\/\/letrame.com\/catalogo\/wp-content\/uploads\/2024\/12\/Vida-un-viaje-de-ida.jpg","width":384,"height":537},{"@type":"BreadcrumbList","@id":"https:\/\/letrame.com\/catalogo\/producto\/vida-un-viaje-de-ida-de-la-guerra-a-la-union-armoniosa\/#breadcrumb","itemListElement":[{"@type":"ListItem","position":1,"name":"Portada","item":"https:\/\/letrame.com\/catalogo\/"},{"@type":"ListItem","position":2,"name":"Cat\u00e1logo","item":"https:\/\/letrame.com\/catalogo\/"},{"@type":"ListItem","position":3,"name":"Vida, un viaje de ida&#8230; de la guerra a la uni\u00f3n armoniosa"}]},{"@type":"WebSite","@id":"https:\/\/letrame.com\/catalogo\/#website","url":"https:\/\/letrame.com\/catalogo\/","name":"Catalogo | Letrame Grupo Editorial","description":"","publisher":{"@id":"https:\/\/letrame.com\/catalogo\/#organization"},"potentialAction":[{"@type":"SearchAction","target":{"@type":"EntryPoint","urlTemplate":"https:\/\/letrame.com\/catalogo\/?s={search_term_string}"},"query-input":{"@type":"PropertyValueSpecification","valueRequired":true,"valueName":"search_term_string"}}],"inLanguage":"es"},{"@type":"Organization","@id":"https:\/\/letrame.com\/catalogo\/#organization","name":"Catalogo | Letrame Grupo Editorial","url":"https:\/\/letrame.com\/catalogo\/","logo":{"@type":"ImageObject","inLanguage":"es","@id":"https:\/\/letrame.com\/catalogo\/#\/schema\/logo\/image\/","url":"https:\/\/letrame.com\/catalogo\/wp-content\/uploads\/2024\/03\/logo2.webp","contentUrl":"https:\/\/letrame.com\/catalogo\/wp-content\/uploads\/2024\/03\/logo2.webp","width":394,"height":128,"caption":"Catalogo | Letrame Grupo Editorial"},"image":{"@id":"https:\/\/letrame.com\/catalogo\/#\/schema\/logo\/image\/"}}]}},"_links":{"self":[{"href":"https:\/\/letrame.com\/catalogo\/wp-json\/wp\/v2\/product\/107533","targetHints":{"allow":["GET"]}}],"collection":[{"href":"https:\/\/letrame.com\/catalogo\/wp-json\/wp\/v2\/product"}],"about":[{"href":"https:\/\/letrame.com\/catalogo\/wp-json\/wp\/v2\/types\/product"}],"replies":[{"embeddable":true,"href":"https:\/\/letrame.com\/catalogo\/wp-json\/wp\/v2\/comments?post=107533"}],"acf:post":[{"embeddable":true,"href":"https:\/\/letrame.com\/catalogo\/wp-json\/wp\/v2\/author_book\/107532"}],"wp:featuredmedia":[{"embeddable":true,"href":"https:\/\/letrame.com\/catalogo\/wp-json\/wp\/v2\/media\/108452"}],"wp:attachment":[{"href":"https:\/\/letrame.com\/catalogo\/wp-json\/wp\/v2\/media?parent=107533"}],"wp:term":[{"taxonomy":"libro","embeddable":true,"href":"https:\/\/letrame.com\/catalogo\/wp-json\/wp\/v2\/libro?post=107533"},{"taxonomy":"product_brand","embeddable":true,"href":"https:\/\/letrame.com\/catalogo\/wp-json\/wp\/v2\/product_brand?post=107533"},{"taxonomy":"product_cat","embeddable":true,"href":"https:\/\/letrame.com\/catalogo\/wp-json\/wp\/v2\/product_cat?post=107533"},{"taxonomy":"product_tag","embeddable":true,"href":"https:\/\/letrame.com\/catalogo\/wp-json\/wp\/v2\/product_tag?post=107533"}],"curies":[{"name":"wp","href":"https:\/\/api.w.org\/{rel}","templated":true}]}}