{"id":107499,"date":"2024-12-13T13:51:28","date_gmt":"2024-12-13T12:51:28","guid":{"rendered":"https:\/\/letrame.com\/catalogo\/?post_type=product&#038;p=107499"},"modified":"2025-04-10T10:08:47","modified_gmt":"2025-04-10T08:08:47","slug":"como-hacer-de-tu-vida-un-desastre","status":"publish","type":"product","link":"https:\/\/letrame.com\/catalogo\/producto\/como-hacer-de-tu-vida-un-desastre\/","title":{"rendered":"\u00bfCo\u0301mo hacer de tu vida un desastre?"},"content":{"rendered":"<p><strong>ISBN: <\/strong>978-84-1089-116-6<\/p>\n<p><strong>T\u00edtulo:<\/strong> \u00bfCo\u0301mo hacer de tu vida un desastre?<\/p>\n<p><strong>A\u00f1o:<\/strong> 2024<br \/>\n<strong>P\u00e1ginas:\u00a0<\/strong>322<\/p>\n<p><strong>SINOPSIS<\/strong><\/p>\n<p><strong>Una novela rom\u00e1ntica que te har\u00e1 entender que el pasado, casi siempre, est\u00e1 demasiado presente y que algunas decisiones de las que tomamos pueden hacer de nuestra vida un completo desastre. <\/strong><\/p>\n<p><strong>\u00a0<\/strong>Con casi treinta a\u00f1os, Xana decide cambiar su vida por completo y marcharse a Italia para trabajar en Trovello Bianchi, un rancho mundialmente reconocido. Con tierra de por medio, y m\u00e1s de mil kil\u00f3metros de distancia, espera olvidar \u00edntegramente a su exnovio, Lois, que la sumergi\u00f3 en una relaci\u00f3n t\u00f3xica de la que le ha costado a\u00f1os recuperarse.<\/p>\n<p>Lo que busca con esta nueva experiencia es calma, estabilidad y, sobre todo, paz. Sin embargo, encontrar\u00e1 m\u00e1s bien todo lo contrario. All\u00ed conocer\u00e1 a dos hombres maravillosos que la pondr\u00e1n entre la espada y la pared y que la llevar\u00e1n a tomar una de las decisiones m\u00e1s dif\u00edciles de su vida.<\/p>\n","protected":false},"excerpt":{"rendered":"<p><strong>ISBN: <\/strong>978-84-1089-116-6<\/p>\n<p><strong>SINOPSIS<\/strong><\/p>\n<p><strong>Una novela rom\u00e1ntica que te har\u00e1 entender que el pasado, casi siempre, est\u00e1 demasiado presente y que algunas decisiones de las que tomamos pueden hacer de nuestra vida un completo desastre. <\/strong><\/p>\n<p><strong>\u00a0<\/strong>Con casi treinta a\u00f1os, Xana decide cambiar su vida por completo y marcharse a Italia para trabajar en Trovello Bianchi, un rancho mundialmente reconocido. Con tierra de por medio, y m\u00e1s de mil kil\u00f3metros de distancia, espera olvidar \u00edntegramente a su exnovio, Lois, que la sumergi\u00f3 en una relaci\u00f3n t\u00f3xica de la que le ha costado a\u00f1os recuperarse.<\/p>\n<p>Lo que busca con esta nueva experiencia es calma, estabilidad y, sobre todo, paz. Sin embargo, encontrar\u00e1 m\u00e1s bien todo lo contrario. All\u00ed conocer\u00e1 a dos hombres maravillosos que la pondr\u00e1n entre la espada y la pared y que la llevar\u00e1n a tomar una de las decisiones m\u00e1s dif\u00edciles de su vida.<\/p>\n","protected":false},"featured_media":108453,"comment_status":"open","ping_status":"closed","template":"","meta":{"_acf_changed":false},"libro":[],"product_brand":[],"product_cat":[16],"product_tag":[],"class_list":{"0":"post-107499","1":"product","2":"type-product","3":"status-publish","4":"has-post-thumbnail","6":"product_cat-novela","8":"first","9":"instock","10":"shipping-taxable","11":"product-type-simple"},"acf":{"autor":[107498],"enlace_de_compra":"https:\/\/amzn.to\/4gxPz1d"},"yoast_head":"<!-- This site is optimized with the Yoast SEO plugin v26.6 - https:\/\/yoast.com\/wordpress\/plugins\/seo\/ -->\n<title>\u00bfCo\u0301mo hacer de tu vida un desastre? - Catalogo | Letrame Grupo Editorial<\/title>\n<meta name=\"robots\" content=\"index, follow, max-snippet:-1, max-image-preview:large, max-video-preview:-1\" \/>\n<link rel=\"canonical\" href=\"https:\/\/letrame.com\/catalogo\/producto\/como-hacer-de-tu-vida-un-desastre\/\" \/>\n<meta property=\"og:locale\" content=\"es_ES\" \/>\n<meta property=\"og:type\" content=\"article\" \/>\n<meta property=\"og:title\" content=\"\u00bfCo\u0301mo hacer de tu vida un desastre? - Catalogo | Letrame Grupo Editorial\" \/>\n<meta property=\"og:description\" content=\"ISBN: 978-84-1089-116-6  SINOPSIS  Una novela rom\u00e1ntica que te har\u00e1 entender que el pasado, casi siempre, est\u00e1 demasiado presente y que algunas decisiones de las que tomamos pueden hacer de nuestra vida un completo desastre.   \u00a0Con casi treinta a\u00f1os, Xana decide cambiar su vida por completo y marcharse a Italia para trabajar en Trovello Bianchi, un rancho mundialmente reconocido. Con tierra de por medio, y m\u00e1s de mil kil\u00f3metros de distancia, espera olvidar \u00edntegramente a su exnovio, Lois, que la sumergi\u00f3 en una relaci\u00f3n t\u00f3xica de la que le ha costado a\u00f1os recuperarse.  Lo que busca con esta nueva experiencia es calma, estabilidad y, sobre todo, paz. Sin embargo, encontrar\u00e1 m\u00e1s bien todo lo contrario. All\u00ed conocer\u00e1 a dos hombres maravillosos que la pondr\u00e1n entre la espada y la pared y que la llevar\u00e1n a tomar una de las decisiones m\u00e1s dif\u00edciles de su vida.\" \/>\n<meta property=\"og:url\" content=\"https:\/\/letrame.com\/catalogo\/producto\/como-hacer-de-tu-vida-un-desastre\/\" \/>\n<meta property=\"og:site_name\" content=\"Catalogo | Letrame Grupo Editorial\" \/>\n<meta property=\"article:modified_time\" content=\"2025-04-10T08:08:47+00:00\" \/>\n<meta property=\"og:image\" content=\"https:\/\/letrame.com\/catalogo\/wp-content\/uploads\/2024\/12\/Como-hacer-de-tu-vida-un-desastre.jpg\" \/>\n\t<meta property=\"og:image:width\" content=\"413\" \/>\n\t<meta property=\"og:image:height\" content=\"606\" \/>\n\t<meta property=\"og:image:type\" content=\"image\/jpeg\" \/>\n<meta name=\"twitter:card\" content=\"summary_large_image\" \/>\n<meta name=\"twitter:label1\" content=\"Tiempo de lectura\" \/>\n\t<meta name=\"twitter:data1\" content=\"1 minuto\" \/>\n<script type=\"application\/ld+json\" class=\"yoast-schema-graph\">{\"@context\":\"https:\/\/schema.org\",\"@graph\":[{\"@type\":\"WebPage\",\"@id\":\"https:\/\/letrame.com\/catalogo\/producto\/como-hacer-de-tu-vida-un-desastre\/\",\"url\":\"https:\/\/letrame.com\/catalogo\/producto\/como-hacer-de-tu-vida-un-desastre\/\",\"name\":\"\u00bfCo\u0301mo hacer de tu vida un desastre? - Catalogo | Letrame Grupo Editorial\",\"isPartOf\":{\"@id\":\"https:\/\/letrame.com\/catalogo\/#website\"},\"primaryImageOfPage\":{\"@id\":\"https:\/\/letrame.com\/catalogo\/producto\/como-hacer-de-tu-vida-un-desastre\/#primaryimage\"},\"image\":{\"@id\":\"https:\/\/letrame.com\/catalogo\/producto\/como-hacer-de-tu-vida-un-desastre\/#primaryimage\"},\"thumbnailUrl\":\"https:\/\/letrame.com\/catalogo\/wp-content\/uploads\/2024\/12\/Como-hacer-de-tu-vida-un-desastre.jpg\",\"datePublished\":\"2024-12-13T12:51:28+00:00\",\"dateModified\":\"2025-04-10T08:08:47+00:00\",\"breadcrumb\":{\"@id\":\"https:\/\/letrame.com\/catalogo\/producto\/como-hacer-de-tu-vida-un-desastre\/#breadcrumb\"},\"inLanguage\":\"es\",\"potentialAction\":[{\"@type\":\"ReadAction\",\"target\":[\"https:\/\/letrame.com\/catalogo\/producto\/como-hacer-de-tu-vida-un-desastre\/\"]}]},{\"@type\":\"ImageObject\",\"inLanguage\":\"es\",\"@id\":\"https:\/\/letrame.com\/catalogo\/producto\/como-hacer-de-tu-vida-un-desastre\/#primaryimage\",\"url\":\"https:\/\/letrame.com\/catalogo\/wp-content\/uploads\/2024\/12\/Como-hacer-de-tu-vida-un-desastre.jpg\",\"contentUrl\":\"https:\/\/letrame.com\/catalogo\/wp-content\/uploads\/2024\/12\/Como-hacer-de-tu-vida-un-desastre.jpg\",\"width\":413,\"height\":606},{\"@type\":\"BreadcrumbList\",\"@id\":\"https:\/\/letrame.com\/catalogo\/producto\/como-hacer-de-tu-vida-un-desastre\/#breadcrumb\",\"itemListElement\":[{\"@type\":\"ListItem\",\"position\":1,\"name\":\"Portada\",\"item\":\"https:\/\/letrame.com\/catalogo\/\"},{\"@type\":\"ListItem\",\"position\":2,\"name\":\"Cat\u00e1logo\",\"item\":\"https:\/\/letrame.com\/catalogo\/\"},{\"@type\":\"ListItem\",\"position\":3,\"name\":\"\u00bfCo\u0301mo hacer de tu vida un desastre?\"}]},{\"@type\":\"WebSite\",\"@id\":\"https:\/\/letrame.com\/catalogo\/#website\",\"url\":\"https:\/\/letrame.com\/catalogo\/\",\"name\":\"Catalogo | Letrame Grupo Editorial\",\"description\":\"\",\"publisher\":{\"@id\":\"https:\/\/letrame.com\/catalogo\/#organization\"},\"potentialAction\":[{\"@type\":\"SearchAction\",\"target\":{\"@type\":\"EntryPoint\",\"urlTemplate\":\"https:\/\/letrame.com\/catalogo\/?s={search_term_string}\"},\"query-input\":{\"@type\":\"PropertyValueSpecification\",\"valueRequired\":true,\"valueName\":\"search_term_string\"}}],\"inLanguage\":\"es\"},{\"@type\":\"Organization\",\"@id\":\"https:\/\/letrame.com\/catalogo\/#organization\",\"name\":\"Catalogo | Letrame Grupo Editorial\",\"url\":\"https:\/\/letrame.com\/catalogo\/\",\"logo\":{\"@type\":\"ImageObject\",\"inLanguage\":\"es\",\"@id\":\"https:\/\/letrame.com\/catalogo\/#\/schema\/logo\/image\/\",\"url\":\"https:\/\/letrame.com\/catalogo\/wp-content\/uploads\/2024\/03\/logo2.webp\",\"contentUrl\":\"https:\/\/letrame.com\/catalogo\/wp-content\/uploads\/2024\/03\/logo2.webp\",\"width\":394,\"height\":128,\"caption\":\"Catalogo | Letrame Grupo Editorial\"},\"image\":{\"@id\":\"https:\/\/letrame.com\/catalogo\/#\/schema\/logo\/image\/\"}}]}<\/script>\n<!-- \/ Yoast SEO plugin. -->","yoast_head_json":{"title":"\u00bfCo\u0301mo hacer de tu vida un desastre? - Catalogo | Letrame Grupo Editorial","robots":{"index":"index","follow":"follow","max-snippet":"max-snippet:-1","max-image-preview":"max-image-preview:large","max-video-preview":"max-video-preview:-1"},"canonical":"https:\/\/letrame.com\/catalogo\/producto\/como-hacer-de-tu-vida-un-desastre\/","og_locale":"es_ES","og_type":"article","og_title":"\u00bfCo\u0301mo hacer de tu vida un desastre? - Catalogo | Letrame Grupo Editorial","og_description":"ISBN: 978-84-1089-116-6  SINOPSIS  Una novela rom\u00e1ntica que te har\u00e1 entender que el pasado, casi siempre, est\u00e1 demasiado presente y que algunas decisiones de las que tomamos pueden hacer de nuestra vida un completo desastre.   \u00a0Con casi treinta a\u00f1os, Xana decide cambiar su vida por completo y marcharse a Italia para trabajar en Trovello Bianchi, un rancho mundialmente reconocido. Con tierra de por medio, y m\u00e1s de mil kil\u00f3metros de distancia, espera olvidar \u00edntegramente a su exnovio, Lois, que la sumergi\u00f3 en una relaci\u00f3n t\u00f3xica de la que le ha costado a\u00f1os recuperarse.  Lo que busca con esta nueva experiencia es calma, estabilidad y, sobre todo, paz. Sin embargo, encontrar\u00e1 m\u00e1s bien todo lo contrario. All\u00ed conocer\u00e1 a dos hombres maravillosos que la pondr\u00e1n entre la espada y la pared y que la llevar\u00e1n a tomar una de las decisiones m\u00e1s dif\u00edciles de su vida.","og_url":"https:\/\/letrame.com\/catalogo\/producto\/como-hacer-de-tu-vida-un-desastre\/","og_site_name":"Catalogo | Letrame Grupo Editorial","article_modified_time":"2025-04-10T08:08:47+00:00","og_image":[{"width":413,"height":606,"url":"https:\/\/letrame.com\/catalogo\/wp-content\/uploads\/2024\/12\/Como-hacer-de-tu-vida-un-desastre.jpg","type":"image\/jpeg"}],"twitter_card":"summary_large_image","twitter_misc":{"Tiempo de lectura":"1 minuto"},"schema":{"@context":"https:\/\/schema.org","@graph":[{"@type":"WebPage","@id":"https:\/\/letrame.com\/catalogo\/producto\/como-hacer-de-tu-vida-un-desastre\/","url":"https:\/\/letrame.com\/catalogo\/producto\/como-hacer-de-tu-vida-un-desastre\/","name":"\u00bfCo\u0301mo hacer de tu vida un desastre? - Catalogo | Letrame Grupo Editorial","isPartOf":{"@id":"https:\/\/letrame.com\/catalogo\/#website"},"primaryImageOfPage":{"@id":"https:\/\/letrame.com\/catalogo\/producto\/como-hacer-de-tu-vida-un-desastre\/#primaryimage"},"image":{"@id":"https:\/\/letrame.com\/catalogo\/producto\/como-hacer-de-tu-vida-un-desastre\/#primaryimage"},"thumbnailUrl":"https:\/\/letrame.com\/catalogo\/wp-content\/uploads\/2024\/12\/Como-hacer-de-tu-vida-un-desastre.jpg","datePublished":"2024-12-13T12:51:28+00:00","dateModified":"2025-04-10T08:08:47+00:00","breadcrumb":{"@id":"https:\/\/letrame.com\/catalogo\/producto\/como-hacer-de-tu-vida-un-desastre\/#breadcrumb"},"inLanguage":"es","potentialAction":[{"@type":"ReadAction","target":["https:\/\/letrame.com\/catalogo\/producto\/como-hacer-de-tu-vida-un-desastre\/"]}]},{"@type":"ImageObject","inLanguage":"es","@id":"https:\/\/letrame.com\/catalogo\/producto\/como-hacer-de-tu-vida-un-desastre\/#primaryimage","url":"https:\/\/letrame.com\/catalogo\/wp-content\/uploads\/2024\/12\/Como-hacer-de-tu-vida-un-desastre.jpg","contentUrl":"https:\/\/letrame.com\/catalogo\/wp-content\/uploads\/2024\/12\/Como-hacer-de-tu-vida-un-desastre.jpg","width":413,"height":606},{"@type":"BreadcrumbList","@id":"https:\/\/letrame.com\/catalogo\/producto\/como-hacer-de-tu-vida-un-desastre\/#breadcrumb","itemListElement":[{"@type":"ListItem","position":1,"name":"Portada","item":"https:\/\/letrame.com\/catalogo\/"},{"@type":"ListItem","position":2,"name":"Cat\u00e1logo","item":"https:\/\/letrame.com\/catalogo\/"},{"@type":"ListItem","position":3,"name":"\u00bfCo\u0301mo hacer de tu vida un desastre?"}]},{"@type":"WebSite","@id":"https:\/\/letrame.com\/catalogo\/#website","url":"https:\/\/letrame.com\/catalogo\/","name":"Catalogo | Letrame Grupo Editorial","description":"","publisher":{"@id":"https:\/\/letrame.com\/catalogo\/#organization"},"potentialAction":[{"@type":"SearchAction","target":{"@type":"EntryPoint","urlTemplate":"https:\/\/letrame.com\/catalogo\/?s={search_term_string}"},"query-input":{"@type":"PropertyValueSpecification","valueRequired":true,"valueName":"search_term_string"}}],"inLanguage":"es"},{"@type":"Organization","@id":"https:\/\/letrame.com\/catalogo\/#organization","name":"Catalogo | Letrame Grupo Editorial","url":"https:\/\/letrame.com\/catalogo\/","logo":{"@type":"ImageObject","inLanguage":"es","@id":"https:\/\/letrame.com\/catalogo\/#\/schema\/logo\/image\/","url":"https:\/\/letrame.com\/catalogo\/wp-content\/uploads\/2024\/03\/logo2.webp","contentUrl":"https:\/\/letrame.com\/catalogo\/wp-content\/uploads\/2024\/03\/logo2.webp","width":394,"height":128,"caption":"Catalogo | Letrame Grupo Editorial"},"image":{"@id":"https:\/\/letrame.com\/catalogo\/#\/schema\/logo\/image\/"}}]}},"_links":{"self":[{"href":"https:\/\/letrame.com\/catalogo\/wp-json\/wp\/v2\/product\/107499","targetHints":{"allow":["GET"]}}],"collection":[{"href":"https:\/\/letrame.com\/catalogo\/wp-json\/wp\/v2\/product"}],"about":[{"href":"https:\/\/letrame.com\/catalogo\/wp-json\/wp\/v2\/types\/product"}],"replies":[{"embeddable":true,"href":"https:\/\/letrame.com\/catalogo\/wp-json\/wp\/v2\/comments?post=107499"}],"acf:post":[{"embeddable":true,"href":"https:\/\/letrame.com\/catalogo\/wp-json\/wp\/v2\/author_book\/107498"}],"wp:featuredmedia":[{"embeddable":true,"href":"https:\/\/letrame.com\/catalogo\/wp-json\/wp\/v2\/media\/108453"}],"wp:attachment":[{"href":"https:\/\/letrame.com\/catalogo\/wp-json\/wp\/v2\/media?parent=107499"}],"wp:term":[{"taxonomy":"libro","embeddable":true,"href":"https:\/\/letrame.com\/catalogo\/wp-json\/wp\/v2\/libro?post=107499"},{"taxonomy":"product_brand","embeddable":true,"href":"https:\/\/letrame.com\/catalogo\/wp-json\/wp\/v2\/product_brand?post=107499"},{"taxonomy":"product_cat","embeddable":true,"href":"https:\/\/letrame.com\/catalogo\/wp-json\/wp\/v2\/product_cat?post=107499"},{"taxonomy":"product_tag","embeddable":true,"href":"https:\/\/letrame.com\/catalogo\/wp-json\/wp\/v2\/product_tag?post=107499"}],"curies":[{"name":"wp","href":"https:\/\/api.w.org\/{rel}","templated":true}]}}