{"id":107488,"date":"2024-12-11T13:08:59","date_gmt":"2024-12-11T12:08:59","guid":{"rendered":"https:\/\/letrame.com\/catalogo\/?post_type=product&#038;p=107488"},"modified":"2024-12-11T13:08:59","modified_gmt":"2024-12-11T12:08:59","slug":"tuever-ii-nadie-es-como-tu","status":"publish","type":"product","link":"https:\/\/letrame.com\/catalogo\/producto\/tuever-ii-nadie-es-como-tu\/","title":{"rendered":"Tuever II. Nadie es como t\u00fa"},"content":{"rendered":"<p class=\"p1\"><b>ISBN: <\/b>978-84-1089-070-1<\/p>\n<p class=\"p1\"><b>T\u00edtulo: <\/b>Tuever II. Nadie es como t\u00fa<b><br \/>\nFecha: <\/b>2024<\/p>\n<p class=\"p1\"><b>P\u00e1ginas: <\/b>552<\/p>\n<p class=\"p1\"><b>SINOPSIS<\/b><\/p>\n<p>Aquellos que creen en la magia est\u00e1n destinados a encontrarla.<\/p>\n<p>Diez a\u00f1os despu\u00e9s de su primera relaci\u00f3n amorosa, Madison se ha graduado como dise\u00f1adora de moda y obtiene una beca para un m\u00e1ster de moda en L&#8217;institut Marangoni Par\u00eds-Francia, donde deber\u00e1 embarcar un viaje a su gran sue\u00f1o de vida, apartada de todos los recuerdos que no la dejan avanzar, dejando a su familia, amigos y su pa\u00eds, Venezuela.<\/p>\n<p>Recordando que Par\u00eds responde a todo lo que el coraz\u00f3n desea.<\/p>\n<p>\u00abC\u00f3mo algo que empieza con una mentira, puede acabar con una sinfon\u00eda de sentimientos genuinos\u00bb. Madison<\/p>\n","protected":false},"excerpt":{"rendered":"<p class=\"p1\"><b>ISBN: <\/b>978-84-1089-070-1<\/p>\n<p class=\"p1\"><b>SINOPSIS<\/b><\/p>\n<p>Aquellos que creen en la magia est\u00e1n destinados a encontrarla.<\/p>\n<p>Diez a\u00f1os despu\u00e9s de su primera relaci\u00f3n amorosa, Madison se ha graduado como dise\u00f1adora de moda y obtiene una beca para un m\u00e1ster de moda en L&#8217;institut Marangoni Par\u00eds-Francia, donde deber\u00e1 embarcar un viaje a su gran sue\u00f1o de vida, apartada de todos los recuerdos que no la dejan avanzar, dejando a su familia, amigos y su pa\u00eds, Venezuela.<\/p>\n<p>Recordando que Par\u00eds responde a todo lo que el coraz\u00f3n desea.<\/p>\n<p>\u00abC\u00f3mo algo que empieza con una mentira, puede acabar con una sinfon\u00eda de sentimientos genuinos\u00bb. Madison<\/p>\n","protected":false},"featured_media":107490,"comment_status":"open","ping_status":"closed","template":"","meta":{"_acf_changed":false},"libro":[],"product_brand":[],"product_cat":[50],"product_tag":[],"class_list":{"0":"post-107488","1":"product","2":"type-product","3":"status-publish","4":"has-post-thumbnail","6":"product_cat-novela-romantica","8":"first","9":"instock","10":"shipping-taxable","11":"product-type-simple"},"acf":{"autor":[77769],"enlace_de_compra":"https:\/\/www.agapea.com\/Raul-Alfonzo\/Tuever-II-9788410890701-i.htmr"},"yoast_head":"<!-- This site is optimized with the Yoast SEO plugin v27.4 - https:\/\/yoast.com\/product\/yoast-seo-wordpress\/ -->\n<title>Tuever II. Nadie es como t\u00fa - Catalogo | Letrame Grupo Editorial<\/title>\n<meta name=\"robots\" content=\"index, follow, max-snippet:-1, max-image-preview:large, max-video-preview:-1\" \/>\n<link rel=\"canonical\" href=\"https:\/\/letrame.com\/catalogo\/producto\/tuever-ii-nadie-es-como-tu\/\" \/>\n<meta property=\"og:locale\" content=\"es_ES\" \/>\n<meta property=\"og:type\" content=\"article\" \/>\n<meta property=\"og:title\" content=\"Tuever II. Nadie es como t\u00fa - Catalogo | Letrame Grupo Editorial\" \/>\n<meta property=\"og:description\" content=\"ISBN: 978-84-1089-070-1 SINOPSIS Aquellos que creen en la magia est\u00e1n destinados a encontrarla.  Diez a\u00f1os despu\u00e9s de su primera relaci\u00f3n amorosa, Madison se ha graduado como dise\u00f1adora de moda y obtiene una beca para un m\u00e1ster de moda en L&#039;institut Marangoni Par\u00eds-Francia, donde deber\u00e1 embarcar un viaje a su gran sue\u00f1o de vida, apartada de todos los recuerdos que no la dejan avanzar, dejando a su familia, amigos y su pa\u00eds, Venezuela.  Recordando que Par\u00eds responde a todo lo que el coraz\u00f3n desea.  \u00abC\u00f3mo algo que empieza con una mentira, puede acabar con una sinfon\u00eda de sentimientos genuinos\u00bb. Madison\" \/>\n<meta property=\"og:url\" content=\"https:\/\/letrame.com\/catalogo\/producto\/tuever-ii-nadie-es-como-tu\/\" \/>\n<meta property=\"og:site_name\" content=\"Catalogo | Letrame Grupo Editorial\" \/>\n<meta property=\"og:image\" content=\"https:\/\/letrame.com\/catalogo\/wp-content\/uploads\/2024\/12\/tueverII.gif\" \/>\n\t<meta property=\"og:image:width\" content=\"500\" \/>\n\t<meta property=\"og:image:height\" content=\"700\" \/>\n\t<meta property=\"og:image:type\" content=\"image\/gif\" \/>\n<meta name=\"twitter:card\" content=\"summary_large_image\" \/>\n<meta name=\"twitter:label1\" content=\"Tiempo de lectura\" \/>\n\t<meta name=\"twitter:data1\" content=\"1 minuto\" \/>\n<script type=\"application\/ld+json\" class=\"yoast-schema-graph\">{\"@context\":\"https:\\\/\\\/schema.org\",\"@graph\":[{\"@type\":\"WebPage\",\"@id\":\"https:\\\/\\\/letrame.com\\\/catalogo\\\/producto\\\/tuever-ii-nadie-es-como-tu\\\/\",\"url\":\"https:\\\/\\\/letrame.com\\\/catalogo\\\/producto\\\/tuever-ii-nadie-es-como-tu\\\/\",\"name\":\"Tuever II. Nadie es como t\u00fa - Catalogo | Letrame Grupo Editorial\",\"isPartOf\":{\"@id\":\"https:\\\/\\\/letrame.com\\\/catalogo\\\/#website\"},\"primaryImageOfPage\":{\"@id\":\"https:\\\/\\\/letrame.com\\\/catalogo\\\/producto\\\/tuever-ii-nadie-es-como-tu\\\/#primaryimage\"},\"image\":{\"@id\":\"https:\\\/\\\/letrame.com\\\/catalogo\\\/producto\\\/tuever-ii-nadie-es-como-tu\\\/#primaryimage\"},\"thumbnailUrl\":\"https:\\\/\\\/letrame.com\\\/catalogo\\\/wp-content\\\/uploads\\\/2024\\\/12\\\/tueverII.gif\",\"datePublished\":\"2024-12-11T12:08:59+00:00\",\"breadcrumb\":{\"@id\":\"https:\\\/\\\/letrame.com\\\/catalogo\\\/producto\\\/tuever-ii-nadie-es-como-tu\\\/#breadcrumb\"},\"inLanguage\":\"es\",\"potentialAction\":[{\"@type\":\"ReadAction\",\"target\":[\"https:\\\/\\\/letrame.com\\\/catalogo\\\/producto\\\/tuever-ii-nadie-es-como-tu\\\/\"]}]},{\"@type\":\"ImageObject\",\"inLanguage\":\"es\",\"@id\":\"https:\\\/\\\/letrame.com\\\/catalogo\\\/producto\\\/tuever-ii-nadie-es-como-tu\\\/#primaryimage\",\"url\":\"https:\\\/\\\/letrame.com\\\/catalogo\\\/wp-content\\\/uploads\\\/2024\\\/12\\\/tueverII.gif\",\"contentUrl\":\"https:\\\/\\\/letrame.com\\\/catalogo\\\/wp-content\\\/uploads\\\/2024\\\/12\\\/tueverII.gif\",\"width\":500,\"height\":700},{\"@type\":\"BreadcrumbList\",\"@id\":\"https:\\\/\\\/letrame.com\\\/catalogo\\\/producto\\\/tuever-ii-nadie-es-como-tu\\\/#breadcrumb\",\"itemListElement\":[{\"@type\":\"ListItem\",\"position\":1,\"name\":\"Portada\",\"item\":\"https:\\\/\\\/letrame.com\\\/catalogo\\\/\"},{\"@type\":\"ListItem\",\"position\":2,\"name\":\"Cat\u00e1logo\",\"item\":\"https:\\\/\\\/letrame.com\\\/catalogo\\\/\"},{\"@type\":\"ListItem\",\"position\":3,\"name\":\"Tuever II. Nadie es como t\u00fa\"}]},{\"@type\":\"WebSite\",\"@id\":\"https:\\\/\\\/letrame.com\\\/catalogo\\\/#website\",\"url\":\"https:\\\/\\\/letrame.com\\\/catalogo\\\/\",\"name\":\"Catalogo | Letrame Grupo Editorial\",\"description\":\"\",\"publisher\":{\"@id\":\"https:\\\/\\\/letrame.com\\\/catalogo\\\/#organization\"},\"potentialAction\":[{\"@type\":\"SearchAction\",\"target\":{\"@type\":\"EntryPoint\",\"urlTemplate\":\"https:\\\/\\\/letrame.com\\\/catalogo\\\/?s={search_term_string}\"},\"query-input\":{\"@type\":\"PropertyValueSpecification\",\"valueRequired\":true,\"valueName\":\"search_term_string\"}}],\"inLanguage\":\"es\"},{\"@type\":\"Organization\",\"@id\":\"https:\\\/\\\/letrame.com\\\/catalogo\\\/#organization\",\"name\":\"Catalogo | Letrame Grupo Editorial\",\"url\":\"https:\\\/\\\/letrame.com\\\/catalogo\\\/\",\"logo\":{\"@type\":\"ImageObject\",\"inLanguage\":\"es\",\"@id\":\"https:\\\/\\\/letrame.com\\\/catalogo\\\/#\\\/schema\\\/logo\\\/image\\\/\",\"url\":\"https:\\\/\\\/letrame.com\\\/catalogo\\\/wp-content\\\/uploads\\\/2024\\\/03\\\/logo2.webp\",\"contentUrl\":\"https:\\\/\\\/letrame.com\\\/catalogo\\\/wp-content\\\/uploads\\\/2024\\\/03\\\/logo2.webp\",\"width\":394,\"height\":128,\"caption\":\"Catalogo | Letrame Grupo Editorial\"},\"image\":{\"@id\":\"https:\\\/\\\/letrame.com\\\/catalogo\\\/#\\\/schema\\\/logo\\\/image\\\/\"}}]}<\/script>\n<!-- \/ Yoast SEO plugin. -->","yoast_head_json":{"title":"Tuever II. Nadie es como t\u00fa - Catalogo | Letrame Grupo Editorial","robots":{"index":"index","follow":"follow","max-snippet":"max-snippet:-1","max-image-preview":"max-image-preview:large","max-video-preview":"max-video-preview:-1"},"canonical":"https:\/\/letrame.com\/catalogo\/producto\/tuever-ii-nadie-es-como-tu\/","og_locale":"es_ES","og_type":"article","og_title":"Tuever II. Nadie es como t\u00fa - Catalogo | Letrame Grupo Editorial","og_description":"ISBN: 978-84-1089-070-1 SINOPSIS Aquellos que creen en la magia est\u00e1n destinados a encontrarla.  Diez a\u00f1os despu\u00e9s de su primera relaci\u00f3n amorosa, Madison se ha graduado como dise\u00f1adora de moda y obtiene una beca para un m\u00e1ster de moda en L'institut Marangoni Par\u00eds-Francia, donde deber\u00e1 embarcar un viaje a su gran sue\u00f1o de vida, apartada de todos los recuerdos que no la dejan avanzar, dejando a su familia, amigos y su pa\u00eds, Venezuela.  Recordando que Par\u00eds responde a todo lo que el coraz\u00f3n desea.  \u00abC\u00f3mo algo que empieza con una mentira, puede acabar con una sinfon\u00eda de sentimientos genuinos\u00bb. Madison","og_url":"https:\/\/letrame.com\/catalogo\/producto\/tuever-ii-nadie-es-como-tu\/","og_site_name":"Catalogo | Letrame Grupo Editorial","og_image":[{"width":500,"height":700,"url":"https:\/\/letrame.com\/catalogo\/wp-content\/uploads\/2024\/12\/tueverII.gif","type":"image\/gif"}],"twitter_card":"summary_large_image","twitter_misc":{"Tiempo de lectura":"1 minuto"},"schema":{"@context":"https:\/\/schema.org","@graph":[{"@type":"WebPage","@id":"https:\/\/letrame.com\/catalogo\/producto\/tuever-ii-nadie-es-como-tu\/","url":"https:\/\/letrame.com\/catalogo\/producto\/tuever-ii-nadie-es-como-tu\/","name":"Tuever II. Nadie es como t\u00fa - Catalogo | Letrame Grupo Editorial","isPartOf":{"@id":"https:\/\/letrame.com\/catalogo\/#website"},"primaryImageOfPage":{"@id":"https:\/\/letrame.com\/catalogo\/producto\/tuever-ii-nadie-es-como-tu\/#primaryimage"},"image":{"@id":"https:\/\/letrame.com\/catalogo\/producto\/tuever-ii-nadie-es-como-tu\/#primaryimage"},"thumbnailUrl":"https:\/\/letrame.com\/catalogo\/wp-content\/uploads\/2024\/12\/tueverII.gif","datePublished":"2024-12-11T12:08:59+00:00","breadcrumb":{"@id":"https:\/\/letrame.com\/catalogo\/producto\/tuever-ii-nadie-es-como-tu\/#breadcrumb"},"inLanguage":"es","potentialAction":[{"@type":"ReadAction","target":["https:\/\/letrame.com\/catalogo\/producto\/tuever-ii-nadie-es-como-tu\/"]}]},{"@type":"ImageObject","inLanguage":"es","@id":"https:\/\/letrame.com\/catalogo\/producto\/tuever-ii-nadie-es-como-tu\/#primaryimage","url":"https:\/\/letrame.com\/catalogo\/wp-content\/uploads\/2024\/12\/tueverII.gif","contentUrl":"https:\/\/letrame.com\/catalogo\/wp-content\/uploads\/2024\/12\/tueverII.gif","width":500,"height":700},{"@type":"BreadcrumbList","@id":"https:\/\/letrame.com\/catalogo\/producto\/tuever-ii-nadie-es-como-tu\/#breadcrumb","itemListElement":[{"@type":"ListItem","position":1,"name":"Portada","item":"https:\/\/letrame.com\/catalogo\/"},{"@type":"ListItem","position":2,"name":"Cat\u00e1logo","item":"https:\/\/letrame.com\/catalogo\/"},{"@type":"ListItem","position":3,"name":"Tuever II. Nadie es como t\u00fa"}]},{"@type":"WebSite","@id":"https:\/\/letrame.com\/catalogo\/#website","url":"https:\/\/letrame.com\/catalogo\/","name":"Catalogo | Letrame Grupo Editorial","description":"","publisher":{"@id":"https:\/\/letrame.com\/catalogo\/#organization"},"potentialAction":[{"@type":"SearchAction","target":{"@type":"EntryPoint","urlTemplate":"https:\/\/letrame.com\/catalogo\/?s={search_term_string}"},"query-input":{"@type":"PropertyValueSpecification","valueRequired":true,"valueName":"search_term_string"}}],"inLanguage":"es"},{"@type":"Organization","@id":"https:\/\/letrame.com\/catalogo\/#organization","name":"Catalogo | Letrame Grupo Editorial","url":"https:\/\/letrame.com\/catalogo\/","logo":{"@type":"ImageObject","inLanguage":"es","@id":"https:\/\/letrame.com\/catalogo\/#\/schema\/logo\/image\/","url":"https:\/\/letrame.com\/catalogo\/wp-content\/uploads\/2024\/03\/logo2.webp","contentUrl":"https:\/\/letrame.com\/catalogo\/wp-content\/uploads\/2024\/03\/logo2.webp","width":394,"height":128,"caption":"Catalogo | Letrame Grupo Editorial"},"image":{"@id":"https:\/\/letrame.com\/catalogo\/#\/schema\/logo\/image\/"}}]}},"_links":{"self":[{"href":"https:\/\/letrame.com\/catalogo\/wp-json\/wp\/v2\/product\/107488","targetHints":{"allow":["GET"]}}],"collection":[{"href":"https:\/\/letrame.com\/catalogo\/wp-json\/wp\/v2\/product"}],"about":[{"href":"https:\/\/letrame.com\/catalogo\/wp-json\/wp\/v2\/types\/product"}],"replies":[{"embeddable":true,"href":"https:\/\/letrame.com\/catalogo\/wp-json\/wp\/v2\/comments?post=107488"}],"acf:post":[{"embeddable":true,"href":"https:\/\/letrame.com\/catalogo\/wp-json\/wp\/v2\/author_book\/77769"}],"wp:featuredmedia":[{"embeddable":true,"href":"https:\/\/letrame.com\/catalogo\/wp-json\/wp\/v2\/media\/107490"}],"wp:attachment":[{"href":"https:\/\/letrame.com\/catalogo\/wp-json\/wp\/v2\/media?parent=107488"}],"wp:term":[{"taxonomy":"libro","embeddable":true,"href":"https:\/\/letrame.com\/catalogo\/wp-json\/wp\/v2\/libro?post=107488"},{"taxonomy":"product_brand","embeddable":true,"href":"https:\/\/letrame.com\/catalogo\/wp-json\/wp\/v2\/product_brand?post=107488"},{"taxonomy":"product_cat","embeddable":true,"href":"https:\/\/letrame.com\/catalogo\/wp-json\/wp\/v2\/product_cat?post=107488"},{"taxonomy":"product_tag","embeddable":true,"href":"https:\/\/letrame.com\/catalogo\/wp-json\/wp\/v2\/product_tag?post=107488"}],"curies":[{"name":"wp","href":"https:\/\/api.w.org\/{rel}","templated":true}]}}