{"id":107471,"date":"2024-12-11T11:49:25","date_gmt":"2024-12-11T10:49:25","guid":{"rendered":"https:\/\/letrame.com\/catalogo\/?post_type=product&#038;p=107471"},"modified":"2024-12-11T11:49:25","modified_gmt":"2024-12-11T10:49:25","slug":"de-trompetas-y-clarines-cronicas-castellanas","status":"publish","type":"product","link":"https:\/\/letrame.com\/catalogo\/producto\/de-trompetas-y-clarines-cronicas-castellanas\/","title":{"rendered":"De trompetas y clarines (cr\u00f3nicas castellanas)"},"content":{"rendered":"<p class=\"p1\"><b>ISBN: <\/b>978-84-1089-068-8<\/p>\n<p class=\"p1\"><b>T\u00edtulo: <\/b>De trompetas y clarines (cr\u00f3nicas castellanas)<\/p>\n<p class=\"p1\"><b><br \/>\nFecha: <\/b>2024<b><br \/>\nP\u00e1ginas:\u00a0<\/b>250<\/p>\n<p class=\"p1\"><b>SINOPSIS<\/p>\n<p><\/b><\/p>\n<p>Estas cr\u00f3nicas castellanas recogen buena parte de las andanzas de Francis Chapelet por este pa\u00eds entre los a\u00f1os 60 y finales del siglo XX, describiendo vicisitudes, an\u00e9cdotas y aventuras vividas por una de las personas que en mayor medida contribuy\u00f3 a la recuperaci\u00f3n del \u00f3rgano ib\u00e9rico en una \u00e9poca en la que la mayor\u00eda de los instrumentos hab\u00edan dejado de sonar.<\/p>\n<p>El presente libro es una cr\u00f3nica v\u00edvida y l\u00facida del desarrollo de Espa\u00f1a, visto desde la \u00f3ptica particular del mundo del \u00f3rgano, de los organistas, de los organeros y del clero, en la que el autor recorre los lugares m\u00e1s emblem\u00e1ticos de nuestra patrimonio e historia, as\u00ed como numerosas poblaciones de la llamada Espa\u00f1a vaciada, en busca de instrumentos a los que devolver a la vida, en las que descubre joyas como las de la Tierra de Campos palentina, la provincia burgalesa o la comarca albacete\u00f1a de Li\u00e9tor.<\/p>\n<p>Estos recuerdos, escritos entre 1975 y 1981, permiten descubrir el talento de un cronista de escritura vivaz y colorista, su car\u00e1cter de m\u00fasico apasionado, su humor sarc\u00e1stico y su profundo amor por Espa\u00f1a, a la que considera su segunda patria. La descripci\u00f3n de nuestros paisajes muestra una prosa vigorosa y pintoresca, que sorprende por su riqueza y nos acerca una faceta desconocida de su autor. Tambi\u00e9n nos ofrece una mirada l\u00facida y distante sobre algunos rasgos de nuestra idiosincrasia que ponen ante nuestros ojos la verdadera realidad del car\u00e1cter espa\u00f1ol, con sus virtudes y con sus defectos.<\/p>\n","protected":false},"excerpt":{"rendered":"<p class=\"p1\"><b>ISBN: <\/b>978-84-1089-068-8<\/p>\n<p class=\"p1\"><b>SINOPSIS<\/p>\n<p><\/b><\/p>\n<p>Estas cr\u00f3nicas castellanas recogen buena parte de las andanzas de Francis Chapelet por este pa\u00eds entre los a\u00f1os 60 y finales del siglo XX, describiendo vicisitudes, an\u00e9cdotas y aventuras vividas por una de las personas que en mayor medida contribuy\u00f3 a la recuperaci\u00f3n del \u00f3rgano ib\u00e9rico en una \u00e9poca en la que la mayor\u00eda de los instrumentos hab\u00edan dejado de sonar.<\/p>\n<p>El presente libro es una cr\u00f3nica v\u00edvida y l\u00facida del desarrollo de Espa\u00f1a, visto desde la \u00f3ptica particular del mundo del \u00f3rgano, de los organistas, de los organeros y del clero, en la que el autor recorre los lugares m\u00e1s emblem\u00e1ticos de nuestra patrimonio e historia, as\u00ed como numerosas poblaciones de la llamada Espa\u00f1a vaciada, en busca de instrumentos a los que devolver a la vida, en las que descubre joyas como las de la Tierra de Campos palentina, la provincia burgalesa o la comarca albacete\u00f1a de Li\u00e9tor.<\/p>\n<p>Estos recuerdos, escritos entre 1975 y 1981, permiten descubrir el talento de un cronista de escritura vivaz y colorista, su car\u00e1cter de m\u00fasico apasionado, su humor sarc\u00e1stico y su profundo amor por Espa\u00f1a, a la que considera su segunda patria. La descripci\u00f3n de nuestros paisajes muestra una prosa vigorosa y pintoresca, que sorprende por su riqueza y nos acerca una faceta desconocida de su autor. Tambi\u00e9n nos ofrece una mirada l\u00facida y distante sobre algunos rasgos de nuestra idiosincrasia que ponen ante nuestros ojos la verdadera realidad del car\u00e1cter espa\u00f1ol, con sus virtudes y con sus defectos.<\/p>\n","protected":false},"featured_media":107475,"comment_status":"open","ping_status":"closed","template":"","meta":{"_acf_changed":false},"libro":[],"product_brand":[],"product_cat":[59],"product_tag":[],"class_list":{"0":"post-107471","1":"product","2":"type-product","3":"status-publish","4":"has-post-thumbnail","6":"product_cat-memorias","8":"first","9":"instock","10":"shipping-taxable","11":"product-type-simple"},"acf":{"autor":[107472],"enlace_de_compra":"https:\/\/amzn.to\/3ZKA6Fw"},"yoast_head":"<!-- This site is optimized with the Yoast SEO plugin v26.6 - https:\/\/yoast.com\/wordpress\/plugins\/seo\/ -->\n<title>De trompetas y clarines (cr\u00f3nicas castellanas) - Catalogo | Letrame Grupo Editorial<\/title>\n<meta name=\"robots\" content=\"index, follow, max-snippet:-1, max-image-preview:large, max-video-preview:-1\" \/>\n<link rel=\"canonical\" href=\"https:\/\/letrame.com\/catalogo\/producto\/de-trompetas-y-clarines-cronicas-castellanas\/\" \/>\n<meta property=\"og:locale\" content=\"es_ES\" \/>\n<meta property=\"og:type\" content=\"article\" \/>\n<meta property=\"og:title\" content=\"De trompetas y clarines (cr\u00f3nicas castellanas) - Catalogo | Letrame Grupo Editorial\" \/>\n<meta property=\"og:description\" content=\"ISBN: 978-84-1089-068-8 SINOPSIS   Estas cr\u00f3nicas castellanas recogen buena parte de las andanzas de Francis Chapelet por este pa\u00eds entre los a\u00f1os 60 y finales del siglo XX, describiendo vicisitudes, an\u00e9cdotas y aventuras vividas por una de las personas que en mayor medida contribuy\u00f3 a la recuperaci\u00f3n del \u00f3rgano ib\u00e9rico en una \u00e9poca en la que la mayor\u00eda de los instrumentos hab\u00edan dejado de sonar.  El presente libro es una cr\u00f3nica v\u00edvida y l\u00facida del desarrollo de Espa\u00f1a, visto desde la \u00f3ptica particular del mundo del \u00f3rgano, de los organistas, de los organeros y del clero, en la que el autor recorre los lugares m\u00e1s emblem\u00e1ticos de nuestra patrimonio e historia, as\u00ed como numerosas poblaciones de la llamada Espa\u00f1a vaciada, en busca de instrumentos a los que devolver a la vida, en las que descubre joyas como las de la Tierra de Campos palentina, la provincia burgalesa o la comarca albacete\u00f1a de Li\u00e9tor.  Estos recuerdos, escritos entre 1975 y 1981, permiten descubrir el talento de un cronista de escritura vivaz y colorista, su car\u00e1cter de m\u00fasico apasionado, su humor sarc\u00e1stico y su profundo amor por Espa\u00f1a, a la que considera su segunda patria. La descripci\u00f3n de nuestros paisajes muestra una prosa vigorosa y pintoresca, que sorprende por su riqueza y nos acerca una faceta desconocida de su autor. Tambi\u00e9n nos ofrece una mirada l\u00facida y distante sobre algunos rasgos de nuestra idiosincrasia que ponen ante nuestros ojos la verdadera realidad del car\u00e1cter espa\u00f1ol, con sus virtudes y con sus defectos.\" \/>\n<meta property=\"og:url\" content=\"https:\/\/letrame.com\/catalogo\/producto\/de-trompetas-y-clarines-cronicas-castellanas\/\" \/>\n<meta property=\"og:site_name\" content=\"Catalogo | Letrame Grupo Editorial\" \/>\n<meta property=\"og:image\" content=\"https:\/\/letrame.com\/catalogo\/wp-content\/uploads\/2024\/12\/cronicascastellanas.gif\" \/>\n\t<meta property=\"og:image:width\" content=\"350\" \/>\n\t<meta property=\"og:image:height\" content=\"513\" \/>\n\t<meta property=\"og:image:type\" content=\"image\/gif\" \/>\n<meta name=\"twitter:card\" content=\"summary_large_image\" \/>\n<meta name=\"twitter:label1\" content=\"Tiempo de lectura\" \/>\n\t<meta name=\"twitter:data1\" content=\"2 minutos\" \/>\n<script type=\"application\/ld+json\" class=\"yoast-schema-graph\">{\"@context\":\"https:\/\/schema.org\",\"@graph\":[{\"@type\":\"WebPage\",\"@id\":\"https:\/\/letrame.com\/catalogo\/producto\/de-trompetas-y-clarines-cronicas-castellanas\/\",\"url\":\"https:\/\/letrame.com\/catalogo\/producto\/de-trompetas-y-clarines-cronicas-castellanas\/\",\"name\":\"De trompetas y clarines (cr\u00f3nicas castellanas) - Catalogo | Letrame Grupo Editorial\",\"isPartOf\":{\"@id\":\"https:\/\/letrame.com\/catalogo\/#website\"},\"primaryImageOfPage\":{\"@id\":\"https:\/\/letrame.com\/catalogo\/producto\/de-trompetas-y-clarines-cronicas-castellanas\/#primaryimage\"},\"image\":{\"@id\":\"https:\/\/letrame.com\/catalogo\/producto\/de-trompetas-y-clarines-cronicas-castellanas\/#primaryimage\"},\"thumbnailUrl\":\"https:\/\/letrame.com\/catalogo\/wp-content\/uploads\/2024\/12\/cronicascastellanas.gif\",\"datePublished\":\"2024-12-11T10:49:25+00:00\",\"breadcrumb\":{\"@id\":\"https:\/\/letrame.com\/catalogo\/producto\/de-trompetas-y-clarines-cronicas-castellanas\/#breadcrumb\"},\"inLanguage\":\"es\",\"potentialAction\":[{\"@type\":\"ReadAction\",\"target\":[\"https:\/\/letrame.com\/catalogo\/producto\/de-trompetas-y-clarines-cronicas-castellanas\/\"]}]},{\"@type\":\"ImageObject\",\"inLanguage\":\"es\",\"@id\":\"https:\/\/letrame.com\/catalogo\/producto\/de-trompetas-y-clarines-cronicas-castellanas\/#primaryimage\",\"url\":\"https:\/\/letrame.com\/catalogo\/wp-content\/uploads\/2024\/12\/cronicascastellanas.gif\",\"contentUrl\":\"https:\/\/letrame.com\/catalogo\/wp-content\/uploads\/2024\/12\/cronicascastellanas.gif\",\"width\":350,\"height\":513},{\"@type\":\"BreadcrumbList\",\"@id\":\"https:\/\/letrame.com\/catalogo\/producto\/de-trompetas-y-clarines-cronicas-castellanas\/#breadcrumb\",\"itemListElement\":[{\"@type\":\"ListItem\",\"position\":1,\"name\":\"Portada\",\"item\":\"https:\/\/letrame.com\/catalogo\/\"},{\"@type\":\"ListItem\",\"position\":2,\"name\":\"Cat\u00e1logo\",\"item\":\"https:\/\/letrame.com\/catalogo\/\"},{\"@type\":\"ListItem\",\"position\":3,\"name\":\"De trompetas y clarines (cr\u00f3nicas castellanas)\"}]},{\"@type\":\"WebSite\",\"@id\":\"https:\/\/letrame.com\/catalogo\/#website\",\"url\":\"https:\/\/letrame.com\/catalogo\/\",\"name\":\"Catalogo | Letrame Grupo Editorial\",\"description\":\"\",\"publisher\":{\"@id\":\"https:\/\/letrame.com\/catalogo\/#organization\"},\"potentialAction\":[{\"@type\":\"SearchAction\",\"target\":{\"@type\":\"EntryPoint\",\"urlTemplate\":\"https:\/\/letrame.com\/catalogo\/?s={search_term_string}\"},\"query-input\":{\"@type\":\"PropertyValueSpecification\",\"valueRequired\":true,\"valueName\":\"search_term_string\"}}],\"inLanguage\":\"es\"},{\"@type\":\"Organization\",\"@id\":\"https:\/\/letrame.com\/catalogo\/#organization\",\"name\":\"Catalogo | Letrame Grupo Editorial\",\"url\":\"https:\/\/letrame.com\/catalogo\/\",\"logo\":{\"@type\":\"ImageObject\",\"inLanguage\":\"es\",\"@id\":\"https:\/\/letrame.com\/catalogo\/#\/schema\/logo\/image\/\",\"url\":\"https:\/\/letrame.com\/catalogo\/wp-content\/uploads\/2024\/03\/logo2.webp\",\"contentUrl\":\"https:\/\/letrame.com\/catalogo\/wp-content\/uploads\/2024\/03\/logo2.webp\",\"width\":394,\"height\":128,\"caption\":\"Catalogo | Letrame Grupo Editorial\"},\"image\":{\"@id\":\"https:\/\/letrame.com\/catalogo\/#\/schema\/logo\/image\/\"}}]}<\/script>\n<!-- \/ Yoast SEO plugin. -->","yoast_head_json":{"title":"De trompetas y clarines (cr\u00f3nicas castellanas) - Catalogo | Letrame Grupo Editorial","robots":{"index":"index","follow":"follow","max-snippet":"max-snippet:-1","max-image-preview":"max-image-preview:large","max-video-preview":"max-video-preview:-1"},"canonical":"https:\/\/letrame.com\/catalogo\/producto\/de-trompetas-y-clarines-cronicas-castellanas\/","og_locale":"es_ES","og_type":"article","og_title":"De trompetas y clarines (cr\u00f3nicas castellanas) - Catalogo | Letrame Grupo Editorial","og_description":"ISBN: 978-84-1089-068-8 SINOPSIS   Estas cr\u00f3nicas castellanas recogen buena parte de las andanzas de Francis Chapelet por este pa\u00eds entre los a\u00f1os 60 y finales del siglo XX, describiendo vicisitudes, an\u00e9cdotas y aventuras vividas por una de las personas que en mayor medida contribuy\u00f3 a la recuperaci\u00f3n del \u00f3rgano ib\u00e9rico en una \u00e9poca en la que la mayor\u00eda de los instrumentos hab\u00edan dejado de sonar.  El presente libro es una cr\u00f3nica v\u00edvida y l\u00facida del desarrollo de Espa\u00f1a, visto desde la \u00f3ptica particular del mundo del \u00f3rgano, de los organistas, de los organeros y del clero, en la que el autor recorre los lugares m\u00e1s emblem\u00e1ticos de nuestra patrimonio e historia, as\u00ed como numerosas poblaciones de la llamada Espa\u00f1a vaciada, en busca de instrumentos a los que devolver a la vida, en las que descubre joyas como las de la Tierra de Campos palentina, la provincia burgalesa o la comarca albacete\u00f1a de Li\u00e9tor.  Estos recuerdos, escritos entre 1975 y 1981, permiten descubrir el talento de un cronista de escritura vivaz y colorista, su car\u00e1cter de m\u00fasico apasionado, su humor sarc\u00e1stico y su profundo amor por Espa\u00f1a, a la que considera su segunda patria. La descripci\u00f3n de nuestros paisajes muestra una prosa vigorosa y pintoresca, que sorprende por su riqueza y nos acerca una faceta desconocida de su autor. Tambi\u00e9n nos ofrece una mirada l\u00facida y distante sobre algunos rasgos de nuestra idiosincrasia que ponen ante nuestros ojos la verdadera realidad del car\u00e1cter espa\u00f1ol, con sus virtudes y con sus defectos.","og_url":"https:\/\/letrame.com\/catalogo\/producto\/de-trompetas-y-clarines-cronicas-castellanas\/","og_site_name":"Catalogo | Letrame Grupo Editorial","og_image":[{"width":350,"height":513,"url":"https:\/\/letrame.com\/catalogo\/wp-content\/uploads\/2024\/12\/cronicascastellanas.gif","type":"image\/gif"}],"twitter_card":"summary_large_image","twitter_misc":{"Tiempo de lectura":"2 minutos"},"schema":{"@context":"https:\/\/schema.org","@graph":[{"@type":"WebPage","@id":"https:\/\/letrame.com\/catalogo\/producto\/de-trompetas-y-clarines-cronicas-castellanas\/","url":"https:\/\/letrame.com\/catalogo\/producto\/de-trompetas-y-clarines-cronicas-castellanas\/","name":"De trompetas y clarines (cr\u00f3nicas castellanas) - Catalogo | Letrame Grupo Editorial","isPartOf":{"@id":"https:\/\/letrame.com\/catalogo\/#website"},"primaryImageOfPage":{"@id":"https:\/\/letrame.com\/catalogo\/producto\/de-trompetas-y-clarines-cronicas-castellanas\/#primaryimage"},"image":{"@id":"https:\/\/letrame.com\/catalogo\/producto\/de-trompetas-y-clarines-cronicas-castellanas\/#primaryimage"},"thumbnailUrl":"https:\/\/letrame.com\/catalogo\/wp-content\/uploads\/2024\/12\/cronicascastellanas.gif","datePublished":"2024-12-11T10:49:25+00:00","breadcrumb":{"@id":"https:\/\/letrame.com\/catalogo\/producto\/de-trompetas-y-clarines-cronicas-castellanas\/#breadcrumb"},"inLanguage":"es","potentialAction":[{"@type":"ReadAction","target":["https:\/\/letrame.com\/catalogo\/producto\/de-trompetas-y-clarines-cronicas-castellanas\/"]}]},{"@type":"ImageObject","inLanguage":"es","@id":"https:\/\/letrame.com\/catalogo\/producto\/de-trompetas-y-clarines-cronicas-castellanas\/#primaryimage","url":"https:\/\/letrame.com\/catalogo\/wp-content\/uploads\/2024\/12\/cronicascastellanas.gif","contentUrl":"https:\/\/letrame.com\/catalogo\/wp-content\/uploads\/2024\/12\/cronicascastellanas.gif","width":350,"height":513},{"@type":"BreadcrumbList","@id":"https:\/\/letrame.com\/catalogo\/producto\/de-trompetas-y-clarines-cronicas-castellanas\/#breadcrumb","itemListElement":[{"@type":"ListItem","position":1,"name":"Portada","item":"https:\/\/letrame.com\/catalogo\/"},{"@type":"ListItem","position":2,"name":"Cat\u00e1logo","item":"https:\/\/letrame.com\/catalogo\/"},{"@type":"ListItem","position":3,"name":"De trompetas y clarines (cr\u00f3nicas castellanas)"}]},{"@type":"WebSite","@id":"https:\/\/letrame.com\/catalogo\/#website","url":"https:\/\/letrame.com\/catalogo\/","name":"Catalogo | Letrame Grupo Editorial","description":"","publisher":{"@id":"https:\/\/letrame.com\/catalogo\/#organization"},"potentialAction":[{"@type":"SearchAction","target":{"@type":"EntryPoint","urlTemplate":"https:\/\/letrame.com\/catalogo\/?s={search_term_string}"},"query-input":{"@type":"PropertyValueSpecification","valueRequired":true,"valueName":"search_term_string"}}],"inLanguage":"es"},{"@type":"Organization","@id":"https:\/\/letrame.com\/catalogo\/#organization","name":"Catalogo | Letrame Grupo Editorial","url":"https:\/\/letrame.com\/catalogo\/","logo":{"@type":"ImageObject","inLanguage":"es","@id":"https:\/\/letrame.com\/catalogo\/#\/schema\/logo\/image\/","url":"https:\/\/letrame.com\/catalogo\/wp-content\/uploads\/2024\/03\/logo2.webp","contentUrl":"https:\/\/letrame.com\/catalogo\/wp-content\/uploads\/2024\/03\/logo2.webp","width":394,"height":128,"caption":"Catalogo | Letrame Grupo Editorial"},"image":{"@id":"https:\/\/letrame.com\/catalogo\/#\/schema\/logo\/image\/"}}]}},"_links":{"self":[{"href":"https:\/\/letrame.com\/catalogo\/wp-json\/wp\/v2\/product\/107471","targetHints":{"allow":["GET"]}}],"collection":[{"href":"https:\/\/letrame.com\/catalogo\/wp-json\/wp\/v2\/product"}],"about":[{"href":"https:\/\/letrame.com\/catalogo\/wp-json\/wp\/v2\/types\/product"}],"replies":[{"embeddable":true,"href":"https:\/\/letrame.com\/catalogo\/wp-json\/wp\/v2\/comments?post=107471"}],"acf:post":[{"embeddable":true,"href":"https:\/\/letrame.com\/catalogo\/wp-json\/wp\/v2\/author_book\/107472"}],"wp:featuredmedia":[{"embeddable":true,"href":"https:\/\/letrame.com\/catalogo\/wp-json\/wp\/v2\/media\/107475"}],"wp:attachment":[{"href":"https:\/\/letrame.com\/catalogo\/wp-json\/wp\/v2\/media?parent=107471"}],"wp:term":[{"taxonomy":"libro","embeddable":true,"href":"https:\/\/letrame.com\/catalogo\/wp-json\/wp\/v2\/libro?post=107471"},{"taxonomy":"product_brand","embeddable":true,"href":"https:\/\/letrame.com\/catalogo\/wp-json\/wp\/v2\/product_brand?post=107471"},{"taxonomy":"product_cat","embeddable":true,"href":"https:\/\/letrame.com\/catalogo\/wp-json\/wp\/v2\/product_cat?post=107471"},{"taxonomy":"product_tag","embeddable":true,"href":"https:\/\/letrame.com\/catalogo\/wp-json\/wp\/v2\/product_tag?post=107471"}],"curies":[{"name":"wp","href":"https:\/\/api.w.org\/{rel}","templated":true}]}}