{"id":107468,"date":"2024-12-11T11:25:44","date_gmt":"2024-12-11T10:25:44","guid":{"rendered":"https:\/\/letrame.com\/catalogo\/?post_type=product&#038;p=107468"},"modified":"2024-12-11T11:25:44","modified_gmt":"2024-12-11T10:25:44","slug":"caperucita-roja-la-historia-jamas-contada","status":"publish","type":"product","link":"https:\/\/letrame.com\/catalogo\/producto\/caperucita-roja-la-historia-jamas-contada\/","title":{"rendered":"Caperucita Roja. La historia jam\u00e1s contada"},"content":{"rendered":"<p class=\"p1\"><b>ISBN: <\/b>978-84-1089-071-8<\/p>\n<p class=\"p1\"><b>T\u00edtulo: <\/b>Caperucita Roja. La historia jam\u00e1s contada<\/p>\n<p class=\"p1\"><b><br \/>\nFecha: <\/b>2024<b><br \/>\nP\u00e1ginas:\u00a0<\/b>36<\/p>\n<p class=\"p1\"><b>SINOPSIS<\/b><\/p>\n<p>Soy Caperucita Roja y te voy a contar mi historia. No la que conoce todo el mundo, no, la que ocurri\u00f3 de verdad. La de un lobo que se hizo pasar por mi abuela y los cuidados que yo le di para atenderle. Atr\u00e9vete a leerme y descubrir\u00e1s una historia muy divertida donde el lobo sali\u00f3 huyendo harto de mis cuidados.<\/p>\n<p>&nbsp;<\/p>\n","protected":false},"excerpt":{"rendered":"<p class=\"p1\"><b>ISBN: <\/b>978-84-1089-071-8<\/p>\n<p class=\"p1\"><b>T\u00edtulo: <\/b>Caperucita Roja. La historia jam\u00e1s contada<\/p>\n<p class=\"p1\"><b><br \/>\nFecha: <\/b>2024<b><br \/>\nP\u00e1ginas:\u00a0<\/b>36<\/p>\n<p class=\"p1\"><b>SINOPSIS<\/b><\/p>\n<p>Soy Caperucita Roja y te voy a contar mi historia. No la que conoce todo el mundo, no, la que ocurri\u00f3 de verdad. La de un lobo que se hizo pasar por mi abuela y los cuidados que yo le di para atenderle. Atr\u00e9vete a leerme y descubrir\u00e1s una historia muy divertida donde el lobo sali\u00f3 huyendo harto de mis cuidados.<\/p>\n<p>&nbsp;<\/p>\n","protected":false},"featured_media":107469,"comment_status":"open","ping_status":"closed","template":"","meta":{"_acf_changed":false},"libro":[],"product_brand":[],"product_cat":[35,17],"product_tag":[],"class_list":{"0":"post-107468","1":"product","2":"type-product","3":"status-publish","4":"has-post-thumbnail","6":"product_cat-cuento-infantil","7":"product_cat-infantil","9":"first","10":"instock","11":"shipping-taxable","12":"product-type-simple"},"acf":{"autor":[77197],"enlace_de_compra":"https:\/\/www.agapea.com\/Maite-Moreno\/Caperucita-Roja-9788410890718-i.htm"},"yoast_head":"<!-- This site is optimized with the Yoast SEO plugin v26.6 - https:\/\/yoast.com\/wordpress\/plugins\/seo\/ -->\n<title>Caperucita Roja. La historia jam\u00e1s contada - Catalogo | Letrame Grupo Editorial<\/title>\n<meta name=\"robots\" content=\"index, follow, max-snippet:-1, max-image-preview:large, max-video-preview:-1\" \/>\n<link rel=\"canonical\" href=\"https:\/\/letrame.com\/catalogo\/producto\/caperucita-roja-la-historia-jamas-contada\/\" \/>\n<meta property=\"og:locale\" content=\"es_ES\" \/>\n<meta property=\"og:type\" content=\"article\" \/>\n<meta property=\"og:title\" content=\"Caperucita Roja. La historia jam\u00e1s contada - Catalogo | Letrame Grupo Editorial\" \/>\n<meta property=\"og:description\" content=\"ISBN: 978-84-1089-071-8 T\u00edtulo: Caperucita Roja. La historia jam\u00e1s contada  Fecha: 2024 P\u00e1ginas:\u00a036 SINOPSIS Soy Caperucita Roja y te voy a contar mi historia. No la que conoce todo el mundo, no, la que ocurri\u00f3 de verdad. La de un lobo que se hizo pasar por mi abuela y los cuidados que yo le di para atenderle. Atr\u00e9vete a leerme y descubrir\u00e1s una historia muy divertida donde el lobo sali\u00f3 huyendo harto de mis cuidados.  &nbsp;\" \/>\n<meta property=\"og:url\" content=\"https:\/\/letrame.com\/catalogo\/producto\/caperucita-roja-la-historia-jamas-contada\/\" \/>\n<meta property=\"og:site_name\" content=\"Catalogo | Letrame Grupo Editorial\" \/>\n<meta property=\"og:image\" content=\"https:\/\/letrame.com\/catalogo\/wp-content\/uploads\/2024\/12\/PortadaCaperucitaRoja.gif\" \/>\n\t<meta property=\"og:image:width\" content=\"560\" \/>\n\t<meta property=\"og:image:height\" content=\"560\" \/>\n\t<meta property=\"og:image:type\" content=\"image\/gif\" \/>\n<meta name=\"twitter:card\" content=\"summary_large_image\" \/>\n<meta name=\"twitter:label1\" content=\"Tiempo de lectura\" \/>\n\t<meta name=\"twitter:data1\" content=\"1 minuto\" \/>\n<script type=\"application\/ld+json\" class=\"yoast-schema-graph\">{\"@context\":\"https:\/\/schema.org\",\"@graph\":[{\"@type\":\"WebPage\",\"@id\":\"https:\/\/letrame.com\/catalogo\/producto\/caperucita-roja-la-historia-jamas-contada\/\",\"url\":\"https:\/\/letrame.com\/catalogo\/producto\/caperucita-roja-la-historia-jamas-contada\/\",\"name\":\"Caperucita Roja. La historia jam\u00e1s contada - Catalogo | Letrame Grupo Editorial\",\"isPartOf\":{\"@id\":\"https:\/\/letrame.com\/catalogo\/#website\"},\"primaryImageOfPage\":{\"@id\":\"https:\/\/letrame.com\/catalogo\/producto\/caperucita-roja-la-historia-jamas-contada\/#primaryimage\"},\"image\":{\"@id\":\"https:\/\/letrame.com\/catalogo\/producto\/caperucita-roja-la-historia-jamas-contada\/#primaryimage\"},\"thumbnailUrl\":\"https:\/\/letrame.com\/catalogo\/wp-content\/uploads\/2024\/12\/PortadaCaperucitaRoja.gif\",\"datePublished\":\"2024-12-11T10:25:44+00:00\",\"breadcrumb\":{\"@id\":\"https:\/\/letrame.com\/catalogo\/producto\/caperucita-roja-la-historia-jamas-contada\/#breadcrumb\"},\"inLanguage\":\"es\",\"potentialAction\":[{\"@type\":\"ReadAction\",\"target\":[\"https:\/\/letrame.com\/catalogo\/producto\/caperucita-roja-la-historia-jamas-contada\/\"]}]},{\"@type\":\"ImageObject\",\"inLanguage\":\"es\",\"@id\":\"https:\/\/letrame.com\/catalogo\/producto\/caperucita-roja-la-historia-jamas-contada\/#primaryimage\",\"url\":\"https:\/\/letrame.com\/catalogo\/wp-content\/uploads\/2024\/12\/PortadaCaperucitaRoja.gif\",\"contentUrl\":\"https:\/\/letrame.com\/catalogo\/wp-content\/uploads\/2024\/12\/PortadaCaperucitaRoja.gif\",\"width\":560,\"height\":560},{\"@type\":\"BreadcrumbList\",\"@id\":\"https:\/\/letrame.com\/catalogo\/producto\/caperucita-roja-la-historia-jamas-contada\/#breadcrumb\",\"itemListElement\":[{\"@type\":\"ListItem\",\"position\":1,\"name\":\"Portada\",\"item\":\"https:\/\/letrame.com\/catalogo\/\"},{\"@type\":\"ListItem\",\"position\":2,\"name\":\"Cat\u00e1logo\",\"item\":\"https:\/\/letrame.com\/catalogo\/\"},{\"@type\":\"ListItem\",\"position\":3,\"name\":\"Caperucita Roja. La historia jam\u00e1s contada\"}]},{\"@type\":\"WebSite\",\"@id\":\"https:\/\/letrame.com\/catalogo\/#website\",\"url\":\"https:\/\/letrame.com\/catalogo\/\",\"name\":\"Catalogo | Letrame Grupo Editorial\",\"description\":\"\",\"publisher\":{\"@id\":\"https:\/\/letrame.com\/catalogo\/#organization\"},\"potentialAction\":[{\"@type\":\"SearchAction\",\"target\":{\"@type\":\"EntryPoint\",\"urlTemplate\":\"https:\/\/letrame.com\/catalogo\/?s={search_term_string}\"},\"query-input\":{\"@type\":\"PropertyValueSpecification\",\"valueRequired\":true,\"valueName\":\"search_term_string\"}}],\"inLanguage\":\"es\"},{\"@type\":\"Organization\",\"@id\":\"https:\/\/letrame.com\/catalogo\/#organization\",\"name\":\"Catalogo | Letrame Grupo Editorial\",\"url\":\"https:\/\/letrame.com\/catalogo\/\",\"logo\":{\"@type\":\"ImageObject\",\"inLanguage\":\"es\",\"@id\":\"https:\/\/letrame.com\/catalogo\/#\/schema\/logo\/image\/\",\"url\":\"https:\/\/letrame.com\/catalogo\/wp-content\/uploads\/2024\/03\/logo2.webp\",\"contentUrl\":\"https:\/\/letrame.com\/catalogo\/wp-content\/uploads\/2024\/03\/logo2.webp\",\"width\":394,\"height\":128,\"caption\":\"Catalogo | Letrame Grupo Editorial\"},\"image\":{\"@id\":\"https:\/\/letrame.com\/catalogo\/#\/schema\/logo\/image\/\"}}]}<\/script>\n<!-- \/ Yoast SEO plugin. -->","yoast_head_json":{"title":"Caperucita Roja. La historia jam\u00e1s contada - Catalogo | Letrame Grupo Editorial","robots":{"index":"index","follow":"follow","max-snippet":"max-snippet:-1","max-image-preview":"max-image-preview:large","max-video-preview":"max-video-preview:-1"},"canonical":"https:\/\/letrame.com\/catalogo\/producto\/caperucita-roja-la-historia-jamas-contada\/","og_locale":"es_ES","og_type":"article","og_title":"Caperucita Roja. La historia jam\u00e1s contada - Catalogo | Letrame Grupo Editorial","og_description":"ISBN: 978-84-1089-071-8 T\u00edtulo: Caperucita Roja. La historia jam\u00e1s contada  Fecha: 2024 P\u00e1ginas:\u00a036 SINOPSIS Soy Caperucita Roja y te voy a contar mi historia. No la que conoce todo el mundo, no, la que ocurri\u00f3 de verdad. La de un lobo que se hizo pasar por mi abuela y los cuidados que yo le di para atenderle. Atr\u00e9vete a leerme y descubrir\u00e1s una historia muy divertida donde el lobo sali\u00f3 huyendo harto de mis cuidados.  &nbsp;","og_url":"https:\/\/letrame.com\/catalogo\/producto\/caperucita-roja-la-historia-jamas-contada\/","og_site_name":"Catalogo | Letrame Grupo Editorial","og_image":[{"width":560,"height":560,"url":"https:\/\/letrame.com\/catalogo\/wp-content\/uploads\/2024\/12\/PortadaCaperucitaRoja.gif","type":"image\/gif"}],"twitter_card":"summary_large_image","twitter_misc":{"Tiempo de lectura":"1 minuto"},"schema":{"@context":"https:\/\/schema.org","@graph":[{"@type":"WebPage","@id":"https:\/\/letrame.com\/catalogo\/producto\/caperucita-roja-la-historia-jamas-contada\/","url":"https:\/\/letrame.com\/catalogo\/producto\/caperucita-roja-la-historia-jamas-contada\/","name":"Caperucita Roja. La historia jam\u00e1s contada - Catalogo | Letrame Grupo Editorial","isPartOf":{"@id":"https:\/\/letrame.com\/catalogo\/#website"},"primaryImageOfPage":{"@id":"https:\/\/letrame.com\/catalogo\/producto\/caperucita-roja-la-historia-jamas-contada\/#primaryimage"},"image":{"@id":"https:\/\/letrame.com\/catalogo\/producto\/caperucita-roja-la-historia-jamas-contada\/#primaryimage"},"thumbnailUrl":"https:\/\/letrame.com\/catalogo\/wp-content\/uploads\/2024\/12\/PortadaCaperucitaRoja.gif","datePublished":"2024-12-11T10:25:44+00:00","breadcrumb":{"@id":"https:\/\/letrame.com\/catalogo\/producto\/caperucita-roja-la-historia-jamas-contada\/#breadcrumb"},"inLanguage":"es","potentialAction":[{"@type":"ReadAction","target":["https:\/\/letrame.com\/catalogo\/producto\/caperucita-roja-la-historia-jamas-contada\/"]}]},{"@type":"ImageObject","inLanguage":"es","@id":"https:\/\/letrame.com\/catalogo\/producto\/caperucita-roja-la-historia-jamas-contada\/#primaryimage","url":"https:\/\/letrame.com\/catalogo\/wp-content\/uploads\/2024\/12\/PortadaCaperucitaRoja.gif","contentUrl":"https:\/\/letrame.com\/catalogo\/wp-content\/uploads\/2024\/12\/PortadaCaperucitaRoja.gif","width":560,"height":560},{"@type":"BreadcrumbList","@id":"https:\/\/letrame.com\/catalogo\/producto\/caperucita-roja-la-historia-jamas-contada\/#breadcrumb","itemListElement":[{"@type":"ListItem","position":1,"name":"Portada","item":"https:\/\/letrame.com\/catalogo\/"},{"@type":"ListItem","position":2,"name":"Cat\u00e1logo","item":"https:\/\/letrame.com\/catalogo\/"},{"@type":"ListItem","position":3,"name":"Caperucita Roja. La historia jam\u00e1s contada"}]},{"@type":"WebSite","@id":"https:\/\/letrame.com\/catalogo\/#website","url":"https:\/\/letrame.com\/catalogo\/","name":"Catalogo | Letrame Grupo Editorial","description":"","publisher":{"@id":"https:\/\/letrame.com\/catalogo\/#organization"},"potentialAction":[{"@type":"SearchAction","target":{"@type":"EntryPoint","urlTemplate":"https:\/\/letrame.com\/catalogo\/?s={search_term_string}"},"query-input":{"@type":"PropertyValueSpecification","valueRequired":true,"valueName":"search_term_string"}}],"inLanguage":"es"},{"@type":"Organization","@id":"https:\/\/letrame.com\/catalogo\/#organization","name":"Catalogo | Letrame Grupo Editorial","url":"https:\/\/letrame.com\/catalogo\/","logo":{"@type":"ImageObject","inLanguage":"es","@id":"https:\/\/letrame.com\/catalogo\/#\/schema\/logo\/image\/","url":"https:\/\/letrame.com\/catalogo\/wp-content\/uploads\/2024\/03\/logo2.webp","contentUrl":"https:\/\/letrame.com\/catalogo\/wp-content\/uploads\/2024\/03\/logo2.webp","width":394,"height":128,"caption":"Catalogo | Letrame Grupo Editorial"},"image":{"@id":"https:\/\/letrame.com\/catalogo\/#\/schema\/logo\/image\/"}}]}},"_links":{"self":[{"href":"https:\/\/letrame.com\/catalogo\/wp-json\/wp\/v2\/product\/107468","targetHints":{"allow":["GET"]}}],"collection":[{"href":"https:\/\/letrame.com\/catalogo\/wp-json\/wp\/v2\/product"}],"about":[{"href":"https:\/\/letrame.com\/catalogo\/wp-json\/wp\/v2\/types\/product"}],"replies":[{"embeddable":true,"href":"https:\/\/letrame.com\/catalogo\/wp-json\/wp\/v2\/comments?post=107468"}],"acf:post":[{"embeddable":true,"href":"https:\/\/letrame.com\/catalogo\/wp-json\/wp\/v2\/author_book\/77197"}],"wp:featuredmedia":[{"embeddable":true,"href":"https:\/\/letrame.com\/catalogo\/wp-json\/wp\/v2\/media\/107469"}],"wp:attachment":[{"href":"https:\/\/letrame.com\/catalogo\/wp-json\/wp\/v2\/media?parent=107468"}],"wp:term":[{"taxonomy":"libro","embeddable":true,"href":"https:\/\/letrame.com\/catalogo\/wp-json\/wp\/v2\/libro?post=107468"},{"taxonomy":"product_brand","embeddable":true,"href":"https:\/\/letrame.com\/catalogo\/wp-json\/wp\/v2\/product_brand?post=107468"},{"taxonomy":"product_cat","embeddable":true,"href":"https:\/\/letrame.com\/catalogo\/wp-json\/wp\/v2\/product_cat?post=107468"},{"taxonomy":"product_tag","embeddable":true,"href":"https:\/\/letrame.com\/catalogo\/wp-json\/wp\/v2\/product_tag?post=107468"}],"curies":[{"name":"wp","href":"https:\/\/api.w.org\/{rel}","templated":true}]}}