{"id":107432,"date":"2024-12-05T15:51:55","date_gmt":"2024-12-05T14:51:55","guid":{"rendered":"https:\/\/letrame.com\/catalogo\/?post_type=product&#038;p=107432"},"modified":"2024-12-05T15:53:03","modified_gmt":"2024-12-05T14:53:03","slug":"la-cocinera-polaca-del-fuhrer","status":"publish","type":"product","link":"https:\/\/letrame.com\/catalogo\/producto\/la-cocinera-polaca-del-fuhrer\/","title":{"rendered":"La cocinera polaca del FU\u0308HRER"},"content":{"rendered":"<p class=\"p1\"><b>ISBN:\u00a0 <\/b>978-84-1089-153-1<\/p>\n<p class=\"p1\"><b>T\u00edtulo:\u00a0<\/b>La cocinera polaca del FU\u0308HRER<\/p>\n<p class=\"p1\"><b>A\u00f1o:\u00a0<\/b>2024<\/p>\n<p class=\"p1\"><b>P\u00e1ginas:<\/b> 252<\/p>\n<p class=\"p1\"><b>SINOPSIS<\/b><\/p>\n<p>Esta novela cuenta la historia de Meri Pietrzykowski, una de las cocineras que Adolf Hitler tuvo a su disposici\u00f3n mientras dirig\u00eda la Segunda Guerra Mundial desde la Guarida del Lobo. Debido al transcurso de los acontecimientos, a la se\u00f1ora Kleeberg no le queda otra opci\u00f3n que infiltrarla en el b\u00fanker con la esperanza de atenuar los terribles efectos del conflicto. Ella es elegida, sobre todo, por sus altos dotes culinarios. Tambi\u00e9n por su valent\u00eda, su pasi\u00f3n y su capacidad innata para pasar desapercibida.<\/p>\n<p>Y mientras Meri se prepara para la misi\u00f3n m\u00e1s peligrosa de su existencia, la guerra sigue su curso natural. Pero lo que nadie sabe es que, gracias a su intervenci\u00f3n, podr\u00e1n salvarse de la muerte miles y miles de vidas humanas.<\/p>\n<p>\u00abUn libro maravilloso, tierno y cargado de historia\u00bb.<\/p>\n<p>\u00abUna obra notable que cautiva desde la primera p\u00e1gina\u00bb.<\/p>\n<p>\u00abUn novedoso tratamiento a un tema, por siempre, imperecedero\u00bb.<\/p>\n","protected":false},"excerpt":{"rendered":"<p class=\"p1\"><b>ISBN:\u00a0 <\/b>978-84-1089-153-1<\/p>\n<p class=\"p1\"><b>SINOPSIS<\/b><\/p>\n<p>Esta novela cuenta la historia de Meri Pietrzykowski, una de las cocineras que Adolf Hitler tuvo a su disposici\u00f3n mientras dirig\u00eda la Segunda Guerra Mundial desde la Guarida del Lobo. Debido al transcurso de los acontecimientos, a la se\u00f1ora Kleeberg no le queda otra opci\u00f3n que infiltrarla en el b\u00fanker con la esperanza de atenuar los terribles efectos del conflicto. Ella es elegida, sobre todo, por sus altos dotes culinarios. Tambi\u00e9n por su valent\u00eda, su pasi\u00f3n y su capacidad innata para pasar desapercibida.<\/p>\n<p>Y mientras Meri se prepara para la misi\u00f3n m\u00e1s peligrosa de su existencia, la guerra sigue su curso natural. Pero lo que nadie sabe es que, gracias a su intervenci\u00f3n, podr\u00e1n salvarse de la muerte miles y miles de vidas humanas.<\/p>\n<p>\u00abUn libro maravilloso, tierno y cargado de historia\u00bb.<\/p>\n<p>\u00abUna obra notable que cautiva desde la primera p\u00e1gina\u00bb.<\/p>\n<p>\u00abUn novedoso tratamiento a un tema, por siempre, imperecedero\u00bb.<\/p>\n","protected":false},"featured_media":107436,"comment_status":"open","ping_status":"closed","template":"","meta":{"_acf_changed":false},"libro":[],"product_brand":[],"product_cat":[16],"product_tag":[],"class_list":{"0":"post-107432","1":"product","2":"type-product","3":"status-publish","4":"has-post-thumbnail","6":"product_cat-novela","8":"first","9":"instock","10":"shipping-taxable","11":"product-type-simple"},"acf":{"autor":[107431],"enlace_de_compra":"https:\/\/amzn.to\/3OIQ4d4"},"yoast_head":"<!-- This site is optimized with the Yoast SEO plugin v27.4 - https:\/\/yoast.com\/product\/yoast-seo-wordpress\/ -->\n<title>La cocinera polaca del FU\u0308HRER - Catalogo | Letrame Grupo Editorial<\/title>\n<meta name=\"robots\" content=\"index, follow, max-snippet:-1, max-image-preview:large, max-video-preview:-1\" \/>\n<link rel=\"canonical\" href=\"https:\/\/letrame.com\/catalogo\/producto\/la-cocinera-polaca-del-fuhrer\/\" \/>\n<meta property=\"og:locale\" content=\"es_ES\" \/>\n<meta property=\"og:type\" content=\"article\" \/>\n<meta property=\"og:title\" content=\"La cocinera polaca del FU\u0308HRER - Catalogo | Letrame Grupo Editorial\" \/>\n<meta property=\"og:description\" content=\"ISBN:\u00a0 978-84-1089-153-1 SINOPSIS Esta novela cuenta la historia de Meri Pietrzykowski, una de las cocineras que Adolf Hitler tuvo a su disposici\u00f3n mientras dirig\u00eda la Segunda Guerra Mundial desde la Guarida del Lobo. Debido al transcurso de los acontecimientos, a la se\u00f1ora Kleeberg no le queda otra opci\u00f3n que infiltrarla en el b\u00fanker con la esperanza de atenuar los terribles efectos del conflicto. Ella es elegida, sobre todo, por sus altos dotes culinarios. Tambi\u00e9n por su valent\u00eda, su pasi\u00f3n y su capacidad innata para pasar desapercibida.  Y mientras Meri se prepara para la misi\u00f3n m\u00e1s peligrosa de su existencia, la guerra sigue su curso natural. Pero lo que nadie sabe es que, gracias a su intervenci\u00f3n, podr\u00e1n salvarse de la muerte miles y miles de vidas humanas.  \u00abUn libro maravilloso, tierno y cargado de historia\u00bb.  \u00abUna obra notable que cautiva desde la primera p\u00e1gina\u00bb.  \u00abUn novedoso tratamiento a un tema, por siempre, imperecedero\u00bb.\" \/>\n<meta property=\"og:url\" content=\"https:\/\/letrame.com\/catalogo\/producto\/la-cocinera-polaca-del-fuhrer\/\" \/>\n<meta property=\"og:site_name\" content=\"Catalogo | Letrame Grupo Editorial\" \/>\n<meta property=\"article:modified_time\" content=\"2024-12-05T14:53:03+00:00\" \/>\n<meta property=\"og:image\" content=\"https:\/\/letrame.com\/catalogo\/wp-content\/uploads\/2024\/12\/zlacocinerapolaca_1528mm4.jpg\" \/>\n\t<meta property=\"og:image:width\" content=\"850\" \/>\n\t<meta property=\"og:image:height\" content=\"1303\" \/>\n\t<meta property=\"og:image:type\" content=\"image\/jpeg\" \/>\n<meta name=\"twitter:card\" content=\"summary_large_image\" \/>\n<meta name=\"twitter:label1\" content=\"Tiempo de lectura\" \/>\n\t<meta name=\"twitter:data1\" content=\"1 minuto\" \/>\n<script type=\"application\/ld+json\" class=\"yoast-schema-graph\">{\"@context\":\"https:\\\/\\\/schema.org\",\"@graph\":[{\"@type\":\"WebPage\",\"@id\":\"https:\\\/\\\/letrame.com\\\/catalogo\\\/producto\\\/la-cocinera-polaca-del-fuhrer\\\/\",\"url\":\"https:\\\/\\\/letrame.com\\\/catalogo\\\/producto\\\/la-cocinera-polaca-del-fuhrer\\\/\",\"name\":\"La cocinera polaca del FU\u0308HRER - Catalogo | Letrame Grupo Editorial\",\"isPartOf\":{\"@id\":\"https:\\\/\\\/letrame.com\\\/catalogo\\\/#website\"},\"primaryImageOfPage\":{\"@id\":\"https:\\\/\\\/letrame.com\\\/catalogo\\\/producto\\\/la-cocinera-polaca-del-fuhrer\\\/#primaryimage\"},\"image\":{\"@id\":\"https:\\\/\\\/letrame.com\\\/catalogo\\\/producto\\\/la-cocinera-polaca-del-fuhrer\\\/#primaryimage\"},\"thumbnailUrl\":\"https:\\\/\\\/letrame.com\\\/catalogo\\\/wp-content\\\/uploads\\\/2024\\\/12\\\/zlacocinerapolaca_1528mm4.jpg\",\"datePublished\":\"2024-12-05T14:51:55+00:00\",\"dateModified\":\"2024-12-05T14:53:03+00:00\",\"breadcrumb\":{\"@id\":\"https:\\\/\\\/letrame.com\\\/catalogo\\\/producto\\\/la-cocinera-polaca-del-fuhrer\\\/#breadcrumb\"},\"inLanguage\":\"es\",\"potentialAction\":[{\"@type\":\"ReadAction\",\"target\":[\"https:\\\/\\\/letrame.com\\\/catalogo\\\/producto\\\/la-cocinera-polaca-del-fuhrer\\\/\"]}]},{\"@type\":\"ImageObject\",\"inLanguage\":\"es\",\"@id\":\"https:\\\/\\\/letrame.com\\\/catalogo\\\/producto\\\/la-cocinera-polaca-del-fuhrer\\\/#primaryimage\",\"url\":\"https:\\\/\\\/letrame.com\\\/catalogo\\\/wp-content\\\/uploads\\\/2024\\\/12\\\/zlacocinerapolaca_1528mm4.jpg\",\"contentUrl\":\"https:\\\/\\\/letrame.com\\\/catalogo\\\/wp-content\\\/uploads\\\/2024\\\/12\\\/zlacocinerapolaca_1528mm4.jpg\",\"width\":850,\"height\":1303},{\"@type\":\"BreadcrumbList\",\"@id\":\"https:\\\/\\\/letrame.com\\\/catalogo\\\/producto\\\/la-cocinera-polaca-del-fuhrer\\\/#breadcrumb\",\"itemListElement\":[{\"@type\":\"ListItem\",\"position\":1,\"name\":\"Portada\",\"item\":\"https:\\\/\\\/letrame.com\\\/catalogo\\\/\"},{\"@type\":\"ListItem\",\"position\":2,\"name\":\"Cat\u00e1logo\",\"item\":\"https:\\\/\\\/letrame.com\\\/catalogo\\\/\"},{\"@type\":\"ListItem\",\"position\":3,\"name\":\"La cocinera polaca del FU\u0308HRER\"}]},{\"@type\":\"WebSite\",\"@id\":\"https:\\\/\\\/letrame.com\\\/catalogo\\\/#website\",\"url\":\"https:\\\/\\\/letrame.com\\\/catalogo\\\/\",\"name\":\"Catalogo | Letrame Grupo Editorial\",\"description\":\"\",\"publisher\":{\"@id\":\"https:\\\/\\\/letrame.com\\\/catalogo\\\/#organization\"},\"potentialAction\":[{\"@type\":\"SearchAction\",\"target\":{\"@type\":\"EntryPoint\",\"urlTemplate\":\"https:\\\/\\\/letrame.com\\\/catalogo\\\/?s={search_term_string}\"},\"query-input\":{\"@type\":\"PropertyValueSpecification\",\"valueRequired\":true,\"valueName\":\"search_term_string\"}}],\"inLanguage\":\"es\"},{\"@type\":\"Organization\",\"@id\":\"https:\\\/\\\/letrame.com\\\/catalogo\\\/#organization\",\"name\":\"Catalogo | Letrame Grupo Editorial\",\"url\":\"https:\\\/\\\/letrame.com\\\/catalogo\\\/\",\"logo\":{\"@type\":\"ImageObject\",\"inLanguage\":\"es\",\"@id\":\"https:\\\/\\\/letrame.com\\\/catalogo\\\/#\\\/schema\\\/logo\\\/image\\\/\",\"url\":\"https:\\\/\\\/letrame.com\\\/catalogo\\\/wp-content\\\/uploads\\\/2024\\\/03\\\/logo2.webp\",\"contentUrl\":\"https:\\\/\\\/letrame.com\\\/catalogo\\\/wp-content\\\/uploads\\\/2024\\\/03\\\/logo2.webp\",\"width\":394,\"height\":128,\"caption\":\"Catalogo | Letrame Grupo Editorial\"},\"image\":{\"@id\":\"https:\\\/\\\/letrame.com\\\/catalogo\\\/#\\\/schema\\\/logo\\\/image\\\/\"}}]}<\/script>\n<!-- \/ Yoast SEO plugin. -->","yoast_head_json":{"title":"La cocinera polaca del FU\u0308HRER - Catalogo | Letrame Grupo Editorial","robots":{"index":"index","follow":"follow","max-snippet":"max-snippet:-1","max-image-preview":"max-image-preview:large","max-video-preview":"max-video-preview:-1"},"canonical":"https:\/\/letrame.com\/catalogo\/producto\/la-cocinera-polaca-del-fuhrer\/","og_locale":"es_ES","og_type":"article","og_title":"La cocinera polaca del FU\u0308HRER - Catalogo | Letrame Grupo Editorial","og_description":"ISBN:\u00a0 978-84-1089-153-1 SINOPSIS Esta novela cuenta la historia de Meri Pietrzykowski, una de las cocineras que Adolf Hitler tuvo a su disposici\u00f3n mientras dirig\u00eda la Segunda Guerra Mundial desde la Guarida del Lobo. Debido al transcurso de los acontecimientos, a la se\u00f1ora Kleeberg no le queda otra opci\u00f3n que infiltrarla en el b\u00fanker con la esperanza de atenuar los terribles efectos del conflicto. Ella es elegida, sobre todo, por sus altos dotes culinarios. Tambi\u00e9n por su valent\u00eda, su pasi\u00f3n y su capacidad innata para pasar desapercibida.  Y mientras Meri se prepara para la misi\u00f3n m\u00e1s peligrosa de su existencia, la guerra sigue su curso natural. Pero lo que nadie sabe es que, gracias a su intervenci\u00f3n, podr\u00e1n salvarse de la muerte miles y miles de vidas humanas.  \u00abUn libro maravilloso, tierno y cargado de historia\u00bb.  \u00abUna obra notable que cautiva desde la primera p\u00e1gina\u00bb.  \u00abUn novedoso tratamiento a un tema, por siempre, imperecedero\u00bb.","og_url":"https:\/\/letrame.com\/catalogo\/producto\/la-cocinera-polaca-del-fuhrer\/","og_site_name":"Catalogo | Letrame Grupo Editorial","article_modified_time":"2024-12-05T14:53:03+00:00","og_image":[{"width":850,"height":1303,"url":"https:\/\/letrame.com\/catalogo\/wp-content\/uploads\/2024\/12\/zlacocinerapolaca_1528mm4.jpg","type":"image\/jpeg"}],"twitter_card":"summary_large_image","twitter_misc":{"Tiempo de lectura":"1 minuto"},"schema":{"@context":"https:\/\/schema.org","@graph":[{"@type":"WebPage","@id":"https:\/\/letrame.com\/catalogo\/producto\/la-cocinera-polaca-del-fuhrer\/","url":"https:\/\/letrame.com\/catalogo\/producto\/la-cocinera-polaca-del-fuhrer\/","name":"La cocinera polaca del FU\u0308HRER - Catalogo | Letrame Grupo Editorial","isPartOf":{"@id":"https:\/\/letrame.com\/catalogo\/#website"},"primaryImageOfPage":{"@id":"https:\/\/letrame.com\/catalogo\/producto\/la-cocinera-polaca-del-fuhrer\/#primaryimage"},"image":{"@id":"https:\/\/letrame.com\/catalogo\/producto\/la-cocinera-polaca-del-fuhrer\/#primaryimage"},"thumbnailUrl":"https:\/\/letrame.com\/catalogo\/wp-content\/uploads\/2024\/12\/zlacocinerapolaca_1528mm4.jpg","datePublished":"2024-12-05T14:51:55+00:00","dateModified":"2024-12-05T14:53:03+00:00","breadcrumb":{"@id":"https:\/\/letrame.com\/catalogo\/producto\/la-cocinera-polaca-del-fuhrer\/#breadcrumb"},"inLanguage":"es","potentialAction":[{"@type":"ReadAction","target":["https:\/\/letrame.com\/catalogo\/producto\/la-cocinera-polaca-del-fuhrer\/"]}]},{"@type":"ImageObject","inLanguage":"es","@id":"https:\/\/letrame.com\/catalogo\/producto\/la-cocinera-polaca-del-fuhrer\/#primaryimage","url":"https:\/\/letrame.com\/catalogo\/wp-content\/uploads\/2024\/12\/zlacocinerapolaca_1528mm4.jpg","contentUrl":"https:\/\/letrame.com\/catalogo\/wp-content\/uploads\/2024\/12\/zlacocinerapolaca_1528mm4.jpg","width":850,"height":1303},{"@type":"BreadcrumbList","@id":"https:\/\/letrame.com\/catalogo\/producto\/la-cocinera-polaca-del-fuhrer\/#breadcrumb","itemListElement":[{"@type":"ListItem","position":1,"name":"Portada","item":"https:\/\/letrame.com\/catalogo\/"},{"@type":"ListItem","position":2,"name":"Cat\u00e1logo","item":"https:\/\/letrame.com\/catalogo\/"},{"@type":"ListItem","position":3,"name":"La cocinera polaca del FU\u0308HRER"}]},{"@type":"WebSite","@id":"https:\/\/letrame.com\/catalogo\/#website","url":"https:\/\/letrame.com\/catalogo\/","name":"Catalogo | Letrame Grupo Editorial","description":"","publisher":{"@id":"https:\/\/letrame.com\/catalogo\/#organization"},"potentialAction":[{"@type":"SearchAction","target":{"@type":"EntryPoint","urlTemplate":"https:\/\/letrame.com\/catalogo\/?s={search_term_string}"},"query-input":{"@type":"PropertyValueSpecification","valueRequired":true,"valueName":"search_term_string"}}],"inLanguage":"es"},{"@type":"Organization","@id":"https:\/\/letrame.com\/catalogo\/#organization","name":"Catalogo | Letrame Grupo Editorial","url":"https:\/\/letrame.com\/catalogo\/","logo":{"@type":"ImageObject","inLanguage":"es","@id":"https:\/\/letrame.com\/catalogo\/#\/schema\/logo\/image\/","url":"https:\/\/letrame.com\/catalogo\/wp-content\/uploads\/2024\/03\/logo2.webp","contentUrl":"https:\/\/letrame.com\/catalogo\/wp-content\/uploads\/2024\/03\/logo2.webp","width":394,"height":128,"caption":"Catalogo | Letrame Grupo Editorial"},"image":{"@id":"https:\/\/letrame.com\/catalogo\/#\/schema\/logo\/image\/"}}]}},"_links":{"self":[{"href":"https:\/\/letrame.com\/catalogo\/wp-json\/wp\/v2\/product\/107432","targetHints":{"allow":["GET"]}}],"collection":[{"href":"https:\/\/letrame.com\/catalogo\/wp-json\/wp\/v2\/product"}],"about":[{"href":"https:\/\/letrame.com\/catalogo\/wp-json\/wp\/v2\/types\/product"}],"replies":[{"embeddable":true,"href":"https:\/\/letrame.com\/catalogo\/wp-json\/wp\/v2\/comments?post=107432"}],"acf:post":[{"embeddable":true,"href":"https:\/\/letrame.com\/catalogo\/wp-json\/wp\/v2\/author_book\/107431"}],"wp:featuredmedia":[{"embeddable":true,"href":"https:\/\/letrame.com\/catalogo\/wp-json\/wp\/v2\/media\/107436"}],"wp:attachment":[{"href":"https:\/\/letrame.com\/catalogo\/wp-json\/wp\/v2\/media?parent=107432"}],"wp:term":[{"taxonomy":"libro","embeddable":true,"href":"https:\/\/letrame.com\/catalogo\/wp-json\/wp\/v2\/libro?post=107432"},{"taxonomy":"product_brand","embeddable":true,"href":"https:\/\/letrame.com\/catalogo\/wp-json\/wp\/v2\/product_brand?post=107432"},{"taxonomy":"product_cat","embeddable":true,"href":"https:\/\/letrame.com\/catalogo\/wp-json\/wp\/v2\/product_cat?post=107432"},{"taxonomy":"product_tag","embeddable":true,"href":"https:\/\/letrame.com\/catalogo\/wp-json\/wp\/v2\/product_tag?post=107432"}],"curies":[{"name":"wp","href":"https:\/\/api.w.org\/{rel}","templated":true}]}}