{"id":107421,"date":"2024-12-05T15:39:43","date_gmt":"2024-12-05T14:39:43","guid":{"rendered":"https:\/\/letrame.com\/catalogo\/?post_type=product&#038;p=107421"},"modified":"2024-12-05T15:39:43","modified_gmt":"2024-12-05T14:39:43","slug":"la-ruta-del-bosque-2oed","status":"publish","type":"product","link":"https:\/\/letrame.com\/catalogo\/producto\/la-ruta-del-bosque-2oed\/","title":{"rendered":"La ruta del bosque 2\u00baEd"},"content":{"rendered":"<p class=\"p1\"><b>ISBN:\u00a0 <\/b>978-84-1068-175-0<\/p>\n<p class=\"p1\"><b>T\u00edtulo: <\/b>La ruta del bosque 2\u00baEd<\/p>\n<p class=\"p1\"><b>A\u00f1o:\u00a0<\/b>2024<\/p>\n<p class=\"p1\"><b>P\u00e1ginas:<\/b> 256<\/p>\n<p class=\"p1\"><b>SINOPSIS<\/b><\/p>\n<p>El genosociograma, es decir, la representaci\u00f3n gr\u00e1fica de un \u00e1rbol familiar, es ampliamente conocido y utilizado por los profesionales de la intervenci\u00f3n psicosocial o de la relaci\u00f3n de ayuda, que habitualmente lo utilizan como una herramienta de recogida de datos de un sistema familiar.<\/p>\n<p>La propuesta que se presenta en este libro es utilizar el genosociograma como una t\u00e9cnica diagn\u00f3stica del origen del malestar psicosocial en la persona.<\/p>\n<p><em>La Ruta del Bosque<\/em> pretende ir a la ra\u00edz y no andarse por las ramas. En este libro encontrar\u00e1s el marco te\u00f3rico-cient\u00edfico y el desarrollo de la t\u00e9cnica, as\u00ed como los sistemas de la sist\u00e9mica del inconsciente, las categor\u00edas diagn\u00f3sticas y una gu\u00eda de acompa\u00f1amiento terap\u00e9utico.<\/p>\n","protected":false},"excerpt":{"rendered":"<p class=\"p1\"><b>ISBN:\u00a0 <\/b>978-84-1068-175-0<\/p>\n<p class=\"p1\">\n<p class=\"p1\"><b>SINOPSIS<\/b><\/p>\n<p>El genosociograma, es decir, la representaci\u00f3n gr\u00e1fica de un \u00e1rbol familiar, es ampliamente conocido y utilizado por los profesionales de la intervenci\u00f3n psicosocial o de la relaci\u00f3n de ayuda, que habitualmente lo utilizan como una herramienta de recogida de datos de un sistema familiar.<\/p>\n<p>La propuesta que se presenta en este libro es utilizar el genosociograma como una t\u00e9cnica diagn\u00f3stica del origen del malestar psicosocial en la persona.<\/p>\n<p><em>La Ruta del Bosque<\/em> pretende ir a la ra\u00edz y no andarse por las ramas. En este libro encontrar\u00e1s el marco te\u00f3rico-cient\u00edfico y el desarrollo de la t\u00e9cnica, as\u00ed como los sistemas de la sist\u00e9mica del inconsciente, las categor\u00edas diagn\u00f3sticas y una gu\u00eda de acompa\u00f1amiento terap\u00e9utico.<\/p>\n","protected":false},"featured_media":107424,"comment_status":"open","ping_status":"closed","template":"","meta":{"_acf_changed":false},"libro":[],"product_brand":[],"product_cat":[124],"product_tag":[],"class_list":{"0":"post-107421","1":"product","2":"type-product","3":"status-publish","4":"has-post-thumbnail","6":"product_cat-psicologia","8":"first","9":"instock","10":"shipping-taxable","11":"product-type-simple"},"acf":{"autor":[107420],"enlace_de_compra":"https:\/\/amzn.to\/4g0VfRw"},"yoast_head":"<!-- This site is optimized with the Yoast SEO plugin v26.6 - https:\/\/yoast.com\/wordpress\/plugins\/seo\/ -->\n<title>La ruta del bosque 2\u00baEd - Catalogo | Letrame Grupo Editorial<\/title>\n<meta name=\"robots\" content=\"index, follow, max-snippet:-1, max-image-preview:large, max-video-preview:-1\" \/>\n<link rel=\"canonical\" href=\"https:\/\/letrame.com\/catalogo\/producto\/la-ruta-del-bosque-2oed\/\" \/>\n<meta property=\"og:locale\" content=\"es_ES\" \/>\n<meta property=\"og:type\" content=\"article\" \/>\n<meta property=\"og:title\" content=\"La ruta del bosque 2\u00baEd - Catalogo | Letrame Grupo Editorial\" \/>\n<meta property=\"og:description\" content=\"ISBN:\u00a0 978-84-1068-175-0  SINOPSIS El genosociograma, es decir, la representaci\u00f3n gr\u00e1fica de un \u00e1rbol familiar, es ampliamente conocido y utilizado por los profesionales de la intervenci\u00f3n psicosocial o de la relaci\u00f3n de ayuda, que habitualmente lo utilizan como una herramienta de recogida de datos de un sistema familiar.  La propuesta que se presenta en este libro es utilizar el genosociograma como una t\u00e9cnica diagn\u00f3stica del origen del malestar psicosocial en la persona.  La Ruta del Bosque pretende ir a la ra\u00edz y no andarse por las ramas. En este libro encontrar\u00e1s el marco te\u00f3rico-cient\u00edfico y el desarrollo de la t\u00e9cnica, as\u00ed como los sistemas de la sist\u00e9mica del inconsciente, las categor\u00edas diagn\u00f3sticas y una gu\u00eda de acompa\u00f1amiento terap\u00e9utico.\" \/>\n<meta property=\"og:url\" content=\"https:\/\/letrame.com\/catalogo\/producto\/la-ruta-del-bosque-2oed\/\" \/>\n<meta property=\"og:site_name\" content=\"Catalogo | Letrame Grupo Editorial\" \/>\n<meta property=\"og:image\" content=\"https:\/\/letrame.com\/catalogo\/wp-content\/uploads\/2024\/12\/z2ediBM_larutadelbosque_1264mm.jpg\" \/>\n\t<meta property=\"og:image:width\" content=\"750\" \/>\n\t<meta property=\"og:image:height\" content=\"1133\" \/>\n\t<meta property=\"og:image:type\" content=\"image\/jpeg\" \/>\n<meta name=\"twitter:card\" content=\"summary_large_image\" \/>\n<meta name=\"twitter:label1\" content=\"Tiempo de lectura\" \/>\n\t<meta name=\"twitter:data1\" content=\"1 minuto\" \/>\n<script type=\"application\/ld+json\" class=\"yoast-schema-graph\">{\"@context\":\"https:\/\/schema.org\",\"@graph\":[{\"@type\":\"WebPage\",\"@id\":\"https:\/\/letrame.com\/catalogo\/producto\/la-ruta-del-bosque-2oed\/\",\"url\":\"https:\/\/letrame.com\/catalogo\/producto\/la-ruta-del-bosque-2oed\/\",\"name\":\"La ruta del bosque 2\u00baEd - Catalogo | Letrame Grupo Editorial\",\"isPartOf\":{\"@id\":\"https:\/\/letrame.com\/catalogo\/#website\"},\"primaryImageOfPage\":{\"@id\":\"https:\/\/letrame.com\/catalogo\/producto\/la-ruta-del-bosque-2oed\/#primaryimage\"},\"image\":{\"@id\":\"https:\/\/letrame.com\/catalogo\/producto\/la-ruta-del-bosque-2oed\/#primaryimage\"},\"thumbnailUrl\":\"https:\/\/letrame.com\/catalogo\/wp-content\/uploads\/2024\/12\/z2ediBM_larutadelbosque_1264mm.jpg\",\"datePublished\":\"2024-12-05T14:39:43+00:00\",\"breadcrumb\":{\"@id\":\"https:\/\/letrame.com\/catalogo\/producto\/la-ruta-del-bosque-2oed\/#breadcrumb\"},\"inLanguage\":\"es\",\"potentialAction\":[{\"@type\":\"ReadAction\",\"target\":[\"https:\/\/letrame.com\/catalogo\/producto\/la-ruta-del-bosque-2oed\/\"]}]},{\"@type\":\"ImageObject\",\"inLanguage\":\"es\",\"@id\":\"https:\/\/letrame.com\/catalogo\/producto\/la-ruta-del-bosque-2oed\/#primaryimage\",\"url\":\"https:\/\/letrame.com\/catalogo\/wp-content\/uploads\/2024\/12\/z2ediBM_larutadelbosque_1264mm.jpg\",\"contentUrl\":\"https:\/\/letrame.com\/catalogo\/wp-content\/uploads\/2024\/12\/z2ediBM_larutadelbosque_1264mm.jpg\",\"width\":750,\"height\":1133},{\"@type\":\"BreadcrumbList\",\"@id\":\"https:\/\/letrame.com\/catalogo\/producto\/la-ruta-del-bosque-2oed\/#breadcrumb\",\"itemListElement\":[{\"@type\":\"ListItem\",\"position\":1,\"name\":\"Portada\",\"item\":\"https:\/\/letrame.com\/catalogo\/\"},{\"@type\":\"ListItem\",\"position\":2,\"name\":\"Cat\u00e1logo\",\"item\":\"https:\/\/letrame.com\/catalogo\/\"},{\"@type\":\"ListItem\",\"position\":3,\"name\":\"La ruta del bosque 2\u00baEd\"}]},{\"@type\":\"WebSite\",\"@id\":\"https:\/\/letrame.com\/catalogo\/#website\",\"url\":\"https:\/\/letrame.com\/catalogo\/\",\"name\":\"Catalogo | Letrame Grupo Editorial\",\"description\":\"\",\"publisher\":{\"@id\":\"https:\/\/letrame.com\/catalogo\/#organization\"},\"potentialAction\":[{\"@type\":\"SearchAction\",\"target\":{\"@type\":\"EntryPoint\",\"urlTemplate\":\"https:\/\/letrame.com\/catalogo\/?s={search_term_string}\"},\"query-input\":{\"@type\":\"PropertyValueSpecification\",\"valueRequired\":true,\"valueName\":\"search_term_string\"}}],\"inLanguage\":\"es\"},{\"@type\":\"Organization\",\"@id\":\"https:\/\/letrame.com\/catalogo\/#organization\",\"name\":\"Catalogo | Letrame Grupo Editorial\",\"url\":\"https:\/\/letrame.com\/catalogo\/\",\"logo\":{\"@type\":\"ImageObject\",\"inLanguage\":\"es\",\"@id\":\"https:\/\/letrame.com\/catalogo\/#\/schema\/logo\/image\/\",\"url\":\"https:\/\/letrame.com\/catalogo\/wp-content\/uploads\/2024\/03\/logo2.webp\",\"contentUrl\":\"https:\/\/letrame.com\/catalogo\/wp-content\/uploads\/2024\/03\/logo2.webp\",\"width\":394,\"height\":128,\"caption\":\"Catalogo | Letrame Grupo Editorial\"},\"image\":{\"@id\":\"https:\/\/letrame.com\/catalogo\/#\/schema\/logo\/image\/\"}}]}<\/script>\n<!-- \/ Yoast SEO plugin. -->","yoast_head_json":{"title":"La ruta del bosque 2\u00baEd - Catalogo | Letrame Grupo Editorial","robots":{"index":"index","follow":"follow","max-snippet":"max-snippet:-1","max-image-preview":"max-image-preview:large","max-video-preview":"max-video-preview:-1"},"canonical":"https:\/\/letrame.com\/catalogo\/producto\/la-ruta-del-bosque-2oed\/","og_locale":"es_ES","og_type":"article","og_title":"La ruta del bosque 2\u00baEd - Catalogo | Letrame Grupo Editorial","og_description":"ISBN:\u00a0 978-84-1068-175-0  SINOPSIS El genosociograma, es decir, la representaci\u00f3n gr\u00e1fica de un \u00e1rbol familiar, es ampliamente conocido y utilizado por los profesionales de la intervenci\u00f3n psicosocial o de la relaci\u00f3n de ayuda, que habitualmente lo utilizan como una herramienta de recogida de datos de un sistema familiar.  La propuesta que se presenta en este libro es utilizar el genosociograma como una t\u00e9cnica diagn\u00f3stica del origen del malestar psicosocial en la persona.  La Ruta del Bosque pretende ir a la ra\u00edz y no andarse por las ramas. En este libro encontrar\u00e1s el marco te\u00f3rico-cient\u00edfico y el desarrollo de la t\u00e9cnica, as\u00ed como los sistemas de la sist\u00e9mica del inconsciente, las categor\u00edas diagn\u00f3sticas y una gu\u00eda de acompa\u00f1amiento terap\u00e9utico.","og_url":"https:\/\/letrame.com\/catalogo\/producto\/la-ruta-del-bosque-2oed\/","og_site_name":"Catalogo | Letrame Grupo Editorial","og_image":[{"width":750,"height":1133,"url":"https:\/\/letrame.com\/catalogo\/wp-content\/uploads\/2024\/12\/z2ediBM_larutadelbosque_1264mm.jpg","type":"image\/jpeg"}],"twitter_card":"summary_large_image","twitter_misc":{"Tiempo de lectura":"1 minuto"},"schema":{"@context":"https:\/\/schema.org","@graph":[{"@type":"WebPage","@id":"https:\/\/letrame.com\/catalogo\/producto\/la-ruta-del-bosque-2oed\/","url":"https:\/\/letrame.com\/catalogo\/producto\/la-ruta-del-bosque-2oed\/","name":"La ruta del bosque 2\u00baEd - Catalogo | Letrame Grupo Editorial","isPartOf":{"@id":"https:\/\/letrame.com\/catalogo\/#website"},"primaryImageOfPage":{"@id":"https:\/\/letrame.com\/catalogo\/producto\/la-ruta-del-bosque-2oed\/#primaryimage"},"image":{"@id":"https:\/\/letrame.com\/catalogo\/producto\/la-ruta-del-bosque-2oed\/#primaryimage"},"thumbnailUrl":"https:\/\/letrame.com\/catalogo\/wp-content\/uploads\/2024\/12\/z2ediBM_larutadelbosque_1264mm.jpg","datePublished":"2024-12-05T14:39:43+00:00","breadcrumb":{"@id":"https:\/\/letrame.com\/catalogo\/producto\/la-ruta-del-bosque-2oed\/#breadcrumb"},"inLanguage":"es","potentialAction":[{"@type":"ReadAction","target":["https:\/\/letrame.com\/catalogo\/producto\/la-ruta-del-bosque-2oed\/"]}]},{"@type":"ImageObject","inLanguage":"es","@id":"https:\/\/letrame.com\/catalogo\/producto\/la-ruta-del-bosque-2oed\/#primaryimage","url":"https:\/\/letrame.com\/catalogo\/wp-content\/uploads\/2024\/12\/z2ediBM_larutadelbosque_1264mm.jpg","contentUrl":"https:\/\/letrame.com\/catalogo\/wp-content\/uploads\/2024\/12\/z2ediBM_larutadelbosque_1264mm.jpg","width":750,"height":1133},{"@type":"BreadcrumbList","@id":"https:\/\/letrame.com\/catalogo\/producto\/la-ruta-del-bosque-2oed\/#breadcrumb","itemListElement":[{"@type":"ListItem","position":1,"name":"Portada","item":"https:\/\/letrame.com\/catalogo\/"},{"@type":"ListItem","position":2,"name":"Cat\u00e1logo","item":"https:\/\/letrame.com\/catalogo\/"},{"@type":"ListItem","position":3,"name":"La ruta del bosque 2\u00baEd"}]},{"@type":"WebSite","@id":"https:\/\/letrame.com\/catalogo\/#website","url":"https:\/\/letrame.com\/catalogo\/","name":"Catalogo | Letrame Grupo Editorial","description":"","publisher":{"@id":"https:\/\/letrame.com\/catalogo\/#organization"},"potentialAction":[{"@type":"SearchAction","target":{"@type":"EntryPoint","urlTemplate":"https:\/\/letrame.com\/catalogo\/?s={search_term_string}"},"query-input":{"@type":"PropertyValueSpecification","valueRequired":true,"valueName":"search_term_string"}}],"inLanguage":"es"},{"@type":"Organization","@id":"https:\/\/letrame.com\/catalogo\/#organization","name":"Catalogo | Letrame Grupo Editorial","url":"https:\/\/letrame.com\/catalogo\/","logo":{"@type":"ImageObject","inLanguage":"es","@id":"https:\/\/letrame.com\/catalogo\/#\/schema\/logo\/image\/","url":"https:\/\/letrame.com\/catalogo\/wp-content\/uploads\/2024\/03\/logo2.webp","contentUrl":"https:\/\/letrame.com\/catalogo\/wp-content\/uploads\/2024\/03\/logo2.webp","width":394,"height":128,"caption":"Catalogo | Letrame Grupo Editorial"},"image":{"@id":"https:\/\/letrame.com\/catalogo\/#\/schema\/logo\/image\/"}}]}},"_links":{"self":[{"href":"https:\/\/letrame.com\/catalogo\/wp-json\/wp\/v2\/product\/107421","targetHints":{"allow":["GET"]}}],"collection":[{"href":"https:\/\/letrame.com\/catalogo\/wp-json\/wp\/v2\/product"}],"about":[{"href":"https:\/\/letrame.com\/catalogo\/wp-json\/wp\/v2\/types\/product"}],"replies":[{"embeddable":true,"href":"https:\/\/letrame.com\/catalogo\/wp-json\/wp\/v2\/comments?post=107421"}],"acf:post":[{"embeddable":true,"href":"https:\/\/letrame.com\/catalogo\/wp-json\/wp\/v2\/author_book\/107420"}],"wp:featuredmedia":[{"embeddable":true,"href":"https:\/\/letrame.com\/catalogo\/wp-json\/wp\/v2\/media\/107424"}],"wp:attachment":[{"href":"https:\/\/letrame.com\/catalogo\/wp-json\/wp\/v2\/media?parent=107421"}],"wp:term":[{"taxonomy":"libro","embeddable":true,"href":"https:\/\/letrame.com\/catalogo\/wp-json\/wp\/v2\/libro?post=107421"},{"taxonomy":"product_brand","embeddable":true,"href":"https:\/\/letrame.com\/catalogo\/wp-json\/wp\/v2\/product_brand?post=107421"},{"taxonomy":"product_cat","embeddable":true,"href":"https:\/\/letrame.com\/catalogo\/wp-json\/wp\/v2\/product_cat?post=107421"},{"taxonomy":"product_tag","embeddable":true,"href":"https:\/\/letrame.com\/catalogo\/wp-json\/wp\/v2\/product_tag?post=107421"}],"curies":[{"name":"wp","href":"https:\/\/api.w.org\/{rel}","templated":true}]}}