{"id":107408,"date":"2024-12-05T15:22:14","date_gmt":"2024-12-05T14:22:14","guid":{"rendered":"https:\/\/letrame.com\/catalogo\/?post_type=product&#038;p=107408"},"modified":"2024-12-05T15:22:15","modified_gmt":"2024-12-05T14:22:15","slug":"everyday-morocco","status":"publish","type":"product","link":"https:\/\/letrame.com\/catalogo\/producto\/everyday-morocco\/","title":{"rendered":"Everyday Morocco"},"content":{"rendered":"<p class=\"p1\"><b>ISBN:\u00a0 <\/b>978-84-1068-800-1<\/p>\n<p class=\"p1\"><b>T\u00edtulo:\u00a0<\/b>Everyday Morocco<\/p>\n<p class=\"p1\"><b>A\u00f1o:\u00a0 <\/b>2024<\/p>\n<p class=\"p1\"><b>P\u00e1ginas:\u00a0<\/b>234<\/p>\n<p class=\"p1\"><b>SINOPSIS<\/b><\/p>\n<p>EVERYDAY MOROCCO is a collection of photographs taken during that first trip to Morocco and others that came later. In these shots I intend to capture scenes of the Moroccan life, the essence of some unique people and their culture. Here you will find a hundred different realities that caught my attention for one reason or another, a hundred instants that move me inside every time I recall them; in short, a hundred moments lived in Morocco that will always stay inside of me.<\/p>\n<p>EVERYDAY MOROCCO es una colecci\u00f3n de fotos de ese primer viaje a Marruecos y otros que vinieron despu\u00e9s. En ellas intento capturar escenas de la vida marroqu\u00ed, la esencia de una gente y una cultura \u00fanicas en el mundo. Aqu\u00ed encontrar\u00e1s cien realidades que llamaron mi atenci\u00f3n por alguna u otra raz\u00f3n, cien instantes que remueven algo en mi interior cada vez que los rememoro; en definitiva, cien momentos vividos en Marruecos que permanecer\u00e1n para siempre dentro de m\u00ed.<\/p>\n<p>EVERYDAY MOROCCO est une collection de photos de ce premier voyage au Maroc ainsi que d\u2019autres qui ont suivi. J\u2019essaie \u00e0 travers elles de capter des sc\u00e8nes de la vie marocaine, l\u2019essence d\u2019un peuple et d\u2019une culture uniques au monde. Ils\u2019agit de cent r\u00e9alit\u00e9s qui ont capt\u00e9 mon attention pour une raison ou une autre, cent instants qui ravivent quelque chose en moi \u00e0 chaque fois que je les rem\u00e9more; en d\u00e9finitive, cent moments v\u00e9cus au Maroc qui resteront en moi pour toujours.<\/p>\n","protected":false},"excerpt":{"rendered":"<p class=\"p1\"><b>ISBN:\u00a0 <\/b>978-84-1068-800-1<\/p>\n<p class=\"p1\"><b>SINOPSIS<\/b><\/p>\n<p>EVERYDAY MOROCCO is a collection of photographs taken during that first trip to Morocco and others that came later. In these shots I intend to capture scenes of the Moroccan life, the essence of some unique people and their culture. Here you will find a hundred different realities that caught my attention for one reason or another, a hundred instants that move me inside every time I recall them; in short, a hundred moments lived in Morocco that will always stay inside of me.<\/p>\n<p>EVERYDAY MOROCCO es una colecci\u00f3n de fotos de ese primer viaje a Marruecos y otros que vinieron despu\u00e9s. En ellas intento capturar escenas de la vida marroqu\u00ed, la esencia de una gente y una cultura \u00fanicas en el mundo. Aqu\u00ed encontrar\u00e1s cien realidades que llamaron mi atenci\u00f3n por alguna u otra raz\u00f3n, cien instantes que remueven algo en mi interior cada vez que los rememoro; en definitiva, cien momentos vividos en Marruecos que permanecer\u00e1n para siempre dentro de m\u00ed.<\/p>\n<p>EVERYDAY MOROCCO est une collection de photos de ce premier voyage au Maroc ainsi que d\u2019autres qui ont suivi. J\u2019essaie \u00e0 travers elles de capter des sc\u00e8nes de la vie marocaine, l\u2019essence d\u2019un peuple et d\u2019une culture uniques au monde. Ils\u2019agit de cent r\u00e9alit\u00e9s qui ont capt\u00e9 mon attention pour une raison ou une autre, cent instants qui ravivent quelque chose en moi \u00e0 chaque fois que je les rem\u00e9more; en d\u00e9finitive, cent moments v\u00e9cus au Maroc qui resteront en moi pour toujours.<\/p>\n","protected":false},"featured_media":107410,"comment_status":"open","ping_status":"closed","template":"","meta":{"_acf_changed":false},"libro":[],"product_brand":[],"product_cat":[56],"product_tag":[],"class_list":{"0":"post-107408","1":"product","2":"type-product","3":"status-publish","4":"has-post-thumbnail","6":"product_cat-fotografia","8":"first","9":"instock","10":"shipping-taxable","11":"product-type-simple"},"acf":{"autor":[107409],"enlace_de_compra":""},"yoast_head":"<!-- This site is optimized with the Yoast SEO plugin v26.6 - https:\/\/yoast.com\/wordpress\/plugins\/seo\/ -->\n<title>Everyday Morocco - Catalogo | Letrame Grupo Editorial<\/title>\n<meta name=\"robots\" content=\"index, follow, max-snippet:-1, max-image-preview:large, max-video-preview:-1\" \/>\n<link rel=\"canonical\" href=\"https:\/\/letrame.com\/catalogo\/producto\/everyday-morocco\/\" \/>\n<meta property=\"og:locale\" content=\"es_ES\" \/>\n<meta property=\"og:type\" content=\"article\" \/>\n<meta property=\"og:title\" content=\"Everyday Morocco - Catalogo | Letrame Grupo Editorial\" \/>\n<meta property=\"og:description\" content=\"ISBN:\u00a0 978-84-1068-800-1 SINOPSIS EVERYDAY MOROCCO is a collection of photographs taken during that first trip to Morocco and others that came later. In these shots I intend to capture scenes of the Moroccan life, the essence of some unique people and their culture. Here you will find a hundred different realities that caught my attention for one reason or another, a hundred instants that move me inside every time I recall them; in short, a hundred moments lived in Morocco that will always stay inside of me.  EVERYDAY MOROCCO es una colecci\u00f3n de fotos de ese primer viaje a Marruecos y otros que vinieron despu\u00e9s. En ellas intento capturar escenas de la vida marroqu\u00ed, la esencia de una gente y una cultura \u00fanicas en el mundo. Aqu\u00ed encontrar\u00e1s cien realidades que llamaron mi atenci\u00f3n por alguna u otra raz\u00f3n, cien instantes que remueven algo en mi interior cada vez que los rememoro; en definitiva, cien momentos vividos en Marruecos que permanecer\u00e1n para siempre dentro de m\u00ed.  EVERYDAY MOROCCO est une collection de photos de ce premier voyage au Maroc ainsi que d\u2019autres qui ont suivi. J\u2019essaie \u00e0 travers elles de capter des sc\u00e8nes de la vie marocaine, l\u2019essence d\u2019un peuple et d\u2019une culture uniques au monde. Ils\u2019agit de cent r\u00e9alit\u00e9s qui ont capt\u00e9 mon attention pour une raison ou une autre, cent instants qui ravivent quelque chose en moi \u00e0 chaque fois que je les rem\u00e9more; en d\u00e9finitive, cent moments v\u00e9cus au Maroc qui resteront en moi pour toujours.\" \/>\n<meta property=\"og:url\" content=\"https:\/\/letrame.com\/catalogo\/producto\/everyday-morocco\/\" \/>\n<meta property=\"og:site_name\" content=\"Catalogo | Letrame Grupo Editorial\" \/>\n<meta property=\"article:modified_time\" content=\"2024-12-05T14:22:15+00:00\" \/>\n<meta property=\"og:image\" content=\"https:\/\/letrame.com\/catalogo\/wp-content\/uploads\/2024\/12\/zp_everydaymorocco_155mm.jpg\" \/>\n\t<meta property=\"og:image:width\" content=\"900\" \/>\n\t<meta property=\"og:image:height\" content=\"637\" \/>\n\t<meta property=\"og:image:type\" content=\"image\/jpeg\" \/>\n<meta name=\"twitter:card\" content=\"summary_large_image\" \/>\n<meta name=\"twitter:label1\" content=\"Tiempo de lectura\" \/>\n\t<meta name=\"twitter:data1\" content=\"2 minutos\" \/>\n<script type=\"application\/ld+json\" class=\"yoast-schema-graph\">{\"@context\":\"https:\/\/schema.org\",\"@graph\":[{\"@type\":\"WebPage\",\"@id\":\"https:\/\/letrame.com\/catalogo\/producto\/everyday-morocco\/\",\"url\":\"https:\/\/letrame.com\/catalogo\/producto\/everyday-morocco\/\",\"name\":\"Everyday Morocco - Catalogo | Letrame Grupo Editorial\",\"isPartOf\":{\"@id\":\"https:\/\/letrame.com\/catalogo\/#website\"},\"primaryImageOfPage\":{\"@id\":\"https:\/\/letrame.com\/catalogo\/producto\/everyday-morocco\/#primaryimage\"},\"image\":{\"@id\":\"https:\/\/letrame.com\/catalogo\/producto\/everyday-morocco\/#primaryimage\"},\"thumbnailUrl\":\"https:\/\/letrame.com\/catalogo\/wp-content\/uploads\/2024\/12\/zp_everydaymorocco_155mm.jpg\",\"datePublished\":\"2024-12-05T14:22:14+00:00\",\"dateModified\":\"2024-12-05T14:22:15+00:00\",\"breadcrumb\":{\"@id\":\"https:\/\/letrame.com\/catalogo\/producto\/everyday-morocco\/#breadcrumb\"},\"inLanguage\":\"es\",\"potentialAction\":[{\"@type\":\"ReadAction\",\"target\":[\"https:\/\/letrame.com\/catalogo\/producto\/everyday-morocco\/\"]}]},{\"@type\":\"ImageObject\",\"inLanguage\":\"es\",\"@id\":\"https:\/\/letrame.com\/catalogo\/producto\/everyday-morocco\/#primaryimage\",\"url\":\"https:\/\/letrame.com\/catalogo\/wp-content\/uploads\/2024\/12\/zp_everydaymorocco_155mm.jpg\",\"contentUrl\":\"https:\/\/letrame.com\/catalogo\/wp-content\/uploads\/2024\/12\/zp_everydaymorocco_155mm.jpg\",\"width\":900,\"height\":637},{\"@type\":\"BreadcrumbList\",\"@id\":\"https:\/\/letrame.com\/catalogo\/producto\/everyday-morocco\/#breadcrumb\",\"itemListElement\":[{\"@type\":\"ListItem\",\"position\":1,\"name\":\"Portada\",\"item\":\"https:\/\/letrame.com\/catalogo\/\"},{\"@type\":\"ListItem\",\"position\":2,\"name\":\"Cat\u00e1logo\",\"item\":\"https:\/\/letrame.com\/catalogo\/\"},{\"@type\":\"ListItem\",\"position\":3,\"name\":\"Everyday Morocco\"}]},{\"@type\":\"WebSite\",\"@id\":\"https:\/\/letrame.com\/catalogo\/#website\",\"url\":\"https:\/\/letrame.com\/catalogo\/\",\"name\":\"Catalogo | Letrame Grupo Editorial\",\"description\":\"\",\"publisher\":{\"@id\":\"https:\/\/letrame.com\/catalogo\/#organization\"},\"potentialAction\":[{\"@type\":\"SearchAction\",\"target\":{\"@type\":\"EntryPoint\",\"urlTemplate\":\"https:\/\/letrame.com\/catalogo\/?s={search_term_string}\"},\"query-input\":{\"@type\":\"PropertyValueSpecification\",\"valueRequired\":true,\"valueName\":\"search_term_string\"}}],\"inLanguage\":\"es\"},{\"@type\":\"Organization\",\"@id\":\"https:\/\/letrame.com\/catalogo\/#organization\",\"name\":\"Catalogo | Letrame Grupo Editorial\",\"url\":\"https:\/\/letrame.com\/catalogo\/\",\"logo\":{\"@type\":\"ImageObject\",\"inLanguage\":\"es\",\"@id\":\"https:\/\/letrame.com\/catalogo\/#\/schema\/logo\/image\/\",\"url\":\"https:\/\/letrame.com\/catalogo\/wp-content\/uploads\/2024\/03\/logo2.webp\",\"contentUrl\":\"https:\/\/letrame.com\/catalogo\/wp-content\/uploads\/2024\/03\/logo2.webp\",\"width\":394,\"height\":128,\"caption\":\"Catalogo | Letrame Grupo Editorial\"},\"image\":{\"@id\":\"https:\/\/letrame.com\/catalogo\/#\/schema\/logo\/image\/\"}}]}<\/script>\n<!-- \/ Yoast SEO plugin. -->","yoast_head_json":{"title":"Everyday Morocco - Catalogo | Letrame Grupo Editorial","robots":{"index":"index","follow":"follow","max-snippet":"max-snippet:-1","max-image-preview":"max-image-preview:large","max-video-preview":"max-video-preview:-1"},"canonical":"https:\/\/letrame.com\/catalogo\/producto\/everyday-morocco\/","og_locale":"es_ES","og_type":"article","og_title":"Everyday Morocco - Catalogo | Letrame Grupo Editorial","og_description":"ISBN:\u00a0 978-84-1068-800-1 SINOPSIS EVERYDAY MOROCCO is a collection of photographs taken during that first trip to Morocco and others that came later. In these shots I intend to capture scenes of the Moroccan life, the essence of some unique people and their culture. Here you will find a hundred different realities that caught my attention for one reason or another, a hundred instants that move me inside every time I recall them; in short, a hundred moments lived in Morocco that will always stay inside of me.  EVERYDAY MOROCCO es una colecci\u00f3n de fotos de ese primer viaje a Marruecos y otros que vinieron despu\u00e9s. En ellas intento capturar escenas de la vida marroqu\u00ed, la esencia de una gente y una cultura \u00fanicas en el mundo. Aqu\u00ed encontrar\u00e1s cien realidades que llamaron mi atenci\u00f3n por alguna u otra raz\u00f3n, cien instantes que remueven algo en mi interior cada vez que los rememoro; en definitiva, cien momentos vividos en Marruecos que permanecer\u00e1n para siempre dentro de m\u00ed.  EVERYDAY MOROCCO est une collection de photos de ce premier voyage au Maroc ainsi que d\u2019autres qui ont suivi. J\u2019essaie \u00e0 travers elles de capter des sc\u00e8nes de la vie marocaine, l\u2019essence d\u2019un peuple et d\u2019une culture uniques au monde. Ils\u2019agit de cent r\u00e9alit\u00e9s qui ont capt\u00e9 mon attention pour une raison ou une autre, cent instants qui ravivent quelque chose en moi \u00e0 chaque fois que je les rem\u00e9more; en d\u00e9finitive, cent moments v\u00e9cus au Maroc qui resteront en moi pour toujours.","og_url":"https:\/\/letrame.com\/catalogo\/producto\/everyday-morocco\/","og_site_name":"Catalogo | Letrame Grupo Editorial","article_modified_time":"2024-12-05T14:22:15+00:00","og_image":[{"width":900,"height":637,"url":"https:\/\/letrame.com\/catalogo\/wp-content\/uploads\/2024\/12\/zp_everydaymorocco_155mm.jpg","type":"image\/jpeg"}],"twitter_card":"summary_large_image","twitter_misc":{"Tiempo de lectura":"2 minutos"},"schema":{"@context":"https:\/\/schema.org","@graph":[{"@type":"WebPage","@id":"https:\/\/letrame.com\/catalogo\/producto\/everyday-morocco\/","url":"https:\/\/letrame.com\/catalogo\/producto\/everyday-morocco\/","name":"Everyday Morocco - Catalogo | Letrame Grupo Editorial","isPartOf":{"@id":"https:\/\/letrame.com\/catalogo\/#website"},"primaryImageOfPage":{"@id":"https:\/\/letrame.com\/catalogo\/producto\/everyday-morocco\/#primaryimage"},"image":{"@id":"https:\/\/letrame.com\/catalogo\/producto\/everyday-morocco\/#primaryimage"},"thumbnailUrl":"https:\/\/letrame.com\/catalogo\/wp-content\/uploads\/2024\/12\/zp_everydaymorocco_155mm.jpg","datePublished":"2024-12-05T14:22:14+00:00","dateModified":"2024-12-05T14:22:15+00:00","breadcrumb":{"@id":"https:\/\/letrame.com\/catalogo\/producto\/everyday-morocco\/#breadcrumb"},"inLanguage":"es","potentialAction":[{"@type":"ReadAction","target":["https:\/\/letrame.com\/catalogo\/producto\/everyday-morocco\/"]}]},{"@type":"ImageObject","inLanguage":"es","@id":"https:\/\/letrame.com\/catalogo\/producto\/everyday-morocco\/#primaryimage","url":"https:\/\/letrame.com\/catalogo\/wp-content\/uploads\/2024\/12\/zp_everydaymorocco_155mm.jpg","contentUrl":"https:\/\/letrame.com\/catalogo\/wp-content\/uploads\/2024\/12\/zp_everydaymorocco_155mm.jpg","width":900,"height":637},{"@type":"BreadcrumbList","@id":"https:\/\/letrame.com\/catalogo\/producto\/everyday-morocco\/#breadcrumb","itemListElement":[{"@type":"ListItem","position":1,"name":"Portada","item":"https:\/\/letrame.com\/catalogo\/"},{"@type":"ListItem","position":2,"name":"Cat\u00e1logo","item":"https:\/\/letrame.com\/catalogo\/"},{"@type":"ListItem","position":3,"name":"Everyday Morocco"}]},{"@type":"WebSite","@id":"https:\/\/letrame.com\/catalogo\/#website","url":"https:\/\/letrame.com\/catalogo\/","name":"Catalogo | Letrame Grupo Editorial","description":"","publisher":{"@id":"https:\/\/letrame.com\/catalogo\/#organization"},"potentialAction":[{"@type":"SearchAction","target":{"@type":"EntryPoint","urlTemplate":"https:\/\/letrame.com\/catalogo\/?s={search_term_string}"},"query-input":{"@type":"PropertyValueSpecification","valueRequired":true,"valueName":"search_term_string"}}],"inLanguage":"es"},{"@type":"Organization","@id":"https:\/\/letrame.com\/catalogo\/#organization","name":"Catalogo | Letrame Grupo Editorial","url":"https:\/\/letrame.com\/catalogo\/","logo":{"@type":"ImageObject","inLanguage":"es","@id":"https:\/\/letrame.com\/catalogo\/#\/schema\/logo\/image\/","url":"https:\/\/letrame.com\/catalogo\/wp-content\/uploads\/2024\/03\/logo2.webp","contentUrl":"https:\/\/letrame.com\/catalogo\/wp-content\/uploads\/2024\/03\/logo2.webp","width":394,"height":128,"caption":"Catalogo | Letrame Grupo Editorial"},"image":{"@id":"https:\/\/letrame.com\/catalogo\/#\/schema\/logo\/image\/"}}]}},"_links":{"self":[{"href":"https:\/\/letrame.com\/catalogo\/wp-json\/wp\/v2\/product\/107408","targetHints":{"allow":["GET"]}}],"collection":[{"href":"https:\/\/letrame.com\/catalogo\/wp-json\/wp\/v2\/product"}],"about":[{"href":"https:\/\/letrame.com\/catalogo\/wp-json\/wp\/v2\/types\/product"}],"replies":[{"embeddable":true,"href":"https:\/\/letrame.com\/catalogo\/wp-json\/wp\/v2\/comments?post=107408"}],"acf:post":[{"embeddable":true,"href":"https:\/\/letrame.com\/catalogo\/wp-json\/wp\/v2\/author_book\/107409"}],"wp:featuredmedia":[{"embeddable":true,"href":"https:\/\/letrame.com\/catalogo\/wp-json\/wp\/v2\/media\/107410"}],"wp:attachment":[{"href":"https:\/\/letrame.com\/catalogo\/wp-json\/wp\/v2\/media?parent=107408"}],"wp:term":[{"taxonomy":"libro","embeddable":true,"href":"https:\/\/letrame.com\/catalogo\/wp-json\/wp\/v2\/libro?post=107408"},{"taxonomy":"product_brand","embeddable":true,"href":"https:\/\/letrame.com\/catalogo\/wp-json\/wp\/v2\/product_brand?post=107408"},{"taxonomy":"product_cat","embeddable":true,"href":"https:\/\/letrame.com\/catalogo\/wp-json\/wp\/v2\/product_cat?post=107408"},{"taxonomy":"product_tag","embeddable":true,"href":"https:\/\/letrame.com\/catalogo\/wp-json\/wp\/v2\/product_tag?post=107408"}],"curies":[{"name":"wp","href":"https:\/\/api.w.org\/{rel}","templated":true}]}}