{"id":107394,"date":"2024-12-03T15:56:27","date_gmt":"2024-12-03T14:56:27","guid":{"rendered":"https:\/\/letrame.com\/catalogo\/?post_type=product&#038;p=107394"},"modified":"2024-12-03T15:56:27","modified_gmt":"2024-12-03T14:56:27","slug":"el-templo","status":"publish","type":"product","link":"https:\/\/letrame.com\/catalogo\/producto\/el-templo\/","title":{"rendered":"El templo"},"content":{"rendered":"<p class=\"p1\"><b>ISBN:\u00a0 <\/b>978-84-1089-191-3<\/p>\n<p class=\"p1\"><b>T\u00edtulo:<\/b> El templo<\/p>\n<p class=\"p1\"><b>A\u00f1o:\u00a0<\/b>2024<\/p>\n<p class=\"p1\"><b>P\u00e1ginas:\u00a0<\/b>116<\/p>\n<p class=\"p1\"><b>SINOPSIS<\/b><\/p>\n<p>Existe un lugar donde las horas se desvanecen y las palabras cobran vida propia, un espacio donde los pensamientos se deslizan entre los \u00e1rboles y las emociones se mezclan con el aire que respiramos. All\u00ed, las ra\u00edces del alma se hunden en la tierra, buscando respuestas que solo el silencio puede ofrecer.<\/p>\n<p>&nbsp;<\/p>\n<p>Este libro es un viaje hacia ese espacio inexplorado, una b\u00fasqueda de sentido en medio del caos y la serenidad. Es un canto po\u00e9tico a la naturaleza, a los ciclos de la vida y la muerte, y a las conexiones invisibles que nos unen con el mundo que nos rodea. Con cada p\u00e1gina, Andrea Gastaminza nos ayuda a despojarnos de las capas que nos alejan de nuestra esencia, a escuchar la voz de los \u00e1rboles, el murmullo del viento y a dejarnos guiar por la sabidur\u00eda ancestral de la tierra.<\/p>\n<p>&nbsp;<\/p>\n<p>Si te atreves a adentrarte en este viaje, te convertir\u00e1s en un peregrino del alma, un explorador de paisajes emocionales y espirituales que nos hablan de nuestra propia existencia y de la relaci\u00f3n que mantenemos con el templo que habitamos y destruimos. Es una obra que nos desaf\u00eda a mirar m\u00e1s all\u00e1 de lo evidente, a encontrar la belleza en lo ef\u00edmero y a abrazar la vulnerabilidad como parte esencial de nosotros mismos.<\/p>\n<p>&nbsp;<\/p>\n","protected":false},"excerpt":{"rendered":"<p class=\"p1\"><b>ISBN:\u00a0 <\/b>978-84-1089-191-3<\/p>\n<p class=\"p1\">\n<p class=\"p1\"><b>SINOPSIS<\/b><\/p>\n<p>Existe un lugar donde las horas se desvanecen y las palabras cobran vida propia, un espacio donde los pensamientos se deslizan entre los \u00e1rboles y las emociones se mezclan con el aire que respiramos. All\u00ed, las ra\u00edces del alma se hunden en la tierra, buscando respuestas que solo el silencio puede ofrecer.<\/p>\n<p>&nbsp;<\/p>\n<p>Este libro es un viaje hacia ese espacio inexplorado, una b\u00fasqueda de sentido en medio del caos y la serenidad. Es un canto po\u00e9tico a la naturaleza, a los ciclos de la vida y la muerte, y a las conexiones invisibles que nos unen con el mundo que nos rodea. Con cada p\u00e1gina, Andrea Gastaminza nos ayuda a despojarnos de las capas que nos alejan de nuestra esencia, a escuchar la voz de los \u00e1rboles, el murmullo del viento y a dejarnos guiar por la sabidur\u00eda ancestral de la tierra.<\/p>\n<p>&nbsp;<\/p>\n<p>Si te atreves a adentrarte en este viaje, te convertir\u00e1s en un peregrino del alma, un explorador de paisajes emocionales y espirituales que nos hablan de nuestra propia existencia y de la relaci\u00f3n que mantenemos con el templo que habitamos y destruimos. Es una obra que nos desaf\u00eda a mirar m\u00e1s all\u00e1 de lo evidente, a encontrar la belleza en lo ef\u00edmero y a abrazar la vulnerabilidad como parte esencial de nosotros mismos.<\/p>\n<p>&nbsp;<\/p>\n","protected":false},"featured_media":107396,"comment_status":"open","ping_status":"closed","template":"","meta":{"_acf_changed":false},"libro":[],"product_brand":[],"product_cat":[20],"product_tag":[],"class_list":{"0":"post-107394","1":"product","2":"type-product","3":"status-publish","4":"has-post-thumbnail","6":"product_cat-poesia","8":"first","9":"instock","10":"shipping-taxable","11":"product-type-simple"},"acf":{"autor":[107393],"enlace_de_compra":"https:\/\/amzn.to\/4f2zsb1"},"yoast_head":"<!-- This site is optimized with the Yoast SEO plugin v27.4 - https:\/\/yoast.com\/product\/yoast-seo-wordpress\/ -->\n<title>El templo - Catalogo | Letrame Grupo Editorial<\/title>\n<meta name=\"robots\" content=\"index, follow, max-snippet:-1, max-image-preview:large, max-video-preview:-1\" \/>\n<link rel=\"canonical\" href=\"https:\/\/letrame.com\/catalogo\/producto\/el-templo\/\" \/>\n<meta property=\"og:locale\" content=\"es_ES\" \/>\n<meta property=\"og:type\" content=\"article\" \/>\n<meta property=\"og:title\" content=\"El templo - Catalogo | Letrame Grupo Editorial\" \/>\n<meta property=\"og:description\" content=\"ISBN:\u00a0 978-84-1089-191-3  SINOPSIS Existe un lugar donde las horas se desvanecen y las palabras cobran vida propia, un espacio donde los pensamientos se deslizan entre los \u00e1rboles y las emociones se mezclan con el aire que respiramos. All\u00ed, las ra\u00edces del alma se hunden en la tierra, buscando respuestas que solo el silencio puede ofrecer.  &nbsp;  Este libro es un viaje hacia ese espacio inexplorado, una b\u00fasqueda de sentido en medio del caos y la serenidad. Es un canto po\u00e9tico a la naturaleza, a los ciclos de la vida y la muerte, y a las conexiones invisibles que nos unen con el mundo que nos rodea. Con cada p\u00e1gina, Andrea Gastaminza nos ayuda a despojarnos de las capas que nos alejan de nuestra esencia, a escuchar la voz de los \u00e1rboles, el murmullo del viento y a dejarnos guiar por la sabidur\u00eda ancestral de la tierra.  &nbsp;  Si te atreves a adentrarte en este viaje, te convertir\u00e1s en un peregrino del alma, un explorador de paisajes emocionales y espirituales que nos hablan de nuestra propia existencia y de la relaci\u00f3n que mantenemos con el templo que habitamos y destruimos. Es una obra que nos desaf\u00eda a mirar m\u00e1s all\u00e1 de lo evidente, a encontrar la belleza en lo ef\u00edmero y a abrazar la vulnerabilidad como parte esencial de nosotros mismos.  &nbsp;\" \/>\n<meta property=\"og:url\" content=\"https:\/\/letrame.com\/catalogo\/producto\/el-templo\/\" \/>\n<meta property=\"og:site_name\" content=\"Catalogo | Letrame Grupo Editorial\" \/>\n<meta property=\"og:image\" content=\"https:\/\/letrame.com\/catalogo\/wp-content\/uploads\/2024\/12\/zeltemplo_642mmv34.jpg\" \/>\n\t<meta property=\"og:image:width\" content=\"1000\" \/>\n\t<meta property=\"og:image:height\" content=\"1445\" \/>\n\t<meta property=\"og:image:type\" content=\"image\/jpeg\" \/>\n<meta name=\"twitter:card\" content=\"summary_large_image\" \/>\n<meta name=\"twitter:label1\" content=\"Tiempo de lectura\" \/>\n\t<meta name=\"twitter:data1\" content=\"2 minutos\" \/>\n<script type=\"application\/ld+json\" class=\"yoast-schema-graph\">{\"@context\":\"https:\\\/\\\/schema.org\",\"@graph\":[{\"@type\":\"WebPage\",\"@id\":\"https:\\\/\\\/letrame.com\\\/catalogo\\\/producto\\\/el-templo\\\/\",\"url\":\"https:\\\/\\\/letrame.com\\\/catalogo\\\/producto\\\/el-templo\\\/\",\"name\":\"El templo - Catalogo | Letrame Grupo Editorial\",\"isPartOf\":{\"@id\":\"https:\\\/\\\/letrame.com\\\/catalogo\\\/#website\"},\"primaryImageOfPage\":{\"@id\":\"https:\\\/\\\/letrame.com\\\/catalogo\\\/producto\\\/el-templo\\\/#primaryimage\"},\"image\":{\"@id\":\"https:\\\/\\\/letrame.com\\\/catalogo\\\/producto\\\/el-templo\\\/#primaryimage\"},\"thumbnailUrl\":\"https:\\\/\\\/letrame.com\\\/catalogo\\\/wp-content\\\/uploads\\\/2024\\\/12\\\/zeltemplo_642mmv34.jpg\",\"datePublished\":\"2024-12-03T14:56:27+00:00\",\"breadcrumb\":{\"@id\":\"https:\\\/\\\/letrame.com\\\/catalogo\\\/producto\\\/el-templo\\\/#breadcrumb\"},\"inLanguage\":\"es\",\"potentialAction\":[{\"@type\":\"ReadAction\",\"target\":[\"https:\\\/\\\/letrame.com\\\/catalogo\\\/producto\\\/el-templo\\\/\"]}]},{\"@type\":\"ImageObject\",\"inLanguage\":\"es\",\"@id\":\"https:\\\/\\\/letrame.com\\\/catalogo\\\/producto\\\/el-templo\\\/#primaryimage\",\"url\":\"https:\\\/\\\/letrame.com\\\/catalogo\\\/wp-content\\\/uploads\\\/2024\\\/12\\\/zeltemplo_642mmv34.jpg\",\"contentUrl\":\"https:\\\/\\\/letrame.com\\\/catalogo\\\/wp-content\\\/uploads\\\/2024\\\/12\\\/zeltemplo_642mmv34.jpg\",\"width\":1000,\"height\":1445},{\"@type\":\"BreadcrumbList\",\"@id\":\"https:\\\/\\\/letrame.com\\\/catalogo\\\/producto\\\/el-templo\\\/#breadcrumb\",\"itemListElement\":[{\"@type\":\"ListItem\",\"position\":1,\"name\":\"Portada\",\"item\":\"https:\\\/\\\/letrame.com\\\/catalogo\\\/\"},{\"@type\":\"ListItem\",\"position\":2,\"name\":\"Cat\u00e1logo\",\"item\":\"https:\\\/\\\/letrame.com\\\/catalogo\\\/\"},{\"@type\":\"ListItem\",\"position\":3,\"name\":\"El templo\"}]},{\"@type\":\"WebSite\",\"@id\":\"https:\\\/\\\/letrame.com\\\/catalogo\\\/#website\",\"url\":\"https:\\\/\\\/letrame.com\\\/catalogo\\\/\",\"name\":\"Catalogo | Letrame Grupo Editorial\",\"description\":\"\",\"publisher\":{\"@id\":\"https:\\\/\\\/letrame.com\\\/catalogo\\\/#organization\"},\"potentialAction\":[{\"@type\":\"SearchAction\",\"target\":{\"@type\":\"EntryPoint\",\"urlTemplate\":\"https:\\\/\\\/letrame.com\\\/catalogo\\\/?s={search_term_string}\"},\"query-input\":{\"@type\":\"PropertyValueSpecification\",\"valueRequired\":true,\"valueName\":\"search_term_string\"}}],\"inLanguage\":\"es\"},{\"@type\":\"Organization\",\"@id\":\"https:\\\/\\\/letrame.com\\\/catalogo\\\/#organization\",\"name\":\"Catalogo | Letrame Grupo Editorial\",\"url\":\"https:\\\/\\\/letrame.com\\\/catalogo\\\/\",\"logo\":{\"@type\":\"ImageObject\",\"inLanguage\":\"es\",\"@id\":\"https:\\\/\\\/letrame.com\\\/catalogo\\\/#\\\/schema\\\/logo\\\/image\\\/\",\"url\":\"https:\\\/\\\/letrame.com\\\/catalogo\\\/wp-content\\\/uploads\\\/2024\\\/03\\\/logo2.webp\",\"contentUrl\":\"https:\\\/\\\/letrame.com\\\/catalogo\\\/wp-content\\\/uploads\\\/2024\\\/03\\\/logo2.webp\",\"width\":394,\"height\":128,\"caption\":\"Catalogo | Letrame Grupo Editorial\"},\"image\":{\"@id\":\"https:\\\/\\\/letrame.com\\\/catalogo\\\/#\\\/schema\\\/logo\\\/image\\\/\"}}]}<\/script>\n<!-- \/ Yoast SEO plugin. -->","yoast_head_json":{"title":"El templo - Catalogo | Letrame Grupo Editorial","robots":{"index":"index","follow":"follow","max-snippet":"max-snippet:-1","max-image-preview":"max-image-preview:large","max-video-preview":"max-video-preview:-1"},"canonical":"https:\/\/letrame.com\/catalogo\/producto\/el-templo\/","og_locale":"es_ES","og_type":"article","og_title":"El templo - Catalogo | Letrame Grupo Editorial","og_description":"ISBN:\u00a0 978-84-1089-191-3  SINOPSIS Existe un lugar donde las horas se desvanecen y las palabras cobran vida propia, un espacio donde los pensamientos se deslizan entre los \u00e1rboles y las emociones se mezclan con el aire que respiramos. All\u00ed, las ra\u00edces del alma se hunden en la tierra, buscando respuestas que solo el silencio puede ofrecer.  &nbsp;  Este libro es un viaje hacia ese espacio inexplorado, una b\u00fasqueda de sentido en medio del caos y la serenidad. Es un canto po\u00e9tico a la naturaleza, a los ciclos de la vida y la muerte, y a las conexiones invisibles que nos unen con el mundo que nos rodea. Con cada p\u00e1gina, Andrea Gastaminza nos ayuda a despojarnos de las capas que nos alejan de nuestra esencia, a escuchar la voz de los \u00e1rboles, el murmullo del viento y a dejarnos guiar por la sabidur\u00eda ancestral de la tierra.  &nbsp;  Si te atreves a adentrarte en este viaje, te convertir\u00e1s en un peregrino del alma, un explorador de paisajes emocionales y espirituales que nos hablan de nuestra propia existencia y de la relaci\u00f3n que mantenemos con el templo que habitamos y destruimos. Es una obra que nos desaf\u00eda a mirar m\u00e1s all\u00e1 de lo evidente, a encontrar la belleza en lo ef\u00edmero y a abrazar la vulnerabilidad como parte esencial de nosotros mismos.  &nbsp;","og_url":"https:\/\/letrame.com\/catalogo\/producto\/el-templo\/","og_site_name":"Catalogo | Letrame Grupo Editorial","og_image":[{"width":1000,"height":1445,"url":"https:\/\/letrame.com\/catalogo\/wp-content\/uploads\/2024\/12\/zeltemplo_642mmv34.jpg","type":"image\/jpeg"}],"twitter_card":"summary_large_image","twitter_misc":{"Tiempo de lectura":"2 minutos"},"schema":{"@context":"https:\/\/schema.org","@graph":[{"@type":"WebPage","@id":"https:\/\/letrame.com\/catalogo\/producto\/el-templo\/","url":"https:\/\/letrame.com\/catalogo\/producto\/el-templo\/","name":"El templo - Catalogo | Letrame Grupo Editorial","isPartOf":{"@id":"https:\/\/letrame.com\/catalogo\/#website"},"primaryImageOfPage":{"@id":"https:\/\/letrame.com\/catalogo\/producto\/el-templo\/#primaryimage"},"image":{"@id":"https:\/\/letrame.com\/catalogo\/producto\/el-templo\/#primaryimage"},"thumbnailUrl":"https:\/\/letrame.com\/catalogo\/wp-content\/uploads\/2024\/12\/zeltemplo_642mmv34.jpg","datePublished":"2024-12-03T14:56:27+00:00","breadcrumb":{"@id":"https:\/\/letrame.com\/catalogo\/producto\/el-templo\/#breadcrumb"},"inLanguage":"es","potentialAction":[{"@type":"ReadAction","target":["https:\/\/letrame.com\/catalogo\/producto\/el-templo\/"]}]},{"@type":"ImageObject","inLanguage":"es","@id":"https:\/\/letrame.com\/catalogo\/producto\/el-templo\/#primaryimage","url":"https:\/\/letrame.com\/catalogo\/wp-content\/uploads\/2024\/12\/zeltemplo_642mmv34.jpg","contentUrl":"https:\/\/letrame.com\/catalogo\/wp-content\/uploads\/2024\/12\/zeltemplo_642mmv34.jpg","width":1000,"height":1445},{"@type":"BreadcrumbList","@id":"https:\/\/letrame.com\/catalogo\/producto\/el-templo\/#breadcrumb","itemListElement":[{"@type":"ListItem","position":1,"name":"Portada","item":"https:\/\/letrame.com\/catalogo\/"},{"@type":"ListItem","position":2,"name":"Cat\u00e1logo","item":"https:\/\/letrame.com\/catalogo\/"},{"@type":"ListItem","position":3,"name":"El templo"}]},{"@type":"WebSite","@id":"https:\/\/letrame.com\/catalogo\/#website","url":"https:\/\/letrame.com\/catalogo\/","name":"Catalogo | Letrame Grupo Editorial","description":"","publisher":{"@id":"https:\/\/letrame.com\/catalogo\/#organization"},"potentialAction":[{"@type":"SearchAction","target":{"@type":"EntryPoint","urlTemplate":"https:\/\/letrame.com\/catalogo\/?s={search_term_string}"},"query-input":{"@type":"PropertyValueSpecification","valueRequired":true,"valueName":"search_term_string"}}],"inLanguage":"es"},{"@type":"Organization","@id":"https:\/\/letrame.com\/catalogo\/#organization","name":"Catalogo | Letrame Grupo Editorial","url":"https:\/\/letrame.com\/catalogo\/","logo":{"@type":"ImageObject","inLanguage":"es","@id":"https:\/\/letrame.com\/catalogo\/#\/schema\/logo\/image\/","url":"https:\/\/letrame.com\/catalogo\/wp-content\/uploads\/2024\/03\/logo2.webp","contentUrl":"https:\/\/letrame.com\/catalogo\/wp-content\/uploads\/2024\/03\/logo2.webp","width":394,"height":128,"caption":"Catalogo | Letrame Grupo Editorial"},"image":{"@id":"https:\/\/letrame.com\/catalogo\/#\/schema\/logo\/image\/"}}]}},"_links":{"self":[{"href":"https:\/\/letrame.com\/catalogo\/wp-json\/wp\/v2\/product\/107394","targetHints":{"allow":["GET"]}}],"collection":[{"href":"https:\/\/letrame.com\/catalogo\/wp-json\/wp\/v2\/product"}],"about":[{"href":"https:\/\/letrame.com\/catalogo\/wp-json\/wp\/v2\/types\/product"}],"replies":[{"embeddable":true,"href":"https:\/\/letrame.com\/catalogo\/wp-json\/wp\/v2\/comments?post=107394"}],"acf:post":[{"embeddable":true,"href":"https:\/\/letrame.com\/catalogo\/wp-json\/wp\/v2\/author_book\/107393"}],"wp:featuredmedia":[{"embeddable":true,"href":"https:\/\/letrame.com\/catalogo\/wp-json\/wp\/v2\/media\/107396"}],"wp:attachment":[{"href":"https:\/\/letrame.com\/catalogo\/wp-json\/wp\/v2\/media?parent=107394"}],"wp:term":[{"taxonomy":"libro","embeddable":true,"href":"https:\/\/letrame.com\/catalogo\/wp-json\/wp\/v2\/libro?post=107394"},{"taxonomy":"product_brand","embeddable":true,"href":"https:\/\/letrame.com\/catalogo\/wp-json\/wp\/v2\/product_brand?post=107394"},{"taxonomy":"product_cat","embeddable":true,"href":"https:\/\/letrame.com\/catalogo\/wp-json\/wp\/v2\/product_cat?post=107394"},{"taxonomy":"product_tag","embeddable":true,"href":"https:\/\/letrame.com\/catalogo\/wp-json\/wp\/v2\/product_tag?post=107394"}],"curies":[{"name":"wp","href":"https:\/\/api.w.org\/{rel}","templated":true}]}}