{"id":107374,"date":"2024-12-03T15:29:51","date_gmt":"2024-12-03T14:29:51","guid":{"rendered":"https:\/\/letrame.com\/catalogo\/?post_type=product&#038;p=107374"},"modified":"2024-12-03T15:30:18","modified_gmt":"2024-12-03T14:30:18","slug":"despertar-boreal","status":"publish","type":"product","link":"https:\/\/letrame.com\/catalogo\/producto\/despertar-boreal\/","title":{"rendered":"Despertar boreal"},"content":{"rendered":"<p class=\"p1\"><b>ISBN: <\/b>978-84-1089-195-1<\/p>\n<p class=\"p1\"><b>T\u00edtulo:\u00a0<\/b>Despertar boreal<\/p>\n<p class=\"p1\"><b>A\u00f1o:<\/b> 2024<\/p>\n<p class=\"p1\"><b>P\u00e1ginas:<\/b> 198<\/p>\n<p class=\"p1\"><b>SINOPSIS<\/b><\/p>\n<p>\u00a0\u00a0\u00a0 \u00a0\u00a0\u00a0\u00a0\u00a0El presente libro, que lo titulo \u201cDESPERTAR BOREAL\u201d es el cuarto que realizo con la Editorial Letrame, y que los enumero a continuaci\u00f3n:<\/p>\n<p>1.- RADIO POPULAR Y EL GRUPO LASSER (2021)<\/p>\n<p>2.- RADIO ALICANTE Y YO (Ediciones, 2022 y 2024)<\/p>\n<p>3.- UNA BUENA ESTRELLA (2024)<\/p>\n<p>&nbsp;<\/p>\n<p>He realizado otro libro titulado \u201cMIS M\u00c1GICOS A\u00d1OS 70\u201d (Mayo 2024) con la Editorial Club Universitario de Alicante.<\/p>\n<p>&nbsp;<\/p>\n<p>\u201cDespertar Boreal\u201d re\u00fane una serie de escritos desde mis primeros a\u00f1os de adolescente hasta el momento presente. Inserto tambi\u00e9n los cap\u00edtulos siguientes a una novela inconclusa que comenc\u00e9 a escribir por el a\u00f1o 1974, en una experiencia de vida que a partir de 1973, algo cambi\u00f3, con dos relaciones sentimentales, una de Argentina, y otra de Alicante, como tambi\u00e9n el conseguir un empleo como Perito Industrial el\u00e9ctrico, en un taller mec\u00e1nico llamado <strong>\u201cViuda de Blas Gisbert, Suc. S.L.\u201d<\/strong> que realizaban m\u00e1quinas para la elaboraci\u00f3n del m\u00e1rmol y piedras afines, que aceptaron el reconocimiento de mi t\u00edtulo, el trabajar en el mando y automatizaci\u00f3n el\u00e9ctrica de las mismas, y acordando que me pagar\u00edan QUINCE MIL PESETAS al mes, todo un lujo por aqu\u00e9l entonces.<\/p>\n","protected":false},"excerpt":{"rendered":"<p class=\"p1\"><b>ISBN: <\/b>978-84-1089-195-1<\/p>\n<p class=\"p1\"><b>SINOPSIS<\/b><\/p>\n<p>\u00a0\u00a0\u00a0 \u00a0\u00a0\u00a0\u00a0\u00a0El presente libro, que lo titulo \u201cDESPERTAR BOREAL\u201d es el cuarto que realizo con la Editorial Letrame, y que los enumero a continuaci\u00f3n:<\/p>\n<p>1.- RADIO POPULAR Y EL GRUPO LASSER (2021)<\/p>\n<p>2.- RADIO ALICANTE Y YO (Ediciones, 2022 y 2024)<\/p>\n<p>3.- UNA BUENA ESTRELLA (2024)<\/p>\n<p>&nbsp;<\/p>\n<p>He realizado otro libro titulado \u201cMIS M\u00c1GICOS A\u00d1OS 70\u201d (Mayo 2024) con la Editorial Club Universitario de Alicante.<\/p>\n<p>&nbsp;<\/p>\n<p>\u201cDespertar Boreal\u201d re\u00fane una serie de escritos desde mis primeros a\u00f1os de adolescente hasta el momento presente. Inserto tambi\u00e9n los cap\u00edtulos siguientes a una novela inconclusa que comenc\u00e9 a escribir por el a\u00f1o 1974, en una experiencia de vida que a partir de 1973, algo cambi\u00f3, con dos relaciones sentimentales, una de Argentina, y otra de Alicante, como tambi\u00e9n el conseguir un empleo como Perito Industrial el\u00e9ctrico, en un taller mec\u00e1nico llamado <strong>\u201cViuda de Blas Gisbert, Suc. S.L.\u201d<\/strong> que realizaban m\u00e1quinas para la elaboraci\u00f3n del m\u00e1rmol y piedras afines, que aceptaron el reconocimiento de mi t\u00edtulo, el trabajar en el mando y automatizaci\u00f3n el\u00e9ctrica de las mismas, y acordando que me pagar\u00edan QUINCE MIL PESETAS al mes, todo un lujo por aqu\u00e9l entonces.<\/p>\n","protected":false},"featured_media":107376,"comment_status":"open","ping_status":"closed","template":"","meta":{"_acf_changed":false},"libro":[],"product_brand":[],"product_cat":[59],"product_tag":[],"class_list":{"0":"post-107374","1":"product","2":"type-product","3":"status-publish","4":"has-post-thumbnail","6":"product_cat-memorias","8":"first","9":"instock","10":"shipping-taxable","11":"product-type-simple"},"acf":{"autor":[107373],"enlace_de_compra":""},"yoast_head":"<!-- This site is optimized with the Yoast SEO plugin v27.4 - https:\/\/yoast.com\/product\/yoast-seo-wordpress\/ -->\n<title>Despertar boreal - Catalogo | Letrame Grupo Editorial<\/title>\n<meta name=\"robots\" content=\"index, follow, max-snippet:-1, max-image-preview:large, max-video-preview:-1\" \/>\n<link rel=\"canonical\" href=\"https:\/\/letrame.com\/catalogo\/producto\/despertar-boreal\/\" \/>\n<meta property=\"og:locale\" content=\"es_ES\" \/>\n<meta property=\"og:type\" content=\"article\" \/>\n<meta property=\"og:title\" content=\"Despertar boreal - Catalogo | Letrame Grupo Editorial\" \/>\n<meta property=\"og:description\" content=\"ISBN: 978-84-1089-195-1 SINOPSIS \u00a0\u00a0\u00a0 \u00a0\u00a0\u00a0\u00a0\u00a0El presente libro, que lo titulo \u201cDESPERTAR BOREAL\u201d es el cuarto que realizo con la Editorial Letrame, y que los enumero a continuaci\u00f3n:  1.- RADIO POPULAR Y EL GRUPO LASSER (2021)  2.- RADIO ALICANTE Y YO (Ediciones, 2022 y 2024)  3.- UNA BUENA ESTRELLA (2024)  &nbsp;  He realizado otro libro titulado \u201cMIS M\u00c1GICOS A\u00d1OS 70\u201d (Mayo 2024) con la Editorial Club Universitario de Alicante.  &nbsp;  \u201cDespertar Boreal\u201d re\u00fane una serie de escritos desde mis primeros a\u00f1os de adolescente hasta el momento presente. Inserto tambi\u00e9n los cap\u00edtulos siguientes a una novela inconclusa que comenc\u00e9 a escribir por el a\u00f1o 1974, en una experiencia de vida que a partir de 1973, algo cambi\u00f3, con dos relaciones sentimentales, una de Argentina, y otra de Alicante, como tambi\u00e9n el conseguir un empleo como Perito Industrial el\u00e9ctrico, en un taller mec\u00e1nico llamado \u201cViuda de Blas Gisbert, Suc. S.L.\u201d que realizaban m\u00e1quinas para la elaboraci\u00f3n del m\u00e1rmol y piedras afines, que aceptaron el reconocimiento de mi t\u00edtulo, el trabajar en el mando y automatizaci\u00f3n el\u00e9ctrica de las mismas, y acordando que me pagar\u00edan QUINCE MIL PESETAS al mes, todo un lujo por aqu\u00e9l entonces.\" \/>\n<meta property=\"og:url\" content=\"https:\/\/letrame.com\/catalogo\/producto\/despertar-boreal\/\" \/>\n<meta property=\"og:site_name\" content=\"Catalogo | Letrame Grupo Editorial\" \/>\n<meta property=\"article:modified_time\" content=\"2024-12-03T14:30:18+00:00\" \/>\n<meta property=\"og:image\" content=\"https:\/\/letrame.com\/catalogo\/wp-content\/uploads\/2024\/12\/zdespertarboreal_102mm4.jpg\" \/>\n\t<meta property=\"og:image:width\" content=\"600\" \/>\n\t<meta property=\"og:image:height\" content=\"840\" \/>\n\t<meta property=\"og:image:type\" content=\"image\/jpeg\" \/>\n<meta name=\"twitter:card\" content=\"summary_large_image\" \/>\n<meta name=\"twitter:label1\" content=\"Tiempo de lectura\" \/>\n\t<meta name=\"twitter:data1\" content=\"2 minutos\" \/>\n<script type=\"application\/ld+json\" class=\"yoast-schema-graph\">{\"@context\":\"https:\\\/\\\/schema.org\",\"@graph\":[{\"@type\":\"WebPage\",\"@id\":\"https:\\\/\\\/letrame.com\\\/catalogo\\\/producto\\\/despertar-boreal\\\/\",\"url\":\"https:\\\/\\\/letrame.com\\\/catalogo\\\/producto\\\/despertar-boreal\\\/\",\"name\":\"Despertar boreal - Catalogo | Letrame Grupo Editorial\",\"isPartOf\":{\"@id\":\"https:\\\/\\\/letrame.com\\\/catalogo\\\/#website\"},\"primaryImageOfPage\":{\"@id\":\"https:\\\/\\\/letrame.com\\\/catalogo\\\/producto\\\/despertar-boreal\\\/#primaryimage\"},\"image\":{\"@id\":\"https:\\\/\\\/letrame.com\\\/catalogo\\\/producto\\\/despertar-boreal\\\/#primaryimage\"},\"thumbnailUrl\":\"https:\\\/\\\/letrame.com\\\/catalogo\\\/wp-content\\\/uploads\\\/2024\\\/12\\\/zdespertarboreal_102mm4.jpg\",\"datePublished\":\"2024-12-03T14:29:51+00:00\",\"dateModified\":\"2024-12-03T14:30:18+00:00\",\"breadcrumb\":{\"@id\":\"https:\\\/\\\/letrame.com\\\/catalogo\\\/producto\\\/despertar-boreal\\\/#breadcrumb\"},\"inLanguage\":\"es\",\"potentialAction\":[{\"@type\":\"ReadAction\",\"target\":[\"https:\\\/\\\/letrame.com\\\/catalogo\\\/producto\\\/despertar-boreal\\\/\"]}]},{\"@type\":\"ImageObject\",\"inLanguage\":\"es\",\"@id\":\"https:\\\/\\\/letrame.com\\\/catalogo\\\/producto\\\/despertar-boreal\\\/#primaryimage\",\"url\":\"https:\\\/\\\/letrame.com\\\/catalogo\\\/wp-content\\\/uploads\\\/2024\\\/12\\\/zdespertarboreal_102mm4.jpg\",\"contentUrl\":\"https:\\\/\\\/letrame.com\\\/catalogo\\\/wp-content\\\/uploads\\\/2024\\\/12\\\/zdespertarboreal_102mm4.jpg\",\"width\":600,\"height\":840},{\"@type\":\"BreadcrumbList\",\"@id\":\"https:\\\/\\\/letrame.com\\\/catalogo\\\/producto\\\/despertar-boreal\\\/#breadcrumb\",\"itemListElement\":[{\"@type\":\"ListItem\",\"position\":1,\"name\":\"Portada\",\"item\":\"https:\\\/\\\/letrame.com\\\/catalogo\\\/\"},{\"@type\":\"ListItem\",\"position\":2,\"name\":\"Cat\u00e1logo\",\"item\":\"https:\\\/\\\/letrame.com\\\/catalogo\\\/\"},{\"@type\":\"ListItem\",\"position\":3,\"name\":\"Despertar boreal\"}]},{\"@type\":\"WebSite\",\"@id\":\"https:\\\/\\\/letrame.com\\\/catalogo\\\/#website\",\"url\":\"https:\\\/\\\/letrame.com\\\/catalogo\\\/\",\"name\":\"Catalogo | Letrame Grupo Editorial\",\"description\":\"\",\"publisher\":{\"@id\":\"https:\\\/\\\/letrame.com\\\/catalogo\\\/#organization\"},\"potentialAction\":[{\"@type\":\"SearchAction\",\"target\":{\"@type\":\"EntryPoint\",\"urlTemplate\":\"https:\\\/\\\/letrame.com\\\/catalogo\\\/?s={search_term_string}\"},\"query-input\":{\"@type\":\"PropertyValueSpecification\",\"valueRequired\":true,\"valueName\":\"search_term_string\"}}],\"inLanguage\":\"es\"},{\"@type\":\"Organization\",\"@id\":\"https:\\\/\\\/letrame.com\\\/catalogo\\\/#organization\",\"name\":\"Catalogo | Letrame Grupo Editorial\",\"url\":\"https:\\\/\\\/letrame.com\\\/catalogo\\\/\",\"logo\":{\"@type\":\"ImageObject\",\"inLanguage\":\"es\",\"@id\":\"https:\\\/\\\/letrame.com\\\/catalogo\\\/#\\\/schema\\\/logo\\\/image\\\/\",\"url\":\"https:\\\/\\\/letrame.com\\\/catalogo\\\/wp-content\\\/uploads\\\/2024\\\/03\\\/logo2.webp\",\"contentUrl\":\"https:\\\/\\\/letrame.com\\\/catalogo\\\/wp-content\\\/uploads\\\/2024\\\/03\\\/logo2.webp\",\"width\":394,\"height\":128,\"caption\":\"Catalogo | Letrame Grupo Editorial\"},\"image\":{\"@id\":\"https:\\\/\\\/letrame.com\\\/catalogo\\\/#\\\/schema\\\/logo\\\/image\\\/\"}}]}<\/script>\n<!-- \/ Yoast SEO plugin. -->","yoast_head_json":{"title":"Despertar boreal - Catalogo | Letrame Grupo Editorial","robots":{"index":"index","follow":"follow","max-snippet":"max-snippet:-1","max-image-preview":"max-image-preview:large","max-video-preview":"max-video-preview:-1"},"canonical":"https:\/\/letrame.com\/catalogo\/producto\/despertar-boreal\/","og_locale":"es_ES","og_type":"article","og_title":"Despertar boreal - Catalogo | Letrame Grupo Editorial","og_description":"ISBN: 978-84-1089-195-1 SINOPSIS \u00a0\u00a0\u00a0 \u00a0\u00a0\u00a0\u00a0\u00a0El presente libro, que lo titulo \u201cDESPERTAR BOREAL\u201d es el cuarto que realizo con la Editorial Letrame, y que los enumero a continuaci\u00f3n:  1.- RADIO POPULAR Y EL GRUPO LASSER (2021)  2.- RADIO ALICANTE Y YO (Ediciones, 2022 y 2024)  3.- UNA BUENA ESTRELLA (2024)  &nbsp;  He realizado otro libro titulado \u201cMIS M\u00c1GICOS A\u00d1OS 70\u201d (Mayo 2024) con la Editorial Club Universitario de Alicante.  &nbsp;  \u201cDespertar Boreal\u201d re\u00fane una serie de escritos desde mis primeros a\u00f1os de adolescente hasta el momento presente. Inserto tambi\u00e9n los cap\u00edtulos siguientes a una novela inconclusa que comenc\u00e9 a escribir por el a\u00f1o 1974, en una experiencia de vida que a partir de 1973, algo cambi\u00f3, con dos relaciones sentimentales, una de Argentina, y otra de Alicante, como tambi\u00e9n el conseguir un empleo como Perito Industrial el\u00e9ctrico, en un taller mec\u00e1nico llamado \u201cViuda de Blas Gisbert, Suc. S.L.\u201d que realizaban m\u00e1quinas para la elaboraci\u00f3n del m\u00e1rmol y piedras afines, que aceptaron el reconocimiento de mi t\u00edtulo, el trabajar en el mando y automatizaci\u00f3n el\u00e9ctrica de las mismas, y acordando que me pagar\u00edan QUINCE MIL PESETAS al mes, todo un lujo por aqu\u00e9l entonces.","og_url":"https:\/\/letrame.com\/catalogo\/producto\/despertar-boreal\/","og_site_name":"Catalogo | Letrame Grupo Editorial","article_modified_time":"2024-12-03T14:30:18+00:00","og_image":[{"width":600,"height":840,"url":"https:\/\/letrame.com\/catalogo\/wp-content\/uploads\/2024\/12\/zdespertarboreal_102mm4.jpg","type":"image\/jpeg"}],"twitter_card":"summary_large_image","twitter_misc":{"Tiempo de lectura":"2 minutos"},"schema":{"@context":"https:\/\/schema.org","@graph":[{"@type":"WebPage","@id":"https:\/\/letrame.com\/catalogo\/producto\/despertar-boreal\/","url":"https:\/\/letrame.com\/catalogo\/producto\/despertar-boreal\/","name":"Despertar boreal - Catalogo | Letrame Grupo Editorial","isPartOf":{"@id":"https:\/\/letrame.com\/catalogo\/#website"},"primaryImageOfPage":{"@id":"https:\/\/letrame.com\/catalogo\/producto\/despertar-boreal\/#primaryimage"},"image":{"@id":"https:\/\/letrame.com\/catalogo\/producto\/despertar-boreal\/#primaryimage"},"thumbnailUrl":"https:\/\/letrame.com\/catalogo\/wp-content\/uploads\/2024\/12\/zdespertarboreal_102mm4.jpg","datePublished":"2024-12-03T14:29:51+00:00","dateModified":"2024-12-03T14:30:18+00:00","breadcrumb":{"@id":"https:\/\/letrame.com\/catalogo\/producto\/despertar-boreal\/#breadcrumb"},"inLanguage":"es","potentialAction":[{"@type":"ReadAction","target":["https:\/\/letrame.com\/catalogo\/producto\/despertar-boreal\/"]}]},{"@type":"ImageObject","inLanguage":"es","@id":"https:\/\/letrame.com\/catalogo\/producto\/despertar-boreal\/#primaryimage","url":"https:\/\/letrame.com\/catalogo\/wp-content\/uploads\/2024\/12\/zdespertarboreal_102mm4.jpg","contentUrl":"https:\/\/letrame.com\/catalogo\/wp-content\/uploads\/2024\/12\/zdespertarboreal_102mm4.jpg","width":600,"height":840},{"@type":"BreadcrumbList","@id":"https:\/\/letrame.com\/catalogo\/producto\/despertar-boreal\/#breadcrumb","itemListElement":[{"@type":"ListItem","position":1,"name":"Portada","item":"https:\/\/letrame.com\/catalogo\/"},{"@type":"ListItem","position":2,"name":"Cat\u00e1logo","item":"https:\/\/letrame.com\/catalogo\/"},{"@type":"ListItem","position":3,"name":"Despertar boreal"}]},{"@type":"WebSite","@id":"https:\/\/letrame.com\/catalogo\/#website","url":"https:\/\/letrame.com\/catalogo\/","name":"Catalogo | Letrame Grupo Editorial","description":"","publisher":{"@id":"https:\/\/letrame.com\/catalogo\/#organization"},"potentialAction":[{"@type":"SearchAction","target":{"@type":"EntryPoint","urlTemplate":"https:\/\/letrame.com\/catalogo\/?s={search_term_string}"},"query-input":{"@type":"PropertyValueSpecification","valueRequired":true,"valueName":"search_term_string"}}],"inLanguage":"es"},{"@type":"Organization","@id":"https:\/\/letrame.com\/catalogo\/#organization","name":"Catalogo | Letrame Grupo Editorial","url":"https:\/\/letrame.com\/catalogo\/","logo":{"@type":"ImageObject","inLanguage":"es","@id":"https:\/\/letrame.com\/catalogo\/#\/schema\/logo\/image\/","url":"https:\/\/letrame.com\/catalogo\/wp-content\/uploads\/2024\/03\/logo2.webp","contentUrl":"https:\/\/letrame.com\/catalogo\/wp-content\/uploads\/2024\/03\/logo2.webp","width":394,"height":128,"caption":"Catalogo | Letrame Grupo Editorial"},"image":{"@id":"https:\/\/letrame.com\/catalogo\/#\/schema\/logo\/image\/"}}]}},"_links":{"self":[{"href":"https:\/\/letrame.com\/catalogo\/wp-json\/wp\/v2\/product\/107374","targetHints":{"allow":["GET"]}}],"collection":[{"href":"https:\/\/letrame.com\/catalogo\/wp-json\/wp\/v2\/product"}],"about":[{"href":"https:\/\/letrame.com\/catalogo\/wp-json\/wp\/v2\/types\/product"}],"replies":[{"embeddable":true,"href":"https:\/\/letrame.com\/catalogo\/wp-json\/wp\/v2\/comments?post=107374"}],"acf:post":[{"embeddable":true,"href":"https:\/\/letrame.com\/catalogo\/wp-json\/wp\/v2\/author_book\/107373"}],"wp:featuredmedia":[{"embeddable":true,"href":"https:\/\/letrame.com\/catalogo\/wp-json\/wp\/v2\/media\/107376"}],"wp:attachment":[{"href":"https:\/\/letrame.com\/catalogo\/wp-json\/wp\/v2\/media?parent=107374"}],"wp:term":[{"taxonomy":"libro","embeddable":true,"href":"https:\/\/letrame.com\/catalogo\/wp-json\/wp\/v2\/libro?post=107374"},{"taxonomy":"product_brand","embeddable":true,"href":"https:\/\/letrame.com\/catalogo\/wp-json\/wp\/v2\/product_brand?post=107374"},{"taxonomy":"product_cat","embeddable":true,"href":"https:\/\/letrame.com\/catalogo\/wp-json\/wp\/v2\/product_cat?post=107374"},{"taxonomy":"product_tag","embeddable":true,"href":"https:\/\/letrame.com\/catalogo\/wp-json\/wp\/v2\/product_tag?post=107374"}],"curies":[{"name":"wp","href":"https:\/\/api.w.org\/{rel}","templated":true}]}}