{"id":107363,"date":"2024-12-03T15:16:52","date_gmt":"2024-12-03T14:16:52","guid":{"rendered":"https:\/\/letrame.com\/catalogo\/?post_type=product&#038;p=107363"},"modified":"2024-12-03T15:16:53","modified_gmt":"2024-12-03T14:16:53","slug":"versos-para-un-dia","status":"publish","type":"product","link":"https:\/\/letrame.com\/catalogo\/producto\/versos-para-un-dia\/","title":{"rendered":"Versos para un di\u0301a"},"content":{"rendered":"<p class=\"p1\"><b>ISBN: <\/b>978-84-1089-069-5<\/p>\n<p class=\"p1\"><b>T\u00edtulo: <\/b>Versos para un di\u0301a<\/p>\n<p class=\"p1\"><b>A\u00f1o:\u00a0<\/b>2024<\/p>\n<p class=\"p1\"><b>P\u00e1ginas:<\/b> 104<\/p>\n<p class=\"p1\"><b>SINOPSIS<\/b><\/p>\n<p><strong><em>Versos para un d\u00eda<\/em><\/strong> es un encuentro entre dos personas que, como pod\u00e9is ir observando a lo largo de este libro, a veces en verso y en otras con la prosa armonizada, nos va contando algo. Esas dos personas son el escritor y el moderador. Pero yo, como escritor, te pedir\u00eda que observaras bien cada momento de este pasaje en el que te veas identificado. Todo lo que aqu\u00ed va expuesto puede ser una lecci\u00f3n, pero tambi\u00e9n es un aprendizaje.<\/p>\n<p>&nbsp;<\/p>\n<p>Esto es lo que he querido exponer en \u00e9l y que quiero que llev\u00e9is a vuestros amigos y\/o familiares. Todos, a veces, tenemos algo en com\u00fan, y con los reflejos de nuestro mejor amigo nos <strong>conoceremos<\/strong> mejor, sin tener en cuanta los tiempos, es decir, nuestras edades, Por otro lado, los tiempos evolucionan. S\u00ed, siempre, los a\u00f1os nos hacen cambiar los modos y los tiempos.<\/p>\n<p>&nbsp;<\/p>\n<p><strong>Los encuentros, los tiempos y los haceres <\/strong>son lo que vale.<\/p>\n","protected":false},"excerpt":{"rendered":"<p class=\"p1\"><b>ISBN: <\/b>978-84-1089-069-5<\/p>\n<p class=\"p1\">\n<p class=\"p1\"><b>SINOPSIS<\/b><\/p>\n<p><strong><em>Versos para un d\u00eda<\/em><\/strong> es un encuentro entre dos personas que, como pod\u00e9is ir observando a lo largo de este libro, a veces en verso y en otras con la prosa armonizada, nos va contando algo. Esas dos personas son el escritor y el moderador. Pero yo, como escritor, te pedir\u00eda que observaras bien cada momento de este pasaje en el que te veas identificado. Todo lo que aqu\u00ed va expuesto puede ser una lecci\u00f3n, pero tambi\u00e9n es un aprendizaje.<\/p>\n<p>&nbsp;<\/p>\n<p>Esto es lo que he querido exponer en \u00e9l y que quiero que llev\u00e9is a vuestros amigos y\/o familiares. Todos, a veces, tenemos algo en com\u00fan, y con los reflejos de nuestro mejor amigo nos <strong>conoceremos<\/strong> mejor, sin tener en cuanta los tiempos, es decir, nuestras edades, Por otro lado, los tiempos evolucionan. S\u00ed, siempre, los a\u00f1os nos hacen cambiar los modos y los tiempos.<\/p>\n<p>&nbsp;<\/p>\n<p><strong>Los encuentros, los tiempos y los haceres <\/strong>son lo que vale.<\/p>\n","protected":false},"featured_media":107366,"comment_status":"open","ping_status":"closed","template":"","meta":{"_acf_changed":false},"libro":[],"product_brand":[],"product_cat":[20],"product_tag":[],"class_list":{"0":"post-107363","1":"product","2":"type-product","3":"status-publish","4":"has-post-thumbnail","6":"product_cat-poesia","8":"first","9":"instock","10":"shipping-taxable","11":"product-type-simple"},"acf":{"autor":[107362],"enlace_de_compra":"https:\/\/amzn.to\/3BbKMDF"},"yoast_head":"<!-- This site is optimized with the Yoast SEO plugin v26.6 - https:\/\/yoast.com\/wordpress\/plugins\/seo\/ -->\n<title>Versos para un di\u0301a - Catalogo | Letrame Grupo Editorial<\/title>\n<meta name=\"robots\" content=\"index, follow, max-snippet:-1, max-image-preview:large, max-video-preview:-1\" \/>\n<link rel=\"canonical\" href=\"https:\/\/letrame.com\/catalogo\/producto\/versos-para-un-dia\/\" \/>\n<meta property=\"og:locale\" content=\"es_ES\" \/>\n<meta property=\"og:type\" content=\"article\" \/>\n<meta property=\"og:title\" content=\"Versos para un di\u0301a - Catalogo | Letrame Grupo Editorial\" \/>\n<meta property=\"og:description\" content=\"ISBN: 978-84-1089-069-5  SINOPSIS Versos para un d\u00eda es un encuentro entre dos personas que, como pod\u00e9is ir observando a lo largo de este libro, a veces en verso y en otras con la prosa armonizada, nos va contando algo. Esas dos personas son el escritor y el moderador. Pero yo, como escritor, te pedir\u00eda que observaras bien cada momento de este pasaje en el que te veas identificado. Todo lo que aqu\u00ed va expuesto puede ser una lecci\u00f3n, pero tambi\u00e9n es un aprendizaje.  &nbsp;  Esto es lo que he querido exponer en \u00e9l y que quiero que llev\u00e9is a vuestros amigos y\/o familiares. Todos, a veces, tenemos algo en com\u00fan, y con los reflejos de nuestro mejor amigo nos conoceremos mejor, sin tener en cuanta los tiempos, es decir, nuestras edades, Por otro lado, los tiempos evolucionan. S\u00ed, siempre, los a\u00f1os nos hacen cambiar los modos y los tiempos.  &nbsp;  Los encuentros, los tiempos y los haceres son lo que vale.\" \/>\n<meta property=\"og:url\" content=\"https:\/\/letrame.com\/catalogo\/producto\/versos-para-un-dia\/\" \/>\n<meta property=\"og:site_name\" content=\"Catalogo | Letrame Grupo Editorial\" \/>\n<meta property=\"article:modified_time\" content=\"2024-12-03T14:16:53+00:00\" \/>\n<meta property=\"og:image\" content=\"https:\/\/letrame.com\/catalogo\/wp-content\/uploads\/2024\/12\/zversosparaundia_648mmv24.jpg\" \/>\n\t<meta property=\"og:image:width\" content=\"900\" \/>\n\t<meta property=\"og:image:height\" content=\"1260\" \/>\n\t<meta property=\"og:image:type\" content=\"image\/jpeg\" \/>\n<meta name=\"twitter:card\" content=\"summary_large_image\" \/>\n<meta name=\"twitter:label1\" content=\"Tiempo de lectura\" \/>\n\t<meta name=\"twitter:data1\" content=\"1 minuto\" \/>\n<script type=\"application\/ld+json\" class=\"yoast-schema-graph\">{\"@context\":\"https:\/\/schema.org\",\"@graph\":[{\"@type\":\"WebPage\",\"@id\":\"https:\/\/letrame.com\/catalogo\/producto\/versos-para-un-dia\/\",\"url\":\"https:\/\/letrame.com\/catalogo\/producto\/versos-para-un-dia\/\",\"name\":\"Versos para un di\u0301a - Catalogo | Letrame Grupo Editorial\",\"isPartOf\":{\"@id\":\"https:\/\/letrame.com\/catalogo\/#website\"},\"primaryImageOfPage\":{\"@id\":\"https:\/\/letrame.com\/catalogo\/producto\/versos-para-un-dia\/#primaryimage\"},\"image\":{\"@id\":\"https:\/\/letrame.com\/catalogo\/producto\/versos-para-un-dia\/#primaryimage\"},\"thumbnailUrl\":\"https:\/\/letrame.com\/catalogo\/wp-content\/uploads\/2024\/12\/zversosparaundia_648mmv24.jpg\",\"datePublished\":\"2024-12-03T14:16:52+00:00\",\"dateModified\":\"2024-12-03T14:16:53+00:00\",\"breadcrumb\":{\"@id\":\"https:\/\/letrame.com\/catalogo\/producto\/versos-para-un-dia\/#breadcrumb\"},\"inLanguage\":\"es\",\"potentialAction\":[{\"@type\":\"ReadAction\",\"target\":[\"https:\/\/letrame.com\/catalogo\/producto\/versos-para-un-dia\/\"]}]},{\"@type\":\"ImageObject\",\"inLanguage\":\"es\",\"@id\":\"https:\/\/letrame.com\/catalogo\/producto\/versos-para-un-dia\/#primaryimage\",\"url\":\"https:\/\/letrame.com\/catalogo\/wp-content\/uploads\/2024\/12\/zversosparaundia_648mmv24.jpg\",\"contentUrl\":\"https:\/\/letrame.com\/catalogo\/wp-content\/uploads\/2024\/12\/zversosparaundia_648mmv24.jpg\",\"width\":900,\"height\":1260},{\"@type\":\"BreadcrumbList\",\"@id\":\"https:\/\/letrame.com\/catalogo\/producto\/versos-para-un-dia\/#breadcrumb\",\"itemListElement\":[{\"@type\":\"ListItem\",\"position\":1,\"name\":\"Portada\",\"item\":\"https:\/\/letrame.com\/catalogo\/\"},{\"@type\":\"ListItem\",\"position\":2,\"name\":\"Cat\u00e1logo\",\"item\":\"https:\/\/letrame.com\/catalogo\/\"},{\"@type\":\"ListItem\",\"position\":3,\"name\":\"Versos para un di\u0301a\"}]},{\"@type\":\"WebSite\",\"@id\":\"https:\/\/letrame.com\/catalogo\/#website\",\"url\":\"https:\/\/letrame.com\/catalogo\/\",\"name\":\"Catalogo | Letrame Grupo Editorial\",\"description\":\"\",\"publisher\":{\"@id\":\"https:\/\/letrame.com\/catalogo\/#organization\"},\"potentialAction\":[{\"@type\":\"SearchAction\",\"target\":{\"@type\":\"EntryPoint\",\"urlTemplate\":\"https:\/\/letrame.com\/catalogo\/?s={search_term_string}\"},\"query-input\":{\"@type\":\"PropertyValueSpecification\",\"valueRequired\":true,\"valueName\":\"search_term_string\"}}],\"inLanguage\":\"es\"},{\"@type\":\"Organization\",\"@id\":\"https:\/\/letrame.com\/catalogo\/#organization\",\"name\":\"Catalogo | Letrame Grupo Editorial\",\"url\":\"https:\/\/letrame.com\/catalogo\/\",\"logo\":{\"@type\":\"ImageObject\",\"inLanguage\":\"es\",\"@id\":\"https:\/\/letrame.com\/catalogo\/#\/schema\/logo\/image\/\",\"url\":\"https:\/\/letrame.com\/catalogo\/wp-content\/uploads\/2024\/03\/logo2.webp\",\"contentUrl\":\"https:\/\/letrame.com\/catalogo\/wp-content\/uploads\/2024\/03\/logo2.webp\",\"width\":394,\"height\":128,\"caption\":\"Catalogo | Letrame Grupo Editorial\"},\"image\":{\"@id\":\"https:\/\/letrame.com\/catalogo\/#\/schema\/logo\/image\/\"}}]}<\/script>\n<!-- \/ Yoast SEO plugin. -->","yoast_head_json":{"title":"Versos para un di\u0301a - Catalogo | Letrame Grupo Editorial","robots":{"index":"index","follow":"follow","max-snippet":"max-snippet:-1","max-image-preview":"max-image-preview:large","max-video-preview":"max-video-preview:-1"},"canonical":"https:\/\/letrame.com\/catalogo\/producto\/versos-para-un-dia\/","og_locale":"es_ES","og_type":"article","og_title":"Versos para un di\u0301a - Catalogo | Letrame Grupo Editorial","og_description":"ISBN: 978-84-1089-069-5  SINOPSIS Versos para un d\u00eda es un encuentro entre dos personas que, como pod\u00e9is ir observando a lo largo de este libro, a veces en verso y en otras con la prosa armonizada, nos va contando algo. Esas dos personas son el escritor y el moderador. Pero yo, como escritor, te pedir\u00eda que observaras bien cada momento de este pasaje en el que te veas identificado. Todo lo que aqu\u00ed va expuesto puede ser una lecci\u00f3n, pero tambi\u00e9n es un aprendizaje.  &nbsp;  Esto es lo que he querido exponer en \u00e9l y que quiero que llev\u00e9is a vuestros amigos y\/o familiares. Todos, a veces, tenemos algo en com\u00fan, y con los reflejos de nuestro mejor amigo nos conoceremos mejor, sin tener en cuanta los tiempos, es decir, nuestras edades, Por otro lado, los tiempos evolucionan. S\u00ed, siempre, los a\u00f1os nos hacen cambiar los modos y los tiempos.  &nbsp;  Los encuentros, los tiempos y los haceres son lo que vale.","og_url":"https:\/\/letrame.com\/catalogo\/producto\/versos-para-un-dia\/","og_site_name":"Catalogo | Letrame Grupo Editorial","article_modified_time":"2024-12-03T14:16:53+00:00","og_image":[{"width":900,"height":1260,"url":"https:\/\/letrame.com\/catalogo\/wp-content\/uploads\/2024\/12\/zversosparaundia_648mmv24.jpg","type":"image\/jpeg"}],"twitter_card":"summary_large_image","twitter_misc":{"Tiempo de lectura":"1 minuto"},"schema":{"@context":"https:\/\/schema.org","@graph":[{"@type":"WebPage","@id":"https:\/\/letrame.com\/catalogo\/producto\/versos-para-un-dia\/","url":"https:\/\/letrame.com\/catalogo\/producto\/versos-para-un-dia\/","name":"Versos para un di\u0301a - Catalogo | Letrame Grupo Editorial","isPartOf":{"@id":"https:\/\/letrame.com\/catalogo\/#website"},"primaryImageOfPage":{"@id":"https:\/\/letrame.com\/catalogo\/producto\/versos-para-un-dia\/#primaryimage"},"image":{"@id":"https:\/\/letrame.com\/catalogo\/producto\/versos-para-un-dia\/#primaryimage"},"thumbnailUrl":"https:\/\/letrame.com\/catalogo\/wp-content\/uploads\/2024\/12\/zversosparaundia_648mmv24.jpg","datePublished":"2024-12-03T14:16:52+00:00","dateModified":"2024-12-03T14:16:53+00:00","breadcrumb":{"@id":"https:\/\/letrame.com\/catalogo\/producto\/versos-para-un-dia\/#breadcrumb"},"inLanguage":"es","potentialAction":[{"@type":"ReadAction","target":["https:\/\/letrame.com\/catalogo\/producto\/versos-para-un-dia\/"]}]},{"@type":"ImageObject","inLanguage":"es","@id":"https:\/\/letrame.com\/catalogo\/producto\/versos-para-un-dia\/#primaryimage","url":"https:\/\/letrame.com\/catalogo\/wp-content\/uploads\/2024\/12\/zversosparaundia_648mmv24.jpg","contentUrl":"https:\/\/letrame.com\/catalogo\/wp-content\/uploads\/2024\/12\/zversosparaundia_648mmv24.jpg","width":900,"height":1260},{"@type":"BreadcrumbList","@id":"https:\/\/letrame.com\/catalogo\/producto\/versos-para-un-dia\/#breadcrumb","itemListElement":[{"@type":"ListItem","position":1,"name":"Portada","item":"https:\/\/letrame.com\/catalogo\/"},{"@type":"ListItem","position":2,"name":"Cat\u00e1logo","item":"https:\/\/letrame.com\/catalogo\/"},{"@type":"ListItem","position":3,"name":"Versos para un di\u0301a"}]},{"@type":"WebSite","@id":"https:\/\/letrame.com\/catalogo\/#website","url":"https:\/\/letrame.com\/catalogo\/","name":"Catalogo | Letrame Grupo Editorial","description":"","publisher":{"@id":"https:\/\/letrame.com\/catalogo\/#organization"},"potentialAction":[{"@type":"SearchAction","target":{"@type":"EntryPoint","urlTemplate":"https:\/\/letrame.com\/catalogo\/?s={search_term_string}"},"query-input":{"@type":"PropertyValueSpecification","valueRequired":true,"valueName":"search_term_string"}}],"inLanguage":"es"},{"@type":"Organization","@id":"https:\/\/letrame.com\/catalogo\/#organization","name":"Catalogo | Letrame Grupo Editorial","url":"https:\/\/letrame.com\/catalogo\/","logo":{"@type":"ImageObject","inLanguage":"es","@id":"https:\/\/letrame.com\/catalogo\/#\/schema\/logo\/image\/","url":"https:\/\/letrame.com\/catalogo\/wp-content\/uploads\/2024\/03\/logo2.webp","contentUrl":"https:\/\/letrame.com\/catalogo\/wp-content\/uploads\/2024\/03\/logo2.webp","width":394,"height":128,"caption":"Catalogo | Letrame Grupo Editorial"},"image":{"@id":"https:\/\/letrame.com\/catalogo\/#\/schema\/logo\/image\/"}}]}},"_links":{"self":[{"href":"https:\/\/letrame.com\/catalogo\/wp-json\/wp\/v2\/product\/107363","targetHints":{"allow":["GET"]}}],"collection":[{"href":"https:\/\/letrame.com\/catalogo\/wp-json\/wp\/v2\/product"}],"about":[{"href":"https:\/\/letrame.com\/catalogo\/wp-json\/wp\/v2\/types\/product"}],"replies":[{"embeddable":true,"href":"https:\/\/letrame.com\/catalogo\/wp-json\/wp\/v2\/comments?post=107363"}],"acf:post":[{"embeddable":true,"href":"https:\/\/letrame.com\/catalogo\/wp-json\/wp\/v2\/author_book\/107362"}],"wp:featuredmedia":[{"embeddable":true,"href":"https:\/\/letrame.com\/catalogo\/wp-json\/wp\/v2\/media\/107366"}],"wp:attachment":[{"href":"https:\/\/letrame.com\/catalogo\/wp-json\/wp\/v2\/media?parent=107363"}],"wp:term":[{"taxonomy":"libro","embeddable":true,"href":"https:\/\/letrame.com\/catalogo\/wp-json\/wp\/v2\/libro?post=107363"},{"taxonomy":"product_brand","embeddable":true,"href":"https:\/\/letrame.com\/catalogo\/wp-json\/wp\/v2\/product_brand?post=107363"},{"taxonomy":"product_cat","embeddable":true,"href":"https:\/\/letrame.com\/catalogo\/wp-json\/wp\/v2\/product_cat?post=107363"},{"taxonomy":"product_tag","embeddable":true,"href":"https:\/\/letrame.com\/catalogo\/wp-json\/wp\/v2\/product_tag?post=107363"}],"curies":[{"name":"wp","href":"https:\/\/api.w.org\/{rel}","templated":true}]}}