{"id":107344,"date":"2024-12-03T13:57:58","date_gmt":"2024-12-03T12:57:58","guid":{"rendered":"https:\/\/letrame.com\/catalogo\/?post_type=product&#038;p=107344"},"modified":"2024-12-03T13:59:50","modified_gmt":"2024-12-03T12:59:50","slug":"entre-despedidas-y-despertares","status":"publish","type":"product","link":"https:\/\/letrame.com\/catalogo\/producto\/entre-despedidas-y-despertares\/","title":{"rendered":"Entre Despedidas y Despertares"},"content":{"rendered":"<p class=\"p1\"><b>ISBN: <\/b>978-84-1089-151-7<\/p>\n<p class=\"p1\"><b>T\u00edtulo:\u00a0 <\/b>Entre Despedidas y Despertares<\/p>\n<p class=\"p1\"><b>A\u00f1o:<\/b> 2024<\/p>\n<p class=\"p1\"><b>P\u00e1ginas:<\/b> 114<\/p>\n<p class=\"p1\"><b>SINOPSIS<\/b><\/p>\n<p>Imagina la vida como un tablero de ajedrez, donde cada movimiento define el camino. Entre despedidas y despertares es esa partida en la que las piezas se mueven entre decisiones, silencios y redescubrimientos. Rolando no solo cuenta una historia, nos invita a jugarla. Pero esta partida no se trata de ganar o perder, sino de aprender a avanzar en medio del caos.<\/p>\n<p>Este libro no es una narrativa com\u00fan sobre p\u00e9rdidas o relaciones rotas. Aqu\u00ed no encontrar\u00e1s respuestas c\u00f3modas ni finales f\u00e1ciles. Rolando te sumerge en lo no resuelto, en lo que pudo haber sido y en lo que a\u00fan puede ser, enfrentando la vida con una mirada sincera y abierta.<\/p>\n<p>Aqu\u00ed no hay h\u00e9roes ni m\u00e1rtires, ni tampoco finales felices que encajan como piezas perfectas. Hay una persona \u2014que podr\u00edas ser t\u00fa\u2014 que descubre que las promesas de la vida se miden en esos momentos invisibles donde todo parece derrumbarse&#8230; y algo en el fondo empieza a reconstruirse, a veces en silencio, a veces con estruendo.<\/p>\n<p>As\u00ed que, si te atreves a preguntarte si es posible amar despu\u00e9s de perderlo todo, a enfrentarte al espejo de la vulnerabilidad y a dejar que una historia te desordene por completo, entonces, <em>Entre despedidas y despertares<\/em> es exactamente lo que necesitas leer ahora.<\/p>\n","protected":false},"excerpt":{"rendered":"<p class=\"p1\"><b>ISBN: <\/b>978-84-1089-151-7<\/p>\n<p class=\"p1\"><b>SINOPSIS<\/b><\/p>\n<p>Imagina la vida como un tablero de ajedrez, donde cada movimiento define el camino. Entre despedidas y despertares es esa partida en la que las piezas se mueven entre decisiones, silencios y redescubrimientos. Rolando no solo cuenta una historia, nos invita a jugarla. Pero esta partida no se trata de ganar o perder, sino de aprender a avanzar en medio del caos.<\/p>\n<p>Este libro no es una narrativa com\u00fan sobre p\u00e9rdidas o relaciones rotas. Aqu\u00ed no encontrar\u00e1s respuestas c\u00f3modas ni finales f\u00e1ciles. Rolando te sumerge en lo no resuelto, en lo que pudo haber sido y en lo que a\u00fan puede ser, enfrentando la vida con una mirada sincera y abierta.<\/p>\n<p>Aqu\u00ed no hay h\u00e9roes ni m\u00e1rtires, ni tampoco finales felices que encajan como piezas perfectas. Hay una persona \u2014que podr\u00edas ser t\u00fa\u2014 que descubre que las promesas de la vida se miden en esos momentos invisibles donde todo parece derrumbarse&#8230; y algo en el fondo empieza a reconstruirse, a veces en silencio, a veces con estruendo.<\/p>\n<p>As\u00ed que, si te atreves a preguntarte si es posible amar despu\u00e9s de perderlo todo, a enfrentarte al espejo de la vulnerabilidad y a dejar que una historia te desordene por completo, entonces, <em>Entre despedidas y despertares<\/em> es exactamente lo que necesitas leer ahora.<\/p>\n","protected":false},"featured_media":107349,"comment_status":"open","ping_status":"closed","template":"","meta":{"_acf_changed":false},"libro":[],"product_brand":[],"product_cat":[16],"product_tag":[],"class_list":{"0":"post-107344","1":"product","2":"type-product","3":"status-publish","4":"has-post-thumbnail","6":"product_cat-novela","8":"first","9":"instock","10":"shipping-taxable","11":"product-type-simple"},"acf":{"autor":[107337],"enlace_de_compra":"https:\/\/amzn.to\/49hu16A"},"yoast_head":"<!-- This site is optimized with the Yoast SEO plugin v26.6 - https:\/\/yoast.com\/wordpress\/plugins\/seo\/ -->\n<title>Entre Despedidas y Despertares - Catalogo | Letrame Grupo Editorial<\/title>\n<meta name=\"robots\" content=\"index, follow, max-snippet:-1, max-image-preview:large, max-video-preview:-1\" \/>\n<link rel=\"canonical\" href=\"https:\/\/letrame.com\/catalogo\/producto\/entre-despedidas-y-despertares\/\" \/>\n<meta property=\"og:locale\" content=\"es_ES\" \/>\n<meta property=\"og:type\" content=\"article\" \/>\n<meta property=\"og:title\" content=\"Entre Despedidas y Despertares - Catalogo | Letrame Grupo Editorial\" \/>\n<meta property=\"og:description\" content=\"ISBN: 978-84-1089-151-7 SINOPSIS Imagina la vida como un tablero de ajedrez, donde cada movimiento define el camino. Entre despedidas y despertares es esa partida en la que las piezas se mueven entre decisiones, silencios y redescubrimientos. Rolando no solo cuenta una historia, nos invita a jugarla. Pero esta partida no se trata de ganar o perder, sino de aprender a avanzar en medio del caos.  Este libro no es una narrativa com\u00fan sobre p\u00e9rdidas o relaciones rotas. Aqu\u00ed no encontrar\u00e1s respuestas c\u00f3modas ni finales f\u00e1ciles. Rolando te sumerge en lo no resuelto, en lo que pudo haber sido y en lo que a\u00fan puede ser, enfrentando la vida con una mirada sincera y abierta.  Aqu\u00ed no hay h\u00e9roes ni m\u00e1rtires, ni tampoco finales felices que encajan como piezas perfectas. Hay una persona \u2014que podr\u00edas ser t\u00fa\u2014 que descubre que las promesas de la vida se miden en esos momentos invisibles donde todo parece derrumbarse... y algo en el fondo empieza a reconstruirse, a veces en silencio, a veces con estruendo.  As\u00ed que, si te atreves a preguntarte si es posible amar despu\u00e9s de perderlo todo, a enfrentarte al espejo de la vulnerabilidad y a dejar que una historia te desordene por completo, entonces, Entre despedidas y despertares es exactamente lo que necesitas leer ahora.\" \/>\n<meta property=\"og:url\" content=\"https:\/\/letrame.com\/catalogo\/producto\/entre-despedidas-y-despertares\/\" \/>\n<meta property=\"og:site_name\" content=\"Catalogo | Letrame Grupo Editorial\" \/>\n<meta property=\"article:modified_time\" content=\"2024-12-03T12:59:50+00:00\" \/>\n<meta property=\"og:image\" content=\"https:\/\/letrame.com\/catalogo\/wp-content\/uploads\/2024\/12\/zentredespedidas_633mmv44.jpg\" \/>\n\t<meta property=\"og:image:width\" content=\"510\" \/>\n\t<meta property=\"og:image:height\" content=\"748\" \/>\n\t<meta property=\"og:image:type\" content=\"image\/jpeg\" \/>\n<meta name=\"twitter:card\" content=\"summary_large_image\" \/>\n<meta name=\"twitter:label1\" content=\"Tiempo de lectura\" \/>\n\t<meta name=\"twitter:data1\" content=\"2 minutos\" \/>\n<script type=\"application\/ld+json\" class=\"yoast-schema-graph\">{\"@context\":\"https:\/\/schema.org\",\"@graph\":[{\"@type\":\"WebPage\",\"@id\":\"https:\/\/letrame.com\/catalogo\/producto\/entre-despedidas-y-despertares\/\",\"url\":\"https:\/\/letrame.com\/catalogo\/producto\/entre-despedidas-y-despertares\/\",\"name\":\"Entre Despedidas y Despertares - Catalogo | Letrame Grupo Editorial\",\"isPartOf\":{\"@id\":\"https:\/\/letrame.com\/catalogo\/#website\"},\"primaryImageOfPage\":{\"@id\":\"https:\/\/letrame.com\/catalogo\/producto\/entre-despedidas-y-despertares\/#primaryimage\"},\"image\":{\"@id\":\"https:\/\/letrame.com\/catalogo\/producto\/entre-despedidas-y-despertares\/#primaryimage\"},\"thumbnailUrl\":\"https:\/\/letrame.com\/catalogo\/wp-content\/uploads\/2024\/12\/zentredespedidas_633mmv44.jpg\",\"datePublished\":\"2024-12-03T12:57:58+00:00\",\"dateModified\":\"2024-12-03T12:59:50+00:00\",\"breadcrumb\":{\"@id\":\"https:\/\/letrame.com\/catalogo\/producto\/entre-despedidas-y-despertares\/#breadcrumb\"},\"inLanguage\":\"es\",\"potentialAction\":[{\"@type\":\"ReadAction\",\"target\":[\"https:\/\/letrame.com\/catalogo\/producto\/entre-despedidas-y-despertares\/\"]}]},{\"@type\":\"ImageObject\",\"inLanguage\":\"es\",\"@id\":\"https:\/\/letrame.com\/catalogo\/producto\/entre-despedidas-y-despertares\/#primaryimage\",\"url\":\"https:\/\/letrame.com\/catalogo\/wp-content\/uploads\/2024\/12\/zentredespedidas_633mmv44.jpg\",\"contentUrl\":\"https:\/\/letrame.com\/catalogo\/wp-content\/uploads\/2024\/12\/zentredespedidas_633mmv44.jpg\",\"width\":510,\"height\":748},{\"@type\":\"BreadcrumbList\",\"@id\":\"https:\/\/letrame.com\/catalogo\/producto\/entre-despedidas-y-despertares\/#breadcrumb\",\"itemListElement\":[{\"@type\":\"ListItem\",\"position\":1,\"name\":\"Portada\",\"item\":\"https:\/\/letrame.com\/catalogo\/\"},{\"@type\":\"ListItem\",\"position\":2,\"name\":\"Cat\u00e1logo\",\"item\":\"https:\/\/letrame.com\/catalogo\/\"},{\"@type\":\"ListItem\",\"position\":3,\"name\":\"Entre Despedidas y Despertares\"}]},{\"@type\":\"WebSite\",\"@id\":\"https:\/\/letrame.com\/catalogo\/#website\",\"url\":\"https:\/\/letrame.com\/catalogo\/\",\"name\":\"Catalogo | Letrame Grupo Editorial\",\"description\":\"\",\"publisher\":{\"@id\":\"https:\/\/letrame.com\/catalogo\/#organization\"},\"potentialAction\":[{\"@type\":\"SearchAction\",\"target\":{\"@type\":\"EntryPoint\",\"urlTemplate\":\"https:\/\/letrame.com\/catalogo\/?s={search_term_string}\"},\"query-input\":{\"@type\":\"PropertyValueSpecification\",\"valueRequired\":true,\"valueName\":\"search_term_string\"}}],\"inLanguage\":\"es\"},{\"@type\":\"Organization\",\"@id\":\"https:\/\/letrame.com\/catalogo\/#organization\",\"name\":\"Catalogo | Letrame Grupo Editorial\",\"url\":\"https:\/\/letrame.com\/catalogo\/\",\"logo\":{\"@type\":\"ImageObject\",\"inLanguage\":\"es\",\"@id\":\"https:\/\/letrame.com\/catalogo\/#\/schema\/logo\/image\/\",\"url\":\"https:\/\/letrame.com\/catalogo\/wp-content\/uploads\/2024\/03\/logo2.webp\",\"contentUrl\":\"https:\/\/letrame.com\/catalogo\/wp-content\/uploads\/2024\/03\/logo2.webp\",\"width\":394,\"height\":128,\"caption\":\"Catalogo | Letrame Grupo Editorial\"},\"image\":{\"@id\":\"https:\/\/letrame.com\/catalogo\/#\/schema\/logo\/image\/\"}}]}<\/script>\n<!-- \/ Yoast SEO plugin. -->","yoast_head_json":{"title":"Entre Despedidas y Despertares - Catalogo | Letrame Grupo Editorial","robots":{"index":"index","follow":"follow","max-snippet":"max-snippet:-1","max-image-preview":"max-image-preview:large","max-video-preview":"max-video-preview:-1"},"canonical":"https:\/\/letrame.com\/catalogo\/producto\/entre-despedidas-y-despertares\/","og_locale":"es_ES","og_type":"article","og_title":"Entre Despedidas y Despertares - Catalogo | Letrame Grupo Editorial","og_description":"ISBN: 978-84-1089-151-7 SINOPSIS Imagina la vida como un tablero de ajedrez, donde cada movimiento define el camino. Entre despedidas y despertares es esa partida en la que las piezas se mueven entre decisiones, silencios y redescubrimientos. Rolando no solo cuenta una historia, nos invita a jugarla. Pero esta partida no se trata de ganar o perder, sino de aprender a avanzar en medio del caos.  Este libro no es una narrativa com\u00fan sobre p\u00e9rdidas o relaciones rotas. Aqu\u00ed no encontrar\u00e1s respuestas c\u00f3modas ni finales f\u00e1ciles. Rolando te sumerge en lo no resuelto, en lo que pudo haber sido y en lo que a\u00fan puede ser, enfrentando la vida con una mirada sincera y abierta.  Aqu\u00ed no hay h\u00e9roes ni m\u00e1rtires, ni tampoco finales felices que encajan como piezas perfectas. Hay una persona \u2014que podr\u00edas ser t\u00fa\u2014 que descubre que las promesas de la vida se miden en esos momentos invisibles donde todo parece derrumbarse... y algo en el fondo empieza a reconstruirse, a veces en silencio, a veces con estruendo.  As\u00ed que, si te atreves a preguntarte si es posible amar despu\u00e9s de perderlo todo, a enfrentarte al espejo de la vulnerabilidad y a dejar que una historia te desordene por completo, entonces, Entre despedidas y despertares es exactamente lo que necesitas leer ahora.","og_url":"https:\/\/letrame.com\/catalogo\/producto\/entre-despedidas-y-despertares\/","og_site_name":"Catalogo | Letrame Grupo Editorial","article_modified_time":"2024-12-03T12:59:50+00:00","og_image":[{"width":510,"height":748,"url":"https:\/\/letrame.com\/catalogo\/wp-content\/uploads\/2024\/12\/zentredespedidas_633mmv44.jpg","type":"image\/jpeg"}],"twitter_card":"summary_large_image","twitter_misc":{"Tiempo de lectura":"2 minutos"},"schema":{"@context":"https:\/\/schema.org","@graph":[{"@type":"WebPage","@id":"https:\/\/letrame.com\/catalogo\/producto\/entre-despedidas-y-despertares\/","url":"https:\/\/letrame.com\/catalogo\/producto\/entre-despedidas-y-despertares\/","name":"Entre Despedidas y Despertares - Catalogo | Letrame Grupo Editorial","isPartOf":{"@id":"https:\/\/letrame.com\/catalogo\/#website"},"primaryImageOfPage":{"@id":"https:\/\/letrame.com\/catalogo\/producto\/entre-despedidas-y-despertares\/#primaryimage"},"image":{"@id":"https:\/\/letrame.com\/catalogo\/producto\/entre-despedidas-y-despertares\/#primaryimage"},"thumbnailUrl":"https:\/\/letrame.com\/catalogo\/wp-content\/uploads\/2024\/12\/zentredespedidas_633mmv44.jpg","datePublished":"2024-12-03T12:57:58+00:00","dateModified":"2024-12-03T12:59:50+00:00","breadcrumb":{"@id":"https:\/\/letrame.com\/catalogo\/producto\/entre-despedidas-y-despertares\/#breadcrumb"},"inLanguage":"es","potentialAction":[{"@type":"ReadAction","target":["https:\/\/letrame.com\/catalogo\/producto\/entre-despedidas-y-despertares\/"]}]},{"@type":"ImageObject","inLanguage":"es","@id":"https:\/\/letrame.com\/catalogo\/producto\/entre-despedidas-y-despertares\/#primaryimage","url":"https:\/\/letrame.com\/catalogo\/wp-content\/uploads\/2024\/12\/zentredespedidas_633mmv44.jpg","contentUrl":"https:\/\/letrame.com\/catalogo\/wp-content\/uploads\/2024\/12\/zentredespedidas_633mmv44.jpg","width":510,"height":748},{"@type":"BreadcrumbList","@id":"https:\/\/letrame.com\/catalogo\/producto\/entre-despedidas-y-despertares\/#breadcrumb","itemListElement":[{"@type":"ListItem","position":1,"name":"Portada","item":"https:\/\/letrame.com\/catalogo\/"},{"@type":"ListItem","position":2,"name":"Cat\u00e1logo","item":"https:\/\/letrame.com\/catalogo\/"},{"@type":"ListItem","position":3,"name":"Entre Despedidas y Despertares"}]},{"@type":"WebSite","@id":"https:\/\/letrame.com\/catalogo\/#website","url":"https:\/\/letrame.com\/catalogo\/","name":"Catalogo | Letrame Grupo Editorial","description":"","publisher":{"@id":"https:\/\/letrame.com\/catalogo\/#organization"},"potentialAction":[{"@type":"SearchAction","target":{"@type":"EntryPoint","urlTemplate":"https:\/\/letrame.com\/catalogo\/?s={search_term_string}"},"query-input":{"@type":"PropertyValueSpecification","valueRequired":true,"valueName":"search_term_string"}}],"inLanguage":"es"},{"@type":"Organization","@id":"https:\/\/letrame.com\/catalogo\/#organization","name":"Catalogo | Letrame Grupo Editorial","url":"https:\/\/letrame.com\/catalogo\/","logo":{"@type":"ImageObject","inLanguage":"es","@id":"https:\/\/letrame.com\/catalogo\/#\/schema\/logo\/image\/","url":"https:\/\/letrame.com\/catalogo\/wp-content\/uploads\/2024\/03\/logo2.webp","contentUrl":"https:\/\/letrame.com\/catalogo\/wp-content\/uploads\/2024\/03\/logo2.webp","width":394,"height":128,"caption":"Catalogo | Letrame Grupo Editorial"},"image":{"@id":"https:\/\/letrame.com\/catalogo\/#\/schema\/logo\/image\/"}}]}},"_links":{"self":[{"href":"https:\/\/letrame.com\/catalogo\/wp-json\/wp\/v2\/product\/107344","targetHints":{"allow":["GET"]}}],"collection":[{"href":"https:\/\/letrame.com\/catalogo\/wp-json\/wp\/v2\/product"}],"about":[{"href":"https:\/\/letrame.com\/catalogo\/wp-json\/wp\/v2\/types\/product"}],"replies":[{"embeddable":true,"href":"https:\/\/letrame.com\/catalogo\/wp-json\/wp\/v2\/comments?post=107344"}],"acf:post":[{"embeddable":true,"href":"https:\/\/letrame.com\/catalogo\/wp-json\/wp\/v2\/author_book\/107337"}],"wp:featuredmedia":[{"embeddable":true,"href":"https:\/\/letrame.com\/catalogo\/wp-json\/wp\/v2\/media\/107349"}],"wp:attachment":[{"href":"https:\/\/letrame.com\/catalogo\/wp-json\/wp\/v2\/media?parent=107344"}],"wp:term":[{"taxonomy":"libro","embeddable":true,"href":"https:\/\/letrame.com\/catalogo\/wp-json\/wp\/v2\/libro?post=107344"},{"taxonomy":"product_brand","embeddable":true,"href":"https:\/\/letrame.com\/catalogo\/wp-json\/wp\/v2\/product_brand?post=107344"},{"taxonomy":"product_cat","embeddable":true,"href":"https:\/\/letrame.com\/catalogo\/wp-json\/wp\/v2\/product_cat?post=107344"},{"taxonomy":"product_tag","embeddable":true,"href":"https:\/\/letrame.com\/catalogo\/wp-json\/wp\/v2\/product_tag?post=107344"}],"curies":[{"name":"wp","href":"https:\/\/api.w.org\/{rel}","templated":true}]}}