{"id":107319,"date":"2024-12-03T13:14:19","date_gmt":"2024-12-03T12:14:19","guid":{"rendered":"https:\/\/letrame.com\/catalogo\/?post_type=product&#038;p=107319"},"modified":"2024-12-03T13:14:20","modified_gmt":"2024-12-03T12:14:20","slug":"umbrales-de-lo-desconocido","status":"publish","type":"product","link":"https:\/\/letrame.com\/catalogo\/producto\/umbrales-de-lo-desconocido\/","title":{"rendered":"Umbrales de lo desconocido"},"content":{"rendered":"<p class=\"p1\"><b>ISBN: <\/b>978-84-1089-114-2<\/p>\n<p class=\"p1\"><b>T\u00edtulo:<\/b> Umbrales de lo desconocido<\/p>\n<p class=\"p1\"><b>A\u00f1o:\u00a0<\/b>2024<\/p>\n<p class=\"p1\"><b>P\u00e1ginas:\u00a0<\/b>312<\/p>\n<p class=\"p1\"><b>SINOPSIS<\/b><\/p>\n<p style=\"text-align: justify; text-justify: inter-ideograph; line-height: 150%;\"><span class=\"Ninguno\"><span lang=\"PT\">Una mano temblorosa abre el relicario, un tren atraviesa la neblina de las \u00e9pocas y un peque\u00f1o grupo de exploradores desaf\u00eda las reglas del \u00fanico hogar que conocen. As\u00ed empiezan los viajes que conducen a personajes tan comunes como extraordinarios a los rincones m\u00e1s oscuros del tiempo y el espacio.<\/span><\/span><\/p>\n<p style=\"text-align: justify; text-justify: inter-ideograph; line-height: 150%;\"><span class=\"Ninguno\"><span lang=\"PT\">Cada relato en este libro de Ana\u00eds Melero juega con las nociones de destino, riesgo y secretos familiares que se transmiten de generaci\u00f3n en generaci\u00f3n. No son aventuras al uso, son relatos donde lo cotidiano se entrelaza con lo inexplicable y las decisiones m\u00e1s peque\u00f1as pueden alterar el curso de la historia o el futuro de la humanidad.<\/span><\/span><\/p>\n<p style=\"text-align: justify; text-justify: inter-ideograph; line-height: 150%;\"><span class=\"Ninguno\"><span lang=\"PT\">A trav\u00e9s de historias de misterio, esta colecci\u00f3n revela que el verdadero enigma est\u00e1 en qui\u00e9nes somos cuando nos enfrentamos a lo imposible. Explorando las profundidades del miedo, del sacrificio y del poder que se esconde tras las decisiones que cambian el curso del tiempo, los personajes descubren secretos, se enfrentan a s\u00ed mismo y, al hacerlo, nos invitan a cuestionar los l\u00edmites de nuestra propia realidad.<\/span><\/span><\/p>\n","protected":false},"excerpt":{"rendered":"<p class=\"p1\"><b>ISBN: <\/b>978-84-1089-114-2<\/p>\n<p class=\"p1\"><b>SINOPSIS<\/b><\/p>\n<p style=\"text-align: justify; text-justify: inter-ideograph; line-height: 150%;\"><span class=\"Ninguno\"><span lang=\"PT\">Una mano temblorosa abre el relicario, un tren atraviesa la neblina de las \u00e9pocas y un peque\u00f1o grupo de exploradores desaf\u00eda las reglas del \u00fanico hogar que conocen. As\u00ed empiezan los viajes que conducen a personajes tan comunes como extraordinarios a los rincones m\u00e1s oscuros del tiempo y el espacio.<\/span><\/span><\/p>\n<p style=\"text-align: justify; text-justify: inter-ideograph; line-height: 150%;\"><span class=\"Ninguno\"><span lang=\"PT\">Cada relato en este libro de Ana\u00eds Melero juega con las nociones de destino, riesgo y secretos familiares que se transmiten de generaci\u00f3n en generaci\u00f3n. No son aventuras al uso, son relatos donde lo cotidiano se entrelaza con lo inexplicable y las decisiones m\u00e1s peque\u00f1as pueden alterar el curso de la historia o el futuro de la humanidad.<\/span><\/span><\/p>\n<p style=\"text-align: justify; text-justify: inter-ideograph; line-height: 150%;\"><span class=\"Ninguno\"><span lang=\"PT\">A trav\u00e9s de historias de misterio, esta colecci\u00f3n revela que el verdadero enigma est\u00e1 en qui\u00e9nes somos cuando nos enfrentamos a lo imposible. Explorando las profundidades del miedo, del sacrificio y del poder que se esconde tras las decisiones que cambian el curso del tiempo, los personajes descubren secretos, se enfrentan a s\u00ed mismo y, al hacerlo, nos invitan a cuestionar los l\u00edmites de nuestra propia realidad.<\/span><\/span><\/p>\n","protected":false},"featured_media":107322,"comment_status":"open","ping_status":"closed","template":"","meta":{"_acf_changed":false},"libro":[],"product_brand":[],"product_cat":[108],"product_tag":[],"class_list":{"0":"post-107319","1":"product","2":"type-product","3":"status-publish","4":"has-post-thumbnail","6":"product_cat-desarrollo-personal-y-autoconocimientonovela-ilustrada","8":"first","9":"instock","10":"shipping-taxable","11":"product-type-simple"},"acf":{"autor":[107317],"enlace_de_compra":"https:\/\/amzn.to\/4iguCcY"},"yoast_head":"<!-- This site is optimized with the Yoast SEO plugin v27.4 - https:\/\/yoast.com\/product\/yoast-seo-wordpress\/ -->\n<title>Umbrales de lo desconocido - Catalogo | Letrame Grupo Editorial<\/title>\n<meta name=\"robots\" content=\"index, follow, max-snippet:-1, max-image-preview:large, max-video-preview:-1\" \/>\n<link rel=\"canonical\" href=\"https:\/\/letrame.com\/catalogo\/producto\/umbrales-de-lo-desconocido\/\" \/>\n<meta property=\"og:locale\" content=\"es_ES\" \/>\n<meta property=\"og:type\" content=\"article\" \/>\n<meta property=\"og:title\" content=\"Umbrales de lo desconocido - Catalogo | Letrame Grupo Editorial\" \/>\n<meta property=\"og:description\" content=\"ISBN: 978-84-1089-114-2 SINOPSIS Una mano temblorosa abre el relicario, un tren atraviesa la neblina de las \u00e9pocas y un peque\u00f1o grupo de exploradores desaf\u00eda las reglas del \u00fanico hogar que conocen. As\u00ed empiezan los viajes que conducen a personajes tan comunes como extraordinarios a los rincones m\u00e1s oscuros del tiempo y el espacio. Cada relato en este libro de Ana\u00eds Melero juega con las nociones de destino, riesgo y secretos familiares que se transmiten de generaci\u00f3n en generaci\u00f3n. No son aventuras al uso, son relatos donde lo cotidiano se entrelaza con lo inexplicable y las decisiones m\u00e1s peque\u00f1as pueden alterar el curso de la historia o el futuro de la humanidad. A trav\u00e9s de historias de misterio, esta colecci\u00f3n revela que el verdadero enigma est\u00e1 en qui\u00e9nes somos cuando nos enfrentamos a lo imposible. Explorando las profundidades del miedo, del sacrificio y del poder que se esconde tras las decisiones que cambian el curso del tiempo, los personajes descubren secretos, se enfrentan a s\u00ed mismo y, al hacerlo, nos invitan a cuestionar los l\u00edmites de nuestra propia realidad.\" \/>\n<meta property=\"og:url\" content=\"https:\/\/letrame.com\/catalogo\/producto\/umbrales-de-lo-desconocido\/\" \/>\n<meta property=\"og:site_name\" content=\"Catalogo | Letrame Grupo Editorial\" \/>\n<meta property=\"article:modified_time\" content=\"2024-12-03T12:14:20+00:00\" \/>\n<meta property=\"og:image\" content=\"https:\/\/letrame.com\/catalogo\/wp-content\/uploads\/2024\/12\/zumbralesdelos_1546mm4.jpg\" \/>\n\t<meta property=\"og:image:width\" content=\"650\" \/>\n\t<meta property=\"og:image:height\" content=\"910\" \/>\n\t<meta property=\"og:image:type\" content=\"image\/jpeg\" \/>\n<meta name=\"twitter:card\" content=\"summary_large_image\" \/>\n<meta name=\"twitter:label1\" content=\"Tiempo de lectura\" \/>\n\t<meta name=\"twitter:data1\" content=\"2 minutos\" \/>\n<script type=\"application\/ld+json\" class=\"yoast-schema-graph\">{\"@context\":\"https:\\\/\\\/schema.org\",\"@graph\":[{\"@type\":\"WebPage\",\"@id\":\"https:\\\/\\\/letrame.com\\\/catalogo\\\/producto\\\/umbrales-de-lo-desconocido\\\/\",\"url\":\"https:\\\/\\\/letrame.com\\\/catalogo\\\/producto\\\/umbrales-de-lo-desconocido\\\/\",\"name\":\"Umbrales de lo desconocido - Catalogo | Letrame Grupo Editorial\",\"isPartOf\":{\"@id\":\"https:\\\/\\\/letrame.com\\\/catalogo\\\/#website\"},\"primaryImageOfPage\":{\"@id\":\"https:\\\/\\\/letrame.com\\\/catalogo\\\/producto\\\/umbrales-de-lo-desconocido\\\/#primaryimage\"},\"image\":{\"@id\":\"https:\\\/\\\/letrame.com\\\/catalogo\\\/producto\\\/umbrales-de-lo-desconocido\\\/#primaryimage\"},\"thumbnailUrl\":\"https:\\\/\\\/letrame.com\\\/catalogo\\\/wp-content\\\/uploads\\\/2024\\\/12\\\/zumbralesdelos_1546mm4.jpg\",\"datePublished\":\"2024-12-03T12:14:19+00:00\",\"dateModified\":\"2024-12-03T12:14:20+00:00\",\"breadcrumb\":{\"@id\":\"https:\\\/\\\/letrame.com\\\/catalogo\\\/producto\\\/umbrales-de-lo-desconocido\\\/#breadcrumb\"},\"inLanguage\":\"es\",\"potentialAction\":[{\"@type\":\"ReadAction\",\"target\":[\"https:\\\/\\\/letrame.com\\\/catalogo\\\/producto\\\/umbrales-de-lo-desconocido\\\/\"]}]},{\"@type\":\"ImageObject\",\"inLanguage\":\"es\",\"@id\":\"https:\\\/\\\/letrame.com\\\/catalogo\\\/producto\\\/umbrales-de-lo-desconocido\\\/#primaryimage\",\"url\":\"https:\\\/\\\/letrame.com\\\/catalogo\\\/wp-content\\\/uploads\\\/2024\\\/12\\\/zumbralesdelos_1546mm4.jpg\",\"contentUrl\":\"https:\\\/\\\/letrame.com\\\/catalogo\\\/wp-content\\\/uploads\\\/2024\\\/12\\\/zumbralesdelos_1546mm4.jpg\",\"width\":650,\"height\":910},{\"@type\":\"BreadcrumbList\",\"@id\":\"https:\\\/\\\/letrame.com\\\/catalogo\\\/producto\\\/umbrales-de-lo-desconocido\\\/#breadcrumb\",\"itemListElement\":[{\"@type\":\"ListItem\",\"position\":1,\"name\":\"Portada\",\"item\":\"https:\\\/\\\/letrame.com\\\/catalogo\\\/\"},{\"@type\":\"ListItem\",\"position\":2,\"name\":\"Cat\u00e1logo\",\"item\":\"https:\\\/\\\/letrame.com\\\/catalogo\\\/\"},{\"@type\":\"ListItem\",\"position\":3,\"name\":\"Umbrales de lo desconocido\"}]},{\"@type\":\"WebSite\",\"@id\":\"https:\\\/\\\/letrame.com\\\/catalogo\\\/#website\",\"url\":\"https:\\\/\\\/letrame.com\\\/catalogo\\\/\",\"name\":\"Catalogo | Letrame Grupo Editorial\",\"description\":\"\",\"publisher\":{\"@id\":\"https:\\\/\\\/letrame.com\\\/catalogo\\\/#organization\"},\"potentialAction\":[{\"@type\":\"SearchAction\",\"target\":{\"@type\":\"EntryPoint\",\"urlTemplate\":\"https:\\\/\\\/letrame.com\\\/catalogo\\\/?s={search_term_string}\"},\"query-input\":{\"@type\":\"PropertyValueSpecification\",\"valueRequired\":true,\"valueName\":\"search_term_string\"}}],\"inLanguage\":\"es\"},{\"@type\":\"Organization\",\"@id\":\"https:\\\/\\\/letrame.com\\\/catalogo\\\/#organization\",\"name\":\"Catalogo | Letrame Grupo Editorial\",\"url\":\"https:\\\/\\\/letrame.com\\\/catalogo\\\/\",\"logo\":{\"@type\":\"ImageObject\",\"inLanguage\":\"es\",\"@id\":\"https:\\\/\\\/letrame.com\\\/catalogo\\\/#\\\/schema\\\/logo\\\/image\\\/\",\"url\":\"https:\\\/\\\/letrame.com\\\/catalogo\\\/wp-content\\\/uploads\\\/2024\\\/03\\\/logo2.webp\",\"contentUrl\":\"https:\\\/\\\/letrame.com\\\/catalogo\\\/wp-content\\\/uploads\\\/2024\\\/03\\\/logo2.webp\",\"width\":394,\"height\":128,\"caption\":\"Catalogo | Letrame Grupo Editorial\"},\"image\":{\"@id\":\"https:\\\/\\\/letrame.com\\\/catalogo\\\/#\\\/schema\\\/logo\\\/image\\\/\"}}]}<\/script>\n<!-- \/ Yoast SEO plugin. -->","yoast_head_json":{"title":"Umbrales de lo desconocido - Catalogo | Letrame Grupo Editorial","robots":{"index":"index","follow":"follow","max-snippet":"max-snippet:-1","max-image-preview":"max-image-preview:large","max-video-preview":"max-video-preview:-1"},"canonical":"https:\/\/letrame.com\/catalogo\/producto\/umbrales-de-lo-desconocido\/","og_locale":"es_ES","og_type":"article","og_title":"Umbrales de lo desconocido - Catalogo | Letrame Grupo Editorial","og_description":"ISBN: 978-84-1089-114-2 SINOPSIS Una mano temblorosa abre el relicario, un tren atraviesa la neblina de las \u00e9pocas y un peque\u00f1o grupo de exploradores desaf\u00eda las reglas del \u00fanico hogar que conocen. As\u00ed empiezan los viajes que conducen a personajes tan comunes como extraordinarios a los rincones m\u00e1s oscuros del tiempo y el espacio. Cada relato en este libro de Ana\u00eds Melero juega con las nociones de destino, riesgo y secretos familiares que se transmiten de generaci\u00f3n en generaci\u00f3n. No son aventuras al uso, son relatos donde lo cotidiano se entrelaza con lo inexplicable y las decisiones m\u00e1s peque\u00f1as pueden alterar el curso de la historia o el futuro de la humanidad. A trav\u00e9s de historias de misterio, esta colecci\u00f3n revela que el verdadero enigma est\u00e1 en qui\u00e9nes somos cuando nos enfrentamos a lo imposible. Explorando las profundidades del miedo, del sacrificio y del poder que se esconde tras las decisiones que cambian el curso del tiempo, los personajes descubren secretos, se enfrentan a s\u00ed mismo y, al hacerlo, nos invitan a cuestionar los l\u00edmites de nuestra propia realidad.","og_url":"https:\/\/letrame.com\/catalogo\/producto\/umbrales-de-lo-desconocido\/","og_site_name":"Catalogo | Letrame Grupo Editorial","article_modified_time":"2024-12-03T12:14:20+00:00","og_image":[{"width":650,"height":910,"url":"https:\/\/letrame.com\/catalogo\/wp-content\/uploads\/2024\/12\/zumbralesdelos_1546mm4.jpg","type":"image\/jpeg"}],"twitter_card":"summary_large_image","twitter_misc":{"Tiempo de lectura":"2 minutos"},"schema":{"@context":"https:\/\/schema.org","@graph":[{"@type":"WebPage","@id":"https:\/\/letrame.com\/catalogo\/producto\/umbrales-de-lo-desconocido\/","url":"https:\/\/letrame.com\/catalogo\/producto\/umbrales-de-lo-desconocido\/","name":"Umbrales de lo desconocido - Catalogo | Letrame Grupo Editorial","isPartOf":{"@id":"https:\/\/letrame.com\/catalogo\/#website"},"primaryImageOfPage":{"@id":"https:\/\/letrame.com\/catalogo\/producto\/umbrales-de-lo-desconocido\/#primaryimage"},"image":{"@id":"https:\/\/letrame.com\/catalogo\/producto\/umbrales-de-lo-desconocido\/#primaryimage"},"thumbnailUrl":"https:\/\/letrame.com\/catalogo\/wp-content\/uploads\/2024\/12\/zumbralesdelos_1546mm4.jpg","datePublished":"2024-12-03T12:14:19+00:00","dateModified":"2024-12-03T12:14:20+00:00","breadcrumb":{"@id":"https:\/\/letrame.com\/catalogo\/producto\/umbrales-de-lo-desconocido\/#breadcrumb"},"inLanguage":"es","potentialAction":[{"@type":"ReadAction","target":["https:\/\/letrame.com\/catalogo\/producto\/umbrales-de-lo-desconocido\/"]}]},{"@type":"ImageObject","inLanguage":"es","@id":"https:\/\/letrame.com\/catalogo\/producto\/umbrales-de-lo-desconocido\/#primaryimage","url":"https:\/\/letrame.com\/catalogo\/wp-content\/uploads\/2024\/12\/zumbralesdelos_1546mm4.jpg","contentUrl":"https:\/\/letrame.com\/catalogo\/wp-content\/uploads\/2024\/12\/zumbralesdelos_1546mm4.jpg","width":650,"height":910},{"@type":"BreadcrumbList","@id":"https:\/\/letrame.com\/catalogo\/producto\/umbrales-de-lo-desconocido\/#breadcrumb","itemListElement":[{"@type":"ListItem","position":1,"name":"Portada","item":"https:\/\/letrame.com\/catalogo\/"},{"@type":"ListItem","position":2,"name":"Cat\u00e1logo","item":"https:\/\/letrame.com\/catalogo\/"},{"@type":"ListItem","position":3,"name":"Umbrales de lo desconocido"}]},{"@type":"WebSite","@id":"https:\/\/letrame.com\/catalogo\/#website","url":"https:\/\/letrame.com\/catalogo\/","name":"Catalogo | Letrame Grupo Editorial","description":"","publisher":{"@id":"https:\/\/letrame.com\/catalogo\/#organization"},"potentialAction":[{"@type":"SearchAction","target":{"@type":"EntryPoint","urlTemplate":"https:\/\/letrame.com\/catalogo\/?s={search_term_string}"},"query-input":{"@type":"PropertyValueSpecification","valueRequired":true,"valueName":"search_term_string"}}],"inLanguage":"es"},{"@type":"Organization","@id":"https:\/\/letrame.com\/catalogo\/#organization","name":"Catalogo | Letrame Grupo Editorial","url":"https:\/\/letrame.com\/catalogo\/","logo":{"@type":"ImageObject","inLanguage":"es","@id":"https:\/\/letrame.com\/catalogo\/#\/schema\/logo\/image\/","url":"https:\/\/letrame.com\/catalogo\/wp-content\/uploads\/2024\/03\/logo2.webp","contentUrl":"https:\/\/letrame.com\/catalogo\/wp-content\/uploads\/2024\/03\/logo2.webp","width":394,"height":128,"caption":"Catalogo | Letrame Grupo Editorial"},"image":{"@id":"https:\/\/letrame.com\/catalogo\/#\/schema\/logo\/image\/"}}]}},"_links":{"self":[{"href":"https:\/\/letrame.com\/catalogo\/wp-json\/wp\/v2\/product\/107319","targetHints":{"allow":["GET"]}}],"collection":[{"href":"https:\/\/letrame.com\/catalogo\/wp-json\/wp\/v2\/product"}],"about":[{"href":"https:\/\/letrame.com\/catalogo\/wp-json\/wp\/v2\/types\/product"}],"replies":[{"embeddable":true,"href":"https:\/\/letrame.com\/catalogo\/wp-json\/wp\/v2\/comments?post=107319"}],"acf:post":[{"embeddable":true,"href":"https:\/\/letrame.com\/catalogo\/wp-json\/wp\/v2\/author_book\/107317"}],"wp:featuredmedia":[{"embeddable":true,"href":"https:\/\/letrame.com\/catalogo\/wp-json\/wp\/v2\/media\/107322"}],"wp:attachment":[{"href":"https:\/\/letrame.com\/catalogo\/wp-json\/wp\/v2\/media?parent=107319"}],"wp:term":[{"taxonomy":"libro","embeddable":true,"href":"https:\/\/letrame.com\/catalogo\/wp-json\/wp\/v2\/libro?post=107319"},{"taxonomy":"product_brand","embeddable":true,"href":"https:\/\/letrame.com\/catalogo\/wp-json\/wp\/v2\/product_brand?post=107319"},{"taxonomy":"product_cat","embeddable":true,"href":"https:\/\/letrame.com\/catalogo\/wp-json\/wp\/v2\/product_cat?post=107319"},{"taxonomy":"product_tag","embeddable":true,"href":"https:\/\/letrame.com\/catalogo\/wp-json\/wp\/v2\/product_tag?post=107319"}],"curies":[{"name":"wp","href":"https:\/\/api.w.org\/{rel}","templated":true}]}}