{"id":107312,"date":"2024-12-03T12:59:49","date_gmt":"2024-12-03T11:59:49","guid":{"rendered":"https:\/\/letrame.com\/catalogo\/?post_type=product&#038;p=107312"},"modified":"2024-12-03T13:04:25","modified_gmt":"2024-12-03T12:04:25","slug":"el-gallinero-de-marmol-y-otros-cuentos","status":"publish","type":"product","link":"https:\/\/letrame.com\/catalogo\/producto\/el-gallinero-de-marmol-y-otros-cuentos\/","title":{"rendered":"El gallinero de M\u00e1rmol y otros cuentos"},"content":{"rendered":"<p class=\"p1\"><b>ISBN:\u00a0 <\/b>978-84-1089-062-6<\/p>\n<p class=\"p1\"><b>T\u00edtulo:\u00a0<\/b>El gallinero de M\u00e1rmol y otros cuentos<\/p>\n<p class=\"p1\"><b>A\u00f1o:\u00a0<\/b>2024<\/p>\n<p class=\"p1\"><b>P\u00e1ginas:\u00a0<\/b>130<\/p>\n<p class=\"p1\"><b>SINOPSIS<\/b><\/p>\n<p><em>El gallinero de m\u00e1rmol y otros cuentos<\/em> es una recopilaci\u00f3n de relatos que captura la vida cotidiana, la nostalgia del pasado y las complejidades humanas a trav\u00e9s de las experiencias de diversos personajes en un entorno rural y urbano.<\/p>\n<p>Con una mirada nost\u00e1lgica y profundamente humana, Huber Nides Delgado nos lleva a trav\u00e9s de peque\u00f1as an\u00e9cdotas familiares y flexiones \u00edntimas sobre la vida, abordando temas universales como el amor, la p\u00e9rdida, la soledad o la b\u00fasqueda de significado en la vida.<\/p>\n<p>A lo largo del libro, los personajes enfrentan desaf\u00edos emocionales y familiares que resuenan con sensibilidad y autenticidad, mientras las tradiciones y las historias del pasado los gu\u00edan en su presente. Llena de humor, ternura y una cr\u00edtica social impl\u00edcita, esta obra celebra la vida y las conexiones humanas en su forma m\u00e1s simple y honesta.<\/p>\n<p>Cada relato te invitar\u00e1 a detenerte, reflexionar y, en muchos casos, emocionarte con la humanidad latente en cada p\u00e1gina.<\/p>\n","protected":false},"excerpt":{"rendered":"<p class=\"p1\"><b>ISBN:\u00a0 <\/b>978-84-1089-062-6<\/p>\n<p class=\"p1\"><b>SINOPSIS<\/b><\/p>\n<p><em>El gallinero de m\u00e1rmol y otros cuentos<\/em> es una recopilaci\u00f3n de relatos que captura la vida cotidiana, la nostalgia del pasado y las complejidades humanas a trav\u00e9s de las experiencias de diversos personajes en un entorno rural y urbano.<\/p>\n<p>Con una mirada nost\u00e1lgica y profundamente humana, Huber Nides Delgado nos lleva a trav\u00e9s de peque\u00f1as an\u00e9cdotas familiares y flexiones \u00edntimas sobre la vida, abordando temas universales como el amor, la p\u00e9rdida, la soledad o la b\u00fasqueda de significado en la vida.<\/p>\n<p>A lo largo del libro, los personajes enfrentan desaf\u00edos emocionales y familiares que resuenan con sensibilidad y autenticidad, mientras las tradiciones y las historias del pasado los gu\u00edan en su presente. Llena de humor, ternura y una cr\u00edtica social impl\u00edcita, esta obra celebra la vida y las conexiones humanas en su forma m\u00e1s simple y honesta.<\/p>\n<p>Cada relato te invitar\u00e1 a detenerte, reflexionar y, en muchos casos, emocionarte con la humanidad latente en cada p\u00e1gina.<\/p>\n","protected":false},"featured_media":107315,"comment_status":"open","ping_status":"closed","template":"","meta":{"_acf_changed":false},"libro":[],"product_brand":[],"product_cat":[47],"product_tag":[],"class_list":{"0":"post-107312","1":"product","2":"type-product","3":"status-publish","4":"has-post-thumbnail","6":"product_cat-ciencia-ficcion-misterio","8":"first","9":"instock","10":"shipping-taxable","11":"product-type-simple"},"acf":{"autor":[107311],"enlace_de_compra":"https:\/\/amzn.to\/3ZfN6Bz"},"yoast_head":"<!-- This site is optimized with the Yoast SEO plugin v26.6 - https:\/\/yoast.com\/wordpress\/plugins\/seo\/ -->\n<title>El gallinero de M\u00e1rmol y otros cuentos - Catalogo | Letrame Grupo Editorial<\/title>\n<meta name=\"robots\" content=\"index, follow, max-snippet:-1, max-image-preview:large, max-video-preview:-1\" \/>\n<link rel=\"canonical\" href=\"https:\/\/letrame.com\/catalogo\/producto\/el-gallinero-de-marmol-y-otros-cuentos\/\" \/>\n<meta property=\"og:locale\" content=\"es_ES\" \/>\n<meta property=\"og:type\" content=\"article\" \/>\n<meta property=\"og:title\" content=\"El gallinero de M\u00e1rmol y otros cuentos - Catalogo | Letrame Grupo Editorial\" \/>\n<meta property=\"og:description\" content=\"ISBN:\u00a0 978-84-1089-062-6 SINOPSIS El gallinero de m\u00e1rmol y otros cuentos es una recopilaci\u00f3n de relatos que captura la vida cotidiana, la nostalgia del pasado y las complejidades humanas a trav\u00e9s de las experiencias de diversos personajes en un entorno rural y urbano.  Con una mirada nost\u00e1lgica y profundamente humana, Huber Nides Delgado nos lleva a trav\u00e9s de peque\u00f1as an\u00e9cdotas familiares y flexiones \u00edntimas sobre la vida, abordando temas universales como el amor, la p\u00e9rdida, la soledad o la b\u00fasqueda de significado en la vida.  A lo largo del libro, los personajes enfrentan desaf\u00edos emocionales y familiares que resuenan con sensibilidad y autenticidad, mientras las tradiciones y las historias del pasado los gu\u00edan en su presente. Llena de humor, ternura y una cr\u00edtica social impl\u00edcita, esta obra celebra la vida y las conexiones humanas en su forma m\u00e1s simple y honesta.  Cada relato te invitar\u00e1 a detenerte, reflexionar y, en muchos casos, emocionarte con la humanidad latente en cada p\u00e1gina.\" \/>\n<meta property=\"og:url\" content=\"https:\/\/letrame.com\/catalogo\/producto\/el-gallinero-de-marmol-y-otros-cuentos\/\" \/>\n<meta property=\"og:site_name\" content=\"Catalogo | Letrame Grupo Editorial\" \/>\n<meta property=\"article:modified_time\" content=\"2024-12-03T12:04:25+00:00\" \/>\n<meta property=\"og:image\" content=\"https:\/\/letrame.com\/catalogo\/wp-content\/uploads\/2024\/12\/zelgallinerodemarmol_568mmv24.jpg\" \/>\n\t<meta property=\"og:image:width\" content=\"500\" \/>\n\t<meta property=\"og:image:height\" content=\"709\" \/>\n\t<meta property=\"og:image:type\" content=\"image\/jpeg\" \/>\n<meta name=\"twitter:card\" content=\"summary_large_image\" \/>\n<meta name=\"twitter:label1\" content=\"Tiempo de lectura\" \/>\n\t<meta name=\"twitter:data1\" content=\"1 minuto\" \/>\n<script type=\"application\/ld+json\" class=\"yoast-schema-graph\">{\"@context\":\"https:\/\/schema.org\",\"@graph\":[{\"@type\":\"WebPage\",\"@id\":\"https:\/\/letrame.com\/catalogo\/producto\/el-gallinero-de-marmol-y-otros-cuentos\/\",\"url\":\"https:\/\/letrame.com\/catalogo\/producto\/el-gallinero-de-marmol-y-otros-cuentos\/\",\"name\":\"El gallinero de M\u00e1rmol y otros cuentos - Catalogo | Letrame Grupo Editorial\",\"isPartOf\":{\"@id\":\"https:\/\/letrame.com\/catalogo\/#website\"},\"primaryImageOfPage\":{\"@id\":\"https:\/\/letrame.com\/catalogo\/producto\/el-gallinero-de-marmol-y-otros-cuentos\/#primaryimage\"},\"image\":{\"@id\":\"https:\/\/letrame.com\/catalogo\/producto\/el-gallinero-de-marmol-y-otros-cuentos\/#primaryimage\"},\"thumbnailUrl\":\"https:\/\/letrame.com\/catalogo\/wp-content\/uploads\/2024\/12\/zelgallinerodemarmol_568mmv24.jpg\",\"datePublished\":\"2024-12-03T11:59:49+00:00\",\"dateModified\":\"2024-12-03T12:04:25+00:00\",\"breadcrumb\":{\"@id\":\"https:\/\/letrame.com\/catalogo\/producto\/el-gallinero-de-marmol-y-otros-cuentos\/#breadcrumb\"},\"inLanguage\":\"es\",\"potentialAction\":[{\"@type\":\"ReadAction\",\"target\":[\"https:\/\/letrame.com\/catalogo\/producto\/el-gallinero-de-marmol-y-otros-cuentos\/\"]}]},{\"@type\":\"ImageObject\",\"inLanguage\":\"es\",\"@id\":\"https:\/\/letrame.com\/catalogo\/producto\/el-gallinero-de-marmol-y-otros-cuentos\/#primaryimage\",\"url\":\"https:\/\/letrame.com\/catalogo\/wp-content\/uploads\/2024\/12\/zelgallinerodemarmol_568mmv24.jpg\",\"contentUrl\":\"https:\/\/letrame.com\/catalogo\/wp-content\/uploads\/2024\/12\/zelgallinerodemarmol_568mmv24.jpg\",\"width\":500,\"height\":709},{\"@type\":\"BreadcrumbList\",\"@id\":\"https:\/\/letrame.com\/catalogo\/producto\/el-gallinero-de-marmol-y-otros-cuentos\/#breadcrumb\",\"itemListElement\":[{\"@type\":\"ListItem\",\"position\":1,\"name\":\"Portada\",\"item\":\"https:\/\/letrame.com\/catalogo\/\"},{\"@type\":\"ListItem\",\"position\":2,\"name\":\"Cat\u00e1logo\",\"item\":\"https:\/\/letrame.com\/catalogo\/\"},{\"@type\":\"ListItem\",\"position\":3,\"name\":\"El gallinero de M\u00e1rmol y otros cuentos\"}]},{\"@type\":\"WebSite\",\"@id\":\"https:\/\/letrame.com\/catalogo\/#website\",\"url\":\"https:\/\/letrame.com\/catalogo\/\",\"name\":\"Catalogo | Letrame Grupo Editorial\",\"description\":\"\",\"publisher\":{\"@id\":\"https:\/\/letrame.com\/catalogo\/#organization\"},\"potentialAction\":[{\"@type\":\"SearchAction\",\"target\":{\"@type\":\"EntryPoint\",\"urlTemplate\":\"https:\/\/letrame.com\/catalogo\/?s={search_term_string}\"},\"query-input\":{\"@type\":\"PropertyValueSpecification\",\"valueRequired\":true,\"valueName\":\"search_term_string\"}}],\"inLanguage\":\"es\"},{\"@type\":\"Organization\",\"@id\":\"https:\/\/letrame.com\/catalogo\/#organization\",\"name\":\"Catalogo | Letrame Grupo Editorial\",\"url\":\"https:\/\/letrame.com\/catalogo\/\",\"logo\":{\"@type\":\"ImageObject\",\"inLanguage\":\"es\",\"@id\":\"https:\/\/letrame.com\/catalogo\/#\/schema\/logo\/image\/\",\"url\":\"https:\/\/letrame.com\/catalogo\/wp-content\/uploads\/2024\/03\/logo2.webp\",\"contentUrl\":\"https:\/\/letrame.com\/catalogo\/wp-content\/uploads\/2024\/03\/logo2.webp\",\"width\":394,\"height\":128,\"caption\":\"Catalogo | Letrame Grupo Editorial\"},\"image\":{\"@id\":\"https:\/\/letrame.com\/catalogo\/#\/schema\/logo\/image\/\"}}]}<\/script>\n<!-- \/ Yoast SEO plugin. -->","yoast_head_json":{"title":"El gallinero de M\u00e1rmol y otros cuentos - Catalogo | Letrame Grupo Editorial","robots":{"index":"index","follow":"follow","max-snippet":"max-snippet:-1","max-image-preview":"max-image-preview:large","max-video-preview":"max-video-preview:-1"},"canonical":"https:\/\/letrame.com\/catalogo\/producto\/el-gallinero-de-marmol-y-otros-cuentos\/","og_locale":"es_ES","og_type":"article","og_title":"El gallinero de M\u00e1rmol y otros cuentos - Catalogo | Letrame Grupo Editorial","og_description":"ISBN:\u00a0 978-84-1089-062-6 SINOPSIS El gallinero de m\u00e1rmol y otros cuentos es una recopilaci\u00f3n de relatos que captura la vida cotidiana, la nostalgia del pasado y las complejidades humanas a trav\u00e9s de las experiencias de diversos personajes en un entorno rural y urbano.  Con una mirada nost\u00e1lgica y profundamente humana, Huber Nides Delgado nos lleva a trav\u00e9s de peque\u00f1as an\u00e9cdotas familiares y flexiones \u00edntimas sobre la vida, abordando temas universales como el amor, la p\u00e9rdida, la soledad o la b\u00fasqueda de significado en la vida.  A lo largo del libro, los personajes enfrentan desaf\u00edos emocionales y familiares que resuenan con sensibilidad y autenticidad, mientras las tradiciones y las historias del pasado los gu\u00edan en su presente. Llena de humor, ternura y una cr\u00edtica social impl\u00edcita, esta obra celebra la vida y las conexiones humanas en su forma m\u00e1s simple y honesta.  Cada relato te invitar\u00e1 a detenerte, reflexionar y, en muchos casos, emocionarte con la humanidad latente en cada p\u00e1gina.","og_url":"https:\/\/letrame.com\/catalogo\/producto\/el-gallinero-de-marmol-y-otros-cuentos\/","og_site_name":"Catalogo | Letrame Grupo Editorial","article_modified_time":"2024-12-03T12:04:25+00:00","og_image":[{"width":500,"height":709,"url":"https:\/\/letrame.com\/catalogo\/wp-content\/uploads\/2024\/12\/zelgallinerodemarmol_568mmv24.jpg","type":"image\/jpeg"}],"twitter_card":"summary_large_image","twitter_misc":{"Tiempo de lectura":"1 minuto"},"schema":{"@context":"https:\/\/schema.org","@graph":[{"@type":"WebPage","@id":"https:\/\/letrame.com\/catalogo\/producto\/el-gallinero-de-marmol-y-otros-cuentos\/","url":"https:\/\/letrame.com\/catalogo\/producto\/el-gallinero-de-marmol-y-otros-cuentos\/","name":"El gallinero de M\u00e1rmol y otros cuentos - Catalogo | Letrame Grupo Editorial","isPartOf":{"@id":"https:\/\/letrame.com\/catalogo\/#website"},"primaryImageOfPage":{"@id":"https:\/\/letrame.com\/catalogo\/producto\/el-gallinero-de-marmol-y-otros-cuentos\/#primaryimage"},"image":{"@id":"https:\/\/letrame.com\/catalogo\/producto\/el-gallinero-de-marmol-y-otros-cuentos\/#primaryimage"},"thumbnailUrl":"https:\/\/letrame.com\/catalogo\/wp-content\/uploads\/2024\/12\/zelgallinerodemarmol_568mmv24.jpg","datePublished":"2024-12-03T11:59:49+00:00","dateModified":"2024-12-03T12:04:25+00:00","breadcrumb":{"@id":"https:\/\/letrame.com\/catalogo\/producto\/el-gallinero-de-marmol-y-otros-cuentos\/#breadcrumb"},"inLanguage":"es","potentialAction":[{"@type":"ReadAction","target":["https:\/\/letrame.com\/catalogo\/producto\/el-gallinero-de-marmol-y-otros-cuentos\/"]}]},{"@type":"ImageObject","inLanguage":"es","@id":"https:\/\/letrame.com\/catalogo\/producto\/el-gallinero-de-marmol-y-otros-cuentos\/#primaryimage","url":"https:\/\/letrame.com\/catalogo\/wp-content\/uploads\/2024\/12\/zelgallinerodemarmol_568mmv24.jpg","contentUrl":"https:\/\/letrame.com\/catalogo\/wp-content\/uploads\/2024\/12\/zelgallinerodemarmol_568mmv24.jpg","width":500,"height":709},{"@type":"BreadcrumbList","@id":"https:\/\/letrame.com\/catalogo\/producto\/el-gallinero-de-marmol-y-otros-cuentos\/#breadcrumb","itemListElement":[{"@type":"ListItem","position":1,"name":"Portada","item":"https:\/\/letrame.com\/catalogo\/"},{"@type":"ListItem","position":2,"name":"Cat\u00e1logo","item":"https:\/\/letrame.com\/catalogo\/"},{"@type":"ListItem","position":3,"name":"El gallinero de M\u00e1rmol y otros cuentos"}]},{"@type":"WebSite","@id":"https:\/\/letrame.com\/catalogo\/#website","url":"https:\/\/letrame.com\/catalogo\/","name":"Catalogo | Letrame Grupo Editorial","description":"","publisher":{"@id":"https:\/\/letrame.com\/catalogo\/#organization"},"potentialAction":[{"@type":"SearchAction","target":{"@type":"EntryPoint","urlTemplate":"https:\/\/letrame.com\/catalogo\/?s={search_term_string}"},"query-input":{"@type":"PropertyValueSpecification","valueRequired":true,"valueName":"search_term_string"}}],"inLanguage":"es"},{"@type":"Organization","@id":"https:\/\/letrame.com\/catalogo\/#organization","name":"Catalogo | Letrame Grupo Editorial","url":"https:\/\/letrame.com\/catalogo\/","logo":{"@type":"ImageObject","inLanguage":"es","@id":"https:\/\/letrame.com\/catalogo\/#\/schema\/logo\/image\/","url":"https:\/\/letrame.com\/catalogo\/wp-content\/uploads\/2024\/03\/logo2.webp","contentUrl":"https:\/\/letrame.com\/catalogo\/wp-content\/uploads\/2024\/03\/logo2.webp","width":394,"height":128,"caption":"Catalogo | Letrame Grupo Editorial"},"image":{"@id":"https:\/\/letrame.com\/catalogo\/#\/schema\/logo\/image\/"}}]}},"_links":{"self":[{"href":"https:\/\/letrame.com\/catalogo\/wp-json\/wp\/v2\/product\/107312","targetHints":{"allow":["GET"]}}],"collection":[{"href":"https:\/\/letrame.com\/catalogo\/wp-json\/wp\/v2\/product"}],"about":[{"href":"https:\/\/letrame.com\/catalogo\/wp-json\/wp\/v2\/types\/product"}],"replies":[{"embeddable":true,"href":"https:\/\/letrame.com\/catalogo\/wp-json\/wp\/v2\/comments?post=107312"}],"acf:post":[{"embeddable":true,"href":"https:\/\/letrame.com\/catalogo\/wp-json\/wp\/v2\/author_book\/107311"}],"wp:featuredmedia":[{"embeddable":true,"href":"https:\/\/letrame.com\/catalogo\/wp-json\/wp\/v2\/media\/107315"}],"wp:attachment":[{"href":"https:\/\/letrame.com\/catalogo\/wp-json\/wp\/v2\/media?parent=107312"}],"wp:term":[{"taxonomy":"libro","embeddable":true,"href":"https:\/\/letrame.com\/catalogo\/wp-json\/wp\/v2\/libro?post=107312"},{"taxonomy":"product_brand","embeddable":true,"href":"https:\/\/letrame.com\/catalogo\/wp-json\/wp\/v2\/product_brand?post=107312"},{"taxonomy":"product_cat","embeddable":true,"href":"https:\/\/letrame.com\/catalogo\/wp-json\/wp\/v2\/product_cat?post=107312"},{"taxonomy":"product_tag","embeddable":true,"href":"https:\/\/letrame.com\/catalogo\/wp-json\/wp\/v2\/product_tag?post=107312"}],"curies":[{"name":"wp","href":"https:\/\/api.w.org\/{rel}","templated":true}]}}