{"id":107295,"date":"2024-12-03T11:51:36","date_gmt":"2024-12-03T10:51:36","guid":{"rendered":"https:\/\/letrame.com\/catalogo\/?post_type=product&#038;p=107295"},"modified":"2024-12-03T11:51:36","modified_gmt":"2024-12-03T10:51:36","slug":"atardecer","status":"publish","type":"product","link":"https:\/\/letrame.com\/catalogo\/producto\/atardecer\/","title":{"rendered":"Atardecer"},"content":{"rendered":"<p class=\"p1\"><b>ISBN: <\/b>978-84-1068-983-1<\/p>\n<p class=\"p1\"><b>T\u00edtulo:<\/b> Atardecer<\/p>\n<p class=\"p1\"><b>A\u00f1o:<\/b> 2024<\/p>\n<p class=\"p1\"><b>P\u00e1ginas:\u00a0<\/b>76<\/p>\n<p class=\"p1\"><b>SINOPSIS<\/b><\/p>\n<p>\u00abLleg\u00f3 el d\u00eda en que las partes lejanas de mi vida se encuentran y entrechocan, se mezclan con lo que m\u00e1s me importa hoy&#8230;\u00bb<\/p>\n<ol>\n<li>Bataille.<\/li>\n<\/ol>\n<p>Creo que esa cita describe bien este \u00abintento\u00bb de escribir versos. Asi que, si alguien, al que por azar llegue este libro, se pregunta porque insiste este se\u00f1or en escribir malos versos, o mejor, carentes de cultura literaria, algo as\u00ed como un producto de la calle, puede encontrar una explicaci\u00f3n en la cita. Adem\u00e1s, y para callado, murmurando al o\u00eddo, ocurre que, de paso, cuando escribo me olvido que soy viejo, y algunos d\u00edas y en ocasiones, me atrevo a inventarme malos pasos, y sue\u00f1os falsos que van en los versos. A fin de cuentas, si logro generar en quien lea, y all\u00ed se vea, una sonrisa, es que logr\u00e9 al menos eso. Y una sonrisa, me basta.<\/p>\n","protected":false},"excerpt":{"rendered":"<p class=\"p1\"><b>ISBN: <\/b>978-84-1068-983-1<\/p>\n<p class=\"p1\">\n<p class=\"p1\"><b>SINOPSIS<\/b><\/p>\n<p>\u00abLleg\u00f3 el d\u00eda en que las partes lejanas de mi vida se encuentran y entrechocan, se mezclan con lo que m\u00e1s me importa hoy&#8230;\u00bb<\/p>\n<ol>\n<li>Bataille.<\/li>\n<\/ol>\n<p>Creo que esa cita describe bien este \u00abintento\u00bb de escribir versos. Asi que, si alguien, al que por azar llegue este libro, se pregunta porque insiste este se\u00f1or en escribir malos versos, o mejor, carentes de cultura literaria, algo as\u00ed como un producto de la calle, puede encontrar una explicaci\u00f3n en la cita. Adem\u00e1s, y para callado, murmurando al o\u00eddo, ocurre que, de paso, cuando escribo me olvido que soy viejo, y algunos d\u00edas y en ocasiones, me atrevo a inventarme malos pasos, y sue\u00f1os falsos que van en los versos. A fin de cuentas, si logro generar en quien lea, y all\u00ed se vea, una sonrisa, es que logr\u00e9 al menos eso. Y una sonrisa, me basta.<\/p>\n","protected":false},"featured_media":107296,"comment_status":"open","ping_status":"closed","template":"","meta":{"_acf_changed":false},"libro":[],"product_brand":[],"product_cat":[20],"product_tag":[],"class_list":{"0":"post-107295","1":"product","2":"type-product","3":"status-publish","4":"has-post-thumbnail","6":"product_cat-poesia","8":"first","9":"instock","10":"shipping-taxable","11":"product-type-simple"},"acf":{"autor":[75654],"enlace_de_compra":"https:\/\/amzn.to\/3Vn5Spv"},"yoast_head":"<!-- This site is optimized with the Yoast SEO plugin v27.4 - https:\/\/yoast.com\/product\/yoast-seo-wordpress\/ -->\n<title>Atardecer - Catalogo | Letrame Grupo Editorial<\/title>\n<meta name=\"robots\" content=\"index, follow, max-snippet:-1, max-image-preview:large, max-video-preview:-1\" \/>\n<link rel=\"canonical\" href=\"https:\/\/letrame.com\/catalogo\/producto\/atardecer\/\" \/>\n<meta property=\"og:locale\" content=\"es_ES\" \/>\n<meta property=\"og:type\" content=\"article\" \/>\n<meta property=\"og:title\" content=\"Atardecer - Catalogo | Letrame Grupo Editorial\" \/>\n<meta property=\"og:description\" content=\"ISBN: 978-84-1068-983-1  SINOPSIS \u00abLleg\u00f3 el d\u00eda en que las partes lejanas de mi vida se encuentran y entrechocan, se mezclan con lo que m\u00e1s me importa hoy...\u00bb   Bataille.  Creo que esa cita describe bien este \u00abintento\u00bb de escribir versos. Asi que, si alguien, al que por azar llegue este libro, se pregunta porque insiste este se\u00f1or en escribir malos versos, o mejor, carentes de cultura literaria, algo as\u00ed como un producto de la calle, puede encontrar una explicaci\u00f3n en la cita. Adem\u00e1s, y para callado, murmurando al o\u00eddo, ocurre que, de paso, cuando escribo me olvido que soy viejo, y algunos d\u00edas y en ocasiones, me atrevo a inventarme malos pasos, y sue\u00f1os falsos que van en los versos. A fin de cuentas, si logro generar en quien lea, y all\u00ed se vea, una sonrisa, es que logr\u00e9 al menos eso. Y una sonrisa, me basta.\" \/>\n<meta property=\"og:url\" content=\"https:\/\/letrame.com\/catalogo\/producto\/atardecer\/\" \/>\n<meta property=\"og:site_name\" content=\"Catalogo | Letrame Grupo Editorial\" \/>\n<meta property=\"og:image\" content=\"https:\/\/letrame.com\/catalogo\/wp-content\/uploads\/2024\/12\/atardecer_458mm4.jpg\" \/>\n\t<meta property=\"og:image:width\" content=\"1654\" \/>\n\t<meta property=\"og:image:height\" content=\"2362\" \/>\n\t<meta property=\"og:image:type\" content=\"image\/jpeg\" \/>\n<meta name=\"twitter:card\" content=\"summary_large_image\" \/>\n<meta name=\"twitter:label1\" content=\"Tiempo de lectura\" \/>\n\t<meta name=\"twitter:data1\" content=\"1 minuto\" \/>\n<script type=\"application\/ld+json\" class=\"yoast-schema-graph\">{\"@context\":\"https:\\\/\\\/schema.org\",\"@graph\":[{\"@type\":\"WebPage\",\"@id\":\"https:\\\/\\\/letrame.com\\\/catalogo\\\/producto\\\/atardecer\\\/\",\"url\":\"https:\\\/\\\/letrame.com\\\/catalogo\\\/producto\\\/atardecer\\\/\",\"name\":\"Atardecer - Catalogo | Letrame Grupo Editorial\",\"isPartOf\":{\"@id\":\"https:\\\/\\\/letrame.com\\\/catalogo\\\/#website\"},\"primaryImageOfPage\":{\"@id\":\"https:\\\/\\\/letrame.com\\\/catalogo\\\/producto\\\/atardecer\\\/#primaryimage\"},\"image\":{\"@id\":\"https:\\\/\\\/letrame.com\\\/catalogo\\\/producto\\\/atardecer\\\/#primaryimage\"},\"thumbnailUrl\":\"https:\\\/\\\/letrame.com\\\/catalogo\\\/wp-content\\\/uploads\\\/2024\\\/12\\\/atardecer_458mm4.jpg\",\"datePublished\":\"2024-12-03T10:51:36+00:00\",\"breadcrumb\":{\"@id\":\"https:\\\/\\\/letrame.com\\\/catalogo\\\/producto\\\/atardecer\\\/#breadcrumb\"},\"inLanguage\":\"es\",\"potentialAction\":[{\"@type\":\"ReadAction\",\"target\":[\"https:\\\/\\\/letrame.com\\\/catalogo\\\/producto\\\/atardecer\\\/\"]}]},{\"@type\":\"ImageObject\",\"inLanguage\":\"es\",\"@id\":\"https:\\\/\\\/letrame.com\\\/catalogo\\\/producto\\\/atardecer\\\/#primaryimage\",\"url\":\"https:\\\/\\\/letrame.com\\\/catalogo\\\/wp-content\\\/uploads\\\/2024\\\/12\\\/atardecer_458mm4.jpg\",\"contentUrl\":\"https:\\\/\\\/letrame.com\\\/catalogo\\\/wp-content\\\/uploads\\\/2024\\\/12\\\/atardecer_458mm4.jpg\",\"width\":1654,\"height\":2362},{\"@type\":\"BreadcrumbList\",\"@id\":\"https:\\\/\\\/letrame.com\\\/catalogo\\\/producto\\\/atardecer\\\/#breadcrumb\",\"itemListElement\":[{\"@type\":\"ListItem\",\"position\":1,\"name\":\"Portada\",\"item\":\"https:\\\/\\\/letrame.com\\\/catalogo\\\/\"},{\"@type\":\"ListItem\",\"position\":2,\"name\":\"Cat\u00e1logo\",\"item\":\"https:\\\/\\\/letrame.com\\\/catalogo\\\/\"},{\"@type\":\"ListItem\",\"position\":3,\"name\":\"Atardecer\"}]},{\"@type\":\"WebSite\",\"@id\":\"https:\\\/\\\/letrame.com\\\/catalogo\\\/#website\",\"url\":\"https:\\\/\\\/letrame.com\\\/catalogo\\\/\",\"name\":\"Catalogo | Letrame Grupo Editorial\",\"description\":\"\",\"publisher\":{\"@id\":\"https:\\\/\\\/letrame.com\\\/catalogo\\\/#organization\"},\"potentialAction\":[{\"@type\":\"SearchAction\",\"target\":{\"@type\":\"EntryPoint\",\"urlTemplate\":\"https:\\\/\\\/letrame.com\\\/catalogo\\\/?s={search_term_string}\"},\"query-input\":{\"@type\":\"PropertyValueSpecification\",\"valueRequired\":true,\"valueName\":\"search_term_string\"}}],\"inLanguage\":\"es\"},{\"@type\":\"Organization\",\"@id\":\"https:\\\/\\\/letrame.com\\\/catalogo\\\/#organization\",\"name\":\"Catalogo | Letrame Grupo Editorial\",\"url\":\"https:\\\/\\\/letrame.com\\\/catalogo\\\/\",\"logo\":{\"@type\":\"ImageObject\",\"inLanguage\":\"es\",\"@id\":\"https:\\\/\\\/letrame.com\\\/catalogo\\\/#\\\/schema\\\/logo\\\/image\\\/\",\"url\":\"https:\\\/\\\/letrame.com\\\/catalogo\\\/wp-content\\\/uploads\\\/2024\\\/03\\\/logo2.webp\",\"contentUrl\":\"https:\\\/\\\/letrame.com\\\/catalogo\\\/wp-content\\\/uploads\\\/2024\\\/03\\\/logo2.webp\",\"width\":394,\"height\":128,\"caption\":\"Catalogo | Letrame Grupo Editorial\"},\"image\":{\"@id\":\"https:\\\/\\\/letrame.com\\\/catalogo\\\/#\\\/schema\\\/logo\\\/image\\\/\"}}]}<\/script>\n<!-- \/ Yoast SEO plugin. -->","yoast_head_json":{"title":"Atardecer - Catalogo | Letrame Grupo Editorial","robots":{"index":"index","follow":"follow","max-snippet":"max-snippet:-1","max-image-preview":"max-image-preview:large","max-video-preview":"max-video-preview:-1"},"canonical":"https:\/\/letrame.com\/catalogo\/producto\/atardecer\/","og_locale":"es_ES","og_type":"article","og_title":"Atardecer - Catalogo | Letrame Grupo Editorial","og_description":"ISBN: 978-84-1068-983-1  SINOPSIS \u00abLleg\u00f3 el d\u00eda en que las partes lejanas de mi vida se encuentran y entrechocan, se mezclan con lo que m\u00e1s me importa hoy...\u00bb   Bataille.  Creo que esa cita describe bien este \u00abintento\u00bb de escribir versos. Asi que, si alguien, al que por azar llegue este libro, se pregunta porque insiste este se\u00f1or en escribir malos versos, o mejor, carentes de cultura literaria, algo as\u00ed como un producto de la calle, puede encontrar una explicaci\u00f3n en la cita. Adem\u00e1s, y para callado, murmurando al o\u00eddo, ocurre que, de paso, cuando escribo me olvido que soy viejo, y algunos d\u00edas y en ocasiones, me atrevo a inventarme malos pasos, y sue\u00f1os falsos que van en los versos. A fin de cuentas, si logro generar en quien lea, y all\u00ed se vea, una sonrisa, es que logr\u00e9 al menos eso. Y una sonrisa, me basta.","og_url":"https:\/\/letrame.com\/catalogo\/producto\/atardecer\/","og_site_name":"Catalogo | Letrame Grupo Editorial","og_image":[{"width":1654,"height":2362,"url":"https:\/\/letrame.com\/catalogo\/wp-content\/uploads\/2024\/12\/atardecer_458mm4.jpg","type":"image\/jpeg"}],"twitter_card":"summary_large_image","twitter_misc":{"Tiempo de lectura":"1 minuto"},"schema":{"@context":"https:\/\/schema.org","@graph":[{"@type":"WebPage","@id":"https:\/\/letrame.com\/catalogo\/producto\/atardecer\/","url":"https:\/\/letrame.com\/catalogo\/producto\/atardecer\/","name":"Atardecer - Catalogo | Letrame Grupo Editorial","isPartOf":{"@id":"https:\/\/letrame.com\/catalogo\/#website"},"primaryImageOfPage":{"@id":"https:\/\/letrame.com\/catalogo\/producto\/atardecer\/#primaryimage"},"image":{"@id":"https:\/\/letrame.com\/catalogo\/producto\/atardecer\/#primaryimage"},"thumbnailUrl":"https:\/\/letrame.com\/catalogo\/wp-content\/uploads\/2024\/12\/atardecer_458mm4.jpg","datePublished":"2024-12-03T10:51:36+00:00","breadcrumb":{"@id":"https:\/\/letrame.com\/catalogo\/producto\/atardecer\/#breadcrumb"},"inLanguage":"es","potentialAction":[{"@type":"ReadAction","target":["https:\/\/letrame.com\/catalogo\/producto\/atardecer\/"]}]},{"@type":"ImageObject","inLanguage":"es","@id":"https:\/\/letrame.com\/catalogo\/producto\/atardecer\/#primaryimage","url":"https:\/\/letrame.com\/catalogo\/wp-content\/uploads\/2024\/12\/atardecer_458mm4.jpg","contentUrl":"https:\/\/letrame.com\/catalogo\/wp-content\/uploads\/2024\/12\/atardecer_458mm4.jpg","width":1654,"height":2362},{"@type":"BreadcrumbList","@id":"https:\/\/letrame.com\/catalogo\/producto\/atardecer\/#breadcrumb","itemListElement":[{"@type":"ListItem","position":1,"name":"Portada","item":"https:\/\/letrame.com\/catalogo\/"},{"@type":"ListItem","position":2,"name":"Cat\u00e1logo","item":"https:\/\/letrame.com\/catalogo\/"},{"@type":"ListItem","position":3,"name":"Atardecer"}]},{"@type":"WebSite","@id":"https:\/\/letrame.com\/catalogo\/#website","url":"https:\/\/letrame.com\/catalogo\/","name":"Catalogo | Letrame Grupo Editorial","description":"","publisher":{"@id":"https:\/\/letrame.com\/catalogo\/#organization"},"potentialAction":[{"@type":"SearchAction","target":{"@type":"EntryPoint","urlTemplate":"https:\/\/letrame.com\/catalogo\/?s={search_term_string}"},"query-input":{"@type":"PropertyValueSpecification","valueRequired":true,"valueName":"search_term_string"}}],"inLanguage":"es"},{"@type":"Organization","@id":"https:\/\/letrame.com\/catalogo\/#organization","name":"Catalogo | Letrame Grupo Editorial","url":"https:\/\/letrame.com\/catalogo\/","logo":{"@type":"ImageObject","inLanguage":"es","@id":"https:\/\/letrame.com\/catalogo\/#\/schema\/logo\/image\/","url":"https:\/\/letrame.com\/catalogo\/wp-content\/uploads\/2024\/03\/logo2.webp","contentUrl":"https:\/\/letrame.com\/catalogo\/wp-content\/uploads\/2024\/03\/logo2.webp","width":394,"height":128,"caption":"Catalogo | Letrame Grupo Editorial"},"image":{"@id":"https:\/\/letrame.com\/catalogo\/#\/schema\/logo\/image\/"}}]}},"_links":{"self":[{"href":"https:\/\/letrame.com\/catalogo\/wp-json\/wp\/v2\/product\/107295","targetHints":{"allow":["GET"]}}],"collection":[{"href":"https:\/\/letrame.com\/catalogo\/wp-json\/wp\/v2\/product"}],"about":[{"href":"https:\/\/letrame.com\/catalogo\/wp-json\/wp\/v2\/types\/product"}],"replies":[{"embeddable":true,"href":"https:\/\/letrame.com\/catalogo\/wp-json\/wp\/v2\/comments?post=107295"}],"acf:post":[{"embeddable":true,"href":"https:\/\/letrame.com\/catalogo\/wp-json\/wp\/v2\/author_book\/75654"}],"wp:featuredmedia":[{"embeddable":true,"href":"https:\/\/letrame.com\/catalogo\/wp-json\/wp\/v2\/media\/107296"}],"wp:attachment":[{"href":"https:\/\/letrame.com\/catalogo\/wp-json\/wp\/v2\/media?parent=107295"}],"wp:term":[{"taxonomy":"libro","embeddable":true,"href":"https:\/\/letrame.com\/catalogo\/wp-json\/wp\/v2\/libro?post=107295"},{"taxonomy":"product_brand","embeddable":true,"href":"https:\/\/letrame.com\/catalogo\/wp-json\/wp\/v2\/product_brand?post=107295"},{"taxonomy":"product_cat","embeddable":true,"href":"https:\/\/letrame.com\/catalogo\/wp-json\/wp\/v2\/product_cat?post=107295"},{"taxonomy":"product_tag","embeddable":true,"href":"https:\/\/letrame.com\/catalogo\/wp-json\/wp\/v2\/product_tag?post=107295"}],"curies":[{"name":"wp","href":"https:\/\/api.w.org\/{rel}","templated":true}]}}