{"id":107244,"date":"2024-11-05T12:47:30","date_gmt":"2024-11-05T11:47:30","guid":{"rendered":"https:\/\/letrame.com\/catalogo\/?post_type=product&#038;p=107244"},"modified":"2024-11-05T13:38:36","modified_gmt":"2024-11-05T12:38:36","slug":"el-custodio-de-las-inocentes","status":"publish","type":"product","link":"https:\/\/letrame.com\/catalogo\/producto\/el-custodio-de-las-inocentes\/","title":{"rendered":"El custodio de las inocentes"},"content":{"rendered":"<p class=\"p1\">ISBN: 9788410890961<\/p>\n<p class=\"p1\">T\u00edtulo: El custodio de las inocentes<br \/>\nFecha: 2024<br \/>\nP\u00e1ginas: 365<\/p>\n<p class=\"p1\">SINOPSIS<\/p>\n<p>En la ciudad de C\u00f3rdoba, aparece en el Puente Romano el cad\u00e1ver de un hombre con evidencias claras de que ha sido asesinado y numerosas se\u00f1ales que deben ser descifradas.<br \/>\nLa inexperta inspectora Luc\u00eda Salvatierra y su compa\u00f1ero, el novato agente V\u00edctor Morales, deben resolverlas lo antes posible, ya que todo indica que el asesino no va a parar ah\u00ed.<br \/>\nMientras tanto, el joven periodista Carlos Ledesma, que acaba de conseguir trabajo en un peri\u00f3dico local, se ve involucrado en el caso de manera involuntaria, poniendo en riesgo su vida y la de sus seres queridos.<br \/>\n\u00bfPodr\u00e1n, entre los tres, cazar al asesino que ha puesto en jaque a la ciudad?<\/p>\n<p>&nbsp;<\/p>\n","protected":false},"excerpt":{"rendered":"<p class=\"p1\">ISBN: 9788410890961<\/p>\n<p class=\"p1\">SINOPSIS<\/p>\n<p>En la ciudad de C\u00f3rdoba, aparece en el Puente Romano el cad\u00e1ver de un hombre con evidencias claras de que ha sido asesinado y numerosas se\u00f1ales que deben ser descifradas.<br \/>\nLa inexperta inspectora Luc\u00eda Salvatierra y su compa\u00f1ero, el novato agente V\u00edctor Morales, deben resolverlas lo antes posible, ya que todo indica que el asesino no va a parar ah\u00ed.<br \/>\nMientras tanto, el joven periodista Carlos Ledesma, que acaba de conseguir trabajo en un peri\u00f3dico local, se ve involucrado en el caso de manera involuntaria, poniendo en riesgo su vida y la de sus seres queridos.<br \/>\n\u00bfPodr\u00e1n, entre los tres, cazar al asesino que ha puesto en jaque a la ciudad?<\/p>\n<p>&nbsp;<\/p>\n","protected":false},"featured_media":107247,"comment_status":"open","ping_status":"closed","template":"","meta":{"_acf_changed":false},"libro":[],"product_brand":[],"product_cat":[51],"product_tag":[],"class_list":{"0":"post-107244","1":"product","2":"type-product","3":"status-publish","4":"has-post-thumbnail","6":"product_cat-novela-negra","8":"first","9":"instock","10":"shipping-taxable","11":"product-type-simple"},"acf":{"autor":[107245],"enlace_de_compra":"https:\/\/www.agapea.com\/Francisco-D-Luque-Bellido\/El-custodio-de-las-inocentes-9788410890961-i.htm?srsltid=AfmBOoq9sxT4HEczG5qJ-D-JG7vnWEqHmPZW3fW1GBeitckDkHtbLUqp"},"yoast_head":"<!-- This site is optimized with the Yoast SEO plugin v26.6 - https:\/\/yoast.com\/wordpress\/plugins\/seo\/ -->\n<title>El custodio de las inocentes - Catalogo | Letrame Grupo Editorial<\/title>\n<meta name=\"robots\" content=\"index, follow, max-snippet:-1, max-image-preview:large, max-video-preview:-1\" \/>\n<link rel=\"canonical\" href=\"https:\/\/letrame.com\/catalogo\/producto\/el-custodio-de-las-inocentes\/\" \/>\n<meta property=\"og:locale\" content=\"es_ES\" \/>\n<meta property=\"og:type\" content=\"article\" \/>\n<meta property=\"og:title\" content=\"El custodio de las inocentes - Catalogo | Letrame Grupo Editorial\" \/>\n<meta property=\"og:description\" content=\"ISBN: 9788410890961 SINOPSIS En la ciudad de C\u00f3rdoba, aparece en el Puente Romano el cad\u00e1ver de un hombre con evidencias claras de que ha sido asesinado y numerosas se\u00f1ales que deben ser descifradas. La inexperta inspectora Luc\u00eda Salvatierra y su compa\u00f1ero, el novato agente V\u00edctor Morales, deben resolverlas lo antes posible, ya que todo indica que el asesino no va a parar ah\u00ed. Mientras tanto, el joven periodista Carlos Ledesma, que acaba de conseguir trabajo en un peri\u00f3dico local, se ve involucrado en el caso de manera involuntaria, poniendo en riesgo su vida y la de sus seres queridos. \u00bfPodr\u00e1n, entre los tres, cazar al asesino que ha puesto en jaque a la ciudad?  &nbsp;\" \/>\n<meta property=\"og:url\" content=\"https:\/\/letrame.com\/catalogo\/producto\/el-custodio-de-las-inocentes\/\" \/>\n<meta property=\"og:site_name\" content=\"Catalogo | Letrame Grupo Editorial\" \/>\n<meta property=\"article:modified_time\" content=\"2024-11-05T12:38:36+00:00\" \/>\n<meta property=\"og:image\" content=\"https:\/\/letrame.com\/catalogo\/wp-content\/uploads\/2024\/11\/elcustodiodelas_1758mm4-scaled.jpg\" \/>\n\t<meta property=\"og:image:width\" content=\"1746\" \/>\n\t<meta property=\"og:image:height\" content=\"2560\" \/>\n\t<meta property=\"og:image:type\" content=\"image\/jpeg\" \/>\n<meta name=\"twitter:card\" content=\"summary_large_image\" \/>\n<meta name=\"twitter:label1\" content=\"Tiempo de lectura\" \/>\n\t<meta name=\"twitter:data1\" content=\"1 minuto\" \/>\n<script type=\"application\/ld+json\" class=\"yoast-schema-graph\">{\"@context\":\"https:\/\/schema.org\",\"@graph\":[{\"@type\":\"WebPage\",\"@id\":\"https:\/\/letrame.com\/catalogo\/producto\/el-custodio-de-las-inocentes\/\",\"url\":\"https:\/\/letrame.com\/catalogo\/producto\/el-custodio-de-las-inocentes\/\",\"name\":\"El custodio de las inocentes - Catalogo | Letrame Grupo Editorial\",\"isPartOf\":{\"@id\":\"https:\/\/letrame.com\/catalogo\/#website\"},\"primaryImageOfPage\":{\"@id\":\"https:\/\/letrame.com\/catalogo\/producto\/el-custodio-de-las-inocentes\/#primaryimage\"},\"image\":{\"@id\":\"https:\/\/letrame.com\/catalogo\/producto\/el-custodio-de-las-inocentes\/#primaryimage\"},\"thumbnailUrl\":\"https:\/\/letrame.com\/catalogo\/wp-content\/uploads\/2024\/11\/elcustodiodelas_1758mm4-scaled.jpg\",\"datePublished\":\"2024-11-05T11:47:30+00:00\",\"dateModified\":\"2024-11-05T12:38:36+00:00\",\"breadcrumb\":{\"@id\":\"https:\/\/letrame.com\/catalogo\/producto\/el-custodio-de-las-inocentes\/#breadcrumb\"},\"inLanguage\":\"es\",\"potentialAction\":[{\"@type\":\"ReadAction\",\"target\":[\"https:\/\/letrame.com\/catalogo\/producto\/el-custodio-de-las-inocentes\/\"]}]},{\"@type\":\"ImageObject\",\"inLanguage\":\"es\",\"@id\":\"https:\/\/letrame.com\/catalogo\/producto\/el-custodio-de-las-inocentes\/#primaryimage\",\"url\":\"https:\/\/letrame.com\/catalogo\/wp-content\/uploads\/2024\/11\/elcustodiodelas_1758mm4-scaled.jpg\",\"contentUrl\":\"https:\/\/letrame.com\/catalogo\/wp-content\/uploads\/2024\/11\/elcustodiodelas_1758mm4-scaled.jpg\",\"width\":1746,\"height\":2560},{\"@type\":\"BreadcrumbList\",\"@id\":\"https:\/\/letrame.com\/catalogo\/producto\/el-custodio-de-las-inocentes\/#breadcrumb\",\"itemListElement\":[{\"@type\":\"ListItem\",\"position\":1,\"name\":\"Portada\",\"item\":\"https:\/\/letrame.com\/catalogo\/\"},{\"@type\":\"ListItem\",\"position\":2,\"name\":\"Cat\u00e1logo\",\"item\":\"https:\/\/letrame.com\/catalogo\/\"},{\"@type\":\"ListItem\",\"position\":3,\"name\":\"El custodio de las inocentes\"}]},{\"@type\":\"WebSite\",\"@id\":\"https:\/\/letrame.com\/catalogo\/#website\",\"url\":\"https:\/\/letrame.com\/catalogo\/\",\"name\":\"Catalogo | Letrame Grupo Editorial\",\"description\":\"\",\"publisher\":{\"@id\":\"https:\/\/letrame.com\/catalogo\/#organization\"},\"potentialAction\":[{\"@type\":\"SearchAction\",\"target\":{\"@type\":\"EntryPoint\",\"urlTemplate\":\"https:\/\/letrame.com\/catalogo\/?s={search_term_string}\"},\"query-input\":{\"@type\":\"PropertyValueSpecification\",\"valueRequired\":true,\"valueName\":\"search_term_string\"}}],\"inLanguage\":\"es\"},{\"@type\":\"Organization\",\"@id\":\"https:\/\/letrame.com\/catalogo\/#organization\",\"name\":\"Catalogo | Letrame Grupo Editorial\",\"url\":\"https:\/\/letrame.com\/catalogo\/\",\"logo\":{\"@type\":\"ImageObject\",\"inLanguage\":\"es\",\"@id\":\"https:\/\/letrame.com\/catalogo\/#\/schema\/logo\/image\/\",\"url\":\"https:\/\/letrame.com\/catalogo\/wp-content\/uploads\/2024\/03\/logo2.webp\",\"contentUrl\":\"https:\/\/letrame.com\/catalogo\/wp-content\/uploads\/2024\/03\/logo2.webp\",\"width\":394,\"height\":128,\"caption\":\"Catalogo | Letrame Grupo Editorial\"},\"image\":{\"@id\":\"https:\/\/letrame.com\/catalogo\/#\/schema\/logo\/image\/\"}}]}<\/script>\n<!-- \/ Yoast SEO plugin. -->","yoast_head_json":{"title":"El custodio de las inocentes - Catalogo | Letrame Grupo Editorial","robots":{"index":"index","follow":"follow","max-snippet":"max-snippet:-1","max-image-preview":"max-image-preview:large","max-video-preview":"max-video-preview:-1"},"canonical":"https:\/\/letrame.com\/catalogo\/producto\/el-custodio-de-las-inocentes\/","og_locale":"es_ES","og_type":"article","og_title":"El custodio de las inocentes - Catalogo | Letrame Grupo Editorial","og_description":"ISBN: 9788410890961 SINOPSIS En la ciudad de C\u00f3rdoba, aparece en el Puente Romano el cad\u00e1ver de un hombre con evidencias claras de que ha sido asesinado y numerosas se\u00f1ales que deben ser descifradas. La inexperta inspectora Luc\u00eda Salvatierra y su compa\u00f1ero, el novato agente V\u00edctor Morales, deben resolverlas lo antes posible, ya que todo indica que el asesino no va a parar ah\u00ed. Mientras tanto, el joven periodista Carlos Ledesma, que acaba de conseguir trabajo en un peri\u00f3dico local, se ve involucrado en el caso de manera involuntaria, poniendo en riesgo su vida y la de sus seres queridos. \u00bfPodr\u00e1n, entre los tres, cazar al asesino que ha puesto en jaque a la ciudad?  &nbsp;","og_url":"https:\/\/letrame.com\/catalogo\/producto\/el-custodio-de-las-inocentes\/","og_site_name":"Catalogo | Letrame Grupo Editorial","article_modified_time":"2024-11-05T12:38:36+00:00","og_image":[{"width":1746,"height":2560,"url":"https:\/\/letrame.com\/catalogo\/wp-content\/uploads\/2024\/11\/elcustodiodelas_1758mm4-scaled.jpg","type":"image\/jpeg"}],"twitter_card":"summary_large_image","twitter_misc":{"Tiempo de lectura":"1 minuto"},"schema":{"@context":"https:\/\/schema.org","@graph":[{"@type":"WebPage","@id":"https:\/\/letrame.com\/catalogo\/producto\/el-custodio-de-las-inocentes\/","url":"https:\/\/letrame.com\/catalogo\/producto\/el-custodio-de-las-inocentes\/","name":"El custodio de las inocentes - Catalogo | Letrame Grupo Editorial","isPartOf":{"@id":"https:\/\/letrame.com\/catalogo\/#website"},"primaryImageOfPage":{"@id":"https:\/\/letrame.com\/catalogo\/producto\/el-custodio-de-las-inocentes\/#primaryimage"},"image":{"@id":"https:\/\/letrame.com\/catalogo\/producto\/el-custodio-de-las-inocentes\/#primaryimage"},"thumbnailUrl":"https:\/\/letrame.com\/catalogo\/wp-content\/uploads\/2024\/11\/elcustodiodelas_1758mm4-scaled.jpg","datePublished":"2024-11-05T11:47:30+00:00","dateModified":"2024-11-05T12:38:36+00:00","breadcrumb":{"@id":"https:\/\/letrame.com\/catalogo\/producto\/el-custodio-de-las-inocentes\/#breadcrumb"},"inLanguage":"es","potentialAction":[{"@type":"ReadAction","target":["https:\/\/letrame.com\/catalogo\/producto\/el-custodio-de-las-inocentes\/"]}]},{"@type":"ImageObject","inLanguage":"es","@id":"https:\/\/letrame.com\/catalogo\/producto\/el-custodio-de-las-inocentes\/#primaryimage","url":"https:\/\/letrame.com\/catalogo\/wp-content\/uploads\/2024\/11\/elcustodiodelas_1758mm4-scaled.jpg","contentUrl":"https:\/\/letrame.com\/catalogo\/wp-content\/uploads\/2024\/11\/elcustodiodelas_1758mm4-scaled.jpg","width":1746,"height":2560},{"@type":"BreadcrumbList","@id":"https:\/\/letrame.com\/catalogo\/producto\/el-custodio-de-las-inocentes\/#breadcrumb","itemListElement":[{"@type":"ListItem","position":1,"name":"Portada","item":"https:\/\/letrame.com\/catalogo\/"},{"@type":"ListItem","position":2,"name":"Cat\u00e1logo","item":"https:\/\/letrame.com\/catalogo\/"},{"@type":"ListItem","position":3,"name":"El custodio de las inocentes"}]},{"@type":"WebSite","@id":"https:\/\/letrame.com\/catalogo\/#website","url":"https:\/\/letrame.com\/catalogo\/","name":"Catalogo | Letrame Grupo Editorial","description":"","publisher":{"@id":"https:\/\/letrame.com\/catalogo\/#organization"},"potentialAction":[{"@type":"SearchAction","target":{"@type":"EntryPoint","urlTemplate":"https:\/\/letrame.com\/catalogo\/?s={search_term_string}"},"query-input":{"@type":"PropertyValueSpecification","valueRequired":true,"valueName":"search_term_string"}}],"inLanguage":"es"},{"@type":"Organization","@id":"https:\/\/letrame.com\/catalogo\/#organization","name":"Catalogo | Letrame Grupo Editorial","url":"https:\/\/letrame.com\/catalogo\/","logo":{"@type":"ImageObject","inLanguage":"es","@id":"https:\/\/letrame.com\/catalogo\/#\/schema\/logo\/image\/","url":"https:\/\/letrame.com\/catalogo\/wp-content\/uploads\/2024\/03\/logo2.webp","contentUrl":"https:\/\/letrame.com\/catalogo\/wp-content\/uploads\/2024\/03\/logo2.webp","width":394,"height":128,"caption":"Catalogo | Letrame Grupo Editorial"},"image":{"@id":"https:\/\/letrame.com\/catalogo\/#\/schema\/logo\/image\/"}}]}},"_links":{"self":[{"href":"https:\/\/letrame.com\/catalogo\/wp-json\/wp\/v2\/product\/107244","targetHints":{"allow":["GET"]}}],"collection":[{"href":"https:\/\/letrame.com\/catalogo\/wp-json\/wp\/v2\/product"}],"about":[{"href":"https:\/\/letrame.com\/catalogo\/wp-json\/wp\/v2\/types\/product"}],"replies":[{"embeddable":true,"href":"https:\/\/letrame.com\/catalogo\/wp-json\/wp\/v2\/comments?post=107244"}],"acf:post":[{"embeddable":true,"href":"https:\/\/letrame.com\/catalogo\/wp-json\/wp\/v2\/author_book\/107245"}],"wp:featuredmedia":[{"embeddable":true,"href":"https:\/\/letrame.com\/catalogo\/wp-json\/wp\/v2\/media\/107247"}],"wp:attachment":[{"href":"https:\/\/letrame.com\/catalogo\/wp-json\/wp\/v2\/media?parent=107244"}],"wp:term":[{"taxonomy":"libro","embeddable":true,"href":"https:\/\/letrame.com\/catalogo\/wp-json\/wp\/v2\/libro?post=107244"},{"taxonomy":"product_brand","embeddable":true,"href":"https:\/\/letrame.com\/catalogo\/wp-json\/wp\/v2\/product_brand?post=107244"},{"taxonomy":"product_cat","embeddable":true,"href":"https:\/\/letrame.com\/catalogo\/wp-json\/wp\/v2\/product_cat?post=107244"},{"taxonomy":"product_tag","embeddable":true,"href":"https:\/\/letrame.com\/catalogo\/wp-json\/wp\/v2\/product_tag?post=107244"}],"curies":[{"name":"wp","href":"https:\/\/api.w.org\/{rel}","templated":true}]}}