{"id":107217,"date":"2024-10-25T13:48:29","date_gmt":"2024-10-25T11:48:29","guid":{"rendered":"https:\/\/letrame.com\/catalogo\/?post_type=product&#038;p=107217"},"modified":"2024-10-25T13:51:38","modified_gmt":"2024-10-25T11:51:38","slug":"en-el-strano-paese","status":"publish","type":"product","link":"https:\/\/letrame.com\/catalogo\/producto\/en-el-strano-paese\/","title":{"rendered":"En el Strano Paese"},"content":{"rendered":"<p class=\"p1\">ISBN: 9788410890725<\/p>\n<p class=\"p1\">T\u00edtulo: En el Strano Paese<br \/>\nFecha: 2024<br \/>\nP\u00e1ginas: 634<\/p>\n<p class=\"p1\">SINOPSIS<\/p>\n<p>Giuseppe Cardinale es un campesino de Sicilia en los albores del siglo XX. Acechado por un destino inmutable, las arduas circunstancias de su existencia le llevan a emigrar a Nueva York, Estados Unidos, donde, al llegar, descubre que no se encuentra en dicha ciudad, ni tampoco en dicha \u00e9poca (1912), sino en la \u00e9poca actual en la que ahora vivimos. Un viaje hacia otro pa\u00eds, otra cultura y otra \u00e9poca.<br \/>\nEl protagonista es un reflejo de los valores y las virtudes de la antig\u00fcedad cl\u00e1sica: rebelde, sabio, heroico, hermoso, individualista. Sorprendido por los cambios de la modernidad, enfrenta la \u00e9poca actual resistiendo a su ingente degradaci\u00f3n y valores decadentes. Su lucha contra la mediocridad y vicios de la \u00e9poca moderna y la cultura estadounidense se hace evidente con su empe\u00f1o de nunca encajar en ella. Giuseppe simboliza la gran y excelsa cultura europea, desde la batalla de Marat\u00f3n a la batalla de Berl\u00edn, y su vida en el Estados Unidos de la actualidad, es una rebeli\u00f3n encarnizada y brutal contra su cultura y los valores decadentes de la sociedad moderna.<br \/>\nSu rechazo a la obsesi\u00f3n por los celulares, las redes sociales, la m\u00fasica y el arte degenerativos, la comida r\u00e1pida, los tatuajes, las masacres con armas de fuego, las pandillas y otros pormenores reflejan la lucha de un hombre de otra cultura y otra \u00e9poca en la sociedad estadounidense actual, un conflicto que se hace mas cruento y espiritual con el transcurrir del tiempo, e inspira a los lectores a seguir el ejemplo de Giuseppe, el joven sonador y rebelde cuya lucha representa un renacimiento de la esplendida cultura europea ante la degradaci\u00f3n estadounidense actual.<\/p>\n","protected":false},"excerpt":{"rendered":"<p class=\"p1\">ISBN: 9788410890725<\/p>\n<p class=\"p1\">SINOPSIS<\/p>\n<p>Giuseppe Cardinale es un campesino de Sicilia en los albores del siglo XX. Acechado por un destino inmutable, las arduas circunstancias de su existencia le llevan a emigrar a Nueva York, Estados Unidos, donde, al llegar, descubre que no se encuentra en dicha ciudad, ni tampoco en dicha \u00e9poca (1912), sino en la \u00e9poca actual en la que ahora vivimos. Un viaje hacia otro pa\u00eds, otra cultura y otra \u00e9poca.<br \/>\nEl protagonista es un reflejo de los valores y las virtudes de la antig\u00fcedad cl\u00e1sica: rebelde, sabio, heroico, hermoso, individualista. Sorprendido por los cambios de la modernidad, enfrenta la \u00e9poca actual resistiendo a su ingente degradaci\u00f3n y valores decadentes. Su lucha contra la mediocridad y vicios de la \u00e9poca moderna y la cultura estadounidense se hace evidente con su empe\u00f1o de nunca encajar en ella. Giuseppe simboliza la gran y excelsa cultura europea, desde la batalla de Marat\u00f3n a la batalla de Berl\u00edn, y su vida en el Estados Unidos de la actualidad, es una rebeli\u00f3n encarnizada y brutal contra su cultura y los valores decadentes de la sociedad moderna.<br \/>\nSu rechazo a la obsesi\u00f3n por los celulares, las redes sociales, la m\u00fasica y el arte degenerativos, la comida r\u00e1pida, los tatuajes, las masacres con armas de fuego, las pandillas y otros pormenores reflejan la lucha de un hombre de otra cultura y otra \u00e9poca en la sociedad estadounidense actual, un conflicto que se hace mas cruento y espiritual con el transcurrir del tiempo, e inspira a los lectores a seguir el ejemplo de Giuseppe, el joven sonador y rebelde cuya lucha representa un renacimiento de la esplendida cultura europea ante la degradaci\u00f3n estadounidense actual.<\/p>\n","protected":false},"featured_media":107219,"comment_status":"open","ping_status":"closed","template":"","meta":{"_acf_changed":false},"libro":[],"product_brand":[],"product_cat":[16],"product_tag":[],"class_list":{"0":"post-107217","1":"product","2":"type-product","3":"status-publish","4":"has-post-thumbnail","6":"product_cat-novela","8":"first","9":"instock","10":"shipping-taxable","11":"product-type-simple"},"acf":{"autor":[107218],"enlace_de_compra":"https:\/\/amzn.to\/40iKbdp"},"yoast_head":"<!-- This site is optimized with the Yoast SEO plugin v27.4 - https:\/\/yoast.com\/product\/yoast-seo-wordpress\/ -->\n<title>En el Strano Paese - Catalogo | Letrame Grupo Editorial<\/title>\n<meta name=\"robots\" content=\"index, follow, max-snippet:-1, max-image-preview:large, max-video-preview:-1\" \/>\n<link rel=\"canonical\" href=\"https:\/\/letrame.com\/catalogo\/producto\/en-el-strano-paese\/\" \/>\n<meta property=\"og:locale\" content=\"es_ES\" \/>\n<meta property=\"og:type\" content=\"article\" \/>\n<meta property=\"og:title\" content=\"En el Strano Paese - Catalogo | Letrame Grupo Editorial\" \/>\n<meta property=\"og:description\" content=\"ISBN: 9788410890725 SINOPSIS Giuseppe Cardinale es un campesino de Sicilia en los albores del siglo XX. Acechado por un destino inmutable, las arduas circunstancias de su existencia le llevan a emigrar a Nueva York, Estados Unidos, donde, al llegar, descubre que no se encuentra en dicha ciudad, ni tampoco en dicha \u00e9poca (1912), sino en la \u00e9poca actual en la que ahora vivimos. Un viaje hacia otro pa\u00eds, otra cultura y otra \u00e9poca. El protagonista es un reflejo de los valores y las virtudes de la antig\u00fcedad cl\u00e1sica: rebelde, sabio, heroico, hermoso, individualista. Sorprendido por los cambios de la modernidad, enfrenta la \u00e9poca actual resistiendo a su ingente degradaci\u00f3n y valores decadentes. Su lucha contra la mediocridad y vicios de la \u00e9poca moderna y la cultura estadounidense se hace evidente con su empe\u00f1o de nunca encajar en ella. Giuseppe simboliza la gran y excelsa cultura europea, desde la batalla de Marat\u00f3n a la batalla de Berl\u00edn, y su vida en el Estados Unidos de la actualidad, es una rebeli\u00f3n encarnizada y brutal contra su cultura y los valores decadentes de la sociedad moderna. Su rechazo a la obsesi\u00f3n por los celulares, las redes sociales, la m\u00fasica y el arte degenerativos, la comida r\u00e1pida, los tatuajes, las masacres con armas de fuego, las pandillas y otros pormenores reflejan la lucha de un hombre de otra cultura y otra \u00e9poca en la sociedad estadounidense actual, un conflicto que se hace mas cruento y espiritual con el transcurrir del tiempo, e inspira a los lectores a seguir el ejemplo de Giuseppe, el joven sonador y rebelde cuya lucha representa un renacimiento de la esplendida cultura europea ante la degradaci\u00f3n estadounidense actual.\" \/>\n<meta property=\"og:url\" content=\"https:\/\/letrame.com\/catalogo\/producto\/en-el-strano-paese\/\" \/>\n<meta property=\"og:site_name\" content=\"Catalogo | Letrame Grupo Editorial\" \/>\n<meta property=\"article:modified_time\" content=\"2024-10-25T11:51:38+00:00\" \/>\n<meta property=\"og:image\" content=\"https:\/\/letrame.com\/catalogo\/wp-content\/uploads\/2024\/10\/enelstranod_3031mm.pdf4_-scaled.jpg\" \/>\n\t<meta property=\"og:image:width\" content=\"1746\" \/>\n\t<meta property=\"og:image:height\" content=\"2560\" \/>\n\t<meta property=\"og:image:type\" content=\"image\/jpeg\" \/>\n<meta name=\"twitter:card\" content=\"summary_large_image\" \/>\n<meta name=\"twitter:label1\" content=\"Tiempo de lectura\" \/>\n\t<meta name=\"twitter:data1\" content=\"2 minutos\" \/>\n<script type=\"application\/ld+json\" class=\"yoast-schema-graph\">{\"@context\":\"https:\\\/\\\/schema.org\",\"@graph\":[{\"@type\":\"WebPage\",\"@id\":\"https:\\\/\\\/letrame.com\\\/catalogo\\\/producto\\\/en-el-strano-paese\\\/\",\"url\":\"https:\\\/\\\/letrame.com\\\/catalogo\\\/producto\\\/en-el-strano-paese\\\/\",\"name\":\"En el Strano Paese - Catalogo | Letrame Grupo Editorial\",\"isPartOf\":{\"@id\":\"https:\\\/\\\/letrame.com\\\/catalogo\\\/#website\"},\"primaryImageOfPage\":{\"@id\":\"https:\\\/\\\/letrame.com\\\/catalogo\\\/producto\\\/en-el-strano-paese\\\/#primaryimage\"},\"image\":{\"@id\":\"https:\\\/\\\/letrame.com\\\/catalogo\\\/producto\\\/en-el-strano-paese\\\/#primaryimage\"},\"thumbnailUrl\":\"https:\\\/\\\/letrame.com\\\/catalogo\\\/wp-content\\\/uploads\\\/2024\\\/10\\\/enelstranod_3031mm.pdf4_-scaled.jpg\",\"datePublished\":\"2024-10-25T11:48:29+00:00\",\"dateModified\":\"2024-10-25T11:51:38+00:00\",\"breadcrumb\":{\"@id\":\"https:\\\/\\\/letrame.com\\\/catalogo\\\/producto\\\/en-el-strano-paese\\\/#breadcrumb\"},\"inLanguage\":\"es\",\"potentialAction\":[{\"@type\":\"ReadAction\",\"target\":[\"https:\\\/\\\/letrame.com\\\/catalogo\\\/producto\\\/en-el-strano-paese\\\/\"]}]},{\"@type\":\"ImageObject\",\"inLanguage\":\"es\",\"@id\":\"https:\\\/\\\/letrame.com\\\/catalogo\\\/producto\\\/en-el-strano-paese\\\/#primaryimage\",\"url\":\"https:\\\/\\\/letrame.com\\\/catalogo\\\/wp-content\\\/uploads\\\/2024\\\/10\\\/enelstranod_3031mm.pdf4_-scaled.jpg\",\"contentUrl\":\"https:\\\/\\\/letrame.com\\\/catalogo\\\/wp-content\\\/uploads\\\/2024\\\/10\\\/enelstranod_3031mm.pdf4_-scaled.jpg\",\"width\":1746,\"height\":2560},{\"@type\":\"BreadcrumbList\",\"@id\":\"https:\\\/\\\/letrame.com\\\/catalogo\\\/producto\\\/en-el-strano-paese\\\/#breadcrumb\",\"itemListElement\":[{\"@type\":\"ListItem\",\"position\":1,\"name\":\"Portada\",\"item\":\"https:\\\/\\\/letrame.com\\\/catalogo\\\/\"},{\"@type\":\"ListItem\",\"position\":2,\"name\":\"Cat\u00e1logo\",\"item\":\"https:\\\/\\\/letrame.com\\\/catalogo\\\/\"},{\"@type\":\"ListItem\",\"position\":3,\"name\":\"En el Strano Paese\"}]},{\"@type\":\"WebSite\",\"@id\":\"https:\\\/\\\/letrame.com\\\/catalogo\\\/#website\",\"url\":\"https:\\\/\\\/letrame.com\\\/catalogo\\\/\",\"name\":\"Catalogo | Letrame Grupo Editorial\",\"description\":\"\",\"publisher\":{\"@id\":\"https:\\\/\\\/letrame.com\\\/catalogo\\\/#organization\"},\"potentialAction\":[{\"@type\":\"SearchAction\",\"target\":{\"@type\":\"EntryPoint\",\"urlTemplate\":\"https:\\\/\\\/letrame.com\\\/catalogo\\\/?s={search_term_string}\"},\"query-input\":{\"@type\":\"PropertyValueSpecification\",\"valueRequired\":true,\"valueName\":\"search_term_string\"}}],\"inLanguage\":\"es\"},{\"@type\":\"Organization\",\"@id\":\"https:\\\/\\\/letrame.com\\\/catalogo\\\/#organization\",\"name\":\"Catalogo | Letrame Grupo Editorial\",\"url\":\"https:\\\/\\\/letrame.com\\\/catalogo\\\/\",\"logo\":{\"@type\":\"ImageObject\",\"inLanguage\":\"es\",\"@id\":\"https:\\\/\\\/letrame.com\\\/catalogo\\\/#\\\/schema\\\/logo\\\/image\\\/\",\"url\":\"https:\\\/\\\/letrame.com\\\/catalogo\\\/wp-content\\\/uploads\\\/2024\\\/03\\\/logo2.webp\",\"contentUrl\":\"https:\\\/\\\/letrame.com\\\/catalogo\\\/wp-content\\\/uploads\\\/2024\\\/03\\\/logo2.webp\",\"width\":394,\"height\":128,\"caption\":\"Catalogo | Letrame Grupo Editorial\"},\"image\":{\"@id\":\"https:\\\/\\\/letrame.com\\\/catalogo\\\/#\\\/schema\\\/logo\\\/image\\\/\"}}]}<\/script>\n<!-- \/ Yoast SEO plugin. -->","yoast_head_json":{"title":"En el Strano Paese - Catalogo | Letrame Grupo Editorial","robots":{"index":"index","follow":"follow","max-snippet":"max-snippet:-1","max-image-preview":"max-image-preview:large","max-video-preview":"max-video-preview:-1"},"canonical":"https:\/\/letrame.com\/catalogo\/producto\/en-el-strano-paese\/","og_locale":"es_ES","og_type":"article","og_title":"En el Strano Paese - Catalogo | Letrame Grupo Editorial","og_description":"ISBN: 9788410890725 SINOPSIS Giuseppe Cardinale es un campesino de Sicilia en los albores del siglo XX. Acechado por un destino inmutable, las arduas circunstancias de su existencia le llevan a emigrar a Nueva York, Estados Unidos, donde, al llegar, descubre que no se encuentra en dicha ciudad, ni tampoco en dicha \u00e9poca (1912), sino en la \u00e9poca actual en la que ahora vivimos. Un viaje hacia otro pa\u00eds, otra cultura y otra \u00e9poca. El protagonista es un reflejo de los valores y las virtudes de la antig\u00fcedad cl\u00e1sica: rebelde, sabio, heroico, hermoso, individualista. Sorprendido por los cambios de la modernidad, enfrenta la \u00e9poca actual resistiendo a su ingente degradaci\u00f3n y valores decadentes. Su lucha contra la mediocridad y vicios de la \u00e9poca moderna y la cultura estadounidense se hace evidente con su empe\u00f1o de nunca encajar en ella. Giuseppe simboliza la gran y excelsa cultura europea, desde la batalla de Marat\u00f3n a la batalla de Berl\u00edn, y su vida en el Estados Unidos de la actualidad, es una rebeli\u00f3n encarnizada y brutal contra su cultura y los valores decadentes de la sociedad moderna. Su rechazo a la obsesi\u00f3n por los celulares, las redes sociales, la m\u00fasica y el arte degenerativos, la comida r\u00e1pida, los tatuajes, las masacres con armas de fuego, las pandillas y otros pormenores reflejan la lucha de un hombre de otra cultura y otra \u00e9poca en la sociedad estadounidense actual, un conflicto que se hace mas cruento y espiritual con el transcurrir del tiempo, e inspira a los lectores a seguir el ejemplo de Giuseppe, el joven sonador y rebelde cuya lucha representa un renacimiento de la esplendida cultura europea ante la degradaci\u00f3n estadounidense actual.","og_url":"https:\/\/letrame.com\/catalogo\/producto\/en-el-strano-paese\/","og_site_name":"Catalogo | Letrame Grupo Editorial","article_modified_time":"2024-10-25T11:51:38+00:00","og_image":[{"width":1746,"height":2560,"url":"https:\/\/letrame.com\/catalogo\/wp-content\/uploads\/2024\/10\/enelstranod_3031mm.pdf4_-scaled.jpg","type":"image\/jpeg"}],"twitter_card":"summary_large_image","twitter_misc":{"Tiempo de lectura":"2 minutos"},"schema":{"@context":"https:\/\/schema.org","@graph":[{"@type":"WebPage","@id":"https:\/\/letrame.com\/catalogo\/producto\/en-el-strano-paese\/","url":"https:\/\/letrame.com\/catalogo\/producto\/en-el-strano-paese\/","name":"En el Strano Paese - Catalogo | Letrame Grupo Editorial","isPartOf":{"@id":"https:\/\/letrame.com\/catalogo\/#website"},"primaryImageOfPage":{"@id":"https:\/\/letrame.com\/catalogo\/producto\/en-el-strano-paese\/#primaryimage"},"image":{"@id":"https:\/\/letrame.com\/catalogo\/producto\/en-el-strano-paese\/#primaryimage"},"thumbnailUrl":"https:\/\/letrame.com\/catalogo\/wp-content\/uploads\/2024\/10\/enelstranod_3031mm.pdf4_-scaled.jpg","datePublished":"2024-10-25T11:48:29+00:00","dateModified":"2024-10-25T11:51:38+00:00","breadcrumb":{"@id":"https:\/\/letrame.com\/catalogo\/producto\/en-el-strano-paese\/#breadcrumb"},"inLanguage":"es","potentialAction":[{"@type":"ReadAction","target":["https:\/\/letrame.com\/catalogo\/producto\/en-el-strano-paese\/"]}]},{"@type":"ImageObject","inLanguage":"es","@id":"https:\/\/letrame.com\/catalogo\/producto\/en-el-strano-paese\/#primaryimage","url":"https:\/\/letrame.com\/catalogo\/wp-content\/uploads\/2024\/10\/enelstranod_3031mm.pdf4_-scaled.jpg","contentUrl":"https:\/\/letrame.com\/catalogo\/wp-content\/uploads\/2024\/10\/enelstranod_3031mm.pdf4_-scaled.jpg","width":1746,"height":2560},{"@type":"BreadcrumbList","@id":"https:\/\/letrame.com\/catalogo\/producto\/en-el-strano-paese\/#breadcrumb","itemListElement":[{"@type":"ListItem","position":1,"name":"Portada","item":"https:\/\/letrame.com\/catalogo\/"},{"@type":"ListItem","position":2,"name":"Cat\u00e1logo","item":"https:\/\/letrame.com\/catalogo\/"},{"@type":"ListItem","position":3,"name":"En el Strano Paese"}]},{"@type":"WebSite","@id":"https:\/\/letrame.com\/catalogo\/#website","url":"https:\/\/letrame.com\/catalogo\/","name":"Catalogo | Letrame Grupo Editorial","description":"","publisher":{"@id":"https:\/\/letrame.com\/catalogo\/#organization"},"potentialAction":[{"@type":"SearchAction","target":{"@type":"EntryPoint","urlTemplate":"https:\/\/letrame.com\/catalogo\/?s={search_term_string}"},"query-input":{"@type":"PropertyValueSpecification","valueRequired":true,"valueName":"search_term_string"}}],"inLanguage":"es"},{"@type":"Organization","@id":"https:\/\/letrame.com\/catalogo\/#organization","name":"Catalogo | Letrame Grupo Editorial","url":"https:\/\/letrame.com\/catalogo\/","logo":{"@type":"ImageObject","inLanguage":"es","@id":"https:\/\/letrame.com\/catalogo\/#\/schema\/logo\/image\/","url":"https:\/\/letrame.com\/catalogo\/wp-content\/uploads\/2024\/03\/logo2.webp","contentUrl":"https:\/\/letrame.com\/catalogo\/wp-content\/uploads\/2024\/03\/logo2.webp","width":394,"height":128,"caption":"Catalogo | Letrame Grupo Editorial"},"image":{"@id":"https:\/\/letrame.com\/catalogo\/#\/schema\/logo\/image\/"}}]}},"_links":{"self":[{"href":"https:\/\/letrame.com\/catalogo\/wp-json\/wp\/v2\/product\/107217","targetHints":{"allow":["GET"]}}],"collection":[{"href":"https:\/\/letrame.com\/catalogo\/wp-json\/wp\/v2\/product"}],"about":[{"href":"https:\/\/letrame.com\/catalogo\/wp-json\/wp\/v2\/types\/product"}],"replies":[{"embeddable":true,"href":"https:\/\/letrame.com\/catalogo\/wp-json\/wp\/v2\/comments?post=107217"}],"acf:post":[{"embeddable":true,"href":"https:\/\/letrame.com\/catalogo\/wp-json\/wp\/v2\/author_book\/107218"}],"wp:featuredmedia":[{"embeddable":true,"href":"https:\/\/letrame.com\/catalogo\/wp-json\/wp\/v2\/media\/107219"}],"wp:attachment":[{"href":"https:\/\/letrame.com\/catalogo\/wp-json\/wp\/v2\/media?parent=107217"}],"wp:term":[{"taxonomy":"libro","embeddable":true,"href":"https:\/\/letrame.com\/catalogo\/wp-json\/wp\/v2\/libro?post=107217"},{"taxonomy":"product_brand","embeddable":true,"href":"https:\/\/letrame.com\/catalogo\/wp-json\/wp\/v2\/product_brand?post=107217"},{"taxonomy":"product_cat","embeddable":true,"href":"https:\/\/letrame.com\/catalogo\/wp-json\/wp\/v2\/product_cat?post=107217"},{"taxonomy":"product_tag","embeddable":true,"href":"https:\/\/letrame.com\/catalogo\/wp-json\/wp\/v2\/product_tag?post=107217"}],"curies":[{"name":"wp","href":"https:\/\/api.w.org\/{rel}","templated":true}]}}