{"id":107212,"date":"2024-10-25T13:26:38","date_gmt":"2024-10-25T11:26:38","guid":{"rendered":"https:\/\/letrame.com\/catalogo\/?post_type=product&#038;p=107212"},"modified":"2024-10-25T13:33:11","modified_gmt":"2024-10-25T11:33:11","slug":"los-nuevos-primeros","status":"publish","type":"product","link":"https:\/\/letrame.com\/catalogo\/producto\/los-nuevos-primeros\/","title":{"rendered":"Los nuevos Primeros"},"content":{"rendered":"<p class=\"p1\">ISBN: 9788410891494<\/p>\n<p class=\"p1\">T\u00edtulo: Los nuevos Primeros<br \/>\nFecha: 2024<br \/>\nP\u00e1ginas: 222<\/p>\n<p class=\"p1\">SINOPSIS<\/p>\n<p>La historia comienza en la ciudad de S\u00farides, la m\u00e1s grande y poderosa de las doce ciudades que conforman el planeta Batellum, en el a\u00f1o 2499.<br \/>\nHace m\u00e1s de 250 a\u00f1os, unas c\u00e1psulas con embriones humanos fueron depositadas en el planeta. Doce a\u00f1os despu\u00e9s, estas c\u00e1psulas se abrieron, liberando a cincuenta ni\u00f1os que comenzaron a colonizar Batellum desde cero.<br \/>\nGuiados por inteligencias artificiales integradas, estos pioneros, conocidos como \u00abLos Primeros\u00bb, establecieron una sociedad basada en la igualdad y la libertad, inspirada en la Constituci\u00f3n del Nuevo Mundo Libre de un planeta lejano llamado Tierra.<br \/>\nSin embargo, actualmente la realidad en Batellum es muy diferente a la visi\u00f3n original de los Germinadores. Los gobernantes han modificado las leyes para perpetuarse y conseguir privilegios.<br \/>\nEn este contexto, se pone en marcha un plan para un grupo de j\u00f3venes decididos a desafiar las normas y luchar por un cambio real.<br \/>\nEstos nuevos revolucionarios est\u00e1n dispuestos a arriesgarlo todo para transformar su mundo y forjar su propio destino.<br \/>\nLos nuevos Primeros es una emocionante y cautivadora historia de lucha, esperanza y determinaci\u00f3n. A trav\u00e9s de sus p\u00e1ginas, los lectores ser\u00e1n transportados a un mundo fascinante y lleno de desaf\u00edos, donde la valent\u00eda y la perseverancia de unos pocos pueden cambiar el destino de muchos.<br \/>\nNo te pierdas esta incre\u00edble aventura de supervivencia, lucha y sacrificio en Batellum.<\/p>\n<p>&nbsp;<\/p>\n","protected":false},"excerpt":{"rendered":"<p class=\"p1\">ISBN: 9788410891494<\/p>\n<p class=\"p1\">SINOPSIS<\/p>\n<p>La historia comienza en la ciudad de S\u00farides, la m\u00e1s grande y poderosa de las doce ciudades que conforman el planeta Batellum, en el a\u00f1o 2499.<br \/>\nHace m\u00e1s de 250 a\u00f1os, unas c\u00e1psulas con embriones humanos fueron depositadas en el planeta. Doce a\u00f1os despu\u00e9s, estas c\u00e1psulas se abrieron, liberando a cincuenta ni\u00f1os que comenzaron a colonizar Batellum desde cero.<br \/>\nGuiados por inteligencias artificiales integradas, estos pioneros, conocidos como \u00abLos Primeros\u00bb, establecieron una sociedad basada en la igualdad y la libertad, inspirada en la Constituci\u00f3n del Nuevo Mundo Libre de un planeta lejano llamado Tierra.<br \/>\nSin embargo, actualmente la realidad en Batellum es muy diferente a la visi\u00f3n original de los Germinadores. Los gobernantes han modificado las leyes para perpetuarse y conseguir privilegios.<br \/>\nEn este contexto, se pone en marcha un plan para un grupo de j\u00f3venes decididos a desafiar las normas y luchar por un cambio real.<br \/>\nEstos nuevos revolucionarios est\u00e1n dispuestos a arriesgarlo todo para transformar su mundo y forjar su propio destino.<br \/>\nLos nuevos Primeros es una emocionante y cautivadora historia de lucha, esperanza y determinaci\u00f3n. A trav\u00e9s de sus p\u00e1ginas, los lectores ser\u00e1n transportados a un mundo fascinante y lleno de desaf\u00edos, donde la valent\u00eda y la perseverancia de unos pocos pueden cambiar el destino de muchos.<br \/>\nNo te pierdas esta incre\u00edble aventura de supervivencia, lucha y sacrificio en Batellum.<\/p>\n<p>&nbsp;<\/p>\n","protected":false},"featured_media":107214,"comment_status":"open","ping_status":"closed","template":"","meta":{"_acf_changed":false},"libro":[],"product_brand":[],"product_cat":[47],"product_tag":[],"class_list":{"0":"post-107212","1":"product","2":"type-product","3":"status-publish","4":"has-post-thumbnail","6":"product_cat-ciencia-ficcion-misterio","8":"first","9":"instock","10":"shipping-taxable","11":"product-type-simple"},"acf":{"autor":[100767],"enlace_de_compra":"https:\/\/amzn.to\/4hcZwCF"},"yoast_head":"<!-- This site is optimized with the Yoast SEO plugin v27.4 - https:\/\/yoast.com\/product\/yoast-seo-wordpress\/ -->\n<title>Los nuevos Primeros - Catalogo | Letrame Grupo Editorial<\/title>\n<meta name=\"robots\" content=\"index, follow, max-snippet:-1, max-image-preview:large, max-video-preview:-1\" \/>\n<link rel=\"canonical\" href=\"https:\/\/letrame.com\/catalogo\/producto\/los-nuevos-primeros\/\" \/>\n<meta property=\"og:locale\" content=\"es_ES\" \/>\n<meta property=\"og:type\" content=\"article\" \/>\n<meta property=\"og:title\" content=\"Los nuevos Primeros - Catalogo | Letrame Grupo Editorial\" \/>\n<meta property=\"og:description\" content=\"ISBN: 9788410891494 SINOPSIS La historia comienza en la ciudad de S\u00farides, la m\u00e1s grande y poderosa de las doce ciudades que conforman el planeta Batellum, en el a\u00f1o 2499. Hace m\u00e1s de 250 a\u00f1os, unas c\u00e1psulas con embriones humanos fueron depositadas en el planeta. Doce a\u00f1os despu\u00e9s, estas c\u00e1psulas se abrieron, liberando a cincuenta ni\u00f1os que comenzaron a colonizar Batellum desde cero. Guiados por inteligencias artificiales integradas, estos pioneros, conocidos como &quot;Los Primeros&quot;, establecieron una sociedad basada en la igualdad y la libertad, inspirada en la Constituci\u00f3n del Nuevo Mundo Libre de un planeta lejano llamado Tierra. Sin embargo, actualmente la realidad en Batellum es muy diferente a la visi\u00f3n original de los Germinadores. Los gobernantes han modificado las leyes para perpetuarse y conseguir privilegios. En este contexto, se pone en marcha un plan para un grupo de j\u00f3venes decididos a desafiar las normas y luchar por un cambio real. Estos nuevos revolucionarios est\u00e1n dispuestos a arriesgarlo todo para transformar su mundo y forjar su propio destino. Los nuevos Primeros es una emocionante y cautivadora historia de lucha, esperanza y determinaci\u00f3n. A trav\u00e9s de sus p\u00e1ginas, los lectores ser\u00e1n transportados a un mundo fascinante y lleno de desaf\u00edos, donde la valent\u00eda y la perseverancia de unos pocos pueden cambiar el destino de muchos. No te pierdas esta incre\u00edble aventura de supervivencia, lucha y sacrificio en Batellum.  &nbsp;\" \/>\n<meta property=\"og:url\" content=\"https:\/\/letrame.com\/catalogo\/producto\/los-nuevos-primeros\/\" \/>\n<meta property=\"og:site_name\" content=\"Catalogo | Letrame Grupo Editorial\" \/>\n<meta property=\"article:modified_time\" content=\"2024-10-25T11:33:11+00:00\" \/>\n<meta property=\"og:image\" content=\"https:\/\/letrame.com\/catalogo\/wp-content\/uploads\/2024\/10\/losnuevosprimeros_126mm4-scaled.jpg\" \/>\n\t<meta property=\"og:image:width\" content=\"1746\" \/>\n\t<meta property=\"og:image:height\" content=\"2560\" \/>\n\t<meta property=\"og:image:type\" content=\"image\/jpeg\" \/>\n<meta name=\"twitter:card\" content=\"summary_large_image\" \/>\n<meta name=\"twitter:label1\" content=\"Tiempo de lectura\" \/>\n\t<meta name=\"twitter:data1\" content=\"2 minutos\" \/>\n<script type=\"application\/ld+json\" class=\"yoast-schema-graph\">{\"@context\":\"https:\\\/\\\/schema.org\",\"@graph\":[{\"@type\":\"WebPage\",\"@id\":\"https:\\\/\\\/letrame.com\\\/catalogo\\\/producto\\\/los-nuevos-primeros\\\/\",\"url\":\"https:\\\/\\\/letrame.com\\\/catalogo\\\/producto\\\/los-nuevos-primeros\\\/\",\"name\":\"Los nuevos Primeros - Catalogo | Letrame Grupo Editorial\",\"isPartOf\":{\"@id\":\"https:\\\/\\\/letrame.com\\\/catalogo\\\/#website\"},\"primaryImageOfPage\":{\"@id\":\"https:\\\/\\\/letrame.com\\\/catalogo\\\/producto\\\/los-nuevos-primeros\\\/#primaryimage\"},\"image\":{\"@id\":\"https:\\\/\\\/letrame.com\\\/catalogo\\\/producto\\\/los-nuevos-primeros\\\/#primaryimage\"},\"thumbnailUrl\":\"https:\\\/\\\/letrame.com\\\/catalogo\\\/wp-content\\\/uploads\\\/2024\\\/10\\\/losnuevosprimeros_126mm4-scaled.jpg\",\"datePublished\":\"2024-10-25T11:26:38+00:00\",\"dateModified\":\"2024-10-25T11:33:11+00:00\",\"breadcrumb\":{\"@id\":\"https:\\\/\\\/letrame.com\\\/catalogo\\\/producto\\\/los-nuevos-primeros\\\/#breadcrumb\"},\"inLanguage\":\"es\",\"potentialAction\":[{\"@type\":\"ReadAction\",\"target\":[\"https:\\\/\\\/letrame.com\\\/catalogo\\\/producto\\\/los-nuevos-primeros\\\/\"]}]},{\"@type\":\"ImageObject\",\"inLanguage\":\"es\",\"@id\":\"https:\\\/\\\/letrame.com\\\/catalogo\\\/producto\\\/los-nuevos-primeros\\\/#primaryimage\",\"url\":\"https:\\\/\\\/letrame.com\\\/catalogo\\\/wp-content\\\/uploads\\\/2024\\\/10\\\/losnuevosprimeros_126mm4-scaled.jpg\",\"contentUrl\":\"https:\\\/\\\/letrame.com\\\/catalogo\\\/wp-content\\\/uploads\\\/2024\\\/10\\\/losnuevosprimeros_126mm4-scaled.jpg\",\"width\":1746,\"height\":2560},{\"@type\":\"BreadcrumbList\",\"@id\":\"https:\\\/\\\/letrame.com\\\/catalogo\\\/producto\\\/los-nuevos-primeros\\\/#breadcrumb\",\"itemListElement\":[{\"@type\":\"ListItem\",\"position\":1,\"name\":\"Portada\",\"item\":\"https:\\\/\\\/letrame.com\\\/catalogo\\\/\"},{\"@type\":\"ListItem\",\"position\":2,\"name\":\"Cat\u00e1logo\",\"item\":\"https:\\\/\\\/letrame.com\\\/catalogo\\\/\"},{\"@type\":\"ListItem\",\"position\":3,\"name\":\"Los nuevos Primeros\"}]},{\"@type\":\"WebSite\",\"@id\":\"https:\\\/\\\/letrame.com\\\/catalogo\\\/#website\",\"url\":\"https:\\\/\\\/letrame.com\\\/catalogo\\\/\",\"name\":\"Catalogo | Letrame Grupo Editorial\",\"description\":\"\",\"publisher\":{\"@id\":\"https:\\\/\\\/letrame.com\\\/catalogo\\\/#organization\"},\"potentialAction\":[{\"@type\":\"SearchAction\",\"target\":{\"@type\":\"EntryPoint\",\"urlTemplate\":\"https:\\\/\\\/letrame.com\\\/catalogo\\\/?s={search_term_string}\"},\"query-input\":{\"@type\":\"PropertyValueSpecification\",\"valueRequired\":true,\"valueName\":\"search_term_string\"}}],\"inLanguage\":\"es\"},{\"@type\":\"Organization\",\"@id\":\"https:\\\/\\\/letrame.com\\\/catalogo\\\/#organization\",\"name\":\"Catalogo | Letrame Grupo Editorial\",\"url\":\"https:\\\/\\\/letrame.com\\\/catalogo\\\/\",\"logo\":{\"@type\":\"ImageObject\",\"inLanguage\":\"es\",\"@id\":\"https:\\\/\\\/letrame.com\\\/catalogo\\\/#\\\/schema\\\/logo\\\/image\\\/\",\"url\":\"https:\\\/\\\/letrame.com\\\/catalogo\\\/wp-content\\\/uploads\\\/2024\\\/03\\\/logo2.webp\",\"contentUrl\":\"https:\\\/\\\/letrame.com\\\/catalogo\\\/wp-content\\\/uploads\\\/2024\\\/03\\\/logo2.webp\",\"width\":394,\"height\":128,\"caption\":\"Catalogo | Letrame Grupo Editorial\"},\"image\":{\"@id\":\"https:\\\/\\\/letrame.com\\\/catalogo\\\/#\\\/schema\\\/logo\\\/image\\\/\"}}]}<\/script>\n<!-- \/ Yoast SEO plugin. -->","yoast_head_json":{"title":"Los nuevos Primeros - Catalogo | Letrame Grupo Editorial","robots":{"index":"index","follow":"follow","max-snippet":"max-snippet:-1","max-image-preview":"max-image-preview:large","max-video-preview":"max-video-preview:-1"},"canonical":"https:\/\/letrame.com\/catalogo\/producto\/los-nuevos-primeros\/","og_locale":"es_ES","og_type":"article","og_title":"Los nuevos Primeros - Catalogo | Letrame Grupo Editorial","og_description":"ISBN: 9788410891494 SINOPSIS La historia comienza en la ciudad de S\u00farides, la m\u00e1s grande y poderosa de las doce ciudades que conforman el planeta Batellum, en el a\u00f1o 2499. Hace m\u00e1s de 250 a\u00f1os, unas c\u00e1psulas con embriones humanos fueron depositadas en el planeta. Doce a\u00f1os despu\u00e9s, estas c\u00e1psulas se abrieron, liberando a cincuenta ni\u00f1os que comenzaron a colonizar Batellum desde cero. Guiados por inteligencias artificiales integradas, estos pioneros, conocidos como \"Los Primeros\", establecieron una sociedad basada en la igualdad y la libertad, inspirada en la Constituci\u00f3n del Nuevo Mundo Libre de un planeta lejano llamado Tierra. Sin embargo, actualmente la realidad en Batellum es muy diferente a la visi\u00f3n original de los Germinadores. Los gobernantes han modificado las leyes para perpetuarse y conseguir privilegios. En este contexto, se pone en marcha un plan para un grupo de j\u00f3venes decididos a desafiar las normas y luchar por un cambio real. Estos nuevos revolucionarios est\u00e1n dispuestos a arriesgarlo todo para transformar su mundo y forjar su propio destino. Los nuevos Primeros es una emocionante y cautivadora historia de lucha, esperanza y determinaci\u00f3n. A trav\u00e9s de sus p\u00e1ginas, los lectores ser\u00e1n transportados a un mundo fascinante y lleno de desaf\u00edos, donde la valent\u00eda y la perseverancia de unos pocos pueden cambiar el destino de muchos. No te pierdas esta incre\u00edble aventura de supervivencia, lucha y sacrificio en Batellum.  &nbsp;","og_url":"https:\/\/letrame.com\/catalogo\/producto\/los-nuevos-primeros\/","og_site_name":"Catalogo | Letrame Grupo Editorial","article_modified_time":"2024-10-25T11:33:11+00:00","og_image":[{"width":1746,"height":2560,"url":"https:\/\/letrame.com\/catalogo\/wp-content\/uploads\/2024\/10\/losnuevosprimeros_126mm4-scaled.jpg","type":"image\/jpeg"}],"twitter_card":"summary_large_image","twitter_misc":{"Tiempo de lectura":"2 minutos"},"schema":{"@context":"https:\/\/schema.org","@graph":[{"@type":"WebPage","@id":"https:\/\/letrame.com\/catalogo\/producto\/los-nuevos-primeros\/","url":"https:\/\/letrame.com\/catalogo\/producto\/los-nuevos-primeros\/","name":"Los nuevos Primeros - Catalogo | Letrame Grupo Editorial","isPartOf":{"@id":"https:\/\/letrame.com\/catalogo\/#website"},"primaryImageOfPage":{"@id":"https:\/\/letrame.com\/catalogo\/producto\/los-nuevos-primeros\/#primaryimage"},"image":{"@id":"https:\/\/letrame.com\/catalogo\/producto\/los-nuevos-primeros\/#primaryimage"},"thumbnailUrl":"https:\/\/letrame.com\/catalogo\/wp-content\/uploads\/2024\/10\/losnuevosprimeros_126mm4-scaled.jpg","datePublished":"2024-10-25T11:26:38+00:00","dateModified":"2024-10-25T11:33:11+00:00","breadcrumb":{"@id":"https:\/\/letrame.com\/catalogo\/producto\/los-nuevos-primeros\/#breadcrumb"},"inLanguage":"es","potentialAction":[{"@type":"ReadAction","target":["https:\/\/letrame.com\/catalogo\/producto\/los-nuevos-primeros\/"]}]},{"@type":"ImageObject","inLanguage":"es","@id":"https:\/\/letrame.com\/catalogo\/producto\/los-nuevos-primeros\/#primaryimage","url":"https:\/\/letrame.com\/catalogo\/wp-content\/uploads\/2024\/10\/losnuevosprimeros_126mm4-scaled.jpg","contentUrl":"https:\/\/letrame.com\/catalogo\/wp-content\/uploads\/2024\/10\/losnuevosprimeros_126mm4-scaled.jpg","width":1746,"height":2560},{"@type":"BreadcrumbList","@id":"https:\/\/letrame.com\/catalogo\/producto\/los-nuevos-primeros\/#breadcrumb","itemListElement":[{"@type":"ListItem","position":1,"name":"Portada","item":"https:\/\/letrame.com\/catalogo\/"},{"@type":"ListItem","position":2,"name":"Cat\u00e1logo","item":"https:\/\/letrame.com\/catalogo\/"},{"@type":"ListItem","position":3,"name":"Los nuevos Primeros"}]},{"@type":"WebSite","@id":"https:\/\/letrame.com\/catalogo\/#website","url":"https:\/\/letrame.com\/catalogo\/","name":"Catalogo | Letrame Grupo Editorial","description":"","publisher":{"@id":"https:\/\/letrame.com\/catalogo\/#organization"},"potentialAction":[{"@type":"SearchAction","target":{"@type":"EntryPoint","urlTemplate":"https:\/\/letrame.com\/catalogo\/?s={search_term_string}"},"query-input":{"@type":"PropertyValueSpecification","valueRequired":true,"valueName":"search_term_string"}}],"inLanguage":"es"},{"@type":"Organization","@id":"https:\/\/letrame.com\/catalogo\/#organization","name":"Catalogo | Letrame Grupo Editorial","url":"https:\/\/letrame.com\/catalogo\/","logo":{"@type":"ImageObject","inLanguage":"es","@id":"https:\/\/letrame.com\/catalogo\/#\/schema\/logo\/image\/","url":"https:\/\/letrame.com\/catalogo\/wp-content\/uploads\/2024\/03\/logo2.webp","contentUrl":"https:\/\/letrame.com\/catalogo\/wp-content\/uploads\/2024\/03\/logo2.webp","width":394,"height":128,"caption":"Catalogo | Letrame Grupo Editorial"},"image":{"@id":"https:\/\/letrame.com\/catalogo\/#\/schema\/logo\/image\/"}}]}},"_links":{"self":[{"href":"https:\/\/letrame.com\/catalogo\/wp-json\/wp\/v2\/product\/107212","targetHints":{"allow":["GET"]}}],"collection":[{"href":"https:\/\/letrame.com\/catalogo\/wp-json\/wp\/v2\/product"}],"about":[{"href":"https:\/\/letrame.com\/catalogo\/wp-json\/wp\/v2\/types\/product"}],"replies":[{"embeddable":true,"href":"https:\/\/letrame.com\/catalogo\/wp-json\/wp\/v2\/comments?post=107212"}],"acf:post":[{"embeddable":true,"href":"https:\/\/letrame.com\/catalogo\/wp-json\/wp\/v2\/author_book\/100767"}],"wp:featuredmedia":[{"embeddable":true,"href":"https:\/\/letrame.com\/catalogo\/wp-json\/wp\/v2\/media\/107214"}],"wp:attachment":[{"href":"https:\/\/letrame.com\/catalogo\/wp-json\/wp\/v2\/media?parent=107212"}],"wp:term":[{"taxonomy":"libro","embeddable":true,"href":"https:\/\/letrame.com\/catalogo\/wp-json\/wp\/v2\/libro?post=107212"},{"taxonomy":"product_brand","embeddable":true,"href":"https:\/\/letrame.com\/catalogo\/wp-json\/wp\/v2\/product_brand?post=107212"},{"taxonomy":"product_cat","embeddable":true,"href":"https:\/\/letrame.com\/catalogo\/wp-json\/wp\/v2\/product_cat?post=107212"},{"taxonomy":"product_tag","embeddable":true,"href":"https:\/\/letrame.com\/catalogo\/wp-json\/wp\/v2\/product_tag?post=107212"}],"curies":[{"name":"wp","href":"https:\/\/api.w.org\/{rel}","templated":true}]}}