{"id":107161,"date":"2024-10-23T15:42:03","date_gmt":"2024-10-23T13:42:03","guid":{"rendered":"https:\/\/letrame.com\/catalogo\/?post_type=product&#038;p=107161"},"modified":"2024-10-23T15:43:15","modified_gmt":"2024-10-23T13:43:15","slug":"autoridad-y-fraternidad-i-matematicas-sin-tonterias","status":"publish","type":"product","link":"https:\/\/letrame.com\/catalogo\/producto\/autoridad-y-fraternidad-i-matematicas-sin-tonterias\/","title":{"rendered":"Autoridad y fraternidad (I): Matem\u00e1ticas sin tonter\u00edas"},"content":{"rendered":"<p class=\"p1\">ISBN: 9788410891159<\/p>\n<p class=\"p1\">T\u00edtulo: Autoridad y fraternidad (I): Matem\u00e1ticas sin tonter\u00edas<br \/>\nFecha: 2024<br \/>\nP\u00e1ginas: 94<\/p>\n<p class=\"p1\">SINOPSIS<\/p>\n<p>\u00bfHay axiomas cient\u00edficos que puedan someterse a una revisi\u00f3n? En esta obra, Ortu\u00f1o Fern\u00e1ndez, a trav\u00e9s de c\u00e1lculos y representaciones gr\u00e1ficas, propone diversos cuestionamientos, incluso a la conocida Ley de gravitaci\u00f3n universal de Newton, y muestra sus teor\u00edas matem\u00e1ticas propias. Teor\u00edas elaboradas personalmente, de forma artesanal, en la intimidad de su propio espacio destinado al estudio, y ubicado en su domicilio, sito en la localidad de Santa Coloma de Gramenet (provincia de Barcelona), lejos del ambiente universitario y de las grandes pompas.<br \/>\nOrtu\u00f1o Fern\u00e1ndez ofrece reflexiones algebraicas que seguidamente trata de demostrar, enriquecidas con el c\u00e1lculo aritm\u00e9tico y aunque, quiz\u00e1 sin conseguir algunas veces los resultados exactos, fijados por las matem\u00e1ticas actuales, establece aproximaciones que deber\u00edan, al menos, suscitar un inter\u00e9s al lector despertando su curiosidad. Un acercamiento personal que invita, d\u00e1ndole su importancia, a una cr\u00edtica de las ciencias exactas.<\/p>\n<p>&nbsp;<\/p>\n","protected":false},"excerpt":{"rendered":"<p class=\"p1\">ISBN: 9788410891159<\/p>\n<p class=\"p1\">SINOPSIS<\/p>\n<p>\u00bfHay axiomas cient\u00edficos que puedan someterse a una revisi\u00f3n? En esta obra, Ortu\u00f1o Fern\u00e1ndez, a trav\u00e9s de c\u00e1lculos y representaciones gr\u00e1ficas, propone diversos cuestionamientos, incluso a la conocida Ley de gravitaci\u00f3n universal de Newton, y muestra sus teor\u00edas matem\u00e1ticas propias. Teor\u00edas elaboradas personalmente, de forma artesanal, en la intimidad de su propio espacio destinado al estudio, y ubicado en su domicilio, sito en la localidad de Santa Coloma de Gramenet (provincia de Barcelona), lejos del ambiente universitario y de las grandes pompas.<br \/>\nOrtu\u00f1o Fern\u00e1ndez ofrece reflexiones algebraicas que seguidamente trata de demostrar, enriquecidas con el c\u00e1lculo aritm\u00e9tico y aunque, quiz\u00e1 sin conseguir algunas veces los resultados exactos, fijados por las matem\u00e1ticas actuales, establece aproximaciones que deber\u00edan, al menos, suscitar un inter\u00e9s al lector despertando su curiosidad. Un acercamiento personal que invita, d\u00e1ndole su importancia, a una cr\u00edtica de las ciencias exactas.<\/p>\n<p>&nbsp;<\/p>\n","protected":false},"featured_media":107164,"comment_status":"open","ping_status":"closed","template":"","meta":{"_acf_changed":false},"libro":[],"product_brand":[],"product_cat":[45],"product_tag":[],"class_list":{"0":"post-107161","1":"product","2":"type-product","3":"status-publish","4":"has-post-thumbnail","6":"product_cat-academico","8":"first","9":"instock","10":"shipping-taxable","11":"product-type-simple"},"acf":{"autor":[101211],"enlace_de_compra":"https:\/\/amzn.to\/3NzDlJh"},"yoast_head":"<!-- This site is optimized with the Yoast SEO plugin v27.4 - https:\/\/yoast.com\/product\/yoast-seo-wordpress\/ -->\n<title>Autoridad y fraternidad (I): Matem\u00e1ticas sin tonter\u00edas - Catalogo | Letrame Grupo Editorial<\/title>\n<meta name=\"robots\" content=\"index, follow, max-snippet:-1, max-image-preview:large, max-video-preview:-1\" \/>\n<link rel=\"canonical\" href=\"https:\/\/letrame.com\/catalogo\/producto\/autoridad-y-fraternidad-i-matematicas-sin-tonterias\/\" \/>\n<meta property=\"og:locale\" content=\"es_ES\" \/>\n<meta property=\"og:type\" content=\"article\" \/>\n<meta property=\"og:title\" content=\"Autoridad y fraternidad (I): Matem\u00e1ticas sin tonter\u00edas - Catalogo | Letrame Grupo Editorial\" \/>\n<meta property=\"og:description\" content=\"ISBN: 9788410891159 SINOPSIS \u00bfHay axiomas cient\u00edficos que puedan someterse a una revisi\u00f3n? En esta obra, Ortu\u00f1o Fern\u00e1ndez, a trav\u00e9s de c\u00e1lculos y representaciones gr\u00e1ficas, propone diversos cuestionamientos, incluso a la conocida Ley de gravitaci\u00f3n universal de Newton, y muestra sus teor\u00edas matem\u00e1ticas propias. Teor\u00edas elaboradas personalmente, de forma artesanal, en la intimidad de su propio espacio destinado al estudio, y ubicado en su domicilio, sito en la localidad de Santa Coloma de Gramenet (provincia de Barcelona), lejos del ambiente universitario y de las grandes pompas. Ortu\u00f1o Fern\u00e1ndez ofrece reflexiones algebraicas que seguidamente trata de demostrar, enriquecidas con el c\u00e1lculo aritm\u00e9tico y aunque, quiz\u00e1 sin conseguir algunas veces los resultados exactos, fijados por las matem\u00e1ticas actuales, establece aproximaciones que deber\u00edan, al menos, suscitar un inter\u00e9s al lector despertando su curiosidad. Un acercamiento personal que invita, d\u00e1ndole su importancia, a una cr\u00edtica de las ciencias exactas.  &nbsp;\" \/>\n<meta property=\"og:url\" content=\"https:\/\/letrame.com\/catalogo\/producto\/autoridad-y-fraternidad-i-matematicas-sin-tonterias\/\" \/>\n<meta property=\"og:site_name\" content=\"Catalogo | Letrame Grupo Editorial\" \/>\n<meta property=\"article:modified_time\" content=\"2024-10-23T13:43:15+00:00\" \/>\n<meta property=\"og:image\" content=\"https:\/\/letrame.com\/catalogo\/wp-content\/uploads\/2024\/10\/autoridadyfrater_6mm4-scaled.jpg\" \/>\n\t<meta property=\"og:image:width\" content=\"1746\" \/>\n\t<meta property=\"og:image:height\" content=\"2560\" \/>\n\t<meta property=\"og:image:type\" content=\"image\/jpeg\" \/>\n<meta name=\"twitter:card\" content=\"summary_large_image\" \/>\n<meta name=\"twitter:label1\" content=\"Tiempo de lectura\" \/>\n\t<meta name=\"twitter:data1\" content=\"1 minuto\" \/>\n<script type=\"application\/ld+json\" class=\"yoast-schema-graph\">{\"@context\":\"https:\\\/\\\/schema.org\",\"@graph\":[{\"@type\":\"WebPage\",\"@id\":\"https:\\\/\\\/letrame.com\\\/catalogo\\\/producto\\\/autoridad-y-fraternidad-i-matematicas-sin-tonterias\\\/\",\"url\":\"https:\\\/\\\/letrame.com\\\/catalogo\\\/producto\\\/autoridad-y-fraternidad-i-matematicas-sin-tonterias\\\/\",\"name\":\"Autoridad y fraternidad (I): Matem\u00e1ticas sin tonter\u00edas - Catalogo | Letrame Grupo Editorial\",\"isPartOf\":{\"@id\":\"https:\\\/\\\/letrame.com\\\/catalogo\\\/#website\"},\"primaryImageOfPage\":{\"@id\":\"https:\\\/\\\/letrame.com\\\/catalogo\\\/producto\\\/autoridad-y-fraternidad-i-matematicas-sin-tonterias\\\/#primaryimage\"},\"image\":{\"@id\":\"https:\\\/\\\/letrame.com\\\/catalogo\\\/producto\\\/autoridad-y-fraternidad-i-matematicas-sin-tonterias\\\/#primaryimage\"},\"thumbnailUrl\":\"https:\\\/\\\/letrame.com\\\/catalogo\\\/wp-content\\\/uploads\\\/2024\\\/10\\\/autoridadyfrater_6mm4-scaled.jpg\",\"datePublished\":\"2024-10-23T13:42:03+00:00\",\"dateModified\":\"2024-10-23T13:43:15+00:00\",\"breadcrumb\":{\"@id\":\"https:\\\/\\\/letrame.com\\\/catalogo\\\/producto\\\/autoridad-y-fraternidad-i-matematicas-sin-tonterias\\\/#breadcrumb\"},\"inLanguage\":\"es\",\"potentialAction\":[{\"@type\":\"ReadAction\",\"target\":[\"https:\\\/\\\/letrame.com\\\/catalogo\\\/producto\\\/autoridad-y-fraternidad-i-matematicas-sin-tonterias\\\/\"]}]},{\"@type\":\"ImageObject\",\"inLanguage\":\"es\",\"@id\":\"https:\\\/\\\/letrame.com\\\/catalogo\\\/producto\\\/autoridad-y-fraternidad-i-matematicas-sin-tonterias\\\/#primaryimage\",\"url\":\"https:\\\/\\\/letrame.com\\\/catalogo\\\/wp-content\\\/uploads\\\/2024\\\/10\\\/autoridadyfrater_6mm4-scaled.jpg\",\"contentUrl\":\"https:\\\/\\\/letrame.com\\\/catalogo\\\/wp-content\\\/uploads\\\/2024\\\/10\\\/autoridadyfrater_6mm4-scaled.jpg\",\"width\":1746,\"height\":2560},{\"@type\":\"BreadcrumbList\",\"@id\":\"https:\\\/\\\/letrame.com\\\/catalogo\\\/producto\\\/autoridad-y-fraternidad-i-matematicas-sin-tonterias\\\/#breadcrumb\",\"itemListElement\":[{\"@type\":\"ListItem\",\"position\":1,\"name\":\"Portada\",\"item\":\"https:\\\/\\\/letrame.com\\\/catalogo\\\/\"},{\"@type\":\"ListItem\",\"position\":2,\"name\":\"Cat\u00e1logo\",\"item\":\"https:\\\/\\\/letrame.com\\\/catalogo\\\/\"},{\"@type\":\"ListItem\",\"position\":3,\"name\":\"Autoridad y fraternidad (I): Matem\u00e1ticas sin tonter\u00edas\"}]},{\"@type\":\"WebSite\",\"@id\":\"https:\\\/\\\/letrame.com\\\/catalogo\\\/#website\",\"url\":\"https:\\\/\\\/letrame.com\\\/catalogo\\\/\",\"name\":\"Catalogo | Letrame Grupo Editorial\",\"description\":\"\",\"publisher\":{\"@id\":\"https:\\\/\\\/letrame.com\\\/catalogo\\\/#organization\"},\"potentialAction\":[{\"@type\":\"SearchAction\",\"target\":{\"@type\":\"EntryPoint\",\"urlTemplate\":\"https:\\\/\\\/letrame.com\\\/catalogo\\\/?s={search_term_string}\"},\"query-input\":{\"@type\":\"PropertyValueSpecification\",\"valueRequired\":true,\"valueName\":\"search_term_string\"}}],\"inLanguage\":\"es\"},{\"@type\":\"Organization\",\"@id\":\"https:\\\/\\\/letrame.com\\\/catalogo\\\/#organization\",\"name\":\"Catalogo | Letrame Grupo Editorial\",\"url\":\"https:\\\/\\\/letrame.com\\\/catalogo\\\/\",\"logo\":{\"@type\":\"ImageObject\",\"inLanguage\":\"es\",\"@id\":\"https:\\\/\\\/letrame.com\\\/catalogo\\\/#\\\/schema\\\/logo\\\/image\\\/\",\"url\":\"https:\\\/\\\/letrame.com\\\/catalogo\\\/wp-content\\\/uploads\\\/2024\\\/03\\\/logo2.webp\",\"contentUrl\":\"https:\\\/\\\/letrame.com\\\/catalogo\\\/wp-content\\\/uploads\\\/2024\\\/03\\\/logo2.webp\",\"width\":394,\"height\":128,\"caption\":\"Catalogo | Letrame Grupo Editorial\"},\"image\":{\"@id\":\"https:\\\/\\\/letrame.com\\\/catalogo\\\/#\\\/schema\\\/logo\\\/image\\\/\"}}]}<\/script>\n<!-- \/ Yoast SEO plugin. -->","yoast_head_json":{"title":"Autoridad y fraternidad (I): Matem\u00e1ticas sin tonter\u00edas - Catalogo | Letrame Grupo Editorial","robots":{"index":"index","follow":"follow","max-snippet":"max-snippet:-1","max-image-preview":"max-image-preview:large","max-video-preview":"max-video-preview:-1"},"canonical":"https:\/\/letrame.com\/catalogo\/producto\/autoridad-y-fraternidad-i-matematicas-sin-tonterias\/","og_locale":"es_ES","og_type":"article","og_title":"Autoridad y fraternidad (I): Matem\u00e1ticas sin tonter\u00edas - Catalogo | Letrame Grupo Editorial","og_description":"ISBN: 9788410891159 SINOPSIS \u00bfHay axiomas cient\u00edficos que puedan someterse a una revisi\u00f3n? En esta obra, Ortu\u00f1o Fern\u00e1ndez, a trav\u00e9s de c\u00e1lculos y representaciones gr\u00e1ficas, propone diversos cuestionamientos, incluso a la conocida Ley de gravitaci\u00f3n universal de Newton, y muestra sus teor\u00edas matem\u00e1ticas propias. Teor\u00edas elaboradas personalmente, de forma artesanal, en la intimidad de su propio espacio destinado al estudio, y ubicado en su domicilio, sito en la localidad de Santa Coloma de Gramenet (provincia de Barcelona), lejos del ambiente universitario y de las grandes pompas. Ortu\u00f1o Fern\u00e1ndez ofrece reflexiones algebraicas que seguidamente trata de demostrar, enriquecidas con el c\u00e1lculo aritm\u00e9tico y aunque, quiz\u00e1 sin conseguir algunas veces los resultados exactos, fijados por las matem\u00e1ticas actuales, establece aproximaciones que deber\u00edan, al menos, suscitar un inter\u00e9s al lector despertando su curiosidad. Un acercamiento personal que invita, d\u00e1ndole su importancia, a una cr\u00edtica de las ciencias exactas.  &nbsp;","og_url":"https:\/\/letrame.com\/catalogo\/producto\/autoridad-y-fraternidad-i-matematicas-sin-tonterias\/","og_site_name":"Catalogo | Letrame Grupo Editorial","article_modified_time":"2024-10-23T13:43:15+00:00","og_image":[{"width":1746,"height":2560,"url":"https:\/\/letrame.com\/catalogo\/wp-content\/uploads\/2024\/10\/autoridadyfrater_6mm4-scaled.jpg","type":"image\/jpeg"}],"twitter_card":"summary_large_image","twitter_misc":{"Tiempo de lectura":"1 minuto"},"schema":{"@context":"https:\/\/schema.org","@graph":[{"@type":"WebPage","@id":"https:\/\/letrame.com\/catalogo\/producto\/autoridad-y-fraternidad-i-matematicas-sin-tonterias\/","url":"https:\/\/letrame.com\/catalogo\/producto\/autoridad-y-fraternidad-i-matematicas-sin-tonterias\/","name":"Autoridad y fraternidad (I): Matem\u00e1ticas sin tonter\u00edas - Catalogo | Letrame Grupo Editorial","isPartOf":{"@id":"https:\/\/letrame.com\/catalogo\/#website"},"primaryImageOfPage":{"@id":"https:\/\/letrame.com\/catalogo\/producto\/autoridad-y-fraternidad-i-matematicas-sin-tonterias\/#primaryimage"},"image":{"@id":"https:\/\/letrame.com\/catalogo\/producto\/autoridad-y-fraternidad-i-matematicas-sin-tonterias\/#primaryimage"},"thumbnailUrl":"https:\/\/letrame.com\/catalogo\/wp-content\/uploads\/2024\/10\/autoridadyfrater_6mm4-scaled.jpg","datePublished":"2024-10-23T13:42:03+00:00","dateModified":"2024-10-23T13:43:15+00:00","breadcrumb":{"@id":"https:\/\/letrame.com\/catalogo\/producto\/autoridad-y-fraternidad-i-matematicas-sin-tonterias\/#breadcrumb"},"inLanguage":"es","potentialAction":[{"@type":"ReadAction","target":["https:\/\/letrame.com\/catalogo\/producto\/autoridad-y-fraternidad-i-matematicas-sin-tonterias\/"]}]},{"@type":"ImageObject","inLanguage":"es","@id":"https:\/\/letrame.com\/catalogo\/producto\/autoridad-y-fraternidad-i-matematicas-sin-tonterias\/#primaryimage","url":"https:\/\/letrame.com\/catalogo\/wp-content\/uploads\/2024\/10\/autoridadyfrater_6mm4-scaled.jpg","contentUrl":"https:\/\/letrame.com\/catalogo\/wp-content\/uploads\/2024\/10\/autoridadyfrater_6mm4-scaled.jpg","width":1746,"height":2560},{"@type":"BreadcrumbList","@id":"https:\/\/letrame.com\/catalogo\/producto\/autoridad-y-fraternidad-i-matematicas-sin-tonterias\/#breadcrumb","itemListElement":[{"@type":"ListItem","position":1,"name":"Portada","item":"https:\/\/letrame.com\/catalogo\/"},{"@type":"ListItem","position":2,"name":"Cat\u00e1logo","item":"https:\/\/letrame.com\/catalogo\/"},{"@type":"ListItem","position":3,"name":"Autoridad y fraternidad (I): Matem\u00e1ticas sin tonter\u00edas"}]},{"@type":"WebSite","@id":"https:\/\/letrame.com\/catalogo\/#website","url":"https:\/\/letrame.com\/catalogo\/","name":"Catalogo | Letrame Grupo Editorial","description":"","publisher":{"@id":"https:\/\/letrame.com\/catalogo\/#organization"},"potentialAction":[{"@type":"SearchAction","target":{"@type":"EntryPoint","urlTemplate":"https:\/\/letrame.com\/catalogo\/?s={search_term_string}"},"query-input":{"@type":"PropertyValueSpecification","valueRequired":true,"valueName":"search_term_string"}}],"inLanguage":"es"},{"@type":"Organization","@id":"https:\/\/letrame.com\/catalogo\/#organization","name":"Catalogo | Letrame Grupo Editorial","url":"https:\/\/letrame.com\/catalogo\/","logo":{"@type":"ImageObject","inLanguage":"es","@id":"https:\/\/letrame.com\/catalogo\/#\/schema\/logo\/image\/","url":"https:\/\/letrame.com\/catalogo\/wp-content\/uploads\/2024\/03\/logo2.webp","contentUrl":"https:\/\/letrame.com\/catalogo\/wp-content\/uploads\/2024\/03\/logo2.webp","width":394,"height":128,"caption":"Catalogo | Letrame Grupo Editorial"},"image":{"@id":"https:\/\/letrame.com\/catalogo\/#\/schema\/logo\/image\/"}}]}},"_links":{"self":[{"href":"https:\/\/letrame.com\/catalogo\/wp-json\/wp\/v2\/product\/107161","targetHints":{"allow":["GET"]}}],"collection":[{"href":"https:\/\/letrame.com\/catalogo\/wp-json\/wp\/v2\/product"}],"about":[{"href":"https:\/\/letrame.com\/catalogo\/wp-json\/wp\/v2\/types\/product"}],"replies":[{"embeddable":true,"href":"https:\/\/letrame.com\/catalogo\/wp-json\/wp\/v2\/comments?post=107161"}],"acf:post":[{"embeddable":true,"href":"https:\/\/letrame.com\/catalogo\/wp-json\/wp\/v2\/author_book\/101211"}],"wp:featuredmedia":[{"embeddable":true,"href":"https:\/\/letrame.com\/catalogo\/wp-json\/wp\/v2\/media\/107164"}],"wp:attachment":[{"href":"https:\/\/letrame.com\/catalogo\/wp-json\/wp\/v2\/media?parent=107161"}],"wp:term":[{"taxonomy":"libro","embeddable":true,"href":"https:\/\/letrame.com\/catalogo\/wp-json\/wp\/v2\/libro?post=107161"},{"taxonomy":"product_brand","embeddable":true,"href":"https:\/\/letrame.com\/catalogo\/wp-json\/wp\/v2\/product_brand?post=107161"},{"taxonomy":"product_cat","embeddable":true,"href":"https:\/\/letrame.com\/catalogo\/wp-json\/wp\/v2\/product_cat?post=107161"},{"taxonomy":"product_tag","embeddable":true,"href":"https:\/\/letrame.com\/catalogo\/wp-json\/wp\/v2\/product_tag?post=107161"}],"curies":[{"name":"wp","href":"https:\/\/api.w.org\/{rel}","templated":true}]}}