{"id":107128,"date":"2024-10-23T10:55:05","date_gmt":"2024-10-23T08:55:05","guid":{"rendered":"https:\/\/letrame.com\/catalogo\/?post_type=product&#038;p=107128"},"modified":"2024-10-23T11:14:03","modified_gmt":"2024-10-23T09:14:03","slug":"xoana","status":"publish","type":"product","link":"https:\/\/letrame.com\/catalogo\/producto\/xoana\/","title":{"rendered":"Xoana"},"content":{"rendered":"<p class=\"p1\">ISBN: 9788410890466<\/p>\n<p class=\"p1\">T\u00edtulo: Xoana<br \/>\nFecha: 2024<br \/>\nP\u00e1ginas: 156<\/p>\n<p class=\"p1\">SINOPSIS<\/p>\n<p>Xoana es un libro de lectura amena, apta para ni\u00f1os, adolescentes, padres de adolescentes, o, en general, personas que se dejen atrapar por este personaje carism\u00e1tico, que se hace querer f\u00e1cilmente, capaz de sacar una sonrisa y emocionar a partes iguales.<br \/>\nXoana es la historia de una ni\u00f1a gallega inteligente, perspicaz, divertida y sobre todo aut\u00e9ntica. A trav\u00e9s de sus vivencias, nos invita a detenernos y reflexionar sobre temas actuales inspirando el pensamiento cr\u00edtico.<br \/>\nConsigue que el lector se conmueva con la historia y empatice con los personajes. Capta perfectamente la vida en el entorno rural gallego, mostrando la belleza de los paisajes descritos y un profundo amor por la tierra.<br \/>\nSi buscas pasar un rato realmente agradable y entretenido, sum\u00e9rgete en el mundo de Xoana.<\/p>\n","protected":false},"excerpt":{"rendered":"<p class=\"p1\">ISBN: 9788410890466<\/p>\n<p class=\"p1\">SINOPSIS<\/p>\n<p>Xoana es un libro de lectura amena, apta para ni\u00f1os, adolescentes, padres de adolescentes, o, en general, personas que se dejen atrapar por este personaje carism\u00e1tico, que se hace querer f\u00e1cilmente, capaz de sacar una sonrisa y emocionar a partes iguales.<br \/>\nXoana es la historia de una ni\u00f1a gallega inteligente, perspicaz, divertida y sobre todo aut\u00e9ntica. A trav\u00e9s de sus vivencias, nos invita a detenernos y reflexionar sobre temas actuales inspirando el pensamiento cr\u00edtico.<br \/>\nConsigue que el lector se conmueva con la historia y empatice con los personajes. Capta perfectamente la vida en el entorno rural gallego, mostrando la belleza de los paisajes descritos y un profundo amor por la tierra.<br \/>\nSi buscas pasar un rato realmente agradable y entretenido, sum\u00e9rgete en el mundo de Xoana.<\/p>\n","protected":false},"featured_media":107130,"comment_status":"open","ping_status":"closed","template":"","meta":{"_acf_changed":false},"libro":[],"product_brand":[],"product_cat":[134],"product_tag":[],"class_list":{"0":"post-107128","1":"product","2":"type-product","3":"status-publish","4":"has-post-thumbnail","6":"product_cat-juvenil","8":"first","9":"instock","10":"shipping-taxable","11":"product-type-simple"},"acf":{"autor":[107129],"enlace_de_compra":"https:\/\/amzn.to\/3NAkVb5"},"yoast_head":"<!-- This site is optimized with the Yoast SEO plugin v26.6 - https:\/\/yoast.com\/wordpress\/plugins\/seo\/ -->\n<title>Xoana - Catalogo | Letrame Grupo Editorial<\/title>\n<meta name=\"robots\" content=\"index, follow, max-snippet:-1, max-image-preview:large, max-video-preview:-1\" \/>\n<link rel=\"canonical\" href=\"https:\/\/letrame.com\/catalogo\/producto\/xoana\/\" \/>\n<meta property=\"og:locale\" content=\"es_ES\" \/>\n<meta property=\"og:type\" content=\"article\" \/>\n<meta property=\"og:title\" content=\"Xoana - Catalogo | Letrame Grupo Editorial\" \/>\n<meta property=\"og:description\" content=\"ISBN: 9788410890466 SINOPSIS Xoana es un libro de lectura amena, apta para ni\u00f1os, adolescentes, padres de adolescentes, o, en general, personas que se dejen atrapar por este personaje carism\u00e1tico, que se hace querer f\u00e1cilmente, capaz de sacar una sonrisa y emocionar a partes iguales. Xoana es la historia de una ni\u00f1a gallega inteligente, perspicaz, divertida y sobre todo aut\u00e9ntica. A trav\u00e9s de sus vivencias, nos invita a detenernos y reflexionar sobre temas actuales inspirando el pensamiento cr\u00edtico. Consigue que el lector se conmueva con la historia y empatice con los personajes. Capta perfectamente la vida en el entorno rural gallego, mostrando la belleza de los paisajes descritos y un profundo amor por la tierra. Si buscas pasar un rato realmente agradable y entretenido, sum\u00e9rgete en el mundo de Xoana.\" \/>\n<meta property=\"og:url\" content=\"https:\/\/letrame.com\/catalogo\/producto\/xoana\/\" \/>\n<meta property=\"og:site_name\" content=\"Catalogo | Letrame Grupo Editorial\" \/>\n<meta property=\"article:modified_time\" content=\"2024-10-23T09:14:03+00:00\" \/>\n<meta property=\"og:image\" content=\"https:\/\/letrame.com\/catalogo\/wp-content\/uploads\/2024\/10\/xoana_918mm4-732x1024.jpg\" \/>\n\t<meta property=\"og:image:width\" content=\"732\" \/>\n\t<meta property=\"og:image:height\" content=\"1024\" \/>\n\t<meta property=\"og:image:type\" content=\"image\/jpeg\" \/>\n<meta name=\"twitter:card\" content=\"summary_large_image\" \/>\n<meta name=\"twitter:label1\" content=\"Tiempo de lectura\" \/>\n\t<meta name=\"twitter:data1\" content=\"1 minuto\" \/>\n<script type=\"application\/ld+json\" class=\"yoast-schema-graph\">{\"@context\":\"https:\/\/schema.org\",\"@graph\":[{\"@type\":\"WebPage\",\"@id\":\"https:\/\/letrame.com\/catalogo\/producto\/xoana\/\",\"url\":\"https:\/\/letrame.com\/catalogo\/producto\/xoana\/\",\"name\":\"Xoana - Catalogo | Letrame Grupo Editorial\",\"isPartOf\":{\"@id\":\"https:\/\/letrame.com\/catalogo\/#website\"},\"primaryImageOfPage\":{\"@id\":\"https:\/\/letrame.com\/catalogo\/producto\/xoana\/#primaryimage\"},\"image\":{\"@id\":\"https:\/\/letrame.com\/catalogo\/producto\/xoana\/#primaryimage\"},\"thumbnailUrl\":\"https:\/\/letrame.com\/catalogo\/wp-content\/uploads\/2024\/10\/xoana_918mm4.jpg\",\"datePublished\":\"2024-10-23T08:55:05+00:00\",\"dateModified\":\"2024-10-23T09:14:03+00:00\",\"breadcrumb\":{\"@id\":\"https:\/\/letrame.com\/catalogo\/producto\/xoana\/#breadcrumb\"},\"inLanguage\":\"es\",\"potentialAction\":[{\"@type\":\"ReadAction\",\"target\":[\"https:\/\/letrame.com\/catalogo\/producto\/xoana\/\"]}]},{\"@type\":\"ImageObject\",\"inLanguage\":\"es\",\"@id\":\"https:\/\/letrame.com\/catalogo\/producto\/xoana\/#primaryimage\",\"url\":\"https:\/\/letrame.com\/catalogo\/wp-content\/uploads\/2024\/10\/xoana_918mm4.jpg\",\"contentUrl\":\"https:\/\/letrame.com\/catalogo\/wp-content\/uploads\/2024\/10\/xoana_918mm4.jpg\",\"width\":1772,\"height\":2480},{\"@type\":\"BreadcrumbList\",\"@id\":\"https:\/\/letrame.com\/catalogo\/producto\/xoana\/#breadcrumb\",\"itemListElement\":[{\"@type\":\"ListItem\",\"position\":1,\"name\":\"Portada\",\"item\":\"https:\/\/letrame.com\/catalogo\/\"},{\"@type\":\"ListItem\",\"position\":2,\"name\":\"Cat\u00e1logo\",\"item\":\"https:\/\/letrame.com\/catalogo\/\"},{\"@type\":\"ListItem\",\"position\":3,\"name\":\"Xoana\"}]},{\"@type\":\"WebSite\",\"@id\":\"https:\/\/letrame.com\/catalogo\/#website\",\"url\":\"https:\/\/letrame.com\/catalogo\/\",\"name\":\"Catalogo | Letrame Grupo Editorial\",\"description\":\"\",\"publisher\":{\"@id\":\"https:\/\/letrame.com\/catalogo\/#organization\"},\"potentialAction\":[{\"@type\":\"SearchAction\",\"target\":{\"@type\":\"EntryPoint\",\"urlTemplate\":\"https:\/\/letrame.com\/catalogo\/?s={search_term_string}\"},\"query-input\":{\"@type\":\"PropertyValueSpecification\",\"valueRequired\":true,\"valueName\":\"search_term_string\"}}],\"inLanguage\":\"es\"},{\"@type\":\"Organization\",\"@id\":\"https:\/\/letrame.com\/catalogo\/#organization\",\"name\":\"Catalogo | Letrame Grupo Editorial\",\"url\":\"https:\/\/letrame.com\/catalogo\/\",\"logo\":{\"@type\":\"ImageObject\",\"inLanguage\":\"es\",\"@id\":\"https:\/\/letrame.com\/catalogo\/#\/schema\/logo\/image\/\",\"url\":\"https:\/\/letrame.com\/catalogo\/wp-content\/uploads\/2024\/03\/logo2.webp\",\"contentUrl\":\"https:\/\/letrame.com\/catalogo\/wp-content\/uploads\/2024\/03\/logo2.webp\",\"width\":394,\"height\":128,\"caption\":\"Catalogo | Letrame Grupo Editorial\"},\"image\":{\"@id\":\"https:\/\/letrame.com\/catalogo\/#\/schema\/logo\/image\/\"}}]}<\/script>\n<!-- \/ Yoast SEO plugin. -->","yoast_head_json":{"title":"Xoana - Catalogo | Letrame Grupo Editorial","robots":{"index":"index","follow":"follow","max-snippet":"max-snippet:-1","max-image-preview":"max-image-preview:large","max-video-preview":"max-video-preview:-1"},"canonical":"https:\/\/letrame.com\/catalogo\/producto\/xoana\/","og_locale":"es_ES","og_type":"article","og_title":"Xoana - Catalogo | Letrame Grupo Editorial","og_description":"ISBN: 9788410890466 SINOPSIS Xoana es un libro de lectura amena, apta para ni\u00f1os, adolescentes, padres de adolescentes, o, en general, personas que se dejen atrapar por este personaje carism\u00e1tico, que se hace querer f\u00e1cilmente, capaz de sacar una sonrisa y emocionar a partes iguales. Xoana es la historia de una ni\u00f1a gallega inteligente, perspicaz, divertida y sobre todo aut\u00e9ntica. A trav\u00e9s de sus vivencias, nos invita a detenernos y reflexionar sobre temas actuales inspirando el pensamiento cr\u00edtico. Consigue que el lector se conmueva con la historia y empatice con los personajes. Capta perfectamente la vida en el entorno rural gallego, mostrando la belleza de los paisajes descritos y un profundo amor por la tierra. Si buscas pasar un rato realmente agradable y entretenido, sum\u00e9rgete en el mundo de Xoana.","og_url":"https:\/\/letrame.com\/catalogo\/producto\/xoana\/","og_site_name":"Catalogo | Letrame Grupo Editorial","article_modified_time":"2024-10-23T09:14:03+00:00","og_image":[{"width":732,"height":1024,"url":"https:\/\/letrame.com\/catalogo\/wp-content\/uploads\/2024\/10\/xoana_918mm4-732x1024.jpg","type":"image\/jpeg"}],"twitter_card":"summary_large_image","twitter_misc":{"Tiempo de lectura":"1 minuto"},"schema":{"@context":"https:\/\/schema.org","@graph":[{"@type":"WebPage","@id":"https:\/\/letrame.com\/catalogo\/producto\/xoana\/","url":"https:\/\/letrame.com\/catalogo\/producto\/xoana\/","name":"Xoana - Catalogo | Letrame Grupo Editorial","isPartOf":{"@id":"https:\/\/letrame.com\/catalogo\/#website"},"primaryImageOfPage":{"@id":"https:\/\/letrame.com\/catalogo\/producto\/xoana\/#primaryimage"},"image":{"@id":"https:\/\/letrame.com\/catalogo\/producto\/xoana\/#primaryimage"},"thumbnailUrl":"https:\/\/letrame.com\/catalogo\/wp-content\/uploads\/2024\/10\/xoana_918mm4.jpg","datePublished":"2024-10-23T08:55:05+00:00","dateModified":"2024-10-23T09:14:03+00:00","breadcrumb":{"@id":"https:\/\/letrame.com\/catalogo\/producto\/xoana\/#breadcrumb"},"inLanguage":"es","potentialAction":[{"@type":"ReadAction","target":["https:\/\/letrame.com\/catalogo\/producto\/xoana\/"]}]},{"@type":"ImageObject","inLanguage":"es","@id":"https:\/\/letrame.com\/catalogo\/producto\/xoana\/#primaryimage","url":"https:\/\/letrame.com\/catalogo\/wp-content\/uploads\/2024\/10\/xoana_918mm4.jpg","contentUrl":"https:\/\/letrame.com\/catalogo\/wp-content\/uploads\/2024\/10\/xoana_918mm4.jpg","width":1772,"height":2480},{"@type":"BreadcrumbList","@id":"https:\/\/letrame.com\/catalogo\/producto\/xoana\/#breadcrumb","itemListElement":[{"@type":"ListItem","position":1,"name":"Portada","item":"https:\/\/letrame.com\/catalogo\/"},{"@type":"ListItem","position":2,"name":"Cat\u00e1logo","item":"https:\/\/letrame.com\/catalogo\/"},{"@type":"ListItem","position":3,"name":"Xoana"}]},{"@type":"WebSite","@id":"https:\/\/letrame.com\/catalogo\/#website","url":"https:\/\/letrame.com\/catalogo\/","name":"Catalogo | Letrame Grupo Editorial","description":"","publisher":{"@id":"https:\/\/letrame.com\/catalogo\/#organization"},"potentialAction":[{"@type":"SearchAction","target":{"@type":"EntryPoint","urlTemplate":"https:\/\/letrame.com\/catalogo\/?s={search_term_string}"},"query-input":{"@type":"PropertyValueSpecification","valueRequired":true,"valueName":"search_term_string"}}],"inLanguage":"es"},{"@type":"Organization","@id":"https:\/\/letrame.com\/catalogo\/#organization","name":"Catalogo | Letrame Grupo Editorial","url":"https:\/\/letrame.com\/catalogo\/","logo":{"@type":"ImageObject","inLanguage":"es","@id":"https:\/\/letrame.com\/catalogo\/#\/schema\/logo\/image\/","url":"https:\/\/letrame.com\/catalogo\/wp-content\/uploads\/2024\/03\/logo2.webp","contentUrl":"https:\/\/letrame.com\/catalogo\/wp-content\/uploads\/2024\/03\/logo2.webp","width":394,"height":128,"caption":"Catalogo | Letrame Grupo Editorial"},"image":{"@id":"https:\/\/letrame.com\/catalogo\/#\/schema\/logo\/image\/"}}]}},"_links":{"self":[{"href":"https:\/\/letrame.com\/catalogo\/wp-json\/wp\/v2\/product\/107128","targetHints":{"allow":["GET"]}}],"collection":[{"href":"https:\/\/letrame.com\/catalogo\/wp-json\/wp\/v2\/product"}],"about":[{"href":"https:\/\/letrame.com\/catalogo\/wp-json\/wp\/v2\/types\/product"}],"replies":[{"embeddable":true,"href":"https:\/\/letrame.com\/catalogo\/wp-json\/wp\/v2\/comments?post=107128"}],"acf:post":[{"embeddable":true,"href":"https:\/\/letrame.com\/catalogo\/wp-json\/wp\/v2\/author_book\/107129"}],"wp:featuredmedia":[{"embeddable":true,"href":"https:\/\/letrame.com\/catalogo\/wp-json\/wp\/v2\/media\/107130"}],"wp:attachment":[{"href":"https:\/\/letrame.com\/catalogo\/wp-json\/wp\/v2\/media?parent=107128"}],"wp:term":[{"taxonomy":"libro","embeddable":true,"href":"https:\/\/letrame.com\/catalogo\/wp-json\/wp\/v2\/libro?post=107128"},{"taxonomy":"product_brand","embeddable":true,"href":"https:\/\/letrame.com\/catalogo\/wp-json\/wp\/v2\/product_brand?post=107128"},{"taxonomy":"product_cat","embeddable":true,"href":"https:\/\/letrame.com\/catalogo\/wp-json\/wp\/v2\/product_cat?post=107128"},{"taxonomy":"product_tag","embeddable":true,"href":"https:\/\/letrame.com\/catalogo\/wp-json\/wp\/v2\/product_tag?post=107128"}],"curies":[{"name":"wp","href":"https:\/\/api.w.org\/{rel}","templated":true}]}}