{"id":107118,"date":"2024-10-22T15:59:32","date_gmt":"2024-10-22T13:59:32","guid":{"rendered":"https:\/\/letrame.com\/catalogo\/?post_type=product&#038;p=107118"},"modified":"2024-10-22T16:13:53","modified_gmt":"2024-10-22T14:13:53","slug":"quien-teme-a-naason-feroz","status":"publish","type":"product","link":"https:\/\/letrame.com\/catalogo\/producto\/quien-teme-a-naason-feroz\/","title":{"rendered":"Qui\u00e9n teme a Naas\u00f3n Feroz"},"content":{"rendered":"<p class=\"p1\">ISBN: 9788410689824<\/p>\n<p class=\"p1\">T\u00edtulo: Qui\u00e9n teme a Naas\u00f3n Feroz<br \/>\nFecha: 2024<br \/>\nP\u00e1ginas: 230<\/p>\n<p class=\"p1\">SINOPSIS<\/p>\n<p>Fruto del contubernio con la clase pol\u00edtica, el se\u00f1or Naas\u00f3n era tratado como un rey o un dios, aunque, como suele ocurrir, llevaba una vida crapulosa, rodeado de lujos y con impunidad total. Autonombrado Ap\u00f3stol de Cristo y Dios vivo, el fiscal de California y el FBI lo investigaban por pederastia, pornograf\u00eda infantil, tr\u00e1fico de personas y as\u00ed hasta completar veintis\u00e9is delitos abominables. T\u00e9ngase en cuenta que su Iglesia es un negocio fabuloso y libre de impuestos que ha hecho multimillonarios al \u00abap\u00f3stol\u00bb y a su familia, de ah\u00ed que el juez le impusiera una fianza de noventa millones de d\u00f3lares.<br \/>\nTemerosas de las represalias acostumbradas en el seno de la Iglesia, las v\u00edctimas que lo denunciaron han emprendido un juicio federal con la esperanza de aplicarle cadena perpetua. Curiosamente, a pesar de las innumerables pruebas en su contra, la mayor\u00eda de los fieles sostienen la honorabilidad de este monstruo. Llevan raz\u00f3n los psiquiatras al diagnosticar a los iluminados como v\u00edctimas del Trastorno Psic\u00f3tico Compartido, tambi\u00e9n llamado Psicosis de Asociaci\u00f3n o Insania Colectiva.<\/p>\n","protected":false},"excerpt":{"rendered":"<p class=\"p1\">ISBN: 9788410689824<\/p>\n<p class=\"p1\">SINOPSIS<\/p>\n<p>Fruto del contubernio con la clase pol\u00edtica, el se\u00f1or Naas\u00f3n era tratado como un rey o un dios, aunque, como suele ocurrir, llevaba una vida crapulosa, rodeado de lujos y con impunidad total. Autonombrado Ap\u00f3stol de Cristo y Dios vivo, el fiscal de California y el FBI lo investigaban por pederastia, pornograf\u00eda infantil, tr\u00e1fico de personas y as\u00ed hasta completar veintis\u00e9is delitos abominables. T\u00e9ngase en cuenta que su Iglesia es un negocio fabuloso y libre de impuestos que ha hecho multimillonarios al \u00abap\u00f3stol\u00bb y a su familia, de ah\u00ed que el juez le impusiera una fianza de noventa millones de d\u00f3lares.<br \/>\nTemerosas de las represalias acostumbradas en el seno de la Iglesia, las v\u00edctimas que lo denunciaron han emprendido un juicio federal con la esperanza de aplicarle cadena perpetua. Curiosamente, a pesar de las innumerables pruebas en su contra, la mayor\u00eda de los fieles sostienen la honorabilidad de este monstruo. Llevan raz\u00f3n los psiquiatras al diagnosticar a los iluminados como v\u00edctimas del Trastorno Psic\u00f3tico Compartido, tambi\u00e9n llamado Psicosis de Asociaci\u00f3n o Insania Colectiva.<\/p>\n","protected":false},"featured_media":107120,"comment_status":"open","ping_status":"closed","template":"","meta":{"_acf_changed":false},"libro":[],"product_brand":[],"product_cat":[46],"product_tag":[],"class_list":{"0":"post-107118","1":"product","2":"type-product","3":"status-publish","4":"has-post-thumbnail","6":"product_cat-teatro","8":"first","9":"instock","10":"shipping-taxable","11":"product-type-simple"},"acf":{"autor":[107119],"enlace_de_compra":"https:\/\/amzn.to\/40frUxD"},"yoast_head":"<!-- This site is optimized with the Yoast SEO plugin v27.4 - https:\/\/yoast.com\/product\/yoast-seo-wordpress\/ -->\n<title>Qui\u00e9n teme a Naas\u00f3n Feroz - Catalogo | Letrame Grupo Editorial<\/title>\n<meta name=\"robots\" content=\"index, follow, max-snippet:-1, max-image-preview:large, max-video-preview:-1\" \/>\n<link rel=\"canonical\" href=\"https:\/\/letrame.com\/catalogo\/producto\/quien-teme-a-naason-feroz\/\" \/>\n<meta property=\"og:locale\" content=\"es_ES\" \/>\n<meta property=\"og:type\" content=\"article\" \/>\n<meta property=\"og:title\" content=\"Qui\u00e9n teme a Naas\u00f3n Feroz - Catalogo | Letrame Grupo Editorial\" \/>\n<meta property=\"og:description\" content=\"ISBN: 9788410689824 SINOPSIS Fruto del contubernio con la clase pol\u00edtica, el se\u00f1or Naas\u00f3n era tratado como un rey o un dios, aunque, como suele ocurrir, llevaba una vida crapulosa, rodeado de lujos y con impunidad total. Autonombrado Ap\u00f3stol de Cristo y Dios vivo, el fiscal de California y el FBI lo investigaban por pederastia, pornograf\u00eda infantil, tr\u00e1fico de personas y as\u00ed hasta completar veintis\u00e9is delitos abominables. T\u00e9ngase en cuenta que su Iglesia es un negocio fabuloso y libre de impuestos que ha hecho multimillonarios al &quot;ap\u00f3stol&quot; y a su familia, de ah\u00ed que el juez le impusiera una fianza de noventa millones de d\u00f3lares. Temerosas de las represalias acostumbradas en el seno de la Iglesia, las v\u00edctimas que lo denunciaron han emprendido un juicio federal con la esperanza de aplicarle cadena perpetua. Curiosamente, a pesar de las innumerables pruebas en su contra, la mayor\u00eda de los fieles sostienen la honorabilidad de este monstruo. Llevan raz\u00f3n los psiquiatras al diagnosticar a los iluminados como v\u00edctimas del Trastorno Psic\u00f3tico Compartido, tambi\u00e9n llamado Psicosis de Asociaci\u00f3n o Insania Colectiva.\" \/>\n<meta property=\"og:url\" content=\"https:\/\/letrame.com\/catalogo\/producto\/quien-teme-a-naason-feroz\/\" \/>\n<meta property=\"og:site_name\" content=\"Catalogo | Letrame Grupo Editorial\" \/>\n<meta property=\"article:modified_time\" content=\"2024-10-22T14:13:53+00:00\" \/>\n<meta property=\"og:image\" content=\"https:\/\/letrame.com\/catalogo\/wp-content\/uploads\/2024\/10\/quienmato_1168mm4.jpg\" \/>\n\t<meta property=\"og:image:width\" content=\"1772\" \/>\n\t<meta property=\"og:image:height\" content=\"2480\" \/>\n\t<meta property=\"og:image:type\" content=\"image\/jpeg\" \/>\n<meta name=\"twitter:card\" content=\"summary_large_image\" \/>\n<meta name=\"twitter:label1\" content=\"Tiempo de lectura\" \/>\n\t<meta name=\"twitter:data1\" content=\"2 minutos\" \/>\n<script type=\"application\/ld+json\" class=\"yoast-schema-graph\">{\"@context\":\"https:\\\/\\\/schema.org\",\"@graph\":[{\"@type\":\"WebPage\",\"@id\":\"https:\\\/\\\/letrame.com\\\/catalogo\\\/producto\\\/quien-teme-a-naason-feroz\\\/\",\"url\":\"https:\\\/\\\/letrame.com\\\/catalogo\\\/producto\\\/quien-teme-a-naason-feroz\\\/\",\"name\":\"Qui\u00e9n teme a Naas\u00f3n Feroz - Catalogo | Letrame Grupo Editorial\",\"isPartOf\":{\"@id\":\"https:\\\/\\\/letrame.com\\\/catalogo\\\/#website\"},\"primaryImageOfPage\":{\"@id\":\"https:\\\/\\\/letrame.com\\\/catalogo\\\/producto\\\/quien-teme-a-naason-feroz\\\/#primaryimage\"},\"image\":{\"@id\":\"https:\\\/\\\/letrame.com\\\/catalogo\\\/producto\\\/quien-teme-a-naason-feroz\\\/#primaryimage\"},\"thumbnailUrl\":\"https:\\\/\\\/letrame.com\\\/catalogo\\\/wp-content\\\/uploads\\\/2024\\\/10\\\/quienmato_1168mm4.jpg\",\"datePublished\":\"2024-10-22T13:59:32+00:00\",\"dateModified\":\"2024-10-22T14:13:53+00:00\",\"breadcrumb\":{\"@id\":\"https:\\\/\\\/letrame.com\\\/catalogo\\\/producto\\\/quien-teme-a-naason-feroz\\\/#breadcrumb\"},\"inLanguage\":\"es\",\"potentialAction\":[{\"@type\":\"ReadAction\",\"target\":[\"https:\\\/\\\/letrame.com\\\/catalogo\\\/producto\\\/quien-teme-a-naason-feroz\\\/\"]}]},{\"@type\":\"ImageObject\",\"inLanguage\":\"es\",\"@id\":\"https:\\\/\\\/letrame.com\\\/catalogo\\\/producto\\\/quien-teme-a-naason-feroz\\\/#primaryimage\",\"url\":\"https:\\\/\\\/letrame.com\\\/catalogo\\\/wp-content\\\/uploads\\\/2024\\\/10\\\/quienmato_1168mm4.jpg\",\"contentUrl\":\"https:\\\/\\\/letrame.com\\\/catalogo\\\/wp-content\\\/uploads\\\/2024\\\/10\\\/quienmato_1168mm4.jpg\",\"width\":1772,\"height\":2480},{\"@type\":\"BreadcrumbList\",\"@id\":\"https:\\\/\\\/letrame.com\\\/catalogo\\\/producto\\\/quien-teme-a-naason-feroz\\\/#breadcrumb\",\"itemListElement\":[{\"@type\":\"ListItem\",\"position\":1,\"name\":\"Portada\",\"item\":\"https:\\\/\\\/letrame.com\\\/catalogo\\\/\"},{\"@type\":\"ListItem\",\"position\":2,\"name\":\"Cat\u00e1logo\",\"item\":\"https:\\\/\\\/letrame.com\\\/catalogo\\\/\"},{\"@type\":\"ListItem\",\"position\":3,\"name\":\"Qui\u00e9n teme a Naas\u00f3n Feroz\"}]},{\"@type\":\"WebSite\",\"@id\":\"https:\\\/\\\/letrame.com\\\/catalogo\\\/#website\",\"url\":\"https:\\\/\\\/letrame.com\\\/catalogo\\\/\",\"name\":\"Catalogo | Letrame Grupo Editorial\",\"description\":\"\",\"publisher\":{\"@id\":\"https:\\\/\\\/letrame.com\\\/catalogo\\\/#organization\"},\"potentialAction\":[{\"@type\":\"SearchAction\",\"target\":{\"@type\":\"EntryPoint\",\"urlTemplate\":\"https:\\\/\\\/letrame.com\\\/catalogo\\\/?s={search_term_string}\"},\"query-input\":{\"@type\":\"PropertyValueSpecification\",\"valueRequired\":true,\"valueName\":\"search_term_string\"}}],\"inLanguage\":\"es\"},{\"@type\":\"Organization\",\"@id\":\"https:\\\/\\\/letrame.com\\\/catalogo\\\/#organization\",\"name\":\"Catalogo | Letrame Grupo Editorial\",\"url\":\"https:\\\/\\\/letrame.com\\\/catalogo\\\/\",\"logo\":{\"@type\":\"ImageObject\",\"inLanguage\":\"es\",\"@id\":\"https:\\\/\\\/letrame.com\\\/catalogo\\\/#\\\/schema\\\/logo\\\/image\\\/\",\"url\":\"https:\\\/\\\/letrame.com\\\/catalogo\\\/wp-content\\\/uploads\\\/2024\\\/03\\\/logo2.webp\",\"contentUrl\":\"https:\\\/\\\/letrame.com\\\/catalogo\\\/wp-content\\\/uploads\\\/2024\\\/03\\\/logo2.webp\",\"width\":394,\"height\":128,\"caption\":\"Catalogo | Letrame Grupo Editorial\"},\"image\":{\"@id\":\"https:\\\/\\\/letrame.com\\\/catalogo\\\/#\\\/schema\\\/logo\\\/image\\\/\"}}]}<\/script>\n<!-- \/ Yoast SEO plugin. -->","yoast_head_json":{"title":"Qui\u00e9n teme a Naas\u00f3n Feroz - Catalogo | Letrame Grupo Editorial","robots":{"index":"index","follow":"follow","max-snippet":"max-snippet:-1","max-image-preview":"max-image-preview:large","max-video-preview":"max-video-preview:-1"},"canonical":"https:\/\/letrame.com\/catalogo\/producto\/quien-teme-a-naason-feroz\/","og_locale":"es_ES","og_type":"article","og_title":"Qui\u00e9n teme a Naas\u00f3n Feroz - Catalogo | Letrame Grupo Editorial","og_description":"ISBN: 9788410689824 SINOPSIS Fruto del contubernio con la clase pol\u00edtica, el se\u00f1or Naas\u00f3n era tratado como un rey o un dios, aunque, como suele ocurrir, llevaba una vida crapulosa, rodeado de lujos y con impunidad total. Autonombrado Ap\u00f3stol de Cristo y Dios vivo, el fiscal de California y el FBI lo investigaban por pederastia, pornograf\u00eda infantil, tr\u00e1fico de personas y as\u00ed hasta completar veintis\u00e9is delitos abominables. T\u00e9ngase en cuenta que su Iglesia es un negocio fabuloso y libre de impuestos que ha hecho multimillonarios al \"ap\u00f3stol\" y a su familia, de ah\u00ed que el juez le impusiera una fianza de noventa millones de d\u00f3lares. Temerosas de las represalias acostumbradas en el seno de la Iglesia, las v\u00edctimas que lo denunciaron han emprendido un juicio federal con la esperanza de aplicarle cadena perpetua. Curiosamente, a pesar de las innumerables pruebas en su contra, la mayor\u00eda de los fieles sostienen la honorabilidad de este monstruo. Llevan raz\u00f3n los psiquiatras al diagnosticar a los iluminados como v\u00edctimas del Trastorno Psic\u00f3tico Compartido, tambi\u00e9n llamado Psicosis de Asociaci\u00f3n o Insania Colectiva.","og_url":"https:\/\/letrame.com\/catalogo\/producto\/quien-teme-a-naason-feroz\/","og_site_name":"Catalogo | Letrame Grupo Editorial","article_modified_time":"2024-10-22T14:13:53+00:00","og_image":[{"width":1772,"height":2480,"url":"https:\/\/letrame.com\/catalogo\/wp-content\/uploads\/2024\/10\/quienmato_1168mm4.jpg","type":"image\/jpeg"}],"twitter_card":"summary_large_image","twitter_misc":{"Tiempo de lectura":"2 minutos"},"schema":{"@context":"https:\/\/schema.org","@graph":[{"@type":"WebPage","@id":"https:\/\/letrame.com\/catalogo\/producto\/quien-teme-a-naason-feroz\/","url":"https:\/\/letrame.com\/catalogo\/producto\/quien-teme-a-naason-feroz\/","name":"Qui\u00e9n teme a Naas\u00f3n Feroz - Catalogo | Letrame Grupo Editorial","isPartOf":{"@id":"https:\/\/letrame.com\/catalogo\/#website"},"primaryImageOfPage":{"@id":"https:\/\/letrame.com\/catalogo\/producto\/quien-teme-a-naason-feroz\/#primaryimage"},"image":{"@id":"https:\/\/letrame.com\/catalogo\/producto\/quien-teme-a-naason-feroz\/#primaryimage"},"thumbnailUrl":"https:\/\/letrame.com\/catalogo\/wp-content\/uploads\/2024\/10\/quienmato_1168mm4.jpg","datePublished":"2024-10-22T13:59:32+00:00","dateModified":"2024-10-22T14:13:53+00:00","breadcrumb":{"@id":"https:\/\/letrame.com\/catalogo\/producto\/quien-teme-a-naason-feroz\/#breadcrumb"},"inLanguage":"es","potentialAction":[{"@type":"ReadAction","target":["https:\/\/letrame.com\/catalogo\/producto\/quien-teme-a-naason-feroz\/"]}]},{"@type":"ImageObject","inLanguage":"es","@id":"https:\/\/letrame.com\/catalogo\/producto\/quien-teme-a-naason-feroz\/#primaryimage","url":"https:\/\/letrame.com\/catalogo\/wp-content\/uploads\/2024\/10\/quienmato_1168mm4.jpg","contentUrl":"https:\/\/letrame.com\/catalogo\/wp-content\/uploads\/2024\/10\/quienmato_1168mm4.jpg","width":1772,"height":2480},{"@type":"BreadcrumbList","@id":"https:\/\/letrame.com\/catalogo\/producto\/quien-teme-a-naason-feroz\/#breadcrumb","itemListElement":[{"@type":"ListItem","position":1,"name":"Portada","item":"https:\/\/letrame.com\/catalogo\/"},{"@type":"ListItem","position":2,"name":"Cat\u00e1logo","item":"https:\/\/letrame.com\/catalogo\/"},{"@type":"ListItem","position":3,"name":"Qui\u00e9n teme a Naas\u00f3n Feroz"}]},{"@type":"WebSite","@id":"https:\/\/letrame.com\/catalogo\/#website","url":"https:\/\/letrame.com\/catalogo\/","name":"Catalogo | Letrame Grupo Editorial","description":"","publisher":{"@id":"https:\/\/letrame.com\/catalogo\/#organization"},"potentialAction":[{"@type":"SearchAction","target":{"@type":"EntryPoint","urlTemplate":"https:\/\/letrame.com\/catalogo\/?s={search_term_string}"},"query-input":{"@type":"PropertyValueSpecification","valueRequired":true,"valueName":"search_term_string"}}],"inLanguage":"es"},{"@type":"Organization","@id":"https:\/\/letrame.com\/catalogo\/#organization","name":"Catalogo | Letrame Grupo Editorial","url":"https:\/\/letrame.com\/catalogo\/","logo":{"@type":"ImageObject","inLanguage":"es","@id":"https:\/\/letrame.com\/catalogo\/#\/schema\/logo\/image\/","url":"https:\/\/letrame.com\/catalogo\/wp-content\/uploads\/2024\/03\/logo2.webp","contentUrl":"https:\/\/letrame.com\/catalogo\/wp-content\/uploads\/2024\/03\/logo2.webp","width":394,"height":128,"caption":"Catalogo | Letrame Grupo Editorial"},"image":{"@id":"https:\/\/letrame.com\/catalogo\/#\/schema\/logo\/image\/"}}]}},"_links":{"self":[{"href":"https:\/\/letrame.com\/catalogo\/wp-json\/wp\/v2\/product\/107118","targetHints":{"allow":["GET"]}}],"collection":[{"href":"https:\/\/letrame.com\/catalogo\/wp-json\/wp\/v2\/product"}],"about":[{"href":"https:\/\/letrame.com\/catalogo\/wp-json\/wp\/v2\/types\/product"}],"replies":[{"embeddable":true,"href":"https:\/\/letrame.com\/catalogo\/wp-json\/wp\/v2\/comments?post=107118"}],"acf:post":[{"embeddable":true,"href":"https:\/\/letrame.com\/catalogo\/wp-json\/wp\/v2\/author_book\/107119"}],"wp:featuredmedia":[{"embeddable":true,"href":"https:\/\/letrame.com\/catalogo\/wp-json\/wp\/v2\/media\/107120"}],"wp:attachment":[{"href":"https:\/\/letrame.com\/catalogo\/wp-json\/wp\/v2\/media?parent=107118"}],"wp:term":[{"taxonomy":"libro","embeddable":true,"href":"https:\/\/letrame.com\/catalogo\/wp-json\/wp\/v2\/libro?post=107118"},{"taxonomy":"product_brand","embeddable":true,"href":"https:\/\/letrame.com\/catalogo\/wp-json\/wp\/v2\/product_brand?post=107118"},{"taxonomy":"product_cat","embeddable":true,"href":"https:\/\/letrame.com\/catalogo\/wp-json\/wp\/v2\/product_cat?post=107118"},{"taxonomy":"product_tag","embeddable":true,"href":"https:\/\/letrame.com\/catalogo\/wp-json\/wp\/v2\/product_tag?post=107118"}],"curies":[{"name":"wp","href":"https:\/\/api.w.org\/{rel}","templated":true}]}}