{"id":107113,"date":"2024-10-22T15:45:32","date_gmt":"2024-10-22T13:45:32","guid":{"rendered":"https:\/\/letrame.com\/catalogo\/?post_type=product&#038;p=107113"},"modified":"2024-10-22T15:47:07","modified_gmt":"2024-10-22T13:47:07","slug":"en-sincronia","status":"publish","type":"product","link":"https:\/\/letrame.com\/catalogo\/producto\/en-sincronia\/","title":{"rendered":"En sincron\u00eda"},"content":{"rendered":"<p class=\"p1\">ISBN: 9788410890978<\/p>\n<p class=\"p1\">T\u00edtulo: En sincron\u00eda. El universo te est\u00e1 guiando hacia tus sue\u00f1os<br \/>\nFecha: 2024<br \/>\nP\u00e1ginas: 328<\/p>\n<p class=\"p1\">SINOPSIS<\/p>\n<p>Ana Victoria ha pasado gran parte de su vida buscando algo que parece siempre escap\u00e1rsele. Ha cruzado desiertos de incertidumbre y nadado en mares de emociones turbulentas, siempre buscando esa luz que promet\u00eda guiarla hacia un horizonte de paz.<br \/>\nSu traves\u00eda la lleva por paisajes donde el viento susurra secretos antiguos y las estrellas parecen alinearse para contarle una historia olvidada. Es en ese silencio c\u00f3smico, en la quietud de la noche, donde ella descubre que las respuestas no est\u00e1n en el horizonte, sino en el eco de su propio coraz\u00f3n.<br \/>\nPaseando por ciudades abarrotadas o playas paradisiacas de una isla lejana, la autora nos gu\u00eda en su proceso de sanaci\u00f3n, compartiendo sus descubrimientos sobre las conexiones invisibles que moldean nuestras vidas y el poder de transformar nuestros sue\u00f1os en realidad, incluso cuando parecen ut\u00f3picos.<br \/>\nEste libro es una invitaci\u00f3n para todas aquellas que alguna vez se hayan sentido perdidas o rotas. Ana Victoria nos muestra que, en el caos de la vida, existe un hilo invisible que nos une a nuestra esencia y a los grandes sue\u00f1os que nos esperan; y nos recuerda que cada dolor, cada ca\u00edda y cada peque\u00f1o triunfo son parte de un plan perfecto para nuestro despertar.<\/p>\n","protected":false},"excerpt":{"rendered":"<p class=\"p1\">ISBN: 9788410890978<\/p>\n<p class=\"p1\">SINOPSIS<\/p>\n<p>Ana Victoria ha pasado gran parte de su vida buscando algo que parece siempre escap\u00e1rsele. Ha cruzado desiertos de incertidumbre y nadado en mares de emociones turbulentas, siempre buscando esa luz que promet\u00eda guiarla hacia un horizonte de paz.<br \/>\nSu traves\u00eda la lleva por paisajes donde el viento susurra secretos antiguos y las estrellas parecen alinearse para contarle una historia olvidada. Es en ese silencio c\u00f3smico, en la quietud de la noche, donde ella descubre que las respuestas no est\u00e1n en el horizonte, sino en el eco de su propio coraz\u00f3n.<br \/>\nPaseando por ciudades abarrotadas o playas paradisiacas de una isla lejana, la autora nos gu\u00eda en su proceso de sanaci\u00f3n, compartiendo sus descubrimientos sobre las conexiones invisibles que moldean nuestras vidas y el poder de transformar nuestros sue\u00f1os en realidad, incluso cuando parecen ut\u00f3picos.<br \/>\nEste libro es una invitaci\u00f3n para todas aquellas que alguna vez se hayan sentido perdidas o rotas. Ana Victoria nos muestra que, en el caos de la vida, existe un hilo invisible que nos une a nuestra esencia y a los grandes sue\u00f1os que nos esperan; y nos recuerda que cada dolor, cada ca\u00edda y cada peque\u00f1o triunfo son parte de un plan perfecto para nuestro despertar.<\/p>\n","protected":false},"featured_media":107116,"comment_status":"open","ping_status":"closed","template":"","meta":{"_acf_changed":false},"libro":[],"product_brand":[],"product_cat":[18],"product_tag":[],"class_list":{"0":"post-107113","1":"product","2":"type-product","3":"status-publish","4":"has-post-thumbnail","6":"product_cat-autoayuda","8":"first","9":"instock","10":"shipping-taxable","11":"product-type-simple"},"acf":{"autor":[107114],"enlace_de_compra":"https:\/\/amzn.to\/4hblJ3L"},"yoast_head":"<!-- This site is optimized with the Yoast SEO plugin v27.4 - https:\/\/yoast.com\/product\/yoast-seo-wordpress\/ -->\n<title>En sincron\u00eda - Catalogo | Letrame Grupo Editorial<\/title>\n<meta name=\"robots\" content=\"index, follow, max-snippet:-1, max-image-preview:large, max-video-preview:-1\" \/>\n<link rel=\"canonical\" href=\"https:\/\/letrame.com\/catalogo\/producto\/en-sincronia\/\" \/>\n<meta property=\"og:locale\" content=\"es_ES\" \/>\n<meta property=\"og:type\" content=\"article\" \/>\n<meta property=\"og:title\" content=\"En sincron\u00eda - Catalogo | Letrame Grupo Editorial\" \/>\n<meta property=\"og:description\" content=\"ISBN: 9788410890978 SINOPSIS Ana Victoria ha pasado gran parte de su vida buscando algo que parece siempre escap\u00e1rsele. Ha cruzado desiertos de incertidumbre y nadado en mares de emociones turbulentas, siempre buscando esa luz que promet\u00eda guiarla hacia un horizonte de paz. Su traves\u00eda la lleva por paisajes donde el viento susurra secretos antiguos y las estrellas parecen alinearse para contarle una historia olvidada. Es en ese silencio c\u00f3smico, en la quietud de la noche, donde ella descubre que las respuestas no est\u00e1n en el horizonte, sino en el eco de su propio coraz\u00f3n. Paseando por ciudades abarrotadas o playas paradisiacas de una isla lejana, la autora nos gu\u00eda en su proceso de sanaci\u00f3n, compartiendo sus descubrimientos sobre las conexiones invisibles que moldean nuestras vidas y el poder de transformar nuestros sue\u00f1os en realidad, incluso cuando parecen ut\u00f3picos. Este libro es una invitaci\u00f3n para todas aquellas que alguna vez se hayan sentido perdidas o rotas. Ana Victoria nos muestra que, en el caos de la vida, existe un hilo invisible que nos une a nuestra esencia y a los grandes sue\u00f1os que nos esperan; y nos recuerda que cada dolor, cada ca\u00edda y cada peque\u00f1o triunfo son parte de un plan perfecto para nuestro despertar.\" \/>\n<meta property=\"og:url\" content=\"https:\/\/letrame.com\/catalogo\/producto\/en-sincronia\/\" \/>\n<meta property=\"og:site_name\" content=\"Catalogo | Letrame Grupo Editorial\" \/>\n<meta property=\"article:modified_time\" content=\"2024-10-22T13:47:07+00:00\" \/>\n<meta property=\"og:image\" content=\"https:\/\/letrame.com\/catalogo\/wp-content\/uploads\/2024\/10\/ensincronia_162mmv64-scaled.jpg\" \/>\n\t<meta property=\"og:image:width\" content=\"1746\" \/>\n\t<meta property=\"og:image:height\" content=\"2560\" \/>\n\t<meta property=\"og:image:type\" content=\"image\/jpeg\" \/>\n<meta name=\"twitter:card\" content=\"summary_large_image\" \/>\n<meta name=\"twitter:label1\" content=\"Tiempo de lectura\" \/>\n\t<meta name=\"twitter:data1\" content=\"2 minutos\" \/>\n<script type=\"application\/ld+json\" class=\"yoast-schema-graph\">{\"@context\":\"https:\\\/\\\/schema.org\",\"@graph\":[{\"@type\":\"WebPage\",\"@id\":\"https:\\\/\\\/letrame.com\\\/catalogo\\\/producto\\\/en-sincronia\\\/\",\"url\":\"https:\\\/\\\/letrame.com\\\/catalogo\\\/producto\\\/en-sincronia\\\/\",\"name\":\"En sincron\u00eda - Catalogo | Letrame Grupo Editorial\",\"isPartOf\":{\"@id\":\"https:\\\/\\\/letrame.com\\\/catalogo\\\/#website\"},\"primaryImageOfPage\":{\"@id\":\"https:\\\/\\\/letrame.com\\\/catalogo\\\/producto\\\/en-sincronia\\\/#primaryimage\"},\"image\":{\"@id\":\"https:\\\/\\\/letrame.com\\\/catalogo\\\/producto\\\/en-sincronia\\\/#primaryimage\"},\"thumbnailUrl\":\"https:\\\/\\\/letrame.com\\\/catalogo\\\/wp-content\\\/uploads\\\/2024\\\/10\\\/ensincronia_162mmv64-scaled.jpg\",\"datePublished\":\"2024-10-22T13:45:32+00:00\",\"dateModified\":\"2024-10-22T13:47:07+00:00\",\"breadcrumb\":{\"@id\":\"https:\\\/\\\/letrame.com\\\/catalogo\\\/producto\\\/en-sincronia\\\/#breadcrumb\"},\"inLanguage\":\"es\",\"potentialAction\":[{\"@type\":\"ReadAction\",\"target\":[\"https:\\\/\\\/letrame.com\\\/catalogo\\\/producto\\\/en-sincronia\\\/\"]}]},{\"@type\":\"ImageObject\",\"inLanguage\":\"es\",\"@id\":\"https:\\\/\\\/letrame.com\\\/catalogo\\\/producto\\\/en-sincronia\\\/#primaryimage\",\"url\":\"https:\\\/\\\/letrame.com\\\/catalogo\\\/wp-content\\\/uploads\\\/2024\\\/10\\\/ensincronia_162mmv64-scaled.jpg\",\"contentUrl\":\"https:\\\/\\\/letrame.com\\\/catalogo\\\/wp-content\\\/uploads\\\/2024\\\/10\\\/ensincronia_162mmv64-scaled.jpg\",\"width\":1746,\"height\":2560},{\"@type\":\"BreadcrumbList\",\"@id\":\"https:\\\/\\\/letrame.com\\\/catalogo\\\/producto\\\/en-sincronia\\\/#breadcrumb\",\"itemListElement\":[{\"@type\":\"ListItem\",\"position\":1,\"name\":\"Portada\",\"item\":\"https:\\\/\\\/letrame.com\\\/catalogo\\\/\"},{\"@type\":\"ListItem\",\"position\":2,\"name\":\"Cat\u00e1logo\",\"item\":\"https:\\\/\\\/letrame.com\\\/catalogo\\\/\"},{\"@type\":\"ListItem\",\"position\":3,\"name\":\"En sincron\u00eda\"}]},{\"@type\":\"WebSite\",\"@id\":\"https:\\\/\\\/letrame.com\\\/catalogo\\\/#website\",\"url\":\"https:\\\/\\\/letrame.com\\\/catalogo\\\/\",\"name\":\"Catalogo | Letrame Grupo Editorial\",\"description\":\"\",\"publisher\":{\"@id\":\"https:\\\/\\\/letrame.com\\\/catalogo\\\/#organization\"},\"potentialAction\":[{\"@type\":\"SearchAction\",\"target\":{\"@type\":\"EntryPoint\",\"urlTemplate\":\"https:\\\/\\\/letrame.com\\\/catalogo\\\/?s={search_term_string}\"},\"query-input\":{\"@type\":\"PropertyValueSpecification\",\"valueRequired\":true,\"valueName\":\"search_term_string\"}}],\"inLanguage\":\"es\"},{\"@type\":\"Organization\",\"@id\":\"https:\\\/\\\/letrame.com\\\/catalogo\\\/#organization\",\"name\":\"Catalogo | Letrame Grupo Editorial\",\"url\":\"https:\\\/\\\/letrame.com\\\/catalogo\\\/\",\"logo\":{\"@type\":\"ImageObject\",\"inLanguage\":\"es\",\"@id\":\"https:\\\/\\\/letrame.com\\\/catalogo\\\/#\\\/schema\\\/logo\\\/image\\\/\",\"url\":\"https:\\\/\\\/letrame.com\\\/catalogo\\\/wp-content\\\/uploads\\\/2024\\\/03\\\/logo2.webp\",\"contentUrl\":\"https:\\\/\\\/letrame.com\\\/catalogo\\\/wp-content\\\/uploads\\\/2024\\\/03\\\/logo2.webp\",\"width\":394,\"height\":128,\"caption\":\"Catalogo | Letrame Grupo Editorial\"},\"image\":{\"@id\":\"https:\\\/\\\/letrame.com\\\/catalogo\\\/#\\\/schema\\\/logo\\\/image\\\/\"}}]}<\/script>\n<!-- \/ Yoast SEO plugin. -->","yoast_head_json":{"title":"En sincron\u00eda - Catalogo | Letrame Grupo Editorial","robots":{"index":"index","follow":"follow","max-snippet":"max-snippet:-1","max-image-preview":"max-image-preview:large","max-video-preview":"max-video-preview:-1"},"canonical":"https:\/\/letrame.com\/catalogo\/producto\/en-sincronia\/","og_locale":"es_ES","og_type":"article","og_title":"En sincron\u00eda - Catalogo | Letrame Grupo Editorial","og_description":"ISBN: 9788410890978 SINOPSIS Ana Victoria ha pasado gran parte de su vida buscando algo que parece siempre escap\u00e1rsele. Ha cruzado desiertos de incertidumbre y nadado en mares de emociones turbulentas, siempre buscando esa luz que promet\u00eda guiarla hacia un horizonte de paz. Su traves\u00eda la lleva por paisajes donde el viento susurra secretos antiguos y las estrellas parecen alinearse para contarle una historia olvidada. Es en ese silencio c\u00f3smico, en la quietud de la noche, donde ella descubre que las respuestas no est\u00e1n en el horizonte, sino en el eco de su propio coraz\u00f3n. Paseando por ciudades abarrotadas o playas paradisiacas de una isla lejana, la autora nos gu\u00eda en su proceso de sanaci\u00f3n, compartiendo sus descubrimientos sobre las conexiones invisibles que moldean nuestras vidas y el poder de transformar nuestros sue\u00f1os en realidad, incluso cuando parecen ut\u00f3picos. Este libro es una invitaci\u00f3n para todas aquellas que alguna vez se hayan sentido perdidas o rotas. Ana Victoria nos muestra que, en el caos de la vida, existe un hilo invisible que nos une a nuestra esencia y a los grandes sue\u00f1os que nos esperan; y nos recuerda que cada dolor, cada ca\u00edda y cada peque\u00f1o triunfo son parte de un plan perfecto para nuestro despertar.","og_url":"https:\/\/letrame.com\/catalogo\/producto\/en-sincronia\/","og_site_name":"Catalogo | Letrame Grupo Editorial","article_modified_time":"2024-10-22T13:47:07+00:00","og_image":[{"width":1746,"height":2560,"url":"https:\/\/letrame.com\/catalogo\/wp-content\/uploads\/2024\/10\/ensincronia_162mmv64-scaled.jpg","type":"image\/jpeg"}],"twitter_card":"summary_large_image","twitter_misc":{"Tiempo de lectura":"2 minutos"},"schema":{"@context":"https:\/\/schema.org","@graph":[{"@type":"WebPage","@id":"https:\/\/letrame.com\/catalogo\/producto\/en-sincronia\/","url":"https:\/\/letrame.com\/catalogo\/producto\/en-sincronia\/","name":"En sincron\u00eda - Catalogo | Letrame Grupo Editorial","isPartOf":{"@id":"https:\/\/letrame.com\/catalogo\/#website"},"primaryImageOfPage":{"@id":"https:\/\/letrame.com\/catalogo\/producto\/en-sincronia\/#primaryimage"},"image":{"@id":"https:\/\/letrame.com\/catalogo\/producto\/en-sincronia\/#primaryimage"},"thumbnailUrl":"https:\/\/letrame.com\/catalogo\/wp-content\/uploads\/2024\/10\/ensincronia_162mmv64-scaled.jpg","datePublished":"2024-10-22T13:45:32+00:00","dateModified":"2024-10-22T13:47:07+00:00","breadcrumb":{"@id":"https:\/\/letrame.com\/catalogo\/producto\/en-sincronia\/#breadcrumb"},"inLanguage":"es","potentialAction":[{"@type":"ReadAction","target":["https:\/\/letrame.com\/catalogo\/producto\/en-sincronia\/"]}]},{"@type":"ImageObject","inLanguage":"es","@id":"https:\/\/letrame.com\/catalogo\/producto\/en-sincronia\/#primaryimage","url":"https:\/\/letrame.com\/catalogo\/wp-content\/uploads\/2024\/10\/ensincronia_162mmv64-scaled.jpg","contentUrl":"https:\/\/letrame.com\/catalogo\/wp-content\/uploads\/2024\/10\/ensincronia_162mmv64-scaled.jpg","width":1746,"height":2560},{"@type":"BreadcrumbList","@id":"https:\/\/letrame.com\/catalogo\/producto\/en-sincronia\/#breadcrumb","itemListElement":[{"@type":"ListItem","position":1,"name":"Portada","item":"https:\/\/letrame.com\/catalogo\/"},{"@type":"ListItem","position":2,"name":"Cat\u00e1logo","item":"https:\/\/letrame.com\/catalogo\/"},{"@type":"ListItem","position":3,"name":"En sincron\u00eda"}]},{"@type":"WebSite","@id":"https:\/\/letrame.com\/catalogo\/#website","url":"https:\/\/letrame.com\/catalogo\/","name":"Catalogo | Letrame Grupo Editorial","description":"","publisher":{"@id":"https:\/\/letrame.com\/catalogo\/#organization"},"potentialAction":[{"@type":"SearchAction","target":{"@type":"EntryPoint","urlTemplate":"https:\/\/letrame.com\/catalogo\/?s={search_term_string}"},"query-input":{"@type":"PropertyValueSpecification","valueRequired":true,"valueName":"search_term_string"}}],"inLanguage":"es"},{"@type":"Organization","@id":"https:\/\/letrame.com\/catalogo\/#organization","name":"Catalogo | Letrame Grupo Editorial","url":"https:\/\/letrame.com\/catalogo\/","logo":{"@type":"ImageObject","inLanguage":"es","@id":"https:\/\/letrame.com\/catalogo\/#\/schema\/logo\/image\/","url":"https:\/\/letrame.com\/catalogo\/wp-content\/uploads\/2024\/03\/logo2.webp","contentUrl":"https:\/\/letrame.com\/catalogo\/wp-content\/uploads\/2024\/03\/logo2.webp","width":394,"height":128,"caption":"Catalogo | Letrame Grupo Editorial"},"image":{"@id":"https:\/\/letrame.com\/catalogo\/#\/schema\/logo\/image\/"}}]}},"_links":{"self":[{"href":"https:\/\/letrame.com\/catalogo\/wp-json\/wp\/v2\/product\/107113","targetHints":{"allow":["GET"]}}],"collection":[{"href":"https:\/\/letrame.com\/catalogo\/wp-json\/wp\/v2\/product"}],"about":[{"href":"https:\/\/letrame.com\/catalogo\/wp-json\/wp\/v2\/types\/product"}],"replies":[{"embeddable":true,"href":"https:\/\/letrame.com\/catalogo\/wp-json\/wp\/v2\/comments?post=107113"}],"acf:post":[{"embeddable":true,"href":"https:\/\/letrame.com\/catalogo\/wp-json\/wp\/v2\/author_book\/107114"}],"wp:featuredmedia":[{"embeddable":true,"href":"https:\/\/letrame.com\/catalogo\/wp-json\/wp\/v2\/media\/107116"}],"wp:attachment":[{"href":"https:\/\/letrame.com\/catalogo\/wp-json\/wp\/v2\/media?parent=107113"}],"wp:term":[{"taxonomy":"libro","embeddable":true,"href":"https:\/\/letrame.com\/catalogo\/wp-json\/wp\/v2\/libro?post=107113"},{"taxonomy":"product_brand","embeddable":true,"href":"https:\/\/letrame.com\/catalogo\/wp-json\/wp\/v2\/product_brand?post=107113"},{"taxonomy":"product_cat","embeddable":true,"href":"https:\/\/letrame.com\/catalogo\/wp-json\/wp\/v2\/product_cat?post=107113"},{"taxonomy":"product_tag","embeddable":true,"href":"https:\/\/letrame.com\/catalogo\/wp-json\/wp\/v2\/product_tag?post=107113"}],"curies":[{"name":"wp","href":"https:\/\/api.w.org\/{rel}","templated":true}]}}