{"id":107096,"date":"2024-10-22T13:09:25","date_gmt":"2024-10-22T11:09:25","guid":{"rendered":"https:\/\/letrame.com\/catalogo\/?post_type=product&#038;p=107096"},"modified":"2024-10-22T13:11:08","modified_gmt":"2024-10-22T11:11:08","slug":"el-consul-de-cartagena","status":"publish","type":"product","link":"https:\/\/letrame.com\/catalogo\/producto\/el-consul-de-cartagena\/","title":{"rendered":"El c\u00f3nsul de Cartagena"},"content":{"rendered":"<p class=\"p1\">ISBN: 9788410890503<\/p>\n<p class=\"p1\">T\u00edtulo: El c\u00f3nsul de Cartagena<br \/>\nFecha: 2024<br \/>\nP\u00e1ginas: 346<\/p>\n<p class=\"p1\">SINOPSIS<\/p>\n<p>El c\u00f3nsul de Cartagena es una mirada profunda y un relato abierto y sincero, acerca de la vida de muchos colombianos, carentes de tanto y perseguidos por los demonios de la soledad. No es una obra con una narrativa lastimera, pues, por el contrario, muestra cada batalla, cada pasi\u00f3n desenfrenada, cada error, cada huella de la vida, necesaria e ineludible, para descubrir al final algo de paz. Roque Indulfo Iglesias C\u00e1rdenas no es m\u00e1s que un retrato de nuestras pesadillas, de las contradicciones de la mente y de c\u00f3mo, sin saber qu\u00e9 queremos, lo queremos tener todo.<br \/>\n\u00abAh\u00ed, en ese punto me fui por el rumbo equivocado, porque por a\u00f1os me alej\u00e9 de todos, perd\u00ed contacto con todos y de todos me fui sin despedirme y sin una raz\u00f3n. Quise crear un mundo nuevo, sin recuerdos -cosa que jam\u00e1s logr\u00e9-, un mundo en el que no tuviera que aplacar tantos rencores -cosa que tard\u00e9 mucho en lograr-, un mundo en el que el amor diera sosiego a mi alma -cosa que solo al final logr\u00e9-, un mundo de paz total -cosa que no existe- y un mundo peque\u00f1o de ser posible, en el que no tuviese que hacerme grande -cosa que iba en contrav\u00eda de lo natural-\u00ab.<\/p>\n","protected":false},"excerpt":{"rendered":"<p class=\"p1\">ISBN: 9788410890503<\/p>\n<p class=\"p1\">SINOPSIS<\/p>\n<p>El c\u00f3nsul de Cartagena es una mirada profunda y un relato abierto y sincero, acerca de la vida de muchos colombianos, carentes de tanto y perseguidos por los demonios de la soledad. No es una obra con una narrativa lastimera, pues, por el contrario, muestra cada batalla, cada pasi\u00f3n desenfrenada, cada error, cada huella de la vida, necesaria e ineludible, para descubrir al final algo de paz. Roque Indulfo Iglesias C\u00e1rdenas no es m\u00e1s que un retrato de nuestras pesadillas, de las contradicciones de la mente y de c\u00f3mo, sin saber qu\u00e9 queremos, lo queremos tener todo.<br \/>\n\u00abAh\u00ed, en ese punto me fui por el rumbo equivocado, porque por a\u00f1os me alej\u00e9 de todos, perd\u00ed contacto con todos y de todos me fui sin despedirme y sin una raz\u00f3n. Quise crear un mundo nuevo, sin recuerdos -cosa que jam\u00e1s logr\u00e9-, un mundo en el que no tuviera que aplacar tantos rencores -cosa que tard\u00e9 mucho en lograr-, un mundo en el que el amor diera sosiego a mi alma -cosa que solo al final logr\u00e9-, un mundo de paz total -cosa que no existe- y un mundo peque\u00f1o de ser posible, en el que no tuviese que hacerme grande -cosa que iba en contrav\u00eda de lo natural-\u00ab.<\/p>\n","protected":false},"featured_media":107099,"comment_status":"open","ping_status":"closed","template":"","meta":{"_acf_changed":false},"libro":[],"product_brand":[],"product_cat":[133],"product_tag":[],"class_list":{"0":"post-107096","1":"product","2":"type-product","3":"status-publish","4":"has-post-thumbnail","6":"product_cat-no-ficcion","8":"first","9":"instock","10":"shipping-taxable","11":"product-type-simple"},"acf":{"autor":[107097],"enlace_de_compra":"https:\/\/amzn.to\/3Yh5MjX"},"yoast_head":"<!-- This site is optimized with the Yoast SEO plugin v27.4 - https:\/\/yoast.com\/product\/yoast-seo-wordpress\/ -->\n<title>El c\u00f3nsul de Cartagena - Catalogo | Letrame Grupo Editorial<\/title>\n<meta name=\"robots\" content=\"index, follow, max-snippet:-1, max-image-preview:large, max-video-preview:-1\" \/>\n<link rel=\"canonical\" href=\"https:\/\/letrame.com\/catalogo\/producto\/el-consul-de-cartagena\/\" \/>\n<meta property=\"og:locale\" content=\"es_ES\" \/>\n<meta property=\"og:type\" content=\"article\" \/>\n<meta property=\"og:title\" content=\"El c\u00f3nsul de Cartagena - Catalogo | Letrame Grupo Editorial\" \/>\n<meta property=\"og:description\" content=\"ISBN: 9788410890503 SINOPSIS El c\u00f3nsul de Cartagena es una mirada profunda y un relato abierto y sincero, acerca de la vida de muchos colombianos, carentes de tanto y perseguidos por los demonios de la soledad. No es una obra con una narrativa lastimera, pues, por el contrario, muestra cada batalla, cada pasi\u00f3n desenfrenada, cada error, cada huella de la vida, necesaria e ineludible, para descubrir al final algo de paz. Roque Indulfo Iglesias C\u00e1rdenas no es m\u00e1s que un retrato de nuestras pesadillas, de las contradicciones de la mente y de c\u00f3mo, sin saber qu\u00e9 queremos, lo queremos tener todo. &quot;Ah\u00ed, en ese punto me fui por el rumbo equivocado, porque por a\u00f1os me alej\u00e9 de todos, perd\u00ed contacto con todos y de todos me fui sin despedirme y sin una raz\u00f3n. Quise crear un mundo nuevo, sin recuerdos -cosa que jam\u00e1s logr\u00e9-, un mundo en el que no tuviera que aplacar tantos rencores -cosa que tard\u00e9 mucho en lograr-, un mundo en el que el amor diera sosiego a mi alma -cosa que solo al final logr\u00e9-, un mundo de paz total -cosa que no existe- y un mundo peque\u00f1o de ser posible, en el que no tuviese que hacerme grande -cosa que iba en contrav\u00eda de lo natural-&quot;.\" \/>\n<meta property=\"og:url\" content=\"https:\/\/letrame.com\/catalogo\/producto\/el-consul-de-cartagena\/\" \/>\n<meta property=\"og:site_name\" content=\"Catalogo | Letrame Grupo Editorial\" \/>\n<meta property=\"article:modified_time\" content=\"2024-10-22T11:11:08+00:00\" \/>\n<meta property=\"og:image\" content=\"https:\/\/letrame.com\/catalogo\/wp-content\/uploads\/2024\/10\/elcanaldecartagena_1813mmv24.jpg\" \/>\n\t<meta property=\"og:image:width\" content=\"1772\" \/>\n\t<meta property=\"og:image:height\" content=\"2480\" \/>\n\t<meta property=\"og:image:type\" content=\"image\/jpeg\" \/>\n<meta name=\"twitter:card\" content=\"summary_large_image\" \/>\n<meta name=\"twitter:label1\" content=\"Tiempo de lectura\" \/>\n\t<meta name=\"twitter:data1\" content=\"2 minutos\" \/>\n<script type=\"application\/ld+json\" class=\"yoast-schema-graph\">{\"@context\":\"https:\\\/\\\/schema.org\",\"@graph\":[{\"@type\":\"WebPage\",\"@id\":\"https:\\\/\\\/letrame.com\\\/catalogo\\\/producto\\\/el-consul-de-cartagena\\\/\",\"url\":\"https:\\\/\\\/letrame.com\\\/catalogo\\\/producto\\\/el-consul-de-cartagena\\\/\",\"name\":\"El c\u00f3nsul de Cartagena - Catalogo | Letrame Grupo Editorial\",\"isPartOf\":{\"@id\":\"https:\\\/\\\/letrame.com\\\/catalogo\\\/#website\"},\"primaryImageOfPage\":{\"@id\":\"https:\\\/\\\/letrame.com\\\/catalogo\\\/producto\\\/el-consul-de-cartagena\\\/#primaryimage\"},\"image\":{\"@id\":\"https:\\\/\\\/letrame.com\\\/catalogo\\\/producto\\\/el-consul-de-cartagena\\\/#primaryimage\"},\"thumbnailUrl\":\"https:\\\/\\\/letrame.com\\\/catalogo\\\/wp-content\\\/uploads\\\/2024\\\/10\\\/elcanaldecartagena_1813mmv24.jpg\",\"datePublished\":\"2024-10-22T11:09:25+00:00\",\"dateModified\":\"2024-10-22T11:11:08+00:00\",\"breadcrumb\":{\"@id\":\"https:\\\/\\\/letrame.com\\\/catalogo\\\/producto\\\/el-consul-de-cartagena\\\/#breadcrumb\"},\"inLanguage\":\"es\",\"potentialAction\":[{\"@type\":\"ReadAction\",\"target\":[\"https:\\\/\\\/letrame.com\\\/catalogo\\\/producto\\\/el-consul-de-cartagena\\\/\"]}]},{\"@type\":\"ImageObject\",\"inLanguage\":\"es\",\"@id\":\"https:\\\/\\\/letrame.com\\\/catalogo\\\/producto\\\/el-consul-de-cartagena\\\/#primaryimage\",\"url\":\"https:\\\/\\\/letrame.com\\\/catalogo\\\/wp-content\\\/uploads\\\/2024\\\/10\\\/elcanaldecartagena_1813mmv24.jpg\",\"contentUrl\":\"https:\\\/\\\/letrame.com\\\/catalogo\\\/wp-content\\\/uploads\\\/2024\\\/10\\\/elcanaldecartagena_1813mmv24.jpg\",\"width\":1772,\"height\":2480},{\"@type\":\"BreadcrumbList\",\"@id\":\"https:\\\/\\\/letrame.com\\\/catalogo\\\/producto\\\/el-consul-de-cartagena\\\/#breadcrumb\",\"itemListElement\":[{\"@type\":\"ListItem\",\"position\":1,\"name\":\"Portada\",\"item\":\"https:\\\/\\\/letrame.com\\\/catalogo\\\/\"},{\"@type\":\"ListItem\",\"position\":2,\"name\":\"Cat\u00e1logo\",\"item\":\"https:\\\/\\\/letrame.com\\\/catalogo\\\/\"},{\"@type\":\"ListItem\",\"position\":3,\"name\":\"El c\u00f3nsul de Cartagena\"}]},{\"@type\":\"WebSite\",\"@id\":\"https:\\\/\\\/letrame.com\\\/catalogo\\\/#website\",\"url\":\"https:\\\/\\\/letrame.com\\\/catalogo\\\/\",\"name\":\"Catalogo | Letrame Grupo Editorial\",\"description\":\"\",\"publisher\":{\"@id\":\"https:\\\/\\\/letrame.com\\\/catalogo\\\/#organization\"},\"potentialAction\":[{\"@type\":\"SearchAction\",\"target\":{\"@type\":\"EntryPoint\",\"urlTemplate\":\"https:\\\/\\\/letrame.com\\\/catalogo\\\/?s={search_term_string}\"},\"query-input\":{\"@type\":\"PropertyValueSpecification\",\"valueRequired\":true,\"valueName\":\"search_term_string\"}}],\"inLanguage\":\"es\"},{\"@type\":\"Organization\",\"@id\":\"https:\\\/\\\/letrame.com\\\/catalogo\\\/#organization\",\"name\":\"Catalogo | Letrame Grupo Editorial\",\"url\":\"https:\\\/\\\/letrame.com\\\/catalogo\\\/\",\"logo\":{\"@type\":\"ImageObject\",\"inLanguage\":\"es\",\"@id\":\"https:\\\/\\\/letrame.com\\\/catalogo\\\/#\\\/schema\\\/logo\\\/image\\\/\",\"url\":\"https:\\\/\\\/letrame.com\\\/catalogo\\\/wp-content\\\/uploads\\\/2024\\\/03\\\/logo2.webp\",\"contentUrl\":\"https:\\\/\\\/letrame.com\\\/catalogo\\\/wp-content\\\/uploads\\\/2024\\\/03\\\/logo2.webp\",\"width\":394,\"height\":128,\"caption\":\"Catalogo | Letrame Grupo Editorial\"},\"image\":{\"@id\":\"https:\\\/\\\/letrame.com\\\/catalogo\\\/#\\\/schema\\\/logo\\\/image\\\/\"}}]}<\/script>\n<!-- \/ Yoast SEO plugin. -->","yoast_head_json":{"title":"El c\u00f3nsul de Cartagena - Catalogo | Letrame Grupo Editorial","robots":{"index":"index","follow":"follow","max-snippet":"max-snippet:-1","max-image-preview":"max-image-preview:large","max-video-preview":"max-video-preview:-1"},"canonical":"https:\/\/letrame.com\/catalogo\/producto\/el-consul-de-cartagena\/","og_locale":"es_ES","og_type":"article","og_title":"El c\u00f3nsul de Cartagena - Catalogo | Letrame Grupo Editorial","og_description":"ISBN: 9788410890503 SINOPSIS El c\u00f3nsul de Cartagena es una mirada profunda y un relato abierto y sincero, acerca de la vida de muchos colombianos, carentes de tanto y perseguidos por los demonios de la soledad. No es una obra con una narrativa lastimera, pues, por el contrario, muestra cada batalla, cada pasi\u00f3n desenfrenada, cada error, cada huella de la vida, necesaria e ineludible, para descubrir al final algo de paz. Roque Indulfo Iglesias C\u00e1rdenas no es m\u00e1s que un retrato de nuestras pesadillas, de las contradicciones de la mente y de c\u00f3mo, sin saber qu\u00e9 queremos, lo queremos tener todo. \"Ah\u00ed, en ese punto me fui por el rumbo equivocado, porque por a\u00f1os me alej\u00e9 de todos, perd\u00ed contacto con todos y de todos me fui sin despedirme y sin una raz\u00f3n. Quise crear un mundo nuevo, sin recuerdos -cosa que jam\u00e1s logr\u00e9-, un mundo en el que no tuviera que aplacar tantos rencores -cosa que tard\u00e9 mucho en lograr-, un mundo en el que el amor diera sosiego a mi alma -cosa que solo al final logr\u00e9-, un mundo de paz total -cosa que no existe- y un mundo peque\u00f1o de ser posible, en el que no tuviese que hacerme grande -cosa que iba en contrav\u00eda de lo natural-\".","og_url":"https:\/\/letrame.com\/catalogo\/producto\/el-consul-de-cartagena\/","og_site_name":"Catalogo | Letrame Grupo Editorial","article_modified_time":"2024-10-22T11:11:08+00:00","og_image":[{"width":1772,"height":2480,"url":"https:\/\/letrame.com\/catalogo\/wp-content\/uploads\/2024\/10\/elcanaldecartagena_1813mmv24.jpg","type":"image\/jpeg"}],"twitter_card":"summary_large_image","twitter_misc":{"Tiempo de lectura":"2 minutos"},"schema":{"@context":"https:\/\/schema.org","@graph":[{"@type":"WebPage","@id":"https:\/\/letrame.com\/catalogo\/producto\/el-consul-de-cartagena\/","url":"https:\/\/letrame.com\/catalogo\/producto\/el-consul-de-cartagena\/","name":"El c\u00f3nsul de Cartagena - Catalogo | Letrame Grupo Editorial","isPartOf":{"@id":"https:\/\/letrame.com\/catalogo\/#website"},"primaryImageOfPage":{"@id":"https:\/\/letrame.com\/catalogo\/producto\/el-consul-de-cartagena\/#primaryimage"},"image":{"@id":"https:\/\/letrame.com\/catalogo\/producto\/el-consul-de-cartagena\/#primaryimage"},"thumbnailUrl":"https:\/\/letrame.com\/catalogo\/wp-content\/uploads\/2024\/10\/elcanaldecartagena_1813mmv24.jpg","datePublished":"2024-10-22T11:09:25+00:00","dateModified":"2024-10-22T11:11:08+00:00","breadcrumb":{"@id":"https:\/\/letrame.com\/catalogo\/producto\/el-consul-de-cartagena\/#breadcrumb"},"inLanguage":"es","potentialAction":[{"@type":"ReadAction","target":["https:\/\/letrame.com\/catalogo\/producto\/el-consul-de-cartagena\/"]}]},{"@type":"ImageObject","inLanguage":"es","@id":"https:\/\/letrame.com\/catalogo\/producto\/el-consul-de-cartagena\/#primaryimage","url":"https:\/\/letrame.com\/catalogo\/wp-content\/uploads\/2024\/10\/elcanaldecartagena_1813mmv24.jpg","contentUrl":"https:\/\/letrame.com\/catalogo\/wp-content\/uploads\/2024\/10\/elcanaldecartagena_1813mmv24.jpg","width":1772,"height":2480},{"@type":"BreadcrumbList","@id":"https:\/\/letrame.com\/catalogo\/producto\/el-consul-de-cartagena\/#breadcrumb","itemListElement":[{"@type":"ListItem","position":1,"name":"Portada","item":"https:\/\/letrame.com\/catalogo\/"},{"@type":"ListItem","position":2,"name":"Cat\u00e1logo","item":"https:\/\/letrame.com\/catalogo\/"},{"@type":"ListItem","position":3,"name":"El c\u00f3nsul de Cartagena"}]},{"@type":"WebSite","@id":"https:\/\/letrame.com\/catalogo\/#website","url":"https:\/\/letrame.com\/catalogo\/","name":"Catalogo | Letrame Grupo Editorial","description":"","publisher":{"@id":"https:\/\/letrame.com\/catalogo\/#organization"},"potentialAction":[{"@type":"SearchAction","target":{"@type":"EntryPoint","urlTemplate":"https:\/\/letrame.com\/catalogo\/?s={search_term_string}"},"query-input":{"@type":"PropertyValueSpecification","valueRequired":true,"valueName":"search_term_string"}}],"inLanguage":"es"},{"@type":"Organization","@id":"https:\/\/letrame.com\/catalogo\/#organization","name":"Catalogo | Letrame Grupo Editorial","url":"https:\/\/letrame.com\/catalogo\/","logo":{"@type":"ImageObject","inLanguage":"es","@id":"https:\/\/letrame.com\/catalogo\/#\/schema\/logo\/image\/","url":"https:\/\/letrame.com\/catalogo\/wp-content\/uploads\/2024\/03\/logo2.webp","contentUrl":"https:\/\/letrame.com\/catalogo\/wp-content\/uploads\/2024\/03\/logo2.webp","width":394,"height":128,"caption":"Catalogo | Letrame Grupo Editorial"},"image":{"@id":"https:\/\/letrame.com\/catalogo\/#\/schema\/logo\/image\/"}}]}},"_links":{"self":[{"href":"https:\/\/letrame.com\/catalogo\/wp-json\/wp\/v2\/product\/107096","targetHints":{"allow":["GET"]}}],"collection":[{"href":"https:\/\/letrame.com\/catalogo\/wp-json\/wp\/v2\/product"}],"about":[{"href":"https:\/\/letrame.com\/catalogo\/wp-json\/wp\/v2\/types\/product"}],"replies":[{"embeddable":true,"href":"https:\/\/letrame.com\/catalogo\/wp-json\/wp\/v2\/comments?post=107096"}],"acf:post":[{"embeddable":true,"href":"https:\/\/letrame.com\/catalogo\/wp-json\/wp\/v2\/author_book\/107097"}],"wp:featuredmedia":[{"embeddable":true,"href":"https:\/\/letrame.com\/catalogo\/wp-json\/wp\/v2\/media\/107099"}],"wp:attachment":[{"href":"https:\/\/letrame.com\/catalogo\/wp-json\/wp\/v2\/media?parent=107096"}],"wp:term":[{"taxonomy":"libro","embeddable":true,"href":"https:\/\/letrame.com\/catalogo\/wp-json\/wp\/v2\/libro?post=107096"},{"taxonomy":"product_brand","embeddable":true,"href":"https:\/\/letrame.com\/catalogo\/wp-json\/wp\/v2\/product_brand?post=107096"},{"taxonomy":"product_cat","embeddable":true,"href":"https:\/\/letrame.com\/catalogo\/wp-json\/wp\/v2\/product_cat?post=107096"},{"taxonomy":"product_tag","embeddable":true,"href":"https:\/\/letrame.com\/catalogo\/wp-json\/wp\/v2\/product_tag?post=107096"}],"curies":[{"name":"wp","href":"https:\/\/api.w.org\/{rel}","templated":true}]}}