{"id":107086,"date":"2024-10-21T16:29:29","date_gmt":"2024-10-21T14:29:29","guid":{"rendered":"https:\/\/letrame.com\/catalogo\/?post_type=product&#038;p=107086"},"modified":"2024-10-21T16:29:30","modified_gmt":"2024-10-21T14:29:30","slug":"susurros-en-la-noche","status":"publish","type":"product","link":"https:\/\/letrame.com\/catalogo\/producto\/susurros-en-la-noche\/","title":{"rendered":"Susurros en la noche"},"content":{"rendered":"<p class=\"p1\">ISBN: 9788410890596<\/p>\n<p class=\"p1\">T\u00edtulo: Susurros en la noche<br \/>\nFecha: 2024<br \/>\nP\u00e1ginas: 318<\/p>\n<p class=\"p1\">SINOPSIS<\/p>\n<p>\u00abDe nuevo con vosotros, mis queridos pajarracos nocturnos, ya se\u00e1is mochuelos de atigrado plumaje, lechuzas de penetrantes ojos, cuervos de negro y tornasolado abrigo o cualquier otra especie nocturna de la que me siento orgulloso de formar parte, una tribu nacida para bebernos las tinieblas\u00bb.<br \/>\nLa voz aterciopelada de Gabriel rompe la noche todos los d\u00edas para hablarle a los impenitentes noct\u00e1mbulos de libros y escritores, glosas y comentarios, frases y sentencias arropadas por su m\u00fasica preferida. Susurros en la noche se ha convertido en el programa estrella de la madrugada.<br \/>\nGabriel conoce a Julia, una periodista arrojada que lo convence para que en su programa revele un proyecto turbio y violento que pretende desahuciar a los vecinos de una barriada pobre para construir un complejo de lujo. Una denuncia que les acarrear\u00e1 no pocos problemas y peligros.<br \/>\nLibros, poemas, p\u00e1rrafos escogidos, escritores sublimes y sus vivencias, canciones m\u00edticas, m\u00fasicos extraordinarios\u2026 Susurros en la noche.<\/p>\n","protected":false},"excerpt":{"rendered":"<p class=\"p1\">ISBN: 9788410890596<\/p>\n<p class=\"p1\">SINOPSIS<\/p>\n<p>\u00abDe nuevo con vosotros, mis queridos pajarracos nocturnos, ya se\u00e1is mochuelos de atigrado plumaje, lechuzas de penetrantes ojos, cuervos de negro y tornasolado abrigo o cualquier otra especie nocturna de la que me siento orgulloso de formar parte, una tribu nacida para bebernos las tinieblas\u00bb.<br \/>\nLa voz aterciopelada de Gabriel rompe la noche todos los d\u00edas para hablarle a los impenitentes noct\u00e1mbulos de libros y escritores, glosas y comentarios, frases y sentencias arropadas por su m\u00fasica preferida. Susurros en la noche se ha convertido en el programa estrella de la madrugada.<br \/>\nGabriel conoce a Julia, una periodista arrojada que lo convence para que en su programa revele un proyecto turbio y violento que pretende desahuciar a los vecinos de una barriada pobre para construir un complejo de lujo. Una denuncia que les acarrear\u00e1 no pocos problemas y peligros.<br \/>\nLibros, poemas, p\u00e1rrafos escogidos, escritores sublimes y sus vivencias, canciones m\u00edticas, m\u00fasicos extraordinarios\u2026 Susurros en la noche.<\/p>\n","protected":false},"featured_media":107089,"comment_status":"open","ping_status":"closed","template":"","meta":{"_acf_changed":false},"libro":[],"product_brand":[],"product_cat":[16],"product_tag":[],"class_list":{"0":"post-107086","1":"product","2":"type-product","3":"status-publish","4":"has-post-thumbnail","6":"product_cat-novela","8":"first","9":"instock","10":"shipping-taxable","11":"product-type-simple"},"acf":{"autor":[100780],"enlace_de_compra":"https:\/\/amzn.to\/3UdoYhu"},"yoast_head":"<!-- This site is optimized with the Yoast SEO plugin v26.6 - https:\/\/yoast.com\/wordpress\/plugins\/seo\/ -->\n<title>Susurros en la noche - Catalogo | Letrame Grupo Editorial<\/title>\n<meta name=\"robots\" content=\"index, follow, max-snippet:-1, max-image-preview:large, max-video-preview:-1\" \/>\n<link rel=\"canonical\" href=\"https:\/\/letrame.com\/catalogo\/producto\/susurros-en-la-noche\/\" \/>\n<meta property=\"og:locale\" content=\"es_ES\" \/>\n<meta property=\"og:type\" content=\"article\" \/>\n<meta property=\"og:title\" content=\"Susurros en la noche - Catalogo | Letrame Grupo Editorial\" \/>\n<meta property=\"og:description\" content=\"ISBN: 9788410890596 SINOPSIS &quot;De nuevo con vosotros, mis queridos pajarracos nocturnos, ya se\u00e1is mochuelos de atigrado plumaje, lechuzas de penetrantes ojos, cuervos de negro y tornasolado abrigo o cualquier otra especie nocturna de la que me siento orgulloso de formar parte, una tribu nacida para bebernos las tinieblas&quot;. La voz aterciopelada de Gabriel rompe la noche todos los d\u00edas para hablarle a los impenitentes noct\u00e1mbulos de libros y escritores, glosas y comentarios, frases y sentencias arropadas por su m\u00fasica preferida. Susurros en la noche se ha convertido en el programa estrella de la madrugada. Gabriel conoce a Julia, una periodista arrojada que lo convence para que en su programa revele un proyecto turbio y violento que pretende desahuciar a los vecinos de una barriada pobre para construir un complejo de lujo. Una denuncia que les acarrear\u00e1 no pocos problemas y peligros. Libros, poemas, p\u00e1rrafos escogidos, escritores sublimes y sus vivencias, canciones m\u00edticas, m\u00fasicos extraordinarios\u2026 Susurros en la noche.\" \/>\n<meta property=\"og:url\" content=\"https:\/\/letrame.com\/catalogo\/producto\/susurros-en-la-noche\/\" \/>\n<meta property=\"og:site_name\" content=\"Catalogo | Letrame Grupo Editorial\" \/>\n<meta property=\"article:modified_time\" content=\"2024-10-21T14:29:30+00:00\" \/>\n<meta property=\"og:image\" content=\"https:\/\/letrame.com\/catalogo\/wp-content\/uploads\/2024\/10\/susurrosdelanoche_191mmv34.jpg\" \/>\n\t<meta property=\"og:image:width\" content=\"1772\" \/>\n\t<meta property=\"og:image:height\" content=\"2480\" \/>\n\t<meta property=\"og:image:type\" content=\"image\/jpeg\" \/>\n<meta name=\"twitter:card\" content=\"summary_large_image\" \/>\n<meta name=\"twitter:label1\" content=\"Tiempo de lectura\" \/>\n\t<meta name=\"twitter:data1\" content=\"1 minuto\" \/>\n<script type=\"application\/ld+json\" class=\"yoast-schema-graph\">{\"@context\":\"https:\/\/schema.org\",\"@graph\":[{\"@type\":\"WebPage\",\"@id\":\"https:\/\/letrame.com\/catalogo\/producto\/susurros-en-la-noche\/\",\"url\":\"https:\/\/letrame.com\/catalogo\/producto\/susurros-en-la-noche\/\",\"name\":\"Susurros en la noche - Catalogo | Letrame Grupo Editorial\",\"isPartOf\":{\"@id\":\"https:\/\/letrame.com\/catalogo\/#website\"},\"primaryImageOfPage\":{\"@id\":\"https:\/\/letrame.com\/catalogo\/producto\/susurros-en-la-noche\/#primaryimage\"},\"image\":{\"@id\":\"https:\/\/letrame.com\/catalogo\/producto\/susurros-en-la-noche\/#primaryimage\"},\"thumbnailUrl\":\"https:\/\/letrame.com\/catalogo\/wp-content\/uploads\/2024\/10\/susurrosdelanoche_191mmv34.jpg\",\"datePublished\":\"2024-10-21T14:29:29+00:00\",\"dateModified\":\"2024-10-21T14:29:30+00:00\",\"breadcrumb\":{\"@id\":\"https:\/\/letrame.com\/catalogo\/producto\/susurros-en-la-noche\/#breadcrumb\"},\"inLanguage\":\"es\",\"potentialAction\":[{\"@type\":\"ReadAction\",\"target\":[\"https:\/\/letrame.com\/catalogo\/producto\/susurros-en-la-noche\/\"]}]},{\"@type\":\"ImageObject\",\"inLanguage\":\"es\",\"@id\":\"https:\/\/letrame.com\/catalogo\/producto\/susurros-en-la-noche\/#primaryimage\",\"url\":\"https:\/\/letrame.com\/catalogo\/wp-content\/uploads\/2024\/10\/susurrosdelanoche_191mmv34.jpg\",\"contentUrl\":\"https:\/\/letrame.com\/catalogo\/wp-content\/uploads\/2024\/10\/susurrosdelanoche_191mmv34.jpg\",\"width\":1772,\"height\":2480},{\"@type\":\"BreadcrumbList\",\"@id\":\"https:\/\/letrame.com\/catalogo\/producto\/susurros-en-la-noche\/#breadcrumb\",\"itemListElement\":[{\"@type\":\"ListItem\",\"position\":1,\"name\":\"Portada\",\"item\":\"https:\/\/letrame.com\/catalogo\/\"},{\"@type\":\"ListItem\",\"position\":2,\"name\":\"Cat\u00e1logo\",\"item\":\"https:\/\/letrame.com\/catalogo\/\"},{\"@type\":\"ListItem\",\"position\":3,\"name\":\"Susurros en la noche\"}]},{\"@type\":\"WebSite\",\"@id\":\"https:\/\/letrame.com\/catalogo\/#website\",\"url\":\"https:\/\/letrame.com\/catalogo\/\",\"name\":\"Catalogo | Letrame Grupo Editorial\",\"description\":\"\",\"publisher\":{\"@id\":\"https:\/\/letrame.com\/catalogo\/#organization\"},\"potentialAction\":[{\"@type\":\"SearchAction\",\"target\":{\"@type\":\"EntryPoint\",\"urlTemplate\":\"https:\/\/letrame.com\/catalogo\/?s={search_term_string}\"},\"query-input\":{\"@type\":\"PropertyValueSpecification\",\"valueRequired\":true,\"valueName\":\"search_term_string\"}}],\"inLanguage\":\"es\"},{\"@type\":\"Organization\",\"@id\":\"https:\/\/letrame.com\/catalogo\/#organization\",\"name\":\"Catalogo | Letrame Grupo Editorial\",\"url\":\"https:\/\/letrame.com\/catalogo\/\",\"logo\":{\"@type\":\"ImageObject\",\"inLanguage\":\"es\",\"@id\":\"https:\/\/letrame.com\/catalogo\/#\/schema\/logo\/image\/\",\"url\":\"https:\/\/letrame.com\/catalogo\/wp-content\/uploads\/2024\/03\/logo2.webp\",\"contentUrl\":\"https:\/\/letrame.com\/catalogo\/wp-content\/uploads\/2024\/03\/logo2.webp\",\"width\":394,\"height\":128,\"caption\":\"Catalogo | Letrame Grupo Editorial\"},\"image\":{\"@id\":\"https:\/\/letrame.com\/catalogo\/#\/schema\/logo\/image\/\"}}]}<\/script>\n<!-- \/ Yoast SEO plugin. -->","yoast_head_json":{"title":"Susurros en la noche - Catalogo | Letrame Grupo Editorial","robots":{"index":"index","follow":"follow","max-snippet":"max-snippet:-1","max-image-preview":"max-image-preview:large","max-video-preview":"max-video-preview:-1"},"canonical":"https:\/\/letrame.com\/catalogo\/producto\/susurros-en-la-noche\/","og_locale":"es_ES","og_type":"article","og_title":"Susurros en la noche - Catalogo | Letrame Grupo Editorial","og_description":"ISBN: 9788410890596 SINOPSIS \"De nuevo con vosotros, mis queridos pajarracos nocturnos, ya se\u00e1is mochuelos de atigrado plumaje, lechuzas de penetrantes ojos, cuervos de negro y tornasolado abrigo o cualquier otra especie nocturna de la que me siento orgulloso de formar parte, una tribu nacida para bebernos las tinieblas\". La voz aterciopelada de Gabriel rompe la noche todos los d\u00edas para hablarle a los impenitentes noct\u00e1mbulos de libros y escritores, glosas y comentarios, frases y sentencias arropadas por su m\u00fasica preferida. Susurros en la noche se ha convertido en el programa estrella de la madrugada. Gabriel conoce a Julia, una periodista arrojada que lo convence para que en su programa revele un proyecto turbio y violento que pretende desahuciar a los vecinos de una barriada pobre para construir un complejo de lujo. Una denuncia que les acarrear\u00e1 no pocos problemas y peligros. Libros, poemas, p\u00e1rrafos escogidos, escritores sublimes y sus vivencias, canciones m\u00edticas, m\u00fasicos extraordinarios\u2026 Susurros en la noche.","og_url":"https:\/\/letrame.com\/catalogo\/producto\/susurros-en-la-noche\/","og_site_name":"Catalogo | Letrame Grupo Editorial","article_modified_time":"2024-10-21T14:29:30+00:00","og_image":[{"width":1772,"height":2480,"url":"https:\/\/letrame.com\/catalogo\/wp-content\/uploads\/2024\/10\/susurrosdelanoche_191mmv34.jpg","type":"image\/jpeg"}],"twitter_card":"summary_large_image","twitter_misc":{"Tiempo de lectura":"1 minuto"},"schema":{"@context":"https:\/\/schema.org","@graph":[{"@type":"WebPage","@id":"https:\/\/letrame.com\/catalogo\/producto\/susurros-en-la-noche\/","url":"https:\/\/letrame.com\/catalogo\/producto\/susurros-en-la-noche\/","name":"Susurros en la noche - Catalogo | Letrame Grupo Editorial","isPartOf":{"@id":"https:\/\/letrame.com\/catalogo\/#website"},"primaryImageOfPage":{"@id":"https:\/\/letrame.com\/catalogo\/producto\/susurros-en-la-noche\/#primaryimage"},"image":{"@id":"https:\/\/letrame.com\/catalogo\/producto\/susurros-en-la-noche\/#primaryimage"},"thumbnailUrl":"https:\/\/letrame.com\/catalogo\/wp-content\/uploads\/2024\/10\/susurrosdelanoche_191mmv34.jpg","datePublished":"2024-10-21T14:29:29+00:00","dateModified":"2024-10-21T14:29:30+00:00","breadcrumb":{"@id":"https:\/\/letrame.com\/catalogo\/producto\/susurros-en-la-noche\/#breadcrumb"},"inLanguage":"es","potentialAction":[{"@type":"ReadAction","target":["https:\/\/letrame.com\/catalogo\/producto\/susurros-en-la-noche\/"]}]},{"@type":"ImageObject","inLanguage":"es","@id":"https:\/\/letrame.com\/catalogo\/producto\/susurros-en-la-noche\/#primaryimage","url":"https:\/\/letrame.com\/catalogo\/wp-content\/uploads\/2024\/10\/susurrosdelanoche_191mmv34.jpg","contentUrl":"https:\/\/letrame.com\/catalogo\/wp-content\/uploads\/2024\/10\/susurrosdelanoche_191mmv34.jpg","width":1772,"height":2480},{"@type":"BreadcrumbList","@id":"https:\/\/letrame.com\/catalogo\/producto\/susurros-en-la-noche\/#breadcrumb","itemListElement":[{"@type":"ListItem","position":1,"name":"Portada","item":"https:\/\/letrame.com\/catalogo\/"},{"@type":"ListItem","position":2,"name":"Cat\u00e1logo","item":"https:\/\/letrame.com\/catalogo\/"},{"@type":"ListItem","position":3,"name":"Susurros en la noche"}]},{"@type":"WebSite","@id":"https:\/\/letrame.com\/catalogo\/#website","url":"https:\/\/letrame.com\/catalogo\/","name":"Catalogo | Letrame Grupo Editorial","description":"","publisher":{"@id":"https:\/\/letrame.com\/catalogo\/#organization"},"potentialAction":[{"@type":"SearchAction","target":{"@type":"EntryPoint","urlTemplate":"https:\/\/letrame.com\/catalogo\/?s={search_term_string}"},"query-input":{"@type":"PropertyValueSpecification","valueRequired":true,"valueName":"search_term_string"}}],"inLanguage":"es"},{"@type":"Organization","@id":"https:\/\/letrame.com\/catalogo\/#organization","name":"Catalogo | Letrame Grupo Editorial","url":"https:\/\/letrame.com\/catalogo\/","logo":{"@type":"ImageObject","inLanguage":"es","@id":"https:\/\/letrame.com\/catalogo\/#\/schema\/logo\/image\/","url":"https:\/\/letrame.com\/catalogo\/wp-content\/uploads\/2024\/03\/logo2.webp","contentUrl":"https:\/\/letrame.com\/catalogo\/wp-content\/uploads\/2024\/03\/logo2.webp","width":394,"height":128,"caption":"Catalogo | Letrame Grupo Editorial"},"image":{"@id":"https:\/\/letrame.com\/catalogo\/#\/schema\/logo\/image\/"}}]}},"_links":{"self":[{"href":"https:\/\/letrame.com\/catalogo\/wp-json\/wp\/v2\/product\/107086","targetHints":{"allow":["GET"]}}],"collection":[{"href":"https:\/\/letrame.com\/catalogo\/wp-json\/wp\/v2\/product"}],"about":[{"href":"https:\/\/letrame.com\/catalogo\/wp-json\/wp\/v2\/types\/product"}],"replies":[{"embeddable":true,"href":"https:\/\/letrame.com\/catalogo\/wp-json\/wp\/v2\/comments?post=107086"}],"acf:post":[{"embeddable":true,"href":"https:\/\/letrame.com\/catalogo\/wp-json\/wp\/v2\/author_book\/100780"}],"wp:featuredmedia":[{"embeddable":true,"href":"https:\/\/letrame.com\/catalogo\/wp-json\/wp\/v2\/media\/107089"}],"wp:attachment":[{"href":"https:\/\/letrame.com\/catalogo\/wp-json\/wp\/v2\/media?parent=107086"}],"wp:term":[{"taxonomy":"libro","embeddable":true,"href":"https:\/\/letrame.com\/catalogo\/wp-json\/wp\/v2\/libro?post=107086"},{"taxonomy":"product_brand","embeddable":true,"href":"https:\/\/letrame.com\/catalogo\/wp-json\/wp\/v2\/product_brand?post=107086"},{"taxonomy":"product_cat","embeddable":true,"href":"https:\/\/letrame.com\/catalogo\/wp-json\/wp\/v2\/product_cat?post=107086"},{"taxonomy":"product_tag","embeddable":true,"href":"https:\/\/letrame.com\/catalogo\/wp-json\/wp\/v2\/product_tag?post=107086"}],"curies":[{"name":"wp","href":"https:\/\/api.w.org\/{rel}","templated":true}]}}