{"id":107077,"date":"2024-10-21T15:53:46","date_gmt":"2024-10-21T13:53:46","guid":{"rendered":"https:\/\/letrame.com\/catalogo\/?post_type=product&#038;p=107077"},"modified":"2025-01-15T09:14:00","modified_gmt":"2025-01-15T08:14:00","slug":"meteoman","status":"publish","type":"product","link":"https:\/\/letrame.com\/catalogo\/producto\/meteoman\/","title":{"rendered":"Meteoman"},"content":{"rendered":"<p class=\"p2\">ISBN: 9788410890664<\/p>\n<p class=\"p2\">T\u00edtulo: Meteoman<br \/>\nFecha: 2024<br \/>\nP\u00e1ginas: 304<\/p>\n<p class=\"p2\">SINOPSIS<\/p>\n<p>Todo ha cambiado, ya nada es como cre\u00edamos. Existe otra raza muy cercana a la nuestra con su propia cultura, su propia historia, su idioma y por supuesto, sus dioses. Durante miles de a\u00f1os, estuvimos en contacto con ellos, pero se ocultaron.<br \/>\nEllos han creado a un hombre, a un ser con habilidades sobrehumanas, para protegernos. Pero el mal que habita en su mundo, que busca gobernarlo bajo el estandarte de la oscuridad, tambi\u00e9n ha llegado al nuestro.<br \/>\nMientras busca cu\u00e1l es su lugar entre la humanidad, conocer\u00e1 a personas y a entidades tan poderosas como \u00e9l, precediendo a una \u00e9pica y legendaria batalla que se librar\u00e1 en ambos mundos.<\/p>\n","protected":false},"excerpt":{"rendered":"<p class=\"p2\">ISBN: 9788410890664<\/p>\n<p class=\"p2\">SINOPSIS<\/p>\n<p>Todo ha cambiado, ya nada es como cre\u00edamos. Existe otra raza muy cercana a la nuestra con su propia cultura, su propia historia, su idioma y por supuesto, sus dioses. Durante miles de a\u00f1os, estuvimos en contacto con ellos, pero se ocultaron.<br \/>\nEllos han creado a un hombre, a un ser con habilidades sobrehumanas, para protegernos. Pero el mal que habita en su mundo, que busca gobernarlo bajo el estandarte de la oscuridad, tambi\u00e9n ha llegado al nuestro.<br \/>\nMientras busca cu\u00e1l es su lugar entre la humanidad, conocer\u00e1 a personas y a entidades tan poderosas como \u00e9l, precediendo a una \u00e9pica y legendaria batalla que se librar\u00e1 en ambos mundos.<\/p>\n","protected":false},"featured_media":107079,"comment_status":"open","ping_status":"closed","template":"","meta":{"_acf_changed":false},"libro":[],"product_brand":[],"product_cat":[118,16],"product_tag":[],"class_list":{"0":"post-107077","1":"product","2":"type-product","3":"status-publish","4":"has-post-thumbnail","6":"product_cat-fantasia","7":"product_cat-novela","9":"first","10":"instock","11":"shipping-taxable","12":"product-type-simple"},"acf":{"autor":[102378],"enlace_de_compra":"https:\/\/amzn.to\/4eRt1bx"},"yoast_head":"<!-- This site is optimized with the Yoast SEO plugin v27.4 - https:\/\/yoast.com\/product\/yoast-seo-wordpress\/ -->\n<title>Meteoman - Catalogo | Letrame Grupo Editorial<\/title>\n<meta name=\"robots\" content=\"index, follow, max-snippet:-1, max-image-preview:large, max-video-preview:-1\" \/>\n<link rel=\"canonical\" href=\"https:\/\/letrame.com\/catalogo\/producto\/meteoman\/\" \/>\n<meta property=\"og:locale\" content=\"es_ES\" \/>\n<meta property=\"og:type\" content=\"article\" \/>\n<meta property=\"og:title\" content=\"Meteoman - Catalogo | Letrame Grupo Editorial\" \/>\n<meta property=\"og:description\" content=\"ISBN: 9788410890664 SINOPSIS Todo ha cambiado, ya nada es como cre\u00edamos. Existe otra raza muy cercana a la nuestra con su propia cultura, su propia historia, su idioma y por supuesto, sus dioses. Durante miles de a\u00f1os, estuvimos en contacto con ellos, pero se ocultaron. Ellos han creado a un hombre, a un ser con habilidades sobrehumanas, para protegernos. Pero el mal que habita en su mundo, que busca gobernarlo bajo el estandarte de la oscuridad, tambi\u00e9n ha llegado al nuestro. Mientras busca cu\u00e1l es su lugar entre la humanidad, conocer\u00e1 a personas y a entidades tan poderosas como \u00e9l, precediendo a una \u00e9pica y legendaria batalla que se librar\u00e1 en ambos mundos.\" \/>\n<meta property=\"og:url\" content=\"https:\/\/letrame.com\/catalogo\/producto\/meteoman\/\" \/>\n<meta property=\"og:site_name\" content=\"Catalogo | Letrame Grupo Editorial\" \/>\n<meta property=\"article:modified_time\" content=\"2025-01-15T08:14:00+00:00\" \/>\n<meta property=\"og:image\" content=\"https:\/\/letrame.com\/catalogo\/wp-content\/uploads\/2024\/10\/meteoman_1491mmv34-scaled.jpg\" \/>\n\t<meta property=\"og:image:width\" content=\"1746\" \/>\n\t<meta property=\"og:image:height\" content=\"2560\" \/>\n\t<meta property=\"og:image:type\" content=\"image\/jpeg\" \/>\n<meta name=\"twitter:card\" content=\"summary_large_image\" \/>\n<meta name=\"twitter:label1\" content=\"Tiempo de lectura\" \/>\n\t<meta name=\"twitter:data1\" content=\"1 minuto\" \/>\n<script type=\"application\/ld+json\" class=\"yoast-schema-graph\">{\"@context\":\"https:\\\/\\\/schema.org\",\"@graph\":[{\"@type\":\"WebPage\",\"@id\":\"https:\\\/\\\/letrame.com\\\/catalogo\\\/producto\\\/meteoman\\\/\",\"url\":\"https:\\\/\\\/letrame.com\\\/catalogo\\\/producto\\\/meteoman\\\/\",\"name\":\"Meteoman - Catalogo | Letrame Grupo Editorial\",\"isPartOf\":{\"@id\":\"https:\\\/\\\/letrame.com\\\/catalogo\\\/#website\"},\"primaryImageOfPage\":{\"@id\":\"https:\\\/\\\/letrame.com\\\/catalogo\\\/producto\\\/meteoman\\\/#primaryimage\"},\"image\":{\"@id\":\"https:\\\/\\\/letrame.com\\\/catalogo\\\/producto\\\/meteoman\\\/#primaryimage\"},\"thumbnailUrl\":\"https:\\\/\\\/letrame.com\\\/catalogo\\\/wp-content\\\/uploads\\\/2024\\\/10\\\/meteoman_1491mmv34-scaled.jpg\",\"datePublished\":\"2024-10-21T13:53:46+00:00\",\"dateModified\":\"2025-01-15T08:14:00+00:00\",\"breadcrumb\":{\"@id\":\"https:\\\/\\\/letrame.com\\\/catalogo\\\/producto\\\/meteoman\\\/#breadcrumb\"},\"inLanguage\":\"es\",\"potentialAction\":[{\"@type\":\"ReadAction\",\"target\":[\"https:\\\/\\\/letrame.com\\\/catalogo\\\/producto\\\/meteoman\\\/\"]}]},{\"@type\":\"ImageObject\",\"inLanguage\":\"es\",\"@id\":\"https:\\\/\\\/letrame.com\\\/catalogo\\\/producto\\\/meteoman\\\/#primaryimage\",\"url\":\"https:\\\/\\\/letrame.com\\\/catalogo\\\/wp-content\\\/uploads\\\/2024\\\/10\\\/meteoman_1491mmv34-scaled.jpg\",\"contentUrl\":\"https:\\\/\\\/letrame.com\\\/catalogo\\\/wp-content\\\/uploads\\\/2024\\\/10\\\/meteoman_1491mmv34-scaled.jpg\",\"width\":1746,\"height\":2560},{\"@type\":\"BreadcrumbList\",\"@id\":\"https:\\\/\\\/letrame.com\\\/catalogo\\\/producto\\\/meteoman\\\/#breadcrumb\",\"itemListElement\":[{\"@type\":\"ListItem\",\"position\":1,\"name\":\"Portada\",\"item\":\"https:\\\/\\\/letrame.com\\\/catalogo\\\/\"},{\"@type\":\"ListItem\",\"position\":2,\"name\":\"Cat\u00e1logo\",\"item\":\"https:\\\/\\\/letrame.com\\\/catalogo\\\/\"},{\"@type\":\"ListItem\",\"position\":3,\"name\":\"Meteoman\"}]},{\"@type\":\"WebSite\",\"@id\":\"https:\\\/\\\/letrame.com\\\/catalogo\\\/#website\",\"url\":\"https:\\\/\\\/letrame.com\\\/catalogo\\\/\",\"name\":\"Catalogo | Letrame Grupo Editorial\",\"description\":\"\",\"publisher\":{\"@id\":\"https:\\\/\\\/letrame.com\\\/catalogo\\\/#organization\"},\"potentialAction\":[{\"@type\":\"SearchAction\",\"target\":{\"@type\":\"EntryPoint\",\"urlTemplate\":\"https:\\\/\\\/letrame.com\\\/catalogo\\\/?s={search_term_string}\"},\"query-input\":{\"@type\":\"PropertyValueSpecification\",\"valueRequired\":true,\"valueName\":\"search_term_string\"}}],\"inLanguage\":\"es\"},{\"@type\":\"Organization\",\"@id\":\"https:\\\/\\\/letrame.com\\\/catalogo\\\/#organization\",\"name\":\"Catalogo | Letrame Grupo Editorial\",\"url\":\"https:\\\/\\\/letrame.com\\\/catalogo\\\/\",\"logo\":{\"@type\":\"ImageObject\",\"inLanguage\":\"es\",\"@id\":\"https:\\\/\\\/letrame.com\\\/catalogo\\\/#\\\/schema\\\/logo\\\/image\\\/\",\"url\":\"https:\\\/\\\/letrame.com\\\/catalogo\\\/wp-content\\\/uploads\\\/2024\\\/03\\\/logo2.webp\",\"contentUrl\":\"https:\\\/\\\/letrame.com\\\/catalogo\\\/wp-content\\\/uploads\\\/2024\\\/03\\\/logo2.webp\",\"width\":394,\"height\":128,\"caption\":\"Catalogo | Letrame Grupo Editorial\"},\"image\":{\"@id\":\"https:\\\/\\\/letrame.com\\\/catalogo\\\/#\\\/schema\\\/logo\\\/image\\\/\"}}]}<\/script>\n<!-- \/ Yoast SEO plugin. -->","yoast_head_json":{"title":"Meteoman - Catalogo | Letrame Grupo Editorial","robots":{"index":"index","follow":"follow","max-snippet":"max-snippet:-1","max-image-preview":"max-image-preview:large","max-video-preview":"max-video-preview:-1"},"canonical":"https:\/\/letrame.com\/catalogo\/producto\/meteoman\/","og_locale":"es_ES","og_type":"article","og_title":"Meteoman - Catalogo | Letrame Grupo Editorial","og_description":"ISBN: 9788410890664 SINOPSIS Todo ha cambiado, ya nada es como cre\u00edamos. Existe otra raza muy cercana a la nuestra con su propia cultura, su propia historia, su idioma y por supuesto, sus dioses. Durante miles de a\u00f1os, estuvimos en contacto con ellos, pero se ocultaron. Ellos han creado a un hombre, a un ser con habilidades sobrehumanas, para protegernos. Pero el mal que habita en su mundo, que busca gobernarlo bajo el estandarte de la oscuridad, tambi\u00e9n ha llegado al nuestro. Mientras busca cu\u00e1l es su lugar entre la humanidad, conocer\u00e1 a personas y a entidades tan poderosas como \u00e9l, precediendo a una \u00e9pica y legendaria batalla que se librar\u00e1 en ambos mundos.","og_url":"https:\/\/letrame.com\/catalogo\/producto\/meteoman\/","og_site_name":"Catalogo | Letrame Grupo Editorial","article_modified_time":"2025-01-15T08:14:00+00:00","og_image":[{"width":1746,"height":2560,"url":"https:\/\/letrame.com\/catalogo\/wp-content\/uploads\/2024\/10\/meteoman_1491mmv34-scaled.jpg","type":"image\/jpeg"}],"twitter_card":"summary_large_image","twitter_misc":{"Tiempo de lectura":"1 minuto"},"schema":{"@context":"https:\/\/schema.org","@graph":[{"@type":"WebPage","@id":"https:\/\/letrame.com\/catalogo\/producto\/meteoman\/","url":"https:\/\/letrame.com\/catalogo\/producto\/meteoman\/","name":"Meteoman - Catalogo | Letrame Grupo Editorial","isPartOf":{"@id":"https:\/\/letrame.com\/catalogo\/#website"},"primaryImageOfPage":{"@id":"https:\/\/letrame.com\/catalogo\/producto\/meteoman\/#primaryimage"},"image":{"@id":"https:\/\/letrame.com\/catalogo\/producto\/meteoman\/#primaryimage"},"thumbnailUrl":"https:\/\/letrame.com\/catalogo\/wp-content\/uploads\/2024\/10\/meteoman_1491mmv34-scaled.jpg","datePublished":"2024-10-21T13:53:46+00:00","dateModified":"2025-01-15T08:14:00+00:00","breadcrumb":{"@id":"https:\/\/letrame.com\/catalogo\/producto\/meteoman\/#breadcrumb"},"inLanguage":"es","potentialAction":[{"@type":"ReadAction","target":["https:\/\/letrame.com\/catalogo\/producto\/meteoman\/"]}]},{"@type":"ImageObject","inLanguage":"es","@id":"https:\/\/letrame.com\/catalogo\/producto\/meteoman\/#primaryimage","url":"https:\/\/letrame.com\/catalogo\/wp-content\/uploads\/2024\/10\/meteoman_1491mmv34-scaled.jpg","contentUrl":"https:\/\/letrame.com\/catalogo\/wp-content\/uploads\/2024\/10\/meteoman_1491mmv34-scaled.jpg","width":1746,"height":2560},{"@type":"BreadcrumbList","@id":"https:\/\/letrame.com\/catalogo\/producto\/meteoman\/#breadcrumb","itemListElement":[{"@type":"ListItem","position":1,"name":"Portada","item":"https:\/\/letrame.com\/catalogo\/"},{"@type":"ListItem","position":2,"name":"Cat\u00e1logo","item":"https:\/\/letrame.com\/catalogo\/"},{"@type":"ListItem","position":3,"name":"Meteoman"}]},{"@type":"WebSite","@id":"https:\/\/letrame.com\/catalogo\/#website","url":"https:\/\/letrame.com\/catalogo\/","name":"Catalogo | Letrame Grupo Editorial","description":"","publisher":{"@id":"https:\/\/letrame.com\/catalogo\/#organization"},"potentialAction":[{"@type":"SearchAction","target":{"@type":"EntryPoint","urlTemplate":"https:\/\/letrame.com\/catalogo\/?s={search_term_string}"},"query-input":{"@type":"PropertyValueSpecification","valueRequired":true,"valueName":"search_term_string"}}],"inLanguage":"es"},{"@type":"Organization","@id":"https:\/\/letrame.com\/catalogo\/#organization","name":"Catalogo | Letrame Grupo Editorial","url":"https:\/\/letrame.com\/catalogo\/","logo":{"@type":"ImageObject","inLanguage":"es","@id":"https:\/\/letrame.com\/catalogo\/#\/schema\/logo\/image\/","url":"https:\/\/letrame.com\/catalogo\/wp-content\/uploads\/2024\/03\/logo2.webp","contentUrl":"https:\/\/letrame.com\/catalogo\/wp-content\/uploads\/2024\/03\/logo2.webp","width":394,"height":128,"caption":"Catalogo | Letrame Grupo Editorial"},"image":{"@id":"https:\/\/letrame.com\/catalogo\/#\/schema\/logo\/image\/"}}]}},"_links":{"self":[{"href":"https:\/\/letrame.com\/catalogo\/wp-json\/wp\/v2\/product\/107077","targetHints":{"allow":["GET"]}}],"collection":[{"href":"https:\/\/letrame.com\/catalogo\/wp-json\/wp\/v2\/product"}],"about":[{"href":"https:\/\/letrame.com\/catalogo\/wp-json\/wp\/v2\/types\/product"}],"replies":[{"embeddable":true,"href":"https:\/\/letrame.com\/catalogo\/wp-json\/wp\/v2\/comments?post=107077"}],"acf:post":[{"embeddable":true,"href":"https:\/\/letrame.com\/catalogo\/wp-json\/wp\/v2\/author_book\/102378"}],"wp:featuredmedia":[{"embeddable":true,"href":"https:\/\/letrame.com\/catalogo\/wp-json\/wp\/v2\/media\/107079"}],"wp:attachment":[{"href":"https:\/\/letrame.com\/catalogo\/wp-json\/wp\/v2\/media?parent=107077"}],"wp:term":[{"taxonomy":"libro","embeddable":true,"href":"https:\/\/letrame.com\/catalogo\/wp-json\/wp\/v2\/libro?post=107077"},{"taxonomy":"product_brand","embeddable":true,"href":"https:\/\/letrame.com\/catalogo\/wp-json\/wp\/v2\/product_brand?post=107077"},{"taxonomy":"product_cat","embeddable":true,"href":"https:\/\/letrame.com\/catalogo\/wp-json\/wp\/v2\/product_cat?post=107077"},{"taxonomy":"product_tag","embeddable":true,"href":"https:\/\/letrame.com\/catalogo\/wp-json\/wp\/v2\/product_tag?post=107077"}],"curies":[{"name":"wp","href":"https:\/\/api.w.org\/{rel}","templated":true}]}}